{"id":145675,"date":"2023-05-16T09:04:57","date_gmt":"2023-05-16T06:04:57","guid":{"rendered":"https:\/\/medclinics.com\/dis-eti-cekilmesi\/"},"modified":"2025-01-02T15:56:30","modified_gmt":"2025-01-02T12:56:30","slug":"dis-eti-cekilmesi","status":"publish","type":"page","link":"https:\/\/medclinics.com\/tr\/dis-eti-cekilmesi\/","title":{"rendered":"Di\u015f Eti \u00c7ekilmesi"},"content":{"rendered":"\n<h2 class=\"wp-block-heading\">Di\u015f Eti \u00c7ekilmeniz i\u00e7in en iyi \u00e7\u00f6z\u00fcme sahibiz.<\/h2>\n\n<p><a href=\"https:\/\/en.wikipedia.org\/wiki\/Gingival_recession\" target=\"_blank\" rel=\"noreferrer noopener\">Di\u015f eti \u00e7ekilmesi<\/a>, di\u015f eti dokusunun di\u015f k\u00f6k\u00fcne do\u011fru \u00e7ekildi\u011fi bir durumdur. Bu, di\u015f eti hastal\u0131\u011f\u0131 gibi \u00e7e\u015fitli nedenlerden kaynaklanabilir.<\/p>\n\n<p>Di\u015f eti \u00e7ekilmesinin en yayg\u0131n nedeni di\u015f eti hastal\u0131\u011f\u0131d\u0131r. Di\u015f eti hastal\u0131klar\u0131, di\u015f etlerinin iltihaplanmas\u0131na ve \u00e7ekilmesine neden olan bakterilerin neden oldu\u011fu enfeksiyonlard\u0131r. Di\u015f eti \u00e7ekilmesine neden olan di\u011fer fakt\u00f6rler aras\u0131nda di\u015f f\u0131r\u00e7alama tekni\u011fi, di\u015f teli tedavisi, hormonal de\u011fi\u015fiklikler, di\u015f s\u0131kma ve stres say\u0131labilir.<\/p>\n\n<p>Di\u015f eti \u00e7ekilmesinin belirtileri aras\u0131nda daha uzun g\u00f6r\u00fcnen di\u015fler, di\u015f hassasiyeti, di\u015f eti kanamas\u0131, di\u015f eti \u00e7ekilmesi ve di\u015f etlerinde renk de\u011fi\u015fikli\u011fi say\u0131labilir. Tedavi edilmezse di\u015f eti \u00e7ekilmesi di\u015f kayb\u0131na, di\u015f hassasiyetine ve di\u015f eti hastal\u0131\u011f\u0131na yol a\u00e7abilir.<\/p>\n\n<p>Di\u015f eti \u00e7ekilmesini \u00f6nlemek i\u00e7in d\u00fczenli di\u015f f\u0131r\u00e7alama ve di\u015f ipi kullan\u0131m\u0131, sa\u011fl\u0131kl\u0131 beslenme ve d\u00fczenli di\u015f hekimi kontrolleri gibi \u00f6nlemler al\u0131nmal\u0131d\u0131r. Di\u015f eti \u00e7ekilmesinin tedavisi di\u015f hekimi taraf\u0131ndan belirlenen nedenlere g\u00f6re de\u011fi\u015febilir ve di\u015f eti sa\u011fl\u0131\u011f\u0131 tedavileri, di\u015f eti nakilleri veya di\u015f eti cerrahisi gibi y\u00f6ntemler uygulanabilir.<\/p>\n\n<h3 class=\"wp-block-heading\">Fiyat, bak\u0131m sonras\u0131 ve iyile\u015fme s\u00fcreci de dahil olmak \u00fczere <a href=\"https:\/\/medclinics.com\/dental-treatment\/\" target=\"_blank\" rel=\"noreferrer noopener\">di\u015f tedavileri<\/a> hakk\u0131nda bilmeniz gereken her \u015fey veya <a href=\"#requestform\">bizimle ileti\u015fime<\/a> ge\u00e7in!<\/h3>\n\n<figure class=\"wp-block-image size-large\"><img fetchpriority=\"high\" decoding=\"async\" width=\"6720\" height=\"4480\" class=\"wp-image-85416\" src=\"https:\/\/medclinics.com\/wp-content\/uploads\/2023\/05\/gum-recession.png\" alt=\"Di&#x15F; Eti &#xC7;ekilmesi\" srcset=\"https:\/\/medclinics.com\/wp-content\/uploads\/2023\/05\/gum-recession.png 6720w, https:\/\/medclinics.com\/wp-content\/uploads\/2023\/05\/gum-recession-500x333.png 500w, https:\/\/medclinics.com\/wp-content\/uploads\/2023\/05\/gum-recession-1024x683.png 1024w, https:\/\/medclinics.com\/wp-content\/uploads\/2023\/05\/gum-recession-768x512.png 768w, https:\/\/medclinics.com\/wp-content\/uploads\/2023\/05\/gum-recession-1536x1024.png 1536w, https:\/\/medclinics.com\/wp-content\/uploads\/2023\/05\/gum-recession-2048x1365.png 2048w, https:\/\/medclinics.com\/wp-content\/uploads\/2023\/05\/gum-recession-24x16.png 24w, https:\/\/medclinics.com\/wp-content\/uploads\/2023\/05\/gum-recession-36x24.png 36w, https:\/\/medclinics.com\/wp-content\/uploads\/2023\/05\/gum-recession-48x32.png 48w\" sizes=\"(max-width: 6720px) 100vw, 6720px\" \/><\/figure>\n\n<h2 class=\"wp-block-heading\">SSS<\/h2>\n<div id=\"rank-math-faq\" class=\"rank-math-block\">\n<div class=\"rank-math-list \">\n<div id=\"faq-question-1682603361561\" class=\"rank-math-list-item\">\n<h3 class=\"rank-math-question \">Di\u015f eti \u00e7ekilmesi tekrar b\u00fcy\u00fcr m\u00fc?<\/h3>\n<div class=\"rank-math-answer \">\n\n<p>Di\u015f eti \u00e7ekilmesi kendi kendine tekrar b\u00fcy\u00fcyemez. Bununla birlikte, di\u015f eti grefti veya di\u015f ta\u015f\u0131 temizli\u011fi ve k\u00f6k planyalama gibi baz\u0131 tedaviler di\u015f eti dokusunu onarmaya ve daha fazla \u00e7ekilmeyi \u00f6nlemeye yard\u0131mc\u0131 olabilir.<\/p>\n\n<\/div>\n<\/div>\n<div id=\"faq-question-1684227051023\" class=\"rank-math-list-item\">\n<h3 class=\"rank-math-question \">Di\u015f eti hastal\u0131\u011f\u0131 nas\u0131l tedavi edilir?<\/h3>\n<div class=\"rank-math-answer \">\n\n<p>Di\u015f eti hastal\u0131\u011f\u0131 tipik olarak profesyonel di\u015f prosed\u00fcrleri ve tutarl\u0131 a\u011f\u0131z hijyeni uygulamalar\u0131n\u0131n bir kombinasyonu ile tedavi edilir. \u0130lk ad\u0131m genellikle di\u015f ve k\u00f6klerdeki plak ve tartar birikimini ortadan kald\u0131ran derinlemesine bir temizlik prosed\u00fcr\u00fc olan di\u015f ta\u015f\u0131 temizli\u011fi ve k\u00f6k planyas\u0131n\u0131 i\u00e7erir. Enfeksiyonu kontrol etmek ve iltihab\u0131 azaltmak i\u00e7in antibiyotikler, antimikrobiyal a\u011f\u0131z gargaralar\u0131 veya jeller gibi ila\u00e7lar re\u00e7ete edilebilir. Daha ileri vakalarda, di\u015f eti dokusunu onarmak ve yenilemek i\u00e7in flep cerrahisi veya di\u015f eti grefti gibi di\u015f eti cerrahisi gerekebilir. D\u00fczenli di\u015f muayeneleri, profesyonel temizlik ve di\u015f f\u0131r\u00e7alama ve di\u015f ipi kullanma gibi \u00f6zenli a\u011f\u0131z hijyeni al\u0131\u015fkanl\u0131klar\u0131 da dahil olmak \u00fczere s\u00fcrekli bak\u0131m \u00e7ok \u00f6nemlidir. Di\u015f eti hastal\u0131\u011f\u0131n\u0131n ciddiyetine ve bireysel ko\u015fullara g\u00f6re do\u011fru bir te\u015fhis ve ki\u015fiselle\u015ftirilmi\u015f tedavi plan\u0131 i\u00e7in bir di\u015f hekimine dan\u0131\u015fmak \u00f6nemlidir.<\/p>\n\n<\/div>\n<\/div>\n<div id=\"faq-question-1684227248520\" class=\"rank-math-list-item\">\n<h3 class=\"rank-math-question \">Di\u015f eti \u00e7ekilmesi geri d\u00f6nd\u00fcr\u00fclebilir mi?<\/h3>\n<div class=\"rank-math-answer \">\n\n<p>Di\u015f eti \u00e7ekilmesi kendi kendine geri d\u00f6nd\u00fcr\u00fclemez. Bununla birlikte, erken evre di\u015f eti \u00e7ekilmesi bazen a\u011f\u0131z hijyeni al\u0131\u015fkanl\u0131klar\u0131n\u0131n iyile\u015ftirilmesi ve di\u015f eti hastal\u0131\u011f\u0131n\u0131n tedavi edilmesi gibi altta yatan nedenlerin ele al\u0131nmas\u0131yla durdurulabilir veya yava\u015flat\u0131labilir. Baz\u0131 durumlarda, di\u015f eti dokusunu eski haline getirmek ve a\u00e7\u0131kta kalan di\u015f k\u00f6klerini kapatmak i\u00e7in di\u015f eti grefti gibi belirli prosed\u00fcrler uygulanabilir. \u00d6zel durumunuzun do\u011fru bir \u015fekilde de\u011ferlendirilmesi ve uygun tedavi se\u00e7eneklerinin g\u00f6r\u00fc\u015f\u00fclmesi i\u00e7in bir di\u015f hekimine dan\u0131\u015fman\u0131z \u00f6nemlidir.<\/p>\n\n<\/div>\n<\/div>\n<div id=\"faq-question-1684227472842\" class=\"rank-math-list-item\">\n<h3 class=\"rank-math-question \">Di\u015f eti hastal\u0131\u011f\u0131 nas\u0131l tedavi edilir?<\/h3>\n<div class=\"rank-math-answer \">\n\n<p>Di\u015f eti hastal\u0131\u011f\u0131 tipik olarak profesyonel di\u015f prosed\u00fcrleri ve tutarl\u0131 a\u011f\u0131z hijyeni uygulamalar\u0131n\u0131n bir kombinasyonu ile tedavi edilir. Di\u015f eti hastal\u0131\u011f\u0131n\u0131n birincil tedavisi, di\u015f eti \u00e7izgisinin \u00fcst\u00fcnden ve alt\u0131ndan plak ve tartar\u0131 \u00e7\u0131karmak i\u00e7in kapsaml\u0131 bir temizlik i\u00e7eren di\u015f ta\u015f\u0131 temizli\u011fi ve k\u00f6k planyas\u0131d\u0131r. Baz\u0131 durumlarda, enfeksiyonu kontrol etmek ve iltihab\u0131 azaltmak i\u00e7in antibiyotik gibi ila\u00e7lar re\u00e7ete edilebilir. Daha ileri vakalarda hasarl\u0131 di\u015f eti dokusunu onarmak veya a\u00e7\u0131kta kalan di\u015f k\u00f6klerini kapatmak i\u00e7in flep cerrahisi veya di\u015f eti grefti gibi cerrahi prosed\u00fcrler gerekebilir. S\u00fcrekli bak\u0131m hayati \u00f6nem ta\u015f\u0131r ve d\u00fczenli di\u015f kontrollerini, profesyonel temizlikleri ve f\u0131r\u00e7alama ve di\u015f ipi kullanma gibi \u00f6zenli a\u011f\u0131z hijyeni al\u0131\u015fkanl\u0131klar\u0131n\u0131 i\u00e7erir. Di\u015f eti hastal\u0131\u011f\u0131n\u0131n ciddiyetine ve bireysel ihtiya\u00e7lara g\u00f6re do\u011fru bir te\u015fhis ve ki\u015fiselle\u015ftirilmi\u015f tedavi plan\u0131 i\u00e7in bir di\u015f hekimine dan\u0131\u015fmak \u00e7ok \u00f6nemlidir.<\/p>\n\n<\/div>\n<\/div>\n<\/div>\n<\/div>\n<p>\u00a0<\/p>\n\n<h3 class=\"wp-block-heading\">Herhangi bir sorunuz olmas\u0131 durumunda hemen bizimle ileti\u015fime ge\u00e7in!<\/h3>\n","protected":false},"excerpt":{"rendered":"<p>Di\u015f Eti \u00c7ekilmeniz i\u00e7in en iyi \u00e7\u00f6z\u00fcme sahibiz. Di\u015f eti \u00e7ekilmesi, di\u015f eti dokusunun di\u015f k\u00f6k\u00fcne do\u011fru \u00e7ekildi\u011fi bir durumdur. [&hellip;]<\/p>\n","protected":false},"author":4,"featured_media":85409,"parent":0,"menu_order":0,"comment_status":"closed","ping_status":"closed","template":"","meta":{"site-sidebar-layout":"default","site-content-layout":"","ast-site-content-layout":"default","site-content-style":"default","site-sidebar-style":"default","ast-global-header-display":"","ast-banner-title-visibility":"","ast-main-header-display":"","ast-hfb-above-header-display":"","ast-hfb-below-header-display":"","ast-hfb-mobile-header-display":"","site-post-title":"","ast-breadcrumbs-content":"","ast-featured-img":"","footer-sml-layout":"","ast-disable-related-posts":"","theme-transparent-header-meta":"","adv-header-id-meta":"","stick-header-meta":"","header-above-stick-meta":"","header-main-stick-meta":"","header-below-stick-meta":"","astra-migrate-meta-layouts":"default","ast-page-background-enabled":"default","ast-page-background-meta":{"desktop":{"background-color":"var(--ast-global-color-4)","background-image":"","background-repeat":"repeat","background-position":"center center","background-size":"auto","background-attachment":"scroll","background-type":"","background-media":"","overlay-type":"","overlay-color":"","overlay-opacity":"","overlay-gradient":""},"tablet":{"background-color":"","background-image":"","background-repeat":"repeat","background-position":"center center","background-size":"auto","background-attachment":"scroll","background-type":"","background-media":"","overlay-type":"","overlay-color":"","overlay-opacity":"","overlay-gradient":""},"mobile":{"background-color":"","background-image":"","background-repeat":"repeat","background-position":"center center","background-size":"auto","background-attachment":"scroll","background-type":"","background-media":"","overlay-type":"","overlay-color":"","overlay-opacity":"","overlay-gradient":""}},"ast-content-background-meta":{"desktop":{"background-color":"var(--ast-global-color-5)","background-image":"","background-repeat":"repeat","background-position":"center center","background-size":"auto","background-attachment":"scroll","background-type":"","background-media":"","overlay-type":"","overlay-color":"","overlay-opacity":"","overlay-gradient":""},"tablet":{"background-color":"var(--ast-global-color-5)","background-image":"","background-repeat":"repeat","background-position":"center center","background-size":"auto","background-attachment":"scroll","background-type":"","background-media":"","overlay-type":"","overlay-color":"","overlay-opacity":"","overlay-gradient":""},"mobile":{"background-color":"var(--ast-global-color-5)","background-image":"","background-repeat":"repeat","background-position":"center center","background-size":"auto","background-attachment":"scroll","background-type":"","background-media":"","overlay-type":"","overlay-color":"","overlay-opacity":"","overlay-gradient":""}},"footnotes":""},"class_list":["post-145675","page","type-page","status-publish","has-post-thumbnail","hentry"],"_links":{"self":[{"href":"https:\/\/medclinics.com\/tr\/wp-json\/wp\/v2\/pages\/145675","targetHints":{"allow":["GET"]}}],"collection":[{"href":"https:\/\/medclinics.com\/tr\/wp-json\/wp\/v2\/pages"}],"about":[{"href":"https:\/\/medclinics.com\/tr\/wp-json\/wp\/v2\/types\/page"}],"author":[{"embeddable":true,"href":"https:\/\/medclinics.com\/tr\/wp-json\/wp\/v2\/users\/4"}],"replies":[{"embeddable":true,"href":"https:\/\/medclinics.com\/tr\/wp-json\/wp\/v2\/comments?post=145675"}],"version-history":[{"count":0,"href":"https:\/\/medclinics.com\/tr\/wp-json\/wp\/v2\/pages\/145675\/revisions"}],"wp:featuredmedia":[{"embeddable":true,"href":"https:\/\/medclinics.com\/tr\/wp-json\/wp\/v2\/media\/85409"}],"wp:attachment":[{"href":"https:\/\/medclinics.com\/tr\/wp-json\/wp\/v2\/media?parent=145675"}],"curies":[{"name":"wp","href":"https:\/\/api.w.org\/{rel}","templated":true}]}}