{"id":145663,"date":"2023-05-19T08:13:24","date_gmt":"2023-05-19T05:13:24","guid":{"rendered":"https:\/\/medclinics.com\/jinekomasti\/"},"modified":"2025-01-02T15:56:36","modified_gmt":"2025-01-02T12:56:36","slug":"jinekomasti","status":"publish","type":"page","link":"https:\/\/medclinics.com\/tr\/jinekomasti\/","title":{"rendered":"Jinekomasti Ameliyat\u0131"},"content":{"rendered":"\n<h2 class=\"wp-block-heading\">Jinekomasti hormonal dengesizliklere ba\u011fl\u0131 olarak ortaya \u00e7\u0131kabilir.<\/h2>\n\n<p>Meme b\u00f6lgesinde lokalize veya genel \u015fi\u015fli\u011fe neden olabilir. G\u00f6\u011f\u00fcs g\u00f6r\u00fcn\u00fcm\u00fc verebilir.<\/p>\n\n<p>Jinekomasti, artm\u0131\u015f \u00f6strojen veya azalm\u0131\u015f testosteron gibi hormonal dengesizlikler nedeniyle ortaya \u00e7\u0131kabilir. Ayr\u0131ca <a href=\"https:\/\/obesity.gen.tr\/\" target=\"_blank\" rel=\"noreferrer noopener nofollow\">obezite<\/a>, baz\u0131 ila\u00e7lar veya altta yatan t\u0131bbi durumlar gibi di\u011fer fakt\u00f6rler de buna neden olur. Jinekomasti genellikle ciddi bir sa\u011fl\u0131k sorunu olmamas\u0131na ra\u011fmen, psikolojik s\u0131k\u0131nt\u0131lara ve duygusal sorunlara neden olabilir.<\/p>\n\n<p>Jinekomasti i\u00e7in tedavi se\u00e7enekleri aras\u0131nda ya\u015fam tarz\u0131 de\u011fi\u015fiklikleri, ila\u00e7 ayarlamalar\u0131 yer al\u0131r. Bazen fazla meme dokusunu \u00e7\u0131karmak i\u00e7in ameliyat yap\u0131labilir.<\/p>\n\n<p>Sa\u011fl\u0131k uzmanlar\u0131na dan\u0131\u015fmal\u0131s\u0131n\u0131z. Altta yatan nedenin belirlenmesine yard\u0131mc\u0131 olabilir ve bireysel ko\u015fullara g\u00f6re uygun y\u00f6netim se\u00e7enekleri sunabilirler.<\/p>\n\n<h3 class=\"wp-block-heading\"><a href=\"https:\/\/medclinics.com\/tr\/plastik-ve-estetik-cerrahi\/\" target=\"_blank\" rel=\"noreferrer noopener\">Estetik ameliyatlar<\/a> hakk\u0131nda fiyat, ameliyat sonras\u0131 bak\u0131m ve iyile\u015fme s\u00fcreci de dahil olmak \u00fczere bilmeniz gereken her \u015fey veya <a href=\"#requestform\">bize ula\u015f\u0131n<\/a>!<\/h3>\n\n<figure class=\"wp-block-image size-large\"><img fetchpriority=\"high\" decoding=\"async\" width=\"3632\" height=\"2895\" src=\"https:\/\/medclinics.com\/wp-content\/uploads\/2023\/05\/gynaecomastia.png\" alt=\"Jinekomasti\" class=\"wp-image-85374\" srcset=\"https:\/\/medclinics.com\/wp-content\/uploads\/2023\/05\/gynaecomastia.png 3632w, https:\/\/medclinics.com\/wp-content\/uploads\/2023\/05\/gynaecomastia-500x399.png 500w, https:\/\/medclinics.com\/wp-content\/uploads\/2023\/05\/gynaecomastia-1024x816.png 1024w, https:\/\/medclinics.com\/wp-content\/uploads\/2023\/05\/gynaecomastia-768x612.png 768w, https:\/\/medclinics.com\/wp-content\/uploads\/2023\/05\/gynaecomastia-1536x1224.png 1536w, https:\/\/medclinics.com\/wp-content\/uploads\/2023\/05\/gynaecomastia-2048x1632.png 2048w, https:\/\/medclinics.com\/wp-content\/uploads\/2023\/05\/gynaecomastia-24x19.png 24w, https:\/\/medclinics.com\/wp-content\/uploads\/2023\/05\/gynaecomastia-36x29.png 36w, https:\/\/medclinics.com\/wp-content\/uploads\/2023\/05\/gynaecomastia-48x38.png 48w\" sizes=\"(max-width: 3632px) 100vw, 3632px\" \/><\/figure>\n\n<h2 class=\"wp-block-heading\">SSS<\/h2>\n<div id=\"rank-math-faq\" class=\"rank-math-block\">\n<div class=\"rank-math-list \">\n<div id=\"faq-question-1682666956133\" class=\"rank-math-list-item\">\n<h3 class=\"rank-math-question \">Jinekomasti ge\u00e7ecek mi?<\/h3>\n<div class=\"rank-math-answer \">\n\n<p>Baz\u0131 durumlarda, \u00f6zellikle ergenlik d\u00f6nemindeki hormonal de\u011fi\u015fikliklerden kaynaklan\u0131yorsa, jinekomasti tedavi olmaks\u0131z\u0131n kendili\u011finden d\u00fczelebilir. Bununla birlikte, bir\u00e7ok birey i\u00e7in jinekomasti do\u011fal olarak ge\u00e7mez ve zaman i\u00e7inde devam edebilir. Spontan rezol\u00fcsyon olas\u0131l\u0131\u011f\u0131n\u0131n altta yatan nedene ve bireysel fakt\u00f6rlere ba\u011fl\u0131 olarak de\u011fi\u015febilece\u011fini unutmamak \u00f6nemlidir. Jinekomasti devam ederse ve \u00f6nemli rahats\u0131zl\u0131k veya psikolojik s\u0131k\u0131nt\u0131ya neden olursa, ya\u015fam tarz\u0131 de\u011fi\u015fiklikleri, ila\u00e7 ayarlamalar\u0131 veya cerrahi m\u00fcdahale gibi tedavi se\u00e7enekleri d\u00fc\u015f\u00fcn\u00fclebilir. Jinekomastinin \u00f6zel ko\u015fullar\u0131na ve ciddiyetine g\u00f6re uygun hareket tarz\u0131n\u0131 belirlemek i\u00e7in bir sa\u011fl\u0131k uzman\u0131na dan\u0131\u015f\u0131lmas\u0131 \u00f6nerilir.<\/p>\n\n<\/div>\n<\/div>\n<div id=\"faq-question-1684224499701\" class=\"rank-math-list-item\">\n<h3 class=\"rank-math-question \">Jinekomasti a\u011fr\u0131l\u0131 m\u0131d\u0131r?<\/h3>\n<div class=\"rank-math-answer \">\n\n<p>\u00c7o\u011fu vakada jinekomastinin kendisi tipik olarak a\u011fr\u0131l\u0131 de\u011fildir. Bununla birlikte, baz\u0131 ki\u015filer meme dokusunda hassasiyet veya duyarl\u0131l\u0131k ya\u015fayabilir. Bu hassasiyet, \u00f6zellikle iltihaplanma veya \u015fi\u015fme varsa, hafif rahats\u0131zl\u0131ktan daha belirgin a\u011fr\u0131ya kadar de\u011fi\u015febilir. Ayr\u0131ca, altta yatan t\u0131bbi bir durum veya yaralanmadan kaynaklan\u0131yorsa, ili\u015fkili a\u011fr\u0131 veya rahats\u0131zl\u0131k olabilir. Belirli semptomlar\u0131 de\u011ferlendirmek ve altta yatan nedeni belirlemek i\u00e7in bir sa\u011fl\u0131k uzman\u0131na dan\u0131\u015fmak, uygun y\u00f6netimi sa\u011flamak ve ili\u015fkili herhangi bir a\u011fr\u0131 veya rahats\u0131zl\u0131ktan kurtulmak i\u00e7in \u00f6nemlidir.<\/p>\n\n<\/div>\n<\/div>\n<div id=\"faq-question-1684224537752\" class=\"rank-math-list-item\">\n<h3 class=\"rank-math-question \">Jinekomasti nedir?<\/h3>\n<div class=\"rank-math-answer \">\n\n<p>Jinekomasti, erkeklerde meme dokusunun b\u00fcy\u00fcmesidir ve memelerin \u015fi\u015fmesine veya g\u00f6r\u00fcnmesine neden olur. Hormonal dengesizlikler, baz\u0131 ila\u00e7lar, obezite veya altta yatan t\u0131bbi durumlardan kaynaklanabilir. Tedavi se\u00e7enekleri aras\u0131nda, hastal\u0131\u011f\u0131n ciddiyetine ve altta yatan nedene ba\u011fl\u0131 olarak ya\u015fam tarz\u0131 de\u011fi\u015fiklikleri, ila\u00e7 ayarlamalar\u0131 veya cerrahi m\u00fcdahale yer al\u0131r.<\/p>\n\n<\/div>\n<\/div>\n<div id=\"faq-question-1684224594723\" class=\"rank-math-list-item\">\n<h3 class=\"rank-math-question \">Jinekomasti ameliyat\u0131 nedir?<\/h3>\n<div class=\"rank-math-answer \">\n\n<p>Erkek meme k\u00fc\u00e7\u00fcltme ameliyat\u0131 olarak da bilinen jinekomasti ameliyat\u0131, erkeklerde b\u00fcy\u00fcm\u00fc\u015f meme dokusunun boyutunu k\u00fc\u00e7\u00fcltmek i\u00e7in yap\u0131lan cerrahi bir i\u015flemdir. Ameliyat, fazla meme dokusunu \u00e7\u0131karmay\u0131 ve daha erkeksi bir g\u00f6\u011f\u00fcs konturu olu\u015fturmay\u0131 ama\u00e7lamaktad\u0131r. Kullan\u0131lan spesifik cerrahi teknik, bireyin durumuna ve cerrah\u0131n yakla\u015f\u0131m\u0131na ba\u011fl\u0131 olarak de\u011fi\u015febilir. Fazla ya\u011f ve gland\u00fcler dokuyu \u00e7\u0131karmak i\u00e7in liposuction, fazla meme dokusunu \u00e7\u0131karmak i\u00e7in eksizyon veya her ikisinin bir kombinasyonunu i\u00e7erebilir. Bu ameliyat tipik olarak genel anestezi veya sedasyonlu lokal anestezi alt\u0131nda ger\u00e7ekle\u015ftirilir. \u0130yile\u015fme s\u00fcresi de\u011fi\u015febilir, ancak \u00e7o\u011fu birey birka\u00e7 hafta i\u00e7inde normal faaliyetlerine devam edebilir. Ameliyat i\u00e7in uygunlu\u011fu de\u011ferlendirmek ve bireysel ko\u015fullara g\u00f6re en uygun yakla\u015f\u0131m\u0131 belirlemek i\u00e7in nitelikli bir plastik cerraha dan\u0131\u015f\u0131lmas\u0131 \u00f6nerilir.<\/p>\n\n<\/div>\n<\/div>\n<\/div>\n<\/div>\n<p>\u00a0<\/p>\n\n<h3 class=\"wp-block-heading\">Herhangi bir sorunuz olmas\u0131 durumunda hemen bizimle ileti\u015fime ge\u00e7in!<\/h3>\n","protected":false},"excerpt":{"rendered":"<p>Jinekomasti hormonal dengesizliklere ba\u011fl\u0131 olarak ortaya \u00e7\u0131kabilir. Meme b\u00f6lgesinde lokalize veya genel \u015fi\u015fli\u011fe neden olabilir. G\u00f6\u011f\u00fcs g\u00f6r\u00fcn\u00fcm\u00fc verebilir. Jinekomasti, artm\u0131\u015f [&hellip;]<\/p>\n","protected":false},"author":4,"featured_media":85381,"parent":0,"menu_order":0,"comment_status":"closed","ping_status":"closed","template":"","meta":{"site-sidebar-layout":"default","site-content-layout":"","ast-site-content-layout":"default","site-content-style":"default","site-sidebar-style":"default","ast-global-header-display":"","ast-banner-title-visibility":"","ast-main-header-display":"","ast-hfb-above-header-display":"","ast-hfb-below-header-display":"","ast-hfb-mobile-header-display":"","site-post-title":"","ast-breadcrumbs-content":"","ast-featured-img":"","footer-sml-layout":"","ast-disable-related-posts":"","theme-transparent-header-meta":"","adv-header-id-meta":"","stick-header-meta":"","header-above-stick-meta":"","header-main-stick-meta":"","header-below-stick-meta":"","astra-migrate-meta-layouts":"default","ast-page-background-enabled":"default","ast-page-background-meta":{"desktop":{"background-color":"var(--ast-global-color-4)","background-image":"","background-repeat":"repeat","background-position":"center center","background-size":"auto","background-attachment":"scroll","background-type":"","background-media":"","overlay-type":"","overlay-color":"","overlay-opacity":"","overlay-gradient":""},"tablet":{"background-color":"","background-image":"","background-repeat":"repeat","background-position":"center center","background-size":"auto","background-attachment":"scroll","background-type":"","background-media":"","overlay-type":"","overlay-color":"","overlay-opacity":"","overlay-gradient":""},"mobile":{"background-color":"","background-image":"","background-repeat":"repeat","background-position":"center center","background-size":"auto","background-attachment":"scroll","background-type":"","background-media":"","overlay-type":"","overlay-color":"","overlay-opacity":"","overlay-gradient":""}},"ast-content-background-meta":{"desktop":{"background-color":"var(--ast-global-color-5)","background-image":"","background-repeat":"repeat","background-position":"center center","background-size":"auto","background-attachment":"scroll","background-type":"","background-media":"","overlay-type":"","overlay-color":"","overlay-opacity":"","overlay-gradient":""},"tablet":{"background-color":"var(--ast-global-color-5)","background-image":"","background-repeat":"repeat","background-position":"center center","background-size":"auto","background-attachment":"scroll","background-type":"","background-media":"","overlay-type":"","overlay-color":"","overlay-opacity":"","overlay-gradient":""},"mobile":{"background-color":"var(--ast-global-color-5)","background-image":"","background-repeat":"repeat","background-position":"center center","background-size":"auto","background-attachment":"scroll","background-type":"","background-media":"","overlay-type":"","overlay-color":"","overlay-opacity":"","overlay-gradient":""}},"footnotes":""},"class_list":["post-145663","page","type-page","status-publish","has-post-thumbnail","hentry"],"_links":{"self":[{"href":"https:\/\/medclinics.com\/tr\/wp-json\/wp\/v2\/pages\/145663","targetHints":{"allow":["GET"]}}],"collection":[{"href":"https:\/\/medclinics.com\/tr\/wp-json\/wp\/v2\/pages"}],"about":[{"href":"https:\/\/medclinics.com\/tr\/wp-json\/wp\/v2\/types\/page"}],"author":[{"embeddable":true,"href":"https:\/\/medclinics.com\/tr\/wp-json\/wp\/v2\/users\/4"}],"replies":[{"embeddable":true,"href":"https:\/\/medclinics.com\/tr\/wp-json\/wp\/v2\/comments?post=145663"}],"version-history":[{"count":0,"href":"https:\/\/medclinics.com\/tr\/wp-json\/wp\/v2\/pages\/145663\/revisions"}],"wp:featuredmedia":[{"embeddable":true,"href":"https:\/\/medclinics.com\/tr\/wp-json\/wp\/v2\/media\/85381"}],"wp:attachment":[{"href":"https:\/\/medclinics.com\/tr\/wp-json\/wp\/v2\/media?parent=145663"}],"curies":[{"name":"wp","href":"https:\/\/api.w.org\/{rel}","templated":true}]}}