{"id":145651,"date":"2023-05-08T07:56:32","date_gmt":"2023-05-08T04:56:32","guid":{"rendered":"https:\/\/medclinics.com\/hiperhidroz-asiri-terleme\/"},"modified":"2025-01-02T15:59:22","modified_gmt":"2025-01-02T12:59:22","slug":"hiperhidroz-asiri-terleme","status":"publish","type":"page","link":"https:\/\/medclinics.com\/tr\/hiperhidroz-asiri-terleme\/","title":{"rendered":"Hiperhidroz (A\u015f\u0131r\u0131 Terleme)"},"content":{"rendered":"\n<h2 class=\"wp-block-heading\">Terlemenizin \u00fcstesinden gelmenin ve t\u00fcm g\u00fcn rahat etmenin bir yolunu ar\u0131yorsan\u0131z, Hiperhidroz(a\u015f\u0131r\u0131 terleme) tedavisi m\u00fckemmel bir \u00e7\u00f6z\u00fcm olabilir.<\/h2>\n\n<p>Hiperhidroz (a\u015f\u0131r\u0131 terleme), d\u00fczenli v\u00fccut \u0131s\u0131s\u0131 kontrol\u00fc i\u00e7in gerekli olan\u0131n \u00fczerinde ve \u00f6tesinde a\u015f\u0131r\u0131 terlemeye neden olan t\u0131bbi bir durumdur. Bir ki\u015finin g\u00fcnl\u00fck varl\u0131\u011f\u0131n\u0131 ve ya\u015fam kalitesini \u00f6nemli \u00f6l\u00e7\u00fcde etkileyebilen kronik bir durumdur.<\/p>\n\n<p>Hiperhidroz avu\u00e7 i\u00e7lerini, ayak tabanlar\u0131n\u0131, koltuk altlar\u0131n\u0131, y\u00fcz\u00fc ve v\u00fccudun di\u011fer b\u00f6l\u00fcmlerini etkileyebilir. Hiperhidrozun neden oldu\u011fu a\u015f\u0131r\u0131 terleme, ki\u015fi dinlenirken veya so\u011fuk havalarda bile meydana gelebilir ve genellikle fiziksel efor veya zihinsel stresle ilgisi yoktur.<\/p>\n\n<p>Birincil hiperhidroz tipik olarak \u00e7ocukluk veya ergenlik d\u00f6neminde ba\u015flar, v\u00fccudun belirli b\u00f6lgelerini etkiler ve genellikle ailelerde g\u00f6r\u00fcl\u00fcr. \u0130kincil <a href=\"https:\/\/en.wikipedia.org\/wiki\/Hyperhidrosis\" target=\"_blank\" rel=\"noopener\">hiperhidroz<\/a>, altta yatan t\u0131bbi bir durum veya ila\u00e7tan kaynaklan\u0131r ve genel a\u015f\u0131r\u0131 terleme ile sonu\u00e7lan\u0131r.<\/p>\n\n<p>Hiperhidrozu y\u00f6netmek i\u00e7in terlemeyi \u00f6nleyiciler, ila\u00e7lar, iyontoforez, kas gev\u015fetici enjeksiyonlar veya cerrahi dahil olmak \u00fczere \u00e7e\u015fitli tedaviler kullan\u0131labilir<\/p>\n\n<h3 class=\"wp-block-heading\">Fiyat ve daha fazlas\u0131 dahil olmak \u00fczere <a href=\"https:\/\/medclinics.com\/tr\/guzellik\/\" target=\"_blank\" rel=\"noreferrer noopener\">g\u00fczellik bak\u0131mlar\u0131<\/a> hakk\u0131nda bilmeniz gereken her \u015fey veya <a href=\"#requestform\">bizimle ileti\u015fime<\/a> ge\u00e7in!<\/h3>\n\n<figure class=\"wp-block-image size-full is-resized\"><img fetchpriority=\"high\" decoding=\"async\" width=\"960\" height=\"640\" src=\"https:\/\/medclinics.com\/wp-content\/uploads\/2023\/06\/best-hyperhisrosis-treatment.jpg\" alt=\"en iyi-a&#x15F;&#x131;r&#x131;-terleme-tedavisi\" class=\"wp-image-94555\" srcset=\"https:\/\/medclinics.com\/wp-content\/uploads\/2023\/06\/best-hyperhisrosis-treatment.jpg 960w, https:\/\/medclinics.com\/wp-content\/uploads\/2023\/06\/best-hyperhisrosis-treatment-500x333.jpg 500w, https:\/\/medclinics.com\/wp-content\/uploads\/2023\/06\/best-hyperhisrosis-treatment-768x512.jpg 768w, https:\/\/medclinics.com\/wp-content\/uploads\/2023\/06\/best-hyperhisrosis-treatment-24x16.jpg 24w, https:\/\/medclinics.com\/wp-content\/uploads\/2023\/06\/best-hyperhisrosis-treatment-36x24.jpg 36w, https:\/\/medclinics.com\/wp-content\/uploads\/2023\/06\/best-hyperhisrosis-treatment-48x32.jpg 48w\" sizes=\"(max-width: 960px) 100vw, 960px\" \/><\/figure>\n\n<h2 class=\"wp-block-heading\">SSS<\/h2>\n<div id=\"rank-math-faq\" class=\"rank-math-block\">\n<div class=\"rank-math-list \">\n<div id=\"faq-question-1682666956133\" class=\"rank-math-list-item\">\n<h3 class=\"rank-math-question \">Hiperhidrozdan nas\u0131l kurtulursunuz?<\/h3>\n<div class=\"rank-math-answer \">\n\n<p>Hiperhidroz semptomlar\u0131n\u0131 y\u00f6netmeye ve hafifletmeye yard\u0131mc\u0131 olacak \u00e7e\u015fitli tedavi se\u00e7enekleri mevcuttur. Yayg\u0131n yakla\u015f\u0131mlardan biri, re\u00e7etesiz olarak temin edilebilen veya al\u00fcminyum klor\u00fcr i\u00e7eren daha g\u00fc\u00e7l\u00fc form\u00fclasyonlarda re\u00e7ete edilebilen ter \u00f6nleyiciler kullanmakt\u0131r. Bu ter \u00f6nleyiciler, etkilenen b\u00f6lgelerdeki ter bezlerini ge\u00e7ici olarak bloke ederek \u00e7al\u0131\u015f\u0131r. Antikolinerjikler gibi ila\u00e7lar da ter \u00fcretimini uyaran kimyasal sinyalleri bloke ederek terlemeyi azaltmak i\u00e7in re\u00e7ete edilebilir. Bir ba\u015fka tedavi se\u00e7ene\u011fi de, etkilenen b\u00f6lgelerin suya bat\u0131r\u0131ld\u0131\u011f\u0131 ve d\u00fc\u015f\u00fck bir elektrik ak\u0131m\u0131 uygulanarak ter bezi aktivitesinin ge\u00e7ici olarak engellendi\u011fi invazif olmayan bir prosed\u00fcr olan iyontoforezdir. Di\u011fer tedavilere yan\u0131t vermeyen ciddi vakalarda, ter bezi eksizyonu veya sempatektomi (sinir cerrahisi) gibi cerrahi m\u00fcdahaleler d\u00fc\u015f\u00fcn\u00fclebilir. \u00d6zel durumunuzu tart\u0131\u015fmak ve bireysel ihtiya\u00e7lar\u0131n\u0131z i\u00e7in en uygun tedavi plan\u0131n\u0131 belirlemek i\u00e7in bir sa\u011fl\u0131k uzman\u0131na veya dermatolo\u011fa dan\u0131\u015fman\u0131z \u00f6nemlidir.<\/p>\n\n<\/div>\n<\/div>\n<div id=\"faq-question-1684223188779\" class=\"rank-math-list-item\">\n<h3 class=\"rank-math-question \">Hiperhidroz tedavi edilebilir mi?<\/h3>\n<div class=\"rank-math-answer \">\n\n<p>Hay\u0131r, hiperhidroz tedavi edilemez, ancak a\u015f\u0131r\u0131 terleme semptomlar\u0131n\u0131 etkili bir \u015fekilde y\u00f6netmek ve azaltmak i\u00e7in \u00e7e\u015fitli tedavi se\u00e7enekleri mevcuttur. Bu tedaviler, bireyler i\u00e7in \u00f6nemli \u00f6l\u00e7\u00fcde rahatlama sa\u011flayabilir ve ya\u015fam kalitesini art\u0131rabilir. Bir sa\u011fl\u0131k uzman\u0131na dan\u0131\u015fmak, bireysel ko\u015fullara g\u00f6re en uygun tedavi yakla\u015f\u0131m\u0131n\u0131n belirlenmesine yard\u0131mc\u0131 olabilir.<\/p>\n\n<\/div>\n<\/div>\n<div id=\"faq-question-1684223257645\" class=\"rank-math-list-item\">\n<h3 class=\"rank-math-question \">Hiperhidroz ameliyat\u0131 nedir?<\/h3>\n<div class=\"rank-math-answer \">\n\n<p>Di\u011fer tedavilerin yeterli rahatlama sa\u011flamad\u0131\u011f\u0131 durumlarda, bunun i\u00e7in cerrahi prosed\u00fcrler d\u00fc\u015f\u00fcn\u00fclebilir. Ter bezi eksizyonu, ter \u00fcretimini kal\u0131c\u0131 olarak azaltmay\u0131 ama\u00e7layan, ter bezlerinin koltuk alt\u0131 gibi etkilenen b\u00f6lgelerden cerrahi olarak \u00e7\u0131kar\u0131ld\u0131\u011f\u0131 veya emildi\u011fi bir cerrahi se\u00e7enektir. Di\u011fer bir cerrahi yakla\u015f\u0131m ise ter bezlerini aktive eden sempatik sinirlerin kesilmesini veya klemplenmesini i\u00e7eren sempatektomidir. Sinir sinyallerinin bu \u015fekilde kesilmesi a\u015f\u0131r\u0131 terlemeyi etkili bir \u015fekilde azaltabilir veya ortadan kald\u0131rabilir. Sempatektomi genellikle k\u00fc\u00e7\u00fck kesiler ve bir kamera ile cerrahi aletlerin yerle\u015ftirilmesini i\u00e7eren endoskopik torasik sempatektomi (ETS) gibi minimal invaziv teknikler kullan\u0131larak ger\u00e7ekle\u015ftirilir. Hiperhidroz i\u00e7in cerrahi m\u00fcdahaleler tipik olarak g\u00fcnl\u00fck ya\u015fam\u0131 \u00f6nemli \u00f6l\u00e7\u00fcde etkileyen ve di\u011fer tedavilere yan\u0131t vermeyen ciddi vakalar i\u00e7in ayr\u0131lm\u0131\u015ft\u0131r. Potansiyel riskleri, faydalar\u0131 ve cerrahi se\u00e7enekler i\u00e7in bireysel uygunlu\u011fu tart\u0131\u015fmak i\u00e7in nitelikli bir sa\u011fl\u0131k uzman\u0131na veya cerraha dan\u0131\u015fmak \u00f6nemlidir.<\/p>\n\n<\/div>\n<\/div>\n<div id=\"faq-question-1684223458022\" class=\"rank-math-list-item\">\n<h3 class=\"rank-math-question \">A\u015f\u0131r\u0131 terleme do\u011fal yollarla ge\u00e7ebilir mi?<\/h3>\n<div class=\"rank-math-answer \">\n\n<p>Hay\u0131r, hiperhidroz (a\u015f\u0131r\u0131 terleeme) tipik olarak kendili\u011finden ge\u00e7meyen kronik bir durumdur. A\u015f\u0131r\u0131 terlemeyi azaltmak i\u00e7in s\u00fcrekli tedavi gerektiren uzun vadeli bir durum olarak g\u00f6r\u00fclmektedir. Hiperhidrozun derecesi zaman i\u00e7inde dalgalanabilirken, tedavi olmaks\u0131z\u0131n ortadan kalkmas\u0131 pek olas\u0131 de\u011fildir. Bununla birlikte, ya\u015fam tarz\u0131 de\u011fi\u015fiklikleri, topikal tedaviler, ila\u00e7lar ve cerrahi prosed\u00fcrler de dahil olmak \u00fczere, semptomlar\u0131 etkili bir \u015fekilde kontrol edebilen ve en aza indirebilen \u00e7e\u015fitli tedavi se\u00e7enekleri mevcuttur. Bir sa\u011fl\u0131k uzman\u0131na dan\u0131\u015fmak, bireysel ko\u015fullara g\u00f6re en etkili tedavi plan\u0131n\u0131n se\u00e7ilmesine yard\u0131mc\u0131 olabilir ve a\u015f\u0131r\u0131 terlemeden uzun s\u00fcreli rahatlama sa\u011flayabilir.<\/p>\n\n<\/div>\n<\/div>\n<\/div>\n<\/div>\n<p>\u00a0<\/p>\n\n<h3 class=\"wp-block-heading\">Herhangi bir sorunuz olmas\u0131 durumunda hemen bizimle ileti\u015fime ge\u00e7in!<\/h3>\n","protected":false},"excerpt":{"rendered":"<p>Terlemenizin \u00fcstesinden gelmenin ve t\u00fcm g\u00fcn rahat etmenin bir yolunu ar\u0131yorsan\u0131z, Hiperhidroz(a\u015f\u0131r\u0131 terleme) tedavisi m\u00fckemmel bir \u00e7\u00f6z\u00fcm olabilir. Hiperhidroz (a\u015f\u0131r\u0131 [&hellip;]<\/p>\n","protected":false},"author":4,"featured_media":85356,"parent":0,"menu_order":0,"comment_status":"closed","ping_status":"closed","template":"","meta":{"site-sidebar-layout":"default","site-content-layout":"","ast-site-content-layout":"default","site-content-style":"default","site-sidebar-style":"default","ast-global-header-display":"","ast-banner-title-visibility":"","ast-main-header-display":"","ast-hfb-above-header-display":"","ast-hfb-below-header-display":"","ast-hfb-mobile-header-display":"","site-post-title":"","ast-breadcrumbs-content":"","ast-featured-img":"","footer-sml-layout":"","ast-disable-related-posts":"","theme-transparent-header-meta":"","adv-header-id-meta":"","stick-header-meta":"","header-above-stick-meta":"","header-main-stick-meta":"","header-below-stick-meta":"","astra-migrate-meta-layouts":"default","ast-page-background-enabled":"default","ast-page-background-meta":{"desktop":{"background-color":"var(--ast-global-color-4)","background-image":"","background-repeat":"repeat","background-position":"center center","background-size":"auto","background-attachment":"scroll","background-type":"","background-media":"","overlay-type":"","overlay-color":"","overlay-opacity":"","overlay-gradient":""},"tablet":{"background-color":"","background-image":"","background-repeat":"repeat","background-position":"center center","background-size":"auto","background-attachment":"scroll","background-type":"","background-media":"","overlay-type":"","overlay-color":"","overlay-opacity":"","overlay-gradient":""},"mobile":{"background-color":"","background-image":"","background-repeat":"repeat","background-position":"center center","background-size":"auto","background-attachment":"scroll","background-type":"","background-media":"","overlay-type":"","overlay-color":"","overlay-opacity":"","overlay-gradient":""}},"ast-content-background-meta":{"desktop":{"background-color":"var(--ast-global-color-5)","background-image":"","background-repeat":"repeat","background-position":"center center","background-size":"auto","background-attachment":"scroll","background-type":"","background-media":"","overlay-type":"","overlay-color":"","overlay-opacity":"","overlay-gradient":""},"tablet":{"background-color":"var(--ast-global-color-5)","background-image":"","background-repeat":"repeat","background-position":"center center","background-size":"auto","background-attachment":"scroll","background-type":"","background-media":"","overlay-type":"","overlay-color":"","overlay-opacity":"","overlay-gradient":""},"mobile":{"background-color":"var(--ast-global-color-5)","background-image":"","background-repeat":"repeat","background-position":"center center","background-size":"auto","background-attachment":"scroll","background-type":"","background-media":"","overlay-type":"","overlay-color":"","overlay-opacity":"","overlay-gradient":""}},"footnotes":""},"class_list":["post-145651","page","type-page","status-publish","has-post-thumbnail","hentry"],"_links":{"self":[{"href":"https:\/\/medclinics.com\/tr\/wp-json\/wp\/v2\/pages\/145651","targetHints":{"allow":["GET"]}}],"collection":[{"href":"https:\/\/medclinics.com\/tr\/wp-json\/wp\/v2\/pages"}],"about":[{"href":"https:\/\/medclinics.com\/tr\/wp-json\/wp\/v2\/types\/page"}],"author":[{"embeddable":true,"href":"https:\/\/medclinics.com\/tr\/wp-json\/wp\/v2\/users\/4"}],"replies":[{"embeddable":true,"href":"https:\/\/medclinics.com\/tr\/wp-json\/wp\/v2\/comments?post=145651"}],"version-history":[{"count":0,"href":"https:\/\/medclinics.com\/tr\/wp-json\/wp\/v2\/pages\/145651\/revisions"}],"wp:featuredmedia":[{"embeddable":true,"href":"https:\/\/medclinics.com\/tr\/wp-json\/wp\/v2\/media\/85356"}],"wp:attachment":[{"href":"https:\/\/medclinics.com\/tr\/wp-json\/wp\/v2\/media?parent=145651"}],"curies":[{"name":"wp","href":"https:\/\/api.w.org\/{rel}","templated":true}]}}