{"id":145637,"date":"2023-05-16T07:18:19","date_gmt":"2023-05-16T04:18:19","guid":{"rendered":"https:\/\/medclinics.com\/boyun-germe\/"},"modified":"2025-01-02T17:12:27","modified_gmt":"2025-01-02T14:12:27","slug":"boyun-germe","status":"publish","type":"page","link":"https:\/\/medclinics.com\/tr\/boyun-germe\/","title":{"rendered":"Boyun Germe"},"content":{"rendered":"\n<h2 class=\"wp-block-heading\">Daha gen\u00e7 g\u00f6r\u00fcnmenin ve sark\u0131kl\u0131\u011f\u0131n\u0131zdan kurtulman\u0131n bir yolunu ar\u0131yorsan\u0131z, Boyun Germe m\u00fckemmel bir \u00e7\u00f6z\u00fcm olabilir.<\/h2>\n\n<p>Boyun germe, boyun b\u00f6lgesinin g\u00f6r\u00fcn\u00fcm\u00fcn\u00fc iyile\u015ftirmeye odaklanan cerrahi bir prosed\u00fcrd\u00fcr. Genellikle boyun ve \u00e7ene hatt\u0131ndaki sarkm\u0131\u015f cilt, fazla ya\u011f ve kas gev\u015fekli\u011fi gibi ya\u015flanma belirtilerini gidermek i\u00e7in yap\u0131l\u0131r. Genellikle <a href=\"https:\/\/medclinics.com\/face-and-neck-lifting\/\" data-type=\"page\" data-id=\"77171\">y\u00fcz germe<\/a> ile birlikte yap\u0131l\u0131r. Prosed\u00fcr, ameliyat boyunca hasta konforunu sa\u011flamak i\u00e7in anestezi uygulanmas\u0131yla ba\u015flar.<\/p>\n\n<p>Cerrah, boyun germe s\u0131ras\u0131nda hastan\u0131n \u00f6zel ihtiya\u00e7lar\u0131na ba\u011fl\u0131 olarak \u00e7ene alt\u0131nda veya kulaklar\u0131n arkas\u0131nda k\u00fc\u00e7\u00fck kesiler yapar. Liposuction teknikleri kullan\u0131larak bu kesilerden fazla ya\u011f al\u0131nabilir. Boyundaki altta yatan kaslar da s\u0131k\u0131l\u0131\u011f\u0131 ve konturu geri kazand\u0131rmak i\u00e7in s\u0131k\u0131la\u015ft\u0131r\u0131labilir. Ek olarak, gev\u015fek veya sarkm\u0131\u015f cilt dikkatlice kesilir ve daha p\u00fcr\u00fczs\u00fcz ve daha gen\u00e7 bir g\u00f6r\u00fcn\u00fcm i\u00e7in yeniden konumland\u0131r\u0131l\u0131r.<\/p>\n\n<p><a href=\"https:\/\/istanbul-tourist-information.com\/en\/medical-treatment\/\" target=\"_blank\" rel=\"noopener\">Boyun germe<\/a> sonras\u0131 iyile\u015fme genellikle birka\u00e7 haftal\u0131k bir kesinti s\u00fcresini i\u00e7erir. Hastalar, re\u00e7eteli ila\u00e7larla y\u00f6netilebilen morarma, \u015fi\u015fme ve rahats\u0131zl\u0131k ya\u015fayabilir. D\u00fczg\u00fcn iyile\u015fmeyi sa\u011flamak i\u00e7in cerrah taraf\u0131ndan sa\u011flanan ameliyat sonras\u0131 bak\u0131m talimatlar\u0131na uymak \u00f6nemlidir. Boyun germe ameliyat\u0131n\u0131n nihai sonu\u00e7lar\u0131 genellikle birka\u00e7 ay sonra ortaya \u00e7\u0131kar ve hastalar\u0131n daha belirgin ve gen\u00e7le\u015fmi\u015f bir boyun profiline sahip olmalar\u0131n\u0131 sa\u011flar.<\/p>\n\n<h3 class=\"wp-block-heading\"><a href=\"https:\/\/medclinics.com\/tr\/plastik-ve-estetik-cerrahi\/\" target=\"_blank\" rel=\"noreferrer noopener\">Estetik cerrahi<\/a> hakk\u0131nda fiyat dahil t\u00fcm sorular\u0131n\u0131za ve daha fazlas\u0131na yard\u0131mc\u0131 olmak i\u00e7in buraday\u0131z veya <a href=\"#requestform\">bizimle ileti\u015fime<\/a> ge\u00e7in!<\/h3>\n\n<figure class=\"wp-block-image size-large\"><img fetchpriority=\"high\" decoding=\"async\" width=\"5327\" height=\"2848\" class=\"wp-image-85313\" src=\"https:\/\/medclinics.com\/wp-content\/uploads\/2023\/05\/neck-lift.png\" alt=\"Boyun Germe\" srcset=\"https:\/\/medclinics.com\/wp-content\/uploads\/2023\/05\/neck-lift.png 5327w, https:\/\/medclinics.com\/wp-content\/uploads\/2023\/05\/neck-lift-500x267.png 500w, https:\/\/medclinics.com\/wp-content\/uploads\/2023\/05\/neck-lift-1024x547.png 1024w, https:\/\/medclinics.com\/wp-content\/uploads\/2023\/05\/neck-lift-768x411.png 768w, https:\/\/medclinics.com\/wp-content\/uploads\/2023\/05\/neck-lift-1536x821.png 1536w, https:\/\/medclinics.com\/wp-content\/uploads\/2023\/05\/neck-lift-2048x1095.png 2048w, https:\/\/medclinics.com\/wp-content\/uploads\/2023\/05\/neck-lift-24x13.png 24w, https:\/\/medclinics.com\/wp-content\/uploads\/2023\/05\/neck-lift-36x19.png 36w, https:\/\/medclinics.com\/wp-content\/uploads\/2023\/05\/neck-lift-48x26.png 48w\" sizes=\"(max-width: 5327px) 100vw, 5327px\" \/><\/figure>\n\n<h2 class=\"wp-block-heading\">SSS<\/h2>\n<div id=\"rank-math-faq\" class=\"rank-math-block\">\n<div class=\"rank-math-list \">\n<div id=\"faq-question-1684220768632\" class=\"rank-math-list-item\">\n<h3 class=\"rank-math-question \">Boyun germe ne kadar s\u00fcrer?<\/h3>\n<div class=\"rank-math-answer \">\n\n<p>Boyun germe i\u015fleminden elde edilen sonu\u00e7lar\u0131n \u00f6mr\u00fc ki\u015fiden ki\u015fiye de\u011fi\u015febilir. Boyun germe ya\u015flanma s\u00fcrecini durdurmasa da boyun ve \u00e7ene \u00e7izgisinin g\u00f6r\u00fcn\u00fcm\u00fcnde uzun s\u00fcreli iyile\u015fmeler sa\u011flayabilir. Boyun germe ameliyat\u0131n\u0131n sonu\u00e7lar\u0131 ortalama olarak 10 ila 15 y\u0131l veya daha uzun s\u00fcrebilir. Genetik, ya\u015fam tarz\u0131 se\u00e7imleri ve cilt bak\u0131m rejimi gibi fakt\u00f6rler sonu\u00e7lar\u0131n ne kadar s\u00fcreyle korunaca\u011f\u0131n\u0131 etkileyebilir. Cerrahi iyile\u015ftirmeler uzun \u00f6m\u00fcrl\u00fc olsa da, do\u011fal ya\u015flanma s\u00fcrecinin devam edece\u011fini ve zaman i\u00e7inde baz\u0131 de\u011fi\u015fikliklerin meydana gelebilece\u011fini unutmamak da \u00f6nemlidir. D\u00fczenli bak\u0131m ve iyi cilt bak\u0131m\u0131 uygulamalar\u0131 boyun germe i\u015fleminin estetik faydalar\u0131n\u0131 uzatmaya yard\u0131mc\u0131 olabilir. Nitelikli bir plastik cerrah ile kons\u00fcltasyon, \u00f6zel durumunuzdaki sonu\u00e7lar\u0131n beklenen uzun \u00f6m\u00fcrl\u00fcl\u00fc\u011f\u00fcne ili\u015fkin daha ki\u015fisel bir de\u011ferlendirme sa\u011flayabilir.<\/p>\n\n<\/div>\n<\/div>\n<div id=\"faq-question-1682603361561\" class=\"rank-math-list-item\">\n<h3 class=\"rank-math-question \">Boyun germe tehlikeli midir?<\/h3>\n<div class=\"rank-math-answer \">\n\n<p>Her cerrahi prosed\u00fcr gibi boyun germe de baz\u0131 riskler ve potansiyel komplikasyonlar ta\u015f\u0131r. Bununla birlikte, nitelikli ve deneyimli bir plastik cerrah taraf\u0131ndan yap\u0131ld\u0131\u011f\u0131nda, prosed\u00fcr genellikle g\u00fcvenli kabul edilir. Komplikasyonlar nispeten nadirdir, ancak kanama, enfeksiyon, anesteziye kar\u015f\u0131 olumsuz reaksiyonlar, yara izi, sinir hasar\u0131 ve tatmin edici olmayan estetik sonu\u00e7lar\u0131 i\u00e7erebilir. Bireysel sa\u011fl\u0131k durumunuzu de\u011ferlendirecek, potansiyel riskleri tart\u0131\u015facak ve karar verme s\u00fcrecinde size rehberlik edecek kurul sertifikal\u0131 bir plastik cerraha dan\u0131\u015fman\u0131z \u00f6nemlidir. Ameliyat \u00f6ncesi ve sonras\u0131 talimatlara uyarak ve sayg\u0131n bir cerrah se\u00e7erek boyun germe ile ili\u015fkili riskleri en aza indirmeye yard\u0131mc\u0131 olabilirsiniz.<\/p>\n\n<\/div>\n<\/div>\n<div id=\"faq-question-1684220924727\" class=\"rank-math-list-item\">\n<h3 class=\"rank-math-question \">Boyun germe buna de\u011fer mi?<\/h3>\n<div class=\"rank-math-answer \">\n\n<p>Boyun germe, boyun b\u00f6lgesindeki sark\u0131k cilt, fazla ya\u011f veya kas gev\u015fekli\u011finden rahats\u0131z olan ve daha gen\u00e7 ve belirgin bir boyun konturu isteyen bireyler i\u00e7in de\u011ferli bir se\u00e7enek olabilir. Boyun ve \u00e7ene hatt\u0131n\u0131n g\u00f6r\u00fcn\u00fcm\u00fcn\u00fc iyile\u015ftirerek gen\u00e7le\u015fmi\u015f ve daha dengeli bir y\u00fcz profili sa\u011flayabilir.<\/p>\n\n<\/div>\n<\/div>\n<div id=\"faq-question-1684221051311\" class=\"rank-math-list-item\">\n<h3 class=\"rank-math-question \">Boyun germe ne kadar ac\u0131 verir?<\/h3>\n<div class=\"rank-math-answer \">\n\n<p>Ameliyat s\u0131ras\u0131nda ya\u015fanan a\u011fr\u0131 seviyeleri ki\u015fiden ki\u015fiye de\u011fi\u015febilir. Genel olarak, hastalar prosed\u00fcr\u00fc takiben bir miktar rahats\u0131zl\u0131k ve hafif ila orta derecede a\u011fr\u0131 bekleyebilirler. Bununla birlikte, a\u011fr\u0131 tipik olarak re\u00e7ete edilen a\u011fr\u0131 kesici ila\u00e7larla y\u00f6netilebilir ve ameliyat\u0131 takip eden g\u00fcnler ve haftalarda giderek azalma e\u011filimindedir.<\/p>\n\n<\/div>\n<\/div>\n<div id=\"faq-question-1684221172329\" class=\"rank-math-list-item\">\n<h3 class=\"rank-math-question \">Boyun germe nas\u0131l yap\u0131l\u0131r?<\/h3>\n<div class=\"rank-math-answer \">\n\n<p>Cerrah, hastan\u0131n konforunu garanti alt\u0131na almak i\u00e7in boyun germe ameliyat\u0131na anestezi ile ba\u015flar. Anestezi etkisini g\u00f6sterdikten sonra cerrah, hastan\u0131n \u00f6zel taleplerini g\u00f6z \u00f6n\u00fcnde bulundurarak genellikle kulak arkas\u0131 veya \u00e7ene alt\u0131 gibi kilit noktalarda dikkatli bir \u015fekilde kesiler yapar. Bu kesiler cerrah\u0131n boynun alt\u0131ndaki dokulara ula\u015fmas\u0131n\u0131 sa\u011flar. Fazla ya\u011f\u0131 almak i\u00e7in liposuction prosed\u00fcrleri kullan\u0131labilir ve boynun formunu ve sertli\u011fini art\u0131rmak i\u00e7in altta yatan kaslar s\u0131kl\u0131kla s\u0131k\u0131la\u015ft\u0131r\u0131l\u0131r ve yeniden hizalan\u0131r. Ayr\u0131ca, sarkm\u0131\u015f veya gev\u015femi\u015f cilt \u00f6zenle kesilir ve daha p\u00fcr\u00fczs\u00fcz, daha gen\u00e7 bir g\u00f6r\u00fcn\u00fcm i\u00e7in yeniden kaplan\u0131r. Daha sonra kesileri kapatmak i\u00e7in diki\u015fler veya di\u011fer kapatma prosed\u00fcrleri kullan\u0131l\u0131r ve hastaya ameliyat sonras\u0131 bak\u0131m talimatlar\u0131 verilir. Cerrah\u0131n talimatlar\u0131na uymak, re\u00e7ete edilen ila\u00e7larla herhangi bir rahats\u0131zl\u0131\u011f\u0131 kontrol alt\u0131na almak ve takip randevular\u0131na kat\u0131lmak iyile\u015fme s\u00fcrecinin bir par\u00e7as\u0131d\u0131r.<\/p>\n\n<\/div>\n<\/div>\n<\/div>\n<\/div>\n<p>\u00a0<\/p>\n\n<h3 class=\"wp-block-heading\">Herhangi bir sorunuz olmas\u0131 durumunda hemen bizimle ileti\u015fime ge\u00e7in!<\/h3>\n","protected":false},"excerpt":{"rendered":"<p>Daha gen\u00e7 g\u00f6r\u00fcnmenin ve sark\u0131kl\u0131\u011f\u0131n\u0131zdan kurtulman\u0131n bir yolunu ar\u0131yorsan\u0131z, Boyun Germe m\u00fckemmel bir \u00e7\u00f6z\u00fcm olabilir. Boyun germe, boyun b\u00f6lgesinin g\u00f6r\u00fcn\u00fcm\u00fcn\u00fc [&hellip;]<\/p>\n","protected":false},"author":4,"featured_media":85327,"parent":0,"menu_order":0,"comment_status":"closed","ping_status":"closed","template":"","meta":{"site-sidebar-layout":"default","site-content-layout":"","ast-site-content-layout":"default","site-content-style":"default","site-sidebar-style":"default","ast-global-header-display":"","ast-banner-title-visibility":"","ast-main-header-display":"","ast-hfb-above-header-display":"","ast-hfb-below-header-display":"","ast-hfb-mobile-header-display":"","site-post-title":"","ast-breadcrumbs-content":"","ast-featured-img":"","footer-sml-layout":"","ast-disable-related-posts":"","theme-transparent-header-meta":"","adv-header-id-meta":"","stick-header-meta":"","header-above-stick-meta":"","header-main-stick-meta":"","header-below-stick-meta":"","astra-migrate-meta-layouts":"default","ast-page-background-enabled":"default","ast-page-background-meta":{"desktop":{"background-color":"var(--ast-global-color-4)","background-image":"","background-repeat":"repeat","background-position":"center center","background-size":"auto","background-attachment":"scroll","background-type":"","background-media":"","overlay-type":"","overlay-color":"","overlay-opacity":"","overlay-gradient":""},"tablet":{"background-color":"","background-image":"","background-repeat":"repeat","background-position":"center center","background-size":"auto","background-attachment":"scroll","background-type":"","background-media":"","overlay-type":"","overlay-color":"","overlay-opacity":"","overlay-gradient":""},"mobile":{"background-color":"","background-image":"","background-repeat":"repeat","background-position":"center center","background-size":"auto","background-attachment":"scroll","background-type":"","background-media":"","overlay-type":"","overlay-color":"","overlay-opacity":"","overlay-gradient":""}},"ast-content-background-meta":{"desktop":{"background-color":"var(--ast-global-color-5)","background-image":"","background-repeat":"repeat","background-position":"center center","background-size":"auto","background-attachment":"scroll","background-type":"","background-media":"","overlay-type":"","overlay-color":"","overlay-opacity":"","overlay-gradient":""},"tablet":{"background-color":"var(--ast-global-color-5)","background-image":"","background-repeat":"repeat","background-position":"center center","background-size":"auto","background-attachment":"scroll","background-type":"","background-media":"","overlay-type":"","overlay-color":"","overlay-opacity":"","overlay-gradient":""},"mobile":{"background-color":"var(--ast-global-color-5)","background-image":"","background-repeat":"repeat","background-position":"center center","background-size":"auto","background-attachment":"scroll","background-type":"","background-media":"","overlay-type":"","overlay-color":"","overlay-opacity":"","overlay-gradient":""}},"footnotes":""},"class_list":["post-145637","page","type-page","status-publish","has-post-thumbnail","hentry"],"_links":{"self":[{"href":"https:\/\/medclinics.com\/tr\/wp-json\/wp\/v2\/pages\/145637","targetHints":{"allow":["GET"]}}],"collection":[{"href":"https:\/\/medclinics.com\/tr\/wp-json\/wp\/v2\/pages"}],"about":[{"href":"https:\/\/medclinics.com\/tr\/wp-json\/wp\/v2\/types\/page"}],"author":[{"embeddable":true,"href":"https:\/\/medclinics.com\/tr\/wp-json\/wp\/v2\/users\/4"}],"replies":[{"embeddable":true,"href":"https:\/\/medclinics.com\/tr\/wp-json\/wp\/v2\/comments?post=145637"}],"version-history":[{"count":0,"href":"https:\/\/medclinics.com\/tr\/wp-json\/wp\/v2\/pages\/145637\/revisions"}],"wp:featuredmedia":[{"embeddable":true,"href":"https:\/\/medclinics.com\/tr\/wp-json\/wp\/v2\/media\/85327"}],"wp:attachment":[{"href":"https:\/\/medclinics.com\/tr\/wp-json\/wp\/v2\/media?parent=145637"}],"curies":[{"name":"wp","href":"https:\/\/api.w.org\/{rel}","templated":true}]}}