{"id":145627,"date":"2023-04-15T15:04:00","date_gmt":"2023-04-15T15:04:00","guid":{"rendered":"https:\/\/medclinics.com\/ic-uyluk-germe\/"},"modified":"2024-04-01T15:14:33","modified_gmt":"2024-04-01T12:14:33","slug":"ic-uyluk-germe","status":"publish","type":"page","link":"https:\/\/medclinics.com\/tr\/ic-uyluk-germe\/","title":{"rendered":"\u0130\u00e7 Uyluk Germe"},"content":{"rendered":"\n<h2 class=\"wp-block-heading\">Daha bi\u00e7imli bir g\u00f6r\u00fcn\u00fcm elde etmenin bir yolunu ar\u0131yorsan\u0131z, Thihg Lift m\u00fckemmel bir \u00e7\u00f6z\u00fcm olabilir.<\/h2>\n\n<p>Medial uyluk germe olarak da bilinen i\u00e7 uyluk germe, konturlar\u0131n\u0131 iyile\u015ftirmek ve fazla deri ve ya\u011f\u0131 azaltmak i\u00e7in i\u00e7 uyluklar\u0131 hedef alan cerrahi bir prosed\u00fcrd\u00fcr. Genellikle kilo kayb\u0131 ya\u015fayan, ya\u015flanan veya i\u00e7 uyluk b\u00f6lgesinde cilt sarkmas\u0131 olan ki\u015filerde yap\u0131l\u0131r.<\/p>\n\n<p>\u0130\u00e7 uyluk germe s\u0131ras\u0131nda cerrah kas\u0131k k\u0131vr\u0131m\u0131nda veya i\u00e7 uyluk boyunca kesiler yapar. Daha sonra fazla deri ve ya\u011f al\u0131n\u0131r ve kalan doku daha p\u00fcr\u00fczs\u00fcz ve daha tonlu bir g\u00f6r\u00fcn\u00fcm olu\u015fturmak i\u00e7in kald\u0131r\u0131l\u0131r ve s\u0131k\u0131la\u015ft\u0131r\u0131l\u0131r. <a href=\"https:\/\/en.wikipedia.org\/wiki\/Liposuction\" target=\"_blank\" rel=\"noreferrer noopener\">Liposuction<\/a>, genel konturu geli\u015ftirmek ve ek ya\u011f birikintilerini gidermek i\u00e7in i\u00e7 uyluk germe ile birlikte kullan\u0131labilir.<\/p>\n\n<p>\u0130\u00e7 uyluk germe i\u00e7in kullan\u0131lan spesifik teknik, bireysel ihtiya\u00e7lara ve gerekli d\u00fczeltmenin kapsam\u0131na ba\u011fl\u0131 olarak de\u011fi\u015febilir. \u0130yile\u015fme s\u00fcresi de\u011fi\u015febilir, ancak \u00e7o\u011fu ki\u015fi tedavi edilen b\u00f6lgede bir miktar \u015fi\u015flik, morarma ve rahats\u0131zl\u0131k bekleyebilir. Kompresyon giysileri giymek ve cerrah\u0131n talimatlar\u0131na uymak da dahil olmak \u00fczere ameliyat sonras\u0131 uygun bak\u0131m, optimal iyile\u015fme i\u00e7in \u00f6nemlidir.<\/p>\n\n<h3 class=\"wp-block-heading\">Fiyat, ameliyat sonras\u0131 bak\u0131m ve iyile\u015fme s\u00fcreci de dahil olmak \u00fczere <a href=\"https:\/\/medclinics.com\/tr\/plastik-ve-estetik-cerrahi\/\" target=\"_blank\" rel=\"noreferrer noopener\">plastik ve estetik ameliyatlar<\/a> hakk\u0131nda bilmeniz gereken her \u015fey veya <a href=\"#requestform\">bizimle ileti\u015fime<\/a> ge\u00e7in!<\/h3>\n\n<figure class=\"wp-block-image size-large\"><img fetchpriority=\"high\" decoding=\"async\" width=\"8688\" height=\"5792\" class=\"wp-image-85228\" src=\"https:\/\/medclinics.com\/wp-content\/uploads\/2023\/05\/thigh-lift-1.png\" alt=\"&#x130;&#xE7; Uyluk Germe\" srcset=\"https:\/\/medclinics.com\/wp-content\/uploads\/2023\/05\/thigh-lift-1.png 8688w, https:\/\/medclinics.com\/wp-content\/uploads\/2023\/05\/thigh-lift-1-500x333.png 500w, https:\/\/medclinics.com\/wp-content\/uploads\/2023\/05\/thigh-lift-1-1024x683.png 1024w, https:\/\/medclinics.com\/wp-content\/uploads\/2023\/05\/thigh-lift-1-768x512.png 768w, https:\/\/medclinics.com\/wp-content\/uploads\/2023\/05\/thigh-lift-1-1536x1024.png 1536w, https:\/\/medclinics.com\/wp-content\/uploads\/2023\/05\/thigh-lift-1-2048x1365.png 2048w, https:\/\/medclinics.com\/wp-content\/uploads\/2023\/05\/thigh-lift-1-24x16.png 24w, https:\/\/medclinics.com\/wp-content\/uploads\/2023\/05\/thigh-lift-1-36x24.png 36w, https:\/\/medclinics.com\/wp-content\/uploads\/2023\/05\/thigh-lift-1-48x32.png 48w\" sizes=\"(max-width: 8688px) 100vw, 8688px\" \/><\/figure>\n\n<h2 class=\"wp-block-heading\">SSS<\/h2>\n<div id=\"rank-math-faq\" class=\"rank-math-block\">\n<div class=\"rank-math-list \">\n<div id=\"faq-question-1682603361561\" class=\"rank-math-list-item\">\n<h3 class=\"rank-math-question \">\u0130\u00e7 uyluk germe nedir?<\/h3>\n<div class=\"rank-math-answer \">\n\n<p>\u0130\u00e7 uyluk germe veya medial uyluk germe, fazla deri ve ya\u011f\u0131 \u00e7\u0131kararak konturlar\u0131n\u0131 iyile\u015ftirmek i\u00e7in i\u00e7 uyluklar\u0131 hedef alan cerrahi bir prosed\u00fcrd\u00fcr. Cerrah kas\u0131k k\u0131vr\u0131m\u0131nda veya i\u00e7 uyluk boyunca kesiler yapar, fazla dokuyu \u00e7\u0131kar\u0131r ve daha p\u00fcr\u00fczs\u00fcz bir g\u00f6r\u00fcn\u00fcm i\u00e7in kalan cildi kald\u0131r\u0131r ve s\u0131k\u0131la\u015ft\u0131r\u0131r. Genellikle kilo kayb\u0131 veya ya\u015flanmaya ba\u011fl\u0131 olarak i\u00e7 uyluk b\u00f6lgesinde sarkma veya gev\u015fek cilde sahip ki\u015filerde yap\u0131l\u0131r. \u0130yile\u015fme s\u00fcresi de\u011fi\u015febilir ve cerrah\u0131n ameliyat sonras\u0131 talimatlar\u0131na uymak en iyi iyile\u015fme i\u00e7in \u00f6nemlidir.<\/p>\n\n<\/div>\n<\/div>\n<div id=\"faq-question-1684162762573\" class=\"rank-math-list-item\">\n<h3 class=\"rank-math-question \">\u0130\u00e7 uyluk germe a\u011fr\u0131l\u0131 m\u0131d\u0131r?<\/h3>\n<div class=\"rank-math-answer \">\n\n<p>\u0130\u00e7 uyluk germe ameliyat\u0131ndan sonra bir miktar rahats\u0131zl\u0131k ve hafif a\u011fr\u0131 hissedilmesi yayg\u0131nd\u0131r. Bununla birlikte, a\u011fr\u0131 seviyesi ki\u015fiden ki\u015fiye de\u011fi\u015febilir ve genellikle re\u00e7ete edilen a\u011fr\u0131 kesici ila\u00e7larla y\u00f6netilebilir. \u0130\u015flem s\u0131ras\u0131nda cerrahi kesiler ve doku manip\u00fclasyonu, i\u00e7 uyluk b\u00f6lgesinde ge\u00e7ici a\u011fr\u0131, \u015fi\u015flik ve morarmaya neden olabilir. Cerrah\u0131n\u0131z, a\u011fr\u0131 kesici ila\u00e7lar ve iyile\u015fme d\u00f6neminde rahats\u0131zl\u0131\u011f\u0131 azaltmaya y\u00f6nelik teknikler de dahil olmak \u00fczere a\u011fr\u0131 y\u00f6netimi konusunda \u00f6zel talimatlar verecektir. Bu talimatlar\u0131 yak\u0131ndan takip etmeniz ve belirgin veya kal\u0131c\u0131 a\u011fr\u0131lar\u0131 cerrah\u0131n\u0131za bildirmeniz \u00f6nemlidir.<\/p>\n\n<\/div>\n<\/div>\n<div id=\"faq-question-1684162835341\" class=\"rank-math-list-item\">\n<h3 class=\"rank-math-question \">\u0130\u00e7 uyluk germe ne kadar?<\/h3>\n<div class=\"rank-math-answer \">\n\n<p>\u0130\u00e7 uyluk germe ameliyat\u0131n\u0131n maliyeti, co\u011frafi konum, cerrah\u0131n uzmanl\u0131\u011f\u0131, kullan\u0131lan \u00f6zel teknikler, vakan\u0131n karma\u015f\u0131kl\u0131\u011f\u0131 ve ameliyat\u0131n yap\u0131ld\u0131\u011f\u0131 tesisler dahil olmak \u00fczere \u00e7e\u015fitli fakt\u00f6rlere ba\u011fl\u0131 olarak b\u00fcy\u00fck \u00f6l\u00e7\u00fcde de\u011fi\u015febilir. Genel olarak, i\u00e7 uyluk germe i\u015fleminin maliyeti 4.000 ila 10.000 $ veya daha fazla aras\u0131nda de\u011fi\u015febilir.<\/p>\n\n<\/div>\n<\/div>\n<div id=\"faq-question-1684162893908\" class=\"rank-math-list-item\">\n<h3 class=\"rank-math-question \">\u0130\u00e7 uyluk germe g\u00fcvenli midir?<\/h3>\n<div class=\"rank-math-answer \">\n\n<p>\u0130\u00e7 uyluk germe, yetenekli ve deneyimli bir plastik cerrah taraf\u0131ndan yap\u0131ld\u0131\u011f\u0131nda genellikle g\u00fcvenli kabul edilir. Bununla birlikte, her cerrahi prosed\u00fcr gibi, belirli riskler ve potansiyel komplikasyonlar ta\u015f\u0131r. Riskleri en aza indirmek ve daha g\u00fcvenli bir iyile\u015fme s\u00fcreci sa\u011flamak i\u00e7in nitelikli bir cerrah se\u00e7mek ve cerrah\u0131n ameliyat \u00f6ncesi ve sonras\u0131 talimatlar\u0131na uymak \u00f6nemlidir.<\/p>\n\n<\/div>\n<\/div>\n<\/div>\n<\/div>\n<p>\u00a0<\/p>\n\n<h3 class=\"wp-block-heading\">Herhangi bir sorunuz olmas\u0131 durumunda hemen bizimle ileti\u015fime ge\u00e7in!<\/h3>\n","protected":false},"excerpt":{"rendered":"<p>Daha bi\u00e7imli bir g\u00f6r\u00fcn\u00fcm elde etmenin bir yolunu ar\u0131yorsan\u0131z, Thihg Lift m\u00fckemmel bir \u00e7\u00f6z\u00fcm olabilir. Medial uyluk germe olarak da [&hellip;]<\/p>\n","protected":false},"author":4,"featured_media":85235,"parent":0,"menu_order":0,"comment_status":"closed","ping_status":"closed","template":"","meta":{"site-sidebar-layout":"default","site-content-layout":"","ast-site-content-layout":"default","site-content-style":"default","site-sidebar-style":"default","ast-global-header-display":"","ast-banner-title-visibility":"","ast-main-header-display":"","ast-hfb-above-header-display":"","ast-hfb-below-header-display":"","ast-hfb-mobile-header-display":"","site-post-title":"","ast-breadcrumbs-content":"","ast-featured-img":"","footer-sml-layout":"","ast-disable-related-posts":"","theme-transparent-header-meta":"","adv-header-id-meta":"","stick-header-meta":"","header-above-stick-meta":"","header-main-stick-meta":"","header-below-stick-meta":"","astra-migrate-meta-layouts":"default","ast-page-background-enabled":"default","ast-page-background-meta":{"desktop":{"background-color":"var(--ast-global-color-4)","background-image":"","background-repeat":"repeat","background-position":"center center","background-size":"auto","background-attachment":"scroll","background-type":"","background-media":"","overlay-type":"","overlay-color":"","overlay-opacity":"","overlay-gradient":""},"tablet":{"background-color":"","background-image":"","background-repeat":"repeat","background-position":"center center","background-size":"auto","background-attachment":"scroll","background-type":"","background-media":"","overlay-type":"","overlay-color":"","overlay-opacity":"","overlay-gradient":""},"mobile":{"background-color":"","background-image":"","background-repeat":"repeat","background-position":"center center","background-size":"auto","background-attachment":"scroll","background-type":"","background-media":"","overlay-type":"","overlay-color":"","overlay-opacity":"","overlay-gradient":""}},"ast-content-background-meta":{"desktop":{"background-color":"var(--ast-global-color-5)","background-image":"","background-repeat":"repeat","background-position":"center center","background-size":"auto","background-attachment":"scroll","background-type":"","background-media":"","overlay-type":"","overlay-color":"","overlay-opacity":"","overlay-gradient":""},"tablet":{"background-color":"var(--ast-global-color-5)","background-image":"","background-repeat":"repeat","background-position":"center center","background-size":"auto","background-attachment":"scroll","background-type":"","background-media":"","overlay-type":"","overlay-color":"","overlay-opacity":"","overlay-gradient":""},"mobile":{"background-color":"var(--ast-global-color-5)","background-image":"","background-repeat":"repeat","background-position":"center center","background-size":"auto","background-attachment":"scroll","background-type":"","background-media":"","overlay-type":"","overlay-color":"","overlay-opacity":"","overlay-gradient":""}},"footnotes":""},"class_list":["post-145627","page","type-page","status-publish","has-post-thumbnail","hentry"],"_links":{"self":[{"href":"https:\/\/medclinics.com\/tr\/wp-json\/wp\/v2\/pages\/145627","targetHints":{"allow":["GET"]}}],"collection":[{"href":"https:\/\/medclinics.com\/tr\/wp-json\/wp\/v2\/pages"}],"about":[{"href":"https:\/\/medclinics.com\/tr\/wp-json\/wp\/v2\/types\/page"}],"author":[{"embeddable":true,"href":"https:\/\/medclinics.com\/tr\/wp-json\/wp\/v2\/users\/4"}],"replies":[{"embeddable":true,"href":"https:\/\/medclinics.com\/tr\/wp-json\/wp\/v2\/comments?post=145627"}],"version-history":[{"count":0,"href":"https:\/\/medclinics.com\/tr\/wp-json\/wp\/v2\/pages\/145627\/revisions"}],"wp:featuredmedia":[{"embeddable":true,"href":"https:\/\/medclinics.com\/tr\/wp-json\/wp\/v2\/media\/85235"}],"wp:attachment":[{"href":"https:\/\/medclinics.com\/tr\/wp-json\/wp\/v2\/media?parent=145627"}],"curies":[{"name":"wp","href":"https:\/\/api.w.org\/{rel}","templated":true}]}}