{"id":145615,"date":"2023-05-15T14:35:51","date_gmt":"2023-05-15T11:35:51","guid":{"rendered":"https:\/\/medclinics.com\/kepce-kulak-estetigi\/"},"modified":"2025-01-03T00:04:01","modified_gmt":"2025-01-02T21:04:01","slug":"kepce-kulak-estetigi","status":"publish","type":"page","link":"https:\/\/medclinics.com\/tr\/kepce-kulak-estetigi\/","title":{"rendered":"Kep\u00e7e Kulak Esteti\u011fi"},"content":{"rendered":"\n<h2 class=\"wp-block-heading\">\u0130stedi\u011finiz g\u00f6r\u00fcn\u00fcm\u00fc elde etmenin bir yolunu ar\u0131yorsan\u0131z, Kep\u00e7e Kulak Esteti\u011fi m\u00fckemmel bir \u00e7\u00f6z\u00fcm olabilir.<\/h2>\n\n<p>Otoplasti veya kulak i\u011fneleme olarak da bilinen kep\u00e7e kulak esteti\u011fi, \u00e7\u0131k\u0131nt\u0131l\u0131 veya kep\u00e7e kulaklar\u0131n g\u00f6r\u00fcn\u00fcm\u00fcn\u00fc iyile\u015ftirmeyi ama\u00e7layan kozmetik bir cerrahi prosed\u00fcrd\u00fcr. Genellikle kulaklar\u0131n\u0131n \u015fekli, boyutu veya konumu konusunda kendini bilin\u00e7li hisseden bireylere uygulan\u0131r.<\/p>\n\n<p>\u0130\u015flem s\u0131ras\u0131nda cerrah k\u0131k\u0131rda\u011fa eri\u015fmek i\u00e7in kulak arkas\u0131ndan kesiler yapar. Daha sonra daha dengeli ve orant\u0131l\u0131 bir kulak \u015fekli olu\u015fturmak i\u00e7in k\u0131k\u0131rda\u011f\u0131 yeniden \u015fekillendirir ve yeniden konumland\u0131r\u0131rlar. Cerrah gerekirse az miktarda fazla deriyi de \u00e7\u0131karabilir. Kesiler tipik olarak kula\u011f\u0131n arkas\u0131ndaki do\u011fal k\u0131vr\u0131mlar\u0131n i\u00e7ine gizlenir ve g\u00f6ze \u00e7arpmaz.<\/p>\n\n<p>Kep\u00e7e kulak <a href=\"https:\/\/istanbul-tourist-information.com\/en\/medical-treatment\/\" target=\"_blank\" rel=\"noreferrer noopener\">esteti\u011fi<\/a>, kep\u00e7e kulak, kulak asimetrisi veya \u015fekilsiz kulaklar gibi \u00e7e\u015fitli endi\u015feleri giderebilir. Prosed\u00fcr tipik olarak lokal anestezi alt\u0131nda ger\u00e7ekle\u015ftirilir ve iyile\u015fme s\u00fcresi de\u011fi\u015fmekle birlikte \u00e7o\u011fu birey bir veya iki hafta i\u00e7inde normal aktivitelerine d\u00f6nebilir.<\/p>\n\n<h3 class=\"wp-block-heading\">Fiyat, bak\u0131m sonras\u0131 ve iyile\u015fme s\u00fcreci de dahil olmak \u00fczere <a href=\"https:\/\/medclinics.com\/tr\/plastik-ve-estetik-cerrahi\/\" target=\"_blank\" rel=\"noreferrer noopener\">estetik cerrahi<\/a> hakk\u0131nda bilmeniz gereken her \u015fey veya <a href=\"#requestform\">bizimle ileti\u015fime<\/a> ge\u00e7in!<\/h3>\n\n<figure class=\"wp-block-image size-large\"><img fetchpriority=\"high\" decoding=\"async\" width=\"4500\" height=\"3000\" class=\"wp-image-85119\" src=\"https:\/\/medclinics.com\/wp-content\/uploads\/2023\/05\/prominent-ear-aesthetics-featured.png\" alt=\"Kep&#xE7;e Kulak Esteti&#x11F;i\" srcset=\"https:\/\/medclinics.com\/wp-content\/uploads\/2023\/05\/prominent-ear-aesthetics-featured.png 4500w, https:\/\/medclinics.com\/wp-content\/uploads\/2023\/05\/prominent-ear-aesthetics-featured-500x333.png 500w, https:\/\/medclinics.com\/wp-content\/uploads\/2023\/05\/prominent-ear-aesthetics-featured-1024x683.png 1024w, https:\/\/medclinics.com\/wp-content\/uploads\/2023\/05\/prominent-ear-aesthetics-featured-768x512.png 768w, https:\/\/medclinics.com\/wp-content\/uploads\/2023\/05\/prominent-ear-aesthetics-featured-1536x1024.png 1536w, https:\/\/medclinics.com\/wp-content\/uploads\/2023\/05\/prominent-ear-aesthetics-featured-2048x1365.png 2048w, https:\/\/medclinics.com\/wp-content\/uploads\/2023\/05\/prominent-ear-aesthetics-featured-24x16.png 24w, https:\/\/medclinics.com\/wp-content\/uploads\/2023\/05\/prominent-ear-aesthetics-featured-36x24.png 36w, https:\/\/medclinics.com\/wp-content\/uploads\/2023\/05\/prominent-ear-aesthetics-featured-48x32.png 48w\" sizes=\"(max-width: 4500px) 100vw, 4500px\" \/><\/figure>\n\n<h2 class=\"wp-block-heading\">SSS<\/h2>\n<div id=\"rank-math-faq\" class=\"rank-math-block\">\n<div class=\"rank-math-list \">\n<div id=\"faq-question-1682666956133\" class=\"rank-math-list-item\">\n<h3 class=\"rank-math-question \">Kep\u00e7e kulaklar genetik midir?<\/h3>\n<div class=\"rank-math-answer \">\n\n<p>Evet, kep\u00e7e kulaklar genetik olabilir. Bu durum genellikle kal\u0131tsald\u0131r ve aile \u00fcyeleri aras\u0131nda aktar\u0131l\u0131r. Ebeveynlerden biri veya her ikisi kep\u00e7e kula\u011fa sahipse, \u00e7ocuklar\u0131n\u0131n da bu \u00f6zelli\u011fe sahip olma olas\u0131l\u0131\u011f\u0131 daha y\u00fcksektir. Bununla birlikte, kep\u00e7e kulaklar\u0131n kal\u0131t\u0131m\u0131n\u0131n her durumda de\u011fi\u015febilece\u011fini ve yaln\u0131zca genetik taraf\u0131ndan belirlenmedi\u011fini unutmamak \u00f6nemlidir. Kulak k\u0131k\u0131rda\u011f\u0131n\u0131n yap\u0131s\u0131 ve \u015fekli gibi di\u011fer fakt\u00f6rler de kulaklar\u0131n belirginli\u011fine katk\u0131da bulunabilir.<\/p>\n\n<\/div>\n<\/div>\n<div id=\"faq-question-1684160796361\" class=\"rank-math-list-item\">\n<h3 class=\"rank-math-question \">Kep\u00e7e kulaklar\u0131m\u0131 ameliyat olmadan nas\u0131l d\u00fczeltebilirim?<\/h3>\n<div class=\"rank-math-answer \">\n\n<p>Otoplasti olarak bilinen cerrahi d\u00fczeltme, kep\u00e7e kulaklar\u0131n tedavisi i\u00e7in en etkili y\u00f6ntem olsa da, g\u00f6r\u00fcn\u00fcmlerini bir dereceye kadar azaltmaya yard\u0131mc\u0131 olabilecek baz\u0131 cerrahi olmayan alternatifler de vard\u0131r. Bir se\u00e7enek, kulaklar\u0131 \u00f6rten veya k\u0131smen gizleyen, daha uzun sa\u00e7lar veya y\u00fcz\u00fcn kenarlar\u0131nda hacim sa\u011flayan stiller gibi farkl\u0131 sa\u00e7 modellerini denemektir. Ayr\u0131ca, kep\u00e7e kulakl\u0131 bebeklerde, k\u0131k\u0131rda\u011f\u0131 yeniden \u015fekillendirmek ve uygun kulak geli\u015fimini te\u015fvik etmek i\u00e7in ya\u015fam\u0131n ilk haftalar\u0131nda veya aylar\u0131nda kulak kal\u0131plama teknikleri kullan\u0131labilir. Ge\u00e7ici olarak daha az belirgin bir kulak ill\u00fczyonu yaratmak i\u00e7in makyaj veya yap\u0131\u015fkan kulak bantlar\u0131 gibi kamuflaj teknikleri de kullan\u0131labilir. Bununla birlikte, bu cerrahi olmayan se\u00e7eneklerin kulaklar\u0131n belirginle\u015fmesine neden olan altta yatan yap\u0131sal sorunu ele almad\u0131\u011f\u0131n\u0131 unutmamak \u00f6nemlidir. Kal\u0131c\u0131 ve daha belirgin bir d\u00fczeltme i\u00e7in tipik olarak kep\u00e7e kulak esteti\u011fi gibi cerrahi m\u00fcdahale \u00f6nerilir. Nitelikli bir plastik cerraha dan\u0131\u015fmak, \u00f6zel durumunuzun ve mevcut tedavi se\u00e7eneklerinin daha iyi anla\u015f\u0131lmas\u0131n\u0131 sa\u011flayabilir.<\/p>\n\n<\/div>\n<\/div>\n<div id=\"faq-question-1684160883326\" class=\"rank-math-list-item\">\n<h3 class=\"rank-math-question \">Kep\u00e7e kulak d\u00fczeltme otoplastisi nedir?<\/h3>\n<div class=\"rank-math-answer \">\n\n<p>Kep\u00e7e kulak esteti\u011fi veya otoplasti, \u00e7\u0131k\u0131nt\u0131l\u0131 veya kep\u00e7e kulaklar\u0131n g\u00f6r\u00fcn\u00fcm\u00fcn\u00fc d\u00fczeltmeyi ama\u00e7layan cerrahi bir prosed\u00fcrd\u00fcr. Kulak d\u00fczeltme esteti\u011fi s\u0131ras\u0131nda cerrah, daha dengeli ve do\u011fal bir kulak konturu olu\u015fturmak i\u00e7in kulak k\u0131k\u0131rda\u011f\u0131n\u0131 yeniden \u015fekillendirir ve yeniden konumland\u0131r\u0131r. Genellikle lokal anestezi alt\u0131nda ger\u00e7ekle\u015ftirilir ve g\u00f6r\u00fcn\u00fcr yara izini en aza indirmek i\u00e7in kesiler kulak arkas\u0131ndan yap\u0131l\u0131r. Kep\u00e7e kulak esteti\u011fi plasti\u011fi, kep\u00e7e kulak, kulak asimetrisi ve \u015fekilsiz kulaklar gibi endi\u015feleri giderebilir ve uzun s\u00fcreli sonu\u00e7lar sa\u011flar. \u00d6zel endi\u015felerinizi tart\u0131\u015fmak ve otoplastinin sizin i\u00e7in uygun olup olmad\u0131\u011f\u0131n\u0131 belirlemek i\u00e7in nitelikli bir plastik cerraha dan\u0131\u015fmak \u00f6nemlidir.<\/p>\n\n<\/div>\n<\/div>\n<\/div>\n<\/div>\n<p>\u00a0<\/p>\n\n<h3 class=\"wp-block-heading\">Herhangi bir sorunuz olmas\u0131 durumunda hemen bizimle ileti\u015fime ge\u00e7in!<\/h3>\n","protected":false},"excerpt":{"rendered":"<p>\u0130stedi\u011finiz g\u00f6r\u00fcn\u00fcm\u00fc elde etmenin bir yolunu ar\u0131yorsan\u0131z, Kep\u00e7e Kulak Esteti\u011fi m\u00fckemmel bir \u00e7\u00f6z\u00fcm olabilir. Otoplasti veya kulak i\u011fneleme olarak da [&hellip;]<\/p>\n","protected":false},"author":4,"featured_media":85127,"parent":0,"menu_order":0,"comment_status":"closed","ping_status":"closed","template":"","meta":{"site-sidebar-layout":"default","site-content-layout":"","ast-site-content-layout":"default","site-content-style":"default","site-sidebar-style":"default","ast-global-header-display":"","ast-banner-title-visibility":"","ast-main-header-display":"","ast-hfb-above-header-display":"","ast-hfb-below-header-display":"","ast-hfb-mobile-header-display":"","site-post-title":"","ast-breadcrumbs-content":"","ast-featured-img":"","footer-sml-layout":"","ast-disable-related-posts":"","theme-transparent-header-meta":"","adv-header-id-meta":"","stick-header-meta":"","header-above-stick-meta":"","header-main-stick-meta":"","header-below-stick-meta":"","astra-migrate-meta-layouts":"default","ast-page-background-enabled":"default","ast-page-background-meta":{"desktop":{"background-color":"var(--ast-global-color-4)","background-image":"","background-repeat":"repeat","background-position":"center center","background-size":"auto","background-attachment":"scroll","background-type":"","background-media":"","overlay-type":"","overlay-color":"","overlay-opacity":"","overlay-gradient":""},"tablet":{"background-color":"","background-image":"","background-repeat":"repeat","background-position":"center center","background-size":"auto","background-attachment":"scroll","background-type":"","background-media":"","overlay-type":"","overlay-color":"","overlay-opacity":"","overlay-gradient":""},"mobile":{"background-color":"","background-image":"","background-repeat":"repeat","background-position":"center center","background-size":"auto","background-attachment":"scroll","background-type":"","background-media":"","overlay-type":"","overlay-color":"","overlay-opacity":"","overlay-gradient":""}},"ast-content-background-meta":{"desktop":{"background-color":"var(--ast-global-color-5)","background-image":"","background-repeat":"repeat","background-position":"center center","background-size":"auto","background-attachment":"scroll","background-type":"","background-media":"","overlay-type":"","overlay-color":"","overlay-opacity":"","overlay-gradient":""},"tablet":{"background-color":"var(--ast-global-color-5)","background-image":"","background-repeat":"repeat","background-position":"center center","background-size":"auto","background-attachment":"scroll","background-type":"","background-media":"","overlay-type":"","overlay-color":"","overlay-opacity":"","overlay-gradient":""},"mobile":{"background-color":"var(--ast-global-color-5)","background-image":"","background-repeat":"repeat","background-position":"center center","background-size":"auto","background-attachment":"scroll","background-type":"","background-media":"","overlay-type":"","overlay-color":"","overlay-opacity":"","overlay-gradient":""}},"footnotes":""},"class_list":["post-145615","page","type-page","status-publish","has-post-thumbnail","hentry"],"_links":{"self":[{"href":"https:\/\/medclinics.com\/tr\/wp-json\/wp\/v2\/pages\/145615","targetHints":{"allow":["GET"]}}],"collection":[{"href":"https:\/\/medclinics.com\/tr\/wp-json\/wp\/v2\/pages"}],"about":[{"href":"https:\/\/medclinics.com\/tr\/wp-json\/wp\/v2\/types\/page"}],"author":[{"embeddable":true,"href":"https:\/\/medclinics.com\/tr\/wp-json\/wp\/v2\/users\/4"}],"replies":[{"embeddable":true,"href":"https:\/\/medclinics.com\/tr\/wp-json\/wp\/v2\/comments?post=145615"}],"version-history":[{"count":0,"href":"https:\/\/medclinics.com\/tr\/wp-json\/wp\/v2\/pages\/145615\/revisions"}],"wp:featuredmedia":[{"embeddable":true,"href":"https:\/\/medclinics.com\/tr\/wp-json\/wp\/v2\/media\/85127"}],"wp:attachment":[{"href":"https:\/\/medclinics.com\/tr\/wp-json\/wp\/v2\/media?parent=145615"}],"curies":[{"name":"wp","href":"https:\/\/api.w.org\/{rel}","templated":true}]}}