{"id":145603,"date":"2023-04-15T14:01:00","date_gmt":"2023-04-15T14:01:00","guid":{"rendered":"https:\/\/medclinics.com\/j-plazma\/"},"modified":"2024-04-01T15:18:34","modified_gmt":"2024-04-01T12:18:34","slug":"j-plazma","status":"publish","type":"page","link":"https:\/\/medclinics.com\/tr\/j-plazma\/","title":{"rendered":"J Plazma"},"content":{"rendered":"\n<h2 class=\"wp-block-heading\">V\u00fccudunuzu s\u0131k\u0131la\u015ft\u0131rmak i\u00e7in en son teknolojiyi ar\u0131yorsan\u0131z, j plazma sizin i\u00e7in en uygun y\u00f6ntem olabilir.<\/h2>\n\n<p>J Plazma, cilt s\u0131k\u0131la\u015ft\u0131rma ve gen\u00e7le\u015ftirme prosed\u00fcrleri i\u00e7in kullan\u0131lan geli\u015fmi\u015f bir t\u0131bbi teknolojidir. Kontroll\u00fc, odaklanm\u0131\u015f bir plazma \u0131\u015f\u0131n\u0131 olu\u015fturmak i\u00e7in helyum gaz\u0131 ve radyofrekans enerjisi kullan\u0131m\u0131n\u0131 birle\u015ftirir. J Plazma cihaz\u0131, enerjiyi k\u00fc\u00e7\u00fck bir el \u00e7ubu\u011fu arac\u0131l\u0131\u011f\u0131yla cildin hedeflenen b\u00f6lgesine iletir.<\/p>\n\n<p>Plazma \u0131\u015f\u0131n\u0131 ciltle temas etti\u011finde dokuyu \u0131s\u0131tarak cildin an\u0131nda kas\u0131lmas\u0131na ve s\u0131k\u0131la\u015fmas\u0131na neden olur. Ek olarak, enerji kolajen \u00fcretimini uyar\u0131r ve bu da zamanla cildin genel dokusunu ve s\u0131k\u0131l\u0131\u011f\u0131n\u0131 iyile\u015ftirmeye yard\u0131mc\u0131 olur.<\/p>\n\n<p>K\u0131r\u0131\u015f\u0131kl\u0131klar\u0131 ve ince \u00e7izgileri azaltmak, gev\u015fek cildi s\u0131k\u0131la\u015ft\u0131rmak, cilt tonunu ve dokusunu iyile\u015ftirmek ve belirli yara izlerini tedavi etmek de dahil olmak \u00fczere \u00e7e\u015fitli endi\u015feleri gidermek i\u00e7in kozmetik ve <a href=\"https:\/\/istanbul-tourist-information.com\/en\/medical-treatment\/\" target=\"_blank\" rel=\"noreferrer noopener\">plastik cerrahi<\/a> prosed\u00fcrlerinde yayg\u0131n olarak kullan\u0131l\u0131r.<\/p>\n\n<h3 class=\"wp-block-heading\">Fiyat, bak\u0131m sonras\u0131 ve iyile\u015fme s\u00fcreci de dahil olmak \u00fczere <a href=\"https:\/\/medclinics.com\/tr\/liposuction-2\/\" target=\"_blank\" rel=\"noreferrer noopener\">liposuction<\/a> hakk\u0131nda bilmeniz gereken her \u015fey veya <a href=\"#requestform\">bizimle ileti\u015fime<\/a> ge\u00e7in!<\/h3>\n\n<figure class=\"wp-block-image size-large\"><img fetchpriority=\"high\" decoding=\"async\" width=\"5760\" height=\"3840\" class=\"wp-image-85042\" src=\"https:\/\/medclinics.com\/wp-content\/uploads\/2023\/05\/vaser-hi-def-liposuction.png\" alt=\"J Plazma\" srcset=\"https:\/\/medclinics.com\/wp-content\/uploads\/2023\/05\/vaser-hi-def-liposuction.png 5760w, https:\/\/medclinics.com\/wp-content\/uploads\/2023\/05\/vaser-hi-def-liposuction-500x333.png 500w, https:\/\/medclinics.com\/wp-content\/uploads\/2023\/05\/vaser-hi-def-liposuction-1024x683.png 1024w, https:\/\/medclinics.com\/wp-content\/uploads\/2023\/05\/vaser-hi-def-liposuction-768x512.png 768w, https:\/\/medclinics.com\/wp-content\/uploads\/2023\/05\/vaser-hi-def-liposuction-1536x1024.png 1536w, https:\/\/medclinics.com\/wp-content\/uploads\/2023\/05\/vaser-hi-def-liposuction-2048x1365.png 2048w, https:\/\/medclinics.com\/wp-content\/uploads\/2023\/05\/vaser-hi-def-liposuction-24x16.png 24w, https:\/\/medclinics.com\/wp-content\/uploads\/2023\/05\/vaser-hi-def-liposuction-36x24.png 36w, https:\/\/medclinics.com\/wp-content\/uploads\/2023\/05\/vaser-hi-def-liposuction-48x32.png 48w\" sizes=\"(max-width: 5760px) 100vw, 5760px\" \/><\/figure>\n\n<h2 class=\"wp-block-heading\">SSS<\/h2>\n<div id=\"rank-math-faq\" class=\"rank-math-block\">\n<div class=\"rank-math-list \">\n<div id=\"faq-question-1684158552538\" class=\"rank-math-list-item\">\n<h3 class=\"rank-math-question \">J plazma buna de\u011fer mi?<\/h3>\n<div class=\"rank-math-answer \">\n\n<p>J Plasma&#8217;n\u0131n de\u011feri bireysel ko\u015fullara ve hedeflere ba\u011fl\u0131d\u0131r. Cilt s\u0131k\u0131la\u015ft\u0131rma, k\u0131r\u0131\u015f\u0131kl\u0131k azaltma ve yara izi tedavisi arayanlar i\u00e7in de\u011ferli bir se\u00e7enek olabilir. Bununla birlikte, endi\u015felerin ciddiyeti, cilt durumu, beklenen sonu\u00e7lar ve maliyet gibi fakt\u00f6rleri g\u00f6z \u00f6n\u00fcnde bulundurmak \u00f6nemlidir. Uygunlu\u011fu de\u011ferlendirmek ve potansiyel faydalar\u0131 ve s\u0131n\u0131rlamalar\u0131 tart\u0131\u015fmak i\u00e7in kalifiye bir profesyonele dan\u0131\u015fmak \u015fartt\u0131r.<\/p>\n\n<\/div>\n<\/div>\n<div id=\"faq-question-1684159005302\" class=\"rank-math-list-item\">\n<h3 class=\"rank-math-question \">J-plazma kal\u0131c\u0131 m\u0131?<\/h3>\n<div class=\"rank-math-answer \">\n\n<p>J Plazma uzun s\u00fcreli sonu\u00e7lar sa\u011flayabilir. Tedavi cilt s\u0131k\u0131l\u0131\u011f\u0131n\u0131 art\u0131rabilir, k\u0131r\u0131\u015f\u0131kl\u0131klar\u0131 azaltabilir ve cildin genel g\u00f6r\u00fcn\u00fcm\u00fcn\u00fc iyile\u015ftirebilir. Bununla birlikte, sonu\u00e7lar\u0131n uzun \u00f6m\u00fcrl\u00fcl\u00fc\u011f\u00fc bireysel cilt \u00f6zellikleri, ya\u015flanma, ya\u015fam tarz\u0131 ve devam eden cilt bak\u0131m\u0131 uygulamalar\u0131 gibi fakt\u00f6rlere ba\u011fl\u0131 olarak de\u011fi\u015febilir. Uzun vadeli iyile\u015fmelere katk\u0131da bulunabilecek kolajen \u00fcretimini uyar\u0131rken, do\u011fal ya\u015flanma s\u00fcreci ve d\u0131\u015f fakt\u00f6rler zaman i\u00e7inde cildi etkileyebilir. J Plasma&#8217;n\u0131n sonu\u00e7lar\u0131n\u0131 korumak i\u00e7in tutarl\u0131 bir cilt bak\u0131m rutini uygulamak, cildi g\u00fcne\u015fe maruz kalmaktan korumak ve sa\u011fl\u0131kl\u0131 bir ya\u015fam tarz\u0131 benimsemek \u00f6nemlidir. J Plazma konusunda uzmanla\u015fm\u0131\u015f nitelikli bir t\u0131p uzman\u0131na dan\u0131\u015fmak, beklenen sonu\u00e7 s\u00fcresinin daha iyi anla\u015f\u0131lmas\u0131n\u0131 ve uzun vadeli bak\u0131m i\u00e7in ki\u015fiselle\u015ftirilmi\u015f \u00f6neriler sa\u011flayabilir.<\/p>\n\n<\/div>\n<\/div>\n<div id=\"faq-question-1684159135117\" class=\"rank-math-list-item\">\n<h3 class=\"rank-math-question \">Lipo olmadan j plazma yap\u0131labilir mi?<\/h3>\n<div class=\"rank-math-answer \">\n\n<p>Evet, J Plazma liposuctiona gerek kalmadan tek ba\u015f\u0131na bir tedavi olarak uygulanabilir. Genellikle cilt s\u0131k\u0131la\u015ft\u0131rma ve \u015fekillendirmeyi geli\u015ftirmek i\u00e7in liposuction prosed\u00fcrleriyle birlikte kullan\u0131l\u0131rken, cilt s\u0131k\u0131la\u015ft\u0131rma, k\u0131r\u0131\u015f\u0131kl\u0131k azaltma ve yara izi tedavisi gibi belirli endi\u015feleri gidermek i\u00e7in tek ba\u015f\u0131na da kullan\u0131labilir. Ba\u011f\u0131ms\u0131z bir J Plazma tedavisi s\u0131ras\u0131nda plazma enerjisi, kolajen \u00fcretimini te\u015fvik etmek ve cildin s\u0131k\u0131la\u015fmas\u0131n\u0131 sa\u011flamak i\u00e7in cildin hedeflenen b\u00f6lgelerine y\u00f6nlendirilir. Bu, liposuction yoluyla ek ya\u011f al\u0131m\u0131na gerek kalmadan cildin genel dokusunu, s\u0131k\u0131l\u0131\u011f\u0131n\u0131 ve g\u00f6r\u00fcn\u00fcm\u00fcn\u00fc iyile\u015ftirmeye yard\u0131mc\u0131 olabilir.<\/p>\n\n<\/div>\n<\/div>\n<\/div>\n<\/div>\n<h3 class=\"wp-block-heading\">Herhangi bir sorunuz olmas\u0131 durumunda hemen bizimle ileti\u015fime ge\u00e7in!<\/h3>\n","protected":false},"excerpt":{"rendered":"<p>V\u00fccudunuzu s\u0131k\u0131la\u015ft\u0131rmak i\u00e7in en son teknolojiyi ar\u0131yorsan\u0131z, j plazma sizin i\u00e7in en uygun y\u00f6ntem olabilir. J Plazma, cilt s\u0131k\u0131la\u015ft\u0131rma ve [&hellip;]<\/p>\n","protected":false},"author":4,"featured_media":84998,"parent":0,"menu_order":0,"comment_status":"closed","ping_status":"closed","template":"","meta":{"site-sidebar-layout":"default","site-content-layout":"","ast-site-content-layout":"default","site-content-style":"default","site-sidebar-style":"default","ast-global-header-display":"","ast-banner-title-visibility":"","ast-main-header-display":"","ast-hfb-above-header-display":"","ast-hfb-below-header-display":"","ast-hfb-mobile-header-display":"","site-post-title":"","ast-breadcrumbs-content":"","ast-featured-img":"","footer-sml-layout":"","ast-disable-related-posts":"","theme-transparent-header-meta":"","adv-header-id-meta":"","stick-header-meta":"","header-above-stick-meta":"","header-main-stick-meta":"","header-below-stick-meta":"","astra-migrate-meta-layouts":"default","ast-page-background-enabled":"default","ast-page-background-meta":{"desktop":{"background-color":"var(--ast-global-color-4)","background-image":"","background-repeat":"repeat","background-position":"center center","background-size":"auto","background-attachment":"scroll","background-type":"","background-media":"","overlay-type":"","overlay-color":"","overlay-opacity":"","overlay-gradient":""},"tablet":{"background-color":"","background-image":"","background-repeat":"repeat","background-position":"center center","background-size":"auto","background-attachment":"scroll","background-type":"","background-media":"","overlay-type":"","overlay-color":"","overlay-opacity":"","overlay-gradient":""},"mobile":{"background-color":"","background-image":"","background-repeat":"repeat","background-position":"center center","background-size":"auto","background-attachment":"scroll","background-type":"","background-media":"","overlay-type":"","overlay-color":"","overlay-opacity":"","overlay-gradient":""}},"ast-content-background-meta":{"desktop":{"background-color":"var(--ast-global-color-5)","background-image":"","background-repeat":"repeat","background-position":"center center","background-size":"auto","background-attachment":"scroll","background-type":"","background-media":"","overlay-type":"","overlay-color":"","overlay-opacity":"","overlay-gradient":""},"tablet":{"background-color":"var(--ast-global-color-5)","background-image":"","background-repeat":"repeat","background-position":"center center","background-size":"auto","background-attachment":"scroll","background-type":"","background-media":"","overlay-type":"","overlay-color":"","overlay-opacity":"","overlay-gradient":""},"mobile":{"background-color":"var(--ast-global-color-5)","background-image":"","background-repeat":"repeat","background-position":"center center","background-size":"auto","background-attachment":"scroll","background-type":"","background-media":"","overlay-type":"","overlay-color":"","overlay-opacity":"","overlay-gradient":""}},"footnotes":""},"class_list":["post-145603","page","type-page","status-publish","has-post-thumbnail","hentry"],"_links":{"self":[{"href":"https:\/\/medclinics.com\/tr\/wp-json\/wp\/v2\/pages\/145603","targetHints":{"allow":["GET"]}}],"collection":[{"href":"https:\/\/medclinics.com\/tr\/wp-json\/wp\/v2\/pages"}],"about":[{"href":"https:\/\/medclinics.com\/tr\/wp-json\/wp\/v2\/types\/page"}],"author":[{"embeddable":true,"href":"https:\/\/medclinics.com\/tr\/wp-json\/wp\/v2\/users\/4"}],"replies":[{"embeddable":true,"href":"https:\/\/medclinics.com\/tr\/wp-json\/wp\/v2\/comments?post=145603"}],"version-history":[{"count":0,"href":"https:\/\/medclinics.com\/tr\/wp-json\/wp\/v2\/pages\/145603\/revisions"}],"wp:featuredmedia":[{"embeddable":true,"href":"https:\/\/medclinics.com\/tr\/wp-json\/wp\/v2\/media\/84998"}],"wp:attachment":[{"href":"https:\/\/medclinics.com\/tr\/wp-json\/wp\/v2\/media?parent=145603"}],"curies":[{"name":"wp","href":"https:\/\/api.w.org\/{rel}","templated":true}]}}