{"id":145593,"date":"2023-04-15T13:28:00","date_gmt":"2023-04-15T13:28:00","guid":{"rendered":"https:\/\/medclinics.com\/vaser-hi-def-liposuction-2\/"},"modified":"2024-04-01T17:27:09","modified_gmt":"2024-04-01T14:27:09","slug":"vaser-hi-def-liposuction-2","status":"publish","type":"page","link":"https:\/\/medclinics.com\/tr\/vaser-hi-def-liposuction-2\/","title":{"rendered":"Vaser Hi-Def Liposuction"},"content":{"rendered":"\n<h2 class=\"wp-block-heading\">\u015eekillendirilmi\u015f bir v\u00fccut elde etmenin bir yolunu ar\u0131yorsan\u0131z, Vaser Hi-Def Liposuction m\u00fckemmel bir \u00e7\u00f6z\u00fcm olabilir.<\/h2>\n\n<p>Vaser Hi-Def liposuction, daha atletik ve belirgin konturlar olu\u015fturmay\u0131 ama\u00e7layan geli\u015fmi\u015f bir v\u00fccut \u015fekillendirme tekni\u011fidir. Kas belirginli\u011fini art\u0131rmak i\u00e7in hem y\u00fczeysel hem de derin ya\u011f katmanlar\u0131n\u0131 hassas bir \u015fekilde hedeflemek ve \u00e7\u0131karmak i\u00e7in ultrason teknolojisini kullanan \u00f6zel bir Vaser <a href=\"https:\/\/istanbul-tourist-information.com\/en\/medical-treatment\/\" target=\"_blank\" rel=\"noreferrer noopener\">liposuction<\/a> \u015feklidir.<\/p>\n\n<p>Prosed\u00fcr s\u0131ras\u0131nda cerrah, \u015fekillendirilmi\u015f bir g\u00f6r\u00fcn\u00fcm olu\u015fturmak i\u00e7in belirli kas gruplar\u0131n\u0131n etraf\u0131ndaki fazla ya\u011f\u0131 stratejik olarak al\u0131r. Bu teknik, kesin sonu\u00e7lar elde etmek ve istenen atletik konturu olu\u015fturmak i\u00e7in y\u00fcksek d\u00fczeyde beceri ve uzmanl\u0131k gerektirir.<\/p>\n\n<p>Vaser Hi-Def liposuction tipik olarak altta yatan iyi bir kas yap\u0131s\u0131na sahip olan ancak kas tan\u0131m\u0131n\u0131 gizleyen inat\u00e7\u0131 ya\u011f birikintileriyle m\u00fccadele eden bireylere uygulan\u0131r. Genellikle kar\u0131n, g\u00f6\u011f\u00fcs, kollar, s\u0131rt ve uyluk gibi b\u00f6lgeleri geli\u015ftirmek i\u00e7in kullan\u0131l\u0131r.<\/p>\n\n<h3 class=\"wp-block-heading\">Fiyat, bak\u0131m sonras\u0131 ve iyile\u015fme s\u00fcreci de dahil olmak \u00fczere <a href=\"https:\/\/medclinics.com\/tr\/liposuction-2\/\" target=\"_blank\" rel=\"noreferrer noopener\">liposuction<\/a> hakk\u0131nda bilmeniz gereken her \u015fey veya <a href=\"#requestform\">bizimle ileti\u015fime<\/a> ge\u00e7in!<\/h3>\n\n<figure class=\"wp-block-image size-large\"><img fetchpriority=\"high\" decoding=\"async\" width=\"9504\" height=\"6336\" src=\"https:\/\/medclinics.com\/wp-content\/uploads\/2023\/05\/vaser-hi-def-liposuction-.png\" alt=\"Vaser Hi-Def Liposuction &#x130;stanbul T&#xFC;rkiye\" class=\"wp-image-85032\" srcset=\"https:\/\/medclinics.com\/wp-content\/uploads\/2023\/05\/vaser-hi-def-liposuction-.png 9504w, https:\/\/medclinics.com\/wp-content\/uploads\/2023\/05\/vaser-hi-def-liposuction--500x333.png 500w, https:\/\/medclinics.com\/wp-content\/uploads\/2023\/05\/vaser-hi-def-liposuction--1024x683.png 1024w, https:\/\/medclinics.com\/wp-content\/uploads\/2023\/05\/vaser-hi-def-liposuction--768x512.png 768w, https:\/\/medclinics.com\/wp-content\/uploads\/2023\/05\/vaser-hi-def-liposuction--1536x1024.png 1536w, https:\/\/medclinics.com\/wp-content\/uploads\/2023\/05\/vaser-hi-def-liposuction--2048x1365.png 2048w, https:\/\/medclinics.com\/wp-content\/uploads\/2023\/05\/vaser-hi-def-liposuction--24x16.png 24w, https:\/\/medclinics.com\/wp-content\/uploads\/2023\/05\/vaser-hi-def-liposuction--36x24.png 36w, https:\/\/medclinics.com\/wp-content\/uploads\/2023\/05\/vaser-hi-def-liposuction--48x32.png 48w\" sizes=\"(max-width: 9504px) 100vw, 9504px\" \/><\/figure>\n\n<h2 class=\"wp-block-heading\">SSS<\/h2>\n<div id=\"rank-math-faq\" class=\"rank-math-block\">\n<div class=\"rank-math-list \">\n<div id=\"faq-question-1682666956133\" class=\"rank-math-list-item\">\n<h3 class=\"rank-math-question \">Vaser Hi-Def liposuction nedir?<\/h3>\n<div class=\"rank-math-answer \">\n\n<p>Vaser Hi-Def liposuction, kas tan\u0131m\u0131n\u0131 iyile\u015ftirmek ve fazla ya\u011f\u0131 ortadan kald\u0131rmak i\u00e7in ultrasonik teknolojiyi hassas bir \u015fekilde kullanan ve hastaya daha atletik ve belirgin bir g\u00f6r\u00fcnt\u00fc veren son teknoloji bir v\u00fccut \u015fekillendirme prosed\u00fcr\u00fcd\u00fcr.<\/p>\n\n<\/div>\n<\/div>\n<div id=\"faq-question-1684156392775\" class=\"rank-math-list-item\">\n<h3 class=\"rank-math-question \">Vaser Hi-Def liposuction T\u00fcrkiye nas\u0131ld\u0131r?<\/h3>\n<div class=\"rank-math-answer \">\n\n<p>T\u00fcrkiye, Vaser Hi-Def liposuction da dahil olmak \u00fczere \u00e7e\u015fitli kozmetik prosed\u00fcrler sunan medikal turizm alan\u0131ndaki itibar\u0131yla bilinmektedir. T\u00fcrkiye&#8217;de bunun kalitesi, se\u00e7ti\u011finiz belirli klinik veya cerraha ba\u011fl\u0131 olacakt\u0131r. Bu t\u00fcr liposuction konusunda uzmanla\u015fm\u0131\u015f sayg\u0131n ve deneyimli bir plastik cerrah\u0131 iyice ara\u015ft\u0131rmak ve se\u00e7mek \u00e7ok \u00f6nemlidir. Hasta yorumlar\u0131n\u0131 okumak, nitelikleri de\u011ferlendirmek ve bir kons\u00fcltasyon s\u0131ras\u0131nda se\u00e7ilen cerrahla prosed\u00fcr\u00fc tart\u0131\u015fmak, T\u00fcrkiye&#8217;deki liposuction kalitesi hakk\u0131nda bilgi sa\u011flayabilir.<\/p>\n\n<\/div>\n<\/div>\n<\/div>\n<\/div>\n<p>\u00a0<\/p>\n\n<h3 class=\"wp-block-heading\">Herhangi bir sorunuz olmas\u0131 durumunda hemen bizimle ileti\u015fime ge\u00e7in!<\/h3>\n","protected":false},"excerpt":{"rendered":"<p>\u015eekillendirilmi\u015f bir v\u00fccut elde etmenin bir yolunu ar\u0131yorsan\u0131z, Vaser Hi-Def Liposuction m\u00fckemmel bir \u00e7\u00f6z\u00fcm olabilir. Vaser Hi-Def liposuction, daha atletik [&hellip;]<\/p>\n","protected":false},"author":4,"featured_media":85042,"parent":0,"menu_order":0,"comment_status":"closed","ping_status":"closed","template":"","meta":{"site-sidebar-layout":"default","site-content-layout":"","ast-site-content-layout":"default","site-content-style":"default","site-sidebar-style":"default","ast-global-header-display":"","ast-banner-title-visibility":"","ast-main-header-display":"","ast-hfb-above-header-display":"","ast-hfb-below-header-display":"","ast-hfb-mobile-header-display":"","site-post-title":"","ast-breadcrumbs-content":"","ast-featured-img":"","footer-sml-layout":"","ast-disable-related-posts":"","theme-transparent-header-meta":"","adv-header-id-meta":"","stick-header-meta":"","header-above-stick-meta":"","header-main-stick-meta":"","header-below-stick-meta":"","astra-migrate-meta-layouts":"default","ast-page-background-enabled":"default","ast-page-background-meta":{"desktop":{"background-color":"var(--ast-global-color-4)","background-image":"","background-repeat":"repeat","background-position":"center center","background-size":"auto","background-attachment":"scroll","background-type":"","background-media":"","overlay-type":"","overlay-color":"","overlay-opacity":"","overlay-gradient":""},"tablet":{"background-color":"","background-image":"","background-repeat":"repeat","background-position":"center center","background-size":"auto","background-attachment":"scroll","background-type":"","background-media":"","overlay-type":"","overlay-color":"","overlay-opacity":"","overlay-gradient":""},"mobile":{"background-color":"","background-image":"","background-repeat":"repeat","background-position":"center center","background-size":"auto","background-attachment":"scroll","background-type":"","background-media":"","overlay-type":"","overlay-color":"","overlay-opacity":"","overlay-gradient":""}},"ast-content-background-meta":{"desktop":{"background-color":"var(--ast-global-color-5)","background-image":"","background-repeat":"repeat","background-position":"center center","background-size":"auto","background-attachment":"scroll","background-type":"","background-media":"","overlay-type":"","overlay-color":"","overlay-opacity":"","overlay-gradient":""},"tablet":{"background-color":"var(--ast-global-color-5)","background-image":"","background-repeat":"repeat","background-position":"center center","background-size":"auto","background-attachment":"scroll","background-type":"","background-media":"","overlay-type":"","overlay-color":"","overlay-opacity":"","overlay-gradient":""},"mobile":{"background-color":"var(--ast-global-color-5)","background-image":"","background-repeat":"repeat","background-position":"center center","background-size":"auto","background-attachment":"scroll","background-type":"","background-media":"","overlay-type":"","overlay-color":"","overlay-opacity":"","overlay-gradient":""}},"footnotes":""},"class_list":["post-145593","page","type-page","status-publish","has-post-thumbnail","hentry"],"_links":{"self":[{"href":"https:\/\/medclinics.com\/tr\/wp-json\/wp\/v2\/pages\/145593","targetHints":{"allow":["GET"]}}],"collection":[{"href":"https:\/\/medclinics.com\/tr\/wp-json\/wp\/v2\/pages"}],"about":[{"href":"https:\/\/medclinics.com\/tr\/wp-json\/wp\/v2\/types\/page"}],"author":[{"embeddable":true,"href":"https:\/\/medclinics.com\/tr\/wp-json\/wp\/v2\/users\/4"}],"replies":[{"embeddable":true,"href":"https:\/\/medclinics.com\/tr\/wp-json\/wp\/v2\/comments?post=145593"}],"version-history":[{"count":0,"href":"https:\/\/medclinics.com\/tr\/wp-json\/wp\/v2\/pages\/145593\/revisions"}],"wp:featuredmedia":[{"embeddable":true,"href":"https:\/\/medclinics.com\/tr\/wp-json\/wp\/v2\/media\/85042"}],"wp:attachment":[{"href":"https:\/\/medclinics.com\/tr\/wp-json\/wp\/v2\/media?parent=145593"}],"curies":[{"name":"wp","href":"https:\/\/api.w.org\/{rel}","templated":true}]}}