{"id":145583,"date":"2023-05-15T13:26:42","date_gmt":"2023-05-15T10:26:42","guid":{"rendered":"https:\/\/medclinics.com\/diseti-estetigi\/"},"modified":"2025-01-02T15:57:24","modified_gmt":"2025-01-02T12:57:24","slug":"diseti-estetigi","status":"publish","type":"page","link":"https:\/\/medclinics.com\/tr\/diseti-estetigi\/","title":{"rendered":"Di\u015feti Esteti\u011fi"},"content":{"rendered":"\n<h2 class=\"wp-block-heading\">Di\u015f etlerinizin \u00e7ekilmesinden mi \u015fikayet\u00e7isiniz? O zaman di\u015f eti esteti\u011fine ihtiyac\u0131n\u0131z var!<\/h2>\n\n<p>Di\u015f eti esteti\u011fi, di\u015f eti problemlerini d\u00fczeltmek i\u00e7in yap\u0131lan bir dizi estetik i\u015flemdir. Di\u015f eti sorunlar\u0131 aras\u0131nda di\u015f eti \u00e7ekilmesi, di\u015f eti fazlal\u0131\u011f\u0131, di\u015f eti renginde ve \u015feklinde anormallikler yer al\u0131r.<\/p>\n\n<p>Di\u015f eti <a href=\"https:\/\/en.wikipedia.org\/wiki\/Gingivectomy\" target=\"_blank\" rel=\"noreferrer noopener\">esteti\u011finde<\/a>, di\u015f etlerinin g\u00f6r\u00fcn\u00fcm\u00fcn\u00fc ve esteti\u011fini iyile\u015ftirmek i\u00e7in \u00e7e\u015fitli teknikler kullan\u0131l\u0131r. Bunlar aras\u0131nda cerrahi di\u015f eti d\u00fczeltme, di\u015f eti grefti, lazer tedavileri, di\u015f eti renk de\u011fi\u015fikli\u011fi ve kapat\u0131lmas\u0131, di\u015f eti dolgular\u0131 ve di\u015f eti protezleri yer almaktad\u0131r.<\/p>\n\n<p>Estetik di\u015f eti prosed\u00fcrleri, di\u015f eti sa\u011fl\u0131\u011f\u0131na ve a\u011f\u0131z hijyenine b\u00fcy\u00fck \u00f6nem veren bir di\u015f hekimi taraf\u0131ndan ger\u00e7ekle\u015ftirilmelidir. Bu sayede estetik i\u015flem s\u0131ras\u0131nda di\u015f etlerine zarar vermeden sa\u011fl\u0131kl\u0131 ve estetik bir sonu\u00e7 elde edilebilir.<\/p>\n\n<h3 class=\"wp-block-heading\">Fiyat, bak\u0131m sonras\u0131 ve iyile\u015fme s\u00fcreci de dahil olmak \u00fczere <a href=\"https:\/\/medclinics.com\/dental-treatment\/\" target=\"_blank\" rel=\"noreferrer noopener\">di\u015f tedavileri<\/a> hakk\u0131nda bilmeniz gereken her \u015fey veya <a href=\"#requestform\">bizimle ileti\u015fime<\/a> ge\u00e7in!<\/h3>\n\n<figure class=\"wp-block-image size-full\"><img fetchpriority=\"high\" decoding=\"async\" width=\"960\" height=\"580\" src=\"https:\/\/medclinics.com\/wp-content\/uploads\/2023\/05\/Gingival-aesthetics-.jpg\" alt=\"\" class=\"wp-image-85025\" srcset=\"https:\/\/medclinics.com\/wp-content\/uploads\/2023\/05\/Gingival-aesthetics-.jpg 960w, https:\/\/medclinics.com\/wp-content\/uploads\/2023\/05\/Gingival-aesthetics--500x302.jpg 500w, https:\/\/medclinics.com\/wp-content\/uploads\/2023\/05\/Gingival-aesthetics--768x464.jpg 768w, https:\/\/medclinics.com\/wp-content\/uploads\/2023\/05\/Gingival-aesthetics--24x15.jpg 24w, https:\/\/medclinics.com\/wp-content\/uploads\/2023\/05\/Gingival-aesthetics--36x22.jpg 36w, https:\/\/medclinics.com\/wp-content\/uploads\/2023\/05\/Gingival-aesthetics--48x29.jpg 48w\" sizes=\"(max-width: 960px) 100vw, 960px\" \/><\/figure>\n\n<h3 class=\"wp-block-heading\">SSS<\/h3>\n<div id=\"rank-math-faq\" class=\"rank-math-block\">\n<div class=\"rank-math-list \">\n<div id=\"faq-question-1683898477333\" class=\"rank-math-list-item\">\n<h3 class=\"rank-math-question \">Di\u015feti g\u00fcl\u00fc\u015f\u00fc nedir?<\/h3>\n<div class=\"rank-math-answer \">\n\n<p>A\u015f\u0131r\u0131 di\u015f eti olarak da bilinen Di\u015f Eti G\u00fcl\u00fc\u015f\u00fc kozmetik bir sorundur. G\u00fcl\u00fcmserken \u00e7ok fazla sak\u0131z g\u00f6sterilir. Bu durum di\u015flerin daha k\u0131sa g\u00f6r\u00fcnmesine ve g\u00fcl\u00fcmsemenin sak\u0131z gibi olmas\u0131na neden olur. Bunun nedeni hiperaktif bir \u00fcst dudak kas\u0131, k\u0131sa bir \u00fcst dudak veya a\u015f\u0131r\u0131 b\u00fcy\u00fcm\u00fc\u015f bir di\u015f eti \u00e7izgisi olabilir. Tedavi ortodontik veya cerrahi olabilir ve di\u015f hekimi her ikisinin bir kombinasyonunu da \u00f6nerebilir.<\/p>\n\n<\/div>\n<\/div>\n<div id=\"faq-question-1683898525995\" class=\"rank-math-list-item\">\n<h3 class=\"rank-math-question \">Di\u015feti esteti\u011fi nedir?<\/h3>\n<div class=\"rank-math-answer \">\n\n<p>Di\u015f eti esteti\u011fi veya periodontal plastik cerrahi olarak da bilinen di\u015f eti esteti\u011fi, di\u015f etlerinin ve di\u015f \u00e7evresindeki yumu\u015fak dokular\u0131n g\u00f6r\u00fcn\u00fcm\u00fcn\u00fc iyile\u015ftirmeye odaklanan bir di\u015f hekimli\u011fi dal\u0131d\u0131r.<\/p>\n\n<\/div>\n<\/div>\n<div id=\"faq-question-1683898720036\" class=\"rank-math-list-item\">\n<h3 class=\"rank-math-question \">Di\u015f eti t\u00fcrleri nelerdir?<\/h3>\n<div class=\"rank-math-answer \">\n\n<p>\u0130ki tip di\u015feti vard\u0131r; sert olan ve di\u015fleri \u00e7evreleyen yap\u0131\u015f\u0131k di\u015feti ve hareketli olan ve dudaklar\u0131n, yanaklar\u0131n, a\u011f\u0131z taban\u0131n\u0131n ve dilin alt taraf\u0131n\u0131n i\u00e7 y\u00fczeylerini kaplayan mukozal di\u015feti.<\/p>\n\n<\/div>\n<\/div>\n<\/div>\n<\/div>\n<p>\u00a0<\/p>\n\n<h3 class=\"wp-block-heading\">Herhangi bir sorunuz olmas\u0131 durumunda hemen bizimle ileti\u015fime ge\u00e7in!<\/h3>\n","protected":false},"excerpt":{"rendered":"<p>Di\u015f etlerinizin \u00e7ekilmesinden mi \u015fikayet\u00e7isiniz? O zaman di\u015f eti esteti\u011fine ihtiyac\u0131n\u0131z var! Di\u015f eti esteti\u011fi, di\u015f eti problemlerini d\u00fczeltmek i\u00e7in [&hellip;]<\/p>\n","protected":false},"author":4,"featured_media":92277,"parent":0,"menu_order":0,"comment_status":"closed","ping_status":"closed","template":"","meta":{"site-sidebar-layout":"default","site-content-layout":"","ast-site-content-layout":"default","site-content-style":"default","site-sidebar-style":"default","ast-global-header-display":"","ast-banner-title-visibility":"","ast-main-header-display":"","ast-hfb-above-header-display":"","ast-hfb-below-header-display":"","ast-hfb-mobile-header-display":"","site-post-title":"","ast-breadcrumbs-content":"","ast-featured-img":"","footer-sml-layout":"","ast-disable-related-posts":"","theme-transparent-header-meta":"","adv-header-id-meta":"","stick-header-meta":"","header-above-stick-meta":"","header-main-stick-meta":"","header-below-stick-meta":"","astra-migrate-meta-layouts":"default","ast-page-background-enabled":"default","ast-page-background-meta":{"desktop":{"background-color":"var(--ast-global-color-4)","background-image":"","background-repeat":"repeat","background-position":"center center","background-size":"auto","background-attachment":"scroll","background-type":"","background-media":"","overlay-type":"","overlay-color":"","overlay-opacity":"","overlay-gradient":""},"tablet":{"background-color":"","background-image":"","background-repeat":"repeat","background-position":"center center","background-size":"auto","background-attachment":"scroll","background-type":"","background-media":"","overlay-type":"","overlay-color":"","overlay-opacity":"","overlay-gradient":""},"mobile":{"background-color":"","background-image":"","background-repeat":"repeat","background-position":"center center","background-size":"auto","background-attachment":"scroll","background-type":"","background-media":"","overlay-type":"","overlay-color":"","overlay-opacity":"","overlay-gradient":""}},"ast-content-background-meta":{"desktop":{"background-color":"var(--ast-global-color-5)","background-image":"","background-repeat":"repeat","background-position":"center center","background-size":"auto","background-attachment":"scroll","background-type":"","background-media":"","overlay-type":"","overlay-color":"","overlay-opacity":"","overlay-gradient":""},"tablet":{"background-color":"var(--ast-global-color-5)","background-image":"","background-repeat":"repeat","background-position":"center center","background-size":"auto","background-attachment":"scroll","background-type":"","background-media":"","overlay-type":"","overlay-color":"","overlay-opacity":"","overlay-gradient":""},"mobile":{"background-color":"var(--ast-global-color-5)","background-image":"","background-repeat":"repeat","background-position":"center center","background-size":"auto","background-attachment":"scroll","background-type":"","background-media":"","overlay-type":"","overlay-color":"","overlay-opacity":"","overlay-gradient":""}},"footnotes":""},"class_list":["post-145583","page","type-page","status-publish","has-post-thumbnail","hentry"],"_links":{"self":[{"href":"https:\/\/medclinics.com\/tr\/wp-json\/wp\/v2\/pages\/145583","targetHints":{"allow":["GET"]}}],"collection":[{"href":"https:\/\/medclinics.com\/tr\/wp-json\/wp\/v2\/pages"}],"about":[{"href":"https:\/\/medclinics.com\/tr\/wp-json\/wp\/v2\/types\/page"}],"author":[{"embeddable":true,"href":"https:\/\/medclinics.com\/tr\/wp-json\/wp\/v2\/users\/4"}],"replies":[{"embeddable":true,"href":"https:\/\/medclinics.com\/tr\/wp-json\/wp\/v2\/comments?post=145583"}],"version-history":[{"count":0,"href":"https:\/\/medclinics.com\/tr\/wp-json\/wp\/v2\/pages\/145583\/revisions"}],"wp:featuredmedia":[{"embeddable":true,"href":"https:\/\/medclinics.com\/tr\/wp-json\/wp\/v2\/media\/92277"}],"wp:attachment":[{"href":"https:\/\/medclinics.com\/tr\/wp-json\/wp\/v2\/media?parent=145583"}],"curies":[{"name":"wp","href":"https:\/\/api.w.org\/{rel}","templated":true}]}}