{"id":145567,"date":"2023-04-15T12:56:49","date_gmt":"2023-04-15T12:56:49","guid":{"rendered":"https:\/\/medclinics.com\/vaser-liposuction-2\/"},"modified":"2024-04-01T17:27:10","modified_gmt":"2024-04-01T14:27:10","slug":"vaser-liposuction-2","status":"publish","type":"page","link":"https:\/\/medclinics.com\/tr\/vaser-liposuction-2\/","title":{"rendered":"Vaser Liposuction"},"content":{"rendered":"\n<h2 class=\"wp-block-heading\">Daha bi\u00e7imli bir g\u00f6r\u00fcn\u00fcm elde etmek i\u00e7in bir yol ar\u0131yorsan\u0131z, Vaser Liposuction m\u00fckemmel bir \u00e7\u00f6z\u00fcm olabilir.<\/h2>\n\n<p>Vaser liposuction, istenmeyen ya\u011f birikintilerini se\u00e7ici olarak par\u00e7alamak ve \u00e7\u0131karmak i\u00e7in ultrason teknolojisini kullanan \u00f6zel bir liposuction \u015feklidir. Kar\u0131n, uyluk, kollar veya a\u015fk tutama\u00e7lar\u0131 gibi v\u00fccudun belirli b\u00f6lgelerini hedefleyebilen minimal invaziv bir kozmetik prosed\u00fcrd\u00fcr.<\/p>\n\n<p>Vaser <a href=\"https:\/\/istanbul-tourist-information.com\/en\/medical-treatment\/\" target=\"_blank\" rel=\"noreferrer noopener\">liposuction<\/a> s\u0131ras\u0131nda, cerrah hedeflenen b\u00f6lgede k\u00fc\u00e7\u00fck kesikler a\u00e7ar ve b\u00f6lgeyi uyu\u015fturmaya ve kan damarlar\u0131n\u0131 k\u00fc\u00e7\u00fcltmeye yard\u0131mc\u0131 olan \u015fi\u015fen bir sol\u00fcsyon enjekte eder. Daha sonra ultrasonik enerji yayan k\u00fc\u00e7\u00fck bir prob yerle\u015ftirilir, bu da \u00e7evre dokular\u0131 korurken ya\u011f h\u00fccrelerini par\u00e7alar. S\u0131v\u0131la\u015ft\u0131r\u0131lm\u0131\u015f ya\u011f daha sonra ince bir kan\u00fcl arac\u0131l\u0131\u011f\u0131yla emilir.<\/p>\n\n<p>Avantaj\u0131, \u00e7evre dokulara verilen hasar\u0131 en aza indirirken \u00f6zellikle ya\u011f h\u00fccrelerini hedef almas\u0131d\u0131r; bu da geleneksel liposuction tekniklerine k\u0131yasla daha az travma, daha az kesinti s\u00fcresi ve potansiyel olarak daha p\u00fcr\u00fczs\u00fcz sonu\u00e7lar sa\u011flar. Bununla birlikte, her cerrahi prosed\u00fcr gibi, belirli riskler ta\u015f\u0131r ve bireyin \u00f6zel ihtiya\u00e7lar\u0131 ve hedefleri i\u00e7in uygun olup olmad\u0131\u011f\u0131n\u0131 belirlemek i\u00e7in nitelikli bir plastik cerrahla kons\u00fcltasyon gerektirir.<\/p>\n\n<h3 class=\"wp-block-heading\">Fiyat, bak\u0131m sonras\u0131 ve iyile\u015fme s\u00fcreci de dahil olmak \u00fczere <a href=\"https:\/\/medclinics.com\/tr\/liposuction-2\/\" target=\"_blank\" rel=\"noreferrer noopener\">liposuction<\/a> hakk\u0131nda bilmeniz gereken her \u015fey veya <a href=\"#requestform\">bizimle ileti\u015fime<\/a> ge\u00e7in!<\/h3>\n\n<figure class=\"wp-block-image size-large\"><img fetchpriority=\"high\" decoding=\"async\" width=\"5760\" height=\"3840\" src=\"https:\/\/medclinics.com\/wp-content\/uploads\/2023\/05\/vaser-liposuction.png\" alt=\"&#x130;stanbul T&#xFC;rkiye'de Vaser Liposuction\" class=\"wp-image-84998\" srcset=\"https:\/\/medclinics.com\/wp-content\/uploads\/2023\/05\/vaser-liposuction.png 5760w, https:\/\/medclinics.com\/wp-content\/uploads\/2023\/05\/vaser-liposuction-500x333.png 500w, https:\/\/medclinics.com\/wp-content\/uploads\/2023\/05\/vaser-liposuction-1024x683.png 1024w, https:\/\/medclinics.com\/wp-content\/uploads\/2023\/05\/vaser-liposuction-768x512.png 768w, https:\/\/medclinics.com\/wp-content\/uploads\/2023\/05\/vaser-liposuction-1536x1024.png 1536w, https:\/\/medclinics.com\/wp-content\/uploads\/2023\/05\/vaser-liposuction-2048x1365.png 2048w, https:\/\/medclinics.com\/wp-content\/uploads\/2023\/05\/vaser-liposuction-24x16.png 24w, https:\/\/medclinics.com\/wp-content\/uploads\/2023\/05\/vaser-liposuction-36x24.png 36w, https:\/\/medclinics.com\/wp-content\/uploads\/2023\/05\/vaser-liposuction-48x32.png 48w\" sizes=\"(max-width: 5760px) 100vw, 5760px\" \/><\/figure>\n\n<h2 class=\"wp-block-heading\">SSS<\/h2>\n<div id=\"rank-math-faq\" class=\"rank-math-block\">\n<div class=\"rank-math-list \">\n<div id=\"faq-question-1682603361561\" class=\"rank-math-list-item\">\n<h3 class=\"rank-math-question \">Vaser liposuction g\u00fcvenli midir?<\/h3>\n<div class=\"rank-math-answer \">\n\n<p>Evet, Vaser liposuction nitelikli ve deneyimli bir plastik cerrah taraf\u0131ndan yap\u0131ld\u0131\u011f\u0131nda genellikle g\u00fcvenli bir prosed\u00fcr olarak kabul edilir. Her cerrahi prosed\u00fcr gibi, Vaser liposuction ile ili\u015fkili potansiyel riskler ve komplikasyonlar vard\u0131r, ancak bunlar nispeten nadirdir. Sayg\u0131n bir cerrah se\u00e7erek, ameliyat \u00f6ncesi ve sonras\u0131 talimatlar\u0131 dikkatle uygulayarak ve genel sa\u011fl\u0131\u011f\u0131n\u0131z\u0131 koruyarak daha g\u00fcvenli ve daha ba\u015far\u0131l\u0131 bir sonu\u00e7 elde etmenize yard\u0131mc\u0131 olabilirsiniz. Bireysel durumunuzu de\u011ferlendirebilecek, potansiyel riskleri ve komplikasyonlar\u0131 tart\u0131\u015fabilecek ve \u00f6zel ihtiya\u00e7lar\u0131n\u0131za ve hedeflerinize g\u00f6re ki\u015fiselle\u015ftirilmi\u015f \u00f6neriler sunabilecek nitelikli bir plastik cerrahla kapsaml\u0131 bir kons\u00fcltasyon yapmak \u00f6nemlidir.<\/p>\n\n<\/div>\n<\/div>\n<div id=\"faq-question-1684154435230\" class=\"rank-math-list-item\">\n<h3 class=\"rank-math-question \">Vaser liposuction kal\u0131c\u0131 m\u0131d\u0131r?<\/h3>\n<div class=\"rank-math-answer \">\n\n<p>Vaser liposuction uzun s\u00fcreli sonu\u00e7lar sa\u011flayabilir, ancak kal\u0131c\u0131 ya\u011f giderimini garanti etmez. Prosed\u00fcr, v\u00fccudun belirli b\u00f6lgelerindeki istenmeyen ya\u011f h\u00fccrelerini hedef al\u0131r ve uzakla\u015ft\u0131r\u0131r. Al\u0131nan ya\u011f h\u00fccreleri bu b\u00f6lgelerden kal\u0131c\u0131 olarak elimine edilir. Bununla birlikte, ki\u015fi i\u015flemden sonra kilo al\u0131rsa kalan ya\u011f h\u00fccrelerinin hala b\u00fcy\u00fcyebilece\u011fini unutmamak \u00f6nemlidir. Vaser liposuction sonu\u00e7lar\u0131n\u0131 korumak i\u00e7in, d\u00fczenli egzersiz ve yeni ya\u011f birikimini \u00f6nlemek i\u00e7in dengeli bir diyet i\u00e7eren sa\u011fl\u0131kl\u0131 bir ya\u015fam tarz\u0131 benimsemek \u00f6nemlidir. Vaser liposuction sonu\u00e7lar\u0131n\u0131n uzun \u00f6m\u00fcrl\u00fcl\u00fc\u011f\u00fc ki\u015fiden ki\u015fiye de\u011fi\u015febilir ve genetik, ya\u015fam tarz\u0131 se\u00e7imleri ve ya\u015flanma gibi bireysel fakt\u00f6rler zaman i\u00e7inde sonucu etkileyebilir. Nitelikli bir plastik cerraha dan\u0131\u015fmak, beklenen sonu\u00e7 s\u00fcresinin daha iyi anla\u015f\u0131lmas\u0131n\u0131 ve uzun vadeli bak\u0131m i\u00e7in \u00f6nerilerde bulunulmas\u0131n\u0131 sa\u011flayabilir.<\/p>\n\n<\/div>\n<\/div>\n<div id=\"faq-question-1684154746000\" class=\"rank-math-list-item\">\n<h3 class=\"rank-math-question \">Vaser liposuction i\u015fe yar\u0131yor mu?<\/h3>\n<div class=\"rank-math-answer \">\n\n<p>Vaser liposuction, ya\u011f alma ve v\u00fccut \u015fekillendirme i\u00e7in kan\u0131tlanm\u0131\u015f ve etkili bir prosed\u00fcrd\u00fcr. V\u00fccudun belirli b\u00f6lgelerindeki istenmeyen ya\u011f h\u00fccrelerini se\u00e7ici olarak hedeflemek ve \u00e7\u0131karmak i\u00e7in geli\u015fmi\u015f ultrason teknolojisini kullan\u0131r. Prosed\u00fcr\u00fcn v\u00fccut \u015fekli ve konturunda \u00f6nemli ve g\u00f6zle g\u00f6r\u00fcl\u00fcr iyile\u015fmeler sa\u011flad\u0131\u011f\u0131 g\u00f6sterilmi\u015ftir. Bununla birlikte, Vaser liposuction&#8217;\u0131n ba\u015far\u0131s\u0131n\u0131n ve etkinli\u011finin cilt elastikiyeti ve genel v\u00fccut kompozisyonu gibi bireysel fakt\u00f6rlere de ba\u011fl\u0131 oldu\u011funu unutmamak \u00f6nemlidir. En iyisi, \u00f6zel durumunuzu de\u011ferlendirebilecek ve benzersiz ihtiya\u00e7lar\u0131n\u0131za ve hedeflerinize g\u00f6re ki\u015fiselle\u015ftirilmi\u015f \u00f6neriler sunabilecek nitelikli bir plastik cerraha dan\u0131\u015fmakt\u0131r.<\/p>\n\n<\/div>\n<\/div>\n<div id=\"faq-question-1684154774602\" class=\"rank-math-list-item\">\n<h3 class=\"rank-math-question \">Vaser lipo buna de\u011fer mi?<\/h3>\n<div class=\"rank-math-answer \">\n\n<p>Vaser liposuction&#8217;\u0131n buna de\u011fip de\u011fmeyece\u011fi karar\u0131, bireysel ko\u015fullara ve hedeflere ba\u011fl\u0131d\u0131r. \u0130nat\u00e7\u0131 ya\u011f birikintilerini hedeflemek ve geli\u015fmi\u015f v\u00fccut konturu elde etmek isteyen bireyler i\u00e7in de\u011ferli bir se\u00e7enek olabilir. Ancak karar vermeden \u00f6nce potansiyel riskler, kurtarma s\u00fcreci ve maliyet gibi fakt\u00f6rleri g\u00f6z \u00f6n\u00fcnde bulundurmak \u00f6nemlidir. Nitelikli bir plastik cerraha dan\u0131\u015fmak, ki\u015fiselle\u015ftirilmi\u015f tavsiyeler sa\u011flayabilir ve Vaser liposuction&#8217;\u0131n sizin i\u00e7in do\u011fru se\u00e7im olup olmad\u0131\u011f\u0131n\u0131 belirlemeye yard\u0131mc\u0131 olabilir.<\/p>\n\n<\/div>\n<\/div>\n<\/div>\n<\/div>\n<p>\u00a0<\/p>\n\n<h3 class=\"wp-block-heading\">Herhangi bir sorunuz olmas\u0131 durumunda hemen bizimle ileti\u015fime ge\u00e7in!<\/h3>\n","protected":false},"excerpt":{"rendered":"<p>Daha bi\u00e7imli bir g\u00f6r\u00fcn\u00fcm elde etmek i\u00e7in bir yol ar\u0131yorsan\u0131z, Vaser Liposuction m\u00fckemmel bir \u00e7\u00f6z\u00fcm olabilir. Vaser liposuction, istenmeyen ya\u011f [&hellip;]<\/p>\n","protected":false},"author":4,"featured_media":85005,"parent":0,"menu_order":0,"comment_status":"closed","ping_status":"closed","template":"","meta":{"site-sidebar-layout":"default","site-content-layout":"","ast-site-content-layout":"default","site-content-style":"default","site-sidebar-style":"default","ast-global-header-display":"","ast-banner-title-visibility":"","ast-main-header-display":"","ast-hfb-above-header-display":"","ast-hfb-below-header-display":"","ast-hfb-mobile-header-display":"","site-post-title":"","ast-breadcrumbs-content":"","ast-featured-img":"","footer-sml-layout":"","ast-disable-related-posts":"","theme-transparent-header-meta":"","adv-header-id-meta":"","stick-header-meta":"","header-above-stick-meta":"","header-main-stick-meta":"","header-below-stick-meta":"","astra-migrate-meta-layouts":"default","ast-page-background-enabled":"default","ast-page-background-meta":{"desktop":{"background-color":"var(--ast-global-color-4)","background-image":"","background-repeat":"repeat","background-position":"center center","background-size":"auto","background-attachment":"scroll","background-type":"","background-media":"","overlay-type":"","overlay-color":"","overlay-opacity":"","overlay-gradient":""},"tablet":{"background-color":"","background-image":"","background-repeat":"repeat","background-position":"center center","background-size":"auto","background-attachment":"scroll","background-type":"","background-media":"","overlay-type":"","overlay-color":"","overlay-opacity":"","overlay-gradient":""},"mobile":{"background-color":"","background-image":"","background-repeat":"repeat","background-position":"center center","background-size":"auto","background-attachment":"scroll","background-type":"","background-media":"","overlay-type":"","overlay-color":"","overlay-opacity":"","overlay-gradient":""}},"ast-content-background-meta":{"desktop":{"background-color":"var(--ast-global-color-5)","background-image":"","background-repeat":"repeat","background-position":"center center","background-size":"auto","background-attachment":"scroll","background-type":"","background-media":"","overlay-type":"","overlay-color":"","overlay-opacity":"","overlay-gradient":""},"tablet":{"background-color":"var(--ast-global-color-5)","background-image":"","background-repeat":"repeat","background-position":"center center","background-size":"auto","background-attachment":"scroll","background-type":"","background-media":"","overlay-type":"","overlay-color":"","overlay-opacity":"","overlay-gradient":""},"mobile":{"background-color":"var(--ast-global-color-5)","background-image":"","background-repeat":"repeat","background-position":"center center","background-size":"auto","background-attachment":"scroll","background-type":"","background-media":"","overlay-type":"","overlay-color":"","overlay-opacity":"","overlay-gradient":""}},"footnotes":""},"class_list":["post-145567","page","type-page","status-publish","has-post-thumbnail","hentry"],"_links":{"self":[{"href":"https:\/\/medclinics.com\/tr\/wp-json\/wp\/v2\/pages\/145567","targetHints":{"allow":["GET"]}}],"collection":[{"href":"https:\/\/medclinics.com\/tr\/wp-json\/wp\/v2\/pages"}],"about":[{"href":"https:\/\/medclinics.com\/tr\/wp-json\/wp\/v2\/types\/page"}],"author":[{"embeddable":true,"href":"https:\/\/medclinics.com\/tr\/wp-json\/wp\/v2\/users\/4"}],"replies":[{"embeddable":true,"href":"https:\/\/medclinics.com\/tr\/wp-json\/wp\/v2\/comments?post=145567"}],"version-history":[{"count":0,"href":"https:\/\/medclinics.com\/tr\/wp-json\/wp\/v2\/pages\/145567\/revisions"}],"wp:featuredmedia":[{"embeddable":true,"href":"https:\/\/medclinics.com\/tr\/wp-json\/wp\/v2\/media\/85005"}],"wp:attachment":[{"href":"https:\/\/medclinics.com\/tr\/wp-json\/wp\/v2\/media?parent=145567"}],"curies":[{"name":"wp","href":"https:\/\/api.w.org\/{rel}","templated":true}]}}