{"id":145555,"date":"2023-05-15T12:29:46","date_gmt":"2023-05-15T09:29:46","guid":{"rendered":"https:\/\/medclinics.com\/kol-liposuction\/"},"modified":"2024-12-30T19:14:29","modified_gmt":"2024-12-30T16:14:29","slug":"kol-liposuction","status":"publish","type":"page","link":"https:\/\/medclinics.com\/tr\/kol-liposuction\/","title":{"rendered":"Kol Liposuction"},"content":{"rendered":"\n<h2 class=\"wp-block-heading\">\u015e\u0131k, bi\u00e7imli kollar ortaya \u00e7\u0131karan bir d\u00f6n\u00fc\u015f\u00fcm yolu ar\u0131yorsan\u0131z, Kol Liposuction m\u00fckemmel bir \u00e7\u00f6z\u00fcm olabilir.<\/h2>\n\n<p>Kol liposuction, \u00fcst kollardaki fazla ya\u011f\u0131 almay\u0131 ama\u00e7layan kozmetik bir prosed\u00fcrd\u00fcr. Genellikle kol b\u00f6lgesinde diyet ve egzersize diren\u00e7li lokalize ya\u011f birikintileri olan bireylerde yap\u0131l\u0131r.<\/p>\n\n<p>Kol <a href=\"https:\/\/istanbul-tourist-information.com\/en\/medical-treatment\/\" target=\"_blank\" rel=\"noreferrer noopener\">liposuction<\/a> s\u0131ras\u0131nda, gizli yerlerde k\u00fc\u00e7\u00fck kesiler yap\u0131l\u0131r ve fazla ya\u011f\u0131 emmek i\u00e7in kan\u00fcl ad\u0131 verilen ince bir t\u00fcp yerle\u015ftirilir. Cerrah, ya\u011f birikintilerini hedeflemek ve \u00e7\u0131karmak i\u00e7in kan\u00fcl\u00fc dikkatli bir \u015fekilde manevra yaparak kollar\u0131 daha konturlu ve orant\u0131l\u0131 bir g\u00f6r\u00fcn\u00fcm i\u00e7in \u015fekillendirir.<\/p>\n\n<p>Kol liposuction\u0131, tedavinin kapsam\u0131na ba\u011fl\u0131 olarak tipik olarak lokal anestezi veya genel anestezi alt\u0131nda ayakta tedavi prosed\u00fcr\u00fc olarak ger\u00e7ekle\u015ftirilir. Geleneksel kol germe ameliyat\u0131na g\u00f6re daha az invaziv bir alternatif sunar ve genellikle daha k\u0131sa bir iyile\u015fme s\u00fcresi i\u00e7erir. Bununla birlikte, \u00f6ncelikle fazla ya\u011f\u0131 ele al\u0131r ve sarkm\u0131\u015f cildi etkili bir \u015fekilde ele almayabilir. \u00d6nemli cilt gev\u015fekli\u011finin mevcut oldu\u011fu durumlarda, optimum sonu\u00e7lar i\u00e7in liposuction ve kol germe ameliyat\u0131n\u0131n bir kombinasyonu \u00f6nerilebilir. Nitelikli bir plastik cerraha dan\u0131\u015fmak, kol liposuction\u0131n\u0131n bireysel ihtiya\u00e7lar i\u00e7in uygunlu\u011funun ve potansiyel sonu\u00e7lar\u0131n\u0131n daha iyi anla\u015f\u0131lmas\u0131n\u0131 sa\u011flayabilir.<\/p>\n\n<h3 class=\"wp-block-heading\">Fiyat, bak\u0131m sonras\u0131 ve iyile\u015fme s\u00fcreci de dahil olmak \u00fczere <a href=\"https:\/\/medclinics.com\/tr\/liposuction-2\/\" target=\"_blank\" rel=\"noreferrer noopener\">liposucton<\/a> hakk\u0131nda bilmeniz gereken her \u015fey veya <a href=\"#requestform\">bizimle ileti\u015fime<\/a> ge\u00e7in!<\/h3>\n\n<figure class=\"wp-block-image size-large is-resized\"><img fetchpriority=\"high\" decoding=\"async\" width=\"5039\" height=\"3359\" src=\"https:\/\/medclinics.com\/wp-content\/uploads\/2023\/05\/arm-liposuction.png\" alt=\"Kol Germe &#x130;stanbul T&#xFC;rkiye\" class=\"wp-image-84941\" style=\"width:960px;height:540px\" srcset=\"https:\/\/medclinics.com\/wp-content\/uploads\/2023\/05\/arm-liposuction.png 5039w, https:\/\/medclinics.com\/wp-content\/uploads\/2023\/05\/arm-liposuction-500x333.png 500w, https:\/\/medclinics.com\/wp-content\/uploads\/2023\/05\/arm-liposuction-1024x683.png 1024w, https:\/\/medclinics.com\/wp-content\/uploads\/2023\/05\/arm-liposuction-768x512.png 768w, https:\/\/medclinics.com\/wp-content\/uploads\/2023\/05\/arm-liposuction-1536x1024.png 1536w, https:\/\/medclinics.com\/wp-content\/uploads\/2023\/05\/arm-liposuction-2048x1365.png 2048w, https:\/\/medclinics.com\/wp-content\/uploads\/2023\/05\/arm-liposuction-24x16.png 24w, https:\/\/medclinics.com\/wp-content\/uploads\/2023\/05\/arm-liposuction-36x24.png 36w, https:\/\/medclinics.com\/wp-content\/uploads\/2023\/05\/arm-liposuction-48x32.png 48w\" sizes=\"(max-width: 5039px) 100vw, 5039px\" \/><\/figure>\n\n<h2 class=\"wp-block-heading\">SSS<\/h2>\n<div id=\"rank-math-faq\" class=\"rank-math-block\">\n<div class=\"rank-math-list \">\n<div id=\"faq-question-1682603361561\" class=\"rank-math-list-item\">\n<h3 class=\"rank-math-question \">Kol kald\u0131rma buna de\u011fer mi?<\/h3>\n<div class=\"rank-math-answer \">\n\n<p>Kol gerdirmenin buna de\u011fip de\u011fmeyece\u011fi karar\u0131, bireysel ko\u015fullara ve ki\u015fisel tercihlere ba\u011fl\u0131d\u0131r. Kol germe, \u00fcst kollardaki a\u015f\u0131r\u0131 sarkm\u0131\u015f deri ve ya\u011fdan rahats\u0131z olan bireyler i\u00e7in faydal\u0131 olabilir. Kol konturunu iyile\u015ftirebilir, daha tonlu bir g\u00f6r\u00fcn\u00fcm yaratabilir ve \u00f6zg\u00fcveni art\u0131rabilir. Bununla birlikte, kol gerdirmenin buna de\u011fip de\u011fmeyece\u011fine karar vermeden \u00f6nce birka\u00e7 fakt\u00f6r\u00fc g\u00f6z \u00f6n\u00fcnde bulundurmak \u00f6nemlidir. Bunlar aras\u0131nda ameliyatla ili\u015fkili potansiyel riskler ve komplikasyonlar, iyile\u015fme s\u00fcreci ve ilgili maliyet yer almaktad\u0131r. Ayr\u0131ca, kol germe i\u015flemi i\u00e7 kol boyunca g\u00f6r\u00fcn\u00fcr bir yara izi b\u0131rakaca\u011f\u0131ndan ger\u00e7ek\u00e7i beklentilere sahip olmak \u00f6nemlidir.<\/p>\n\n<\/div>\n<\/div>\n<div id=\"faq-question-1684152986827\" class=\"rank-math-list-item\">\n<h3 class=\"rank-math-question \">Kol liposuction g\u00fcvenli midir?<\/h3>\n<div class=\"rank-math-answer \">\n\n<p>Kol liposuction\u0131, nitelikli ve deneyimli bir plastik cerrah taraf\u0131ndan yap\u0131ld\u0131\u011f\u0131nda genellikle g\u00fcvenli bir prosed\u00fcr olarak kabul edilir. Her cerrahi prosed\u00fcr gibi, kol liposuction ile ili\u015fkili do\u011fal riskler ve potansiyel komplikasyonlar vard\u0131r, ancak bunlar nispeten nadirdir.<\/p>\n\n<\/div>\n<\/div>\n<div id=\"faq-question-1684153069636\" class=\"rank-math-list-item\">\n<h3 class=\"rank-math-question \">Kol liposuction\u0131 a\u011fr\u0131l\u0131 m\u0131d\u0131r?<\/h3>\n<div class=\"rank-math-answer \">\n\n<p>Kol liposuction\u0131 iyile\u015fme d\u00f6neminde \u015fi\u015flik, morarma, a\u011fr\u0131 ve hassasiyet gibi baz\u0131 rahats\u0131zl\u0131klar i\u00e7erebilir. Bununla birlikte, a\u011fr\u0131 re\u00e7eteli ila\u00e7larla y\u00f6netilebilir. Daha sorunsuz ve rahat bir iyile\u015fme sa\u011flamak i\u00e7in cerrah\u0131n\u0131z taraf\u0131ndan verilen ameliyat sonras\u0131 talimatlara uyman\u0131z \u00f6nemlidir.<\/p>\n\n<\/div>\n<\/div>\n<\/div>\n<\/div>\n<p>\u00a0<\/p>\n\n<h3 class=\"wp-block-heading\">Herhangi bir sorunuz olmas\u0131 durumunda hemen bizimle ileti\u015fime ge\u00e7in!<\/h3>\n","protected":false},"excerpt":{"rendered":"<p>\u015e\u0131k, bi\u00e7imli kollar ortaya \u00e7\u0131karan bir d\u00f6n\u00fc\u015f\u00fcm yolu ar\u0131yorsan\u0131z, Kol Liposuction m\u00fckemmel bir \u00e7\u00f6z\u00fcm olabilir. Kol liposuction, \u00fcst kollardaki fazla [&hellip;]<\/p>\n","protected":false},"author":4,"featured_media":84948,"parent":0,"menu_order":0,"comment_status":"closed","ping_status":"closed","template":"","meta":{"site-sidebar-layout":"default","site-content-layout":"","ast-site-content-layout":"default","site-content-style":"default","site-sidebar-style":"default","ast-global-header-display":"","ast-banner-title-visibility":"","ast-main-header-display":"","ast-hfb-above-header-display":"","ast-hfb-below-header-display":"","ast-hfb-mobile-header-display":"","site-post-title":"","ast-breadcrumbs-content":"","ast-featured-img":"","footer-sml-layout":"","ast-disable-related-posts":"","theme-transparent-header-meta":"","adv-header-id-meta":"","stick-header-meta":"","header-above-stick-meta":"","header-main-stick-meta":"","header-below-stick-meta":"","astra-migrate-meta-layouts":"default","ast-page-background-enabled":"default","ast-page-background-meta":{"desktop":{"background-color":"var(--ast-global-color-4)","background-image":"","background-repeat":"repeat","background-position":"center center","background-size":"auto","background-attachment":"scroll","background-type":"","background-media":"","overlay-type":"","overlay-color":"","overlay-opacity":"","overlay-gradient":""},"tablet":{"background-color":"","background-image":"","background-repeat":"repeat","background-position":"center center","background-size":"auto","background-attachment":"scroll","background-type":"","background-media":"","overlay-type":"","overlay-color":"","overlay-opacity":"","overlay-gradient":""},"mobile":{"background-color":"","background-image":"","background-repeat":"repeat","background-position":"center center","background-size":"auto","background-attachment":"scroll","background-type":"","background-media":"","overlay-type":"","overlay-color":"","overlay-opacity":"","overlay-gradient":""}},"ast-content-background-meta":{"desktop":{"background-color":"var(--ast-global-color-5)","background-image":"","background-repeat":"repeat","background-position":"center center","background-size":"auto","background-attachment":"scroll","background-type":"","background-media":"","overlay-type":"","overlay-color":"","overlay-opacity":"","overlay-gradient":""},"tablet":{"background-color":"var(--ast-global-color-5)","background-image":"","background-repeat":"repeat","background-position":"center center","background-size":"auto","background-attachment":"scroll","background-type":"","background-media":"","overlay-type":"","overlay-color":"","overlay-opacity":"","overlay-gradient":""},"mobile":{"background-color":"var(--ast-global-color-5)","background-image":"","background-repeat":"repeat","background-position":"center center","background-size":"auto","background-attachment":"scroll","background-type":"","background-media":"","overlay-type":"","overlay-color":"","overlay-opacity":"","overlay-gradient":""}},"footnotes":""},"class_list":["post-145555","page","type-page","status-publish","has-post-thumbnail","hentry"],"_links":{"self":[{"href":"https:\/\/medclinics.com\/tr\/wp-json\/wp\/v2\/pages\/145555","targetHints":{"allow":["GET"]}}],"collection":[{"href":"https:\/\/medclinics.com\/tr\/wp-json\/wp\/v2\/pages"}],"about":[{"href":"https:\/\/medclinics.com\/tr\/wp-json\/wp\/v2\/types\/page"}],"author":[{"embeddable":true,"href":"https:\/\/medclinics.com\/tr\/wp-json\/wp\/v2\/users\/4"}],"replies":[{"embeddable":true,"href":"https:\/\/medclinics.com\/tr\/wp-json\/wp\/v2\/comments?post=145555"}],"version-history":[{"count":0,"href":"https:\/\/medclinics.com\/tr\/wp-json\/wp\/v2\/pages\/145555\/revisions"}],"wp:featuredmedia":[{"embeddable":true,"href":"https:\/\/medclinics.com\/tr\/wp-json\/wp\/v2\/media\/84948"}],"wp:attachment":[{"href":"https:\/\/medclinics.com\/tr\/wp-json\/wp\/v2\/media?parent=145555"}],"curies":[{"name":"wp","href":"https:\/\/api.w.org\/{rel}","templated":true}]}}