{"id":145543,"date":"2023-05-15T12:08:51","date_gmt":"2023-05-15T09:08:51","guid":{"rendered":"https:\/\/medclinics.com\/kol-germe\/"},"modified":"2024-12-30T19:18:08","modified_gmt":"2024-12-30T16:18:08","slug":"kol-germe","status":"publish","type":"page","link":"https:\/\/medclinics.com\/tr\/kol-germe\/","title":{"rendered":"Kol Kald\u0131rma"},"content":{"rendered":"\n<h2 class=\"wp-block-heading\">\u015e\u0131k ve bi\u00e7imli kollar\u0131 ortaya \u00e7\u0131karan bir d\u00f6n\u00fc\u015f\u00fcm yolu ar\u0131yorsan\u0131z, Kol Germe m\u00fckemmel bir \u00e7\u00f6z\u00fcm olabilir.<\/h2>\n\n<p>Brakiyoplasti olarak da bilinen kol germe, \u00fcst kollar\u0131n g\u00f6r\u00fcn\u00fcm\u00fcn\u00fc yeniden \u015fekillendirmeyi ve iyile\u015ftirmeyi ama\u00e7layan cerrahi bir prosed\u00fcrd\u00fcr. Genellikle ya\u015flanma, kilo kayb\u0131 veya genetik yatk\u0131nl\u0131k gibi fakt\u00f6rlerin neden oldu\u011fu \u00fcst kol b\u00f6lgesinde a\u015f\u0131r\u0131 sarkm\u0131\u015f deri ve ya\u011f birikintileri olan ki\u015filer taraf\u0131ndan aran\u0131r.<\/p>\n\n<p>Prosed\u00fcr, kollardaki fazla deri ve ya\u011f\u0131n al\u0131nmas\u0131n\u0131, alttaki dokular\u0131n s\u0131k\u0131la\u015ft\u0131r\u0131lmas\u0131n\u0131 ve daha tonlu ve gen\u00e7 bir g\u00f6r\u00fcn\u00fcm i\u00e7in kollar\u0131n yeniden \u015fekillendirilmesini i\u00e7erir. <a href=\"https:\/\/istanbul-tourist-information.com\/en\/\" target=\"_blank\" rel=\"noopener\">Kol germe<\/a> prosed\u00fcr\u00fc s\u0131ras\u0131nda, genellikle koltuk alt\u0131ndan dirse\u011fe kadar uzanan i\u00e7 kol boyunca bir kesi yap\u0131l\u0131r.<\/p>\n\n<p>Kesi uzunlu\u011fu ve \u015fekli ki\u015finin \u00f6zel ihtiya\u00e7lar\u0131na ba\u011fl\u0131 olarak de\u011fi\u015febilir. Bu kesi yoluyla cerrah fazla deri ve ya\u011f\u0131 al\u0131r ve ayr\u0131ca destekleyici yap\u0131lar ve kaslar gibi altta yatan dokular\u0131 s\u0131k\u0131la\u015ft\u0131r\u0131p yeniden \u015fekillendirebilir. Kalan deri daha sonra yeniden konumland\u0131r\u0131l\u0131r ve yerine dikilir, b\u00f6ylece daha p\u00fcr\u00fczs\u00fcz, daha belirgin kollar elde edilir.<\/p>\n\n<h3 class=\"wp-block-heading\">Fiyat, bak\u0131m sonras\u0131 ve iyile\u015fme s\u00fcreci dahil olmak \u00fczere <a href=\"https:\/\/medclinics.com\/tr\/plastik-ve-estetik-cerrahi\/\" target=\"_blank\" rel=\"noreferrer noopener\">plastik ve estetik cerrahi<\/a> hakk\u0131nda bilmeniz gereken her \u015fey veya <a href=\"#requestform\">bizimle ileti\u015fime<\/a> ge\u00e7in!<\/h3>\n\n<figure class=\"wp-block-image size-large\"><img fetchpriority=\"high\" decoding=\"async\" width=\"5184\" height=\"3456\" class=\"wp-image-84869\" src=\"https:\/\/medclinics.com\/wp-content\/uploads\/2023\/05\/arm-lift.png\" alt=\"Kol Kald&#x131;rma\" srcset=\"https:\/\/medclinics.com\/wp-content\/uploads\/2023\/05\/arm-lift.png 5184w, https:\/\/medclinics.com\/wp-content\/uploads\/2023\/05\/arm-lift-500x333.png 500w, https:\/\/medclinics.com\/wp-content\/uploads\/2023\/05\/arm-lift-1024x683.png 1024w, https:\/\/medclinics.com\/wp-content\/uploads\/2023\/05\/arm-lift-768x512.png 768w, https:\/\/medclinics.com\/wp-content\/uploads\/2023\/05\/arm-lift-1536x1024.png 1536w, https:\/\/medclinics.com\/wp-content\/uploads\/2023\/05\/arm-lift-2048x1365.png 2048w, https:\/\/medclinics.com\/wp-content\/uploads\/2023\/05\/arm-lift-24x16.png 24w, https:\/\/medclinics.com\/wp-content\/uploads\/2023\/05\/arm-lift-36x24.png 36w, https:\/\/medclinics.com\/wp-content\/uploads\/2023\/05\/arm-lift-48x32.png 48w\" sizes=\"(max-width: 5184px) 100vw, 5184px\" \/><\/figure>\n\n<h2 class=\"wp-block-heading\">SSS<\/h2>\n<div id=\"rank-math-faq\" class=\"rank-math-block\">\n<div class=\"rank-math-list \">\n<div id=\"faq-question-1682603361561\" class=\"rank-math-list-item\">\n<h3 class=\"rank-math-question \">Kol germe ameliyat\u0131 a\u011fr\u0131l\u0131 m\u0131d\u0131r?<\/h3>\n<div class=\"rank-math-answer \">\n\n<p>Kol germe ameliyat\u0131 iyile\u015fme d\u00f6neminde a\u011fr\u0131l\u0131 olabilir. Prosed\u00fcr, kesilerin yap\u0131lmas\u0131n\u0131, fazla deri ve ya\u011f\u0131n al\u0131nmas\u0131n\u0131 ve muhtemelen alttaki dokular\u0131n s\u0131k\u0131la\u015ft\u0131r\u0131lmas\u0131n\u0131 i\u00e7erir. Bu cerrahi s\u00fcre\u00e7, v\u00fccut iyile\u015firken ameliyat sonras\u0131 a\u011fr\u0131 ve rahats\u0131zl\u0131\u011fa neden olabilir. Ameliyattan sonra \u015fi\u015flik, morarma, hassasiyet ve a\u011fr\u0131 yayg\u0131nd\u0131r. Bununla birlikte, ya\u015fanan a\u011fr\u0131n\u0131n ki\u015fiden ki\u015fiye de\u011fi\u015fti\u011fini unutmamak \u00f6nemlidir. Baz\u0131 bireylerin a\u011fr\u0131ya kar\u015f\u0131 tolerans\u0131 daha y\u00fcksek olabilir ve di\u011ferlerine g\u00f6re daha az rahats\u0131zl\u0131k ya\u015fayabilirler. Ayr\u0131ca, prosed\u00fcr\u00fcn kapsam\u0131 ve cerrah\u0131n teknikleri de ya\u015fanan a\u011fr\u0131 d\u00fczeyini etkileyebilir.<\/p>\n\n<\/div>\n<\/div>\n<div id=\"faq-question-1684151966879\" class=\"rank-math-list-item\">\n<h3 class=\"rank-math-question \">Kol germe ameliyat\u0131 tehlikeli midir?<\/h3>\n<div class=\"rank-math-answer \">\n\n<p>Her cerrahi prosed\u00fcr gibi, kol germe ameliyat\u0131 da belirli riskler ve potansiyel komplikasyonlar ta\u015f\u0131r. Bununla birlikte, nitelikli ve deneyimli bir plastik cerrah taraf\u0131ndan yap\u0131ld\u0131\u011f\u0131nda genellikle g\u00fcvenli bir prosed\u00fcr olarak kabul edilir. Potansiyel riskler aras\u0131nda enfeksiyon, kanama, k\u00f6t\u00fc yara iyile\u015fmesi, yara izi, asimetri, sinir hasar\u0131, s\u0131v\u0131 birikimi ve anesteziye kar\u015f\u0131 olumsuz reaksiyonlar yer al\u0131r. Sayg\u0131n bir cerrah se\u00e7erek, ameliyat \u00f6ncesi ve sonras\u0131 talimatlara uyarak ve t\u00fcm t\u0131bbi ge\u00e7mi\u015finizi cerrah\u0131n\u0131za a\u00e7\u0131klayarak bu riskler en aza indirilebilir. Prosed\u00fcr\u00fcn g\u00fcvenli\u011fini sa\u011flamak i\u00e7in, \u00f6zel durumunuzu de\u011ferlendirebilecek, potansiyel riskleri ve komplikasyonlar\u0131 tart\u0131\u015fabilecek ve size ki\u015fiselle\u015ftirilmi\u015f \u00f6neriler sunabilecek nitelikli bir plastik cerrahla kapsaml\u0131 bir kons\u00fcltasyon yapmak \u00f6nemlidir.<\/p>\n\n<\/div>\n<\/div>\n<div id=\"faq-question-1684152117536\" class=\"rank-math-list-item\">\n<h3 class=\"rank-math-question \">Kol germe ameliyat\u0131 nedir?<\/h3>\n<div class=\"rank-math-answer \">\n\n<p>Brakiyoplasti olarak da adland\u0131r\u0131lan kol germe ameliyat\u0131, \u00fcst kollar\u0131n g\u00f6r\u00fcn\u00fcm\u00fcn\u00fc iyile\u015ftirmeyi ama\u00e7layan kozmetik bir prosed\u00fcrd\u00fcr. Fazla deri ve ya\u011f\u0131n al\u0131nmas\u0131n\u0131 ve daha s\u0131k\u0131 ve belirgin kollar i\u00e7in alttaki dokular\u0131n s\u0131k\u0131la\u015ft\u0131r\u0131lmas\u0131n\u0131 i\u00e7erir.<\/p>\n\n<\/div>\n<\/div>\n<div id=\"faq-question-1684152177743\" class=\"rank-math-list-item\">\n<h3 class=\"rank-math-question \">Kol kald\u0131rma buna de\u011fer mi?<\/h3>\n<div class=\"rank-math-answer \">\n\n<p>Kol gerdirmenin buna de\u011fip de\u011fmeyece\u011fi karar\u0131 bireysel ko\u015fullara, tercihlere ve hedeflere ba\u011fl\u0131d\u0131r. \u00dcst kollardaki fazla sark\u0131k deri ve ya\u011fdan rahats\u0131z olan bireyler i\u00e7in kol germe, kol konturunu iyile\u015ftiren ve \u00f6zg\u00fcveni art\u0131ran d\u00f6n\u00fc\u015ft\u00fcr\u00fcc\u00fc bir prosed\u00fcr olabilir. Bireylerin kolsuz veya k\u0131sa kollu giysiler i\u00e7inde daha rahat hissetmelerine ve genel g\u00f6r\u00fcn\u00fcmlerini iyile\u015ftirmelerine yard\u0131mc\u0131 olabilir. Bununla birlikte, prosed\u00fcrle ili\u015fkili potansiyel riskleri, iyile\u015fme s\u00fcrecini ve maliyeti g\u00f6z \u00f6n\u00fcnde bulundurmak \u00f6nemlidir. Ayr\u0131ca, kol germe i\u015flemi i\u00e7 kol boyunca g\u00f6r\u00fcn\u00fcr bir yara izi b\u0131rakaca\u011f\u0131ndan ger\u00e7ek\u00e7i beklentiler belirlenmelidir. Nitelikli bir plastik cerraha dan\u0131\u015fmak, bireysel hedefler ve beklentilerle ilgili olarak potansiyel faydalar\u0131n ve s\u0131n\u0131rlamalar\u0131n daha iyi anla\u015f\u0131lmas\u0131n\u0131 sa\u011flayabilir. Nihayetinde, kol gerdirmenin buna de\u011fip de\u011fmeyece\u011fi karar\u0131, g\u00fcvenilir bir t\u0131p uzman\u0131na dan\u0131\u015farak dikkatlice de\u011ferlendirilmesi gereken ki\u015fisel bir karard\u0131r.<\/p>\n\n<\/div>\n<\/div>\n<\/div>\n<\/div>\n<p>\u00a0<\/p>\n\n<h3 class=\"wp-block-heading\">Herhangi bir sorunuz olmas\u0131 durumunda hemen bizimle ileti\u015fime ge\u00e7in!<\/h3>\n","protected":false},"excerpt":{"rendered":"<p>\u015e\u0131k ve bi\u00e7imli kollar\u0131 ortaya \u00e7\u0131karan bir d\u00f6n\u00fc\u015f\u00fcm yolu ar\u0131yorsan\u0131z, Kol Germe m\u00fckemmel bir \u00e7\u00f6z\u00fcm olabilir. Brakiyoplasti olarak da bilinen [&hellip;]<\/p>\n","protected":false},"author":4,"featured_media":84909,"parent":0,"menu_order":0,"comment_status":"closed","ping_status":"closed","template":"","meta":{"site-sidebar-layout":"default","site-content-layout":"","ast-site-content-layout":"default","site-content-style":"default","site-sidebar-style":"default","ast-global-header-display":"","ast-banner-title-visibility":"","ast-main-header-display":"","ast-hfb-above-header-display":"","ast-hfb-below-header-display":"","ast-hfb-mobile-header-display":"","site-post-title":"","ast-breadcrumbs-content":"","ast-featured-img":"","footer-sml-layout":"","ast-disable-related-posts":"","theme-transparent-header-meta":"","adv-header-id-meta":"","stick-header-meta":"","header-above-stick-meta":"","header-main-stick-meta":"","header-below-stick-meta":"","astra-migrate-meta-layouts":"default","ast-page-background-enabled":"default","ast-page-background-meta":{"desktop":{"background-color":"var(--ast-global-color-4)","background-image":"","background-repeat":"repeat","background-position":"center center","background-size":"auto","background-attachment":"scroll","background-type":"","background-media":"","overlay-type":"","overlay-color":"","overlay-opacity":"","overlay-gradient":""},"tablet":{"background-color":"","background-image":"","background-repeat":"repeat","background-position":"center center","background-size":"auto","background-attachment":"scroll","background-type":"","background-media":"","overlay-type":"","overlay-color":"","overlay-opacity":"","overlay-gradient":""},"mobile":{"background-color":"","background-image":"","background-repeat":"repeat","background-position":"center center","background-size":"auto","background-attachment":"scroll","background-type":"","background-media":"","overlay-type":"","overlay-color":"","overlay-opacity":"","overlay-gradient":""}},"ast-content-background-meta":{"desktop":{"background-color":"var(--ast-global-color-5)","background-image":"","background-repeat":"repeat","background-position":"center center","background-size":"auto","background-attachment":"scroll","background-type":"","background-media":"","overlay-type":"","overlay-color":"","overlay-opacity":"","overlay-gradient":""},"tablet":{"background-color":"var(--ast-global-color-5)","background-image":"","background-repeat":"repeat","background-position":"center center","background-size":"auto","background-attachment":"scroll","background-type":"","background-media":"","overlay-type":"","overlay-color":"","overlay-opacity":"","overlay-gradient":""},"mobile":{"background-color":"var(--ast-global-color-5)","background-image":"","background-repeat":"repeat","background-position":"center center","background-size":"auto","background-attachment":"scroll","background-type":"","background-media":"","overlay-type":"","overlay-color":"","overlay-opacity":"","overlay-gradient":""}},"footnotes":""},"class_list":["post-145543","page","type-page","status-publish","has-post-thumbnail","hentry"],"_links":{"self":[{"href":"https:\/\/medclinics.com\/tr\/wp-json\/wp\/v2\/pages\/145543","targetHints":{"allow":["GET"]}}],"collection":[{"href":"https:\/\/medclinics.com\/tr\/wp-json\/wp\/v2\/pages"}],"about":[{"href":"https:\/\/medclinics.com\/tr\/wp-json\/wp\/v2\/types\/page"}],"author":[{"embeddable":true,"href":"https:\/\/medclinics.com\/tr\/wp-json\/wp\/v2\/users\/4"}],"replies":[{"embeddable":true,"href":"https:\/\/medclinics.com\/tr\/wp-json\/wp\/v2\/comments?post=145543"}],"version-history":[{"count":0,"href":"https:\/\/medclinics.com\/tr\/wp-json\/wp\/v2\/pages\/145543\/revisions"}],"wp:featuredmedia":[{"embeddable":true,"href":"https:\/\/medclinics.com\/tr\/wp-json\/wp\/v2\/media\/84909"}],"wp:attachment":[{"href":"https:\/\/medclinics.com\/tr\/wp-json\/wp\/v2\/media?parent=145543"}],"curies":[{"name":"wp","href":"https:\/\/api.w.org\/{rel}","templated":true}]}}