{"id":145533,"date":"2023-05-15T11:40:55","date_gmt":"2023-05-15T08:40:55","guid":{"rendered":"https:\/\/medclinics.com\/fiber-uygulamasi\/"},"modified":"2025-01-02T15:56:30","modified_gmt":"2025-01-02T12:56:30","slug":"fiber-uygulamasi","status":"publish","type":"page","link":"https:\/\/medclinics.com\/tr\/fiber-uygulamasi\/","title":{"rendered":"Fiber uygulamas\u0131"},"content":{"rendered":"\n<h2 class=\"wp-block-heading\">Fiber uygulamas\u0131 di\u015f tedavisinde kullan\u0131lan bir tekniktir.<\/h2>\n\n<p>Bu teknikte di\u015fler i\u00e7in \u00f6zel olarak tasarlanm\u0131\u015f fiber malzemeler kullan\u0131l\u0131r. Bu malzemeler di\u015fin hasarl\u0131 veya k\u0131r\u0131k b\u00f6lgesine yerle\u015ftirilir ve di\u015fin orijinal yap\u0131s\u0131n\u0131 koruyarak g\u00fc\u00e7lendirir.<\/p>\n\n<p>\u00d6zellikle di\u015fin k\u00f6k b\u00f6lgesindeki hasarlar\u0131n tedavisinde fiber uygulamalar\u0131 etkili olmaktad\u0131r. Bu uygulama, di\u015f hekimlerinin \u00e7e\u015fitli nedenlerle hasar g\u00f6rm\u00fc\u015f di\u015fleri kurtarmas\u0131na yard\u0131mc\u0131 olur.<\/p>\n\n<p><a href=\"https:\/\/en.wikipedia.org\/wiki\/Fiber\" target=\"_blank\" rel=\"noreferrer noopener\">Fiber<\/a> uygulamas\u0131 di\u011fer di\u015f tedavi y\u00f6ntemlerine g\u00f6re daha az invazivdir ve hastalar i\u00e7in a\u011fr\u0131 ve rahats\u0131zl\u0131\u011f\u0131 azalt\u0131r. Bu nedenle di\u015f hekimleri taraf\u0131ndan s\u0131kl\u0131kla tercih edilmektedir.<\/p>\n\n<p>Ancak fiber uygulamas\u0131 her hasta i\u00e7in uygun olmayabilir. Bu nedenle, her vakada bir di\u015f hekiminin de\u011ferlendirmesi gereklidir. Hastalar\u0131n fiber uygulamas\u0131ndan sonra d\u00fczenli di\u015f bak\u0131m\u0131 yapmalar\u0131 da \u00f6nemlidir.<\/p>\n\n<h3 class=\"wp-block-heading\">Fiyat, bak\u0131m sonras\u0131 ve iyile\u015fme s\u00fcreci de dahil olmak \u00fczere <a href=\"https:\/\/medclinics.com\/dental-treatment\/\" target=\"_blank\" rel=\"noreferrer noopener\">di\u015f tedavileri<\/a> hakk\u0131nda bilmeniz gereken her \u015fey veya <a href=\"#requestform\">bizimle ileti\u015fime<\/a> ge\u00e7in!<\/h3>\n\n<figure class=\"wp-block-image size-full\"><img fetchpriority=\"high\" decoding=\"async\" width=\"960\" height=\"580\" class=\"wp-image-84772\" src=\"https:\/\/medclinics.com\/wp-content\/uploads\/2023\/05\/fiber-application.jpg\" alt=\"\" srcset=\"https:\/\/medclinics.com\/wp-content\/uploads\/2023\/05\/fiber-application.jpg 960w, https:\/\/medclinics.com\/wp-content\/uploads\/2023\/05\/fiber-application-500x302.jpg 500w, https:\/\/medclinics.com\/wp-content\/uploads\/2023\/05\/fiber-application-768x464.jpg 768w, https:\/\/medclinics.com\/wp-content\/uploads\/2023\/05\/fiber-application-24x15.jpg 24w, https:\/\/medclinics.com\/wp-content\/uploads\/2023\/05\/fiber-application-36x22.jpg 36w, https:\/\/medclinics.com\/wp-content\/uploads\/2023\/05\/fiber-application-48x29.jpg 48w\" sizes=\"(max-width: 960px) 100vw, 960px\" \/><\/figure>\n\n<h3 class=\"wp-block-heading\">SSS<\/h3>\n<div id=\"rank-math-faq\" class=\"rank-math-block\">\n<div class=\"rank-math-list \">\n<div id=\"faq-question-1683898477333\" class=\"rank-math-list-item\">\n<h3 class=\"rank-math-question \">Elyaflar kompozitte neden kullan\u0131l\u0131r?<\/h3>\n<div class=\"rank-math-answer \">\n\n<p>Fiberler dental kompozitlere g\u00fc\u00e7lerini, tokluklar\u0131n\u0131, kullan\u0131mlar\u0131n\u0131 ve a\u015f\u0131nma, k\u0131r\u0131lma, b\u00fcz\u00fclme ve hassasiyete kar\u015f\u0131 diren\u00e7lerini art\u0131rmak i\u00e7in eklenir.<\/p>\n\n<\/div>\n<\/div>\n<div id=\"faq-question-1683898525995\" class=\"rank-math-list-item\">\n<h3 class=\"rank-math-question \">Di\u015f hamurunda kullan\u0131lan farkl\u0131 lif t\u00fcrleri nelerdir?<\/h3>\n<div class=\"rank-math-answer \">\n\n<p>Dental kompozitlerde en yayg\u0131n olarak kullan\u0131lan fiberler cam, karbon veya seramik malzemelerden yap\u0131l\u0131r ve bunlar\u0131n t\u00fcr\u00fc ve miktar\u0131 \u00f6zel uygulamaya ve malzemenin istenen \u00f6zelliklerine ba\u011fl\u0131 olarak de\u011fi\u015febilir.<\/p>\n\n<\/div>\n<\/div>\n<div id=\"faq-question-1683898720036\" class=\"rank-math-list-item\">\n<h3 class=\"rank-math-question \">Fiber takviyeli di\u015f nedir?<\/h3>\n<div class=\"rank-math-answer \">\n\n<p>Fiber takviyeli dental kompozitler, mekanik \u00f6zelliklerini ve a\u015f\u0131nma, k\u0131r\u0131lma, a\u015f\u0131nma ve hassasiyete kar\u015f\u0131 diren\u00e7lerini geli\u015ftirmek i\u00e7in cam, karbon veya seramikten k\u00fc\u00e7\u00fck fiberler i\u00e7erir. Elyaflar kompozit re\u00e7ine matrisine kar\u0131\u015ft\u0131r\u0131l\u0131r ve malzemeye g\u00fc\u00e7 ve dayan\u0131kl\u0131l\u0131k katar. Fiber takviyeli dental kompozitler genellikle dolgular, kronlar ve k\u00f6pr\u00fcler gibi dental restorasyonlar i\u00e7in kullan\u0131l\u0131r.<\/p>\n\n<\/div>\n<\/div>\n<\/div>\n<\/div>\n<p>\u00a0<\/p>\n\n<h3 class=\"wp-block-heading\">Herhangi bir sorunuz olmas\u0131 durumunda hemen bizimle ileti\u015fime ge\u00e7in!<\/h3>\n","protected":false},"excerpt":{"rendered":"<p>Fiber uygulamas\u0131 di\u015f tedavisinde kullan\u0131lan bir tekniktir. Bu teknikte di\u015fler i\u00e7in \u00f6zel olarak tasarlanm\u0131\u015f fiber malzemeler kullan\u0131l\u0131r. Bu malzemeler di\u015fin [&hellip;]<\/p>\n","protected":false},"author":4,"featured_media":92263,"parent":0,"menu_order":0,"comment_status":"closed","ping_status":"closed","template":"","meta":{"site-sidebar-layout":"default","site-content-layout":"","ast-site-content-layout":"default","site-content-style":"default","site-sidebar-style":"default","ast-global-header-display":"","ast-banner-title-visibility":"","ast-main-header-display":"","ast-hfb-above-header-display":"","ast-hfb-below-header-display":"","ast-hfb-mobile-header-display":"","site-post-title":"","ast-breadcrumbs-content":"","ast-featured-img":"","footer-sml-layout":"","ast-disable-related-posts":"","theme-transparent-header-meta":"","adv-header-id-meta":"","stick-header-meta":"","header-above-stick-meta":"","header-main-stick-meta":"","header-below-stick-meta":"","astra-migrate-meta-layouts":"default","ast-page-background-enabled":"default","ast-page-background-meta":{"desktop":{"background-color":"var(--ast-global-color-4)","background-image":"","background-repeat":"repeat","background-position":"center center","background-size":"auto","background-attachment":"scroll","background-type":"","background-media":"","overlay-type":"","overlay-color":"","overlay-opacity":"","overlay-gradient":""},"tablet":{"background-color":"","background-image":"","background-repeat":"repeat","background-position":"center center","background-size":"auto","background-attachment":"scroll","background-type":"","background-media":"","overlay-type":"","overlay-color":"","overlay-opacity":"","overlay-gradient":""},"mobile":{"background-color":"","background-image":"","background-repeat":"repeat","background-position":"center center","background-size":"auto","background-attachment":"scroll","background-type":"","background-media":"","overlay-type":"","overlay-color":"","overlay-opacity":"","overlay-gradient":""}},"ast-content-background-meta":{"desktop":{"background-color":"var(--ast-global-color-5)","background-image":"","background-repeat":"repeat","background-position":"center center","background-size":"auto","background-attachment":"scroll","background-type":"","background-media":"","overlay-type":"","overlay-color":"","overlay-opacity":"","overlay-gradient":""},"tablet":{"background-color":"var(--ast-global-color-5)","background-image":"","background-repeat":"repeat","background-position":"center center","background-size":"auto","background-attachment":"scroll","background-type":"","background-media":"","overlay-type":"","overlay-color":"","overlay-opacity":"","overlay-gradient":""},"mobile":{"background-color":"var(--ast-global-color-5)","background-image":"","background-repeat":"repeat","background-position":"center center","background-size":"auto","background-attachment":"scroll","background-type":"","background-media":"","overlay-type":"","overlay-color":"","overlay-opacity":"","overlay-gradient":""}},"footnotes":""},"class_list":["post-145533","page","type-page","status-publish","has-post-thumbnail","hentry"],"_links":{"self":[{"href":"https:\/\/medclinics.com\/tr\/wp-json\/wp\/v2\/pages\/145533","targetHints":{"allow":["GET"]}}],"collection":[{"href":"https:\/\/medclinics.com\/tr\/wp-json\/wp\/v2\/pages"}],"about":[{"href":"https:\/\/medclinics.com\/tr\/wp-json\/wp\/v2\/types\/page"}],"author":[{"embeddable":true,"href":"https:\/\/medclinics.com\/tr\/wp-json\/wp\/v2\/users\/4"}],"replies":[{"embeddable":true,"href":"https:\/\/medclinics.com\/tr\/wp-json\/wp\/v2\/comments?post=145533"}],"version-history":[{"count":0,"href":"https:\/\/medclinics.com\/tr\/wp-json\/wp\/v2\/pages\/145533\/revisions"}],"wp:featuredmedia":[{"embeddable":true,"href":"https:\/\/medclinics.com\/tr\/wp-json\/wp\/v2\/media\/92263"}],"wp:attachment":[{"href":"https:\/\/medclinics.com\/tr\/wp-json\/wp\/v2\/media?parent=145533"}],"curies":[{"name":"wp","href":"https:\/\/api.w.org\/{rel}","templated":true}]}}