{"id":145521,"date":"2023-05-15T11:10:06","date_gmt":"2023-05-15T08:10:06","guid":{"rendered":"https:\/\/medclinics.com\/az-gorme-rehabilitasyonu\/"},"modified":"2025-01-02T16:38:05","modified_gmt":"2025-01-02T13:38:05","slug":"az-gorme-rehabilitasyonu","status":"publish","type":"page","link":"https:\/\/medclinics.com\/tr\/az-gorme-rehabilitasyonu\/","title":{"rendered":"Az G\u00f6rme Rehabilitasyonu"},"content":{"rendered":"\n<h2 class=\"wp-block-heading\">G\u00f6rme becerilerinizi geli\u015ftirmek ve ba\u011f\u0131ms\u0131zl\u0131\u011f\u0131n\u0131z\u0131 yeniden kazanmak i\u00e7in bir yol ar\u0131yorsan\u0131z, Az G\u00f6rme Rehabilitasyonu m\u00fckemmel bir \u00e7\u00f6z\u00fcm olabilir.<\/h2>\n\n<p>Az g\u00f6rme rehabilitasyonu, \u00f6nemli g\u00f6rme bozuklu\u011fu olan bireylerin kalan g\u00f6r\u00fc\u015flerini en \u00fcst d\u00fczeye \u00e7\u0131karmalar\u0131na ve g\u00fcnl\u00fck aktivitelerde ba\u011f\u0131ms\u0131zl\u0131klar\u0131n\u0131 yeniden kazanmalar\u0131na yard\u0131mc\u0131 olan \u00f6zel bir programd\u0131r. Tipik olarak mak\u00fcler dejenerasyon, glokom, diyabetik retinopati veya di\u011fer g\u00f6z hastal\u0131klar\u0131 gibi durumlardan kaynaklanan az g\u00f6ren ki\u015filerin kar\u015f\u0131la\u015ft\u0131\u011f\u0131 \u00f6zel ihtiya\u00e7 ve zorluklar\u0131 ele almak i\u00e7in tasarlanm\u0131\u015ft\u0131r.<\/p>\n\n<p><a href=\"https:\/\/en.wikipedia.org\/wiki\/Vision_rehabilitation\" target=\"_blank\" rel=\"noreferrer noopener\">Az g\u00f6rme rehabilitasyonunun<\/a> amac\u0131, fonksiyonel g\u00f6rmeyi geli\u015ftirmek, ya\u015fam kalitesini art\u0131rmak ve genel refah\u0131 te\u015fvik etmektir. Program, her bireyin kendine \u00f6zg\u00fc g\u00f6rsel yeteneklerine, ya\u015fam tarz\u0131na ve hedeflerine g\u00f6re uyarlan\u0131r. B\u00fcy\u00fcte\u00e7ler, teleskoplar, elektronik cihazlar ve uyarlanabilir teknolojiler gibi g\u00f6rme yard\u0131mc\u0131lar\u0131 ve yard\u0131mc\u0131 cihazlar\u0131n bir kombinasyonunu i\u00e7erebilir. Ayr\u0131ca, kontrast art\u0131rma, ayd\u0131nlatma modifikasyonlar\u0131 ve okuma veya g\u00f6revleri yerine getirmek i\u00e7in en uygun konumland\u0131rma gibi telafi edici stratejiler geli\u015ftirmek i\u00e7in e\u011fitim verilmektedir.<\/p>\n\n<p>Az g\u00f6rme rehabilitasyonu tipik olarak optometristler, oftalmologlar, mesleki terapistler ve oryantasyon ve hareketlilik uzmanlar\u0131 dahil olmak \u00fczere profesyonellerden olu\u015fan bir ekip taraf\u0131ndan y\u00fcr\u00fct\u00fcl\u00fcr. Bireyin g\u00f6rsel yeteneklerini de\u011ferlendirmek, uygun yard\u0131mc\u0131lar\u0131 ve cihazlar\u0131 re\u00e7ete etmek ve bunlar\u0131n etkili kullan\u0131m\u0131 konusunda e\u011fitim vermek i\u00e7in i\u015fbirli\u011fi i\u00e7inde \u00e7al\u0131\u015f\u0131rlar. Program ayr\u0131ca bireylerin g\u00f6rme kayb\u0131n\u0131n duygusal ve psikolojik y\u00f6nleriyle ba\u015fa \u00e7\u0131kmalar\u0131na yard\u0131mc\u0131 olmak i\u00e7in dan\u0131\u015fmanl\u0131k ve destek de i\u00e7ermektedir.<\/p>\n\n<p>Az g\u00f6rme rehabilitasyonuna kat\u0131larak g\u00f6rme engelli bireyler ba\u011f\u0131ms\u0131zl\u0131klar\u0131n\u0131 yeniden kazanabilir, fonksiyonel g\u00f6r\u00fc\u015flerini geli\u015ftirebilir ve aktif ve tatmin edici bir ya\u015fam tarz\u0131 s\u00fcrd\u00fcrebilirler.<\/p>\n\n<h3 class=\"wp-block-heading\">Fiyat, ameliyat sonras\u0131 bak\u0131m ve iyile\u015fme s\u00fcreci de dahil olmak \u00fczere <a href=\"https:\/\/medclinics.com\/tr\/genel-goz-cerrahisi\/\" target=\"_blank\" rel=\"noreferrer noopener\">g\u00f6z ameliyat\u0131<\/a> hakk\u0131nda bilmeniz gereken her \u015fey veya <a href=\"#requestform\">bizimle ileti\u015fime<\/a> ge\u00e7in!<\/h3>\n\n<figure class=\"wp-block-image size-large\"><img fetchpriority=\"high\" decoding=\"async\" width=\"4708\" height=\"3139\" src=\"https:\/\/medclinics.com\/wp-content\/uploads\/2023\/05\/low-vision-rehabilitation.png\" alt=\"Az G&#xF6;rme Rehabilitasyonu\" class=\"wp-image-84753\" srcset=\"https:\/\/medclinics.com\/wp-content\/uploads\/2023\/05\/low-vision-rehabilitation.png 4708w, https:\/\/medclinics.com\/wp-content\/uploads\/2023\/05\/low-vision-rehabilitation-500x333.png 500w, https:\/\/medclinics.com\/wp-content\/uploads\/2023\/05\/low-vision-rehabilitation-1024x683.png 1024w, https:\/\/medclinics.com\/wp-content\/uploads\/2023\/05\/low-vision-rehabilitation-768x512.png 768w, https:\/\/medclinics.com\/wp-content\/uploads\/2023\/05\/low-vision-rehabilitation-1536x1024.png 1536w, https:\/\/medclinics.com\/wp-content\/uploads\/2023\/05\/low-vision-rehabilitation-2048x1365.png 2048w, https:\/\/medclinics.com\/wp-content\/uploads\/2023\/05\/low-vision-rehabilitation-24x16.png 24w, https:\/\/medclinics.com\/wp-content\/uploads\/2023\/05\/low-vision-rehabilitation-36x24.png 36w, https:\/\/medclinics.com\/wp-content\/uploads\/2023\/05\/low-vision-rehabilitation-48x32.png 48w\" sizes=\"(max-width: 4708px) 100vw, 4708px\" \/><\/figure>\n\n<h2 class=\"wp-block-heading\">SSS  <\/h2>\n<div id=\"rank-math-faq\" class=\"rank-math-block\">\n<div class=\"rank-math-list \">\n<div id=\"faq-question-1682603361561\" class=\"rank-math-list-item\">\n<h3 class=\"rank-math-question \">Az g\u00f6rme rehabilitasyonu nedir?<\/h3>\n<div class=\"rank-math-answer \">\n\n<p>Az g\u00f6rme rehabilitasyonu, \u00f6nemli g\u00f6rme bozuklu\u011fu olan bireylerin kalan g\u00f6r\u00fc\u015flerini en \u00fcst d\u00fczeye \u00e7\u0131karmalar\u0131na ve g\u00fcnl\u00fck aktivitelerde ba\u011f\u0131ms\u0131zl\u0131klar\u0131n\u0131 yeniden kazanmalar\u0131na yard\u0131mc\u0131 olan \u00f6zel bir programd\u0131r. Ki\u015fiselle\u015ftirilmi\u015f e\u011fitim, g\u00f6rme yard\u0131mc\u0131lar\u0131 ve yard\u0131mc\u0131 cihazlar\u0131n kullan\u0131m\u0131 ve profesyonellerden olu\u015fan bir ekibin deste\u011fini i\u00e7erir. Ama\u00e7, i\u015flevsel g\u00f6rmeyi geli\u015ftirmek, ya\u015fam kalitesini art\u0131rmak ve az g\u00f6ren bireyler i\u00e7in ba\u011f\u0131ms\u0131zl\u0131\u011f\u0131 te\u015fvik etmektir.<\/p>\n\n<\/div>\n<\/div>\n<div id=\"faq-question-1684148576735\" class=\"rank-math-list-item\">\n<h3 class=\"rank-math-question \">Merkezi g\u00f6rme kayb\u0131 geri kazan\u0131labilir mi?<\/h3>\n<div class=\"rank-math-answer \">\n\n<p>Genel olarak, merkezi g\u00f6rme kayb\u0131 tam olarak geri getirilemez. Makula dejenerasyonu veya merkezi retinal ven t\u0131kan\u0131kl\u0131\u011f\u0131 gibi merkezi g\u00f6rme kayb\u0131na neden olan durumlar tipik olarak retinan\u0131n makula olarak bilinen merkezi k\u0131sm\u0131nda kal\u0131c\u0131 hasarla sonu\u00e7lan\u0131r. Bununla birlikte, merkezi g\u00f6rme kayb\u0131 olan bireylerin kalan g\u00f6r\u00fc\u015flerinden en iyi \u015fekilde yararlanmalar\u0131na ve g\u00fcnl\u00fck aktivitelerde ba\u011f\u0131ms\u0131zl\u0131klar\u0131n\u0131 korumalar\u0131na yard\u0131mc\u0131 olabilecek az g\u00f6rme yard\u0131mc\u0131lar\u0131, cihazlar\u0131 ve rehabilitasyon programlar\u0131 mevcuttur. Bu stratejiler, periferik g\u00f6r\u00fc\u015f\u00fcn kullan\u0131m\u0131n\u0131 optimize etmeyi ve okuma, yazma ve y\u00fczleri tan\u0131ma gibi g\u00f6revler i\u00e7in g\u00f6rsel i\u015flevi geli\u015ftirmeyi ama\u00e7lamaktad\u0131r. G\u00f6rme kabiliyetlerini en \u00fcst d\u00fczeye \u00e7\u0131karabilecek ve ya\u015fam kalitesini art\u0131rabilecek se\u00e7enekleri ke\u015ffetmek i\u00e7in bir g\u00f6z sa\u011fl\u0131\u011f\u0131 uzman\u0131na veya az g\u00f6rme uzman\u0131na dan\u0131\u015fmak \u00f6nemlidir.<\/p>\n\n<\/div>\n<\/div>\n<div id=\"faq-question-1684148637223\" class=\"rank-math-list-item\">\n<h3 class=\"rank-math-question \">Az g\u00f6rme bir engel midir?<\/h3>\n<div class=\"rank-math-answer \">\n\n<p>Az g\u00f6rme, geleneksel anlamda bir engellilikten ziyade bir g\u00f6rme bozuklu\u011fu olarak kabul edilir. G\u00f6zl\u00fck, kontakt lens, ila\u00e7 veya ameliyatla tam olarak d\u00fczeltilemeyen \u00f6nemli g\u00f6rme bozuklu\u011fu anlam\u0131na gelir, ancak az g\u00f6ren bireyler yine de \u00e7e\u015fitli derecelerde i\u015flevsel g\u00f6r\u00fc\u015fe sahip olabilirler. Az g\u00f6rme, bir ki\u015finin belirli g\u00f6revleri yerine getirme becerisini etkileyebilse de, mutlaka g\u00fcnl\u00fck aktivitelere kat\u0131lamayacaklar\u0131 veya \u00e7al\u0131\u015famayacaklar\u0131 anlam\u0131na gelmez. Bunun yerine, az g\u00f6ren bireyler, kalan g\u00f6r\u00fc\u015flerini geli\u015ftirmek ve ba\u011f\u0131ms\u0131zl\u0131klar\u0131n\u0131 korumak i\u00e7in \u00f6zel destek, rehabilitasyon ve yard\u0131mc\u0131 cihazlardan faydalanabilirler. Baz\u0131 durumlarda, az g\u00f6ren bireyler, g\u00f6rme engelleri nedeniyle kar\u015f\u0131la\u015fabilecekleri zorluklar\u0131n \u00fcstesinden gelmelerine yard\u0131mc\u0131 olmak i\u00e7in belirli kolayl\u0131klara veya destek hizmetlerine hak kazanabilirler.<\/p>\n\n<\/div>\n<\/div>\n<\/div>\n<\/div>\n<p><\/p>\n\n<h3 class=\"wp-block-heading\">Herhangi bir sorunuz olmas\u0131 durumunda hemen bizimle ileti\u015fime ge\u00e7in!<\/h3>\n","protected":false},"excerpt":{"rendered":"<p>G\u00f6rme becerilerinizi geli\u015ftirmek ve ba\u011f\u0131ms\u0131zl\u0131\u011f\u0131n\u0131z\u0131 yeniden kazanmak i\u00e7in bir yol ar\u0131yorsan\u0131z, Az G\u00f6rme Rehabilitasyonu m\u00fckemmel bir \u00e7\u00f6z\u00fcm olabilir. Az g\u00f6rme [&hellip;]<\/p>\n","protected":false},"author":4,"featured_media":92099,"parent":0,"menu_order":0,"comment_status":"closed","ping_status":"closed","template":"","meta":{"site-sidebar-layout":"default","site-content-layout":"","ast-site-content-layout":"default","site-content-style":"default","site-sidebar-style":"default","ast-global-header-display":"","ast-banner-title-visibility":"","ast-main-header-display":"","ast-hfb-above-header-display":"","ast-hfb-below-header-display":"","ast-hfb-mobile-header-display":"","site-post-title":"","ast-breadcrumbs-content":"","ast-featured-img":"","footer-sml-layout":"","ast-disable-related-posts":"","theme-transparent-header-meta":"","adv-header-id-meta":"","stick-header-meta":"","header-above-stick-meta":"","header-main-stick-meta":"","header-below-stick-meta":"","astra-migrate-meta-layouts":"default","ast-page-background-enabled":"default","ast-page-background-meta":{"desktop":{"background-color":"var(--ast-global-color-4)","background-image":"","background-repeat":"repeat","background-position":"center center","background-size":"auto","background-attachment":"scroll","background-type":"","background-media":"","overlay-type":"","overlay-color":"","overlay-opacity":"","overlay-gradient":""},"tablet":{"background-color":"","background-image":"","background-repeat":"repeat","background-position":"center center","background-size":"auto","background-attachment":"scroll","background-type":"","background-media":"","overlay-type":"","overlay-color":"","overlay-opacity":"","overlay-gradient":""},"mobile":{"background-color":"","background-image":"","background-repeat":"repeat","background-position":"center center","background-size":"auto","background-attachment":"scroll","background-type":"","background-media":"","overlay-type":"","overlay-color":"","overlay-opacity":"","overlay-gradient":""}},"ast-content-background-meta":{"desktop":{"background-color":"var(--ast-global-color-5)","background-image":"","background-repeat":"repeat","background-position":"center center","background-size":"auto","background-attachment":"scroll","background-type":"","background-media":"","overlay-type":"","overlay-color":"","overlay-opacity":"","overlay-gradient":""},"tablet":{"background-color":"var(--ast-global-color-5)","background-image":"","background-repeat":"repeat","background-position":"center center","background-size":"auto","background-attachment":"scroll","background-type":"","background-media":"","overlay-type":"","overlay-color":"","overlay-opacity":"","overlay-gradient":""},"mobile":{"background-color":"var(--ast-global-color-5)","background-image":"","background-repeat":"repeat","background-position":"center center","background-size":"auto","background-attachment":"scroll","background-type":"","background-media":"","overlay-type":"","overlay-color":"","overlay-opacity":"","overlay-gradient":""}},"footnotes":""},"class_list":["post-145521","page","type-page","status-publish","has-post-thumbnail","hentry"],"_links":{"self":[{"href":"https:\/\/medclinics.com\/tr\/wp-json\/wp\/v2\/pages\/145521","targetHints":{"allow":["GET"]}}],"collection":[{"href":"https:\/\/medclinics.com\/tr\/wp-json\/wp\/v2\/pages"}],"about":[{"href":"https:\/\/medclinics.com\/tr\/wp-json\/wp\/v2\/types\/page"}],"author":[{"embeddable":true,"href":"https:\/\/medclinics.com\/tr\/wp-json\/wp\/v2\/users\/4"}],"replies":[{"embeddable":true,"href":"https:\/\/medclinics.com\/tr\/wp-json\/wp\/v2\/comments?post=145521"}],"version-history":[{"count":0,"href":"https:\/\/medclinics.com\/tr\/wp-json\/wp\/v2\/pages\/145521\/revisions"}],"wp:featuredmedia":[{"embeddable":true,"href":"https:\/\/medclinics.com\/tr\/wp-json\/wp\/v2\/media\/92099"}],"wp:attachment":[{"href":"https:\/\/medclinics.com\/tr\/wp-json\/wp\/v2\/media?parent=145521"}],"curies":[{"name":"wp","href":"https:\/\/api.w.org\/{rel}","templated":true}]}}