{"id":145509,"date":"2023-05-15T10:56:21","date_gmt":"2023-05-15T10:56:21","guid":{"rendered":"https:\/\/medclinics.com\/dis-cerrahisi\/"},"modified":"2024-03-20T14:10:58","modified_gmt":"2024-03-20T11:10:58","slug":"dis-cerrahisi","status":"publish","type":"page","link":"https:\/\/medclinics.com\/tr\/dis-cerrahisi\/","title":{"rendered":"Di\u015f Cerrahisi"},"content":{"rendered":"\n<h2 class=\"wp-block-heading\">Di\u015f \u00e7ekimi mi implant m\u0131? Bu durumlarda, di\u011ferlerinin yan\u0131 s\u0131ra, bir di\u015f ameliyat\u0131na ihtiyac\u0131n\u0131z olabilir.<\/h2>\n\n<p>Di\u015f cerrahisi, \u00e7e\u015fitli di\u015f ve a\u011f\u0131z hastal\u0131klar\u0131n\u0131 tedavi etmek i\u00e7in cerrahi prosed\u00fcrleri i\u00e7eren olduk\u00e7a uzmanla\u015fm\u0131\u015f bir di\u015f hekimli\u011fi alan\u0131d\u0131r. Hasar veya \u00e7\u00fcr\u00fcme onar\u0131lamayacak kadar ilerledi\u011finde di\u015f \u00e7ekimi gibi \u00e7e\u015fitli nedenlerle gerekli olabilir, bu da onu bu alanda yayg\u0131n bir prosed\u00fcr haline getirir.<\/p>\n\n<p>Di\u015f cerrahisine ihtiya\u00e7 duyman\u0131z\u0131n bir ba\u015fka nedeni de di\u015f <a href=\"https:\/\/medclinics.com\/tr\/all-on-6-dis-implantlari\/\" target=\"_blank\" data-type=\"page\" data-id=\"82691\" rel=\"noreferrer noopener\">implant\u0131<\/a> olarak bilinen yapay di\u015f k\u00f6klerine ihtiya\u00e7 duyman\u0131zd\u0131r. Bu implantlar\u0131n yerle\u015ftirilmesi, kapsaml\u0131 bir e\u011fitimden ge\u00e7mi\u015f deneyimli profesyoneller taraf\u0131ndan ger\u00e7ekle\u015ftirilen karma\u015f\u0131k bir cerrahi s\u00fcre\u00e7 gerektirir.<\/p>\n\n<p>TME bozukluklar\u0131 ve uyku apnesi gibi \u00e7ene hizas\u0131zl\u0131\u011f\u0131 sorunlar\u0131 da bu alanda uzmanla\u015fm\u0131\u015f yetenekli cerrahlar\u0131n uzmanl\u0131\u011f\u0131 alt\u0131nda \u00e7ene ameliyatlar\u0131 ile tedavi edilmektedir.<\/p>\n\n<p>Gum disease treatment using gum surgery helps prevent complications like gum recession and eventual loss of teeth due to infections caused by inadequate hygiene practices over time. <a href=\"https:\/\/medclinics.com\/tr\/kok-kanal-tedavisi\/\" target=\"_blank\" data-type=\"page\" data-id=\"82908\" rel=\"noreferrer noopener\">Root canal therapy<\/a> treats severe pulp infection or damages within your teeth&#8217;s root structure effectively while ensuring minimal discomfort during recovery periods post-surgery<\/p>\n\n<p>A\u011f\u0131z sa\u011fl\u0131\u011f\u0131n\u0131n restorasyonunun yan\u0131 s\u0131ra a\u011f\u0131z fonksiyonlar\u0131n\u0131n d\u00fczg\u00fcn bir \u015fekilde iyile\u015ftirilmesi, <a href=\"https:\/\/en.wikipedia.org\/wiki\/Dental_surgery\" target=\"_blank\" rel=\"noreferrer noopener\">Di\u015f Ameliyat\u0131<\/a> ge\u00e7iren hastalara, bu ameliyatlar\u0131 profesyonel olarak ger\u00e7ekle\u015ftirmek i\u00e7in \u00f6zel olarak e\u011fitilmi\u015f kalifiye uzmanlar taraf\u0131ndan ger\u00e7ekle\u015ftirilen t\u00fcm operasyonlar boyunca her zaman birincil hedefimiz olmaya devam etmektedir!<\/p>\n\n<h3 class=\"wp-block-heading\">Fiyat, bak\u0131m sonras\u0131 ve iyile\u015fme s\u00fcreci de dahil olmak \u00fczere <a href=\"https:\/\/medclinics.com\/dental\/\" target=\"_blank\" rel=\"noreferrer noopener\">di\u015f tedavileri<\/a> hakk\u0131nda bilmeniz gereken her \u015fey veya <a href=\"#requestform\">bizimle ileti\u015fime<\/a> ge\u00e7in!<\/h3>\n\n<figure class=\"wp-block-image size-full\"><img fetchpriority=\"high\" decoding=\"async\" width=\"960\" height=\"580\" src=\"https:\/\/medclinics.com\/wp-content\/uploads\/2023\/05\/dental-surgery-2.jpg\" alt=\"Di&#x15F; Cerrahisi&#10;\" class=\"wp-image-84515\" srcset=\"https:\/\/medclinics.com\/wp-content\/uploads\/2023\/05\/dental-surgery-2.jpg 960w, https:\/\/medclinics.com\/wp-content\/uploads\/2023\/05\/dental-surgery-2-500x302.jpg 500w, https:\/\/medclinics.com\/wp-content\/uploads\/2023\/05\/dental-surgery-2-768x464.jpg 768w, https:\/\/medclinics.com\/wp-content\/uploads\/2023\/05\/dental-surgery-2-24x15.jpg 24w, https:\/\/medclinics.com\/wp-content\/uploads\/2023\/05\/dental-surgery-2-36x22.jpg 36w, https:\/\/medclinics.com\/wp-content\/uploads\/2023\/05\/dental-surgery-2-48x29.jpg 48w\" sizes=\"(max-width: 960px) 100vw, 960px\" \/><\/figure>\n\n<h3 class=\"wp-block-heading\">SSS<\/h3>\n<div id=\"rank-math-faq\" class=\"rank-math-block\">\n<div class=\"rank-math-list \">\n<div id=\"faq-question-1683898477333\" class=\"rank-math-list-item\">\n<h3 class=\"rank-math-question \">Di\u015f cerrahisi nedir?<\/h3>\n<div class=\"rank-math-answer \">\n\n<p>Di\u015f prosed\u00fcrleri aras\u0131nda di\u015f \u00e7ekimi, di\u015f eti cerrahisi, di\u015f implantlar\u0131 ve \u00e7ene rekonstr\u00fcksiyonu yer almaktad\u0131r. Baz\u0131 prosed\u00fcrler k\u00fc\u00e7\u00fck kabul edilir ve lokal anestezi alt\u0131nda ger\u00e7ekle\u015ftirilirken, di\u011ferleri sedasyon veya genel anestezi gerektirebilir.<\/p>\n\n<\/div>\n<\/div>\n<div id=\"faq-question-1683898525995\" class=\"rank-math-list-item\">\n<h3 class=\"rank-math-question \">Cerrahi olarak ka\u00e7 di\u015f \u00e7ekilebilir?<\/h3>\n<div class=\"rank-math-answer \">\n\n<p>Genellikle bir di\u015f prosed\u00fcr\u00fc s\u0131ras\u0131nda bir veya daha fazla di\u015f \u00e7ekilebilir. Tam di\u015f \u00e7ekimi veya \u00e7ene cerrahisi gibi baz\u0131 durumlarda, bir veya iki \u00e7enedeki t\u00fcm di\u015flerin al\u0131nmas\u0131 gerekir. Bu durum birden fazla di\u015f hekimi ziyareti gerektirebilir.<\/p>\n\n<\/div>\n<\/div>\n<div id=\"faq-question-1683898720036\" class=\"rank-math-list-item\">\n<h3 class=\"rank-math-question \">Di\u015f cerrahisinin dezavantajlar\u0131 nelerdir?<\/h3>\n<div class=\"rank-math-answer \">\n\n<p>Di\u015f cerrahisinin dezavantajlar\u0131 \u015funlard\u0131r:<br \/>Di\u015f cerrahisinin dezavantajlar\u0131 aras\u0131nda a\u011fr\u0131 ve rahats\u0131zl\u0131\u011f\u0131n yan\u0131 s\u0131ra \u015fi\u015fme ve morarma da yer alabilir. Her cerrahi i\u015flemde oldu\u011fu gibi enfeksiyon riski vard\u0131r ve kanama meydana gelebilir. Baz\u0131 durumlarda, di\u015f prosed\u00fcrleri a\u011f\u0131zdaki sinirlere zarar verebilir ve uyu\u015fma, kar\u0131ncalanma veya di\u011fer hislere neden olabilir.<\/p>\n\n<\/div>\n<\/div>\n<\/div>\n<\/div>\n<p><\/p>\n\n<h3 class=\"wp-block-heading\">Herhangi bir sorunuz olmas\u0131 durumunda hemen bizimle ileti\u015fime ge\u00e7in!<\/h3>\n","protected":false},"excerpt":{"rendered":"<p>Di\u015f \u00e7ekimi mi implant m\u0131? Bu durumlarda, di\u011ferlerinin yan\u0131 s\u0131ra, bir di\u015f ameliyat\u0131na ihtiyac\u0131n\u0131z olabilir. Di\u015f cerrahisi, \u00e7e\u015fitli di\u015f ve [&hellip;]<\/p>\n","protected":false},"author":4,"featured_media":82381,"parent":0,"menu_order":0,"comment_status":"closed","ping_status":"closed","template":"","meta":{"site-sidebar-layout":"default","site-content-layout":"","ast-site-content-layout":"default","site-content-style":"default","site-sidebar-style":"default","ast-global-header-display":"","ast-banner-title-visibility":"","ast-main-header-display":"","ast-hfb-above-header-display":"","ast-hfb-below-header-display":"","ast-hfb-mobile-header-display":"","site-post-title":"","ast-breadcrumbs-content":"","ast-featured-img":"","footer-sml-layout":"","ast-disable-related-posts":"","theme-transparent-header-meta":"","adv-header-id-meta":"","stick-header-meta":"","header-above-stick-meta":"","header-main-stick-meta":"","header-below-stick-meta":"","astra-migrate-meta-layouts":"default","ast-page-background-enabled":"default","ast-page-background-meta":{"desktop":{"background-color":"var(--ast-global-color-4)","background-image":"","background-repeat":"repeat","background-position":"center center","background-size":"auto","background-attachment":"scroll","background-type":"","background-media":"","overlay-type":"","overlay-color":"","overlay-opacity":"","overlay-gradient":""},"tablet":{"background-color":"","background-image":"","background-repeat":"repeat","background-position":"center center","background-size":"auto","background-attachment":"scroll","background-type":"","background-media":"","overlay-type":"","overlay-color":"","overlay-opacity":"","overlay-gradient":""},"mobile":{"background-color":"","background-image":"","background-repeat":"repeat","background-position":"center center","background-size":"auto","background-attachment":"scroll","background-type":"","background-media":"","overlay-type":"","overlay-color":"","overlay-opacity":"","overlay-gradient":""}},"ast-content-background-meta":{"desktop":{"background-color":"var(--ast-global-color-5)","background-image":"","background-repeat":"repeat","background-position":"center center","background-size":"auto","background-attachment":"scroll","background-type":"","background-media":"","overlay-type":"","overlay-color":"","overlay-opacity":"","overlay-gradient":""},"tablet":{"background-color":"var(--ast-global-color-5)","background-image":"","background-repeat":"repeat","background-position":"center center","background-size":"auto","background-attachment":"scroll","background-type":"","background-media":"","overlay-type":"","overlay-color":"","overlay-opacity":"","overlay-gradient":""},"mobile":{"background-color":"var(--ast-global-color-5)","background-image":"","background-repeat":"repeat","background-position":"center center","background-size":"auto","background-attachment":"scroll","background-type":"","background-media":"","overlay-type":"","overlay-color":"","overlay-opacity":"","overlay-gradient":""}},"footnotes":""},"class_list":["post-145509","page","type-page","status-publish","has-post-thumbnail","hentry"],"_links":{"self":[{"href":"https:\/\/medclinics.com\/tr\/wp-json\/wp\/v2\/pages\/145509","targetHints":{"allow":["GET"]}}],"collection":[{"href":"https:\/\/medclinics.com\/tr\/wp-json\/wp\/v2\/pages"}],"about":[{"href":"https:\/\/medclinics.com\/tr\/wp-json\/wp\/v2\/types\/page"}],"author":[{"embeddable":true,"href":"https:\/\/medclinics.com\/tr\/wp-json\/wp\/v2\/users\/4"}],"replies":[{"embeddable":true,"href":"https:\/\/medclinics.com\/tr\/wp-json\/wp\/v2\/comments?post=145509"}],"version-history":[{"count":0,"href":"https:\/\/medclinics.com\/tr\/wp-json\/wp\/v2\/pages\/145509\/revisions"}],"wp:featuredmedia":[{"embeddable":true,"href":"https:\/\/medclinics.com\/tr\/wp-json\/wp\/v2\/media\/82381"}],"wp:attachment":[{"href":"https:\/\/medclinics.com\/tr\/wp-json\/wp\/v2\/media?parent=145509"}],"curies":[{"name":"wp","href":"https:\/\/api.w.org\/{rel}","templated":true}]}}