{"id":145499,"date":"2023-05-15T10:38:39","date_gmt":"2023-05-15T07:38:39","guid":{"rendered":"https:\/\/medclinics.com\/uveit-goz-ici-iltihaplari\/"},"modified":"2025-01-03T01:51:48","modified_gmt":"2025-01-02T22:51:48","slug":"uveit-goz-ici-iltihaplari","status":"publish","type":"page","link":"https:\/\/medclinics.com\/tr\/uveit-goz-ici-iltihaplari\/","title":{"rendered":"\u00dcveit (G\u00f6z \u0130\u00e7i \u0130ltihaplar\u0131)"},"content":{"rendered":"\n<h2 class=\"wp-block-heading\">\u0130ltihaplanmaya veda edin ve geli\u015fmi\u015f g\u00f6z sa\u011fl\u0131\u011f\u0131na merhaba deyin. \u0130htiya\u00e7lar\u0131n\u0131za uygun etkili \u00e7\u00f6z\u00fcmler sunmak ve vizyonunuzu geri kazand\u0131rmak i\u00e7in ekibimize g\u00fcvenin.<\/h2>\n\n<p><a href=\"https:\/\/en.wikipedia.org\/wiki\/Uveitis\" target=\"_blank\" rel=\"noreferrer noopener\">\u00dcveit<\/a>, g\u00f6z\u00fcn orta tabakas\u0131 olan uvea&#8217;da iltihaplanma ile karakterize bir durumdur. \u00dcvea; iris, siliyer cisim ve koroidden olu\u015fur ve g\u00f6z\u00fcn beslenmesinde ve i\u015flevinin d\u00fczenlenmesinde hayati bir rol oynar. Enfeksiyonlar, otoimm\u00fcn bozukluklar, g\u00f6ze travma veya altta yatan sistemik durumlar dahil olmak \u00fczere \u00e7e\u015fitli fakt\u00f6rlerden kaynaklanabilir. \u00dcveit ile ili\u015fkili iltihaplanma bir veya iki g\u00f6z\u00fc etkileyebilir ve \u015fiddeti ve s\u00fcresi de\u011fi\u015febilir.<\/p>\n\n<p>\u00dcveit belirtileri aras\u0131nda g\u00f6zde k\u0131zar\u0131kl\u0131k, a\u011fr\u0131, \u0131\u015f\u0131k hassasiyeti (fotofobi), bulan\u0131k g\u00f6rme, u\u00e7u\u015fan noktalar (g\u00f6r\u00fc\u015f alan\u0131n\u0131zda noktalar veya benekler) ve g\u00f6rme keskinli\u011finde azalma yer alabilir. \u00dcveit tedavi edilmedi\u011fi takdirde g\u00f6rmenizi etkileyebilecek komplikasyonlara yol a\u00e7abilece\u011finden, bu semptomlar\u0131 ya\u015farsan\u0131z derhal t\u0131bbi yard\u0131m alman\u0131z \u00f6nemlidir. Bir g\u00f6z sa\u011fl\u0131\u011f\u0131 uzman\u0131 durumunuzu de\u011ferlendirecek, \u00fcveitin alt\u0131nda yatan nedeni belirleyecek ve uygun bir tedavi plan\u0131 geli\u015ftirecektir.<\/p>\n\n<p>\u00dcveit tedavisi tipik olarak inflamasyonun alt\u0131nda yatan nedenin ele al\u0131nmas\u0131n\u0131 ve semptomlar\u0131n y\u00f6netilmesini i\u00e7erir. Bu, kortikosteroid g\u00f6z damlalar\u0131 veya oral ila\u00e7lar gibi anti-enflamatuar ila\u00e7lar\u0131n yan\u0131 s\u0131ra a\u011fr\u0131y\u0131 hafifletmek ve sine\u015fi (iris ve lens aras\u0131ndaki yap\u0131\u015f\u0131kl\u0131klar) gibi komplikasyonlar\u0131 \u00f6nlemek i\u00e7in geni\u015fletici g\u00f6z damlalar\u0131n\u0131n kullan\u0131m\u0131n\u0131 i\u00e7erebilir. Baz\u0131 durumlarda, ba\u011f\u0131\u015f\u0131kl\u0131k tepkisini kontrol etmek i\u00e7in ba\u011f\u0131\u015f\u0131kl\u0131k bask\u0131lay\u0131c\u0131 ila\u00e7lar re\u00e7ete edilebilir. G\u00f6z sa\u011fl\u0131\u011f\u0131 uzman\u0131n\u0131zla d\u00fczenli takip ziyaretleri, tedavinin ilerlemesini izlemek ve \u00fcveitin uygun \u015fekilde y\u00f6netilmesini sa\u011flamak i\u00e7in gereklidir.<\/p>\n\n<h3 class=\"wp-block-heading\">Fiyat, ameliyat sonras\u0131 bak\u0131m ve iyile\u015fme s\u00fcreci de dahil olmak \u00fczere <a href=\"https:\/\/medclinics.com\/tr\/genel-goz-cerrahisi\/\" target=\"_blank\" rel=\"noreferrer noopener\">g\u00f6z ameliyat\u0131<\/a> hakk\u0131nda bilmeniz gereken her \u015fey veya <a href=\"#requestform\">bizimle ileti\u015fime<\/a> ge\u00e7in!<\/h3>\n\n<figure class=\"wp-block-image size-large\"><img fetchpriority=\"high\" decoding=\"async\" width=\"3838\" height=\"2558\" src=\"https:\/\/medclinics.com\/wp-content\/uploads\/2023\/05\/uveitis.png\" alt=\"&#xDC;veit (G&#xF6;z &#x130;&#xE7;i &#x130;ltihaplar&#x131;) istanbul t&#xFC;rkiye\" class=\"wp-image-84522\" srcset=\"https:\/\/medclinics.com\/wp-content\/uploads\/2023\/05\/uveitis.png 3838w, https:\/\/medclinics.com\/wp-content\/uploads\/2023\/05\/uveitis-500x333.png 500w, https:\/\/medclinics.com\/wp-content\/uploads\/2023\/05\/uveitis-1024x682.png 1024w, https:\/\/medclinics.com\/wp-content\/uploads\/2023\/05\/uveitis-768x512.png 768w, https:\/\/medclinics.com\/wp-content\/uploads\/2023\/05\/uveitis-1536x1024.png 1536w, https:\/\/medclinics.com\/wp-content\/uploads\/2023\/05\/uveitis-2048x1365.png 2048w, https:\/\/medclinics.com\/wp-content\/uploads\/2023\/05\/uveitis-24x16.png 24w, https:\/\/medclinics.com\/wp-content\/uploads\/2023\/05\/uveitis-36x24.png 36w, https:\/\/medclinics.com\/wp-content\/uploads\/2023\/05\/uveitis-48x32.png 48w\" sizes=\"(max-width: 3838px) 100vw, 3838px\" \/><\/figure>\n\n<h2 class=\"wp-block-heading\">SSS  <\/h2>\n<div id=\"rank-math-faq\" class=\"rank-math-block\">\n<div class=\"rank-math-list \">\n<div id=\"faq-question-1684146859251\" class=\"rank-math-list-item\">\n<h3 class=\"rank-math-question \">\u00dcveit nas\u0131l tedavi edilir?<\/h3>\n<div class=\"rank-math-answer \">\n\n<p>\u00dcveit tedavisi, enflamasyonu azaltmay\u0131, semptomlar\u0131 hafifletmeyi ve g\u00f6rmeyi korumay\u0131 ama\u00e7layan kapsaml\u0131 bir yakla\u015f\u0131m\u0131 i\u00e7erir. Spesifik tedavi plan\u0131 altta yatan nedene, enflamasyonun \u015fiddetine ve bireysel hasta fakt\u00f6rlerine ba\u011fl\u0131 olacakt\u0131r. Tipik olarak, tedavinin ilk basama\u011f\u0131 iltihab\u0131 azaltmak ve semptomlar\u0131 y\u00f6netmek i\u00e7in kortikosteroid g\u00f6z damlalar\u0131n\u0131n kullan\u0131lmas\u0131n\u0131 i\u00e7erir. Bu g\u00f6z damlalar\u0131 genellikle s\u0131k aral\u0131klarla re\u00e7ete edilir ve iltihap azald\u0131k\u00e7a kademeli olarak azalt\u0131l\u0131r. Baz\u0131 durumlarda, ba\u011f\u0131\u015f\u0131kl\u0131k yan\u0131t\u0131n\u0131n daha iyi kontrol alt\u0131na al\u0131nmas\u0131 ve tekrarlayan \u00fcveit ataklar\u0131n\u0131n \u00f6nlenmesi i\u00e7in oral kortikosteroidler veya imm\u00fcnosupresif ila\u00e7lar gerekli olabilir. A\u011fr\u0131y\u0131 hafifletmek ve iris ile lens aras\u0131nda yap\u0131\u015f\u0131kl\u0131klar olan sine\u015fi gibi komplikasyonlar\u0131 \u00f6nlemek i\u00e7in g\u00f6z geni\u015fletici damlalar da re\u00e7ete edilebilir. Ayr\u0131ca, altta yatan sistemik bir durum veya enfeksiyonla ili\u015fkiliyse, altta yatan nedenin tedavi edilmesi etkili bir y\u00f6netim i\u00e7in \u00e7ok \u00f6nemlidir. Tedavinin ilerleyi\u015fini izlemek, ila\u00e7lara verilen yan\u0131t\u0131 de\u011ferlendirmek ve tedavi plan\u0131nda gerekli ayarlamalar\u0131 yapmak i\u00e7in bir g\u00f6z doktoru veya uzmanla d\u00fczenli takip ziyaretleri \u015fartt\u0131r.<\/p>\n\n<\/div>\n<\/div>\n<div id=\"faq-question-1684146973609\" class=\"rank-math-list-item\">\n<h3 class=\"rank-math-question \">\u00dcveit nas\u0131l olu\u015fur?<\/h3>\n<div class=\"rank-math-answer \">\n\n<p>\u00dcveit, g\u00f6z\u00fcn orta tabakas\u0131 olan uvea iltihapland\u0131\u011f\u0131nda ortaya \u00e7\u0131kar. Kesin nedeni genellikle bilinmez, ancak \u00e7e\u015fitli fakt\u00f6rler taraf\u0131ndan tetiklenebilir. Bunlar, g\u00f6z\u00fc etkileyebilecek viral, bakteriyel veya mantar enfeksiyonlar\u0131 gibi enfeksiyonlar\u0131 i\u00e7erebilir. V\u00fccudun ba\u011f\u0131\u015f\u0131kl\u0131k sisteminin yanl\u0131\u015fl\u0131kla g\u00f6z\u00fcn sa\u011fl\u0131kl\u0131 dokular\u0131na sald\u0131rd\u0131\u011f\u0131 otoimm\u00fcn bozukluklarla da ili\u015fkili olabilir. Di\u011fer olas\u0131 nedenler aras\u0131nda g\u00f6ze travma, baz\u0131 ila\u00e7lar veya romatoid artrit veya inflamatuar ba\u011f\u0131rsak hastal\u0131\u011f\u0131 gibi altta yatan sistemik durumlar yer al\u0131r. Her ya\u015ftan bireyi etkileyebilir, ancak belirli \u00fcveit t\u00fcrleri belirli ya\u015f gruplar\u0131nda veya pop\u00fclasyonlarda daha yayg\u0131n olarak g\u00f6r\u00fcl\u00fcr. \u00dcveitin alt\u0131nda yatan nedeni belirlemek ve iltihab\u0131 y\u00f6netmek i\u00e7in uygun bir tedavi plan\u0131 geli\u015ftirmek i\u00e7in bir g\u00f6z sa\u011fl\u0131\u011f\u0131 uzman\u0131na dan\u0131\u015fmak \u00f6nemlidir.<\/p>\n\n<\/div>\n<\/div>\n<\/div>\n<\/div>\n<h3 class=\"wp-block-heading\">Herhangi bir sorunuz olmas\u0131 durumunda hemen bizimle ileti\u015fime ge\u00e7in!<\/h3>\n","protected":false},"excerpt":{"rendered":"<p>\u0130ltihaplanmaya veda edin ve geli\u015fmi\u015f g\u00f6z sa\u011fl\u0131\u011f\u0131na merhaba deyin. \u0130htiya\u00e7lar\u0131n\u0131za uygun etkili \u00e7\u00f6z\u00fcmler sunmak ve vizyonunuzu geri kazand\u0131rmak i\u00e7in ekibimize [&hellip;]<\/p>\n","protected":false},"author":4,"featured_media":93207,"parent":0,"menu_order":0,"comment_status":"closed","ping_status":"closed","template":"","meta":{"site-sidebar-layout":"default","site-content-layout":"","ast-site-content-layout":"default","site-content-style":"default","site-sidebar-style":"default","ast-global-header-display":"","ast-banner-title-visibility":"","ast-main-header-display":"","ast-hfb-above-header-display":"","ast-hfb-below-header-display":"","ast-hfb-mobile-header-display":"","site-post-title":"","ast-breadcrumbs-content":"","ast-featured-img":"","footer-sml-layout":"","ast-disable-related-posts":"","theme-transparent-header-meta":"","adv-header-id-meta":"","stick-header-meta":"","header-above-stick-meta":"","header-main-stick-meta":"","header-below-stick-meta":"","astra-migrate-meta-layouts":"default","ast-page-background-enabled":"default","ast-page-background-meta":{"desktop":{"background-color":"var(--ast-global-color-4)","background-image":"","background-repeat":"repeat","background-position":"center center","background-size":"auto","background-attachment":"scroll","background-type":"","background-media":"","overlay-type":"","overlay-color":"","overlay-opacity":"","overlay-gradient":""},"tablet":{"background-color":"","background-image":"","background-repeat":"repeat","background-position":"center center","background-size":"auto","background-attachment":"scroll","background-type":"","background-media":"","overlay-type":"","overlay-color":"","overlay-opacity":"","overlay-gradient":""},"mobile":{"background-color":"","background-image":"","background-repeat":"repeat","background-position":"center center","background-size":"auto","background-attachment":"scroll","background-type":"","background-media":"","overlay-type":"","overlay-color":"","overlay-opacity":"","overlay-gradient":""}},"ast-content-background-meta":{"desktop":{"background-color":"var(--ast-global-color-5)","background-image":"","background-repeat":"repeat","background-position":"center center","background-size":"auto","background-attachment":"scroll","background-type":"","background-media":"","overlay-type":"","overlay-color":"","overlay-opacity":"","overlay-gradient":""},"tablet":{"background-color":"var(--ast-global-color-5)","background-image":"","background-repeat":"repeat","background-position":"center center","background-size":"auto","background-attachment":"scroll","background-type":"","background-media":"","overlay-type":"","overlay-color":"","overlay-opacity":"","overlay-gradient":""},"mobile":{"background-color":"var(--ast-global-color-5)","background-image":"","background-repeat":"repeat","background-position":"center center","background-size":"auto","background-attachment":"scroll","background-type":"","background-media":"","overlay-type":"","overlay-color":"","overlay-opacity":"","overlay-gradient":""}},"footnotes":""},"class_list":["post-145499","page","type-page","status-publish","has-post-thumbnail","hentry"],"_links":{"self":[{"href":"https:\/\/medclinics.com\/tr\/wp-json\/wp\/v2\/pages\/145499","targetHints":{"allow":["GET"]}}],"collection":[{"href":"https:\/\/medclinics.com\/tr\/wp-json\/wp\/v2\/pages"}],"about":[{"href":"https:\/\/medclinics.com\/tr\/wp-json\/wp\/v2\/types\/page"}],"author":[{"embeddable":true,"href":"https:\/\/medclinics.com\/tr\/wp-json\/wp\/v2\/users\/4"}],"replies":[{"embeddable":true,"href":"https:\/\/medclinics.com\/tr\/wp-json\/wp\/v2\/comments?post=145499"}],"version-history":[{"count":0,"href":"https:\/\/medclinics.com\/tr\/wp-json\/wp\/v2\/pages\/145499\/revisions"}],"wp:featuredmedia":[{"embeddable":true,"href":"https:\/\/medclinics.com\/tr\/wp-json\/wp\/v2\/media\/93207"}],"wp:attachment":[{"href":"https:\/\/medclinics.com\/tr\/wp-json\/wp\/v2\/media?parent=145499"}],"curies":[{"name":"wp","href":"https:\/\/api.w.org\/{rel}","templated":true}]}}