{"id":145483,"date":"2023-05-15T09:26:15","date_gmt":"2023-05-15T06:26:15","guid":{"rendered":"https:\/\/medclinics.com\/kontakt-lensler\/"},"modified":"2024-12-30T19:19:45","modified_gmt":"2024-12-30T16:19:45","slug":"kontakt-lensler","status":"publish","type":"page","link":"https:\/\/medclinics.com\/tr\/kontakt-lensler\/","title":{"rendered":"Kontakt Lensler"},"content":{"rendered":"\n<h2 class=\"wp-block-heading\">G\u00f6rme yetene\u011finizi geli\u015ftirmek ve d\u00fcnyay\u0131 daha net g\u00f6rmek i\u00e7in bir yol ar\u0131yorsan\u0131z, Kontakt Lens m\u00fckemmel bir \u00e7\u00f6z\u00fcm olabilir.<\/h2>\n\n<p>Kontakt lensler, do\u011frudan g\u00f6z y\u00fczeyine yerle\u015ftirilen nefes alabilen bir malzemeden yap\u0131lm\u0131\u015f ince, kavisli disklerdir. G\u00f6rme sorunlar\u0131n\u0131 d\u00fczeltmek i\u00e7in kullan\u0131l\u0131rlar ve g\u00f6zl\u00fcklere bir alternatif sunarlar. Kontakt lensler yak\u0131n g\u00f6r\u00fc\u015fl\u00fcl\u00fck (miyopi), uzak g\u00f6r\u00fc\u015fl\u00fcl\u00fck (hipermetropi), astigmatizm ve presbiyopi gibi k\u0131r\u0131lma kusurlar\u0131n\u0131n d\u00fczeltilmesine yard\u0131mc\u0131 olabilir.<\/p>\n\n<p><a href=\"https:\/\/en.wikipedia.org\/wiki\/Contact_lens\" target=\"_blank\" rel=\"noreferrer noopener\">Kontakt lensler <\/a>, g\u00f6ze giren \u0131\u015f\u0131\u011f\u0131 k\u0131rarak daha net g\u00f6r\u00fc\u015f i\u00e7in retinaya do\u011fru \u015fekilde odaklanmas\u0131na yard\u0131mc\u0131 olur. Daha geni\u015f bir g\u00f6r\u00fc\u015f alan\u0131, g\u00f6zl\u00fcklerden kurtulma ve \u00e7e\u015fitli fiziksel aktivitelerle uyumluluk gibi \u00e7e\u015fitli avantajlar sunarlar.<\/p>\n\n<p>Kontakt lensler; yumu\u015fak lensler, sert gaz ge\u00e7irgen lensler, astigmatizma i\u00e7in torik lensler, presbiyopi i\u00e7in multifokal lensler ve belirli g\u00f6z rahats\u0131zl\u0131klar\u0131 i\u00e7in \u00f6zel lensler gibi farkl\u0131 t\u00fcrlere sahiptir. G\u00f6z sa\u011fl\u0131\u011f\u0131n\u0131 ve optimum g\u00f6rme d\u00fczeltmesini korumak i\u00e7in uygun temizlik, dezenfeksiyon ve d\u00fczenli de\u011fi\u015fim gerektirirler.<\/p>\n\n<p>\u00d6zel ihtiya\u00e7lar\u0131n\u0131z i\u00e7in en uygun kontakt lens t\u00fcr\u00fcn\u00fc belirlemek, bir takma i\u015fleminden ge\u00e7mek ve en iyi konfor, g\u00fcvenlik ve g\u00f6rsel sonu\u00e7lar\u0131 sa\u011flamak i\u00e7in do\u011fru kullan\u0131m, bak\u0131m ve takip randevular\u0131 konusunda rehberlik almak i\u00e7in bir g\u00f6z sa\u011fl\u0131\u011f\u0131 uzman\u0131na dan\u0131\u015fman\u0131z \u00e7ok \u00f6nemlidir.<\/p>\n\n<h3 class=\"wp-block-heading\">Fiyat, s\u00fcre\u00e7 veya <a href=\"#requestform\">bizimle ileti\u015fime<\/a> ge\u00e7in dahil olmak \u00fczere <a href=\"https:\/\/medclinics.com\/tr\/genel-goz-cerrahisi\/\" target=\"_blank\" rel=\"noreferrer noopener\">g\u00f6z ameliyat\u0131<\/a> hakk\u0131nda bilmeniz gereken her \u015fey!<\/h3>\n\n<figure class=\"wp-block-image size-large\"><img fetchpriority=\"high\" decoding=\"async\" width=\"4783\" height=\"3189\" src=\"https:\/\/medclinics.com\/wp-content\/uploads\/2023\/05\/contact-lenses.png\" alt=\"Kontakt Lensler istanbul t&#xFC;rkiye\" class=\"wp-image-83768\" srcset=\"https:\/\/medclinics.com\/wp-content\/uploads\/2023\/05\/contact-lenses.png 4783w, https:\/\/medclinics.com\/wp-content\/uploads\/2023\/05\/contact-lenses-500x333.png 500w, https:\/\/medclinics.com\/wp-content\/uploads\/2023\/05\/contact-lenses-1024x683.png 1024w, https:\/\/medclinics.com\/wp-content\/uploads\/2023\/05\/contact-lenses-768x512.png 768w, https:\/\/medclinics.com\/wp-content\/uploads\/2023\/05\/contact-lenses-1536x1024.png 1536w, https:\/\/medclinics.com\/wp-content\/uploads\/2023\/05\/contact-lenses-2048x1365.png 2048w, https:\/\/medclinics.com\/wp-content\/uploads\/2023\/05\/contact-lenses-24x16.png 24w, https:\/\/medclinics.com\/wp-content\/uploads\/2023\/05\/contact-lenses-36x24.png 36w, https:\/\/medclinics.com\/wp-content\/uploads\/2023\/05\/contact-lenses-48x32.png 48w\" sizes=\"(max-width: 4783px) 100vw, 4783px\" \/><\/figure>\n\n<h2 class=\"wp-block-heading\">SSS  <\/h2>\n<div id=\"rank-math-faq\" class=\"rank-math-block\">\n<div class=\"rank-math-list \">\n<div id=\"faq-question-1684142131672\" class=\"rank-math-list-item\">\n<h3 class=\"rank-math-question \">Kontakt lensler nas\u0131l tak\u0131l\u0131r?<\/h3>\n<div class=\"rank-math-answer \">\n\n<p>Kontakt lensleri takmak i\u00e7in ellerinizi sabun ve suyla iyice y\u0131kayarak ba\u015flay\u0131n. Temiz, t\u00fcy b\u0131rakmayan bir havlu ile kurulay\u0131n. Kontakt lensinizin temiz oldu\u011fundan ve herhangi bir kal\u0131nt\u0131 veya hasar i\u00e7ermedi\u011finden emin olun. Bir elinizle g\u00f6z kapa\u011f\u0131n\u0131z\u0131 hafif\u00e7e a\u00e7\u0131k tutarken di\u011fer elinizle lensi i\u015faret parma\u011f\u0131n\u0131z\u0131n ucuna yerle\u015ftirin. Bir aynaya d\u00fcmd\u00fcz veya hafif\u00e7e yukar\u0131 do\u011fru bak\u0131n. Alt g\u00f6z kapa\u011f\u0131n\u0131z\u0131 a\u015fa\u011f\u0131 \u00e7ekmek i\u00e7in orta parma\u011f\u0131n\u0131z\u0131 kullan\u0131n. Sabit bir elle, g\u00f6z k\u0131rpmaktan m\u00fcmk\u00fcn oldu\u011funca ka\u00e7\u0131nmaya dikkat ederek lensi g\u00f6z\u00fcn\u00fcz\u00fcn ortas\u0131na yerle\u015ftirin. G\u00f6z kapa\u011f\u0131n\u0131z\u0131 yava\u015f\u00e7a serbest b\u0131rak\u0131n ve lensin yerine yerle\u015fmesine yard\u0131mc\u0131 olmak i\u00e7in birka\u00e7 kez g\u00f6z k\u0131rp\u0131n. Kontakt lens kullan\u0131yorsan\u0131z bu ad\u0131mlar\u0131 di\u011fer g\u00f6z\u00fcn\u00fcz i\u00e7in de tekrarlay\u0131n. Kontakt lens takma konusunda yeniyseniz, pratik ve sab\u0131r \u00e7ok \u00f6nemlidir ve g\u00f6z bak\u0131m uzman\u0131n\u0131z veya lens \u00fcreticisi taraf\u0131ndan sa\u011flanan \u00f6zel talimatlar\u0131 takip etmek her zaman en iyisidir. Herhangi bir rahats\u0131zl\u0131k veya zorlukla kar\u015f\u0131la\u015f\u0131rsan\u0131z, g\u00f6z sa\u011fl\u0131\u011f\u0131 uzman\u0131n\u0131zdan yard\u0131m isteyin.<\/p>\n\n<\/div>\n<\/div>\n<div id=\"faq-question-1684142198608\" class=\"rank-math-list-item\">\n<h3 class=\"rank-math-question \">Kontakt lensler nas\u0131l \u00e7\u0131kar\u0131l\u0131r?<\/h3>\n<div class=\"rank-math-answer \">\n\n<p>Kontakt lensleri \u00e7\u0131karmak i\u00e7in ellerinizi sabun ve suyla iyice y\u0131kayarak ba\u015flay\u0131n ve ard\u0131ndan temiz bir havluyla kurulay\u0131n. Aynaya do\u011fru bak\u0131n ve i\u015faret parma\u011f\u0131n\u0131z\u0131 kullanarak alt g\u00f6z kapa\u011f\u0131n\u0131z\u0131 hafif\u00e7e a\u015fa\u011f\u0131 \u00e7ekin. Orta parma\u011f\u0131n\u0131zla lensin kenar\u0131na dokunun ve g\u00f6z\u00fcn\u00fcz\u00fcn beyaz k\u0131sm\u0131na do\u011fru kayd\u0131r\u0131n. Lensi ba\u015fparma\u011f\u0131n\u0131z ve i\u015faret parma\u011f\u0131n\u0131z aras\u0131nda hafif\u00e7e s\u0131k\u0131\u015ft\u0131r\u0131n ve dikkatlice g\u00f6z\u00fcn\u00fczden \u00e7\u0131kar\u0131n. \u00c7ift lens kullan\u0131yorsan\u0131z i\u015flemi di\u011fer lens i\u00e7in de tekrarlay\u0131n. G\u00f6z bak\u0131m uzman\u0131n\u0131z veya lens \u00fcreticisi taraf\u0131ndan sa\u011flanan \u00f6zel talimatlar\u0131 izlemeyi unutmay\u0131n ve herhangi bir zorluk ya\u015farsan\u0131z yard\u0131m i\u00e7in g\u00f6z bak\u0131m uzman\u0131n\u0131za dan\u0131\u015f\u0131n.<\/p>\n\n<\/div>\n<\/div>\n<div id=\"faq-question-1684142251979\" class=\"rank-math-list-item\">\n<h3 class=\"rank-math-question \">Kontakt lensler ne kadar dayan\u0131r?<\/h3>\n<div class=\"rank-math-answer \">\n\n<p>Lenslerin t\u00fcr\u00fcne ve g\u00f6z bak\u0131m uzman\u0131n\u0131z\u0131n \u00f6nerdi\u011fi kullan\u0131m program\u0131na ba\u011fl\u0131 olarak kontakt lenslerin kullan\u0131m \u00f6m\u00fcrleri de\u011fi\u015fmektedir. Tek kullan\u0131ml\u0131k kontakt lenslerin genellikle her g\u00fcn, her hafta, iki haftada bir veya her ay de\u011fi\u015ftirilmesi gerekir. G\u00fcnl\u00fck tek kullan\u0131ml\u0131k lensler yaln\u0131zca bir kez tak\u0131l\u0131r ve g\u00fcn sonunda at\u0131l\u0131rken, di\u011fer \u00e7e\u015fitlerin \u00f6nceden belirlenmi\u015f aral\u0131klarla de\u011fi\u015ftirilmesi gerekir. Geleneksel yeniden kullan\u0131labilir lensler birka\u00e7 aydan bir y\u0131la kadar dayanabilir, ancak temizlenmeleri, sterilize edilmeleri ve uygun \u015fekilde saklanmalar\u0131 gerekir. \u0130deal g\u00f6z sa\u011fl\u0131\u011f\u0131n\u0131 ve g\u00f6rme d\u00fczeltmesini korumak i\u00e7in, g\u00f6z sa\u011fl\u0131\u011f\u0131 uzman\u0131n\u0131z\u0131n \u00f6nerdi\u011fi de\u011fi\u015ftirme program\u0131na ve bak\u0131m y\u00f6nergelerine uymak \u00e7ok \u00f6nemlidir.<\/p>\n\n<\/div>\n<\/div>\n<div id=\"faq-question-1684142339482\" class=\"rank-math-list-item\">\n<h3 class=\"rank-math-question \">Kuru g\u00f6zler i\u00e7in en iyi kontakt lensler hangileridir?<\/h3>\n<div class=\"rank-math-answer \">\n\n<p>Kuru g\u00f6zl\u00fc bireyler i\u00e7in en iyi kontakt lens se\u00e7enekleri aras\u0131nda silikon hidrojel lensler, g\u00fcnl\u00fck tek kullan\u0131ml\u0131k lensler, nem a\u00e7\u0131s\u0131ndan zengin lensler ve skleral lensler bulunur. Silikon hidrojel lensler g\u00f6ze daha fazla oksijen ula\u015fmas\u0131n\u0131 sa\u011flayarak kurulu\u011fu azalt\u0131r. G\u00fcnl\u00fck tek kullan\u0131ml\u0131k lensler, temizleme ve dezenfekte etme sol\u00fcsyonlar\u0131na olan ihtiyac\u0131 ortadan kald\u0131rarak tahri\u015fi azalt\u0131r. Nem a\u00e7\u0131s\u0131ndan zengin camlar daha fazla konfor i\u00e7in g\u00f6z y\u00fczeyindeki nemi korur. \u00c7ap\u0131 daha b\u00fcy\u00fck olan skleral lensler, \u015fiddetli kuru g\u00f6zleri olanlar i\u00e7in bir s\u0131v\u0131 rezervuar\u0131 olu\u015fturur. Bireysel ihtiya\u00e7lara ve g\u00f6z sa\u011fl\u0131\u011f\u0131na g\u00f6re en uygun kontakt lens se\u00e7ene\u011fini belirlemek i\u00e7in bir g\u00f6z sa\u011fl\u0131\u011f\u0131 uzman\u0131na dan\u0131\u015fmak \u00e7ok \u00f6nemlidir.<\/p>\n\n<\/div>\n<\/div>\n<div id=\"faq-question-1684142485812\" class=\"rank-math-list-item\">\n<h3 class=\"rank-math-question \">Kontakt lensler g\u00fcvenli midir?<\/h3>\n<div class=\"rank-math-answer \">\n\n<p>Evet, kontakt lensler do\u011fru kullan\u0131ld\u0131\u011f\u0131nda genellikle g\u00fcvenli kabul edilir. Bununla birlikte, uygun hijyen uygulamalar\u0131na ve g\u00f6z sa\u011fl\u0131\u011f\u0131 uzman\u0131n\u0131z taraf\u0131ndan sa\u011flanan y\u00f6nergelere uyman\u0131z \u00f6nemlidir. Ge\u00e7erli bir re\u00e7eteniz oldu\u011fundan ve lenslerin g\u00f6zlerinize uygun \u015fekilde tak\u0131ld\u0131\u011f\u0131ndan emin olun. Lensleri tutmadan \u00f6nce ellerinizi y\u0131kamak da dahil olmak \u00fczere iyi hijyen \u00e7ok \u00f6nemlidir. Lensleri talimatlara uygun \u015fekilde temizleyin ve dezenfekte edin ve \u00f6nerilen aral\u0131klarla de\u011fi\u015ftirin. Tavsiye edilenden daha uzun s\u00fcre lens takmaktan ka\u00e7\u0131n\u0131n ve d\u00fczenli g\u00f6z muayeneleri yapt\u0131r\u0131n. Herhangi bir rahats\u0131zl\u0131k veya g\u00f6rme de\u011fi\u015fikli\u011fi ya\u015farsan\u0131z, g\u00f6z sa\u011fl\u0131\u011f\u0131 uzman\u0131n\u0131za dan\u0131\u015f\u0131n. Uygun bak\u0131m ve talimatlara uyulmas\u0131 halinde, kontakt lensler g\u00f6rme d\u00fczeltmesi i\u00e7in g\u00fcvenli ve uygun bir se\u00e7enek olabilir.<\/p>\n\n<\/div>\n<\/div>\n<\/div>\n<\/div>\n<h3 class=\"wp-block-heading\">Herhangi bir sorunuz olmas\u0131 durumunda hemen bizimle ileti\u015fime ge\u00e7in!<\/h3>\n","protected":false},"excerpt":{"rendered":"<p>G\u00f6rme yetene\u011finizi geli\u015ftirmek ve d\u00fcnyay\u0131 daha net g\u00f6rmek i\u00e7in bir yol ar\u0131yorsan\u0131z, Kontakt Lens m\u00fckemmel bir \u00e7\u00f6z\u00fcm olabilir. Kontakt lensler, [&hellip;]<\/p>\n","protected":false},"author":4,"featured_media":92025,"parent":0,"menu_order":0,"comment_status":"closed","ping_status":"closed","template":"","meta":{"site-sidebar-layout":"default","site-content-layout":"","ast-site-content-layout":"default","site-content-style":"default","site-sidebar-style":"default","ast-global-header-display":"","ast-banner-title-visibility":"","ast-main-header-display":"","ast-hfb-above-header-display":"","ast-hfb-below-header-display":"","ast-hfb-mobile-header-display":"","site-post-title":"","ast-breadcrumbs-content":"","ast-featured-img":"","footer-sml-layout":"","ast-disable-related-posts":"","theme-transparent-header-meta":"","adv-header-id-meta":"","stick-header-meta":"","header-above-stick-meta":"","header-main-stick-meta":"","header-below-stick-meta":"","astra-migrate-meta-layouts":"default","ast-page-background-enabled":"default","ast-page-background-meta":{"desktop":{"background-color":"var(--ast-global-color-4)","background-image":"","background-repeat":"repeat","background-position":"center center","background-size":"auto","background-attachment":"scroll","background-type":"","background-media":"","overlay-type":"","overlay-color":"","overlay-opacity":"","overlay-gradient":""},"tablet":{"background-color":"","background-image":"","background-repeat":"repeat","background-position":"center center","background-size":"auto","background-attachment":"scroll","background-type":"","background-media":"","overlay-type":"","overlay-color":"","overlay-opacity":"","overlay-gradient":""},"mobile":{"background-color":"","background-image":"","background-repeat":"repeat","background-position":"center center","background-size":"auto","background-attachment":"scroll","background-type":"","background-media":"","overlay-type":"","overlay-color":"","overlay-opacity":"","overlay-gradient":""}},"ast-content-background-meta":{"desktop":{"background-color":"var(--ast-global-color-5)","background-image":"","background-repeat":"repeat","background-position":"center center","background-size":"auto","background-attachment":"scroll","background-type":"","background-media":"","overlay-type":"","overlay-color":"","overlay-opacity":"","overlay-gradient":""},"tablet":{"background-color":"var(--ast-global-color-5)","background-image":"","background-repeat":"repeat","background-position":"center center","background-size":"auto","background-attachment":"scroll","background-type":"","background-media":"","overlay-type":"","overlay-color":"","overlay-opacity":"","overlay-gradient":""},"mobile":{"background-color":"var(--ast-global-color-5)","background-image":"","background-repeat":"repeat","background-position":"center center","background-size":"auto","background-attachment":"scroll","background-type":"","background-media":"","overlay-type":"","overlay-color":"","overlay-opacity":"","overlay-gradient":""}},"footnotes":""},"class_list":["post-145483","page","type-page","status-publish","has-post-thumbnail","hentry"],"_links":{"self":[{"href":"https:\/\/medclinics.com\/tr\/wp-json\/wp\/v2\/pages\/145483","targetHints":{"allow":["GET"]}}],"collection":[{"href":"https:\/\/medclinics.com\/tr\/wp-json\/wp\/v2\/pages"}],"about":[{"href":"https:\/\/medclinics.com\/tr\/wp-json\/wp\/v2\/types\/page"}],"author":[{"embeddable":true,"href":"https:\/\/medclinics.com\/tr\/wp-json\/wp\/v2\/users\/4"}],"replies":[{"embeddable":true,"href":"https:\/\/medclinics.com\/tr\/wp-json\/wp\/v2\/comments?post=145483"}],"version-history":[{"count":0,"href":"https:\/\/medclinics.com\/tr\/wp-json\/wp\/v2\/pages\/145483\/revisions"}],"wp:featuredmedia":[{"embeddable":true,"href":"https:\/\/medclinics.com\/tr\/wp-json\/wp\/v2\/media\/92025"}],"wp:attachment":[{"href":"https:\/\/medclinics.com\/tr\/wp-json\/wp\/v2\/media?parent=145483"}],"curies":[{"name":"wp","href":"https:\/\/api.w.org\/{rel}","templated":true}]}}