{"id":145459,"date":"2023-05-15T08:30:16","date_gmt":"2023-05-15T05:30:16","guid":{"rendered":"https:\/\/medclinics.com\/glokom\/"},"modified":"2025-01-02T15:57:19","modified_gmt":"2025-01-02T12:57:19","slug":"glokom","status":"publish","type":"page","link":"https:\/\/medclinics.com\/tr\/glokom\/","title":{"rendered":"Glokom"},"content":{"rendered":"\n<h2 class=\"wp-block-heading\">Kal\u0131c\u0131 g\u00f6r\u00fc\u015fe giden yolu temizleyin! Geli\u015fmi\u015f bak\u0131m\u0131m\u0131z ve son teknoloji tedavilerimiz, daha parlak bir gelecek i\u00e7in glokomla m\u00fccadeleye yard\u0131mc\u0131 olur.<\/h2>\n\n<p>G\u00f6z Tansiyonu, optik sinire zarar vererek g\u00f6rme bozuklu\u011funa neden olan bir dizi g\u00f6z rahats\u0131zl\u0131\u011f\u0131n\u0131 ifade eder. Tipik olarak, g\u00f6z i\u00e7i bas\u0131nc\u0131 olarak bilinen g\u00f6z i\u00e7indeki bas\u0131n\u00e7 art\u0131\u015f\u0131ndan kaynaklan\u0131r. Bu y\u00fcksek bas\u0131n\u00e7 zamanla optik sinire zarar verir, kademeli olarak \u00e7evresel g\u00f6rme kayb\u0131na ve tedavi edilmezse potansiyel k\u00f6rl\u00fc\u011fe yol a\u00e7ar. Genellikle yava\u015f ve a\u011fr\u0131s\u0131z ilerler, bu da erken evrelerinde tespit edilmesini zorla\u015ft\u0131r\u0131r.<\/p>\n\n<p>Primer a\u00e7\u0131k a\u00e7\u0131l\u0131 <a href=\"https:\/\/en.wikipedia.org\/wiki\/Glaucoma\" target=\"_blank\" rel=\"noreferrer noopener\">glokom<\/a> en yayg\u0131n form olmak \u00fczere farkl\u0131 t\u00fcrleri vard\u0131r. G\u00f6z\u00fcn drenaj kanallar\u0131 s\u0131v\u0131 drenaj\u0131nda daha az etkili hale geldi\u011finde ortaya \u00e7\u0131kar ve g\u00f6z i\u00e7i bas\u0131nc\u0131n\u0131n artmas\u0131na neden olur. Di\u011fer bir t\u00fcr olan a\u00e7\u0131 kapanmas\u0131 g\u00f6z tansiyonu, irisin drenaj a\u00e7\u0131s\u0131n\u0131 t\u0131kamas\u0131yla ortaya \u00e7\u0131kar ve h\u0131zl\u0131 bir bas\u0131n\u00e7 art\u0131\u015f\u0131na ve \u015fiddetli g\u00f6z a\u011fr\u0131s\u0131 ve bulan\u0131k g\u00f6rme gibi akut semptomlara neden olur. Normal tansiyonlu g\u00f6z tansiyonu daha az yayg\u0131nd\u0131r ve normal g\u00f6z i\u00e7i bas\u0131n\u00e7 seviyelerine ra\u011fmen optik sinir hasar\u0131n\u0131 i\u00e7erir.<\/p>\n\n<p>Erken tan\u0131 ve tedavi, bu hastal\u0131\u011f\u0131 y\u00f6netmek ve g\u00f6rme kayb\u0131n\u0131 \u00f6nlemek i\u00e7in hayati \u00f6nem ta\u015f\u0131maktad\u0131r. G\u00f6z i\u00e7i bas\u0131nc\u0131n\u0131n \u00f6l\u00e7\u00fclmesi, optik sinirin incelenmesi ve g\u00f6rme alan\u0131 fonksiyonunun de\u011ferlendirilmesini kapsayan d\u00fczenli g\u00f6z muayeneleri erken te\u015fhis i\u00e7in gereklidir. Tedavi se\u00e7enekleri genellikle g\u00f6z damlalar\u0131, oral ila\u00e7lar, lazer tedavisi veya cerrahi m\u00fcdahaleler yoluyla g\u00f6z i\u00e7i bas\u0131nc\u0131n\u0131n d\u00fc\u015f\u00fcr\u00fclmesini i\u00e7erir ve hastal\u0131\u011f\u0131n t\u00fcr\u00fcne ve ciddiyetine g\u00f6re uyarlan\u0131r. <\/p>\n\n<h3 class=\"wp-block-heading\">Fiyat, ameliyat sonras\u0131 bak\u0131m ve iyile\u015fme s\u00fcreci de dahil olmak \u00fczere <a href=\"https:\/\/medclinics.com\/tr\/genel-goz-cerrahisi\/\" target=\"_blank\" rel=\"noreferrer noopener\">g\u00f6z ameliyat\u0131<\/a> hakk\u0131nda bilmeniz gereken her \u015fey veya <a href=\"#requestform\">bizimle ileti\u015fime<\/a> ge\u00e7in!<\/h3>\n\n<figure class=\"wp-block-image size-large\"><img fetchpriority=\"high\" decoding=\"async\" width=\"3321\" height=\"2418\" src=\"https:\/\/medclinics.com\/wp-content\/uploads\/2023\/05\/glaucoma.png\" alt=\"Glokom &#x130;stanbul T&#xFC;rkiye\" class=\"wp-image-83431\" srcset=\"https:\/\/medclinics.com\/wp-content\/uploads\/2023\/05\/glaucoma.png 3321w, https:\/\/medclinics.com\/wp-content\/uploads\/2023\/05\/glaucoma-500x364.png 500w, https:\/\/medclinics.com\/wp-content\/uploads\/2023\/05\/glaucoma-1024x746.png 1024w, https:\/\/medclinics.com\/wp-content\/uploads\/2023\/05\/glaucoma-768x559.png 768w, https:\/\/medclinics.com\/wp-content\/uploads\/2023\/05\/glaucoma-1536x1118.png 1536w, https:\/\/medclinics.com\/wp-content\/uploads\/2023\/05\/glaucoma-2048x1491.png 2048w, https:\/\/medclinics.com\/wp-content\/uploads\/2023\/05\/glaucoma-24x17.png 24w, https:\/\/medclinics.com\/wp-content\/uploads\/2023\/05\/glaucoma-36x26.png 36w, https:\/\/medclinics.com\/wp-content\/uploads\/2023\/05\/glaucoma-48x35.png 48w\" sizes=\"(max-width: 3321px) 100vw, 3321px\" \/><\/figure>\n\n<h2 class=\"wp-block-heading\">SSS  <\/h2>\n<div id=\"rank-math-faq\" class=\"rank-math-block\">\n<div class=\"rank-math-list \">\n<div id=\"faq-question-1684138446600\" class=\"rank-math-list-item\">\n<h3 class=\"rank-math-question \">G\u00f6z tansiyonu nedir?<\/h3>\n<div class=\"rank-math-answer \">\n\n<p>G\u00f6z tansiyonu, genellikle g\u00f6z i\u00e7indeki bas\u0131nc\u0131n artmas\u0131 nedeniyle g\u00f6rme kayb\u0131na neden olabilen bir grup g\u00f6z rahats\u0131zl\u0131\u011f\u0131d\u0131r. Erken te\u015fhis ve tedavi, bunu y\u00f6netmek ve g\u00f6rmeyi korumak i\u00e7in \u00f6nemlidir. Tedavi se\u00e7enekleri, spesifik tip ve ciddiyete ba\u011fl\u0131 olarak g\u00f6z damlalar\u0131, ila\u00e7lar, lazer tedavisi veya ameliyat\u0131 i\u00e7erebilir.<\/p>\n\n<\/div>\n<\/div>\n<div id=\"faq-question-1684138180750\" class=\"rank-math-list-item\">\n<h3 class=\"rank-math-question \">G\u00f6z tansiyonu neden olu\u015fur?<\/h3>\n<div class=\"rank-math-answer \">\n\n<p>G\u00f6z tansiyonu bir\u00e7ok fakt\u00f6r\u00fcn bir araya gelmesiyle olu\u015fur, ancak birincil neden g\u00f6z i\u00e7i bas\u0131nc\u0131ndaki (g\u00f6z i\u00e7indeki bas\u0131n\u00e7) art\u0131\u015ft\u0131r. Bu y\u00fcksek bas\u0131n\u00e7, g\u00f6zde ak\u00f6z h\u00fcm\u00f6r olarak bilinen ve normalde g\u00f6z\u00fcn drenaj kanallar\u0131nda dola\u015fan ve drene olan s\u0131v\u0131 birikiminden kaynaklanabilir.<br \/>Bu s\u0131v\u0131 birikiminin kesin nedeni, bu hastal\u0131\u011f\u0131n t\u00fcr\u00fcne ba\u011fl\u0131 olarak de\u011fi\u015febilir. \u00c7o\u011fu durumda, drenaj kanallar\u0131ndaki bir t\u0131kan\u0131kl\u0131k veya t\u0131kan\u0131kl\u0131ktan kaynaklan\u0131r ve s\u0131v\u0131n\u0131n g\u00f6z\u00fcn d\u0131\u015f\u0131na d\u00fczg\u00fcn bir \u015fekilde akmas\u0131n\u0131 engeller. Bu da g\u00f6z i\u00e7i bas\u0131nc\u0131nda kademeli bir art\u0131\u015fa yol a\u00e7arak zamanla optik sinire zarar verebilir. Di\u011fer fakt\u00f6rler aras\u0131nda genetik, ya\u015f, etnik k\u00f6ken, aile ge\u00e7mi\u015fi, baz\u0131 t\u0131bbi durumlar (diyabet ve y\u00fcksek tansiyon gibi) ve g\u00f6zle ilgili baz\u0131 fakt\u00f6rler (kornea veya optik sinir incelmesi gibi) yer al\u0131r.<\/p>\n\n<\/div>\n<\/div>\n<div id=\"faq-question-1684138299898\" class=\"rank-math-list-item\">\n<h3 class=\"rank-math-question \">G\u00f6z tansiyonu ve diyabet ili\u015fkili midir?<\/h3>\n<div class=\"rank-math-answer \">\n\n<p>Evet, g\u00f6z tansiyonu ve diyabet aras\u0131nda bir ili\u015fki vard\u0131r. Diyabetli olmak, ba\u015fta a\u00e7\u0131k a\u00e7\u0131l\u0131 g\u00f6z tansiyonu olmak \u00fczere baz\u0131 glokom t\u00fcrlerinin geli\u015fme riskini art\u0131r\u0131r. Optik sinire giden kan ak\u0131\u015f\u0131ndaki de\u011fi\u015fiklikler ve g\u00f6z\u00fcn drenaj sistemindeki anormallikler gibi fakt\u00f6rler bu ili\u015fkiye katk\u0131da bulunabilir. G\u00f6z tansiyonu belirtilerini izlemek ve durumu etkili bir \u015fekilde y\u00f6netmek i\u00e7in diyabetli bireylerin d\u00fczenli g\u00f6z muayenesi yapt\u0131rmalar\u0131 \u00f6nemlidir.<\/p>\n\n<\/div>\n<\/div>\n<div id=\"faq-question-1684138370842\" class=\"rank-math-list-item\">\n<h3 class=\"rank-math-question \">G\u00f6z tansiyonu tedavi edilebilir mi?<\/h3>\n<div class=\"rank-math-answer \">\n\n<p>Hay\u0131r, g\u00f6z tansiyonu hasarl\u0131 optik sinirin onar\u0131lmas\u0131 veya etkilerinin tersine \u00e7evrilmesi anlam\u0131nda tedavi edilemez. Ancak erken te\u015fhis ve uygun tedavi ile ilerlemesi yava\u015flat\u0131labilir veya durdurulabilir, bu da bireylerin kalan g\u00f6rme yetilerini korumalar\u0131na ve ya\u015fam kalitelerini s\u00fcrd\u00fcrmelerine olanak tan\u0131r. Tedavinin birincil amac\u0131, optik sinire daha fazla zarar gelmesini \u00f6nlemek i\u00e7in g\u00f6z i\u00e7i bas\u0131nc\u0131n\u0131 kontrol etmektir. Tedavi se\u00e7enekleri, tipine ve ciddiyetine ba\u011fl\u0131 olarak g\u00f6z damlalar\u0131, oral ila\u00e7lar, lazer tedavisi veya ameliyat\u0131 i\u00e7erebilir. Bu hastal\u0131\u011f\u0131 etkili bir \u015fekilde y\u00f6netmek ve g\u00f6rme kayb\u0131n\u0131 \u00f6nlemek i\u00e7in d\u00fczenli izleme ve tedavi plan\u0131na ba\u011fl\u0131l\u0131k esast\u0131r.<\/p>\n\n<\/div>\n<\/div>\n<div id=\"faq-question-1684138517581\" class=\"rank-math-list-item\">\n<h3 class=\"rank-math-question \">G\u00f6z tansiyonu nas\u0131l \u00f6nlenir?<\/h3>\n<div class=\"rank-math-answer \">\n\n<p>Hastal\u0131k riskini potansiyel olarak azaltmak i\u00e7in baz\u0131 \u00f6nleyici tedbirler almak \u00f6nemlidir. D\u00fczenli kapsaml\u0131 g\u00f6z muayeneleri planlay\u0131n, altta yatan t\u0131bbi durumlar\u0131 y\u00f6netin, d\u00fczenli egzersiz yap\u0131n, g\u00f6zlerinizi yaralanmalardan koruyun, sigaradan ka\u00e7\u0131n\u0131n, sa\u011fl\u0131kl\u0131 bir diyet uygulay\u0131n ve kafein al\u0131m\u0131n\u0131 s\u0131n\u0131rlay\u0131n. Bu ad\u0131mlar g\u00f6z sa\u011fl\u0131\u011f\u0131n\u0131 geli\u015ftirmeye ve potansiyel olarak ba\u015flang\u0131c\u0131 geciktirmeye veya en aza indirmeye yard\u0131mc\u0131 olabilir. Bununla birlikte, d\u00fczenli g\u00f6z muayeneleri, durumun erken te\u015fhisi ve etkili y\u00f6netimi i\u00e7in hala \u00e7ok \u00f6nemlidir.<\/p>\n\n<\/div>\n<\/div>\n<div id=\"faq-question-1684138587627\" class=\"rank-math-list-item\">\n<h3 class=\"rank-math-question \">G\u00f6z tansiyonu bula\u015f\u0131c\u0131 m\u0131d\u0131r?<\/h3>\n<div class=\"rank-math-answer \">\n\n<p>Hay\u0131r, g\u00f6z tansiyonu bula\u015f\u0131c\u0131 de\u011fildir. Bir vir\u00fcs, bakteri veya herhangi bir bula\u015f\u0131c\u0131 ajandan kaynaklanmaz. Bu hastal\u0131k, \u00f6ncelikle g\u00f6z i\u00e7i bas\u0131nc\u0131n\u0131n artmas\u0131ndan veya optik sinirin hasar g\u00f6rmesine yol a\u00e7an di\u011fer fakt\u00f6rlerden kaynaklanan bir grup g\u00f6z rahats\u0131zl\u0131\u011f\u0131d\u0131r. Temas veya ba\u015fka bir yolla insandan insana yay\u0131lamaz.<\/p>\n\n<\/div>\n<\/div>\n<\/div>\n<\/div>\n<h3 class=\"wp-block-heading\">Herhangi bir sorunuz olmas\u0131 durumunda hemen bizimle ileti\u015fime ge\u00e7in!<\/h3>\n","protected":false},"excerpt":{"rendered":"<p>Kal\u0131c\u0131 g\u00f6r\u00fc\u015fe giden yolu temizleyin! Geli\u015fmi\u015f bak\u0131m\u0131m\u0131z ve son teknoloji tedavilerimiz, daha parlak bir gelecek i\u00e7in glokomla m\u00fccadeleye yard\u0131mc\u0131 olur. [&hellip;]<\/p>\n","protected":false},"author":4,"featured_media":92071,"parent":0,"menu_order":0,"comment_status":"closed","ping_status":"closed","template":"","meta":{"site-sidebar-layout":"default","site-content-layout":"","ast-site-content-layout":"default","site-content-style":"default","site-sidebar-style":"default","ast-global-header-display":"","ast-banner-title-visibility":"","ast-main-header-display":"","ast-hfb-above-header-display":"","ast-hfb-below-header-display":"","ast-hfb-mobile-header-display":"","site-post-title":"","ast-breadcrumbs-content":"","ast-featured-img":"","footer-sml-layout":"","ast-disable-related-posts":"","theme-transparent-header-meta":"","adv-header-id-meta":"","stick-header-meta":"","header-above-stick-meta":"","header-main-stick-meta":"","header-below-stick-meta":"","astra-migrate-meta-layouts":"default","ast-page-background-enabled":"default","ast-page-background-meta":{"desktop":{"background-color":"var(--ast-global-color-4)","background-image":"","background-repeat":"repeat","background-position":"center center","background-size":"auto","background-attachment":"scroll","background-type":"","background-media":"","overlay-type":"","overlay-color":"","overlay-opacity":"","overlay-gradient":""},"tablet":{"background-color":"","background-image":"","background-repeat":"repeat","background-position":"center center","background-size":"auto","background-attachment":"scroll","background-type":"","background-media":"","overlay-type":"","overlay-color":"","overlay-opacity":"","overlay-gradient":""},"mobile":{"background-color":"","background-image":"","background-repeat":"repeat","background-position":"center center","background-size":"auto","background-attachment":"scroll","background-type":"","background-media":"","overlay-type":"","overlay-color":"","overlay-opacity":"","overlay-gradient":""}},"ast-content-background-meta":{"desktop":{"background-color":"var(--ast-global-color-5)","background-image":"","background-repeat":"repeat","background-position":"center center","background-size":"auto","background-attachment":"scroll","background-type":"","background-media":"","overlay-type":"","overlay-color":"","overlay-opacity":"","overlay-gradient":""},"tablet":{"background-color":"var(--ast-global-color-5)","background-image":"","background-repeat":"repeat","background-position":"center center","background-size":"auto","background-attachment":"scroll","background-type":"","background-media":"","overlay-type":"","overlay-color":"","overlay-opacity":"","overlay-gradient":""},"mobile":{"background-color":"var(--ast-global-color-5)","background-image":"","background-repeat":"repeat","background-position":"center center","background-size":"auto","background-attachment":"scroll","background-type":"","background-media":"","overlay-type":"","overlay-color":"","overlay-opacity":"","overlay-gradient":""}},"footnotes":""},"class_list":["post-145459","page","type-page","status-publish","has-post-thumbnail","hentry"],"_links":{"self":[{"href":"https:\/\/medclinics.com\/tr\/wp-json\/wp\/v2\/pages\/145459","targetHints":{"allow":["GET"]}}],"collection":[{"href":"https:\/\/medclinics.com\/tr\/wp-json\/wp\/v2\/pages"}],"about":[{"href":"https:\/\/medclinics.com\/tr\/wp-json\/wp\/v2\/types\/page"}],"author":[{"embeddable":true,"href":"https:\/\/medclinics.com\/tr\/wp-json\/wp\/v2\/users\/4"}],"replies":[{"embeddable":true,"href":"https:\/\/medclinics.com\/tr\/wp-json\/wp\/v2\/comments?post=145459"}],"version-history":[{"count":0,"href":"https:\/\/medclinics.com\/tr\/wp-json\/wp\/v2\/pages\/145459\/revisions"}],"wp:featuredmedia":[{"embeddable":true,"href":"https:\/\/medclinics.com\/tr\/wp-json\/wp\/v2\/media\/92071"}],"wp:attachment":[{"href":"https:\/\/medclinics.com\/tr\/wp-json\/wp\/v2\/media?parent=145459"}],"curies":[{"name":"wp","href":"https:\/\/api.w.org\/{rel}","templated":true}]}}