{"id":145435,"date":"2023-05-15T07:58:06","date_gmt":"2023-05-15T04:58:06","guid":{"rendered":"https:\/\/medclinics.com\/kornea\/"},"modified":"2025-01-02T14:39:37","modified_gmt":"2025-01-02T11:39:37","slug":"kornea","status":"publish","type":"page","link":"https:\/\/medclinics.com\/tr\/kornea\/","title":{"rendered":"Kornea"},"content":{"rendered":"\n<h2 class=\"wp-block-heading\">Son teknoloji kornea cerrahisi ile daha \u00f6nce hi\u00e7 olmad\u0131\u011f\u0131 gibi bir g\u00f6rme devrimi ya\u015fay\u0131n. G\u00f6r\u00fc\u015f\u00fcn\u00fcz\u00fc berrak bir d\u00fcnyaya d\u00f6n\u00fc\u015ft\u00fcrmemize ve g\u00f6zlerinize m\u00fckemmel odaklanman\u0131n g\u00fczelli\u011fini getirmemize izin verin.<\/h2>\n\n<p><a href=\"https:\/\/en.wikipedia.org\/wiki\/Eye_surgery\" target=\"_blank\" rel=\"noreferrer noopener\">Kornea cerrahisi<\/a>, kornea olarak bilinen g\u00f6z\u00fcn saydam d\u0131\u015f tabakas\u0131n\u0131 hedef alan \u00e7e\u015fitli cerrahi prosed\u00fcrleri i\u00e7erir. Yayg\u0131n bir kornea ameliyat\u0131 t\u00fcr\u00fc, kornea nakli veya keratoplasti olarak bilinen, hasarl\u0131 veya hastal\u0131kl\u0131 bir kornean\u0131n sa\u011fl\u0131kl\u0131 bir don\u00f6r kornea ile de\u011fi\u015ftirilmesini i\u00e7erir. Bu prosed\u00fcr tipik olarak korneal skar, keratokonus ve korneal distrofiler gibi durumlar\u0131 ele almak i\u00e7in kullan\u0131l\u0131r.<\/p>\n\n<p>Kornea cerrahisi i\u00e7in bir di\u011fer pop\u00fcler se\u00e7enek de PRK ve LASIK gibi lazer destekli refraktif cerrahilerdir. Bu prosed\u00fcrler, korneay\u0131 yeniden \u015fekillendirerek yak\u0131n g\u00f6r\u00fc\u015fl\u00fcl\u00fck, uzak g\u00f6r\u00fc\u015fl\u00fcl\u00fck ve astigmatizm gibi k\u0131r\u0131lma hatalar\u0131n\u0131 d\u00fczeltmeyi ama\u00e7lamaktad\u0131r. Ama\u00e7, re\u00e7eteli g\u00f6zl\u00fck ihtiyac\u0131n\u0131 ortadan kald\u0131rmak veya azaltmak ve b\u00f6ylece daha net bir g\u00f6r\u00fc\u015f elde etmektir.<\/p>\n\n<p>Kornea cerrahisi, ilerleyici keratokonus vakalar\u0131nda zay\u0131f veya ince bir korneay\u0131 g\u00fc\u00e7lendirmek i\u00e7in kullan\u0131lan korneal \u00e7apraz ba\u011flama gibi tedavileri de i\u00e7erir. Bu tedavi, riboflavin g\u00f6z damlalar\u0131n\u0131n korneaya uygulanmas\u0131n\u0131 ve ultraviyole \u0131\u015f\u0131\u011fa maruz b\u0131rak\u0131lmas\u0131n\u0131 i\u00e7erir. Ek olarak, tekrarlayan kornea erozyonlar\u0131n\u0131 ele almak i\u00e7in ameliyatlar yap\u0131labilir; burada semptomlar\u0131 hafifletmek ve iyile\u015fmeyi te\u015fvik etmek i\u00e7in kornea katmanlar\u0131 \u00e7\u0131kar\u0131l\u0131r veya de\u011fi\u015ftirilir.<\/p>\n\n<p>Kornea cerrahisinin birincil amac\u0131 kornea sa\u011fl\u0131\u011f\u0131n\u0131 iyile\u015ftirmek, g\u00f6r\u00fc\u015f\u00fc geli\u015ftirmek ve korneay\u0131 etkileyen belirli durumlar\u0131 ele almakt\u0131r. G\u00f6z doktorlar\u0131 veya kornea uzmanlar\u0131, kornea hastal\u0131klar\u0131n\u0131 ve bozukluklar\u0131n\u0131 te\u015fhis etme ve y\u00f6netme konusunda uzmanl\u0131\u011fa sahip olduklar\u0131ndan, bu ameliyatlar\u0131 tipik olarak ger\u00e7ekle\u015ftirirler.<\/p>\n\n<h3 class=\"wp-block-heading\">Fiyat, ameliyat sonras\u0131 bak\u0131m ve iyile\u015fme s\u00fcreci de dahil olmak \u00fczere <a href=\"https:\/\/medclinics.com\/tr\/genel-goz-cerrahisi\/\" target=\"_blank\" rel=\"noreferrer noopener\">g\u00f6z ameliyat\u0131<\/a> hakk\u0131nda bilmeniz gereken her \u015fey veya <a href=\"#requestform\">bizimle ileti\u015fime<\/a> ge\u00e7in!<\/h3>\n\n<figure class=\"wp-block-image size-large\"><img fetchpriority=\"high\" decoding=\"async\" width=\"5760\" height=\"3840\" src=\"https:\/\/medclinics.com\/wp-content\/uploads\/2023\/05\/cornea-surgery.png\" alt=\"Kornea Cerrahisi istanbul t&#xFC;rkiye\" class=\"wp-image-83223\" srcset=\"https:\/\/medclinics.com\/wp-content\/uploads\/2023\/05\/cornea-surgery.png 5760w, https:\/\/medclinics.com\/wp-content\/uploads\/2023\/05\/cornea-surgery-500x333.png 500w, https:\/\/medclinics.com\/wp-content\/uploads\/2023\/05\/cornea-surgery-1024x683.png 1024w, https:\/\/medclinics.com\/wp-content\/uploads\/2023\/05\/cornea-surgery-768x512.png 768w, https:\/\/medclinics.com\/wp-content\/uploads\/2023\/05\/cornea-surgery-1536x1024.png 1536w, https:\/\/medclinics.com\/wp-content\/uploads\/2023\/05\/cornea-surgery-2048x1365.png 2048w, https:\/\/medclinics.com\/wp-content\/uploads\/2023\/05\/cornea-surgery-24x16.png 24w, https:\/\/medclinics.com\/wp-content\/uploads\/2023\/05\/cornea-surgery-36x24.png 36w, https:\/\/medclinics.com\/wp-content\/uploads\/2023\/05\/cornea-surgery-48x32.png 48w\" sizes=\"(max-width: 5760px) 100vw, 5760px\" \/><\/figure>\n\n<h2 class=\"wp-block-heading\">SSS<\/h2>\n<div id=\"rank-math-faq\" class=\"rank-math-block\">\n<div class=\"rank-math-list \">\n<div id=\"faq-question-1684136695628\" class=\"rank-math-list-item\">\n<h3 class=\"rank-math-question \">Neden kornea nakli?<\/h3>\n<div class=\"rank-math-answer \">\n\n<p>Keratoplasti olarak da bilinen kornea nakli, kornea hasar g\u00f6rd\u00fc\u011f\u00fcnde veya hastaland\u0131\u011f\u0131nda, g\u00f6rme bozuklu\u011funa yol a\u00e7t\u0131\u011f\u0131nda ger\u00e7ekle\u015ftirilir. Sa\u011fl\u0131kl\u0131 bir don\u00f6r kornean\u0131n hasarl\u0131 kornean\u0131n yerini ald\u0131\u011f\u0131 cerrahi bir prosed\u00fcrd\u00fcr. Kornea nakli nedenleri aras\u0131nda kornea skar\u0131, keratokonus, kornea distrofileri ve \u015fiddetli kornea \u00fclserleri yer al\u0131r. Kornea nakli, kornean\u0131n netli\u011fini ve yap\u0131s\u0131n\u0131 restore ederek g\u00f6rmeyi iyile\u015ftirmeyi, rahats\u0131zl\u0131\u011f\u0131 hafifletmeyi ve genel g\u00f6z sa\u011fl\u0131\u011f\u0131n\u0131 iyile\u015ftirmeyi ama\u00e7lamaktad\u0131r. Bu \u00f6zel prosed\u00fcr, g\u00f6z ba\u011f\u0131\u015f\u00e7\u0131s\u0131 olmay\u0131 se\u00e7en c\u00f6mert bireylerden ba\u011f\u0131\u015flanan kornealar kullan\u0131larak yetenekli oftalmologlar taraf\u0131ndan ger\u00e7ekle\u015ftirilir.<\/p>\n\n<\/div>\n<\/div>\n<div id=\"faq-question-1684136841343\" class=\"rank-math-list-item\">\n<h3 class=\"rank-math-question \">G\u00f6z korneas\u0131 iyile\u015febilir mi?<\/h3>\n<div class=\"rank-math-answer \">\n\n<p>Evet, kornea bir\u00e7ok durumda kendini iyile\u015ftirme yetene\u011fine sahiptir. Korneadaki k\u00fc\u00e7\u00fck yaralanmalar veya s\u0131yr\u0131klar, kornea y\u00fczeyindeki h\u00fccrelerin yenilenip hasarl\u0131 b\u00f6lgeyi kaplamak i\u00e7in g\u00f6\u00e7 etti\u011fi yeniden epitelizasyon ad\u0131 verilen bir s\u00fcre\u00e7le tipik olarak birka\u00e7 g\u00fcn veya hafta i\u00e7inde kendili\u011finden iyile\u015febilir. Bununla birlikte, daha ciddi veya daha derin kornea yaralanmalar\u0131, uygun iyile\u015fmeyi sa\u011flamak i\u00e7in t\u0131bbi m\u00fcdahale ve \u00f6zel tedaviler gerektirebilir. Uygun bak\u0131m\u0131 almak ve optimal iyile\u015fmeyi sa\u011flamak i\u00e7in kornea yaralanmalar\u0131nda zaman\u0131nda t\u0131bbi yard\u0131m almak \u00f6nemlidir. G\u00f6z doktorlar\u0131 yaralanman\u0131n boyutunu de\u011ferlendirebilir ve kornean\u0131n iyile\u015fmesini kolayla\u015ft\u0131rmak ve g\u00f6r\u00fc\u015f\u00fc korumak i\u00e7in kayganla\u015ft\u0131r\u0131c\u0131 g\u00f6z damlalar\u0131 veya merhemler gibi tedaviler sa\u011flayabilir veya gerekirse cerrahi prosed\u00fcrler veya ila\u00e7lar \u00f6nerebilir.<\/p>\n\n<\/div>\n<\/div>\n<div id=\"faq-question-1684136953591\" class=\"rank-math-list-item\">\n<h3 class=\"rank-math-question \">G\u00f6z ameliyat\u0131 g\u00fcvenli midir?<\/h3>\n<div class=\"rank-math-answer \">\n\n<p>Evet, yetenekli cerrahlar taraf\u0131ndan ve uygun t\u0131bbi ortamlarda yap\u0131ld\u0131\u011f\u0131nda g\u00f6z ameliyat\u0131 genellikle g\u00fcvenli kabul edilir. Cerrahi teknikler ve teknolojideki geli\u015fmeler, bu prosed\u00fcrlerin g\u00fcvenli\u011fini ve ba\u015far\u0131 oranlar\u0131n\u0131 \u00f6nemli \u00f6l\u00e7\u00fcde art\u0131rm\u0131\u015ft\u0131r. Ancak her ameliyatta oldu\u011fu gibi enfeksiyon, kanama veya anestezi ya da ila\u00e7lara kar\u015f\u0131 olumsuz reaksiyonlar gibi riskler s\u00f6z konusudur. G\u00f6z ameliyat\u0131n\u0131n g\u00fcvenli\u011fi, ameliyat\u0131n t\u00fcr\u00fc, hastan\u0131n genel sa\u011fl\u0131k durumu ve cerrah\u0131n uzmanl\u0131\u011f\u0131 gibi fakt\u00f6rlere ba\u011fl\u0131d\u0131r. Bireysel ko\u015fullar\u0131n\u0131z\u0131 de\u011ferlendirebilecek, potansiyel riskleri ve faydalar\u0131 tart\u0131\u015fabilecek ve ki\u015fiselle\u015ftirilmi\u015f \u00f6neriler sunabilecek nitelikli bir g\u00f6z cerrah\u0131na dan\u0131\u015fman\u0131z \u00f6nemlidir. Riskleri ve faydalar\u0131 dikkatlice de\u011ferlendirerek, siz ve cerrah\u0131n\u0131z g\u00f6z ameliyat\u0131n\u0131n g\u00fcvenli\u011fi ve \u00f6zel ihtiya\u00e7lar\u0131n\u0131za uygunlu\u011fu konusunda bilin\u00e7li bir karar verebilirsiniz.<\/p>\n\n<\/div>\n<\/div>\n<div id=\"faq-question-1684137034727\" class=\"rank-math-list-item\">\n<h3 class=\"rank-math-question \">Kornea ameliyat\u0131ndan sonra iyile\u015fme ne kadar s\u00fcrer?<\/h3>\n<div class=\"rank-math-answer \">\n\n<p>Kornea ameliyat\u0131ndan sonra iyile\u015fme s\u00fcresi de\u011fi\u015fmekle birlikte genellikle tam iyile\u015fme i\u00e7in birka\u00e7 hafta ila birka\u00e7 ay s\u00fcrer. Prosed\u00fcr\u00fc takiben rahats\u0131zl\u0131k, \u0131\u015f\u0131k hassasiyeti ve bulan\u0131k g\u00f6rme ya\u015fayabilirsiniz, bunlar tipik olarak kademeli olarak d\u00fczelir. Cerrah\u0131n\u0131z, re\u00e7eteli g\u00f6z damlalar\u0131 ve ila\u00e7lar\u0131n kullan\u0131m\u0131 da dahil olmak \u00fczere ameliyat sonras\u0131 \u00f6zel talimatlar verecek ve ilerlemenizi izlemek i\u00e7in bir takip program\u0131 \u00f6nerebilir. Bu randevulara kat\u0131lman\u0131z ve endi\u015felerinizi cerrah\u0131n\u0131za bildirmeniz \u00f6nemlidir. Her ki\u015finin iyile\u015fme s\u00fcreci kendine \u00f6zg\u00fcd\u00fcr, bu nedenle cerrah\u0131n\u0131z\u0131n rehberli\u011fini takip etmeniz, iyile\u015fme i\u00e7in yeterli zaman tan\u0131man\u0131z ve kornean\u0131z iyile\u015fip stabilize olurken sab\u0131rl\u0131 olman\u0131z \u00e7ok \u00f6nemlidir.<\/p>\n\n<\/div>\n<\/div>\n<\/div>\n<\/div>\n<h3 class=\"wp-block-heading\">Herhangi bir sorunuz olmas\u0131 durumunda hemen bizimle ileti\u015fime ge\u00e7in!<\/h3>\n","protected":false},"excerpt":{"rendered":"<p>Son teknoloji kornea cerrahisi ile daha \u00f6nce hi\u00e7 olmad\u0131\u011f\u0131 gibi bir g\u00f6rme devrimi ya\u015fay\u0131n. G\u00f6r\u00fc\u015f\u00fcn\u00fcz\u00fc berrak bir d\u00fcnyaya d\u00f6n\u00fc\u015ft\u00fcrmemize ve [&hellip;]<\/p>\n","protected":false},"author":4,"featured_media":92046,"parent":0,"menu_order":0,"comment_status":"closed","ping_status":"closed","template":"","meta":{"site-sidebar-layout":"default","site-content-layout":"","ast-site-content-layout":"default","site-content-style":"default","site-sidebar-style":"default","ast-global-header-display":"","ast-banner-title-visibility":"","ast-main-header-display":"","ast-hfb-above-header-display":"","ast-hfb-below-header-display":"","ast-hfb-mobile-header-display":"","site-post-title":"","ast-breadcrumbs-content":"","ast-featured-img":"","footer-sml-layout":"","ast-disable-related-posts":"","theme-transparent-header-meta":"","adv-header-id-meta":"","stick-header-meta":"","header-above-stick-meta":"","header-main-stick-meta":"","header-below-stick-meta":"","astra-migrate-meta-layouts":"default","ast-page-background-enabled":"default","ast-page-background-meta":{"desktop":{"background-color":"var(--ast-global-color-4)","background-image":"","background-repeat":"repeat","background-position":"center center","background-size":"auto","background-attachment":"scroll","background-type":"","background-media":"","overlay-type":"","overlay-color":"","overlay-opacity":"","overlay-gradient":""},"tablet":{"background-color":"","background-image":"","background-repeat":"repeat","background-position":"center center","background-size":"auto","background-attachment":"scroll","background-type":"","background-media":"","overlay-type":"","overlay-color":"","overlay-opacity":"","overlay-gradient":""},"mobile":{"background-color":"","background-image":"","background-repeat":"repeat","background-position":"center center","background-size":"auto","background-attachment":"scroll","background-type":"","background-media":"","overlay-type":"","overlay-color":"","overlay-opacity":"","overlay-gradient":""}},"ast-content-background-meta":{"desktop":{"background-color":"var(--ast-global-color-5)","background-image":"","background-repeat":"repeat","background-position":"center center","background-size":"auto","background-attachment":"scroll","background-type":"","background-media":"","overlay-type":"","overlay-color":"","overlay-opacity":"","overlay-gradient":""},"tablet":{"background-color":"var(--ast-global-color-5)","background-image":"","background-repeat":"repeat","background-position":"center center","background-size":"auto","background-attachment":"scroll","background-type":"","background-media":"","overlay-type":"","overlay-color":"","overlay-opacity":"","overlay-gradient":""},"mobile":{"background-color":"var(--ast-global-color-5)","background-image":"","background-repeat":"repeat","background-position":"center center","background-size":"auto","background-attachment":"scroll","background-type":"","background-media":"","overlay-type":"","overlay-color":"","overlay-opacity":"","overlay-gradient":""}},"footnotes":""},"class_list":["post-145435","page","type-page","status-publish","has-post-thumbnail","hentry"],"_links":{"self":[{"href":"https:\/\/medclinics.com\/tr\/wp-json\/wp\/v2\/pages\/145435","targetHints":{"allow":["GET"]}}],"collection":[{"href":"https:\/\/medclinics.com\/tr\/wp-json\/wp\/v2\/pages"}],"about":[{"href":"https:\/\/medclinics.com\/tr\/wp-json\/wp\/v2\/types\/page"}],"author":[{"embeddable":true,"href":"https:\/\/medclinics.com\/tr\/wp-json\/wp\/v2\/users\/4"}],"replies":[{"embeddable":true,"href":"https:\/\/medclinics.com\/tr\/wp-json\/wp\/v2\/comments?post=145435"}],"version-history":[{"count":0,"href":"https:\/\/medclinics.com\/tr\/wp-json\/wp\/v2\/pages\/145435\/revisions"}],"wp:featuredmedia":[{"embeddable":true,"href":"https:\/\/medclinics.com\/tr\/wp-json\/wp\/v2\/media\/92046"}],"wp:attachment":[{"href":"https:\/\/medclinics.com\/tr\/wp-json\/wp\/v2\/media?parent=145435"}],"curies":[{"name":"wp","href":"https:\/\/api.w.org\/{rel}","templated":true}]}}