{"id":145431,"date":"2023-05-15T07:23:20","date_gmt":"2023-05-15T04:23:20","guid":{"rendered":"https:\/\/medclinics.com\/retina-cerrahisi\/"},"modified":"2025-01-03T00:07:31","modified_gmt":"2025-01-02T21:07:31","slug":"retina-cerrahisi","status":"publish","type":"page","link":"https:\/\/medclinics.com\/tr\/retina-cerrahisi\/","title":{"rendered":"Retina Cerrahisi"},"content":{"rendered":"\n<h2 class=\"wp-block-heading\">Profesyonel retina cerrahisi ile g\u00f6r\u00fc\u015f\u00fcn\u00fcz i\u00e7in daha parlak bir gelecek m\u00fcmk\u00fcn. Kendini i\u015fine adam\u0131\u015f ekibimizin size daha iyi bir vizyon ve yenilenmi\u015f bir iyimserlik i\u00e7in yol g\u00f6stermesine izin verin.<\/h2>\n\n<p><a href=\"https:\/\/en.wikipedia.org\/wiki\/Eye_surgery\" target=\"_blank\" rel=\"noreferrer noopener\">Retina cerrahisi<\/a>, g\u00f6z\u00fcn arka k\u0131sm\u0131ndaki \u0131\u015f\u0131\u011fa duyarl\u0131 doku olan retina \u00fczerinde ger\u00e7ekle\u015ftirilen \u00f6zel bir prosed\u00fcrd\u00fcr. G\u00f6rme kayb\u0131na veya bozuklu\u011funa neden olabilecek \u00e7e\u015fitli retina ko\u015fullar\u0131n\u0131 ve hastal\u0131klar\u0131n\u0131 ele almak i\u00e7in yap\u0131l\u0131r. Retina cerrahisinin baz\u0131 yayg\u0131n nedenleri aras\u0131nda retina dekolman\u0131, mak\u00fcler delikler, diyabetik retinopati ve epiretinal membran yer al\u0131r.<\/p>\n\n<p>Retina cerrahisi s\u0131ras\u0131nda cerrah, g\u00f6rmeyi eski haline getirmek veya iyile\u015ftirmek i\u00e7in retinadaki anormal veya hasarl\u0131 dokuyu onarmay\u0131 veya \u00e7\u0131karmay\u0131 ama\u00e7lar. Kullan\u0131lan spesifik teknikler, tedavi edilen duruma ba\u011fl\u0131 olarak de\u011fi\u015febilir. Bu teknikler retinan\u0131n yeniden ba\u011flanmas\u0131n\u0131, y\u0131rt\u0131klar\u0131n veya deliklerin kapat\u0131lmas\u0131n\u0131, yara dokusunun \u00e7\u0131kar\u0131lmas\u0131n\u0131 veya kanaman\u0131n y\u00f6netilmesini i\u00e7erebilir.<\/p>\n\n<p>Retina cerrahisinin potansiyel riskler ve komplikasyonlar ta\u015f\u0131d\u0131\u011f\u0131n\u0131 ve spesifik yakla\u015f\u0131m ve iyile\u015fme s\u00fcrecinin her birey i\u00e7in de\u011fi\u015febilece\u011fini unutmamak \u00f6nemlidir. Spesifik durumu de\u011ferlendirmek ve m\u00fcmk\u00fcn olan en iyi sonu\u00e7lar i\u00e7in en uygun tedavi yakla\u015f\u0131m\u0131n\u0131 belirlemek i\u00e7in nitelikli bir g\u00f6z doktoruna veya retina cerrah\u0131na dan\u0131\u015fmak \u00e7ok \u00f6nemlidir.<\/p>\n\n<h3 class=\"wp-block-heading\">Fiyat, ameliyat sonras\u0131 bak\u0131m ve iyile\u015fme s\u00fcreci de dahil olmak \u00fczere <a href=\"https:\/\/medclinics.com\/tr\/genel-goz-cerrahisi\/\" target=\"_blank\" rel=\"noreferrer noopener\">g\u00f6z ameliyat\u0131<\/a> hakk\u0131nda bilmeniz gereken her \u015fey veya <a href=\"#requestform\">bizimle ileti\u015fime<\/a> ge\u00e7in!<\/h3>\n\n<figure class=\"wp-block-image size-large\"><img fetchpriority=\"high\" decoding=\"async\" width=\"7360\" height=\"4912\" src=\"https:\/\/medclinics.com\/wp-content\/uploads\/2023\/05\/retina-surgery-2.png\" alt=\"Retina Cerrahisi &#x130;stanbul T&#xFC;rkiye\" class=\"wp-image-82941\" srcset=\"https:\/\/medclinics.com\/wp-content\/uploads\/2023\/05\/retina-surgery-2.png 7360w, https:\/\/medclinics.com\/wp-content\/uploads\/2023\/05\/retina-surgery-2-500x334.png 500w, https:\/\/medclinics.com\/wp-content\/uploads\/2023\/05\/retina-surgery-2-1024x683.png 1024w, https:\/\/medclinics.com\/wp-content\/uploads\/2023\/05\/retina-surgery-2-768x513.png 768w, https:\/\/medclinics.com\/wp-content\/uploads\/2023\/05\/retina-surgery-2-1536x1025.png 1536w, https:\/\/medclinics.com\/wp-content\/uploads\/2023\/05\/retina-surgery-2-2048x1367.png 2048w, https:\/\/medclinics.com\/wp-content\/uploads\/2023\/05\/retina-surgery-2-24x16.png 24w, https:\/\/medclinics.com\/wp-content\/uploads\/2023\/05\/retina-surgery-2-36x24.png 36w, https:\/\/medclinics.com\/wp-content\/uploads\/2023\/05\/retina-surgery-2-48x32.png 48w\" sizes=\"(max-width: 7360px) 100vw, 7360px\" \/><\/figure>\n\n<h2 class=\"wp-block-heading\">SSS<\/h2>\n<div id=\"rank-math-faq\" class=\"rank-math-block\">\n<div class=\"rank-math-list \">\n<div id=\"faq-question-1684133273895\" class=\"rank-math-list-item\">\n<h3 class=\"rank-math-question \">Retina dekolman\u0131 ameliyat\u0131ndan sonra nas\u0131l uyunur?<\/h3>\n<div class=\"rank-math-answer \">\n\n<p>Retina dekolman\u0131 ameliyat\u0131ndan sonra cerrah\u0131n\u0131z\u0131n ameliyat sonras\u0131 talimatlar\u0131na, \u00f6zellikle de dinlenme \u00f6nerilerine uyman\u0131z \u00f6nemlidir. Ameliyatl\u0131 g\u00f6zdeki gerginli\u011fi azaltmak i\u00e7in genellikle s\u0131rt \u00fcst\u00fc veya etkilenmeyen tarafta uyumak tavsiye edilir. Destekleyici yast\u0131klar kullanarak ba\u015f\u0131n\u0131z\u0131 biraz y\u00fckseltebilir ve g\u00f6z yorgunlu\u011funu azaltabilirsiniz. G\u00f6z\u00fc korumak ve uyurken istem d\u0131\u015f\u0131 ovalamay\u0131 \u00f6nlemek i\u00e7in cerrah size bir g\u00f6z kapa\u011f\u0131 veya band\u0131 da verebilir. Geceden hemen \u00f6nce a\u011f\u0131r aktivitelerden ka\u00e7\u0131n\u0131n ve g\u00f6zlerinizin yeterince dinlendi\u011finden emin olun. Cerrah\u0131n\u0131zla d\u00fczenli olarak takip randevular\u0131na gitmeniz, uyku pozisyonlar\u0131 ve bireysel durumunuza en uygun aktiviteler konusunda ki\u015fiselle\u015ftirilmi\u015f rehberlik alman\u0131z\u0131 sa\u011flayacak, sorunsuz bir iyile\u015fme ve optimal iyile\u015fmeyi kolayla\u015ft\u0131racakt\u0131r.<\/p>\n\n<\/div>\n<\/div>\n<div id=\"faq-question-1684133564202\" class=\"rank-math-list-item\">\n<h3 class=\"rank-math-question \">Retina y\u0131rt\u0131\u011f\u0131 i\u00e7in lazer ameliyat\u0131ndan sonra ne beklenir?<\/h3>\n<div class=\"rank-math-answer \">\n\n<p>Retina y\u0131rt\u0131\u011f\u0131 i\u00e7in lazer ameliyat\u0131 ge\u00e7irdikten sonra, iyile\u015fme a\u015famas\u0131nda baz\u0131 ortak y\u00f6nler bekleyebilirsiniz. Ba\u015flang\u0131\u00e7ta, tedavi edilen g\u00f6zde hafif rahats\u0131zl\u0131k veya bas\u0131n\u00e7 ile birlikte \u0131\u015f\u0131\u011fa kar\u015f\u0131 hassasiyet ya\u015fayabilirsiniz. Bu rahats\u0131zl\u0131k re\u00e7eteli g\u00f6z damlalar\u0131 veya re\u00e7etesiz sat\u0131lan a\u011fr\u0131 kesicilerle kontrol alt\u0131na al\u0131nabilir. \u0130\u015flemden sonra bulan\u0131k veya \u00e7arp\u0131k g\u00f6rme gibi ge\u00e7ici g\u00f6rme de\u011fi\u015fiklikleri yayg\u0131nd\u0131r, ancak tipik olarak kademeli olarak d\u00fczelir. A\u011f\u0131r kald\u0131rma veya yorucu egzersizlerden ka\u00e7\u0131nma gibi cerrah\u0131n\u0131z taraf\u0131ndan sa\u011flanan aktivite k\u0131s\u0131tlamalar\u0131na uyman\u0131z \u00f6nemlidir. \u0130yile\u015fme s\u00fcrecinizi izlemek ve lazer tedavisinin etkinli\u011fini belirlemek i\u00e7in d\u00fczenli takip randevular\u0131 planlanacakt\u0131r. Rutin g\u00f6z kontrolleri de dahil olmak \u00fczere uzun s\u00fcreli bak\u0131m, g\u00f6z sa\u011fl\u0131\u011f\u0131n\u0131n devaml\u0131l\u0131\u011f\u0131n\u0131 sa\u011flar ve olas\u0131 komplikasyonlar\u0131 veya yeni retina y\u0131rt\u0131klar\u0131n\u0131 tespit eder. \u015eiddetli a\u011fr\u0131, ani g\u00f6rme de\u011fi\u015fiklikleri veya endi\u015fe verici semptomlarla kar\u015f\u0131la\u015f\u0131rsan\u0131z, daha fazla rehberlik ve de\u011ferlendirme i\u00e7in derhal cerrah\u0131n\u0131zla ileti\u015fime ge\u00e7in.<\/p>\n\n<\/div>\n<\/div>\n<div id=\"faq-question-1684133815144\" class=\"rank-math-list-item\">\n<h3 class=\"rank-math-question \">Retina dekolman\u0131 ameliyat\u0131ndan ne kadar s\u00fcre sonra ara\u00e7 kullanabilirim?<\/h3>\n<div class=\"rank-math-answer \">\n\n<p>Retina dekolman\u0131 ameliyat\u0131ndan sonra g\u00f6r\u00fc\u015f\u00fcn\u00fcz\u00fcn stabilize olmas\u0131 ve herhangi bir rahats\u0131zl\u0131k veya bulan\u0131kl\u0131\u011f\u0131n azalmas\u0131 zaman al\u0131r. G\u00fcvenli bir \u015fekilde ara\u00e7 kullanmak ve yol ve trafik ko\u015fullar\u0131na yan\u0131t vermek i\u00e7in yeterli g\u00f6r\u00fc\u015fe ve g\u00f6rsel netli\u011fe sahip olmal\u0131s\u0131n\u0131z. Ara\u00e7 kullanmaya ne zaman devam etmenin g\u00fcvenli olaca\u011f\u0131 konusunda cerrah\u0131n\u0131z\u0131n y\u00f6nlendirmelerine uyman\u0131z \u00f6nemlidir.<br \/>\u0130yile\u015fme d\u00f6neminde ula\u015f\u0131m\u0131n bir ba\u015fkas\u0131 taraf\u0131ndan sa\u011flanmas\u0131 veya gerekirse toplu ta\u015f\u0131ma hizmetlerinden veya taksilerden yararlan\u0131lmas\u0131 tavsiye edilir. Her zaman kendi g\u00fcvenli\u011finize ve yoldaki di\u011fer ki\u015filerin g\u00fcvenli\u011fine \u00f6ncelik verin. Retina dekolman\u0131 ameliyat\u0131ndan sonra ara\u00e7 kullanmaya ili\u015fkin \u00f6zel tavsiyeler ve y\u00f6nergeler i\u00e7in bireysel ko\u015fullar\u0131n\u0131za ba\u011fl\u0131 olarak cerrah\u0131n\u0131za dan\u0131\u015f\u0131n.<\/p>\n\n<\/div>\n<\/div>\n<div id=\"faq-question-1684133835589\" class=\"rank-math-list-item\">\n<h3 class=\"rank-math-question \">Retina dekolman\u0131 ameliyat\u0131ndan sonra iyile\u015fme ne kadar s\u00fcrer?<\/h3>\n<div class=\"rank-math-answer \">\n\n<p>Retina dekolman\u0131 ameliyat\u0131ndan sonra iyile\u015fme s\u00fcresi de\u011fi\u015febilir, ancak g\u00f6z\u00fcn tamamen iyile\u015fmesi genellikle birka\u00e7 hafta ila birka\u00e7 ay s\u00fcrer. Bu s\u00fcre zarf\u0131nda, ameliyat edilen g\u00f6zde bir miktar rahats\u0131zl\u0131k, k\u0131zar\u0131kl\u0131k ve hassasiyet ya\u015fayabilirsiniz. Cerrah\u0131n\u0131z, a\u011fr\u0131 ve iltihaplanmay\u0131 y\u00f6netmek i\u00e7in re\u00e7eteli ila\u00e7lar\u0131n veya g\u00f6z damlalar\u0131n\u0131n kullan\u0131m\u0131 da dahil olmak \u00fczere ameliyat sonras\u0131 \u00f6zel talimatlar verecektir.<br \/>\u0130yile\u015fmenin ilk a\u015famalar\u0131nda g\u00f6r\u00fc\u015f\u00fcn\u00fcz bulan\u0131k veya bozuk olabilir ve u\u00e7u\u015fan noktalar fark edebilirsiniz. Bu semptomlar genellikle g\u00f6z iyile\u015ftik\u00e7e zaman i\u00e7inde yava\u015f yava\u015f d\u00fczelir. \u0130lerlemeyi izlemek ve d\u00fczg\u00fcn iyile\u015fmeyi sa\u011flamak i\u00e7in cerrah\u0131n\u0131zla takip randevular\u0131na kat\u0131lman\u0131z \u00f6nemlidir.<br \/>Tam iyile\u015fme s\u00fcresi retina dekolman\u0131n\u0131n derecesi ve bireyin genel sa\u011fl\u0131\u011f\u0131 gibi fakt\u00f6rlere ba\u011fl\u0131 olarak de\u011fi\u015febilirken, sab\u0131rl\u0131 olmak ve g\u00f6z\u00fcn\u00fcze iyile\u015fmesi i\u00e7in yeterli zaman tan\u0131mak \u00e7ok \u00f6nemlidir. Cerrah\u0131n\u0131z normal aktivitelere ne zaman devam etmenin g\u00fcvenli oldu\u011fu konusunda sizi y\u00f6nlendirecek ve ameliyat sonras\u0131 bak\u0131m i\u00e7in \u00f6zel talimatlar verecektir.<\/p>\n\n<\/div>\n<\/div>\n<div id=\"faq-question-1684133964646\" class=\"rank-math-list-item\">\n<h3 class=\"rank-math-question \">Retina ameliyat\u0131 a\u011fr\u0131l\u0131 m\u0131d\u0131r?<\/h3>\n<div class=\"rank-math-answer \">\n\n<p>Retina ameliyat\u0131n\u0131n kendisi tipik olarak a\u011fr\u0131l\u0131 de\u011fildir, \u00e7\u00fcnk\u00fc g\u00f6z\u00fc ve \u00e7evre dokular\u0131 uyu\u015fturan anestezi alt\u0131nda yap\u0131l\u0131r. Ameliyat s\u0131ras\u0131nda herhangi bir rahats\u0131zl\u0131k veya a\u011fr\u0131 hissetmemeniz gerekir.<br \/>Ancak ameliyat\u0131 takip eden g\u00fcnlerde bir miktar rahats\u0131zl\u0131k veya hafif a\u011fr\u0131 hissedilmesi yayg\u0131nd\u0131r. Bu rahats\u0131zl\u0131k ki\u015fiden ki\u015fiye de\u011fi\u015febilir ve ameliyat edilen g\u00f6zde hafif bir a\u011fr\u0131, ac\u0131 veya tahri\u015f gibi hisleri i\u00e7erebilir. Cerrah\u0131n\u0131z, ameliyat sonras\u0131 rahats\u0131zl\u0131\u011f\u0131 y\u00f6netmeye yard\u0131mc\u0131 olmak i\u00e7in a\u011fr\u0131 kesici ila\u00e7lar yazacak veya re\u00e7etesiz sat\u0131lan a\u011fr\u0131 kesiciler \u00f6nerecektir. Herkesin a\u011fr\u0131 ve rahats\u0131zl\u0131k deneyimi farkl\u0131 olabilir ve uygulanan retina cerrahisinin spesifik t\u00fcr\u00fc ve bireyin a\u011fr\u0131 e\u015fi\u011fi gibi bireysel fakt\u00f6rler ya\u015fanan rahats\u0131zl\u0131k d\u00fczeyini etkileyebilir.<\/p>\n\n<\/div>\n<\/div>\n<div id=\"faq-question-1684134094514\" class=\"rank-math-list-item\">\n<h3 class=\"rank-math-question \">Retina ameliyat\u0131 ne kadar s\u00fcrer?<\/h3>\n<div class=\"rank-math-answer \">\n\n<p>Retina cerrahisinin s\u00fcresi, uygulanan spesifik ameliyat t\u00fcr\u00fc, vakan\u0131n karma\u015f\u0131kl\u0131\u011f\u0131 ve bireysel cerrah\u0131n tekni\u011fi ve deneyimi dahil olmak \u00fczere \u00e7e\u015fitli fakt\u00f6rlere ba\u011fl\u0131 olarak de\u011fi\u015febilir. Genel olarak, \u00e7o\u011fu retina ameliyat\u0131 tipik olarak 1 ila 3 saat aras\u0131nda s\u00fcrer.<br \/>Ancak, bu bir tahmindir ve ger\u00e7ek s\u00fcre de\u011fi\u015febilir. Retina dekolman\u0131 veya makula deli\u011fi onar\u0131m\u0131 gibi baz\u0131 retina ameliyatlar\u0131 daha karma\u015f\u0131k prosed\u00fcrler gerektirebilir ve tamamlanmas\u0131 daha uzun s\u00fcrebilir. \u00d6te yandan, lazer fotokoag\u00fclasyon veya intravitreal enjeksiyonlar gibi daha az karma\u015f\u0131k baz\u0131 prosed\u00fcrler nispeten h\u0131zl\u0131 bir \u015fekilde tamamlanabilir.<br \/>Cerrah\u0131n\u0131z, vakan\u0131z\u0131n ayr\u0131nt\u0131lar\u0131na dayanarak \u00f6zel retina ameliyat\u0131n\u0131z\u0131n beklenen s\u00fcresi hakk\u0131nda daha do\u011fru bir tahmin sunabilecektir. Nihai hedef g\u00f6z sa\u011fl\u0131\u011f\u0131n\u0131z i\u00e7in m\u00fcmk\u00fcn olan en iyi sonucu elde etmek oldu\u011fundan, belirli bir zaman \u00e7er\u00e7evesine uymak i\u00e7in acele etmek yerine ameliyatta titizlik ve hassasiyete \u00f6ncelik vermek \u00f6nemlidir.<\/p>\n\n<\/div>\n<\/div>\n<div id=\"faq-question-1684134296748\" class=\"rank-math-list-item\">\n<h3 class=\"rank-math-question \">G\u00f6z ameliyat\u0131 g\u00fcvenli midir?<\/h3>\n<div class=\"rank-math-answer \">\n\n<p>Her t\u0131bbi prosed\u00fcr gibi g\u00f6z ameliyat\u0131 da belirli riskler ta\u015f\u0131r, ancak yetenekli ve deneyimli cerrahlar taraf\u0131ndan yap\u0131ld\u0131\u011f\u0131nda genellikle g\u00fcvenli kabul edilir. G\u00f6z ameliyat\u0131n\u0131n g\u00fcvenli\u011fi, ameliyat\u0131n t\u00fcr\u00fc, tedavi edilen spesifik durum, hastan\u0131n genel sa\u011fl\u0131k durumu ve prosed\u00fcr\u00fcn uyguland\u0131\u011f\u0131 t\u0131bbi tesisin kalitesi gibi \u00e7e\u015fitli fakt\u00f6rlere ba\u011fl\u0131d\u0131r.<br \/>Cerrahi teknikler, anestezi ve ameliyat \u00f6ncesi ve sonras\u0131 bak\u0131m alan\u0131ndaki geli\u015fmeler, g\u00f6z ameliyatlar\u0131n\u0131n g\u00fcvenli\u011fini ve ba\u015far\u0131 oranlar\u0131n\u0131 \u00f6nemli \u00f6l\u00e7\u00fcde art\u0131rm\u0131\u015ft\u0131r. Cerrahlar kapsaml\u0131 bir e\u011fitimden ge\u00e7mekte ve riskleri ve komplikasyonlar\u0131 en aza indirmek i\u00e7in s\u0131k\u0131 g\u00fcvenlik protokollerine uymaktad\u0131r.<\/p>\n\n<\/div>\n<\/div>\n<div id=\"faq-question-1684134510529\" class=\"rank-math-list-item\">\n<h3 class=\"rank-math-question \">Lazer g\u00f6z ameliyat\u0131 retina dekolman\u0131na neden olabilir mi?<\/h3>\n<div class=\"rank-math-answer \">\n\n<p>Son derece nadir olmakla birlikte, lazer g\u00f6z ameliyat\u0131 ile ili\u015fkili \u00e7ok k\u00fc\u00e7\u00fck bir retina dekolman\u0131 riski vard\u0131r. Riskin 10.000 vakada 1&#8217;den daha az oldu\u011fu tahmin edilmektedir. Komplikasyon riskini en aza indirmek i\u00e7in prosed\u00fcr\u00fcn nitelikli bir cerrah taraf\u0131ndan uygulanmas\u0131 ve ameliyat \u00f6ncesi kapsaml\u0131 de\u011ferlendirmelerin yap\u0131lmas\u0131 \u00f6nemlidir.<\/p>\n\n<\/div>\n<\/div>\n<\/div>\n<\/div>\n<h3 class=\"wp-block-heading\">Herhangi bir sorunuz olmas\u0131 durumunda hemen bizimle ileti\u015fime ge\u00e7in!<\/h3>\n","protected":false},"excerpt":{"rendered":"<p>Profesyonel retina cerrahisi ile g\u00f6r\u00fc\u015f\u00fcn\u00fcz i\u00e7in daha parlak bir gelecek m\u00fcmk\u00fcn. Kendini i\u015fine adam\u0131\u015f ekibimizin size daha iyi bir vizyon [&hellip;]<\/p>\n","protected":false},"author":4,"featured_media":92133,"parent":0,"menu_order":0,"comment_status":"closed","ping_status":"closed","template":"","meta":{"site-sidebar-layout":"default","site-content-layout":"","ast-site-content-layout":"default","site-content-style":"default","site-sidebar-style":"default","ast-global-header-display":"","ast-banner-title-visibility":"","ast-main-header-display":"","ast-hfb-above-header-display":"","ast-hfb-below-header-display":"","ast-hfb-mobile-header-display":"","site-post-title":"","ast-breadcrumbs-content":"","ast-featured-img":"","footer-sml-layout":"","ast-disable-related-posts":"","theme-transparent-header-meta":"","adv-header-id-meta":"","stick-header-meta":"","header-above-stick-meta":"","header-main-stick-meta":"","header-below-stick-meta":"","astra-migrate-meta-layouts":"default","ast-page-background-enabled":"default","ast-page-background-meta":{"desktop":{"background-color":"var(--ast-global-color-4)","background-image":"","background-repeat":"repeat","background-position":"center center","background-size":"auto","background-attachment":"scroll","background-type":"","background-media":"","overlay-type":"","overlay-color":"","overlay-opacity":"","overlay-gradient":""},"tablet":{"background-color":"","background-image":"","background-repeat":"repeat","background-position":"center center","background-size":"auto","background-attachment":"scroll","background-type":"","background-media":"","overlay-type":"","overlay-color":"","overlay-opacity":"","overlay-gradient":""},"mobile":{"background-color":"","background-image":"","background-repeat":"repeat","background-position":"center center","background-size":"auto","background-attachment":"scroll","background-type":"","background-media":"","overlay-type":"","overlay-color":"","overlay-opacity":"","overlay-gradient":""}},"ast-content-background-meta":{"desktop":{"background-color":"var(--ast-global-color-5)","background-image":"","background-repeat":"repeat","background-position":"center center","background-size":"auto","background-attachment":"scroll","background-type":"","background-media":"","overlay-type":"","overlay-color":"","overlay-opacity":"","overlay-gradient":""},"tablet":{"background-color":"var(--ast-global-color-5)","background-image":"","background-repeat":"repeat","background-position":"center center","background-size":"auto","background-attachment":"scroll","background-type":"","background-media":"","overlay-type":"","overlay-color":"","overlay-opacity":"","overlay-gradient":""},"mobile":{"background-color":"var(--ast-global-color-5)","background-image":"","background-repeat":"repeat","background-position":"center center","background-size":"auto","background-attachment":"scroll","background-type":"","background-media":"","overlay-type":"","overlay-color":"","overlay-opacity":"","overlay-gradient":""}},"footnotes":""},"class_list":["post-145431","page","type-page","status-publish","has-post-thumbnail","hentry"],"_links":{"self":[{"href":"https:\/\/medclinics.com\/tr\/wp-json\/wp\/v2\/pages\/145431","targetHints":{"allow":["GET"]}}],"collection":[{"href":"https:\/\/medclinics.com\/tr\/wp-json\/wp\/v2\/pages"}],"about":[{"href":"https:\/\/medclinics.com\/tr\/wp-json\/wp\/v2\/types\/page"}],"author":[{"embeddable":true,"href":"https:\/\/medclinics.com\/tr\/wp-json\/wp\/v2\/users\/4"}],"replies":[{"embeddable":true,"href":"https:\/\/medclinics.com\/tr\/wp-json\/wp\/v2\/comments?post=145431"}],"version-history":[{"count":0,"href":"https:\/\/medclinics.com\/tr\/wp-json\/wp\/v2\/pages\/145431\/revisions"}],"wp:featuredmedia":[{"embeddable":true,"href":"https:\/\/medclinics.com\/tr\/wp-json\/wp\/v2\/media\/92133"}],"wp:attachment":[{"href":"https:\/\/medclinics.com\/tr\/wp-json\/wp\/v2\/media?parent=145431"}],"curies":[{"name":"wp","href":"https:\/\/api.w.org\/{rel}","templated":true}]}}