{"id":145417,"date":"2023-05-14T19:55:30","date_gmt":"2023-05-14T16:55:30","guid":{"rendered":"https:\/\/medclinics.com\/kok-kanal-tedavisi\/"},"modified":"2025-01-03T00:08:02","modified_gmt":"2025-01-02T21:08:02","slug":"kok-kanal-tedavisi","status":"publish","type":"page","link":"https:\/\/medclinics.com\/tr\/kok-kanal-tedavisi\/","title":{"rendered":"K\u00f6k Kanal Tedavisi"},"content":{"rendered":"\n<h2 class=\"wp-block-heading\">Kanal tedavisi, di\u015f i\u00e7indeki enfekte veya iltihapl\u0131 dokular\u0131 ve sinirleri ortadan kald\u0131rarak di\u015flerinizi koruyan hayati bir di\u015f prosed\u00fcr\u00fcd\u00fcr.<\/h2>\n\n<p>Bu y\u00f6ntem genellikle derin di\u015f \u00e7\u00fcr\u00fc\u011f\u00fc olan, di\u015fleri k\u0131r\u0131lm\u0131\u015f veya travma ge\u00e7irmi\u015f bireyler i\u00e7in \u00f6nerilir.<\/p>\n\n<p>Kanal tedavisi s\u00fcreci, etkinli\u011fini sa\u011flamak i\u00e7in birka\u00e7 a\u015famadan olu\u015fur. \u0130lk ad\u0131m, zay\u0131flam\u0131\u015f di\u015f yap\u0131n\u0131z\u0131 daha da g\u00fc\u00e7lendirmek i\u00e7in tasarlanm\u0131\u015f \u00f6zel malzemeler kullan\u0131larak doldurulmadan \u00f6nce etkilenen b\u00f6lgeden hasarl\u0131 sinir dokusunun ve \u00e7\u00fcr\u00fcm\u00fc\u015f materyalin \u00e7\u0131kar\u0131lmas\u0131n\u0131 gerektirir.<\/p>\n\n<p>Bu prosed\u00fcr s\u0131ras\u0131nda hastalara genellikle t\u00fcm operasyon boyunca onlar\u0131 tamamen uyu\u015fturan lokal anestezi uygulan\u0131r, bu nedenle herhangi bir a\u011fr\u0131 hissedilmez. Sonras\u0131nda, baz\u0131 durumlarda hafif bir hassasiyet olu\u015fabilir, ancak bu durumlar\u0131n ge\u00e7ici oldu\u011fundan emin olabilirsiniz!<\/p>\n\n<p>Sonu\u00e7 olarak, <a href=\"https:\/\/en.wikipedia.org\/wiki\/Root_canal_treatment\" target=\"_blank\" rel=\"noreferrer noopener\">Kanal Tedavisi<\/a> ki\u015finin a\u011f\u0131z sa\u011fl\u0131\u011f\u0131n\u0131n korunmas\u0131nda ve zaman i\u00e7inde sa\u011fl\u0131kl\u0131 di\u015f yap\u0131s\u0131n\u0131n s\u00fcrd\u00fcr\u00fclmesinde \u00f6nemli bir rol oynar! D\u00fcnya \u00e7ap\u0131nda yap\u0131lan \u00e7e\u015fitli \u00e7al\u0131\u015fmalarda bildirilen y\u00fcksek ba\u015far\u0131 oranlar\u0131yla &#8211; inci beyazlar\u0131n\u0131zla ilgili herhangi bir rahats\u0131zl\u0131k sorunu ya\u015f\u0131yorsan\u0131z bu se\u00e7ene\u011fi de\u011ferlendirmenizi \u015fiddetle tavsiye ederiz!<\/p>\n\n<h3 class=\"wp-block-heading\">Fiyat, bak\u0131m sonras\u0131 ve iyile\u015fme s\u00fcreci de dahil olmak \u00fczere <a href=\"https:\/\/medclinics.com\/dental-treatment\/\" target=\"_blank\" rel=\"noreferrer noopener\">di\u015f tedavileri<\/a> hakk\u0131nda bilmeniz gereken her \u015fey veya <a href=\"#requestform\">bizimle ileti\u015fime<\/a> ge\u00e7in!<\/h3>\n\n<figure class=\"wp-block-image size-full\"><img fetchpriority=\"high\" decoding=\"async\" width=\"960\" height=\"580\" src=\"https:\/\/medclinics.com\/wp-content\/uploads\/2023\/05\/Root-canal-treatment.jpg\" alt=\"\" class=\"wp-image-82909\" srcset=\"https:\/\/medclinics.com\/wp-content\/uploads\/2023\/05\/Root-canal-treatment.jpg 960w, https:\/\/medclinics.com\/wp-content\/uploads\/2023\/05\/Root-canal-treatment-500x302.jpg 500w, https:\/\/medclinics.com\/wp-content\/uploads\/2023\/05\/Root-canal-treatment-768x464.jpg 768w, https:\/\/medclinics.com\/wp-content\/uploads\/2023\/05\/Root-canal-treatment-24x15.jpg 24w, https:\/\/medclinics.com\/wp-content\/uploads\/2023\/05\/Root-canal-treatment-36x22.jpg 36w, https:\/\/medclinics.com\/wp-content\/uploads\/2023\/05\/Root-canal-treatment-48x29.jpg 48w\" sizes=\"(max-width: 960px) 100vw, 960px\" \/><\/figure>\n\n<h3 class=\"wp-block-heading\">SSS<\/h3>\n<div id=\"rank-math-faq\" class=\"rank-math-block\">\n<div class=\"rank-math-list \">\n<div id=\"faq-question-1683898477333\" class=\"rank-math-list-item\">\n<h3 class=\"rank-math-question \">K\u00f6k kanal tedavisi a\u011fr\u0131l\u0131 m\u0131d\u0131r?<\/h3>\n<div class=\"rank-math-answer \">\n\n<p>K\u00f6k kanal tedavisi genellikle lokal anestezi alt\u0131nda ger\u00e7ekle\u015ftirilir. \u0130\u015flem s\u0131ras\u0131nda herhangi bir a\u011fr\u0131 hissetmeyeceksiniz.<br \/>\u0130\u015flemden sonraki ilk birka\u00e7 g\u00fcn hafif ila orta derecede a\u011fr\u0131 hissedebilirsiniz, ancak bu geleneksel a\u011fr\u0131 kesicilerle iyi bir \u015fekilde tedavi edilebilir.<\/p>\n\n<\/div>\n<\/div>\n<div id=\"faq-question-1683898525995\" class=\"rank-math-list-item\">\n<h3 class=\"rank-math-question \">Hangisi daha iyi? K\u00f6k kanal tedavisi mi yoksa \u00e7ekimi mi?<\/h3>\n<div class=\"rank-math-answer \">\n\n<p>Genellikle, kanal tedavisi yoluyla do\u011fal di\u015fin korunmas\u0131 tercih edilir \u00e7\u00fcnk\u00fc \u00e7evre kemik korunur ve di\u015flerin do\u011fal \u0131s\u0131r\u0131\u011f\u0131 ve g\u00f6r\u00fcn\u00fcm\u00fc korunur.<br \/>Di\u015f kurtar\u0131lamad\u0131\u011f\u0131nda, \u015fiddetli a\u011fr\u0131 veya enfeksiyona neden oldu\u011funda veya \u00e7evre di\u015fler veya a\u011f\u0131z yap\u0131lar\u0131 i\u00e7in risk olu\u015fturdu\u011funda \u00e7ekim \u00f6nerilir.<\/p>\n\n<\/div>\n<\/div>\n<div id=\"faq-question-1683898720036\" class=\"rank-math-list-item\">\n<h3 class=\"rank-math-question \">Kanal tedavisi nas\u0131l \u00e7al\u0131\u015f\u0131r?<\/h3>\n<div class=\"rank-math-answer \">\n\n<p>Kanal tedavisi, enfekte veya hasarl\u0131 pulpan\u0131n di\u015fin i\u00e7inden \u00e7\u0131kar\u0131lmas\u0131n\u0131, k\u00f6k kanallar\u0131n\u0131n temizlenmesini ve dezenfekte edilmesini, dolguya haz\u0131rlamak i\u00e7in kanallar\u0131n \u015fekillendirilmesini ve s\u0131zd\u0131rmaz hale getirmek ve daha fazla enfeksiyonu \u00f6nlemek i\u00e7in biyouyumlu bir malzeme ile doldurulmas\u0131n\u0131 i\u00e7erir.<\/p>\n\n<\/div>\n<\/div>\n<div id=\"faq-question-1683898844556\" class=\"rank-math-list-item\">\n<h3 class=\"rank-math-question \"><br>Kanal tedavisi tek seansta bitirilebilir mi?<\/h3>\n<div class=\"rank-math-answer \">\n\n<p>Evet, bir\u00e7ok durumda kanal tedavisi, \u00f6zellikle enfeksiyon veya iltihap \u00e7ok \u015fiddetli de\u011filse, tek bir seansta ger\u00e7ekle\u015ftirilebilir. Bununla birlikte, bazen dolgu veya kaplama tamamlanmadan \u00f6nce enfeksiyon veya iltihab\u0131n azalmas\u0131na izin vermek i\u00e7in birka\u00e7 seans gerekir<\/p>\n\n<\/div>\n<\/div>\n<\/div>\n<\/div>\n<p>\u00a0<\/p>\n\n<h3 class=\"wp-block-heading\">Herhangi bir sorunuz olmas\u0131 durumunda hemen bizimle ileti\u015fime ge\u00e7in!<\/h3>\n","protected":false},"excerpt":{"rendered":"<p>Kanal tedavisi, di\u015f i\u00e7indeki enfekte veya iltihapl\u0131 dokular\u0131 ve sinirleri ortadan kald\u0131rarak di\u015flerinizi koruyan hayati bir di\u015f prosed\u00fcr\u00fcd\u00fcr. Bu y\u00f6ntem [&hellip;]<\/p>\n","protected":false},"author":4,"featured_media":92491,"parent":0,"menu_order":0,"comment_status":"closed","ping_status":"closed","template":"","meta":{"site-sidebar-layout":"default","site-content-layout":"","ast-site-content-layout":"default","site-content-style":"default","site-sidebar-style":"default","ast-global-header-display":"","ast-banner-title-visibility":"","ast-main-header-display":"","ast-hfb-above-header-display":"","ast-hfb-below-header-display":"","ast-hfb-mobile-header-display":"","site-post-title":"","ast-breadcrumbs-content":"","ast-featured-img":"","footer-sml-layout":"","ast-disable-related-posts":"","theme-transparent-header-meta":"","adv-header-id-meta":"","stick-header-meta":"","header-above-stick-meta":"","header-main-stick-meta":"","header-below-stick-meta":"","astra-migrate-meta-layouts":"default","ast-page-background-enabled":"default","ast-page-background-meta":{"desktop":{"background-color":"var(--ast-global-color-4)","background-image":"","background-repeat":"repeat","background-position":"center center","background-size":"auto","background-attachment":"scroll","background-type":"","background-media":"","overlay-type":"","overlay-color":"","overlay-opacity":"","overlay-gradient":""},"tablet":{"background-color":"","background-image":"","background-repeat":"repeat","background-position":"center center","background-size":"auto","background-attachment":"scroll","background-type":"","background-media":"","overlay-type":"","overlay-color":"","overlay-opacity":"","overlay-gradient":""},"mobile":{"background-color":"","background-image":"","background-repeat":"repeat","background-position":"center center","background-size":"auto","background-attachment":"scroll","background-type":"","background-media":"","overlay-type":"","overlay-color":"","overlay-opacity":"","overlay-gradient":""}},"ast-content-background-meta":{"desktop":{"background-color":"var(--ast-global-color-5)","background-image":"","background-repeat":"repeat","background-position":"center center","background-size":"auto","background-attachment":"scroll","background-type":"","background-media":"","overlay-type":"","overlay-color":"","overlay-opacity":"","overlay-gradient":""},"tablet":{"background-color":"var(--ast-global-color-5)","background-image":"","background-repeat":"repeat","background-position":"center center","background-size":"auto","background-attachment":"scroll","background-type":"","background-media":"","overlay-type":"","overlay-color":"","overlay-opacity":"","overlay-gradient":""},"mobile":{"background-color":"var(--ast-global-color-5)","background-image":"","background-repeat":"repeat","background-position":"center center","background-size":"auto","background-attachment":"scroll","background-type":"","background-media":"","overlay-type":"","overlay-color":"","overlay-opacity":"","overlay-gradient":""}},"footnotes":""},"class_list":["post-145417","page","type-page","status-publish","has-post-thumbnail","hentry"],"_links":{"self":[{"href":"https:\/\/medclinics.com\/tr\/wp-json\/wp\/v2\/pages\/145417","targetHints":{"allow":["GET"]}}],"collection":[{"href":"https:\/\/medclinics.com\/tr\/wp-json\/wp\/v2\/pages"}],"about":[{"href":"https:\/\/medclinics.com\/tr\/wp-json\/wp\/v2\/types\/page"}],"author":[{"embeddable":true,"href":"https:\/\/medclinics.com\/tr\/wp-json\/wp\/v2\/users\/4"}],"replies":[{"embeddable":true,"href":"https:\/\/medclinics.com\/tr\/wp-json\/wp\/v2\/comments?post=145417"}],"version-history":[{"count":0,"href":"https:\/\/medclinics.com\/tr\/wp-json\/wp\/v2\/pages\/145417\/revisions"}],"wp:featuredmedia":[{"embeddable":true,"href":"https:\/\/medclinics.com\/tr\/wp-json\/wp\/v2\/media\/92491"}],"wp:attachment":[{"href":"https:\/\/medclinics.com\/tr\/wp-json\/wp\/v2\/media?parent=145417"}],"curies":[{"name":"wp","href":"https:\/\/api.w.org\/{rel}","templated":true}]}}