{"id":145403,"date":"2023-05-14T19:29:31","date_gmt":"2023-05-14T16:29:31","guid":{"rendered":"https:\/\/medclinics.com\/dis-dolgulari\/"},"modified":"2025-01-02T14:39:37","modified_gmt":"2025-01-02T11:39:37","slug":"dis-dolgulari","status":"publish","type":"page","link":"https:\/\/medclinics.com\/tr\/dis-dolgulari\/","title":{"rendered":"Di\u015f Dolgular\u0131"},"content":{"rendered":"\n<h2 class=\"wp-block-heading\">Di\u015f dolgular\u0131, \u00e7\u00fcr\u00fck veya k\u0131r\u0131klar nedeniyle di\u015flerinizde olu\u015fan hasar\u0131 onarabilen etkili bir di\u015f tedavisidir.<\/h2>\n\n<p>Bu i\u015flem, uygun bir malzeme ile doldurulmadan \u00f6nce di\u015fin etkilenen b\u00f6lgesinin temizlenmesini ve bo\u015falt\u0131lmas\u0131n\u0131 i\u00e7erir.<\/p>\n\n<p>Di\u015f dolgular\u0131 i\u00e7in kompozit re\u00e7ine, amalgam, porselen veya alt\u0131n gibi \u00e7e\u015fitli malzemeler kullan\u0131lmaktad\u0131r. Kompozit re\u00e7ine di\u015f dolgular\u0131 mevcut di\u015flerinizle do\u011fal bir uyum sa\u011flarken, amalgam olanlar daha dayan\u0131kl\u0131 ve uygun maliyetli olma e\u011filimindedir.<\/p>\n\n<p>Bu i\u015flem s\u0131ras\u0131nda maksimum konfor sa\u011flamak i\u00e7in, tedavi edilen di\u015fin etraf\u0131na kau\u00e7uk damlalar yerle\u015ftirilmesiyle birlikte lokal anestezi uygulanacakt\u0131r, b\u00f6ylece herhangi bir a\u011fr\u0131 veya hassasiyet hissetmezsiniz. Sonras\u0131nda, di\u015fleriniz sadece yeni gibi g\u00f6r\u00fcnmekle kalmayacak, ayn\u0131 zamanda daha fazla \u00e7\u00fcr\u00fcmenin meydana gelmesini \u00f6nlerken i\u015flevi de restore edilmi\u015f olacakt\u0131r!<\/p>\n\n<p>Hasarl\u0131 di\u015flerin g\u00fcl\u00fc\u015f\u00fcn\u00fcz\u00fc mahvetmesine izin vermeyin; bug\u00fcn <a href=\"https:\/\/istanbul-tourist-information.com\/en\/category\/dental\/\" target=\"_blank\" rel=\"noreferrer noopener\">di\u015f dolgular\u0131n\u0131 <\/a>tercih edin!<\/p>\n\n<h3 class=\"wp-block-heading\">Fiyat, bak\u0131m sonras\u0131 ve iyile\u015fme s\u00fcreci de dahil olmak \u00fczere <a href=\"https:\/\/medclinics.com\/dental-treatment\/\">di\u015f tedavileri<\/a> hakk\u0131nda bilmeniz gereken her \u015fey veya <a href=\"#requestform\">bizimle ileti\u015fime<\/a> ge\u00e7in!<\/h3>\n\n<figure class=\"wp-block-image size-full\"><img fetchpriority=\"high\" decoding=\"async\" width=\"960\" height=\"580\" class=\"wp-image-82880\" src=\"https:\/\/medclinics.com\/wp-content\/uploads\/2023\/05\/Dental-Fillings.jpg\" alt=\"Di&#x15F; Dolgular&#x131;\" srcset=\"https:\/\/medclinics.com\/wp-content\/uploads\/2023\/05\/Dental-Fillings.jpg 960w, https:\/\/medclinics.com\/wp-content\/uploads\/2023\/05\/Dental-Fillings-500x302.jpg 500w, https:\/\/medclinics.com\/wp-content\/uploads\/2023\/05\/Dental-Fillings-768x464.jpg 768w, https:\/\/medclinics.com\/wp-content\/uploads\/2023\/05\/Dental-Fillings-24x15.jpg 24w, https:\/\/medclinics.com\/wp-content\/uploads\/2023\/05\/Dental-Fillings-36x22.jpg 36w, https:\/\/medclinics.com\/wp-content\/uploads\/2023\/05\/Dental-Fillings-48x29.jpg 48w\" sizes=\"(max-width: 960px) 100vw, 960px\" \/><\/figure>\n\n<h3 class=\"wp-block-heading\">SSS<\/h3>\n<div id=\"rank-math-faq\" class=\"rank-math-block\">\n<div class=\"rank-math-list \">\n<div id=\"faq-question-1683898477333\" class=\"rank-math-list-item\">\n<h3 class=\"rank-math-question \">Hangi di\u015f dolgusu en iyisidir?<\/h3>\n<div class=\"rank-math-answer \">\n\n<p>Ba\u015fl\u0131ca di\u015f dolgusu t\u00fcrleri amalgam (g\u00fcm\u00fc\u015f), kompozit (di\u015f renginde), seramik ve alt\u0131n olup her birinin kendine \u00f6zg\u00fc avantaj ve dezavantajlar\u0131 vard\u0131r. Amalgam (g\u00fcm\u00fc\u015f) dolgular onlarca y\u0131ld\u0131r kullan\u0131lmakta olup dayan\u0131kl\u0131 ve uygun maliyetlidir; kompozit dolgular ise do\u011fal di\u015f rengiyle uyum sa\u011flad\u0131\u011f\u0131ndan \u00f6n di\u015fler i\u00e7in pop\u00fcler bir se\u00e7imdir. Seramik ve alt\u0131n dolgular daha az kullan\u0131l\u0131r. Hangisinin sizin i\u00e7in en iyisi oldu\u011fu bireysel ko\u015fullar\u0131n\u0131za ba\u011fl\u0131d\u0131r.<\/p>\n\n<\/div>\n<\/div>\n<div id=\"faq-question-1683898525995\" class=\"rank-math-list-item\">\n<h3 class=\"rank-math-question \">Di\u015f dolgusu yapt\u0131rd\u0131ktan sonra ne zaman yemek yiyebilirim?<\/h3>\n<div class=\"rank-math-answer \">\n\n<p>Normalde di\u015f dolgusundan hemen sonra bir \u015feyler yiyip i\u00e7ebilirsiniz. Ancak, kendinizi \u0131s\u0131rmaman\u0131z i\u00e7in anestezi ge\u00e7ene kadar beklemelisiniz.<\/p>\n\n<\/div>\n<\/div>\n<div id=\"faq-question-1683898720036\" class=\"rank-math-list-item\">\n<h3 class=\"rank-math-question \">A\u011fr\u0131m yoksa dolguya ihtiyac\u0131m var m\u0131?<\/h3>\n<div class=\"rank-math-answer \">\n\n<p>Sadece a\u011fr\u0131ya neden olmayan \u00e7ok k\u00fc\u00e7\u00fck bir deli\u011finiz olmas\u0131 m\u00fcmk\u00fcnd\u00fcr. Yine de di\u015f hekiminiz dolgu yap\u0131lmas\u0131n\u0131 \u00f6nerecektir.<\/p>\n\n<\/div>\n<\/div>\n<div id=\"faq-question-1683898844556\" class=\"rank-math-list-item\">\n<h3 class=\"rank-math-question \">Di\u015f dolgular\u0131 kal\u0131c\u0131 m\u0131d\u0131r?<\/h3>\n<div class=\"rank-math-answer \">\n\n<p>Di\u015f dolgular\u0131 her zaman dayan\u0131kl\u0131 de\u011fildir ve a\u015f\u0131nma, \u00e7\u00fcr\u00fcme veya di\u011fer fakt\u00f6rler nedeniyle eninde sonunda de\u011fi\u015ftirilmeleri gerekecektir. Bununla birlikte, uygun bak\u0131mla, di\u015f dolgular\u0131 de\u011fi\u015ftirilmeleri gerekmeden \u00f6nce birka\u00e7 y\u0131l hatta onlarca y\u0131l dayanabilir.<\/p>\n\n<\/div>\n<\/div>\n<\/div>\n<\/div>\n<p>\u00a0<\/p>\n\n<h3 class=\"wp-block-heading\">Herhangi bir sorunuz olmas\u0131 durumunda hemen bizimle ileti\u015fime ge\u00e7in!<\/h3>\n","protected":false},"excerpt":{"rendered":"<p>Di\u015f dolgular\u0131, \u00e7\u00fcr\u00fck veya k\u0131r\u0131klar nedeniyle di\u015flerinizde olu\u015fan hasar\u0131 onarabilen etkili bir di\u015f tedavisidir. Bu i\u015flem, uygun bir malzeme ile [&hellip;]<\/p>\n","protected":false},"author":4,"featured_media":92512,"parent":0,"menu_order":0,"comment_status":"closed","ping_status":"closed","template":"","meta":{"site-sidebar-layout":"default","site-content-layout":"","ast-site-content-layout":"default","site-content-style":"default","site-sidebar-style":"default","ast-global-header-display":"","ast-banner-title-visibility":"","ast-main-header-display":"","ast-hfb-above-header-display":"","ast-hfb-below-header-display":"","ast-hfb-mobile-header-display":"","site-post-title":"","ast-breadcrumbs-content":"","ast-featured-img":"","footer-sml-layout":"","ast-disable-related-posts":"","theme-transparent-header-meta":"","adv-header-id-meta":"","stick-header-meta":"","header-above-stick-meta":"","header-main-stick-meta":"","header-below-stick-meta":"","astra-migrate-meta-layouts":"default","ast-page-background-enabled":"default","ast-page-background-meta":{"desktop":{"background-color":"var(--ast-global-color-4)","background-image":"","background-repeat":"repeat","background-position":"center center","background-size":"auto","background-attachment":"scroll","background-type":"","background-media":"","overlay-type":"","overlay-color":"","overlay-opacity":"","overlay-gradient":""},"tablet":{"background-color":"","background-image":"","background-repeat":"repeat","background-position":"center center","background-size":"auto","background-attachment":"scroll","background-type":"","background-media":"","overlay-type":"","overlay-color":"","overlay-opacity":"","overlay-gradient":""},"mobile":{"background-color":"","background-image":"","background-repeat":"repeat","background-position":"center center","background-size":"auto","background-attachment":"scroll","background-type":"","background-media":"","overlay-type":"","overlay-color":"","overlay-opacity":"","overlay-gradient":""}},"ast-content-background-meta":{"desktop":{"background-color":"var(--ast-global-color-5)","background-image":"","background-repeat":"repeat","background-position":"center center","background-size":"auto","background-attachment":"scroll","background-type":"","background-media":"","overlay-type":"","overlay-color":"","overlay-opacity":"","overlay-gradient":""},"tablet":{"background-color":"var(--ast-global-color-5)","background-image":"","background-repeat":"repeat","background-position":"center center","background-size":"auto","background-attachment":"scroll","background-type":"","background-media":"","overlay-type":"","overlay-color":"","overlay-opacity":"","overlay-gradient":""},"mobile":{"background-color":"var(--ast-global-color-5)","background-image":"","background-repeat":"repeat","background-position":"center center","background-size":"auto","background-attachment":"scroll","background-type":"","background-media":"","overlay-type":"","overlay-color":"","overlay-opacity":"","overlay-gradient":""}},"footnotes":""},"class_list":["post-145403","page","type-page","status-publish","has-post-thumbnail","hentry"],"_links":{"self":[{"href":"https:\/\/medclinics.com\/tr\/wp-json\/wp\/v2\/pages\/145403","targetHints":{"allow":["GET"]}}],"collection":[{"href":"https:\/\/medclinics.com\/tr\/wp-json\/wp\/v2\/pages"}],"about":[{"href":"https:\/\/medclinics.com\/tr\/wp-json\/wp\/v2\/types\/page"}],"author":[{"embeddable":true,"href":"https:\/\/medclinics.com\/tr\/wp-json\/wp\/v2\/users\/4"}],"replies":[{"embeddable":true,"href":"https:\/\/medclinics.com\/tr\/wp-json\/wp\/v2\/comments?post=145403"}],"version-history":[{"count":0,"href":"https:\/\/medclinics.com\/tr\/wp-json\/wp\/v2\/pages\/145403\/revisions"}],"wp:featuredmedia":[{"embeddable":true,"href":"https:\/\/medclinics.com\/tr\/wp-json\/wp\/v2\/media\/92512"}],"wp:attachment":[{"href":"https:\/\/medclinics.com\/tr\/wp-json\/wp\/v2\/media?parent=145403"}],"curies":[{"name":"wp","href":"https:\/\/api.w.org\/{rel}","templated":true}]}}