{"id":145379,"date":"2023-05-14T18:59:43","date_gmt":"2023-05-14T18:59:43","guid":{"rendered":"https:\/\/medclinics.com\/dis-kristalleri\/"},"modified":"2024-04-01T14:42:05","modified_gmt":"2024-04-01T11:42:05","slug":"dis-kristalleri","status":"publish","type":"page","link":"https:\/\/medclinics.com\/tr\/dis-kristalleri\/","title":{"rendered":"Di\u015f Kristalleri"},"content":{"rendered":"\n<h2 class=\"wp-block-heading\">G\u00fcl\u00fc\u015f\u00fcn\u00fcze biraz \u0131\u015f\u0131lt\u0131 ve parlakl\u0131k m\u0131 katmak istiyorsunuz? Di\u015f kristallerinden ba\u015fkas\u0131na bakmay\u0131n!<\/h2>\n\n<p>Bu k\u00fc\u00e7\u00fck, renkli s\u00fcslemeler di\u015flerin \u00fczerine yerle\u015ftirilir ve zirkonyum, porselen veya kristal cam gibi malzemelerden yap\u0131labilir.<\/p>\n\n<p>Di\u015f kristalleri, estetik bir y\u00fckseltme arayanlar i\u00e7in pop\u00fcler bir se\u00e7im haline gelmi\u015ftir. Bu tedavide, di\u015f <a href=\"https:\/\/en.wikipedia.org\/wiki\/Grill_(jewelry)\" target=\"_blank\" rel=\"noreferrer noopener\">kristalleri<\/a> di\u015flerin \u015feklini veya rengini de\u011fi\u015ftirmeden di\u015flere yap\u0131\u015ft\u0131r\u0131l\u0131r. Bu y\u00fczden genellikle tamamen kozmetik ama\u00e7larla kullan\u0131l\u0131rlar!<\/p>\n\n<p>Uygulaman\u0131n kendisi basit ve ac\u0131s\u0131zd\u0131r: Yap\u0131\u015ft\u0131r\u0131c\u0131 uygulanmadan \u00f6nce di\u015f y\u00fczeyi temizlenir ve ard\u0131ndan kristal yerine yerle\u015ftirilir. Di\u015f kristalleri genellikle birka\u00e7 ay dayan\u0131r, ancak istenirse kolayca \u00e7\u0131kar\u0131labilir.<\/p>\n\n<p>Di\u015f kristalleri tedavisine ba\u015flamadan \u00f6nce, bu prosed\u00fcr\u00fcn sizin \u00f6zel durumunuza uygun oldu\u011fundan emin olmak i\u00e7in di\u015f hekiminize dan\u0131\u015ft\u0131\u011f\u0131n\u0131zdan emin olun. Bu dekoratif par\u00e7alar do\u011frudan di\u015f y\u00fczeylerine uyguland\u0131\u011f\u0131ndan, d\u00fczenli f\u0131r\u00e7alama ve di\u015f ipi kullan\u0131m\u0131 gibi iyi bir a\u011f\u0131z hijyeninin s\u00fcrd\u00fcr\u00fclmesi \u00e7ok \u00f6nemlidir. Bu ayn\u0131 zamanda di\u015f etlerini ve di\u015f minesini de sa\u011fl\u0131kl\u0131 tutacakt\u0131r &#8211; ve her \u015fey birlikte sa\u011fl\u0131kl\u0131 g\u00f6r\u00fcnecektir!<\/p>\n\n<h3 class=\"wp-block-heading\">Fiyat, bak\u0131m sonras\u0131 ve iyile\u015fme s\u00fcreci de dahil olmak \u00fczere <a href=\"https:\/\/medclinics.com\/dental-treatment\/\" target=\"_blank\" rel=\"noreferrer noopener\">di\u015f tedavileri<\/a> hakk\u0131nda bilmeniz gereken her \u015fey veya <a href=\"#requestform\">bizimle ileti\u015fime<\/a> ge\u00e7in!<\/h3>\n\n<figure class=\"wp-block-image size-full\"><img fetchpriority=\"high\" decoding=\"async\" width=\"960\" height=\"580\" class=\"wp-image-82843\" src=\"https:\/\/medclinics.com\/wp-content\/uploads\/2023\/05\/dental-crystals.jpg\" alt=\"\" srcset=\"https:\/\/medclinics.com\/wp-content\/uploads\/2023\/05\/dental-crystals.jpg 960w, https:\/\/medclinics.com\/wp-content\/uploads\/2023\/05\/dental-crystals-500x302.jpg 500w, https:\/\/medclinics.com\/wp-content\/uploads\/2023\/05\/dental-crystals-768x464.jpg 768w, https:\/\/medclinics.com\/wp-content\/uploads\/2023\/05\/dental-crystals-24x15.jpg 24w, https:\/\/medclinics.com\/wp-content\/uploads\/2023\/05\/dental-crystals-36x22.jpg 36w, https:\/\/medclinics.com\/wp-content\/uploads\/2023\/05\/dental-crystals-48x29.jpg 48w\" sizes=\"(max-width: 960px) 100vw, 960px\" \/><\/figure>\n\n<h3 class=\"wp-block-heading\">SSS<\/h3>\n<div id=\"rank-math-faq\" class=\"rank-math-block\">\n<div class=\"rank-math-list \">\n<div id=\"faq-question-1683898477333\" class=\"rank-math-list-item\">\n<h3 class=\"rank-math-question \">Di\u015f ta\u015flar\u0131m veya di\u015f kristallerim varken di\u015flerimi f\u0131r\u00e7alayabilir miyim?<\/h3>\n<div class=\"rank-math-answer \">\n\n<p>Evet, di\u015flerinizi di\u015f ta\u015flar\u0131 veya kristallerle de f\u0131r\u00e7alayabilirsiniz, ancak bunu nazik\u00e7e yapman\u0131z \u00f6nemlidir. \u00c7ok sert f\u0131r\u00e7alarsan\u0131z veya \u00e7ok fazla bas\u0131n\u00e7 uygularsan\u0131z kristaller zarar g\u00f6rebilir. En iyisi yumu\u015fak k\u0131ll\u0131 bir di\u015f f\u0131r\u00e7as\u0131 kullanmak ve a\u015f\u0131nd\u0131r\u0131c\u0131 di\u015f macunu kullanmamakt\u0131r.<\/p>\n\n<\/div>\n<\/div>\n<div id=\"faq-question-1683898525995\" class=\"rank-math-list-item\">\n<h3 class=\"rank-math-question \">Di\u015f kristallerinin negatif etkisi nedir?<\/h3>\n<div class=\"rank-math-answer \">\n\n<p>Di\u015f kristalleri, di\u015f y\u00fczeyinde bakterilerin birikti\u011fi k\u00fc\u00e7\u00fck yar\u0131klar veya bo\u015fluklar olu\u015fturabilir. Bu nedenle a\u011f\u0131z hijyeni \u00e7ok \u00f6nemlidir. Kristaller d\u00fczg\u00fcn yerle\u015ftirilmedi\u011fi i\u00e7in gev\u015ferse, di\u015flere veya di\u015f etlerine zarar verebilirler.<\/p>\n\n<\/div>\n<\/div>\n<div id=\"faq-question-1683898720036\" class=\"rank-math-list-item\">\n<h3 class=\"rank-math-question \">Di\u015f kristalleri kal\u0131c\u0131 m\u0131d\u0131r?<\/h3>\n<div class=\"rank-math-answer \">\n\n<p>Dental ta\u015flar olarak da bilinen dental kristaller kal\u0131c\u0131 de\u011fildir ve istenirse di\u015f hekimi taraf\u0131ndan \u00e7\u0131kar\u0131labilir. Genellikle birka\u00e7 aydan bir y\u0131la kadar s\u00fcrer.  <\/p>\n\n<\/div>\n<\/div>\n<\/div>\n<\/div>\n<p>\u00a0<\/p>\n\n<h3 class=\"wp-block-heading\">Herhangi bir sorunuz olmas\u0131 durumunda hemen bizimle ileti\u015fime ge\u00e7in!<\/h3>\n","protected":false},"excerpt":{"rendered":"<p>G\u00fcl\u00fc\u015f\u00fcn\u00fcze biraz \u0131\u015f\u0131lt\u0131 ve parlakl\u0131k m\u0131 katmak istiyorsunuz? Di\u015f kristallerinden ba\u015fkas\u0131na bakmay\u0131n! Bu k\u00fc\u00e7\u00fck, renkli s\u00fcslemeler di\u015flerin \u00fczerine yerle\u015ftirilir ve [&hellip;]<\/p>\n","protected":false},"author":4,"featured_media":82843,"parent":0,"menu_order":0,"comment_status":"closed","ping_status":"closed","template":"","meta":{"site-sidebar-layout":"default","site-content-layout":"","ast-site-content-layout":"default","site-content-style":"default","site-sidebar-style":"default","ast-global-header-display":"","ast-banner-title-visibility":"","ast-main-header-display":"","ast-hfb-above-header-display":"","ast-hfb-below-header-display":"","ast-hfb-mobile-header-display":"","site-post-title":"","ast-breadcrumbs-content":"","ast-featured-img":"","footer-sml-layout":"","ast-disable-related-posts":"","theme-transparent-header-meta":"","adv-header-id-meta":"","stick-header-meta":"","header-above-stick-meta":"","header-main-stick-meta":"","header-below-stick-meta":"","astra-migrate-meta-layouts":"default","ast-page-background-enabled":"default","ast-page-background-meta":{"desktop":{"background-color":"var(--ast-global-color-4)","background-image":"","background-repeat":"repeat","background-position":"center center","background-size":"auto","background-attachment":"scroll","background-type":"","background-media":"","overlay-type":"","overlay-color":"","overlay-opacity":"","overlay-gradient":""},"tablet":{"background-color":"","background-image":"","background-repeat":"repeat","background-position":"center center","background-size":"auto","background-attachment":"scroll","background-type":"","background-media":"","overlay-type":"","overlay-color":"","overlay-opacity":"","overlay-gradient":""},"mobile":{"background-color":"","background-image":"","background-repeat":"repeat","background-position":"center center","background-size":"auto","background-attachment":"scroll","background-type":"","background-media":"","overlay-type":"","overlay-color":"","overlay-opacity":"","overlay-gradient":""}},"ast-content-background-meta":{"desktop":{"background-color":"var(--ast-global-color-5)","background-image":"","background-repeat":"repeat","background-position":"center center","background-size":"auto","background-attachment":"scroll","background-type":"","background-media":"","overlay-type":"","overlay-color":"","overlay-opacity":"","overlay-gradient":""},"tablet":{"background-color":"var(--ast-global-color-5)","background-image":"","background-repeat":"repeat","background-position":"center center","background-size":"auto","background-attachment":"scroll","background-type":"","background-media":"","overlay-type":"","overlay-color":"","overlay-opacity":"","overlay-gradient":""},"mobile":{"background-color":"var(--ast-global-color-5)","background-image":"","background-repeat":"repeat","background-position":"center center","background-size":"auto","background-attachment":"scroll","background-type":"","background-media":"","overlay-type":"","overlay-color":"","overlay-opacity":"","overlay-gradient":""}},"footnotes":""},"class_list":["post-145379","page","type-page","status-publish","has-post-thumbnail","hentry"],"_links":{"self":[{"href":"https:\/\/medclinics.com\/tr\/wp-json\/wp\/v2\/pages\/145379","targetHints":{"allow":["GET"]}}],"collection":[{"href":"https:\/\/medclinics.com\/tr\/wp-json\/wp\/v2\/pages"}],"about":[{"href":"https:\/\/medclinics.com\/tr\/wp-json\/wp\/v2\/types\/page"}],"author":[{"embeddable":true,"href":"https:\/\/medclinics.com\/tr\/wp-json\/wp\/v2\/users\/4"}],"replies":[{"embeddable":true,"href":"https:\/\/medclinics.com\/tr\/wp-json\/wp\/v2\/comments?post=145379"}],"version-history":[{"count":0,"href":"https:\/\/medclinics.com\/tr\/wp-json\/wp\/v2\/pages\/145379\/revisions"}],"wp:featuredmedia":[{"embeddable":true,"href":"https:\/\/medclinics.com\/tr\/wp-json\/wp\/v2\/media\/82843"}],"wp:attachment":[{"href":"https:\/\/medclinics.com\/tr\/wp-json\/wp\/v2\/media?parent=145379"}],"curies":[{"name":"wp","href":"https:\/\/api.w.org\/{rel}","templated":true}]}}