{"id":145375,"date":"2023-05-13T20:01:16","date_gmt":"2023-05-13T20:01:16","guid":{"rendered":"https:\/\/medclinics.com\/dis-kemik-greftleri\/"},"modified":"2024-04-01T14:42:07","modified_gmt":"2024-04-01T11:42:07","slug":"dis-kemik-greftleri","status":"publish","type":"page","link":"https:\/\/medclinics.com\/tr\/dis-kemik-greftleri\/","title":{"rendered":"Di\u015f Kemik Greftleri"},"content":{"rendered":"\n<h2 class=\"wp-block-heading\">Di\u015f kayb\u0131, periodontal hastal\u0131k, yaralanma veya di\u011fer nedenlerden dolay\u0131 \u00e7enenizde kemik kayb\u0131 m\u0131 ya\u015f\u0131yorsunuz?<\/h2>\n\n<p>E\u011fer \u00f6yleyse, di\u015f kemi\u011fi greftleri sizin i\u00e7in bir \u00e7\u00f6z\u00fcm olabilir.<\/p>\n\n<p>Di\u015f kayb\u0131, periodontal hastal\u0131k, yaralanma veya di\u011fer nedenlerden dolay\u0131 \u00e7enenizde kemik kayb\u0131 m\u0131 ya\u015f\u0131yorsunuz? E\u011fer \u00f6yleyse, di\u015f kemi\u011fi greftleri sizin i\u00e7in bir \u00e7\u00f6z\u00fcm olabilir. Bu prosed\u00fcr, \u00e7ene kemi\u011findeki kemik dokusunu yenilemek ve di\u015f implant\u0131 yerle\u015ftirmeye haz\u0131rlamak i\u00e7in \u00f6zel olarak tasarlanm\u0131\u015ft\u0131r.<\/p>\n\n<p>Ard\u0131ndan, rejenerasyona en \u00e7ok ihtiya\u00e7 duyulan yere gerekli miktarda greft malzemesi yerle\u015ftirilmeden \u00f6nce enfekte veya hasarl\u0131 dokular \u00e7\u0131kar\u0131lacakt\u0131r. \u0130yile\u015fme s\u00fcresi boyunca optimum iyile\u015fme ve koruma sa\u011flamak i\u00e7in tipik olarak bu s\u00fcreci bir membran \u00f6rt\u00fc takip eder.<\/p>\n\n<p>Eksik di\u015flerin m\u00fckemmel a\u011f\u0131z sa\u011fl\u0131\u011f\u0131na ula\u015fman\u0131z\u0131 engellemesine izin vermeyin! <a href=\"https:\/\/en.wikipedia.org\/wiki\/Bone_grafting\" target=\"_blank\" rel=\"noreferrer noopener\">Dental Kemik Greftleri<\/a>, kaybedilen kemiklerin geri kazan\u0131lmas\u0131na yard\u0131mc\u0131 olurken, onlar\u0131 gelecekte g\u00fcl\u00fcmsemelerimize bak\u0131\u015f\u0131m\u0131zla ilgili her \u015feyi sonsuza dek de\u011fi\u015ftirebilecek implantlar i\u00e7in haz\u0131rlayabilir!<\/p>\n\n<h3 class=\"wp-block-heading\">Fiyat, bak\u0131m sonras\u0131 ve iyile\u015fme s\u00fcreci de dahil olmak \u00fczere <a href=\"https:\/\/medclinics.com\/dental-treatment\/\" target=\"_blank\" rel=\"noreferrer noopener\">di\u015f tedavileri<\/a> hakk\u0131nda bilmeniz gereken her \u015fey veya <a href=\"#requestform\">bizimle ileti\u015fime<\/a> ge\u00e7in!<\/h3>\n\n<figure class=\"wp-block-image size-full\"><img fetchpriority=\"high\" decoding=\"async\" width=\"960\" height=\"580\" class=\"wp-image-82756\" src=\"https:\/\/medclinics.com\/wp-content\/uploads\/2023\/05\/dental-bone-grafts.jpg\" alt=\"\" srcset=\"https:\/\/medclinics.com\/wp-content\/uploads\/2023\/05\/dental-bone-grafts.jpg 960w, https:\/\/medclinics.com\/wp-content\/uploads\/2023\/05\/dental-bone-grafts-500x302.jpg 500w, https:\/\/medclinics.com\/wp-content\/uploads\/2023\/05\/dental-bone-grafts-768x464.jpg 768w, https:\/\/medclinics.com\/wp-content\/uploads\/2023\/05\/dental-bone-grafts-24x15.jpg 24w, https:\/\/medclinics.com\/wp-content\/uploads\/2023\/05\/dental-bone-grafts-36x22.jpg 36w, https:\/\/medclinics.com\/wp-content\/uploads\/2023\/05\/dental-bone-grafts-48x29.jpg 48w\" sizes=\"(max-width: 960px) 100vw, 960px\" \/><\/figure>\n\n<h3 class=\"wp-block-heading\">SSS<\/h3>\n<div id=\"rank-math-faq\" class=\"rank-math-block\">\n<div class=\"rank-math-list \">\n<div id=\"faq-question-1683898477333\" class=\"rank-math-list-item\">\n<h3 class=\"rank-math-question \">Di\u015f kemi\u011fi grefti buna de\u011fer mi?<\/h3>\n<div class=\"rank-math-answer \">\n\n<p>Kemik grefti, a\u011f\u0131z sa\u011fl\u0131\u011f\u0131n\u0131z\u0131 ve i\u015flevinizi geri kazand\u0131rabiliyorsa uygundur. Nihayetinde, bu bireysel ko\u015fullara ba\u011fl\u0131d\u0131r ve bir di\u015f hekimi veya a\u011f\u0131z cerrah\u0131 ile g\u00f6r\u00fc\u015f\u00fclmelidir.<\/p>\n\n<\/div>\n<\/div>\n<div id=\"faq-question-1683898525995\" class=\"rank-math-list-item\">\n<h3 class=\"rank-math-question \">Kemik grefti a\u011fr\u0131l\u0131 m\u0131d\u0131r?<\/h3>\n<div class=\"rank-math-answer \">\n\n<p>Kemik grefti, i\u015flem s\u0131ras\u0131nda ve sonras\u0131nda bir miktar rahats\u0131zl\u0131\u011fa neden olabilir. Ancak anestezi ve a\u011fr\u0131 kesiciler bunu s\u0131n\u0131rlar i\u00e7inde tutmal\u0131d\u0131r.<\/p>\n\n<\/div>\n<\/div>\n<div id=\"faq-question-1683898720036\" class=\"rank-math-list-item\">\n<h3 class=\"rank-math-question \">Kemik greftinin iyile\u015fmesi ne kadar s\u00fcrer?<\/h3>\n<div class=\"rank-math-answer \">\n\n<p>Kemik greftleri i\u00e7in iyile\u015fme s\u00fcresi, prosed\u00fcr\u00fcn t\u00fcr\u00fcne ve kapsam\u0131na ba\u011fl\u0131 olarak de\u011fi\u015febilir, ancak genellikle greftin tamamen entegre olmas\u0131 ve tamamen iyile\u015fmeniz birka\u00e7 hafta ila ay s\u00fcrebilir.<\/p>\n\n<\/div>\n<\/div>\n<\/div>\n<\/div>\n<p>\u00a0<\/p>\n\n<h3 class=\"wp-block-heading\">Herhangi bir sorunuz olmas\u0131 durumunda hemen bizimle ileti\u015fime ge\u00e7in!<\/h3>\n","protected":false},"excerpt":{"rendered":"<p>Di\u015f kayb\u0131, periodontal hastal\u0131k, yaralanma veya di\u011fer nedenlerden dolay\u0131 \u00e7enenizde kemik kayb\u0131 m\u0131 ya\u015f\u0131yorsunuz? E\u011fer \u00f6yleyse, di\u015f kemi\u011fi greftleri sizin [&hellip;]<\/p>\n","protected":false},"author":4,"featured_media":92526,"parent":0,"menu_order":0,"comment_status":"closed","ping_status":"closed","template":"","meta":{"site-sidebar-layout":"default","site-content-layout":"","ast-site-content-layout":"default","site-content-style":"default","site-sidebar-style":"default","ast-global-header-display":"","ast-banner-title-visibility":"","ast-main-header-display":"","ast-hfb-above-header-display":"","ast-hfb-below-header-display":"","ast-hfb-mobile-header-display":"","site-post-title":"","ast-breadcrumbs-content":"","ast-featured-img":"","footer-sml-layout":"","ast-disable-related-posts":"","theme-transparent-header-meta":"","adv-header-id-meta":"","stick-header-meta":"","header-above-stick-meta":"","header-main-stick-meta":"","header-below-stick-meta":"","astra-migrate-meta-layouts":"default","ast-page-background-enabled":"default","ast-page-background-meta":{"desktop":{"background-color":"var(--ast-global-color-4)","background-image":"","background-repeat":"repeat","background-position":"center center","background-size":"auto","background-attachment":"scroll","background-type":"","background-media":"","overlay-type":"","overlay-color":"","overlay-opacity":"","overlay-gradient":""},"tablet":{"background-color":"","background-image":"","background-repeat":"repeat","background-position":"center center","background-size":"auto","background-attachment":"scroll","background-type":"","background-media":"","overlay-type":"","overlay-color":"","overlay-opacity":"","overlay-gradient":""},"mobile":{"background-color":"","background-image":"","background-repeat":"repeat","background-position":"center center","background-size":"auto","background-attachment":"scroll","background-type":"","background-media":"","overlay-type":"","overlay-color":"","overlay-opacity":"","overlay-gradient":""}},"ast-content-background-meta":{"desktop":{"background-color":"var(--ast-global-color-5)","background-image":"","background-repeat":"repeat","background-position":"center center","background-size":"auto","background-attachment":"scroll","background-type":"","background-media":"","overlay-type":"","overlay-color":"","overlay-opacity":"","overlay-gradient":""},"tablet":{"background-color":"var(--ast-global-color-5)","background-image":"","background-repeat":"repeat","background-position":"center center","background-size":"auto","background-attachment":"scroll","background-type":"","background-media":"","overlay-type":"","overlay-color":"","overlay-opacity":"","overlay-gradient":""},"mobile":{"background-color":"var(--ast-global-color-5)","background-image":"","background-repeat":"repeat","background-position":"center center","background-size":"auto","background-attachment":"scroll","background-type":"","background-media":"","overlay-type":"","overlay-color":"","overlay-opacity":"","overlay-gradient":""}},"footnotes":""},"class_list":["post-145375","page","type-page","status-publish","has-post-thumbnail","hentry"],"_links":{"self":[{"href":"https:\/\/medclinics.com\/tr\/wp-json\/wp\/v2\/pages\/145375","targetHints":{"allow":["GET"]}}],"collection":[{"href":"https:\/\/medclinics.com\/tr\/wp-json\/wp\/v2\/pages"}],"about":[{"href":"https:\/\/medclinics.com\/tr\/wp-json\/wp\/v2\/types\/page"}],"author":[{"embeddable":true,"href":"https:\/\/medclinics.com\/tr\/wp-json\/wp\/v2\/users\/4"}],"replies":[{"embeddable":true,"href":"https:\/\/medclinics.com\/tr\/wp-json\/wp\/v2\/comments?post=145375"}],"version-history":[{"count":0,"href":"https:\/\/medclinics.com\/tr\/wp-json\/wp\/v2\/pages\/145375\/revisions"}],"wp:featuredmedia":[{"embeddable":true,"href":"https:\/\/medclinics.com\/tr\/wp-json\/wp\/v2\/media\/92526"}],"wp:attachment":[{"href":"https:\/\/medclinics.com\/tr\/wp-json\/wp\/v2\/media?parent=145375"}],"curies":[{"name":"wp","href":"https:\/\/api.w.org\/{rel}","templated":true}]}}