{"id":145361,"date":"2023-05-13T19:10:58","date_gmt":"2023-05-13T19:10:58","guid":{"rendered":"https:\/\/medclinics.com\/dis-eti-kanamasi\/"},"modified":"2024-04-01T14:24:28","modified_gmt":"2024-04-01T11:24:28","slug":"dis-eti-kanamasi","status":"publish","type":"page","link":"https:\/\/medclinics.com\/tr\/dis-eti-kanamasi\/","title":{"rendered":"Di\u015f eti kanamas\u0131"},"content":{"rendered":"\n<h2 class=\"wp-block-heading\">Di\u015f eti kanamas\u0131 tipik olarak di\u015f f\u0131r\u00e7alarken veya di\u015f ipi kullan\u0131rken g\u00f6r\u00fcl\u00fcr.<\/h2>\n\n<p>Di\u015f eti kanamas\u0131, di\u015f eti iltihab\u0131 veya enfeksiyonu da dahil olmak \u00fczere \u00e7e\u015fitli fakt\u00f6rlerden kaynaklanabilir. Yetersiz a\u011f\u0131z hijyeni uygulamalar\u0131, tartar birikimi, yanl\u0131\u015f f\u0131r\u00e7alama y\u00f6ntemleri ve hatta di\u015f eti hastal\u0131\u011f\u0131 bu istenmeyen belirtiye yol a\u00e7abilir.<\/p>\n\n<p>Genellikle hafif seyretmekle birlikte, kanaman\u0131n \u015fiddetlendi\u011fi ve a\u011f\u0131z yaralar\u0131na yol a\u00e7abildi\u011fi durumlar da vard\u0131r.<\/p>\n\n<p>Bu sorunu etkili bir \u015fekilde ele almak i\u00e7in, bu t\u00fcr semptomlar\u0131 olan ki\u015filer genel <a href=\"https:\/\/istanbul-tourist-information.com\/en\/category\/dental\/\" target=\"_blank\" rel=\"noreferrer noopener\">di\u015f<\/a> eti sa\u011fl\u0131klar\u0131yla ilgili olarak bir <a href=\"https:\/\/istanbul-tourist-information.com\/en\/category\/dental\/\" target=\"_blank\" rel=\"noreferrer noopener\">di\u015f hekiminden<\/a> profesyonel tavsiye almal\u0131d\u0131r. Ayr\u0131ca, d\u00fczenli olarak di\u015f f\u0131r\u00e7alama ve di\u015f ipi kullanma ile di\u011fer iyi al\u0131\u015fkanl\u0131klarla birlikte ki\u015finin g\u00fcnl\u00fck di\u015f rutinini iyile\u015ftirmek, di\u015f eti kanamas\u0131yla ilgili daha fazla sorun ya\u015fama olas\u0131l\u0131\u011f\u0131n\u0131 azaltmaya yard\u0131mc\u0131 olurken, bunun yerine sa\u011fl\u0131kl\u0131 di\u015f etlerini te\u015fvik edecektir!<\/p>\n\n<h3 class=\"wp-block-heading\">Fiyat, bak\u0131m sonras\u0131 ve iyile\u015fme s\u00fcreci de dahil olmak \u00fczere <a href=\"https:\/\/medclinics.com\/dental-treatment\/\" target=\"_blank\" rel=\"noreferrer noopener\">di\u015f tedavileri<\/a> hakk\u0131nda bilmeniz gereken her \u015fey veya <a href=\"#requestform\">bizimle ileti\u015fime<\/a> ge\u00e7in!<\/h3>\n\n<figure class=\"wp-block-image size-full\"><img fetchpriority=\"high\" decoding=\"async\" width=\"960\" height=\"580\" class=\"wp-image-82726\" src=\"https:\/\/medclinics.com\/wp-content\/uploads\/2023\/05\/bleeding-guns.jpg\" alt=\"Di&#x15F; eti kanamas&#x131;\" srcset=\"https:\/\/medclinics.com\/wp-content\/uploads\/2023\/05\/bleeding-guns.jpg 960w, https:\/\/medclinics.com\/wp-content\/uploads\/2023\/05\/bleeding-guns-500x302.jpg 500w, https:\/\/medclinics.com\/wp-content\/uploads\/2023\/05\/bleeding-guns-768x464.jpg 768w, https:\/\/medclinics.com\/wp-content\/uploads\/2023\/05\/bleeding-guns-24x15.jpg 24w, https:\/\/medclinics.com\/wp-content\/uploads\/2023\/05\/bleeding-guns-36x22.jpg 36w, https:\/\/medclinics.com\/wp-content\/uploads\/2023\/05\/bleeding-guns-48x29.jpg 48w\" sizes=\"(max-width: 960px) 100vw, 960px\" \/><\/figure>\n\n<h3 class=\"wp-block-heading\">SSS<\/h3>\n<div id=\"rank-math-faq\" class=\"rank-math-block\">\n<div class=\"rank-math-list \">\n<div id=\"faq-question-1683898477333\" class=\"rank-math-list-item\">\n<h3 class=\"rank-math-question \">C Vitamini di\u015f eti kanamas\u0131n\u0131 durdurabilir mi?<\/h3>\n<div class=\"rank-math-answer \">\n\n<p>C vitamini almak, C vitamini eksikli\u011finden kaynaklanan di\u015f eti kanamas\u0131n\u0131 durdurmaya yard\u0131mc\u0131 olabilir, ancak s\u00fcrekli veya a\u015f\u0131r\u0131 di\u015f eti kanamas\u0131 bir doktor taraf\u0131ndan de\u011ferlendirilmelidir.<\/p>\n\n<\/div>\n<\/div>\n<div id=\"faq-question-1683898525995\" class=\"rank-math-list-item\">\n<h3 class=\"rank-math-question \">Di\u015f eti kanamas\u0131 nas\u0131l tedavi edilir?<\/h3>\n<div class=\"rank-math-answer \">\n\n<p>D\u00fczenli di\u015f f\u0131r\u00e7alama, di\u015f ipi kullanma ve antiseptik gargara gibi iyi bir a\u011f\u0131z hijyeni ile tedavi edilebilir. Di\u015fler d\u00fczenli olarak bir di\u015f hekimi taraf\u0131ndan profesyonelce temizlenmelidir. Bu ki\u015fi ayr\u0131ca kanaman\u0131n nedeninin di\u015f eti hastal\u0131\u011f\u0131 olup olmad\u0131\u011f\u0131n\u0131 da ara\u015ft\u0131racakt\u0131r.<\/p>\n\n<\/div>\n<\/div>\n<div id=\"faq-question-1683898720036\" class=\"rank-math-list-item\">\n<h3 class=\"rank-math-question \">Di\u015f eti kanamas\u0131 konusunda ne zaman endi\u015felenmeliyim?<\/h3>\n<div class=\"rank-math-answer \">\n\n<p>Kanama s\u00fcrekli ise, a\u015f\u0131r\u0131 kanama varsa veya a\u011fr\u0131, \u015fi\u015fme veya a\u011f\u0131z kokusu gibi ba\u015fka semptomlar e\u015flik ediyorsa endi\u015felenmelisiniz. Bunlar di\u015f eti hastal\u0131\u011f\u0131n\u0131n belirtileri olabilir. Di\u015f hekiminiz size yard\u0131mc\u0131 olabilir.<\/p>\n\n<\/div>\n<\/div>\n<\/div>\n<\/div>\n<p>\u00a0<\/p>\n\n<h3 class=\"wp-block-heading\">Herhangi bir sorunuz olmas\u0131 durumunda hemen bizimle ileti\u015fime ge\u00e7in!<\/h3>\n","protected":false},"excerpt":{"rendered":"<p>Di\u015f eti kanamas\u0131 tipik olarak di\u015f f\u0131r\u00e7alarken veya di\u015f ipi kullan\u0131rken g\u00f6r\u00fcl\u00fcr. Di\u015f eti kanamas\u0131, di\u015f eti iltihab\u0131 veya enfeksiyonu [&hellip;]<\/p>\n","protected":false},"author":4,"featured_media":92533,"parent":0,"menu_order":0,"comment_status":"closed","ping_status":"closed","template":"","meta":{"site-sidebar-layout":"default","site-content-layout":"","ast-site-content-layout":"default","site-content-style":"default","site-sidebar-style":"default","ast-global-header-display":"","ast-banner-title-visibility":"","ast-main-header-display":"","ast-hfb-above-header-display":"","ast-hfb-below-header-display":"","ast-hfb-mobile-header-display":"","site-post-title":"","ast-breadcrumbs-content":"","ast-featured-img":"","footer-sml-layout":"","ast-disable-related-posts":"","theme-transparent-header-meta":"","adv-header-id-meta":"","stick-header-meta":"","header-above-stick-meta":"","header-main-stick-meta":"","header-below-stick-meta":"","astra-migrate-meta-layouts":"default","ast-page-background-enabled":"default","ast-page-background-meta":{"desktop":{"background-color":"var(--ast-global-color-4)","background-image":"","background-repeat":"repeat","background-position":"center center","background-size":"auto","background-attachment":"scroll","background-type":"","background-media":"","overlay-type":"","overlay-color":"","overlay-opacity":"","overlay-gradient":""},"tablet":{"background-color":"","background-image":"","background-repeat":"repeat","background-position":"center center","background-size":"auto","background-attachment":"scroll","background-type":"","background-media":"","overlay-type":"","overlay-color":"","overlay-opacity":"","overlay-gradient":""},"mobile":{"background-color":"","background-image":"","background-repeat":"repeat","background-position":"center center","background-size":"auto","background-attachment":"scroll","background-type":"","background-media":"","overlay-type":"","overlay-color":"","overlay-opacity":"","overlay-gradient":""}},"ast-content-background-meta":{"desktop":{"background-color":"var(--ast-global-color-5)","background-image":"","background-repeat":"repeat","background-position":"center center","background-size":"auto","background-attachment":"scroll","background-type":"","background-media":"","overlay-type":"","overlay-color":"","overlay-opacity":"","overlay-gradient":""},"tablet":{"background-color":"var(--ast-global-color-5)","background-image":"","background-repeat":"repeat","background-position":"center center","background-size":"auto","background-attachment":"scroll","background-type":"","background-media":"","overlay-type":"","overlay-color":"","overlay-opacity":"","overlay-gradient":""},"mobile":{"background-color":"var(--ast-global-color-5)","background-image":"","background-repeat":"repeat","background-position":"center center","background-size":"auto","background-attachment":"scroll","background-type":"","background-media":"","overlay-type":"","overlay-color":"","overlay-opacity":"","overlay-gradient":""}},"footnotes":""},"class_list":["post-145361","page","type-page","status-publish","has-post-thumbnail","hentry"],"_links":{"self":[{"href":"https:\/\/medclinics.com\/tr\/wp-json\/wp\/v2\/pages\/145361","targetHints":{"allow":["GET"]}}],"collection":[{"href":"https:\/\/medclinics.com\/tr\/wp-json\/wp\/v2\/pages"}],"about":[{"href":"https:\/\/medclinics.com\/tr\/wp-json\/wp\/v2\/types\/page"}],"author":[{"embeddable":true,"href":"https:\/\/medclinics.com\/tr\/wp-json\/wp\/v2\/users\/4"}],"replies":[{"embeddable":true,"href":"https:\/\/medclinics.com\/tr\/wp-json\/wp\/v2\/comments?post=145361"}],"version-history":[{"count":0,"href":"https:\/\/medclinics.com\/tr\/wp-json\/wp\/v2\/pages\/145361\/revisions"}],"wp:featuredmedia":[{"embeddable":true,"href":"https:\/\/medclinics.com\/tr\/wp-json\/wp\/v2\/media\/92533"}],"wp:attachment":[{"href":"https:\/\/medclinics.com\/tr\/wp-json\/wp\/v2\/media?parent=145361"}],"curies":[{"name":"wp","href":"https:\/\/api.w.org\/{rel}","templated":true}]}}