{"id":145319,"date":"2023-05-12T13:54:22","date_gmt":"2023-05-12T13:54:22","guid":{"rendered":"https:\/\/medclinics.com\/estetik-dolgu\/"},"modified":"2024-04-01T14:23:29","modified_gmt":"2024-04-01T11:23:29","slug":"estetik-dolgu","status":"publish","type":"page","link":"https:\/\/medclinics.com\/tr\/estetik-dolgu\/","title":{"rendered":"Estetik dolgu"},"content":{"rendered":"\n<h2 class=\"wp-block-heading\">Di\u015f \u00e7\u00fcr\u00fcmesi, yaralanmas\u0131 veya kayb\u0131ndan kaynaklanan k\u00f6t\u00fc g\u00f6z\u00fcken bo\u015fluklardan b\u0131kt\u0131n\u0131z m\u0131? Estetik dolgu, di\u015f sorunlar\u0131n\u0131z\u0131n \u00e7\u00f6z\u00fcm\u00fcd\u00fcr.<\/h2>\n\n<p>Bu prosed\u00fcr sadece i\u015flevi iyile\u015ftirmekle kalmaz, ayn\u0131 zamanda di\u015flerinizin g\u00f6r\u00fcn\u00fcm\u00fcn\u00fc de iyile\u015ftirir.<\/p>\n\n<p>Dolgular i\u00e7in amalgam, alt\u0131n ve g\u00fcm\u00fc\u015f gibi geleneksel malzemelerin kullan\u0131ld\u0131\u011f\u0131 g\u00fcnler geride kald\u0131. G\u00fcn\u00fcm\u00fcz teknolojisi, do\u011fal di\u015f renginizle kusursuz bir uyum sa\u011flayan kompozit re\u00e7ine, seramik ve porselen gibi bir dizi <a href=\"https:\/\/istanbul-tourist-information.com\/en\/category\/dental\/\" target=\"_blank\" rel=\"noreferrer noopener\">estetik ve do\u011fal g\u00f6r\u00fcn\u00fcml\u00fc<\/a> se\u00e7enek sunmaktad\u0131r.<\/p>\n\n<p>Estetik dolgu, di\u015f hekimleri taraf\u0131ndan lokal anestezi alt\u0131nda ger\u00e7ekle\u015ftirilir ve hasarl\u0131 k\u0131s\u0131mlar temizlendikten sonra uygun malzeme kullan\u0131larak boyutland\u0131r\u0131l\u0131r; bu i\u015flem orijinal g\u00f6r\u00fcn\u00fcm\u00fc korurken, i\u015flem sonras\u0131 herhangi bir rahats\u0131zl\u0131k duymadan etkilenen b\u00f6lgelere i\u015flevsellik kazand\u0131r\u0131r.<\/p>\n\n<p>Her seferinde en iyi sonu\u00e7lar\u0131 sa\u011flamak i\u00e7in deneyimli profesyoneller taraf\u0131ndan bireysel ihtiya\u00e7lara en uygun \u015fekilde yap\u0131lan tavsiyelere dayanan bir dizi mevcut malzeme aras\u0131ndan se\u00e7im yap\u0131n! Art\u0131k \u00e7\u00fcr\u00fcklerin m\u00fckemmel g\u00fcl\u00fcmsemeleri mahvetmesine izin vermeyin &#8211; bug\u00fcn kaydolun!<\/p>\n\n<h3 class=\"wp-block-heading\">Fiyat, bak\u0131m sonras\u0131 ve iyile\u015fme s\u00fcreci de dahil olmak \u00fczere <a href=\"https:\/\/medclinics.com\/dental-treatment\/\" target=\"_blank\" rel=\"noreferrer noopener\">di\u015f tedavileri<\/a> hakk\u0131nda bilmeniz gereken her \u015fey veya <a href=\"#requestform\">bizimle ileti\u015fime<\/a> ge\u00e7in!<\/h3>\n\n<figure class=\"wp-block-image size-full\"><img fetchpriority=\"high\" decoding=\"async\" width=\"960\" height=\"550\" class=\"wp-image-82374\" src=\"https:\/\/medclinics.com\/wp-content\/uploads\/2023\/05\/aesthetic-filling.jpg\" alt=\"Estetik Dolgu\" srcset=\"https:\/\/medclinics.com\/wp-content\/uploads\/2023\/05\/aesthetic-filling.jpg 960w, https:\/\/medclinics.com\/wp-content\/uploads\/2023\/05\/aesthetic-filling-500x286.jpg 500w, https:\/\/medclinics.com\/wp-content\/uploads\/2023\/05\/aesthetic-filling-768x440.jpg 768w, https:\/\/medclinics.com\/wp-content\/uploads\/2023\/05\/aesthetic-filling-24x14.jpg 24w, https:\/\/medclinics.com\/wp-content\/uploads\/2023\/05\/aesthetic-filling-36x21.jpg 36w, https:\/\/medclinics.com\/wp-content\/uploads\/2023\/05\/aesthetic-filling-48x28.jpg 48w\" sizes=\"(max-width: 960px) 100vw, 960px\" \/><\/figure>\n\n<h3 class=\"wp-block-heading\">SSS<\/h3>\n<div id=\"rank-math-faq\" class=\"rank-math-block\">\n<div class=\"rank-math-list \">\n<div id=\"faq-question-1683898477333\" class=\"rank-math-list-item\">\n<h3 class=\"rank-math-question \">Estetik di\u015f dolgusu sonras\u0131 ne zaman yemek yiyebilirim?<\/h3>\n<div class=\"rank-math-answer \">\n\n<p>Estetik dolgudan sonra, bir \u015fey yemeden \u00f6nce anestezinin ge\u00e7mesini beklemek en iyisidir. Bu genellikle birka\u00e7 saat s\u00fcrer.<\/p>\n\n<\/div>\n<\/div>\n<div id=\"faq-question-1683898525995\" class=\"rank-math-list-item\">\n<h3 class=\"rank-math-question \">G\u00fcn\u00fcm\u00fczde en yayg\u0131n olarak hangi estetik dolgular kullan\u0131lmaktad\u0131r: Kompozit mi seramik mi?<\/h3>\n<div class=\"rank-math-answer \">\n\n<p>Kompozit dolgular, seramik dolgulara g\u00f6re daha ucuz olduklar\u0131 ve di\u015flerin do\u011fal rengine daha iyi uyum sa\u011flayabildikleri i\u00e7in g\u00fcn\u00fcm\u00fczde seramik dolgulardan daha yayg\u0131n hale gelmektedir.<\/p>\n\n<\/div>\n<\/div>\n<div id=\"faq-question-1683898720036\" class=\"rank-math-list-item\">\n<h3 class=\"rank-math-question \">Beyaz dolgular neden daha iyidir?<\/h3>\n<div class=\"rank-math-answer \">\n\n<p>Beyaz dolgular geleneksel metal dolgulardan daha iyidir \u00e7\u00fcnk\u00fc estetik a\u00e7\u0131dan daha ho\u015fturlar, daha az di\u015f yap\u0131s\u0131n\u0131n \u00e7\u0131kar\u0131lmas\u0131n\u0131 gerektirirler ve g\u00fcvenli, toksik olmayan bir malzemeden yap\u0131l\u0131rlar.<\/p>\n\n<\/div>\n<\/div>\n<div id=\"faq-question-1683898844556\" class=\"rank-math-list-item\">\n<h3 class=\"rank-math-question \">Dolgular \u00e7\u00fcr\u00fcklere neden olabilir mi?<\/h3>\n<div class=\"rank-math-answer \">\n\n<p>Evet, b\u00f6lge temiz tutulmaz ve bakterilerden ar\u0131nd\u0131r\u0131lmazsa estetik dolgu \u00e7evresinde \u00e7\u00fcr\u00fckler olu\u015fabilir<\/p>\n\n<\/div>\n<\/div>\n<\/div>\n<\/div>\n<p>\u00a0<\/p>\n\n<h3 class=\"wp-block-heading\">Herhangi bir sorunuz olmas\u0131 durumunda hemen bizimle ileti\u015fime ge\u00e7in!<\/h3>\n","protected":false},"excerpt":{"rendered":"<p>Di\u015f \u00e7\u00fcr\u00fcmesi, yaralanmas\u0131 veya kayb\u0131ndan kaynaklanan k\u00f6t\u00fc g\u00f6z\u00fcken bo\u015fluklardan b\u0131kt\u0131n\u0131z m\u0131? Estetik dolgu, di\u015f sorunlar\u0131n\u0131z\u0131n \u00e7\u00f6z\u00fcm\u00fcd\u00fcr. Bu prosed\u00fcr sadece i\u015flevi [&hellip;]<\/p>\n","protected":false},"author":4,"featured_media":82381,"parent":0,"menu_order":0,"comment_status":"closed","ping_status":"closed","template":"","meta":{"site-sidebar-layout":"default","site-content-layout":"","ast-site-content-layout":"default","site-content-style":"default","site-sidebar-style":"default","ast-global-header-display":"","ast-banner-title-visibility":"","ast-main-header-display":"","ast-hfb-above-header-display":"","ast-hfb-below-header-display":"","ast-hfb-mobile-header-display":"","site-post-title":"","ast-breadcrumbs-content":"","ast-featured-img":"","footer-sml-layout":"","ast-disable-related-posts":"","theme-transparent-header-meta":"","adv-header-id-meta":"","stick-header-meta":"","header-above-stick-meta":"","header-main-stick-meta":"","header-below-stick-meta":"","astra-migrate-meta-layouts":"default","ast-page-background-enabled":"default","ast-page-background-meta":{"desktop":{"background-color":"var(--ast-global-color-4)","background-image":"","background-repeat":"repeat","background-position":"center center","background-size":"auto","background-attachment":"scroll","background-type":"","background-media":"","overlay-type":"","overlay-color":"","overlay-opacity":"","overlay-gradient":""},"tablet":{"background-color":"","background-image":"","background-repeat":"repeat","background-position":"center center","background-size":"auto","background-attachment":"scroll","background-type":"","background-media":"","overlay-type":"","overlay-color":"","overlay-opacity":"","overlay-gradient":""},"mobile":{"background-color":"","background-image":"","background-repeat":"repeat","background-position":"center center","background-size":"auto","background-attachment":"scroll","background-type":"","background-media":"","overlay-type":"","overlay-color":"","overlay-opacity":"","overlay-gradient":""}},"ast-content-background-meta":{"desktop":{"background-color":"var(--ast-global-color-5)","background-image":"","background-repeat":"repeat","background-position":"center center","background-size":"auto","background-attachment":"scroll","background-type":"","background-media":"","overlay-type":"","overlay-color":"","overlay-opacity":"","overlay-gradient":""},"tablet":{"background-color":"var(--ast-global-color-5)","background-image":"","background-repeat":"repeat","background-position":"center center","background-size":"auto","background-attachment":"scroll","background-type":"","background-media":"","overlay-type":"","overlay-color":"","overlay-opacity":"","overlay-gradient":""},"mobile":{"background-color":"var(--ast-global-color-5)","background-image":"","background-repeat":"repeat","background-position":"center center","background-size":"auto","background-attachment":"scroll","background-type":"","background-media":"","overlay-type":"","overlay-color":"","overlay-opacity":"","overlay-gradient":""}},"footnotes":""},"class_list":["post-145319","page","type-page","status-publish","has-post-thumbnail","hentry"],"_links":{"self":[{"href":"https:\/\/medclinics.com\/tr\/wp-json\/wp\/v2\/pages\/145319","targetHints":{"allow":["GET"]}}],"collection":[{"href":"https:\/\/medclinics.com\/tr\/wp-json\/wp\/v2\/pages"}],"about":[{"href":"https:\/\/medclinics.com\/tr\/wp-json\/wp\/v2\/types\/page"}],"author":[{"embeddable":true,"href":"https:\/\/medclinics.com\/tr\/wp-json\/wp\/v2\/users\/4"}],"replies":[{"embeddable":true,"href":"https:\/\/medclinics.com\/tr\/wp-json\/wp\/v2\/comments?post=145319"}],"version-history":[{"count":0,"href":"https:\/\/medclinics.com\/tr\/wp-json\/wp\/v2\/pages\/145319\/revisions"}],"wp:featuredmedia":[{"embeddable":true,"href":"https:\/\/medclinics.com\/tr\/wp-json\/wp\/v2\/media\/82381"}],"wp:attachment":[{"href":"https:\/\/medclinics.com\/tr\/wp-json\/wp\/v2\/media?parent=145319"}],"curies":[{"name":"wp","href":"https:\/\/api.w.org\/{rel}","templated":true}]}}