{"id":145307,"date":"2023-05-28T09:33:00","date_gmt":"2023-05-28T06:33:00","guid":{"rendered":"https:\/\/medclinics.com\/sakal-ekimi\/"},"modified":"2025-01-24T21:39:03","modified_gmt":"2025-01-24T18:39:03","slug":"sakal-ekimi","status":"publish","type":"page","link":"https:\/\/medclinics.com\/tr\/sakal-ekimi\/","title":{"rendered":"Sakal Ekimi"},"content":{"rendered":"\n<h2 class=\"wp-block-heading\">Sakal ekimi giderek daha pop\u00fcler hale geliyor ve \u0130stanbul uzun zamand\u0131r sakal ekiminin ba\u015fkenti konumunda.<\/h2>\n\n<p>Sadece sa\u00e7 de\u011fil, <a href=\"https:\/\/istanbul-tourist-information.com\/en\/medical-treatment\/beard-transplantation-turkey\/\" target=\"_blank\" rel=\"noreferrer noopener\">sakal<\/a> da nakledilebilir. Genellikle erkekler sakallar\u0131ndaki k\u0131smen kelle\u015fmi\u015f b\u00f6lgelerden muzdariptir veya sakallar\u0131n\u0131n \u00e7ok ince oldu\u011funu d\u00fc\u015f\u00fcn\u00fcrler. Bu durum kal\u0131tsal olabilece\u011fi gibi ila\u00e7 tedavileri, kaza veya travmadan da kaynaklanabilir.<\/p>\n\n<p>Sakal ekimi i\u00e7in sa\u00e7 ekimi ile ayn\u0131 teknikler kullan\u0131l\u0131r. G\u00fcn\u00fcm\u00fczde a\u011f\u0131rl\u0131kl\u0131 olarak <a href=\"https:\/\/medclinics.com\/tr\/fue-sac-ekimi\/\" data-type=\"page\" data-id=\"80085\">FUE tekni\u011fi<\/a> veya <a href=\"https:\/\/medclinics.com\/fue-sapphire-hair-transplant\/\" target=\"_blank\" rel=\"noreferrer noopener\">FUE-Safir<\/a> tekni\u011fi tercih edilmektedir.<\/p>\n\n<p>Yine sa\u00e7 k\u00f6kleri ba\u015f\u0131n arka k\u0131sm\u0131ndan al\u0131n\u0131r ve daha sonra sakal b\u00f6lgesine yerle\u015ftirilir. Bazen sakal\u0131n daha yo\u011fun \u00e7\u0131kt\u0131\u011f\u0131 alt \u00e7ene b\u00f6lgesi de don\u00f6r alan olarak kabul edilir. Sakal ekimi ba\u015flamadan \u00f6nce cerrah sakal \u00e7izgisinin tam olarak nas\u0131l olmas\u0131 gerekti\u011fini belirler.<\/p>\n\n<h3 class=\"wp-block-heading\">Fiyat, bak\u0131m sonras\u0131 ve iyile\u015fme s\u00fcreci dahil olmak \u00fczere <a href=\"https:\/\/medclinics.com\/tr\/sac-ekimi\/\" target=\"_blank\" rel=\"noreferrer noopener\">sa\u00e7 ekimi ameliyatlar\u0131<\/a> hakk\u0131nda bilmeniz gereken her \u015fey veya <a href=\"#requestform\">bizimle ileti\u015fime<\/a> ge\u00e7in!<\/h3>\n\n<figure class=\"wp-block-image size-full\"><img fetchpriority=\"high\" decoding=\"async\" width=\"960\" height=\"550\" src=\"https:\/\/medclinics.com\/wp-content\/uploads\/2023\/05\/beard-transplant-istanbul-turkey.jpg\" alt=\"\" class=\"wp-image-87619\" srcset=\"https:\/\/medclinics.com\/wp-content\/uploads\/2023\/05\/beard-transplant-istanbul-turkey.jpg 960w, https:\/\/medclinics.com\/wp-content\/uploads\/2023\/05\/beard-transplant-istanbul-turkey-500x286.jpg 500w, https:\/\/medclinics.com\/wp-content\/uploads\/2023\/05\/beard-transplant-istanbul-turkey-768x440.jpg 768w, https:\/\/medclinics.com\/wp-content\/uploads\/2023\/05\/beard-transplant-istanbul-turkey-24x14.jpg 24w, https:\/\/medclinics.com\/wp-content\/uploads\/2023\/05\/beard-transplant-istanbul-turkey-36x21.jpg 36w, https:\/\/medclinics.com\/wp-content\/uploads\/2023\/05\/beard-transplant-istanbul-turkey-48x28.jpg 48w\" sizes=\"(max-width: 960px) 100vw, 960px\" \/><\/figure>\n\n<h2 class=\"wp-block-heading\">SSS  <\/h2>\n<div id=\"rank-math-faq\" class=\"rank-math-block\">\n<div class=\"rank-math-list \">\n<div id=\"faq-question-1683391548998\" class=\"rank-math-list-item\">\n<h3 class=\"rank-math-question \">Sakal nakli i\u00e7in ka\u00e7 grefte ihtiyac\u0131m var?<\/h3>\n<div class=\"rank-math-answer \">\n\n<p>\u0130htiya\u00e7 duyulan greft say\u0131s\u0131, sakalda ne kadar kel nokta oldu\u011funa ve ne kadar\u0131n\u0131n iyile\u015ftirilmesi gerekti\u011fine ba\u011fl\u0131d\u0131r. Kural olarak, bir sa\u00e7 ekimi i\u00e7in 1.000 ila 3.000 greft hesaplan\u0131r.<\/p>\n\n<\/div>\n<\/div>\n<div id=\"faq-question-1683391585179\" class=\"rank-math-list-item\">\n<h3 class=\"rank-math-question \">Sakal ekiminden sonra t\u0131ra\u015f olunabilir mi?<\/h3>\n<div class=\"rank-math-answer \">\n\n<p>Sakal ekiminizden sonraki ilk 10-14 g\u00fcn, ekilen k\u0131llar\u0131n iyi uzamas\u0131 i\u00e7in t\u0131ra\u015f olmamal\u0131s\u0131n\u0131z. Bundan sonra t\u0131ra\u015f olurken dikkatli olmal\u0131 ve \u00e7ok fazla bask\u0131 uygulamamal\u0131s\u0131n\u0131z.<\/p>\n\n<\/div>\n<\/div>\n<div id=\"faq-question-1683391788739\" class=\"rank-math-list-item\">\n<h3 class=\"rank-math-question \">Ka\u00e7 greft nakledilebilir?<\/h3>\n<div class=\"rank-math-answer \">\n\n<p>Bir seansta normalde en fazla 5.000 greft nakledilir. Daha fazlas\u0131na ihtiya\u00e7 duyman\u0131z halinde, doktorunuz 6 ay sonra ikinci bir seans \u00f6nerecektir.<\/p>\n\n<\/div>\n<\/div>\n<div id=\"faq-question-1683392049787\" class=\"rank-math-list-item\">\n<h3 class=\"rank-math-question \">DHI ve FUE y\u00f6ntemi aras\u0131ndaki fark nedir?<\/h3>\n<div class=\"rank-math-answer \">\n\n<p>FUE y\u00f6nteminde greftler don\u00f6r b\u00f6lgeden toplan\u0131r, bir s\u0131v\u0131 i\u00e7ine konur ve t\u00fcm greftler toplan\u0131r toplanmaz nakledilir. DHI y\u00f6nteminde greftler herhangi bir s\u0131v\u0131 i\u00e7inde bekletilmeden topland\u0131klar\u0131 anda nakledilir.<\/p>\n\n<\/div>\n<\/div>\n<\/div>\n<\/div>\n<p><\/p>\n\n<h3 class=\"wp-block-heading\">Herhangi bir sorunuz olmas\u0131 durumunda hemen bizimle ileti\u015fime ge\u00e7in!<\/h3>\n","protected":false},"excerpt":{"rendered":"<p>Sakal ekimi giderek daha pop\u00fcler hale geliyor ve \u0130stanbul uzun zamand\u0131r sakal ekiminin ba\u015fkenti konumunda. Sadece sa\u00e7 de\u011fil, sakal da [&hellip;]<\/p>\n","protected":false},"author":4,"featured_media":91791,"parent":0,"menu_order":0,"comment_status":"closed","ping_status":"closed","template":"","meta":{"site-sidebar-layout":"default","site-content-layout":"","ast-site-content-layout":"default","site-content-style":"default","site-sidebar-style":"default","ast-global-header-display":"","ast-banner-title-visibility":"","ast-main-header-display":"","ast-hfb-above-header-display":"","ast-hfb-below-header-display":"","ast-hfb-mobile-header-display":"","site-post-title":"","ast-breadcrumbs-content":"","ast-featured-img":"","footer-sml-layout":"","ast-disable-related-posts":"","theme-transparent-header-meta":"","adv-header-id-meta":"","stick-header-meta":"","header-above-stick-meta":"","header-main-stick-meta":"","header-below-stick-meta":"","astra-migrate-meta-layouts":"default","ast-page-background-enabled":"default","ast-page-background-meta":{"desktop":{"background-color":"var(--ast-global-color-4)","background-image":"","background-repeat":"repeat","background-position":"center center","background-size":"auto","background-attachment":"scroll","background-type":"","background-media":"","overlay-type":"","overlay-color":"","overlay-opacity":"","overlay-gradient":""},"tablet":{"background-color":"","background-image":"","background-repeat":"repeat","background-position":"center center","background-size":"auto","background-attachment":"scroll","background-type":"","background-media":"","overlay-type":"","overlay-color":"","overlay-opacity":"","overlay-gradient":""},"mobile":{"background-color":"","background-image":"","background-repeat":"repeat","background-position":"center center","background-size":"auto","background-attachment":"scroll","background-type":"","background-media":"","overlay-type":"","overlay-color":"","overlay-opacity":"","overlay-gradient":""}},"ast-content-background-meta":{"desktop":{"background-color":"var(--ast-global-color-5)","background-image":"","background-repeat":"repeat","background-position":"center center","background-size":"auto","background-attachment":"scroll","background-type":"","background-media":"","overlay-type":"","overlay-color":"","overlay-opacity":"","overlay-gradient":""},"tablet":{"background-color":"var(--ast-global-color-5)","background-image":"","background-repeat":"repeat","background-position":"center center","background-size":"auto","background-attachment":"scroll","background-type":"","background-media":"","overlay-type":"","overlay-color":"","overlay-opacity":"","overlay-gradient":""},"mobile":{"background-color":"var(--ast-global-color-5)","background-image":"","background-repeat":"repeat","background-position":"center center","background-size":"auto","background-attachment":"scroll","background-type":"","background-media":"","overlay-type":"","overlay-color":"","overlay-opacity":"","overlay-gradient":""}},"footnotes":""},"class_list":["post-145307","page","type-page","status-publish","has-post-thumbnail","hentry"],"_links":{"self":[{"href":"https:\/\/medclinics.com\/tr\/wp-json\/wp\/v2\/pages\/145307","targetHints":{"allow":["GET"]}}],"collection":[{"href":"https:\/\/medclinics.com\/tr\/wp-json\/wp\/v2\/pages"}],"about":[{"href":"https:\/\/medclinics.com\/tr\/wp-json\/wp\/v2\/types\/page"}],"author":[{"embeddable":true,"href":"https:\/\/medclinics.com\/tr\/wp-json\/wp\/v2\/users\/4"}],"replies":[{"embeddable":true,"href":"https:\/\/medclinics.com\/tr\/wp-json\/wp\/v2\/comments?post=145307"}],"version-history":[{"count":0,"href":"https:\/\/medclinics.com\/tr\/wp-json\/wp\/v2\/pages\/145307\/revisions"}],"wp:featuredmedia":[{"embeddable":true,"href":"https:\/\/medclinics.com\/tr\/wp-json\/wp\/v2\/media\/91791"}],"wp:attachment":[{"href":"https:\/\/medclinics.com\/tr\/wp-json\/wp\/v2\/media?parent=145307"}],"curies":[{"name":"wp","href":"https:\/\/api.w.org\/{rel}","templated":true}]}}