{"id":145279,"date":"2023-05-11T13:36:15","date_gmt":"2023-05-11T10:36:15","guid":{"rendered":"https:\/\/medclinics.com\/miyopluk-uzagi-gorememe\/"},"modified":"2025-01-02T17:12:27","modified_gmt":"2025-01-02T14:12:27","slug":"miyopluk-uzagi-gorememe","status":"publish","type":"page","link":"https:\/\/medclinics.com\/tr\/miyopluk-uzagi-gorememe\/","title":{"rendered":"Miyopluk (Uza\u011f\u0131 G\u00f6rememe)"},"content":{"rendered":"\n<h2 class=\"wp-block-heading\">Miyop tedavi se\u00e7eneklerimizle bulan\u0131k g\u00f6r\u00fc\u015fe veda edin ve berrak bir d\u00fcnyaya merhaba deyin! D\u00fcnyay\u0131 yeni bir \u0131\u015f\u0131k alt\u0131nda g\u00f6rmenize yard\u0131mc\u0131 olal\u0131m.<\/h2>\n\n<p>Yak\u0131n\u0131 g\u00f6rememe olarak da bilinen miyopluk, ki\u015finin uzaktaki nesneleri ne kadar iyi g\u00f6rebildi\u011fini etkileyen yayg\u0131n bir g\u00f6z k\u0131r\u0131lma kusurudur. Miyop olan ki\u015filer uzaktaki nesneleri g\u00f6rmekte zorluk \u00e7ekerler, ancak genellikle yak\u0131ndaki nesneleri sorunsuz bir \u015fekilde g\u00f6rebilirler.<\/p>\n\n<p>Bu durum, <a href=\"https:\/\/istanbul-tourist-information.com\/en\/\" target=\"_blank\" rel=\"noreferrer noopener\">g\u00f6z<\/a> \u00e7ok uzun oldu\u011funda veya kornea (g\u00f6z\u00fcn saydam \u00f6n y\u00fczeyi) \u00e7ok dik oldu\u011funda ortaya \u00e7\u0131kar, bu da \u0131\u015f\u0131\u011f\u0131n do\u011frudan retina yerine retinan\u0131n \u00f6n\u00fcnde odaklanmas\u0131na neden olur. Bu, g\u00f6r\u00fcnt\u00fcn\u00fcn bulan\u0131k g\u00f6r\u00fcnmesine neden olur. Miyopluk, g\u00f6z\u00fcn i\u00e7indeki merce\u011fin \u00e7ok kal\u0131n olmas\u0131 durumunda da ortaya \u00e7\u0131kabilir.<\/p>\n\n<p>\u00c7ocukluk d\u00f6neminde geli\u015febilir ve genellikle g\u00f6z b\u00fcy\u00fcmeye devam ettik\u00e7e ergenlik y\u0131llar\u0131nda k\u00f6t\u00fcle\u015fir. Genetik, uzun s\u00fcreli yak\u0131n \u00e7al\u0131\u015fma ve \u00e7evresel fakt\u00f6rler gibi \u00e7e\u015fitli fakt\u00f6rlere ba\u011fl\u0131 olarak yeti\u015fkinlikte de geli\u015febilir. Tedavi edilmezse, miyop glokom, katarakt ve retina dekolman\u0131 gibi di\u011fer g\u00f6z sorunlar\u0131na yol a\u00e7abilir. Tedavi se\u00e7enekleri aras\u0131nda d\u00fczeltici g\u00f6zl\u00fckler, kontakt lensler ve refraktif cerrahi yer al\u0131r.<\/p>\n\n<h3 class=\"wp-block-heading\">Fiyatlar, ameliyat sonras\u0131 bak\u0131m ve iyile\u015fme s\u00fcreci de dahil olmak \u00fczere <a href=\"https:\/\/medclinics.com\/tr\/goz-tedavileri\/\" target=\"_blank\" rel=\"noreferrer noopener\">g\u00f6z ameliyat\u0131<\/a> hakk\u0131nda bilmeniz gereken her \u015fey veya <a href=\"#requestform\">bizimle ileti\u015fime<\/a> ge\u00e7in!<\/h3>\n\n<figure class=\"wp-block-image size-large\"><img fetchpriority=\"high\" decoding=\"async\" width=\"5662\" height=\"3775\" src=\"https:\/\/medclinics.com\/wp-content\/uploads\/2023\/05\/myopia.png\" alt=\"Miyop - Uza&#x11F;&#x131; G&#xF6;rememe &#x130;stanbul T&#xFC;rkiye\" class=\"wp-image-81767\" srcset=\"https:\/\/medclinics.com\/wp-content\/uploads\/2023\/05\/myopia.png 5662w, https:\/\/medclinics.com\/wp-content\/uploads\/2023\/05\/myopia-500x333.png 500w, https:\/\/medclinics.com\/wp-content\/uploads\/2023\/05\/myopia-1024x683.png 1024w, https:\/\/medclinics.com\/wp-content\/uploads\/2023\/05\/myopia-768x512.png 768w, https:\/\/medclinics.com\/wp-content\/uploads\/2023\/05\/myopia-1536x1024.png 1536w, https:\/\/medclinics.com\/wp-content\/uploads\/2023\/05\/myopia-2048x1365.png 2048w, https:\/\/medclinics.com\/wp-content\/uploads\/2023\/05\/myopia-24x16.png 24w, https:\/\/medclinics.com\/wp-content\/uploads\/2023\/05\/myopia-36x24.png 36w, https:\/\/medclinics.com\/wp-content\/uploads\/2023\/05\/myopia-48x32.png 48w\" sizes=\"(max-width: 5662px) 100vw, 5662px\" \/><\/figure>\n\n<h2 class=\"wp-block-heading\">SSS<\/h2>\n<div id=\"rank-math-faq\" class=\"rank-math-block\">\n<div class=\"rank-math-list \">\n<div id=\"faq-question-1682603361561\" class=\"rank-math-list-item\">\n<h3 class=\"rank-math-question \">Miyopluk nas\u0131l d\u00fczeltilebilir?<\/h3>\n<div class=\"rank-math-answer \">\n\n<p>Miyopluk veya uza\u011f\u0131 g\u00f6rememe \u00e7e\u015fitli y\u00f6ntemlerle d\u00fczeltilebilir. Bunu d\u00fczeltmenin en yayg\u0131n yolu, g\u00f6zlerin do\u011fru odaklanmas\u0131na yard\u0131mc\u0131 olmak i\u00e7in tasarlanm\u0131\u015f bir re\u00e7eteye sahip g\u00f6zl\u00fck veya kontakt lens kullanmakt\u0131r. Bir di\u011fer pop\u00fcler y\u00f6ntem ise korneay\u0131 yeniden \u015fekillendirmek ve g\u00f6r\u00fc\u015f\u00fc iyile\u015ftirmek i\u00e7in lazer kullanan LASIK gibi refraktif cerrahidir. Uyurken korneay\u0131 yeniden \u015fekillendiren \u00f6zel kontakt lenslerin tak\u0131lmas\u0131n\u0131 i\u00e7eren ortokeratoloji de ba\u015fka bir se\u00e7enektir. Di\u011fer bir yol ise cerrahi olarak g\u00f6ze yerle\u015ftirilen implante edilebilir lensler kullanmakt\u0131r. Bu d\u00fczeltici y\u00f6ntemlere ek olarak, d\u00fc\u015f\u00fck doz atropin g\u00f6z damlas\u0131 veya multifokal kontakt lens kullan\u0131m\u0131 gibi \u00e7ocuklarda miyoplu\u011fun ilerlemesini yava\u015flatmaya yard\u0131mc\u0131 olabilecek \u00e7e\u015fitli teknikler de vard\u0131r. Bireyler i\u00e7in en uygun tedavi plan\u0131n\u0131 belirlemek i\u00e7in bir g\u00f6z doktoruna dan\u0131\u015fmak \u00f6nemlidir.<\/p>\n\n<\/div>\n<\/div>\n<div id=\"faq-question-1682665852961\" class=\"rank-math-list-item\">\n<h3 class=\"rank-math-question \">Miyopluk genetik midir?<\/h3>\n<div class=\"rank-math-answer \">\n\n<p>Evet, miyopluk genetik olabilir. Ara\u015ft\u0131rmalar, ebeveynlerden birinde veya her ikisinde de varsa, \u00e7ocuklar\u0131nda da miyopluk geli\u015fme olas\u0131l\u0131\u011f\u0131n\u0131n daha y\u00fcksek oldu\u011funu g\u00f6stermi\u015ftir. Her iki ebeveynin de miyop olmas\u0131 durumunda miyopluk geli\u015fme riski daha da artar. Ancak bu hastal\u0131\u011f\u0131n geli\u015fimini etkileyen tek fakt\u00f6r genetik de\u011fildir. Uzun s\u00fcreli yak\u0131n \u00e7al\u0131\u015fma ve a\u00e7\u0131k havada zaman ge\u00e7irmeme gibi \u00e7evresel fakt\u00f6rler de rol oynamaktad\u0131r.<\/p>\n\n<\/div>\n<\/div>\n<div id=\"faq-question-1682666623404\" class=\"rank-math-list-item\">\n<h3 class=\"rank-math-question \">Miyopluk ne zaman durur?<\/h3>\n<div class=\"rank-math-answer \">\n\n<p>Miyoplu\u011fun ilerlemesi ki\u015fiden ki\u015fiye de\u011fi\u015febilir ve tipik olarak ergenli\u011fin sonlar\u0131nda veya yeti\u015fkinli\u011fin ba\u015flar\u0131nda stabilize olur. Ancak baz\u0131 durumlarda yeti\u015fkinli\u011fe kadar ilerlemeye devam edebilir. Bireylerin durumlar\u0131n\u0131n ilerlemesini izlemek i\u00e7in d\u00fczenli g\u00f6z muayenesi yapt\u0131rmalar\u0131 \u00f6nemlidir.<\/p>\n\n<\/div>\n<\/div>\n<div id=\"faq-question-1682666956133\" class=\"rank-math-list-item\">\n<h3 class=\"rank-math-question \">Miyopluk d\u00fczelebilir mi?<\/h3>\n<div class=\"rank-math-answer \">\n\n<p>Baz\u0131 durumlarda, \u00f6zellikle \u00e7ocuklarda ve gen\u00e7lerde miyopluk kendili\u011finden d\u00fczelebilir. Bu durum, g\u00f6zler bu geli\u015fim d\u00f6neminde b\u00fcy\u00fcmeye ve de\u011fi\u015fmeye devam etti\u011fi i\u00e7in meydana gelebilir. Bununla birlikte, \u00f6zellikle d\u00fczeltilmedi\u011fi durumlarda, tipik olarak zamanla k\u00f6t\u00fcle\u015fme e\u011filimindedir. Ayr\u0131ca, dejeneratif miyopi gibi baz\u0131 miyopluk t\u00fcrleri ilerleyicidir ve tedavi edilmezse ciddi g\u00f6rme kayb\u0131na yol a\u00e7abilir. Bu nedenle, bu hastal\u0131\u011f\u0131 etkili bir \u015fekilde izlemek ve y\u00f6netmek i\u00e7in d\u00fczenli g\u00f6z muayenesi yapt\u0131rmak ve bir g\u00f6z doktorunun tavsiyelerine uymak \u00e7ok \u00f6nemlidir.<\/p>\n\n<\/div>\n<\/div>\n<\/div>\n<\/div>\n<p>\u00a0<\/p>\n\n<h3 class=\"wp-block-heading\">Herhangi bir sorunuz olmas\u0131 durumunda hemen bizimle ileti\u015fime ge\u00e7in!<\/h3>\n","protected":false},"excerpt":{"rendered":"<p>Miyop tedavi se\u00e7eneklerimizle bulan\u0131k g\u00f6r\u00fc\u015fe veda edin ve berrak bir d\u00fcnyaya merhaba deyin! D\u00fcnyay\u0131 yeni bir \u0131\u015f\u0131k alt\u0131nda g\u00f6rmenize yard\u0131mc\u0131 [&hellip;]<\/p>\n","protected":false},"author":4,"featured_media":92126,"parent":0,"menu_order":0,"comment_status":"closed","ping_status":"closed","template":"","meta":{"site-sidebar-layout":"default","site-content-layout":"","ast-site-content-layout":"default","site-content-style":"default","site-sidebar-style":"default","ast-global-header-display":"","ast-banner-title-visibility":"","ast-main-header-display":"","ast-hfb-above-header-display":"","ast-hfb-below-header-display":"","ast-hfb-mobile-header-display":"","site-post-title":"","ast-breadcrumbs-content":"","ast-featured-img":"","footer-sml-layout":"","ast-disable-related-posts":"","theme-transparent-header-meta":"","adv-header-id-meta":"","stick-header-meta":"","header-above-stick-meta":"","header-main-stick-meta":"","header-below-stick-meta":"","astra-migrate-meta-layouts":"default","ast-page-background-enabled":"default","ast-page-background-meta":{"desktop":{"background-color":"var(--ast-global-color-4)","background-image":"","background-repeat":"repeat","background-position":"center center","background-size":"auto","background-attachment":"scroll","background-type":"","background-media":"","overlay-type":"","overlay-color":"","overlay-opacity":"","overlay-gradient":""},"tablet":{"background-color":"","background-image":"","background-repeat":"repeat","background-position":"center center","background-size":"auto","background-attachment":"scroll","background-type":"","background-media":"","overlay-type":"","overlay-color":"","overlay-opacity":"","overlay-gradient":""},"mobile":{"background-color":"","background-image":"","background-repeat":"repeat","background-position":"center center","background-size":"auto","background-attachment":"scroll","background-type":"","background-media":"","overlay-type":"","overlay-color":"","overlay-opacity":"","overlay-gradient":""}},"ast-content-background-meta":{"desktop":{"background-color":"var(--ast-global-color-5)","background-image":"","background-repeat":"repeat","background-position":"center center","background-size":"auto","background-attachment":"scroll","background-type":"","background-media":"","overlay-type":"","overlay-color":"","overlay-opacity":"","overlay-gradient":""},"tablet":{"background-color":"var(--ast-global-color-5)","background-image":"","background-repeat":"repeat","background-position":"center center","background-size":"auto","background-attachment":"scroll","background-type":"","background-media":"","overlay-type":"","overlay-color":"","overlay-opacity":"","overlay-gradient":""},"mobile":{"background-color":"var(--ast-global-color-5)","background-image":"","background-repeat":"repeat","background-position":"center center","background-size":"auto","background-attachment":"scroll","background-type":"","background-media":"","overlay-type":"","overlay-color":"","overlay-opacity":"","overlay-gradient":""}},"footnotes":""},"class_list":["post-145279","page","type-page","status-publish","has-post-thumbnail","hentry"],"_links":{"self":[{"href":"https:\/\/medclinics.com\/tr\/wp-json\/wp\/v2\/pages\/145279","targetHints":{"allow":["GET"]}}],"collection":[{"href":"https:\/\/medclinics.com\/tr\/wp-json\/wp\/v2\/pages"}],"about":[{"href":"https:\/\/medclinics.com\/tr\/wp-json\/wp\/v2\/types\/page"}],"author":[{"embeddable":true,"href":"https:\/\/medclinics.com\/tr\/wp-json\/wp\/v2\/users\/4"}],"replies":[{"embeddable":true,"href":"https:\/\/medclinics.com\/tr\/wp-json\/wp\/v2\/comments?post=145279"}],"version-history":[{"count":0,"href":"https:\/\/medclinics.com\/tr\/wp-json\/wp\/v2\/pages\/145279\/revisions"}],"wp:featuredmedia":[{"embeddable":true,"href":"https:\/\/medclinics.com\/tr\/wp-json\/wp\/v2\/media\/92126"}],"wp:attachment":[{"href":"https:\/\/medclinics.com\/tr\/wp-json\/wp\/v2\/media?parent=145279"}],"curies":[{"name":"wp","href":"https:\/\/api.w.org\/{rel}","templated":true}]}}