{"id":145269,"date":"2023-05-11T13:08:11","date_gmt":"2023-05-11T10:08:11","guid":{"rendered":"https:\/\/medclinics.com\/goz-tumoru\/"},"modified":"2025-01-02T14:47:35","modified_gmt":"2025-01-02T11:47:35","slug":"goz-tumoru","status":"publish","type":"page","link":"https:\/\/medclinics.com\/tr\/goz-tumoru\/","title":{"rendered":"G\u00f6z T\u00fcm\u00f6r\u00fc"},"content":{"rendered":"\n<h2 class=\"wp-block-heading\">G\u00f6z t\u00fcm\u00f6rleriyle tek ba\u015f\u0131n\u0131za y\u00fczle\u015fmeyin! Uzmanlar\u0131m\u0131z, s\u00fcre\u00e7 boyunca size rehberlik etmek ve mevcut en iyi tedavi se\u00e7eneklerini sunmak i\u00e7in buradalar.<\/h2>\n\n<p>G\u00f6z t\u00fcm\u00f6r\u00fc, g\u00f6z\u00fcn i\u00e7inde veya \u00e7evresinde anormal bir h\u00fccre b\u00fcy\u00fcmesidir. Nev\u00fcs ve hemanjiyom gibi iyi huylu t\u00fcm\u00f6rlerin yan\u0131 s\u0131ra melanom ve retinoblastom gibi k\u00f6t\u00fc huylu t\u00fcm\u00f6rler de dahil olmak \u00fczere \u00e7e\u015fitli g\u00f6z t\u00fcm\u00f6r\u00fc t\u00fcrleri vard\u0131r. G\u00f6z t\u00fcm\u00f6rleri g\u00f6z kapa\u011f\u0131, konjonktiva, kornea, iris, siliyer cisim, koroid, retina ve optik sinir dahil olmak \u00fczere g\u00f6z\u00fcn farkl\u0131 b\u00f6lgelerinde geli\u015febilir.<\/p>\n\n<p>G\u00f6z t\u00fcm\u00f6rleri, bulunduklar\u0131 yere ve boyutlar\u0131na ba\u011fl\u0131 olarak \u00e7e\u015fitli semptomlara neden olabilir. Bu semptomlar bulan\u0131k veya \u00e7arp\u0131k g\u00f6rme, u\u00e7u\u015fan noktalar, \u0131\u015f\u0131k \u00e7akmalar\u0131 ve \u00e7evresel g\u00f6r\u00fc\u015f kayb\u0131 gibi g\u00f6rme de\u011fi\u015fikliklerini i\u00e7erebilir. Di\u011fer belirtiler aras\u0131nda a\u011fr\u0131, k\u0131zar\u0131kl\u0131k, \u015fi\u015flik veya g\u00f6z veya g\u00f6z kapa\u011f\u0131nda g\u00f6r\u00fcn\u00fcr bir kitle veya yumru olabilir. Bir g\u00f6z t\u00fcm\u00f6r\u00fcnden \u015f\u00fcpheleniliyorsa, bir g\u00f6z doktoru kapsaml\u0131 bir g\u00f6z muayenesi yapar ve tan\u0131y\u0131 do\u011frulamak ve t\u00fcm\u00f6r\u00fcn boyutunu belirlemek i\u00e7in MRI veya ultrason gibi g\u00f6r\u00fcnt\u00fcleme testleri isteyebilir.<\/p>\n\n<p>G\u00f6z t\u00fcm\u00f6rlerinin tedavisi t\u00fcm\u00f6r\u00fcn t\u00fcr\u00fcne, konumuna ve b\u00fcy\u00fckl\u00fc\u011f\u00fcne ve hastan\u0131n genel sa\u011fl\u0131k durumuna ba\u011fl\u0131d\u0131r. Se\u00e7enekler aras\u0131nda t\u00fcm\u00f6r\u00fc \u00e7\u0131karmak i\u00e7in ameliyat, radyasyon tedavisi, kemoterapi veya bu tedavilerin bir kombinasyonu yer alabilir. G\u00f6rme kayb\u0131 veya v\u00fccudun di\u011fer b\u00f6lgelerine yay\u0131lma gibi komplikasyonlar\u0131 \u00f6nlemek i\u00e7in g\u00f6z t\u00fcm\u00f6rlerini erken tespit etmek ve tedavi etmek \u00f6nemlidir. D\u00fczenli g\u00f6z muayeneleri ve kendi kendine muayeneler, <a href=\"https:\/\/istanbul-tourist-information.com\/en\/\" target=\"_blank\" rel=\"noreferrer noopener\">g\u00f6zdeki<\/a> herhangi bir anormalli\u011fin tespit edilmesine yard\u0131mc\u0131 olabilir ve gerekirse bir g\u00f6z doktoru taraf\u0131ndan daha fazla de\u011ferlendirme yap\u0131lmas\u0131n\u0131 sa\u011flayabilir.<\/p>\n\n<h3 class=\"wp-block-heading\">Fiyat, ameliyat sonras\u0131 bak\u0131m ve iyile\u015fme s\u00fcreci de dahil olmak \u00fczere <a href=\"https:\/\/medclinics.com\/tr\/genel-goz-cerrahisi\/\" target=\"_blank\" rel=\"noreferrer noopener\">g\u00f6z ameliyat\u0131<\/a> hakk\u0131nda bilmeniz gereken her \u015fey veya <a href=\"#requestform\">bizimle ileti\u015fime<\/a> ge\u00e7in!<\/h3>\n\n<figure class=\"wp-block-image size-large\"><img decoding=\"async\" src=\"https:\/\/medclinics.com\/wp-content\/uploads\/2023\/05\/eye-tumor.png\" alt=\"G&#xF6;z T&#xFC;m&#xF6;r&#xFC; Tedavisi &#x130;stanbul T&#xFC;rkiye\" class=\"wp-image-81734\"\/><\/figure>\n\n<h2 class=\"wp-block-heading\">SSS<\/h2>\n<div id=\"rank-math-faq\" class=\"rank-math-block\">\n<div class=\"rank-math-list \">\n<div id=\"faq-question-1682603361561\" class=\"rank-math-list-item\">\n<h3 class=\"rank-math-question \">G\u00f6z kanseri neden olu\u015fur?<\/h3>\n<div class=\"rank-math-answer \">\n\n<p>Ok\u00fcler kanser olarak da bilinen g\u00f6z kanseri, g\u00f6zdeki h\u00fccreler anormal \u015fekilde b\u00fcy\u00fcy\u00fcp bir t\u00fcm\u00f6r olu\u015fturdu\u011funda ortaya \u00e7\u0131kar. G\u00f6z kanserinin kesin nedeni bilinmemektedir, ancak bu durumun geli\u015fme olas\u0131l\u0131\u011f\u0131n\u0131 art\u0131ran baz\u0131 risk fakt\u00f6rleri vard\u0131r. Bunlar aras\u0131nda ultraviyole (UV) \u0131\u015f\u0131\u011fa maruz kalma, zay\u0131flam\u0131\u015f bir ba\u011f\u0131\u015f\u0131kl\u0131k sistemi, ailede g\u00f6z kanseri \u00f6yk\u00fcs\u00fc ve baz\u0131 genetik durumlar say\u0131labilir. G\u00f6z kanserinin v\u00fccudun di\u011fer b\u00f6lgelerine yay\u0131lmas\u0131n\u0131 ve potansiyel olarak ya\u015fam\u0131 tehdit edici hale gelmesini \u00f6nlemek i\u00e7in erken te\u015fhis ve tedavi edilmesi \u00f6nemlidir.<\/p>\n\n<\/div>\n<\/div>\n<div id=\"faq-question-1682665852961\" class=\"rank-math-list-item\">\n<h3 class=\"rank-math-question \">G\u00f6z t\u00fcm\u00f6rleri nadir midir?<\/h3>\n<div class=\"rank-math-answer \">\n\n<p>G\u00f6z t\u00fcm\u00f6rleri di\u011fer kanser t\u00fcrlerine k\u0131yasla nispeten nadirdir. Bununla birlikte, yine de ortaya \u00e7\u0131kabilirler ve g\u00f6zlerinizde ola\u011fand\u0131\u015f\u0131 semptomlar ya\u015farsan\u0131z t\u0131bbi yard\u0131m alman\u0131z \u00f6nemlidir. G\u00f6z t\u00fcm\u00f6rlerinin g\u00f6r\u00fclme s\u0131kl\u0131\u011f\u0131, t\u00fcm\u00f6r\u00fcn t\u00fcr\u00fcne ve incelenen pop\u00fclasyona ba\u011fl\u0131 olarak de\u011fi\u015fir. Retinoblastom gibi baz\u0131 g\u00f6z t\u00fcm\u00f6rleri \u00e7ocuklarda daha s\u0131k g\u00f6r\u00fcl\u00fcrken, ok\u00fcler melanom gibi di\u011ferleri yeti\u015fkinlerde daha s\u0131k g\u00f6r\u00fcl\u00fcr. Genel olarak, g\u00f6z t\u00fcm\u00f6rleri nadir g\u00f6r\u00fclmekle birlikte, belirti ve semptomlar\u0131n fark\u0131nda olmak ve herhangi bir endi\u015feniz varsa derhal t\u0131bbi yard\u0131m almak \u00f6nemlidir.<\/p>\n\n<\/div>\n<\/div>\n<div id=\"faq-question-1682666623404\" class=\"rank-math-list-item\">\n<h3 class=\"rank-math-question \">G\u00f6z kanseri nereye yay\u0131l\u0131r?<\/h3>\n<div class=\"rank-math-answer \">\n\n<p>G\u00f6z kanseri, kanserin t\u00fcr\u00fcne ve evresine ba\u011fl\u0131 olarak v\u00fccudun farkl\u0131 b\u00f6lgelerine yay\u0131labilir. En yayg\u0131n yay\u0131lma b\u00f6lgeleri karaci\u011fer, akci\u011ferler, kemikler ve beyindir. T\u00fcm g\u00f6z kanserlerinin yay\u0131lmad\u0131\u011f\u0131n\u0131 ve baz\u0131lar\u0131n\u0131n v\u00fccudun di\u011fer b\u00f6lgelerine yay\u0131lmadan ameliyat veya radyasyon tedavisi ile tedavi edilebilece\u011fini unutmamak \u00f6nemlidir. Bu nedenle, g\u00f6z kanserinin erken te\u015fhisi ve tedavisi, daha fazla yay\u0131lmay\u0131 \u00f6nlemek ve sonu\u00e7lar\u0131 iyile\u015ftirmek i\u00e7in \u00e7ok \u00f6nemlidir.<\/p>\n\n<\/div>\n<\/div>\n<div id=\"faq-question-1682666956133\" class=\"rank-math-list-item\">\n<h3 class=\"rank-math-question \">G\u00f6z doktorlar\u0131 beyin t\u00fcm\u00f6rlerini g\u00f6rebilir mi?<\/h3>\n<div class=\"rank-math-answer \">\n\n<p>G\u00f6z doktorlar\u0131 ve optometristler gibi g\u00f6z doktorlar\u0131 bazen rutin bir g\u00f6z muayenesi s\u0131ras\u0131nda beyin t\u00fcm\u00f6r\u00fc belirtilerini tespit edebilirler. Bunun nedeni, g\u00f6rsel bilgiyi g\u00f6zden beyne ileten optik sinirin baz\u0131 beyin t\u00fcm\u00f6rlerinden etkilenebilmesidir. Baz\u0131 durumlarda, g\u00f6z doktoru optik sinirin g\u00f6r\u00fcn\u00fcm\u00fcnde beyin t\u00fcm\u00f6r\u00fcne i\u015faret edebilecek \u015fi\u015flik veya de\u011fi\u015fiklikler g\u00f6zlemleyebilir.<br \/>Ancak, g\u00f6z doktorlar\u0131 beyin t\u00fcm\u00f6rlerini kesin olarak te\u015fhis veya tedavi edemezler. Bir beyin t\u00fcm\u00f6r\u00fcnden \u015f\u00fcpheleniliyorsa, hasta daha ileri de\u011ferlendirme ve tedavi i\u00e7in tipik olarak bir n\u00f6rolo\u011fa veya beyin cerrah\u0131na y\u00f6nlendirilecektir. Baz\u0131 durumlarda, beyin t\u00fcm\u00f6r\u00fcn\u00fcn varl\u0131\u011f\u0131n\u0131 do\u011frulamak i\u00e7in g\u00f6r\u00fcnt\u00fcleme \u00e7al\u0131\u015fmalar\u0131 veya biyopsiler gibi ek testler gerekebilir.<\/p>\n\n<\/div>\n<\/div>\n<\/div>\n<\/div>\n<p>\u00a0<\/p>\n\n<h3 class=\"wp-block-heading\">Herhangi bir sorunuz olmas\u0131 durumunda hemen bizimle ileti\u015fime ge\u00e7in!<\/h3>\n","protected":false},"excerpt":{"rendered":"<p>G\u00f6z t\u00fcm\u00f6rleriyle tek ba\u015f\u0131n\u0131za y\u00fczle\u015fmeyin! Uzmanlar\u0131m\u0131z, s\u00fcre\u00e7 boyunca size rehberlik etmek ve mevcut en iyi tedavi se\u00e7eneklerini sunmak i\u00e7in buradalar. [&hellip;]<\/p>\n","protected":false},"author":4,"featured_media":160841,"parent":0,"menu_order":0,"comment_status":"closed","ping_status":"closed","template":"","meta":{"site-sidebar-layout":"default","site-content-layout":"","ast-site-content-layout":"default","site-content-style":"default","site-sidebar-style":"default","ast-global-header-display":"","ast-banner-title-visibility":"","ast-main-header-display":"","ast-hfb-above-header-display":"","ast-hfb-below-header-display":"","ast-hfb-mobile-header-display":"","site-post-title":"","ast-breadcrumbs-content":"","ast-featured-img":"","footer-sml-layout":"","ast-disable-related-posts":"","theme-transparent-header-meta":"","adv-header-id-meta":"","stick-header-meta":"","header-above-stick-meta":"","header-main-stick-meta":"","header-below-stick-meta":"","astra-migrate-meta-layouts":"default","ast-page-background-enabled":"default","ast-page-background-meta":{"desktop":{"background-color":"var(--ast-global-color-4)","background-image":"","background-repeat":"repeat","background-position":"center center","background-size":"auto","background-attachment":"scroll","background-type":"","background-media":"","overlay-type":"","overlay-color":"","overlay-opacity":"","overlay-gradient":""},"tablet":{"background-color":"","background-image":"","background-repeat":"repeat","background-position":"center center","background-size":"auto","background-attachment":"scroll","background-type":"","background-media":"","overlay-type":"","overlay-color":"","overlay-opacity":"","overlay-gradient":""},"mobile":{"background-color":"","background-image":"","background-repeat":"repeat","background-position":"center center","background-size":"auto","background-attachment":"scroll","background-type":"","background-media":"","overlay-type":"","overlay-color":"","overlay-opacity":"","overlay-gradient":""}},"ast-content-background-meta":{"desktop":{"background-color":"var(--ast-global-color-5)","background-image":"","background-repeat":"repeat","background-position":"center center","background-size":"auto","background-attachment":"scroll","background-type":"","background-media":"","overlay-type":"","overlay-color":"","overlay-opacity":"","overlay-gradient":""},"tablet":{"background-color":"var(--ast-global-color-5)","background-image":"","background-repeat":"repeat","background-position":"center center","background-size":"auto","background-attachment":"scroll","background-type":"","background-media":"","overlay-type":"","overlay-color":"","overlay-opacity":"","overlay-gradient":""},"mobile":{"background-color":"var(--ast-global-color-5)","background-image":"","background-repeat":"repeat","background-position":"center center","background-size":"auto","background-attachment":"scroll","background-type":"","background-media":"","overlay-type":"","overlay-color":"","overlay-opacity":"","overlay-gradient":""}},"footnotes":""},"class_list":["post-145269","page","type-page","status-publish","has-post-thumbnail","hentry"],"_links":{"self":[{"href":"https:\/\/medclinics.com\/tr\/wp-json\/wp\/v2\/pages\/145269","targetHints":{"allow":["GET"]}}],"collection":[{"href":"https:\/\/medclinics.com\/tr\/wp-json\/wp\/v2\/pages"}],"about":[{"href":"https:\/\/medclinics.com\/tr\/wp-json\/wp\/v2\/types\/page"}],"author":[{"embeddable":true,"href":"https:\/\/medclinics.com\/tr\/wp-json\/wp\/v2\/users\/4"}],"replies":[{"embeddable":true,"href":"https:\/\/medclinics.com\/tr\/wp-json\/wp\/v2\/comments?post=145269"}],"version-history":[{"count":0,"href":"https:\/\/medclinics.com\/tr\/wp-json\/wp\/v2\/pages\/145269\/revisions"}],"wp:featuredmedia":[{"embeddable":true,"href":"https:\/\/medclinics.com\/tr\/wp-json\/wp\/v2\/media\/160841"}],"wp:attachment":[{"href":"https:\/\/medclinics.com\/tr\/wp-json\/wp\/v2\/media?parent=145269"}],"curies":[{"name":"wp","href":"https:\/\/api.w.org\/{rel}","templated":true}]}}