{"id":145245,"date":"2023-05-11T14:12:45","date_gmt":"2023-05-11T11:12:45","guid":{"rendered":"https:\/\/medclinics.com\/hipermetropluk-yakini-gorememe\/"},"modified":"2025-01-02T16:00:53","modified_gmt":"2025-01-02T13:00:53","slug":"hipermetropluk-yakini-gorememe","status":"publish","type":"page","link":"https:\/\/medclinics.com\/tr\/hipermetropluk-yakini-gorememe\/","title":{"rendered":"Hipermetropluk (Yak\u0131n\u0131 G\u00f6rememe)"},"content":{"rendered":"\n<h2 class=\"wp-block-heading\">Yak\u0131n\u0131 bulan\u0131k g\u00f6rmekle m\u00fccadele etmekten b\u0131kt\u0131n\u0131z m\u0131? Hipermetrop d\u00fczeltme tedavilerimiz d\u00fcnyay\u0131 yepyeni bir \u015fekilde g\u00f6rmenize yard\u0131mc\u0131 olabilir.<\/h2>\n\n<p>Uzak g\u00f6r\u00fc\u015fl\u00fcl\u00fck olarak da bilinen hipermetropi, uzaktaki nesnelerin yak\u0131ndaki nesnelerden daha net g\u00f6r\u00fcld\u00fc\u011f\u00fc yayg\u0131n bir g\u00f6rme sorunudur. Bu durum, g\u00f6z k\u00fcresinin \u00e7ok k\u0131sa olmas\u0131 veya kornean\u0131n \u00e7ok d\u00fcz olmas\u0131 nedeniyle \u0131\u015f\u0131\u011f\u0131n do\u011frudan retina yerine retinan\u0131n arkas\u0131na odaklanmas\u0131ndan kaynaklan\u0131r. Hipermetropluk bulan\u0131k g\u00f6rmeye, g\u00f6z yorgunlu\u011funa, ba\u015f a\u011fr\u0131s\u0131na ve okuma veya yak\u0131n i\u015f yapma zorlu\u011funa neden olabilir.<\/p>\n\n<p>Hipermetropluk, g\u00f6rme keskinli\u011fi testi, refraksiyon testi ve yar\u0131k lamba muayenesini i\u00e7erebilen kapsaml\u0131 bir g\u00f6z muayenesi ile te\u015fhis edilebilir. Hipermetropi tedavisi tipik olarak, \u0131\u015f\u0131\u011f\u0131 retinaya yeniden odaklamaya yard\u0131mc\u0131 olan g\u00f6zl\u00fck veya kontakt lens gibi d\u00fczeltici lensleri i\u00e7erir. Baz\u0131 durumlarda, korneay\u0131 yeniden \u015fekillendirmek ve g\u00f6r\u00fc\u015f\u00fc iyile\u015ftirmek i\u00e7in refraktif cerrahi \u00f6nerilebilir.<\/p>\n\n<p>Bulan\u0131k g\u00f6rme, g\u00f6z yorgunlu\u011fu, ba\u015f a\u011fr\u0131s\u0131 ve yak\u0131ndaki nesnelere odaklanma g\u00fc\u00e7l\u00fc\u011f\u00fc gibi bir dizi belirtiye neden olabilir. Hipermetroplu\u011fu olan ki\u015filer kitap okumay\u0131, bilgisayar kullanmay\u0131 veya yak\u0131n g\u00f6r\u00fc\u015f gerektiren g\u00f6revleri yerine getirmeyi zor bulabilirler. G\u00f6zleri k\u0131smak veya s\u0131k s\u0131k ovu\u015fturmak da bu hastal\u0131\u011f\u0131n belirtisi olabilir.<\/p>\n\n<p>Hipermetropi, uygun tedavi ve bak\u0131mla etkili bir \u015fekilde y\u00f6netilebilir. D\u00fczenli <a href=\"https:\/\/istanbul-tourist-information.com\/en\/category\/eye\/\" target=\"_blank\" rel=\"noreferrer noopener\">g\u00f6z<\/a> muayeneleri, bu hastal\u0131\u011f\u0131n yan\u0131 s\u0131ra di\u011fer g\u00f6z rahats\u0131zl\u0131klar\u0131n\u0131n tespit ve tedavisi i\u00e7in de \u00f6nemlidir. Sa\u011fl\u0131kl\u0131 bir ya\u015fam tarz\u0131 ve koruyucu g\u00f6zl\u00fckler arac\u0131l\u0131\u011f\u0131yla g\u00f6z sa\u011fl\u0131\u011f\u0131n\u0131 korumak da g\u00f6rme sorunlar\u0131n\u0131 \u00f6nlemeye yard\u0131mc\u0131 olabilir.<\/p>\n\n<h3 class=\"wp-block-heading\">Fiyat, ameliyat sonras\u0131 bak\u0131m ve iyile\u015fme s\u00fcreci de dahil olmak \u00fczere <a href=\"https:\/\/medclinics.com\/tr\/genel-goz-cerrahisi\/\" target=\"_blank\" rel=\"noreferrer noopener\">g\u00f6z ameliyat\u0131<\/a> hakk\u0131nda bilmeniz gereken her \u015fey veya <a href=\"#requestform\">bizimle ileti\u015fime<\/a> ge\u00e7in!<\/h3>\n\n<figure class=\"wp-block-image size-full\"><img fetchpriority=\"high\" decoding=\"async\" width=\"780\" height=\"488\" src=\"https:\/\/medclinics.com\/wp-content\/uploads\/2024\/04\/Hypermetropia-Farsightedness-Clinics.jpg\" alt=\"Hipermetropi-&#x130;leri G&#xF6;r&#xFC;&#x15F;l&#xFC;l&#xFC;k-Klinikler\" class=\"wp-image-160818\" srcset=\"https:\/\/medclinics.com\/wp-content\/uploads\/2024\/04\/Hypermetropia-Farsightedness-Clinics.jpg 780w, https:\/\/medclinics.com\/wp-content\/uploads\/2024\/04\/Hypermetropia-Farsightedness-Clinics-300x188.jpg 300w, https:\/\/medclinics.com\/wp-content\/uploads\/2024\/04\/Hypermetropia-Farsightedness-Clinics-768x480.jpg 768w\" sizes=\"(max-width: 780px) 100vw, 780px\" \/><\/figure>\n\n<h2 class=\"wp-block-heading\">SSS<\/h2>\n<div id=\"rank-math-faq\" class=\"rank-math-block\">\n<div class=\"rank-math-list \">\n<div id=\"faq-question-1682603361561\" class=\"rank-math-list-item\">\n<h3 class=\"rank-math-question \">Hipermetropluk genetik midir?<\/h3>\n<div class=\"rank-math-answer \">\n\n<p>Evet, hipermetropluk genetik olabilir. Ebeveynlerden biri veya her ikisi de bu hastal\u0131\u011fa sahipse, \u00e7ocuklar\u0131n\u0131n da bu hastal\u0131\u011fa yakalanma ihtimali daha y\u00fcksektir. Bununla birlikte, uzun s\u00fcreli yak\u0131n \u00e7al\u0131\u015fma ve zay\u0131f ayd\u0131nlatma ko\u015fullar\u0131nda okuma gibi \u00e7evresel fakt\u00f6rler de bu hastal\u0131\u011f\u0131n geli\u015fimine katk\u0131da bulunabilir.<\/p>\n\n<\/div>\n<\/div>\n<div id=\"faq-question-1682665852961\" class=\"rank-math-list-item\">\n<h3 class=\"rank-math-question \">Hipermetropluk ne zaman durur?<\/h3>\n<div class=\"rank-math-answer \">\n\n<p>Hipermetropluk, \u0131\u015f\u0131\u011f\u0131 retinaya d\u00fczg\u00fcn bir \u015fekilde odaklamaya yard\u0131mc\u0131 olan re\u00e7eteli g\u00f6zl\u00fckler veya kontakt lenslerle d\u00fczeltilebilir. Baz\u0131 durumlarda, korneay\u0131 yeniden \u015fekillendirmek ve g\u00f6r\u00fc\u015f\u00fc iyile\u015ftirmek i\u00e7in refraktif cerrahi de yap\u0131labilir. Tipik olarak yeti\u015fkinlerde 40 ya\u015f civar\u0131nda g\u00f6z merce\u011fi sertle\u015fmeye ve esnekli\u011fini kaybetmeye ba\u015flad\u0131\u011f\u0131nda stabilize olur. Bununla birlikte, ya\u015fland\u0131k\u00e7a ba\u015fka g\u00f6z rahats\u0131zl\u0131klar\u0131 geli\u015febilece\u011finden d\u00fczenli g\u00f6z muayenelerine devam etmek \u00f6nemlidir.<\/p>\n\n<\/div>\n<\/div>\n<div id=\"faq-question-1682666623404\" class=\"rank-math-list-item\">\n<h3 class=\"rank-math-question \">Hipermetropi neden olu\u015fur?<\/h3>\n<div class=\"rank-math-answer \">\n\n<p>G\u00f6z k\u00fcresi \u00e7ok k\u0131sa oldu\u011funda veya kornea yeterince kavisli olmad\u0131\u011f\u0131nda ortaya \u00e7\u0131kar ve \u0131\u015f\u0131\u011f\u0131n do\u011frudan retina yerine retinan\u0131n arkas\u0131na odaklanmas\u0131na neden olur. Sonu\u00e7 olarak, yak\u0131ndaki nesneler bulan\u0131k g\u00f6r\u00fcn\u00fcrken uzaktaki nesneler daha net g\u00f6r\u00fclebilir. Hipermetropi, g\u00f6z merce\u011finin ya\u015fla birlikte daha az esnek hale gelerek yak\u0131ndaki nesnelere odaklanmay\u0131 zorla\u015ft\u0131rmas\u0131yla da ortaya \u00e7\u0131kabilir. Baz\u0131 durumlarda, bu fakt\u00f6rlerin bir kombinasyonundan kaynaklanabilir. Do\u011fumda mevcut olabilir veya ya\u015fam\u0131n ilerleyen d\u00f6nemlerinde geli\u015febilir. Genellikle kal\u0131tsald\u0131r, yani ailelerde g\u00f6r\u00fclebilir.<\/p>\n\n<\/div>\n<\/div>\n<div id=\"faq-question-1682666956133\" class=\"rank-math-list-item\">\n<h3 class=\"rank-math-question \">Hipermetropluk nas\u0131l d\u00fczeltilebilir?<\/h3>\n<div class=\"rank-math-answer \">\n\n<p>Hipermetropi, \u0131\u015f\u0131\u011f\u0131n g\u00f6ze giri\u015f \u015feklini de\u011fi\u015ftirerek retinaya do\u011fru \u015fekilde odaklanmas\u0131n\u0131 sa\u011flayan g\u00f6zl\u00fckler veya kontakt lenslerle d\u00fczeltilebilir. LASIK veya PRK gibi refraktif cerrahi de korneay\u0131 yeniden \u015fekillendirmek ve g\u00f6r\u00fc\u015f\u00fc iyile\u015ftirmek i\u00e7in kullan\u0131labilir. Baz\u0131 durumlarda, g\u00f6zl\u00fck veya kontakt lens ve ameliyat kombinasyonu \u00f6nerilebilir. G\u00f6rme sorunlar\u0131n\u0131 erken tespit etmek ve \u00f6nlemek i\u00e7in d\u00fczenli g\u00f6z muayenesi yapt\u0131rmak \u00f6nemlidir.<\/p>\n\n<\/div>\n<\/div>\n<div id=\"faq-question-1683813682390\" class=\"rank-math-list-item\">\n<h3 class=\"rank-math-question \">Hipermetrop belirtileri nelerdir?<\/h3>\n<div class=\"rank-math-answer \">\n\n<p>Hipermetropinin belirtileri aras\u0131nda nesnelere yak\u0131ndan bakarken bulan\u0131k g\u00f6rme, g\u00f6z yorgunlu\u011fu, ba\u015f a\u011fr\u0131s\u0131 ve okuma gibi yak\u0131n i\u015flere odaklanmada zorluk say\u0131labilir. G\u00f6zl\u00fck, kontakt lens veya refraktif cerrahi ile d\u00fczeltilebilir. G\u00f6rme sorunlar\u0131n\u0131 \u00f6nlemek i\u00e7in erken te\u015fhis ve tedavi amac\u0131yla d\u00fczenli g\u00f6z muayenesi yapt\u0131rmak \u00f6nemlidir.<\/p>\n\n<\/div>\n<\/div>\n<\/div>\n<\/div>\n<p>\u00a0<\/p>\n\n<h3 class=\"wp-block-heading\">Herhangi bir sorunuz olmas\u0131 durumunda hemen bizimle ileti\u015fime ge\u00e7in!<\/h3>\n","protected":false},"excerpt":{"rendered":"<p>Yak\u0131n\u0131 bulan\u0131k g\u00f6rmekle m\u00fccadele etmekten b\u0131kt\u0131n\u0131z m\u0131? Hipermetrop d\u00fczeltme tedavilerimiz d\u00fcnyay\u0131 yepyeni bir \u015fekilde g\u00f6rmenize yard\u0131mc\u0131 olabilir. Uzak g\u00f6r\u00fc\u015fl\u00fcl\u00fck olarak [&hellip;]<\/p>\n","protected":false},"author":4,"featured_media":160817,"parent":0,"menu_order":0,"comment_status":"closed","ping_status":"closed","template":"","meta":{"site-sidebar-layout":"default","site-content-layout":"","ast-site-content-layout":"default","site-content-style":"default","site-sidebar-style":"default","ast-global-header-display":"","ast-banner-title-visibility":"","ast-main-header-display":"","ast-hfb-above-header-display":"","ast-hfb-below-header-display":"","ast-hfb-mobile-header-display":"","site-post-title":"","ast-breadcrumbs-content":"","ast-featured-img":"","footer-sml-layout":"","ast-disable-related-posts":"","theme-transparent-header-meta":"","adv-header-id-meta":"","stick-header-meta":"","header-above-stick-meta":"","header-main-stick-meta":"","header-below-stick-meta":"","astra-migrate-meta-layouts":"default","ast-page-background-enabled":"default","ast-page-background-meta":{"desktop":{"background-color":"var(--ast-global-color-4)","background-image":"","background-repeat":"repeat","background-position":"center center","background-size":"auto","background-attachment":"scroll","background-type":"","background-media":"","overlay-type":"","overlay-color":"","overlay-opacity":"","overlay-gradient":""},"tablet":{"background-color":"","background-image":"","background-repeat":"repeat","background-position":"center center","background-size":"auto","background-attachment":"scroll","background-type":"","background-media":"","overlay-type":"","overlay-color":"","overlay-opacity":"","overlay-gradient":""},"mobile":{"background-color":"","background-image":"","background-repeat":"repeat","background-position":"center center","background-size":"auto","background-attachment":"scroll","background-type":"","background-media":"","overlay-type":"","overlay-color":"","overlay-opacity":"","overlay-gradient":""}},"ast-content-background-meta":{"desktop":{"background-color":"var(--ast-global-color-5)","background-image":"","background-repeat":"repeat","background-position":"center center","background-size":"auto","background-attachment":"scroll","background-type":"","background-media":"","overlay-type":"","overlay-color":"","overlay-opacity":"","overlay-gradient":""},"tablet":{"background-color":"var(--ast-global-color-5)","background-image":"","background-repeat":"repeat","background-position":"center center","background-size":"auto","background-attachment":"scroll","background-type":"","background-media":"","overlay-type":"","overlay-color":"","overlay-opacity":"","overlay-gradient":""},"mobile":{"background-color":"var(--ast-global-color-5)","background-image":"","background-repeat":"repeat","background-position":"center center","background-size":"auto","background-attachment":"scroll","background-type":"","background-media":"","overlay-type":"","overlay-color":"","overlay-opacity":"","overlay-gradient":""}},"footnotes":""},"class_list":["post-145245","page","type-page","status-publish","has-post-thumbnail","hentry"],"_links":{"self":[{"href":"https:\/\/medclinics.com\/tr\/wp-json\/wp\/v2\/pages\/145245","targetHints":{"allow":["GET"]}}],"collection":[{"href":"https:\/\/medclinics.com\/tr\/wp-json\/wp\/v2\/pages"}],"about":[{"href":"https:\/\/medclinics.com\/tr\/wp-json\/wp\/v2\/types\/page"}],"author":[{"embeddable":true,"href":"https:\/\/medclinics.com\/tr\/wp-json\/wp\/v2\/users\/4"}],"replies":[{"embeddable":true,"href":"https:\/\/medclinics.com\/tr\/wp-json\/wp\/v2\/comments?post=145245"}],"version-history":[{"count":0,"href":"https:\/\/medclinics.com\/tr\/wp-json\/wp\/v2\/pages\/145245\/revisions"}],"wp:featuredmedia":[{"embeddable":true,"href":"https:\/\/medclinics.com\/tr\/wp-json\/wp\/v2\/media\/160817"}],"wp:attachment":[{"href":"https:\/\/medclinics.com\/tr\/wp-json\/wp\/v2\/media?parent=145245"}],"curies":[{"name":"wp","href":"https:\/\/api.w.org\/{rel}","templated":true}]}}