{"id":145221,"date":"2023-05-11T12:44:25","date_gmt":"2023-05-11T09:44:25","guid":{"rendered":"https:\/\/medclinics.com\/noro-oftalmoloji\/"},"modified":"2025-01-02T17:12:26","modified_gmt":"2025-01-02T14:12:26","slug":"noro-oftalmoloji","status":"publish","type":"page","link":"https:\/\/medclinics.com\/tr\/noro-oftalmoloji\/","title":{"rendered":"N\u00f6ro Oftalmoloji"},"content":{"rendered":"\n<h2 class=\"wp-block-heading\">G\u00f6rme sorunlar\u0131n\u0131n ya\u015fam kalitenizi etkilemesine izin vermeyin. Karma\u015f\u0131k g\u00f6z rahats\u0131zl\u0131klar\u0131n\u0131 te\u015fhis ve tedavi etmek ve g\u00f6rme yetinizi geri kazanmak i\u00e7in n\u00f6ro oftalmoloji uzmanlar\u0131m\u0131za g\u00fcvenin.<\/h2>\n\n<p>N\u00f6ro oftalmoloji, sinir sistemiyle ilgili g\u00f6rme sorunlar\u0131na odaklanan bir oftalmoloji alt uzmanl\u0131k alan\u0131d\u0131r. Multipl skleroz, beyin t\u00fcm\u00f6rleri ve inme gibi n\u00f6rolojik durumlarla ili\u015fkili g\u00f6rme bozukluklar\u0131n\u0131n de\u011ferlendirilmesi ve y\u00f6netimini i\u00e7erir. Bu alan ayn\u0131 zamanda optik sinir, ekstraok\u00fcler kaslar ve g\u00f6z kapaklar\u0131n\u0131 etkileyen \u00e7ok \u00e7e\u015fitli g\u00f6z rahats\u0131zl\u0131klar\u0131n\u0131 da kapsamaktad\u0131r.<\/p>\n\n<p>N\u00f6ro oftalmologlar, n\u00f6roloji ve oftalmoloji alan\u0131nda ek e\u011fitim alm\u0131\u015f uzman g\u00f6z doktorlar\u0131d\u0131r. Karma\u015f\u0131k n\u00f6ro oftalmik rahats\u0131zl\u0131klar\u0131 olan hastalara kapsaml\u0131 bak\u0131m sa\u011flamak i\u00e7in n\u00f6rologlar, beyin cerrahlar\u0131 ve radyologlar gibi di\u011fer t\u0131p uzmanlar\u0131yla yak\u0131n i\u015fbirli\u011fi i\u00e7inde \u00e7al\u0131\u015f\u0131rlar.<\/p>\n\n<p>N\u00f6ro oftalmologlar\u0131n y\u00f6netti\u011fi baz\u0131 yayg\u0131n durumlar aras\u0131nda optik n\u00f6rit, papil\u00f6dem, idiyopatik intrakraniyal hipertansiyon, \u00e7ift g\u00f6rme, nistagmus ve g\u00f6z hareket bozukluklar\u0131 yer al\u0131r. N\u00f6ro oftalmik bozukluklar\u0131n de\u011ferlendirilmesinde s\u0131kl\u0131kla kullan\u0131lan tan\u0131sal testler aras\u0131nda g\u00f6rme alan\u0131 testi, optik koherens tomografi (OCT), manyetik rezonans g\u00f6r\u00fcnt\u00fcleme (MRI) ve bilgisayarl\u0131 tomografi (CT) taramalar\u0131 yer al\u0131r. Tedavi yakla\u015f\u0131mlar\u0131, durumun alt\u0131nda yatan nedene ba\u011fl\u0131 olarak de\u011fi\u015fir ve ila\u00e7lar\u0131, ameliyat\u0131 veya daha ileri de\u011ferlendirme ve y\u00f6netim i\u00e7in di\u011fer <a href=\"https:\/\/istanbul-tourist-information.com\/en\/\" target=\"_blank\" rel=\"noreferrer noopener\">t\u0131bbi<\/a> uzmanlara y\u00f6nlendirmeyi i\u00e7erebilir.<\/p>\n\n<h3 class=\"wp-block-heading\">Fiyat, ameliyat sonras\u0131 bak\u0131m ve iyile\u015fme s\u00fcreci de dahil olmak \u00fczere <a href=\"https:\/\/medclinics.com\/tr\/genel-goz-cerrahisi\/\" target=\"_blank\" rel=\"noreferrer noopener\">g\u00f6z ameliyat\u0131<\/a> hakk\u0131nda bilmeniz gereken her \u015fey veya <a href=\"#requestform\">bizimle ileti\u015fime<\/a> ge\u00e7in!<\/h3>\n\n<figure class=\"wp-block-image size-large\"><img fetchpriority=\"high\" decoding=\"async\" width=\"6268\" height=\"4179\" src=\"https:\/\/medclinics.com\/wp-content\/uploads\/2023\/05\/neuro-ophthalmology.png\" alt=\"N&#xF6;ro Oftalmoloji &#x130;stanbul T&#xFC;rkiye\" class=\"wp-image-81713\" srcset=\"https:\/\/medclinics.com\/wp-content\/uploads\/2023\/05\/neuro-ophthalmology.png 6268w, https:\/\/medclinics.com\/wp-content\/uploads\/2023\/05\/neuro-ophthalmology-500x333.png 500w, https:\/\/medclinics.com\/wp-content\/uploads\/2023\/05\/neuro-ophthalmology-1024x683.png 1024w, https:\/\/medclinics.com\/wp-content\/uploads\/2023\/05\/neuro-ophthalmology-768x512.png 768w, https:\/\/medclinics.com\/wp-content\/uploads\/2023\/05\/neuro-ophthalmology-1536x1024.png 1536w, https:\/\/medclinics.com\/wp-content\/uploads\/2023\/05\/neuro-ophthalmology-2048x1365.png 2048w, https:\/\/medclinics.com\/wp-content\/uploads\/2023\/05\/neuro-ophthalmology-24x16.png 24w, https:\/\/medclinics.com\/wp-content\/uploads\/2023\/05\/neuro-ophthalmology-36x24.png 36w, https:\/\/medclinics.com\/wp-content\/uploads\/2023\/05\/neuro-ophthalmology-48x32.png 48w\" sizes=\"(max-width: 6268px) 100vw, 6268px\" \/><\/figure>\n\n<h2 class=\"wp-block-heading\">SSS<\/h2>\n<div id=\"rank-math-faq\" class=\"rank-math-block\">\n<div class=\"rank-math-list \">\n<div id=\"faq-question-1682603361561\" class=\"rank-math-list-item\">\n<h3 class=\"rank-math-question \">N\u00f6ro oftalmoloji nedir?<\/h3>\n<div class=\"rank-math-answer \">\n\n<p>N\u00f6ro oftalmoloji, sinir sistemi, \u00f6zellikle de beyin ve optik sinirle ilgili g\u00f6rme sorunlar\u0131yla ilgilenen \u00f6zel bir t\u0131p alan\u0131d\u0131r. Optik n\u00f6rit, optik n\u00f6ropati, \u00e7ift g\u00f6rme ve g\u00f6rme alan\u0131 kusurlar\u0131 gibi g\u00f6zler ve beyin aras\u0131ndaki ba\u011flant\u0131y\u0131 etkileyen \u00e7ok \u00e7e\u015fitli durumlar\u0131n te\u015fhis ve tedavisini i\u00e7erir. N\u00f6ro-oftalmologlar, hastalar\u0131na kapsaml\u0131 bak\u0131m sa\u011flamak i\u00e7in n\u00f6rologlar, beyin cerrahlar\u0131 ve di\u011fer uzmanlarla yak\u0131n i\u015fbirli\u011fi i\u00e7inde \u00e7al\u0131\u015f\u0131rlar.<\/p>\n\n<\/div>\n<\/div>\n<div id=\"faq-question-1682665852961\" class=\"rank-math-list-item\">\n<h3 class=\"rank-math-question \">N\u00f6ro oftalmoloji belirtileri nelerdir?<\/h3>\n<div class=\"rank-math-answer \">\n\n<p>N\u00f6ro oftalmoloji semptomlar\u0131 g\u00f6rme sistemi ve beynin i\u015fleviyle ilgilidir ve \u00e7ift g\u00f6rme, g\u00f6rme kayb\u0131, g\u00f6z hareket bozukluklar\u0131, ba\u015f a\u011fr\u0131lar\u0131 ve daha fazlas\u0131n\u0131 i\u00e7erir. Bu semptomlara optik n\u00f6rit, idiyopatik intrakraniyal hipertansiyon, inme, beyin t\u00fcm\u00f6rleri ve multipl skleroz gibi \u00e7e\u015fitli durumlar neden olabilir. Bir n\u00f6ro-oftalmolog, bu durumlar\u0131 te\u015fhis etmek ve y\u00f6netmek ve hasta sonu\u00e7lar\u0131n\u0131 optimize etmek i\u00e7in di\u011fer uzmanlarla i\u015fbirli\u011fi i\u00e7inde \u00e7al\u0131\u015fmak \u00fczere e\u011fitilmi\u015ftir. Erken te\u015fhis ve tedavi, kal\u0131c\u0131 g\u00f6rme kayb\u0131n\u0131 ve n\u00f6rolojik hasar\u0131 \u00f6nlemek i\u00e7in \u00e7ok \u00f6nemlidir.<\/p>\n\n<\/div>\n<\/div>\n<div id=\"faq-question-1682666623404\" class=\"rank-math-list-item\">\n<h3 class=\"rank-math-question \">N\u00f6ro oftalmologlar neyi tedavi eder?<\/h3>\n<div class=\"rank-math-answer \">\n\n<p>N\u00f6ro-oftalmologlar, sinir sistemiyle ilgili g\u00f6rme sorunlar\u0131n\u0131 tedavi eden uzman g\u00f6z doktorlar\u0131d\u0131r. Multipl skleroz, beyin t\u00fcm\u00f6rleri ve fel\u00e7 gibi n\u00f6rolojik durumlar\u0131n neden oldu\u011fu g\u00f6rme sorunlar\u0131n\u0131 te\u015fhis eder ve y\u00f6netirler. N\u00f6ro-oftalmologlar, n\u00f6rolojik ve oftalmik bozukluklar\u0131 olan hastalara kapsaml\u0131 bak\u0131m sa\u011flamak i\u00e7in n\u00f6rologlar, beyin cerrahlar\u0131 ve di\u011fer uzmanlarla yak\u0131n i\u015fbirli\u011fi i\u00e7inde \u00e7al\u0131\u015f\u0131rlar. Ayr\u0131ca optik n\u00f6rit, idiyopatik intrakraniyal hipertansiyon ve \u00e7ift g\u00f6rme gibi durumlar\u0131 da tedavi ederler.<\/p>\n\n<\/div>\n<\/div>\n<div id=\"faq-question-1682666956133\" class=\"rank-math-list-item\">\n<h3 class=\"rank-math-question \">N\u00f6rolog ve n\u00f6ro oftalmolog aras\u0131ndaki fark nedir?<\/h3>\n<div class=\"rank-math-answer \">\n\n<p>N\u00f6rolog, beyni, omurili\u011fi ve v\u00fccuttaki sinirleri etkileyen durumlar\u0131n te\u015fhisi, tedavisi ve y\u00f6netimi konusunda uzmanla\u015fm\u0131\u015f bir t\u0131p doktorudur. Genellikle ba\u015f a\u011fr\u0131lar\u0131, n\u00f6betler, fel\u00e7ler, multipl skleroz ve Parkinson hastal\u0131\u011f\u0131 dahil ancak bunlarla s\u0131n\u0131rl\u0131 olmamak \u00fczere \u00e7ok \u00e7e\u015fitli n\u00f6rolojik durumlar\u0131 tedavi ederler. \u00d6te yandan n\u00f6ro-oftalmolog, g\u00f6rme ve g\u00f6z hareketlerinin n\u00f6rolojik y\u00f6nlerine odaklanan bir uzmand\u0131r. Optik n\u00f6rit, papil\u00f6dem, idiyopatik intrakraniyal hipertansiyon ve \u00e7ift g\u00f6rme gibi g\u00f6zleri ve beyni etkileyen \u00e7ok \u00e7e\u015fitli n\u00f6rolojik durumlar\u0131 i\u00e7erebilen g\u00f6rme yollar\u0131n\u0131 etkileyen durumlar\u0131 de\u011ferlendirir ve tedavi ederler. Hem n\u00f6rologlar hem de n\u00f6rooftalmologlar n\u00f6rolojik durumlarla ilgilenirken, odak noktalar\u0131 ve uzmanl\u0131klar\u0131 farkl\u0131d\u0131r. N\u00f6rologlar daha geni\u015f bir kapsama sahiptir ve daha geni\u015f bir n\u00f6rolojik durum yelpazesiyle ilgilenirken, n\u00f6rooftalmologlar g\u00f6rme ve g\u00f6z hareketinin n\u00f6rolojik y\u00f6nleri konusunda uzmanla\u015fm\u0131\u015ft\u0131r.<\/p>\n\n<\/div>\n<\/div>\n<\/div>\n<\/div>\n<p>\u00a0<\/p>\n\n<h3 class=\"wp-block-heading\">Herhangi bir sorunuz olmas\u0131 durumunda hemen bizimle ileti\u015fime ge\u00e7in!<\/h3>\n","protected":false},"excerpt":{"rendered":"<p>G\u00f6rme sorunlar\u0131n\u0131n ya\u015fam kalitenizi etkilemesine izin vermeyin. Karma\u015f\u0131k g\u00f6z rahats\u0131zl\u0131klar\u0131n\u0131 te\u015fhis ve tedavi etmek ve g\u00f6rme yetinizi geri kazanmak i\u00e7in [&hellip;]<\/p>\n","protected":false},"author":4,"featured_media":93095,"parent":0,"menu_order":0,"comment_status":"closed","ping_status":"closed","template":"","meta":{"site-sidebar-layout":"default","site-content-layout":"","ast-site-content-layout":"default","site-content-style":"default","site-sidebar-style":"default","ast-global-header-display":"","ast-banner-title-visibility":"","ast-main-header-display":"","ast-hfb-above-header-display":"","ast-hfb-below-header-display":"","ast-hfb-mobile-header-display":"","site-post-title":"","ast-breadcrumbs-content":"","ast-featured-img":"","footer-sml-layout":"","ast-disable-related-posts":"","theme-transparent-header-meta":"","adv-header-id-meta":"","stick-header-meta":"","header-above-stick-meta":"","header-main-stick-meta":"","header-below-stick-meta":"","astra-migrate-meta-layouts":"default","ast-page-background-enabled":"default","ast-page-background-meta":{"desktop":{"background-color":"var(--ast-global-color-4)","background-image":"","background-repeat":"repeat","background-position":"center center","background-size":"auto","background-attachment":"scroll","background-type":"","background-media":"","overlay-type":"","overlay-color":"","overlay-opacity":"","overlay-gradient":""},"tablet":{"background-color":"","background-image":"","background-repeat":"repeat","background-position":"center center","background-size":"auto","background-attachment":"scroll","background-type":"","background-media":"","overlay-type":"","overlay-color":"","overlay-opacity":"","overlay-gradient":""},"mobile":{"background-color":"","background-image":"","background-repeat":"repeat","background-position":"center center","background-size":"auto","background-attachment":"scroll","background-type":"","background-media":"","overlay-type":"","overlay-color":"","overlay-opacity":"","overlay-gradient":""}},"ast-content-background-meta":{"desktop":{"background-color":"var(--ast-global-color-5)","background-image":"","background-repeat":"repeat","background-position":"center center","background-size":"auto","background-attachment":"scroll","background-type":"","background-media":"","overlay-type":"","overlay-color":"","overlay-opacity":"","overlay-gradient":""},"tablet":{"background-color":"var(--ast-global-color-5)","background-image":"","background-repeat":"repeat","background-position":"center center","background-size":"auto","background-attachment":"scroll","background-type":"","background-media":"","overlay-type":"","overlay-color":"","overlay-opacity":"","overlay-gradient":""},"mobile":{"background-color":"var(--ast-global-color-5)","background-image":"","background-repeat":"repeat","background-position":"center center","background-size":"auto","background-attachment":"scroll","background-type":"","background-media":"","overlay-type":"","overlay-color":"","overlay-opacity":"","overlay-gradient":""}},"footnotes":""},"class_list":["post-145221","page","type-page","status-publish","has-post-thumbnail","hentry"],"_links":{"self":[{"href":"https:\/\/medclinics.com\/tr\/wp-json\/wp\/v2\/pages\/145221","targetHints":{"allow":["GET"]}}],"collection":[{"href":"https:\/\/medclinics.com\/tr\/wp-json\/wp\/v2\/pages"}],"about":[{"href":"https:\/\/medclinics.com\/tr\/wp-json\/wp\/v2\/types\/page"}],"author":[{"embeddable":true,"href":"https:\/\/medclinics.com\/tr\/wp-json\/wp\/v2\/users\/4"}],"replies":[{"embeddable":true,"href":"https:\/\/medclinics.com\/tr\/wp-json\/wp\/v2\/comments?post=145221"}],"version-history":[{"count":0,"href":"https:\/\/medclinics.com\/tr\/wp-json\/wp\/v2\/pages\/145221\/revisions"}],"wp:featuredmedia":[{"embeddable":true,"href":"https:\/\/medclinics.com\/tr\/wp-json\/wp\/v2\/media\/93095"}],"wp:attachment":[{"href":"https:\/\/medclinics.com\/tr\/wp-json\/wp\/v2\/media?parent=145221"}],"curies":[{"name":"wp","href":"https:\/\/api.w.org\/{rel}","templated":true}]}}