{"id":145215,"date":"2023-05-11T12:14:37","date_gmt":"2023-05-11T09:14:37","guid":{"rendered":"https:\/\/medclinics.com\/pediatrik-goz-sagligi\/"},"modified":"2025-01-02T17:24:28","modified_gmt":"2025-01-02T14:24:28","slug":"pediatrik-goz-sagligi","status":"publish","type":"page","link":"https:\/\/medclinics.com\/tr\/pediatrik-goz-sagligi\/","title":{"rendered":"Pediatrik G\u00f6z Sa\u011fl\u0131\u011f\u0131"},"content":{"rendered":"\n<h2 class=\"wp-block-heading\">Sa\u011fl\u0131kl\u0131 g\u00f6zler, mutlu \u00e7ocuklar! Daha parlak bir gelecek i\u00e7in onlar\u0131n g\u00f6r\u00fc\u015f\u00fcn\u00fc koruyal\u0131m.<\/h2>\n\n<p>Pediatrik g\u00f6z sa\u011fl\u0131\u011f\u0131, g\u00f6r\u00fc\u015flerinin d\u00fczg\u00fcn bir \u015fekilde geli\u015fmesini sa\u011flamay\u0131 ve ortaya \u00e7\u0131kabilecek potansiyel sorunlar\u0131 ele almay\u0131 i\u00e7erir. Pediatrik g\u00f6z sa\u011fl\u0131\u011f\u0131 prosed\u00fcrleri, \u00f6zellikle bebeklik ve erken \u00e7ocukluk gibi kritik geli\u015fim d\u00f6nemlerinde, herhangi bir g\u00f6rme probleminin erken yakalanmas\u0131n\u0131 sa\u011flamak i\u00e7in d\u00fczenli g\u00f6z muayenelerini i\u00e7erir. \u00c7ocuklar\u0131 etkileyebilecek baz\u0131 yayg\u0131n <a href=\"https:\/\/istanbul-tourist-information.com\/en\/\" target=\"_blank\" rel=\"noreferrer noopener\" data-type=\"URL\" data-id=\"https:\/\/istanbul-tourist-information.com\/en\/\">g\u00f6z<\/a> rahats\u0131zl\u0131klar\u0131 aras\u0131nda ambliyopi (g\u00f6z tembelli\u011fi), \u015fa\u015f\u0131l\u0131k (\u00e7apraz veya yanl\u0131\u015f hizalanm\u0131\u015f g\u00f6zler) ve miyopi veya hipermetropi gibi k\u0131r\u0131lma kusurlar\u0131 bulunur.<\/p>\n\n<p>Do\u011fru pediatrik g\u00f6z sa\u011fl\u0131\u011f\u0131, g\u00f6z yaralanmalar\u0131n\u0131 \u00f6nlemek i\u00e7in ad\u0131mlar atmay\u0131 da i\u00e7erir. Bu, spor veya in\u015faat i\u015fleri gibi faaliyetler s\u0131ras\u0131nda koruyucu g\u00f6zl\u00fck takmay\u0131 ve \u00e7ocuklara g\u00f6z hasar\u0131na neden olabilecek belirli nesnelerin veya faaliyetlerin tehlikelerini \u00f6\u011fretmeyi i\u00e7erir. Ayr\u0131ca, do\u011fru beslenme ve d\u00fczenli egzersiz gibi sa\u011fl\u0131kl\u0131 al\u0131\u015fkanl\u0131klar\u0131n te\u015fvik edilmesi de genel g\u00f6z sa\u011fl\u0131\u011f\u0131n\u0131 destekleyebilir.<\/p>\n\n<p>Ebeveynler de gerekti\u011finde uygun g\u00f6rme bak\u0131m\u0131 ve tedavisine eri\u015fimlerini sa\u011flayarak \u00e7ocuklar\u0131 i\u00e7in iyi bir g\u00f6z sa\u011fl\u0131\u011f\u0131n\u0131n te\u015fvik edilmesinde rol oynayabilirler. Bu, bir optometrist veya oftalmolog ile d\u00fczenli g\u00f6z muayeneleri planlamay\u0131, olas\u0131 g\u00f6rme sorunlar\u0131n\u0131 m\u00fcmk\u00fcn oldu\u011funca erken ele almay\u0131 ve gerekti\u011finde d\u00fczeltici lensler veya di\u011fer tedavileri sa\u011flamay\u0131 i\u00e7erebilir. Ebeveynler, \u00e7ocuklar\u0131n\u0131n g\u00f6z sa\u011fl\u0131\u011f\u0131na \u00f6ncelik vererek, onlar\u0131n genel sa\u011fl\u0131klar\u0131n\u0131 destekleyen g\u00fc\u00e7l\u00fc ve sa\u011fl\u0131kl\u0131 bir g\u00f6r\u00fc\u015fe sahip olarak b\u00fcy\u00fcmelerine yard\u0131mc\u0131 olabilirler.<\/p>\n\n<h3 class=\"wp-block-heading\">Kontrollerden g\u00f6zlerinizi g\u00fcvende tutmaya kadar <a href=\"https:\/\/medclinics.com\/tr\/genel-goz-cerrahisi\/\" target=\"_blank\" rel=\"noreferrer noopener\">g\u00f6z ameliyatlar\u0131<\/a> hakk\u0131nda bilmeniz gereken her \u015feyi \u00f6\u011frenin veya uzman tavsiyesi i\u00e7in <a href=\"https:\/\/medclinics.com\/wp-admin\/post.php?post=81673&amp;action=edit#requestform\">bizimle ileti\u015fime<\/a> ge\u00e7in.<\/h3>\n\n<figure class=\"wp-block-image size-large\"><img decoding=\"async\" src=\"https:\/\/medclinics.com\/wp-content\/uploads\/2023\/05\/pediatric-eye-health.png\" alt=\"Pediatrik G&#xF6;z Sa&#x11F;l&#x131;&#x11F;&#x131; &#x130;stanbul T&#xFC;rkiye\" class=\"wp-image-81698\"\/><\/figure>\n\n<h3 class=\"wp-block-heading\">SSS<\/h3>\n<div id=\"rank-math-faq\" class=\"rank-math-block\">\n<div class=\"rank-math-list \">\n<div id=\"faq-question-1682600986649\" class=\"rank-math-list-item\">\n<h3 class=\"rank-math-question \">\u00c7ocu\u011fumun g\u00f6rme yetene\u011fi iyile\u015fecek mi?<\/h3>\n<div class=\"rank-math-answer \">\n\n<p>Bir \u00e7ocu\u011fun g\u00f6rme yetisinin iyile\u015fmesi m\u00fcmk\u00fcnd\u00fcr, ancak bu g\u00f6rme sorununa neden olan spesifik soruna ba\u011fl\u0131d\u0131r. Baz\u0131 durumlarda, d\u00fczeltici g\u00f6zl\u00fck takmak veya g\u00f6rme terapisi almak g\u00f6rme yetisini iyile\u015ftirmeye yard\u0131mc\u0131 olabilir. Bununla birlikte, \u00e7ocu\u011funuzun bireysel ihtiya\u00e7lar\u0131na y\u00f6nelik en iyi hareket tarz\u0131n\u0131 belirlemek i\u00e7in bir \u00e7ocuk g\u00f6z sa\u011fl\u0131\u011f\u0131 doktoruna dan\u0131\u015fman\u0131z \u00f6nemlidir.<\/p>\n\n<\/div>\n<\/div>\n<div id=\"faq-question-1682601014853\" class=\"rank-math-list-item\">\n<h3 class=\"rank-math-question \">\u00c7ocuk ne zaman g\u00f6z testi yapt\u0131rmal\u0131d\u0131r?<\/h3>\n<div class=\"rank-math-answer \">\n\n<p>\u00c7ocuklar ilk kapsaml\u0131 g\u00f6z muayenelerini yakla\u015f\u0131k alt\u0131 ayl\u0131kken yapt\u0131rmal\u0131d\u0131r. Bundan sonra, bir g\u00f6z doktoru taraf\u0131ndan aksi tavsiye edilmedik\u00e7e, \u00fc\u00e7 ya\u015f\u0131nda, okula ba\u015flamadan \u00f6nce ve daha sonra en az iki y\u0131lda bir ek g\u00f6z muayenesi yapt\u0131rmal\u0131d\u0131rlar. Bununla birlikte, bir \u00e7ocu\u011fun ailesinde g\u00f6z sorunlar\u0131 varsa veya g\u00f6rme veya g\u00f6z sa\u011fl\u0131\u011f\u0131 ile ilgili herhangi bir endi\u015fe varsa, bir g\u00f6z muayenesi daha da erken planlanmal\u0131d\u0131r.  <\/p>\n\n<\/div>\n<\/div>\n<div id=\"faq-question-1682601039488\" class=\"rank-math-list-item\">\n<h3 class=\"rank-math-question \">\u00c7ocuklar\u0131n g\u00f6zleri nas\u0131l test edilir?<\/h3>\n<div class=\"rank-math-answer \">\n\n<p>\u00c7ocuklar\u0131n g\u00f6zleri, bir g\u00f6z doktoru veya optometrist taraf\u0131ndan yap\u0131lan kapsaml\u0131 bir g\u00f6z muayenesi ile test edilir. Muayene tipik olarak bir g\u00f6z tablosundaki harfleri okumay\u0131 i\u00e7eren bir g\u00f6rme keskinli\u011fi testi; g\u00f6zlerin birlikte ne kadar iyi \u00e7al\u0131\u015ft\u0131\u011f\u0131n\u0131 de\u011ferlendiren bir binok\u00fcler g\u00f6rme testi; \u00e7ocu\u011fun g\u00f6zl\u00fck veya kontakt lense ihtiyac\u0131 olup olmad\u0131\u011f\u0131n\u0131 belirleyen bir refraksiyon testi ve g\u00f6z doktorunun g\u00f6z\u00fcn i\u00e7ini incelemesine olanak tan\u0131yan dilate bir g\u00f6z muayenesi i\u00e7erir. Muayene, \u00e7ocu\u011fun ya\u015f\u0131na ve \u00f6zel endi\u015felerine ba\u011fl\u0131 olarak gerekti\u011finde ek testler de i\u00e7erebilir. Muayenenin amac\u0131, tedavi edilmesi veya izlenmesi gerekebilecek g\u00f6rme sorunlar\u0131n\u0131 veya g\u00f6z rahats\u0131zl\u0131klar\u0131n\u0131 tespit etmektir.<\/p>\n\n<\/div>\n<\/div>\n<div id=\"faq-question-1682601070178\" class=\"rank-math-list-item\">\n<h3 class=\"rank-math-question \">Sa\u011fl\u0131ks\u0131z g\u00f6zlerin belirtileri nelerdir?<\/h3>\n<div class=\"rank-math-answer \">\n\n<p>\u00c7ocuklar g\u00f6rme sorunlar\u0131n\u0131 her zaman dile getiremeyebilirler, bu nedenle ebeveynlerin sa\u011fl\u0131ks\u0131z g\u00f6z belirtilerinin fark\u0131nda olmalar\u0131 \u00f6nemlidir. Yayg\u0131n bir i\u015faret, \u00e7ocu\u011fun s\u0131k s\u0131k g\u00f6zlerini ovu\u015fturmas\u0131 veya ka\u015f\u0131nt\u0131 ya da yanmadan \u015fikayet etmesidir. Daha iyi g\u00f6rmek i\u00e7in g\u00f6zleri k\u0131smak veya bir g\u00f6z\u00fc kapatmak da g\u00f6rme sorunlar\u0131n\u0131n i\u015fareti olabilir. Bir ba\u015fka g\u00f6sterge de \u00e7ocu\u011fun televizyona \u00e7ok yak\u0131n oturmas\u0131 veya kitaplar\u0131 y\u00fcz\u00fcne \u00e7ok yak\u0131n tutmas\u0131d\u0131r. Ayr\u0131ca, bir \u00e7ocuk s\u0131k s\u0131k ba\u015f a\u011fr\u0131s\u0131 veya g\u00f6z yorgunlu\u011fu ya\u015f\u0131yorsa, bunun nedeni altta yatan bir g\u00f6rme sorunu olabilir. Ebeveynler ayr\u0131ca ola\u011fand\u0131\u015f\u0131 g\u00f6z hareketlerinin veya \u00e7ocu\u011fun g\u00f6zlerinin yanl\u0131\u015f hizalanm\u0131\u015f g\u00f6r\u00fcnd\u00fc\u011f\u00fcn\u00fcn fark\u0131nda olmal\u0131d\u0131r. Bu belirtilerden herhangi biri mevcutsa, \u00e7ocuk i\u00e7in en uygun g\u00f6z sa\u011fl\u0131\u011f\u0131n\u0131 ve g\u00f6rme geli\u015fimini sa\u011flamak i\u00e7in bir \u00e7ocuk g\u00f6z doktoru ile g\u00f6z muayenesi planlamak \u00f6nemlidir.<\/p>\n\n<\/div>\n<\/div>\n<div id=\"faq-question-1683806968702\" class=\"rank-math-list-item\">\n<h3 class=\"rank-math-question \">Pediatrik g\u00f6z sa\u011fl\u0131\u011f\u0131 nedir?<\/h3>\n<div class=\"rank-math-answer \">\n\n<p>Pediatrik g\u00f6z sa\u011fl\u0131\u011f\u0131, bebeklerin, \u00e7ocuklar\u0131n ve ergenlerin g\u00f6z sa\u011fl\u0131\u011f\u0131na odaklanan t\u0131p dal\u0131d\u0131r. \u015ea\u015f\u0131l\u0131k, ambliyopi, k\u0131rma kusurlar\u0131 ve g\u00f6z enfeksiyonlar\u0131 gibi \u00e7ocuklar\u0131 etkileyebilecek \u00e7e\u015fitli g\u00f6z rahats\u0131zl\u0131klar\u0131n\u0131n te\u015fhis ve tedavisini i\u00e7erir. Pediatrik g\u00f6z sa\u011fl\u0131\u011f\u0131, \u00e7ocuklar\u0131n akademik, sosyal ve duygusal geli\u015fimlerini etkileyebilecek m\u00fcmk\u00fcn olan en iyi g\u00f6rme ve g\u00f6z sa\u011fl\u0131\u011f\u0131na sahip olmalar\u0131n\u0131 sa\u011flamada hayati bir rol oynar.<\/p>\n\n<\/div>\n<\/div>\n<\/div>\n<\/div>\n<p>\u00a0<\/p>\n\n<h3 class=\"wp-block-heading\">Herhangi bir sorunuz olmas\u0131 durumunda hemen bizimle ileti\u015fime ge\u00e7in!<\/h3>\n","protected":false},"excerpt":{"rendered":"<p>Sa\u011fl\u0131kl\u0131 g\u00f6zler, mutlu \u00e7ocuklar! Daha parlak bir gelecek i\u00e7in onlar\u0131n g\u00f6r\u00fc\u015f\u00fcn\u00fc koruyal\u0131m. Pediatrik g\u00f6z sa\u011fl\u0131\u011f\u0131, g\u00f6r\u00fc\u015flerinin d\u00fczg\u00fcn bir \u015fekilde geli\u015fmesini [&hellip;]<\/p>\n","protected":false},"author":4,"featured_media":160862,"parent":0,"menu_order":0,"comment_status":"closed","ping_status":"closed","template":"","meta":{"site-sidebar-layout":"default","site-content-layout":"","ast-site-content-layout":"default","site-content-style":"default","site-sidebar-style":"default","ast-global-header-display":"","ast-banner-title-visibility":"","ast-main-header-display":"","ast-hfb-above-header-display":"","ast-hfb-below-header-display":"","ast-hfb-mobile-header-display":"","site-post-title":"","ast-breadcrumbs-content":"","ast-featured-img":"","footer-sml-layout":"","ast-disable-related-posts":"","theme-transparent-header-meta":"","adv-header-id-meta":"","stick-header-meta":"","header-above-stick-meta":"","header-main-stick-meta":"","header-below-stick-meta":"","astra-migrate-meta-layouts":"default","ast-page-background-enabled":"default","ast-page-background-meta":{"desktop":{"background-color":"var(--ast-global-color-4)","background-image":"","background-repeat":"repeat","background-position":"center center","background-size":"auto","background-attachment":"scroll","background-type":"","background-media":"","overlay-type":"","overlay-color":"","overlay-opacity":"","overlay-gradient":""},"tablet":{"background-color":"","background-image":"","background-repeat":"repeat","background-position":"center center","background-size":"auto","background-attachment":"scroll","background-type":"","background-media":"","overlay-type":"","overlay-color":"","overlay-opacity":"","overlay-gradient":""},"mobile":{"background-color":"","background-image":"","background-repeat":"repeat","background-position":"center center","background-size":"auto","background-attachment":"scroll","background-type":"","background-media":"","overlay-type":"","overlay-color":"","overlay-opacity":"","overlay-gradient":""}},"ast-content-background-meta":{"desktop":{"background-color":"var(--ast-global-color-5)","background-image":"","background-repeat":"repeat","background-position":"center center","background-size":"auto","background-attachment":"scroll","background-type":"","background-media":"","overlay-type":"","overlay-color":"","overlay-opacity":"","overlay-gradient":""},"tablet":{"background-color":"var(--ast-global-color-5)","background-image":"","background-repeat":"repeat","background-position":"center center","background-size":"auto","background-attachment":"scroll","background-type":"","background-media":"","overlay-type":"","overlay-color":"","overlay-opacity":"","overlay-gradient":""},"mobile":{"background-color":"var(--ast-global-color-5)","background-image":"","background-repeat":"repeat","background-position":"center center","background-size":"auto","background-attachment":"scroll","background-type":"","background-media":"","overlay-type":"","overlay-color":"","overlay-opacity":"","overlay-gradient":""}},"footnotes":""},"class_list":["post-145215","page","type-page","status-publish","has-post-thumbnail","hentry"],"_links":{"self":[{"href":"https:\/\/medclinics.com\/tr\/wp-json\/wp\/v2\/pages\/145215","targetHints":{"allow":["GET"]}}],"collection":[{"href":"https:\/\/medclinics.com\/tr\/wp-json\/wp\/v2\/pages"}],"about":[{"href":"https:\/\/medclinics.com\/tr\/wp-json\/wp\/v2\/types\/page"}],"author":[{"embeddable":true,"href":"https:\/\/medclinics.com\/tr\/wp-json\/wp\/v2\/users\/4"}],"replies":[{"embeddable":true,"href":"https:\/\/medclinics.com\/tr\/wp-json\/wp\/v2\/comments?post=145215"}],"version-history":[{"count":0,"href":"https:\/\/medclinics.com\/tr\/wp-json\/wp\/v2\/pages\/145215\/revisions"}],"wp:featuredmedia":[{"embeddable":true,"href":"https:\/\/medclinics.com\/tr\/wp-json\/wp\/v2\/media\/160862"}],"wp:attachment":[{"href":"https:\/\/medclinics.com\/tr\/wp-json\/wp\/v2\/media?parent=145215"}],"curies":[{"name":"wp","href":"https:\/\/api.w.org\/{rel}","templated":true}]}}