{"id":145207,"date":"2023-05-11T11:36:41","date_gmt":"2023-05-11T08:36:41","guid":{"rendered":"https:\/\/medclinics.com\/goz-tembelligi-ambliyopi\/"},"modified":"2024-12-30T19:18:03","modified_gmt":"2024-12-30T16:18:03","slug":"goz-tembelligi-ambliyopi","status":"publish","type":"page","link":"https:\/\/medclinics.com\/tr\/goz-tembelligi-ambliyopi\/","title":{"rendered":"G\u00f6z Tembelli\u011fi (Ambliyopi)"},"content":{"rendered":"\n<h2 class=\"wp-block-heading\">G\u00f6z tembelli\u011finin g\u00f6r\u00fc\u015f\u00fcn\u00fcz\u00fc g\u00f6lgelemesine izin vermeyin. Net bir g\u00f6r\u00fc\u015fe ve daha parlak bir gelece\u011fe kavu\u015fman\u0131za yard\u0131mc\u0131 olmak i\u00e7in uzmanlar\u0131m\u0131za g\u00fcvenin.<\/h2>\n\n<p>Yayg\u0131n olarak &#8220;g\u00f6z tembelli\u011fi&#8221; olarak bilinen ambliyopi, \u00e7ocukluk \u00e7a\u011f\u0131nda ortaya \u00e7\u0131kan bir g\u00f6rme bozuklu\u011fudur. Bir veya iki g\u00f6zde g\u00f6zl\u00fck veya kontakt lens ile d\u00fczeltilemeyen g\u00f6rme azalmas\u0131 ile karakterizedir. Bu g\u00f6rme kayb\u0131, beynin zay\u0131f g\u00f6zden gelen sinyalleri g\u00f6rmezden gelmeyi &#8220;\u00f6\u011frenmesi&#8221; ve yaln\u0131zca daha g\u00fc\u00e7l\u00fc g\u00f6zden gelen sinyalleri i\u015flemesi nedeniyle meydana gelir. Bunun nedeni, beynin zay\u0131f g\u00f6zden bulan\u0131k veya \u00e7ift g\u00f6r\u00fcnt\u00fc almas\u0131 ve bu nedenle kafa kar\u0131\u015f\u0131kl\u0131\u011f\u0131n\u0131 \u00f6nlemek i\u00e7in bu g\u00f6zden gelen sinyalleri g\u00f6rmezden gelmeyi \u00f6\u011frenmesidir.<\/p>\n\n<p>Bu hastal\u0131\u011f\u0131n \u00e7e\u015fitli nedenleri vard\u0131r, ancak en yayg\u0131n olan\u0131 <a href=\"https:\/\/istanbul-tourist-information.com\/en\/category\/eye\/\" target=\"_blank\" rel=\"noreferrer noopener\">g\u00f6zlerin<\/a> yanl\u0131\u015f hizalanmas\u0131 olan \u015fa\u015f\u0131l\u0131kt\u0131r. Di\u011fer nedenler aras\u0131nda, bir g\u00f6z\u00fcn di\u011ferine g\u00f6re \u00e7ok daha fazla miyop veya uzak g\u00f6r\u00fc\u015fl\u00fc olmas\u0131 gibi g\u00f6zler aras\u0131nda \u00f6nemli bir k\u0131r\u0131lma kusuru fark\u0131 veya \u0131\u015f\u0131\u011f\u0131n g\u00f6ze d\u00fczg\u00fcn bir \u015fekilde girmesini engelleyen fiziksel bir engel yer al\u0131r. Yakla\u015f\u0131k 6 ayl\u0131ktan itibaren t\u00fcm \u00e7ocuklar i\u00e7in \u00f6nerilen kapsaml\u0131 bir g\u00f6z muayenesi s\u0131ras\u0131nda tespit edilebilir.<\/p>\n\n<p>Ambliyopi tedavisi genellikle \u015fa\u015f\u0131l\u0131k tedavisi veya k\u0131rma kusurunun g\u00f6zl\u00fck veya kontakt lenslerle d\u00fczeltilmesi gibi altta yatan sorunlar\u0131n d\u00fczeltilmesini i\u00e7erir. Buna ek olarak, daha g\u00fc\u00e7l\u00fc olan g\u00f6z, daha zay\u0131f olan g\u00f6z\u00fc daha fazla \u00e7al\u0131\u015fmaya zorlamak ve g\u00f6r\u00fc\u015f\u00fcn\u00fc iyile\u015ftirmek i\u00e7in yamalanabilir veya bulan\u0131kla\u015ft\u0131r\u0131labilir. Bu tedavi tipik olarak birka\u00e7 hafta ila birka\u00e7 ay s\u00fcrer ve m\u00fcmk\u00fcn olan en iyi sonucu elde etmek i\u00e7in doktorun talimatlar\u0131n\u0131 yak\u0131ndan takip etmek \u00f6nemlidir. G\u00f6z tembelli\u011fi tedavi edilmezse etkilenen g\u00f6zde kal\u0131c\u0131 g\u00f6rme kayb\u0131na yol a\u00e7abilir, bu nedenle erken te\u015fhis ve tedavi g\u00f6rmeyi korumak i\u00e7in \u00e7ok \u00f6nemlidir.<\/p>\n\n<h3 class=\"wp-block-heading\">M\u00fckemmel <a href=\"https:\/\/medclinics.com\/tr\/genel-goz-cerrahisi\/\" target=\"_blank\" rel=\"noreferrer noopener\">g\u00f6z ameliyat\u0131<\/a> \u00e7\u00f6z\u00fcm\u00fcn\u00fcz\u00fc bizimle ke\u015ffedin. Fiyattan bak\u0131m sonras\u0131na kadar her \u015feyi sizin i\u00e7in d\u00fc\u015f\u00fcnd\u00fck &#8211; bug\u00fcn <a href=\"https:\/\/medclinics.com\/wp-admin\/post.php?post=81673&amp;action=edit#requestform\">bize<\/a> ula\u015f\u0131n!<\/h3>\n\n<figure class=\"wp-block-image size-large\"><img fetchpriority=\"high\" decoding=\"async\" width=\"6016\" height=\"4016\" src=\"https:\/\/medclinics.com\/wp-content\/uploads\/2023\/05\/amblyopia.png\" alt=\"Ambliyopili Bir &#xC7;ocuk\" class=\"wp-image-81680\" srcset=\"https:\/\/medclinics.com\/wp-content\/uploads\/2023\/05\/amblyopia.png 6016w, https:\/\/medclinics.com\/wp-content\/uploads\/2023\/05\/amblyopia-500x334.png 500w, https:\/\/medclinics.com\/wp-content\/uploads\/2023\/05\/amblyopia-1024x684.png 1024w, https:\/\/medclinics.com\/wp-content\/uploads\/2023\/05\/amblyopia-768x513.png 768w, https:\/\/medclinics.com\/wp-content\/uploads\/2023\/05\/amblyopia-1536x1025.png 1536w, https:\/\/medclinics.com\/wp-content\/uploads\/2023\/05\/amblyopia-2048x1367.png 2048w, https:\/\/medclinics.com\/wp-content\/uploads\/2023\/05\/amblyopia-24x16.png 24w, https:\/\/medclinics.com\/wp-content\/uploads\/2023\/05\/amblyopia-36x24.png 36w, https:\/\/medclinics.com\/wp-content\/uploads\/2023\/05\/amblyopia-48x32.png 48w\" sizes=\"(max-width: 6016px) 100vw, 6016px\" \/><\/figure>\n\n<h2 class=\"wp-block-heading\">SSS<\/h2>\n<div id=\"rank-math-faq\" class=\"rank-math-block\">\n<div class=\"rank-math-list \">\n<div id=\"faq-question-1682603361561\" class=\"rank-math-list-item\">\n<h3 class=\"rank-math-question \">G\u00f6z Tembelli\u011fi (Ambliyopi) ne demektir?<\/h3>\n<div class=\"rank-math-answer \">\n\n<p>Genellikle g\u00f6z tembelli\u011fi olarak adland\u0131r\u0131lan ambliyopi, \u00e7ocukluk d\u00f6neminde g\u00f6rmeyi etkileyen bir durumdur. Bu bozukluk, bir g\u00f6z d\u00fczg\u00fcn geli\u015fmedi\u011finde ortaya \u00e7\u0131kar, zay\u0131f g\u00f6rsel girdiye ve sonunda beyin taraf\u0131ndan ihmal edilmeye yol a\u00e7ar. Sonu\u00e7 olarak, etkilenen g\u00f6zde d\u00fczeltme yap\u0131lsa bile g\u00f6rme azalmas\u0131 ya\u015fanabilir ve bu da tedavi edilmezse ek g\u00f6rme sorunlar\u0131na yol a\u00e7abilir.<\/p>\n\n<\/div>\n<\/div>\n<div id=\"faq-question-1682665852961\" class=\"rank-math-list-item\">\n<h3 class=\"rank-math-question \">G\u00f6z tembelli\u011fi d\u00fczeltilebilir mi?<\/h3>\n<div class=\"rank-math-answer \">\n\n<p>Evet, ambliyopi tedavi ile d\u00fczeltilebilir, \u00f6zellikle de erken tespit ve tedavi edilirse. En yayg\u0131n tedaviler aras\u0131nda zay\u0131f g\u00f6z\u00fc daha fazla \u00e7al\u0131\u015fmaya zorlamak i\u00e7in iyi g\u00f6ze yama yapmak, iyi g\u00f6zdeki g\u00f6r\u00fc\u015f\u00fc bulan\u0131kla\u015ft\u0131rmak i\u00e7in g\u00f6z damlalar\u0131 ve d\u00fczeltici g\u00f6zl\u00fckler veya kontakt lensler yer al\u0131r. Baz\u0131 durumlarda, g\u00f6zde altta yatan yap\u0131sal sorunlar\u0131 d\u00fczeltmek i\u00e7in ameliyat gerekebilir. Tedavinin ba\u015far\u0131s\u0131, tedaviye ba\u015flama ya\u015f\u0131, hastal\u0131\u011f\u0131n \u015fiddeti ve hastan\u0131n tedavi plan\u0131na uyumu gibi \u00e7e\u015fitli fakt\u00f6rlere ba\u011fl\u0131d\u0131r.<\/p>\n\n<\/div>\n<\/div>\n<div id=\"faq-question-1682666623404\" class=\"rank-math-list-item\">\n<h3 class=\"rank-math-question \">G\u00f6z tembelli\u011fi \u015fa\u015f\u0131l\u0131\u011fa neden olabilir mi?<\/h3>\n<div class=\"rank-math-answer \">\n\n<p>Evet, g\u00f6z tembelli\u011fi (ambliyopi) bazen g\u00f6zlerin d\u00fczg\u00fcn hizalanmad\u0131\u011f\u0131 bir durum olan \u015fa\u015f\u0131l\u0131\u011fa neden olabilir. Bunun nedeni, beynin bir g\u00f6z\u00fc di\u011ferine tercih etmesine yol a\u00e7arak daha zay\u0131f olan g\u00f6z\u00fcn i\u00e7e veya d\u0131\u015fa d\u00f6nmesine ve \u015fa\u015f\u0131l\u0131\u011fa neden olabilmesidir. Bununla birlikte, t\u00fcm ambliyopi vakalar\u0131n\u0131n \u015fa\u015f\u0131l\u0131kla sonu\u00e7lanmad\u0131\u011f\u0131n\u0131 ve t\u00fcm \u015fa\u015f\u0131l\u0131k vakalar\u0131n\u0131n ambliyopiden kaynaklanmad\u0131\u011f\u0131n\u0131 unutmamak \u00f6nemlidir.<\/p>\n\n<\/div>\n<\/div>\n<div id=\"faq-question-1682666956133\" class=\"rank-math-list-item\">\n<h3 class=\"rank-math-question \">G\u00f6z tembelli\u011fi (ambliyopi) yeti\u015fkinlerde d\u00fczeltilebilir mi?<\/h3>\n<div class=\"rank-math-answer \">\n\n<p>Evet, ambliyopi yeti\u015fkinlerde d\u00fczeltilebilir, ancak \u00e7ocuklara g\u00f6re daha uzun s\u00fcrebilir ve daha fazla \u00e7aba gerektirebilir. Yeti\u015fkinler i\u00e7in tedavi se\u00e7enekleri aras\u0131nda g\u00f6rme terapisi, g\u00f6z bantlar\u0131 veya her ikisinin bir kombinasyonu yer al\u0131r. Do\u011fru bir de\u011ferlendirme ve ki\u015fiselle\u015ftirilmi\u015f tedavi plan\u0131 i\u00e7in bir g\u00f6z doktoruna dan\u0131\u015fmak \u00f6nemlidir.<\/p>\n\n<\/div>\n<\/div>\n<\/div>\n<\/div>\n<p>\u00a0<\/p>\n\n<h3 class=\"wp-block-heading\">Herhangi bir sorunuz olmas\u0131 durumunda hemen bizimle ileti\u015fime ge\u00e7in!<\/h3>\n","protected":false},"excerpt":{"rendered":"<p>G\u00f6z tembelli\u011finin g\u00f6r\u00fc\u015f\u00fcn\u00fcz\u00fc g\u00f6lgelemesine izin vermeyin. Net bir g\u00f6r\u00fc\u015fe ve daha parlak bir gelece\u011fe kavu\u015fman\u0131za yard\u0131mc\u0131 olmak i\u00e7in uzmanlar\u0131m\u0131za g\u00fcvenin. [&hellip;]<\/p>\n","protected":false},"author":4,"featured_media":93117,"parent":0,"menu_order":0,"comment_status":"closed","ping_status":"closed","template":"","meta":{"site-sidebar-layout":"default","site-content-layout":"","ast-site-content-layout":"default","site-content-style":"default","site-sidebar-style":"default","ast-global-header-display":"","ast-banner-title-visibility":"","ast-main-header-display":"","ast-hfb-above-header-display":"","ast-hfb-below-header-display":"","ast-hfb-mobile-header-display":"","site-post-title":"","ast-breadcrumbs-content":"","ast-featured-img":"","footer-sml-layout":"","ast-disable-related-posts":"","theme-transparent-header-meta":"","adv-header-id-meta":"","stick-header-meta":"","header-above-stick-meta":"","header-main-stick-meta":"","header-below-stick-meta":"","astra-migrate-meta-layouts":"default","ast-page-background-enabled":"default","ast-page-background-meta":{"desktop":{"background-color":"var(--ast-global-color-4)","background-image":"","background-repeat":"repeat","background-position":"center center","background-size":"auto","background-attachment":"scroll","background-type":"","background-media":"","overlay-type":"","overlay-color":"","overlay-opacity":"","overlay-gradient":""},"tablet":{"background-color":"","background-image":"","background-repeat":"repeat","background-position":"center center","background-size":"auto","background-attachment":"scroll","background-type":"","background-media":"","overlay-type":"","overlay-color":"","overlay-opacity":"","overlay-gradient":""},"mobile":{"background-color":"","background-image":"","background-repeat":"repeat","background-position":"center center","background-size":"auto","background-attachment":"scroll","background-type":"","background-media":"","overlay-type":"","overlay-color":"","overlay-opacity":"","overlay-gradient":""}},"ast-content-background-meta":{"desktop":{"background-color":"var(--ast-global-color-5)","background-image":"","background-repeat":"repeat","background-position":"center center","background-size":"auto","background-attachment":"scroll","background-type":"","background-media":"","overlay-type":"","overlay-color":"","overlay-opacity":"","overlay-gradient":""},"tablet":{"background-color":"var(--ast-global-color-5)","background-image":"","background-repeat":"repeat","background-position":"center center","background-size":"auto","background-attachment":"scroll","background-type":"","background-media":"","overlay-type":"","overlay-color":"","overlay-opacity":"","overlay-gradient":""},"mobile":{"background-color":"var(--ast-global-color-5)","background-image":"","background-repeat":"repeat","background-position":"center center","background-size":"auto","background-attachment":"scroll","background-type":"","background-media":"","overlay-type":"","overlay-color":"","overlay-opacity":"","overlay-gradient":""}},"footnotes":""},"class_list":["post-145207","page","type-page","status-publish","has-post-thumbnail","hentry"],"_links":{"self":[{"href":"https:\/\/medclinics.com\/tr\/wp-json\/wp\/v2\/pages\/145207","targetHints":{"allow":["GET"]}}],"collection":[{"href":"https:\/\/medclinics.com\/tr\/wp-json\/wp\/v2\/pages"}],"about":[{"href":"https:\/\/medclinics.com\/tr\/wp-json\/wp\/v2\/types\/page"}],"author":[{"embeddable":true,"href":"https:\/\/medclinics.com\/tr\/wp-json\/wp\/v2\/users\/4"}],"replies":[{"embeddable":true,"href":"https:\/\/medclinics.com\/tr\/wp-json\/wp\/v2\/comments?post=145207"}],"version-history":[{"count":0,"href":"https:\/\/medclinics.com\/tr\/wp-json\/wp\/v2\/pages\/145207\/revisions"}],"wp:featuredmedia":[{"embeddable":true,"href":"https:\/\/medclinics.com\/tr\/wp-json\/wp\/v2\/media\/93117"}],"wp:attachment":[{"href":"https:\/\/medclinics.com\/tr\/wp-json\/wp\/v2\/media?parent=145207"}],"curies":[{"name":"wp","href":"https:\/\/api.w.org\/{rel}","templated":true}]}}