{"id":145201,"date":"2023-05-27T09:48:40","date_gmt":"2023-05-27T06:48:40","guid":{"rendered":"https:\/\/medclinics.com\/katarakt-2\/"},"modified":"2024-12-30T19:19:34","modified_gmt":"2024-12-30T16:19:34","slug":"katarakt-2","status":"publish","type":"page","link":"https:\/\/medclinics.com\/tr\/katarakt-2\/","title":{"rendered":"Katarakt"},"content":{"rendered":"\n<h2 class=\"wp-block-heading\">Bulan\u0131k g\u00f6r\u00fc\u015fle m\u00fccadele ediyor veya d\u00fc\u015f\u00fck \u0131\u015f\u0131kl\u0131 ortamlarda zorluk mu ya\u015f\u0131yorsunuz? Katarakt tedavisi se\u00e7eneklerinize karar vermek i\u00e7in bir kons\u00fcltasyon al\u0131n.<\/h2>\n\n<p>Katarakt g\u00f6zlerinizi bulutlu ve bulan\u0131k yapar. Yava\u015f\u00e7a ger\u00e7ekle\u015fir ve ilk ba\u015fta fark etmeyebilirsiniz. Ya\u015fland\u0131k\u00e7a olabilece\u011fi gibi yaralanma, ila\u00e7 veya sa\u011fl\u0131k sorunlar\u0131 nedeniyle de ortaya \u00e7\u0131kabilir.<\/p>\n\n<p>Katarakt, \u00f6zellikle geceleri g\u00f6r\u00fc\u015f\u00fcn\u00fcz\u00fc belirsizle\u015ftirebilir. I\u015f\u0131k sizi rahats\u0131z edebilir ve bir g\u00f6z\u00fcn\u00fczde \u00e7ift g\u00f6rebilirsiniz. Yard\u0131m almazsan\u0131z, g\u00f6r\u00fc\u015f\u00fcn\u00fcz \u00e7ok daha k\u00f6t\u00fcle\u015febilir. Ancak ameliyat bunu d\u00fczeltebilir ve g\u00f6r\u00fc\u015f\u00fcn\u00fcz\u00fc daha iyi hale getirebilir.<\/p>\n\n<p><br\/>Ameliyat s\u0131ras\u0131nda g\u00f6z\u00fcn\u00fczdeki bulan\u0131k lens \u00e7\u0131kar\u0131l\u0131r ve yerine g\u00f6z i\u00e7i lensi (G\u0130L) ad\u0131 verilen yeni bir lens yerle\u015ftirilir. Ameliyat h\u0131zl\u0131d\u0131r, her bir g\u00f6z i\u00e7in yakla\u015f\u0131k 15-20 dakika s\u00fcrer. Lokal anestezi ald\u0131ktan sonra muhtemelen ayn\u0131 g\u00fcn eve gideceksiniz. Sadece birka\u00e7 g\u00fcn i\u00e7inde kendinizi daha iyi hissedecek ve normal aktivitelerinize d\u00f6nebileceksiniz.<\/p>\n\n<p>Bu ameliyat \u00e7ok yayg\u0131nd\u0131r. Amerikan Katarakt ve Refraktif Cerrahi Derne\u011fi&#8217;ne g\u00f6re %98&#8217;in \u00fczerinde bir oranda \u00e7ok ba\u015far\u0131l\u0131d\u0131r. Ameliyat, yeni teknoloji ve teknikler sayesinde daha iyi hale gelmeye devam ediyor. Bu, hastalar i\u00e7in daha da iyi sonu\u00e7lar anlam\u0131na gelir.  <\/p>\n\n<h3 class=\"wp-block-heading\">All you need to know about <a href=\"https:\/\/medclinics.com\/tr\/genel-goz-cerrahisi\/\" target=\"_blank\" rel=\"noreferrer noopener\">general eye surgery<\/a>, including price, aftercare and healing process, or <a href=\"#requestform\">contact us<\/a>!<\/h3>\n\n<figure class=\"wp-block-image size-large\"><img fetchpriority=\"high\" decoding=\"async\" width=\"6720\" height=\"4480\" src=\"https:\/\/medclinics.com\/wp-content\/uploads\/2023\/05\/cataract.png\" alt=\"Katarakt\" class=\"wp-image-81653\" srcset=\"https:\/\/medclinics.com\/wp-content\/uploads\/2023\/05\/cataract.png 6720w, https:\/\/medclinics.com\/wp-content\/uploads\/2023\/05\/cataract-500x333.png 500w, https:\/\/medclinics.com\/wp-content\/uploads\/2023\/05\/cataract-1024x683.png 1024w, https:\/\/medclinics.com\/wp-content\/uploads\/2023\/05\/cataract-768x512.png 768w, https:\/\/medclinics.com\/wp-content\/uploads\/2023\/05\/cataract-1536x1024.png 1536w, https:\/\/medclinics.com\/wp-content\/uploads\/2023\/05\/cataract-2048x1365.png 2048w, https:\/\/medclinics.com\/wp-content\/uploads\/2023\/05\/cataract-24x16.png 24w, https:\/\/medclinics.com\/wp-content\/uploads\/2023\/05\/cataract-36x24.png 36w, https:\/\/medclinics.com\/wp-content\/uploads\/2023\/05\/cataract-48x32.png 48w\" sizes=\"(max-width: 6720px) 100vw, 6720px\" \/><\/figure>\n\n<h2 class=\"wp-block-heading\">SSS  <\/h2>\n\n<h3 class=\"wp-block-heading\">Herhangi bir sorunuz olmas\u0131 durumunda hemen bizimle ileti\u015fime ge\u00e7in!<\/h3>\n","protected":false},"excerpt":{"rendered":"<p>Bulan\u0131k g\u00f6r\u00fc\u015fle m\u00fccadele ediyor veya d\u00fc\u015f\u00fck \u0131\u015f\u0131kl\u0131 ortamlarda zorluk mu ya\u015f\u0131yorsunuz? Katarakt tedavisi se\u00e7eneklerinize karar vermek i\u00e7in bir kons\u00fcltasyon al\u0131n. [&hellip;]<\/p>\n","protected":false},"author":4,"featured_media":93148,"parent":0,"menu_order":0,"comment_status":"closed","ping_status":"closed","template":"","meta":{"site-sidebar-layout":"default","site-content-layout":"","ast-site-content-layout":"default","site-content-style":"default","site-sidebar-style":"default","ast-global-header-display":"","ast-banner-title-visibility":"","ast-main-header-display":"","ast-hfb-above-header-display":"","ast-hfb-below-header-display":"","ast-hfb-mobile-header-display":"","site-post-title":"","ast-breadcrumbs-content":"","ast-featured-img":"","footer-sml-layout":"","ast-disable-related-posts":"","theme-transparent-header-meta":"","adv-header-id-meta":"","stick-header-meta":"","header-above-stick-meta":"","header-main-stick-meta":"","header-below-stick-meta":"","astra-migrate-meta-layouts":"default","ast-page-background-enabled":"default","ast-page-background-meta":{"desktop":{"background-color":"var(--ast-global-color-4)","background-image":"","background-repeat":"repeat","background-position":"center center","background-size":"auto","background-attachment":"scroll","background-type":"","background-media":"","overlay-type":"","overlay-color":"","overlay-opacity":"","overlay-gradient":""},"tablet":{"background-color":"","background-image":"","background-repeat":"repeat","background-position":"center center","background-size":"auto","background-attachment":"scroll","background-type":"","background-media":"","overlay-type":"","overlay-color":"","overlay-opacity":"","overlay-gradient":""},"mobile":{"background-color":"","background-image":"","background-repeat":"repeat","background-position":"center center","background-size":"auto","background-attachment":"scroll","background-type":"","background-media":"","overlay-type":"","overlay-color":"","overlay-opacity":"","overlay-gradient":""}},"ast-content-background-meta":{"desktop":{"background-color":"var(--ast-global-color-5)","background-image":"","background-repeat":"repeat","background-position":"center center","background-size":"auto","background-attachment":"scroll","background-type":"","background-media":"","overlay-type":"","overlay-color":"","overlay-opacity":"","overlay-gradient":""},"tablet":{"background-color":"var(--ast-global-color-5)","background-image":"","background-repeat":"repeat","background-position":"center center","background-size":"auto","background-attachment":"scroll","background-type":"","background-media":"","overlay-type":"","overlay-color":"","overlay-opacity":"","overlay-gradient":""},"mobile":{"background-color":"var(--ast-global-color-5)","background-image":"","background-repeat":"repeat","background-position":"center center","background-size":"auto","background-attachment":"scroll","background-type":"","background-media":"","overlay-type":"","overlay-color":"","overlay-opacity":"","overlay-gradient":""}},"footnotes":""},"class_list":["post-145201","page","type-page","status-publish","has-post-thumbnail","hentry"],"_links":{"self":[{"href":"https:\/\/medclinics.com\/tr\/wp-json\/wp\/v2\/pages\/145201","targetHints":{"allow":["GET"]}}],"collection":[{"href":"https:\/\/medclinics.com\/tr\/wp-json\/wp\/v2\/pages"}],"about":[{"href":"https:\/\/medclinics.com\/tr\/wp-json\/wp\/v2\/types\/page"}],"author":[{"embeddable":true,"href":"https:\/\/medclinics.com\/tr\/wp-json\/wp\/v2\/users\/4"}],"replies":[{"embeddable":true,"href":"https:\/\/medclinics.com\/tr\/wp-json\/wp\/v2\/comments?post=145201"}],"version-history":[{"count":0,"href":"https:\/\/medclinics.com\/tr\/wp-json\/wp\/v2\/pages\/145201\/revisions"}],"wp:featuredmedia":[{"embeddable":true,"href":"https:\/\/medclinics.com\/tr\/wp-json\/wp\/v2\/media\/93148"}],"wp:attachment":[{"href":"https:\/\/medclinics.com\/tr\/wp-json\/wp\/v2\/media?parent=145201"}],"curies":[{"name":"wp","href":"https:\/\/api.w.org\/{rel}","templated":true}]}}