{"id":145137,"date":"2023-11-10T20:51:04","date_gmt":"2023-11-10T17:51:04","guid":{"rendered":"https:\/\/medclinics.com\/kadinlar-icin-sac-ekimi\/"},"modified":"2025-01-25T00:36:42","modified_gmt":"2025-01-24T21:36:42","slug":"kadinlar-icin-sac-ekimi","status":"publish","type":"page","link":"https:\/\/medclinics.com\/tr\/kadinlar-icin-sac-ekimi\/","title":{"rendered":"Kad\u0131nlar i\u00e7in Sa\u00e7 Ekimi"},"content":{"rendered":"\n<h2 class=\"wp-block-heading\">Kad\u0131nlar i\u00e7in Sa\u00e7 Ekimi giderek daha pop\u00fcler hale geliyor.<\/h2>\n\n<p>Ge\u00e7mi\u015fte neredeyse sadece erkekler <a href=\"https:\/\/istanbul-tourist-information.com\/en\/category\/hair\/\" target=\"_blank\" rel=\"noreferrer noopener\">sa\u00e7 ekimi<\/a> yapt\u0131r\u0131rken, g\u00fcn\u00fcm\u00fczde giderek daha fazla kad\u0131n sa\u00e7 d\u00f6k\u00fclmesi i\u00e7in kal\u0131c\u0131 bir \u00e7\u00f6z\u00fcm ar\u0131yor.<\/p>\n\n<p>Sa\u00e7\u0131 olmayan bir erkek olduk\u00e7a \u00e7ekici olabilir, ancak kad\u0131nlar i\u00e7in durum olduk\u00e7a farkl\u0131d\u0131r. Sa\u00e7 hala kad\u0131nl\u0131\u011f\u0131n bir sembol\u00fc olarak kabul edilmektedir. Bu durum, zamanla daha fazla sa\u00e7 d\u00f6k\u00fcld\u00fc\u011f\u00fcnde, sa\u00e7 \u00e7izgileri geriledi\u011finde veya ba\u015f\u0131n tepesi giderek daha g\u00f6r\u00fcn\u00fcr hale geldi\u011finde kad\u0131nlar i\u00e7in durumu daha da k\u00f6t\u00fcle\u015ftirir.<\/p>\n\n<p>\u0130statistikler, Kad\u0131nlar i\u00e7in Sa\u00e7 Ekimi say\u0131s\u0131n\u0131n son on y\u0131lda %20&#8217;den fazla artt\u0131\u011f\u0131n\u0131 s\u00f6yl\u00fcyor. (Uluslararas\u0131 Sa\u00e7 Restorasyon Cerrahisi Derne\u011fi &#8211; ISHRS).<\/p>\n\n<p>Kad\u0131nlar i\u00e7in sa\u00e7 ekimindeki bu art\u0131\u015f, k\u0131smen sa\u00e7 ekiminin artan kabul\u00fcn\u00fcn yan\u0131 s\u0131ra s\u00fcrekli geli\u015fen teknolojiden kaynaklanmaktad\u0131r.<br\/><a href=\"https:\/\/medclinics.com\/tr\/fue-sac-ekimi\/\" data-type=\"page\" data-id=\"80085\" target=\"_blank\" rel=\"noreferrer noopener\">FUE<\/a>, <a href=\"https:\/\/medclinics.com\/fue-sapphire-hair-transplant\/\" data-type=\"page\" data-id=\"80109\" target=\"_blank\" rel=\"noreferrer noopener\">FUE Sapphire<\/a> veya <a href=\"https:\/\/medclinics.com\/tr\/dhi-sac-ekimi\/\" data-type=\"page\" data-id=\"80131\">DHI<\/a> gibi sa\u00e7 ekimi i\u00e7in t\u00fcm yayg\u0131n teknikler kad\u0131nlarda da kullan\u0131labilir. T\u0131ra\u015fs\u0131z sa\u00e7 ekimi \u00f6zellikle pop\u00fclerdir.<\/p>\n\n<h3 class=\"wp-block-heading\">Fiyat, bak\u0131m sonras\u0131 ve iyile\u015fme s\u00fcreci dahil olmak \u00fczere <a href=\"https:\/\/medclinics.com\/tr\/sac-ekimi\/\" target=\"_blank\" rel=\"noreferrer noopener\">sa\u00e7 ekimi ameliyatlar\u0131<\/a> hakk\u0131nda bilmeniz gereken her \u015fey veya <a href=\"#requestform\">bizimle ileti\u015fime<\/a> ge\u00e7in!<\/h3>\n\n<figure class=\"wp-block-image size-large\"><img fetchpriority=\"high\" decoding=\"async\" width=\"1440\" height=\"470\" src=\"https:\/\/medclinics.com\/wp-content\/uploads\/2023\/02\/Regenera-Activa-Hair-Treatment-istanbul-in-istanbul.jpg\" alt=\"T&#xFC;rkiye'de &#x130;stanbul'da kad&#x131;n i&#xE7;in sa&#xE7; ekimi\" class=\"wp-image-53881\" srcset=\"https:\/\/medclinics.com\/wp-content\/uploads\/2023\/02\/Regenera-Activa-Hair-Treatment-istanbul-in-istanbul.jpg 1440w, https:\/\/medclinics.com\/wp-content\/uploads\/2023\/02\/Regenera-Activa-Hair-Treatment-istanbul-in-istanbul-500x163.jpg 500w, https:\/\/medclinics.com\/wp-content\/uploads\/2023\/02\/Regenera-Activa-Hair-Treatment-istanbul-in-istanbul-1024x334.jpg 1024w, https:\/\/medclinics.com\/wp-content\/uploads\/2023\/02\/Regenera-Activa-Hair-Treatment-istanbul-in-istanbul-768x251.jpg 768w\" sizes=\"(max-width: 1440px) 100vw, 1440px\" \/><\/figure>\n\n<h2 class=\"wp-block-heading\">SSS  <\/h2>\n<div id=\"rank-math-faq\" class=\"rank-math-block\">\n<div class=\"rank-math-list \">\n<div id=\"faq-question-1683391548998\" class=\"rank-math-list-item\">\n<h3 class=\"rank-math-question \">Kad\u0131nlar da sa\u00e7 ekimi yapt\u0131rabilir mi?<\/h3>\n<div class=\"rank-math-answer \">\n\n<p>Kad\u0131n sa\u00e7 ekimi de erkek sa\u00e7 ekimi gibi yap\u0131labilmektedir. Teknikler ayn\u0131d\u0131r.  <\/p>\n\n<\/div>\n<\/div>\n<div id=\"faq-question-1683391585179\" class=\"rank-math-list-item\">\n<h3 class=\"rank-math-question \">Kad\u0131nlarda sa\u00e7 ekimi yap\u0131l\u0131rken sa\u00e7lar t\u0131ra\u015f edilmeli mi?  <\/h3>\n<div class=\"rank-math-answer \">\n\n<p>Kural olarak, sa\u00e7 ekimi s\u0131ras\u0131nda kafa t\u0131ra\u015f edilir. Bununla birlikte, art\u0131k tam t\u0131ra\u015f olmadan nakle izin veren yeni y\u00f6ntemler de var. Kad\u0131nlarda sa\u00e7 ekiminde genellikle bu tercih edilir.<\/p>\n\n<\/div>\n<\/div>\n<div id=\"faq-question-1683391788739\" class=\"rank-math-list-item\">\n<h3 class=\"rank-math-question \">T\u0131ra\u015fs\u0131z sa\u00e7 ekimi klasik sa\u00e7 ekimi y\u00f6ntemlerine g\u00f6re daha m\u0131 pahal\u0131d\u0131r? <\/h3>\n<div class=\"rank-math-answer \">\n\n<p>Hay\u0131r, ayn\u0131 teknikler kullan\u0131ld\u0131\u011f\u0131 i\u00e7in fiyat ayn\u0131d\u0131r. Sadece t\u0131ra\u015fs\u0131z sa\u00e7 ekimini se\u00e7erseniz, bu teknik doktorun daha fazla deneyimini gerektirdi\u011fi ve daha fazla zaman ald\u0131\u011f\u0131 i\u00e7in bir fiyat fark\u0131 olacakt\u0131r.  <\/p>\n\n<\/div>\n<\/div>\n<div id=\"faq-question-1683392049787\" class=\"rank-math-list-item\">\n<h3 class=\"rank-math-question \">T\u0131ra\u015fs\u0131z sa\u00e7 ekimi ne zaman tercih edilir?<\/h3>\n<div class=\"rank-math-answer \">\n\n<p>Bu teknik genellikle sa\u00e7 \u00e7izgisi veya ta\u00e7 gibi kafa derisinin sadece k\u00fc\u00e7\u00fck bir k\u0131sm\u0131n\u0131n tedavi edilmesi gerekti\u011finde kullan\u0131l\u0131r.<\/p>\n\n<\/div>\n<\/div>\n<\/div>\n<\/div>\n<p><\/p>\n\n<h3 class=\"wp-block-heading\">Herhangi bir sorunuz olmas\u0131 durumunda hemen bizimle ileti\u015fime ge\u00e7in!<\/h3>\n","protected":false},"excerpt":{"rendered":"<p>Kad\u0131nlar i\u00e7in Sa\u00e7 Ekimi giderek daha pop\u00fcler hale geliyor. Ge\u00e7mi\u015fte neredeyse sadece erkekler sa\u00e7 ekimi yapt\u0131r\u0131rken, g\u00fcn\u00fcm\u00fczde giderek daha fazla [&hellip;]<\/p>\n","protected":false},"author":4,"featured_media":91862,"parent":0,"menu_order":0,"comment_status":"closed","ping_status":"closed","template":"","meta":{"site-sidebar-layout":"default","site-content-layout":"","ast-site-content-layout":"default","site-content-style":"default","site-sidebar-style":"default","ast-global-header-display":"","ast-banner-title-visibility":"","ast-main-header-display":"","ast-hfb-above-header-display":"","ast-hfb-below-header-display":"","ast-hfb-mobile-header-display":"","site-post-title":"","ast-breadcrumbs-content":"","ast-featured-img":"","footer-sml-layout":"","ast-disable-related-posts":"","theme-transparent-header-meta":"","adv-header-id-meta":"","stick-header-meta":"","header-above-stick-meta":"","header-main-stick-meta":"","header-below-stick-meta":"","astra-migrate-meta-layouts":"default","ast-page-background-enabled":"default","ast-page-background-meta":{"desktop":{"background-color":"var(--ast-global-color-4)","background-image":"","background-repeat":"repeat","background-position":"center center","background-size":"auto","background-attachment":"scroll","background-type":"","background-media":"","overlay-type":"","overlay-color":"","overlay-opacity":"","overlay-gradient":""},"tablet":{"background-color":"","background-image":"","background-repeat":"repeat","background-position":"center center","background-size":"auto","background-attachment":"scroll","background-type":"","background-media":"","overlay-type":"","overlay-color":"","overlay-opacity":"","overlay-gradient":""},"mobile":{"background-color":"","background-image":"","background-repeat":"repeat","background-position":"center center","background-size":"auto","background-attachment":"scroll","background-type":"","background-media":"","overlay-type":"","overlay-color":"","overlay-opacity":"","overlay-gradient":""}},"ast-content-background-meta":{"desktop":{"background-color":"var(--ast-global-color-5)","background-image":"","background-repeat":"repeat","background-position":"center center","background-size":"auto","background-attachment":"scroll","background-type":"","background-media":"","overlay-type":"","overlay-color":"","overlay-opacity":"","overlay-gradient":""},"tablet":{"background-color":"var(--ast-global-color-5)","background-image":"","background-repeat":"repeat","background-position":"center center","background-size":"auto","background-attachment":"scroll","background-type":"","background-media":"","overlay-type":"","overlay-color":"","overlay-opacity":"","overlay-gradient":""},"mobile":{"background-color":"var(--ast-global-color-5)","background-image":"","background-repeat":"repeat","background-position":"center center","background-size":"auto","background-attachment":"scroll","background-type":"","background-media":"","overlay-type":"","overlay-color":"","overlay-opacity":"","overlay-gradient":""}},"footnotes":""},"class_list":["post-145137","page","type-page","status-publish","has-post-thumbnail","hentry"],"_links":{"self":[{"href":"https:\/\/medclinics.com\/tr\/wp-json\/wp\/v2\/pages\/145137","targetHints":{"allow":["GET"]}}],"collection":[{"href":"https:\/\/medclinics.com\/tr\/wp-json\/wp\/v2\/pages"}],"about":[{"href":"https:\/\/medclinics.com\/tr\/wp-json\/wp\/v2\/types\/page"}],"author":[{"embeddable":true,"href":"https:\/\/medclinics.com\/tr\/wp-json\/wp\/v2\/users\/4"}],"replies":[{"embeddable":true,"href":"https:\/\/medclinics.com\/tr\/wp-json\/wp\/v2\/comments?post=145137"}],"version-history":[{"count":0,"href":"https:\/\/medclinics.com\/tr\/wp-json\/wp\/v2\/pages\/145137\/revisions"}],"wp:featuredmedia":[{"embeddable":true,"href":"https:\/\/medclinics.com\/tr\/wp-json\/wp\/v2\/media\/91862"}],"wp:attachment":[{"href":"https:\/\/medclinics.com\/tr\/wp-json\/wp\/v2\/media?parent=145137"}],"curies":[{"name":"wp","href":"https:\/\/api.w.org\/{rel}","templated":true}]}}