{"id":145113,"date":"2023-11-30T20:20:00","date_gmt":"2023-11-30T17:20:00","guid":{"rendered":"https:\/\/medclinics.com\/tirassiz-sac-ekimi\/"},"modified":"2025-01-26T23:28:55","modified_gmt":"2025-01-26T20:28:55","slug":"tirassiz-sac-ekimi","status":"publish","type":"page","link":"https:\/\/medclinics.com\/tr\/tirassiz-sac-ekimi\/","title":{"rendered":"T\u0131ra\u015fs\u0131z Sa\u00e7 Ekimi"},"content":{"rendered":"\n<h2 class=\"wp-block-heading\">T\u0131ra\u015fs\u0131z sa\u00e7 ekimi, \u00f6zellikle kad\u0131nlar aras\u0131nda olduk\u00e7a pop\u00fclerdir.<\/h2>\n\n<p>Hangi kad\u0131n ge\u00e7ici bir s\u00fcre i\u00e7in bile olsa kel dola\u015fmak ister?<\/p>\n\n<p><a href=\"https:\/\/istanbul-tourist-information.com\/en\/category\/hair\/\" target=\"_blank\" rel=\"noreferrer noopener\">Sa\u00e7 ekimi<\/a> genellikle ba\u015f\u0131n tamam\u0131n\u0131n t\u0131ra\u015f edilmesini gerektirir. Bu, doktorun sa\u00e7 k\u00f6klerine ve ayr\u0131ca al\u0131c\u0131 b\u00f6lgeye daha iyi eri\u015febilmesi i\u00e7in yap\u0131l\u0131r.<\/p>\n\n<p>T\u0131ra\u015fs\u0131z sa\u00e7 ekiminde, cerrah\u0131n sa\u00e7 k\u00f6klerine eri\u015febilmesi i\u00e7in sadece don\u00f6r b\u00f6lgedeki sa\u00e7lar belirli bir uzunlukta k\u0131salt\u0131l\u0131r. Al\u0131c\u0131 b\u00f6lge hi\u00e7 t\u0131ra\u015f edilmez.<\/p>\n\n<p>Bu teknik genellikle sa\u00e7 \u00e7izgisi veya ta\u00e7 gibi kafa derisinin sadece k\u00fc\u00e7\u00fck bir k\u0131sm\u0131n\u0131n tedavi edilmesi gerekti\u011finde kullan\u0131l\u0131r.<\/p>\n\n<p>Bu durumda genellikle nakil y\u00f6ntemi olarak FUE y\u00f6ntemi kullan\u0131l\u0131r.<\/p>\n\n<p>T\u0131ra\u015fs\u0131z sa\u00e7 ekimi, t\u0131ra\u015fl\u0131 sa\u00e7 ekimine g\u00f6re daha uzun s\u00fcrer, \u00e7\u00fcnk\u00fc cerrah\u0131n don\u00f6r b\u00f6lgedeki mevcut sa\u00e7lar\u0131 korurken sa\u00e7 k\u00f6klerini dikkatlice k\u0131saltmas\u0131 ve \u00e7\u0131karmas\u0131 gerekir.<\/p>\n\n<p>T\u0131ra\u015fs\u0131z nakilden sonra ge\u00e7ici bir kabuk olu\u015fabilir. \u015ei\u015flik ve k\u0131zar\u0131kl\u0131k da beklenmelidir.<br\/>Ancak genel olarak iyile\u015fme s\u00fcresi normal sa\u00e7 ekimine g\u00f6re daha k\u0131sad\u0131r.<\/p>\n\n<h3 class=\"wp-block-heading\">Fiyat, bak\u0131m sonras\u0131 ve iyile\u015fme s\u00fcreci dahil olmak \u00fczere <a href=\"https:\/\/medclinics.com\/tr\/sac-ekimi\/\" target=\"_blank\" rel=\"noreferrer noopener\">sa\u00e7 ekimi ameliyatlar\u0131<\/a> hakk\u0131nda bilmeniz gereken her \u015fey veya <a href=\"#requestform\">bizimle ileti\u015fime<\/a> ge\u00e7in!<\/h3>\n\n<figure class=\"wp-block-image size-full is-resized\"><img fetchpriority=\"high\" decoding=\"async\" width=\"711\" height=\"400\" src=\"https:\/\/medclinics.com\/wp-content\/uploads\/2023\/10\/hair-transplant-without-shaving-near-me-edited.jpg\" alt=\"T&#x131;ra&#x15F;s&#x131;z sa&#xE7; ekimi\" class=\"wp-image-116039\" style=\"object-fit:cover;width:960px;height:540px\" srcset=\"https:\/\/medclinics.com\/wp-content\/uploads\/2023\/10\/hair-transplant-without-shaving-near-me-edited.jpg 711w, https:\/\/medclinics.com\/wp-content\/uploads\/2023\/10\/hair-transplant-without-shaving-near-me-edited-500x281.jpg 500w, https:\/\/medclinics.com\/wp-content\/uploads\/2023\/10\/hair-transplant-without-shaving-near-me-edited-24x14.jpg 24w, https:\/\/medclinics.com\/wp-content\/uploads\/2023\/10\/hair-transplant-without-shaving-near-me-edited-36x20.jpg 36w, https:\/\/medclinics.com\/wp-content\/uploads\/2023\/10\/hair-transplant-without-shaving-near-me-edited-48x27.jpg 48w\" sizes=\"(max-width: 711px) 100vw, 711px\" \/><\/figure>\n\n<h2 class=\"wp-block-heading\">SSS  <\/h2>\n<div id=\"rank-math-faq\" class=\"rank-math-block\">\n<div class=\"rank-math-list \">\n<div id=\"faq-question-1683391548998\" class=\"rank-math-list-item\">\n<h3 class=\"rank-math-question \">T\u0131ra\u015fs\u0131z sa\u00e7 ekimi nas\u0131l yap\u0131l\u0131r?<\/h3>\n<div class=\"rank-math-answer \">\n\n<p>T\u0131ra\u015fs\u0131z sa\u00e7 ekiminde sadece don\u00f6r b\u00f6lgenin belirli bir uzunlukta kesilmesi gerekir. Al\u0131c\u0131 b\u00f6lge hi\u00e7 t\u0131ra\u015f edilmez. Bu y\u00f6ntem \u00e7ok fazla deneyim gerektirir.<\/p>\n\n<\/div>\n<\/div>\n<div id=\"faq-question-1683391585179\" class=\"rank-math-list-item\">\n<h3 class=\"rank-math-question \">T\u0131ra\u015fs\u0131z sa\u00e7 ekimi i\u00e7in sa\u00e7 ekimi y\u00f6ntemi kullan\u0131l\u0131r m\u0131?<\/h3>\n<div class=\"rank-math-answer \">\n\n<p>Genellikle t\u0131ra\u015fs\u0131z sa\u00e7 ekimi i\u00e7in FUE tekni\u011fi kullan\u0131lacakt\u0131r.<\/p>\n\n<\/div>\n<\/div>\n<div id=\"faq-question-1683391788739\" class=\"rank-math-list-item\">\n<h3 class=\"rank-math-question \">T\u0131ra\u015fs\u0131z sa\u00e7 ekimi klasik sa\u00e7 ekimi y\u00f6ntemlerine g\u00f6re daha m\u0131 pahal\u0131d\u0131r? <\/h3>\n<div class=\"rank-math-answer \">\n\n<p>Genel olarak, t\u0131ra\u015fs\u0131z sa\u00e7 ekimi tekni\u011fi, t\u00fcm kafay\u0131 t\u0131ra\u015f etmeden prosed\u00fcr\u00fc ger\u00e7ekle\u015ftirmek i\u00e7in gereken ek zaman ve \u00e7aba nedeniyle geleneksel sa\u00e7 ekimi tekniklerinden daha pahal\u0131 olabilir. <\/p>\n\n<\/div>\n<\/div>\n<div id=\"faq-question-1683392049787\" class=\"rank-math-list-item\">\n<h3 class=\"rank-math-question \">T\u0131ra\u015fs\u0131z sa\u00e7 ekimi ne zaman tercih edilir?<\/h3>\n<div class=\"rank-math-answer \">\n\n<p>Bu teknik genellikle sa\u00e7 \u00e7izgisi veya ta\u00e7 gibi kafa derisinin sadece k\u00fc\u00e7\u00fck bir k\u0131sm\u0131n\u0131n tedavi edilmesi gerekti\u011finde kullan\u0131l\u0131r.<\/p>\n\n<\/div>\n<\/div>\n<\/div>\n<\/div>\n<p><\/p>\n\n<h3 class=\"wp-block-heading\">Herhangi bir sorunuz olmas\u0131 durumunda hemen bizimle ileti\u015fime ge\u00e7in!<\/h3>\n","protected":false},"excerpt":{"rendered":"<p>T\u0131ra\u015fs\u0131z sa\u00e7 ekimi, \u00f6zellikle kad\u0131nlar aras\u0131nda olduk\u00e7a pop\u00fclerdir. Hangi kad\u0131n ge\u00e7ici bir s\u00fcre i\u00e7in bile olsa kel dola\u015fmak ister? Sa\u00e7 [&hellip;]<\/p>\n","protected":false},"author":4,"featured_media":91876,"parent":0,"menu_order":0,"comment_status":"closed","ping_status":"closed","template":"","meta":{"site-sidebar-layout":"default","site-content-layout":"","ast-site-content-layout":"default","site-content-style":"default","site-sidebar-style":"default","ast-global-header-display":"","ast-banner-title-visibility":"","ast-main-header-display":"","ast-hfb-above-header-display":"","ast-hfb-below-header-display":"","ast-hfb-mobile-header-display":"","site-post-title":"","ast-breadcrumbs-content":"","ast-featured-img":"","footer-sml-layout":"","ast-disable-related-posts":"","theme-transparent-header-meta":"","adv-header-id-meta":"","stick-header-meta":"","header-above-stick-meta":"","header-main-stick-meta":"","header-below-stick-meta":"","astra-migrate-meta-layouts":"default","ast-page-background-enabled":"default","ast-page-background-meta":{"desktop":{"background-color":"var(--ast-global-color-4)","background-image":"","background-repeat":"repeat","background-position":"center center","background-size":"auto","background-attachment":"scroll","background-type":"","background-media":"","overlay-type":"","overlay-color":"","overlay-opacity":"","overlay-gradient":""},"tablet":{"background-color":"","background-image":"","background-repeat":"repeat","background-position":"center center","background-size":"auto","background-attachment":"scroll","background-type":"","background-media":"","overlay-type":"","overlay-color":"","overlay-opacity":"","overlay-gradient":""},"mobile":{"background-color":"","background-image":"","background-repeat":"repeat","background-position":"center center","background-size":"auto","background-attachment":"scroll","background-type":"","background-media":"","overlay-type":"","overlay-color":"","overlay-opacity":"","overlay-gradient":""}},"ast-content-background-meta":{"desktop":{"background-color":"var(--ast-global-color-5)","background-image":"","background-repeat":"repeat","background-position":"center center","background-size":"auto","background-attachment":"scroll","background-type":"","background-media":"","overlay-type":"","overlay-color":"","overlay-opacity":"","overlay-gradient":""},"tablet":{"background-color":"var(--ast-global-color-5)","background-image":"","background-repeat":"repeat","background-position":"center center","background-size":"auto","background-attachment":"scroll","background-type":"","background-media":"","overlay-type":"","overlay-color":"","overlay-opacity":"","overlay-gradient":""},"mobile":{"background-color":"var(--ast-global-color-5)","background-image":"","background-repeat":"repeat","background-position":"center center","background-size":"auto","background-attachment":"scroll","background-type":"","background-media":"","overlay-type":"","overlay-color":"","overlay-opacity":"","overlay-gradient":""}},"footnotes":""},"class_list":["post-145113","page","type-page","status-publish","has-post-thumbnail","hentry"],"_links":{"self":[{"href":"https:\/\/medclinics.com\/tr\/wp-json\/wp\/v2\/pages\/145113","targetHints":{"allow":["GET"]}}],"collection":[{"href":"https:\/\/medclinics.com\/tr\/wp-json\/wp\/v2\/pages"}],"about":[{"href":"https:\/\/medclinics.com\/tr\/wp-json\/wp\/v2\/types\/page"}],"author":[{"embeddable":true,"href":"https:\/\/medclinics.com\/tr\/wp-json\/wp\/v2\/users\/4"}],"replies":[{"embeddable":true,"href":"https:\/\/medclinics.com\/tr\/wp-json\/wp\/v2\/comments?post=145113"}],"version-history":[{"count":0,"href":"https:\/\/medclinics.com\/tr\/wp-json\/wp\/v2\/pages\/145113\/revisions"}],"wp:featuredmedia":[{"embeddable":true,"href":"https:\/\/medclinics.com\/tr\/wp-json\/wp\/v2\/media\/91876"}],"wp:attachment":[{"href":"https:\/\/medclinics.com\/tr\/wp-json\/wp\/v2\/media?parent=145113"}],"curies":[{"name":"wp","href":"https:\/\/api.w.org\/{rel}","templated":true}]}}