{"id":145095,"date":"2023-05-08T17:16:29","date_gmt":"2023-05-08T14:16:29","guid":{"rendered":"https:\/\/medclinics.com\/safir-fue-sac-ekimi\/"},"modified":"2025-01-03T00:11:01","modified_gmt":"2025-01-02T21:11:01","slug":"safir-fue-sac-ekimi","status":"publish","type":"page","link":"https:\/\/medclinics.com\/tr\/safir-fue-sac-ekimi\/","title":{"rendered":"Sapphire FUE Sa\u00e7 Ekimi | En \u0130yi Klinikler, Fiyatlar ve Daha Fazlas\u0131"},"content":{"rendered":"\n<h2 class=\"wp-block-heading\" id=\"if-youre-looking-for-a-sapphire-fue-hair-transplant-youre-in-right-hands-with-med-clinics\">Safir FUE sa\u00e7 ekimi ar\u0131yorsan\u0131z MedClinics ile do\u011fru ellerdesiniz!<\/h2>\n\n<p>Bu, t\u00fcm ihtiya\u00e7lar\u0131n\u0131z i\u00e7in kapsaml\u0131 bir rehberdir. Sapphire FUE sa\u00e7 ekimi prosed\u00fcrlerini, kliniklerini, maliyetlerini, avantajlar\u0131n\u0131 ve daha fazlas\u0131n\u0131 burada kolayca kar\u015f\u0131la\u015ft\u0131rabilirsiniz. \u0130stedi\u011finizi \u00f6\u011frenebilirsiniz!  <\/p>\n\n<div class=\"wp-block-rank-math-toc-block\" id=\"rank-math-toc\"><h2>\u0130\u00e7indekiler Tablosu<\/h2><nav><ul><li><a href=\"#high-tech-fue-hair-transplantation\">Y\u00fcksek Teknolojili FUE Sa\u00e7 Ekimi<\/a><\/li><li><a href=\"#stage-of-sapphire-fue-hair-transplantation\">Safir FUE Sa\u00e7 Ekimi A\u015famalar\u0131<\/a><\/li><li><a href=\"#the-advantages-of-the-sapphire-fue-hair-transplantation-method\">Safir FUE Sa\u00e7 Ekimi Y\u00f6nteminin Avantajlar\u0131<\/a><\/li><li><a href=\"#why-should-you-prefer-istanbul-turkey-for-your-sapphire-fue-hair-transplantation\">Safir FUE Sa\u00e7 Ekimi i\u00e7in neden \u0130stanbul, T\u00fcrkiye&#8217;yi tercih etmelisiniz?<\/a><\/li><li><a href=\"#prices-compared-to-other-countries-2024\">Di\u011fer \u00fclkelere k\u0131yasla fiyatlar, 2023<\/a><\/li><li><a href=\"#what-you-need-to-know-before-you-decide-for-a-sapphire-fue-hair-transplantation\">Safir FUE Sa\u00e7 Ekimi i\u00e7in karar vermeden \u00f6nce bilmeniz gerekenler nelerdir?<\/a><\/li><li><a href=\"#faq\">SSS<\/a><\/li><\/ul><\/nav><\/div>\n\n<p><\/p>\n\n<figure class=\"wp-block-image size-large\"><img fetchpriority=\"high\" decoding=\"async\" width=\"1440\" height=\"470\" src=\"https:\/\/medclinics.com\/wp-content\/uploads\/2023\/04\/hair-transplant-in-istanbul.jpg\" alt=\"&#x130;stanbul'da Safir FUE sa&#xE7; ekimi\" class=\"wp-image-53360\" srcset=\"https:\/\/medclinics.com\/wp-content\/uploads\/2023\/04\/hair-transplant-in-istanbul.jpg 1440w, https:\/\/medclinics.com\/wp-content\/uploads\/2023\/04\/hair-transplant-in-istanbul-500x163.jpg 500w, https:\/\/medclinics.com\/wp-content\/uploads\/2023\/04\/hair-transplant-in-istanbul-1024x334.jpg 1024w, https:\/\/medclinics.com\/wp-content\/uploads\/2023\/04\/hair-transplant-in-istanbul-768x251.jpg 768w\" sizes=\"(max-width: 1440px) 100vw, 1440px\" \/><\/figure>\n\n<h2 class=\"wp-block-heading\" id=\"high-tech-fue-hair-transplantation\">Y\u00fcksek Teknolojili FUE Sa\u00e7 Ekimi<\/h2>\n\n<p>Sa\u00e7 d\u00f6k\u00fclmesine neden olan bir\u00e7ok fakt\u00f6r vard\u0131r. Bunlar genetik ya da \u00e7evresel olabilir. Bu nedenle <a href=\"https:\/\/hairtransplant.gen.tr\/\" target=\"_blank\" rel=\"noopener\">sa\u00e7 ek<\/a>imine olan ilgi giderek artmaktad\u0131r. Geli\u015fen teknoloji ile birlikte bir\u00e7ok sa\u00e7 ekimi y\u00f6ntemi bulunmaktad\u0131r. FUE y\u00f6ntemi g\u00fcn\u00fcm\u00fczde en geli\u015fmi\u015f sa\u00e7 ekim tekni\u011fidir. Do\u011fal g\u00f6r\u00fcn\u00fcml\u00fc sonu\u00e7lar verir. Safir FUE y\u00f6ntemi ile daha y\u00fcksek bir ba\u015far\u0131 oran\u0131 elde edilebilir. Safir u\u00e7lu \u00f6zel bir cihaz kullan\u0131l\u0131r.        <\/p>\n\n<p>FUE sa\u00e7 ekiminde \u00e7elik b\u0131\u00e7aklar kullan\u0131l\u0131r. Safir FUE nakillerinde safir b\u0131\u00e7aklar kullan\u0131l\u0131r. Safir b\u0131\u00e7aklar \u00f6zellikle al\u0131c\u0131 b\u00f6lgede kesi yapmak i\u00e7in kullan\u0131\u015fl\u0131d\u0131r. Bu, FUE ve Safir FUE sa\u00e7 ekimi aras\u0131ndaki farkt\u0131r. B\u0131\u00e7aklar, greftlerin yap\u0131ld\u0131\u011f\u0131 alanda k\u00fc\u00e7\u00fck mikro kanallar a\u00e7ar. Bu iyile\u015fme s\u00fcrecini h\u0131zland\u0131r\u0131r ve kabuklanmay\u0131 en aza indirir.      <\/p>\n\n<h2 class=\"wp-block-heading\" id=\"stage-of-sapphire-fue-hair-transplantation\">Safir FUE Sa\u00e7 Ekimi A\u015famalar\u0131<\/h2>\n\n<p>Safir tekni\u011finde sa\u00e7 k\u00f6kleri don\u00f6r b\u00f6lgeden al\u0131n\u0131r. Bu b\u00f6lge genellikle ba\u015f\u0131n arka k\u0131sm\u0131d\u0131r. Daha sonra safir b\u0131\u00e7aklarla V \u015feklinde kesiler yap\u0131l\u0131r. Sa\u00e7 k\u00f6kleri buraya tek tek nakledilir.   <\/p>\n\n<p>Don\u00f6r b\u00f6lgedeki sa\u00e7 rezervi sonucu en \u00e7ok etkileyen fakt\u00f6rd\u00fcr. Ciddi sa\u00e7 d\u00f6k\u00fclmesi varsa Safir FUE \u00e7ok etkili olabilir. Ancak don\u00f6r b\u00f6lgenizdeki sa\u00e7lara g\u00f6re ger\u00e7ek\u00e7i sonu\u00e7lar beklemelisiniz.  <\/p>\n\n<h2 class=\"wp-block-heading\" id=\"the-advantages-of-the-sapphire-fue-hair-transplantation-method\">Safir FUE Sa\u00e7 Ekimi Y\u00f6nteminin Avantajlar\u0131<\/h2>\n\n<p>Safir yapraklar sert ve p\u00fcr\u00fczs\u00fczd\u00fcr. Dolay\u0131s\u0131yla, safir b\u0131\u00e7akla yap\u0131lan kesimler m\u00fckemmele yak\u0131nd\u0131r. Doktorlar daha s\u0131k kesim yapabilirler. \u00c7\u00fcnk\u00fc safir b\u0131\u00e7aklar\u0131n V \u015feklinde u\u00e7lar\u0131 vard\u0131r. Bunlar \u015funlar\u0131 sa\u011flar:    <\/p>\n\n<ul class=\"wp-block-list\">\n<li>Minimal doku hasar\u0131<\/li>\n\n\n\n<li>H\u0131zl\u0131 iyile\u015fme<\/li>\n\n\n\n<li>Daha do\u011fal sonu\u00e7lar<\/li>\n\n\n\n<li>Alerjisi olan ki\u015filer i\u00e7in faydal\u0131d\u0131r (\u00f6rn. metal alerjileri)<\/li>\n\n\n\n<li>Sa\u00e7 y\u00f6n\u00fc kolayca ayarlanabilir<\/li>\n<\/ul>\n\n<figure class=\"wp-block-image size-full is-resized\"><img decoding=\"async\" width=\"780\" height=\"488\" src=\"https:\/\/medclinics.com\/wp-content\/uploads\/2024\/04\/sapphire-fue-hair-transplant-clinics.jpg\" alt=\"sapphire fue sa&#xE7; eki&#x307;m kli&#x307;ni&#x307;kleri&#x307;\" class=\"wp-image-163046\" style=\"width:900px;height:auto\" srcset=\"https:\/\/medclinics.com\/wp-content\/uploads\/2024\/04\/sapphire-fue-hair-transplant-clinics.jpg 780w, https:\/\/medclinics.com\/wp-content\/uploads\/2024\/04\/sapphire-fue-hair-transplant-clinics-300x188.jpg 300w, https:\/\/medclinics.com\/wp-content\/uploads\/2024\/04\/sapphire-fue-hair-transplant-clinics-768x480.jpg 768w\" sizes=\"(max-width: 780px) 100vw, 780px\" \/><\/figure>\n\n<h2 class=\"wp-block-heading\" id=\"why-should-you-prefer-istanbul-turkey-for-your-sapphire-fue-hair-transplantation\">Safir FUE Sa\u00e7 Ekimi i\u00e7in neden \u0130stanbul, T\u00fcrkiye&#8217;yi tercih etmelisiniz?<\/h2>\n\n<p>\u0130stanbul&#8217;u ziyaret ederseniz, muhtemelen u\u00e7akta sa\u00e7 ektirmi\u015f bir\u00e7ok insanla kar\u015f\u0131la\u015facaks\u0131n\u0131z. \u015eehir sa\u00e7 d\u00f6k\u00fclmesi tedavisi i\u00e7in pop\u00fclerdir.  Ama neden?<\/p>\n\n<p>\u00d6ncelikle Sapphire FUE Sa\u00e7 ekimi T\u00fcrkiye fiyatlar\u0131 di\u011fer \u00fclkelere g\u00f6re daha d\u00fc\u015f\u00fckt\u00fcr. \u00d6zellikle bat\u0131 \u00fclkeleri T\u00fcrkiye&#8217;den daha pahal\u0131d\u0131r. Bu y\u00fczden insanlar buray\u0131 se\u00e7iyor.  <\/p>\n\n<p>\u0130stanbul, T\u00fcrkiye&#8217;deki sa\u00e7 ekimi klinikleri bu alanda \u00fcn kazanm\u0131\u015ft\u0131r. Y\u00fcksek kaliteli ekipmanlar, deneyimli ve yetenekli doktor, nazik sa\u011fl\u0131k personeli, ula\u015f\u0131m hizmetleri ve daha fazlas\u0131n\u0131 sa\u011flarlar. <\/p>\n\n<p>T\u00fcrk doktorlar sizin isteklerinizi dikkatle dinleyecektir. Kolayca \u00e7evrimi\u00e7i kons\u00fcltasyon alabilir ve sorular\u0131n\u0131z\u0131 onlara sorabilirsiniz. \u0130htiya\u00e7lar\u0131n\u0131za g\u00f6re uygun bir tedavi plan\u0131 yaparlar.   <\/p>\n\n<p>\u0130leti\u015fim art\u0131k bir engel de\u011fil! \u0130stanbul&#8217;daki sa\u00e7 ekimi kliniklerinde \u00e7ok dilli t\u0131bbi personel bulunmaktad\u0131r. Ayr\u0131ca, T\u00fcrkiye&#8217;de di\u011fer \u00fclkelere k\u0131yasla daha kolay randevu alabilirsiniz.  <\/p>\n\n<p>\u0130stanbul&#8217;da Sapphire FUE sa\u00e7 ekimi tedaviniz i\u00e7in hala randevu almad\u0131n\u0131z m\u0131? Hadi bizimle ileti\u015fime ge\u00e7in ve her \u015feyi \u00f6\u011frenin! <\/p>\n\n<h2 class=\"wp-block-heading\" id=\"prices-compared-to-other-countries-2024\">Di\u011fer \u00fclkelere k\u0131yasla fiyatlar, 2023<\/h2>\n\n<figure class=\"wp-block-table is-style-stripes\"><table class=\"has-black-color has-text-color has-background\" style=\"background-color:#e1ecf3\"><thead><tr><th>Sa\u00e7 Ekimi<\/th><th class=\"has-text-align-center\" data-align=\"center\">T\u00fcrkiye&#8217;de Sa\u00e7 Ekimi Maliyeti<\/th><th class=\"has-text-align-center\" data-align=\"center\">Berlin&#8217;de Sa\u00e7 Ekimi Maliyeti<\/th><th class=\"has-text-align-center\" data-align=\"center\">\u0130ngiltere&#8217;de Sa\u00e7 Ekimi Maliyeti<\/th><th class=\"has-text-align-center\" data-align=\"center\">ABD&#8217;de Sa\u00e7 Ekimi Maliyeti<\/th><th class=\"has-text-align-center\" data-align=\"center\">Hollanda&#8217;da Sa\u00e7 Ekimi Maliyeti<\/th><\/tr><\/thead><tbody><tr><td>Sa\u00e7 Ekimi<\/td><td class=\"has-text-align-center\" data-align=\"center\"><br\/>adresinden ba\u015flar 1.700 \u20ac<\/td><td class=\"has-text-align-center\" data-align=\"center\"><br\/>7.000 \u20ac&#8217;dan ba\u015fl\u0131yor<\/td><td class=\"has-text-align-center\" data-align=\"center\"><br\/>adresinden ba\u015flar 10.000 \u20ac<\/td><td class=\"has-text-align-center\" data-align=\"center\"><br\/>12.500 \u20ac&#8217;dan ba\u015fl\u0131yor<\/td><td class=\"has-text-align-center\" data-align=\"center\"><br\/>4000\u20ac&#8217;dan ba\u015fl\u0131yor<\/td><\/tr><\/tbody><\/table><\/figure>\n\n<h2 class=\"wp-block-heading\" id=\"what-you-need-to-know-before-you-decide-for-a-sapphire-fue-hair-transplantation\">Safir FUE Sa\u00e7 Ekimi i\u00e7in karar vermeden \u00f6nce bilmeniz gerekenler nelerdir?<\/h2>\n\n<ul class=\"wp-block-list\">\n<li>Farkl\u0131 boyutlarda safir u\u00e7lar kullan\u0131l\u0131r. Bu sayede a\u015f\u0131lanacak sa\u00e7 k\u00f6klerine en yak\u0131n \u00e7apta kanallar a\u00e7\u0131l\u0131r. <\/li>\n\n\n\n<li>Don\u00f6r b\u00f6lgede yeterli sa\u00e7 k\u00f6k\u00fcn\u00fcz varsa ve 20-60 ya\u015f aras\u0131ndaysan\u0131z, bu sa\u00e7 d\u00f6k\u00fclmesi tedavisini yapt\u0131rabilirsiniz.<\/li>\n\n\n\n<li>Safir FUE sa\u00e7 ekimi, \u015fiddetli, yayg\u0131n sa\u00e7 d\u00f6k\u00fclmesi i\u00e7in yayg\u0131n bir y\u00f6ntemdir.<\/li>\n\n\n\n<li>Temporal yar\u0131k, sa\u00e7 \u00e7izgisi \u00e7ekilmesi, ta\u00e7ta yar\u0131k veya ta\u00e7ta yar\u0131k i\u00e7in kal\u0131c\u0131 bir \u00e7\u00f6z\u00fcmd\u00fcr.<\/li>\n\n\n\n<li>E\u011fer g\u00fcvenilir bir klinik ar\u0131yorsan\u0131z, bunun i\u00e7in \u0130stanbul&#8217;u tercih edebilirsiniz. \u0130stanbul&#8217;da FUE Safir sa\u00e7 ekimi i\u00e7in bir\u00e7ok deneyimli doktor bulunmaktad\u0131r.  <\/li>\n\n\n\n<li>Ayr\u0131ca, <a href=\"https:\/\/medclinics.com\/tr\/almanyadaki-en-iyi-sac-ekimi-klinikleri-cerrahlar-fiyatlar\/\">Almanya<\/a>, <a href=\"https:\/\/medclinics.com\/tr\/macaristan-budapestedeki-en-iyi-sac-ekimi-klinikleri-cerrahlar-fiyatlar\/\">Macaristan<\/a>, <a href=\"https:\/\/medclinics.com\/tr\/cek-cumhuriyetindeki-en-iyi-sac-ekimi-klinikleri-cerrahlar-fiyatlar\/\">\u00c7ek Cumhuriyeti<\/a>, <a href=\"https:\/\/medclinics.com\/tr\/taylanddaki-en-iyi-sac-ekimi-klinikleri-cerrahlar-fiyatlar\/\">Tayland<\/a> ve <a href=\"https:\/\/medclinics.com\/tr\/hollandadaki-en-iyi-sac-ekimi-klinikleri-en-iyi-5-ulke-fiyatlar-ve-daha-fazlasi\/\">Hollanda<\/a> &#8216;da sa\u00e7 ekimi i\u00e7in bloglar\u0131m\u0131z\u0131 okuyabilirsiniz. B\u00f6ylece kolayca kar\u015f\u0131la\u015ft\u0131rabilirsiniz. <\/li>\n\n\n\n<li>FUE Sapphire sa\u00e7 ekiminden 2 &#8211; 3 ay sonra sa\u00e7lar tekrar \u00e7\u0131kar ve uzamaya ba\u015flar. Yeni sa\u00e7lar 5 ay i\u00e7inde kal\u0131c\u0131 olarak \u00e7\u0131kar ve 1 y\u0131l sonra t\u0131ra\u015f edilebilir. <\/li>\n\n\n\n<li>Standart FUE y\u00f6ntemine k\u0131yasla Sapphire FUE sa\u00e7 ekimi %15 daha h\u0131zl\u0131 sa\u00e7 b\u00fcy\u00fcmesi ve %30 daha fazla sa\u00e7 b\u00fcy\u00fcmesi sa\u011flar.<\/li>\n\n\n\n<li>Sapphire FUE sa\u00e7 ekimi fiyatlar\u0131 genellikle di\u011fer \u00fclkelere g\u00f6re daha d\u00fc\u015f\u00fckt\u00fcr. T\u00fcrk sa\u00e7 ekimi doktorlar\u0131 bu alanda markalar\u0131n\u0131 yaratm\u0131\u015flard\u0131r. Y\u00fcksek kalite standartlar\u0131n\u0131 sa\u011flarlar.  <\/li>\n<\/ul>\n\n<p>Fiyat, bak\u0131m sonras\u0131 ve iyile\u015fme s\u00fcreci dahil olmak \u00fczere <a href=\"https:\/\/medclinics.com\/tr\/sac-ekimi\/\" target=\"_blank\" rel=\"noreferrer noopener\">sa\u00e7 ekimi ameliyatlar\u0131<\/a> hakk\u0131nda bilmeniz gereken her \u015fey veya <a href=\"#requestform\">bizimle ileti\u015fime<\/a> ge\u00e7in!<\/p>\n\n<h2 class=\"wp-block-heading\" id=\"faq\">SSS  <\/h2>\n<div id=\"rank-math-faq\" class=\"rank-math-block\">\n<div class=\"rank-math-list \">\n<div id=\"faq-question-1683391548998\" class=\"rank-math-list-item\">\n<h3 class=\"rank-math-question \">FUE y\u00f6ntemi nedir?<\/h3>\n<div class=\"rank-math-answer \">\n\n<p>FUE, Folik\u00fcler \u00dcnite Ekstraksiyonu olarak bilinir. Sa\u00e7 ekimi i\u00e7in en \u00e7ok tercih edilen y\u00f6ntemdir. Bu teknik ile don\u00f6r b\u00f6lgedeki greftler tek tek toplan\u0131r. Daha sonra gelecek sa\u00e7lar i\u00e7in kanallar a\u00e7\u0131l\u0131r. Ve sa\u00e7lar teker teker al\u0131c\u0131 b\u00f6lgeye nakledilir.   Bu teknik, en fazla miktarda don\u00f6r sa\u00e7\u0131 alman\u0131za ve greftleri \u00e7\u0131kar\u0131rken reddetme y\u00fczdesini en aza indirmenize olanak tan\u0131r.  <\/p>\n\n<\/div>\n<\/div>\n<div id=\"faq-question-1683391585179\" class=\"rank-math-list-item\">\n<h3 class=\"rank-math-question \">FUE y\u00f6ntemi ile sa\u00e7 ekimi a\u011fr\u0131l\u0131 m\u0131d\u0131r?<\/h3>\n<div class=\"rank-math-answer \">\n\n<p>Hay\u0131r. FUE tekni\u011fi a\u011fr\u0131s\u0131zd\u0131r. \u0130\u015flem lokal anestezi alt\u0131nda yap\u0131ld\u0131\u011f\u0131ndan, operasyon s\u0131ras\u0131nda herhangi bir a\u011fr\u0131 hissetmezsiniz. Bununla birlikte, ameliyattan sonraki ilk g\u00fcnlerde normal a\u011fr\u0131 kesicilerle kolayca halledilebilecek hafif bir a\u011fr\u0131 hissedebilirsiniz.<\/p>\n\n<\/div>\n<\/div>\n<div id=\"faq-question-1683391788739\" class=\"rank-math-list-item\">\n<h3 class=\"rank-math-question \">Ka\u00e7 greft nakledilebilir?<\/h3>\n<div class=\"rank-math-answer \">\n\n<p>Bir seansta normalde en fazla 5.000 greft nakledilir. Daha fazlas\u0131na ihtiyac\u0131n\u0131z varsa, doktorunuz 6 ay sonra ikinci bir seans \u00f6nerecektir.<\/p>\n\n<\/div>\n<\/div>\n<div id=\"faq-question-1683392049787\" class=\"rank-math-list-item\">\n<h3 class=\"rank-math-question \">DHI ve FUE y\u00f6ntemi aras\u0131ndaki fark nedir?<\/h3>\n<div class=\"rank-math-answer \">\n\n<p>FUE y\u00f6nteminde greftler don\u00f6r b\u00f6lgeden toplan\u0131r, bir s\u0131v\u0131 i\u00e7erisine konur ve t\u00fcm greftler toplan\u0131r toplanmaz nakledilir.<br \/>DHI y\u00f6nteminde ise greftler herhangi bir s\u0131v\u0131 i\u00e7erisinde bekletilmeden topland\u0131\u011f\u0131 anda nakledilir.<\/p>\n\n<\/div>\n<\/div>\n<\/div>\n<\/div>\n<p><\/p>\n\n<h3 class=\"wp-block-heading\" id=\"contact-us-now-in-case-you-have-any-questions\">Herhangi bir sorunuz olmas\u0131 durumunda hemen bizimle ileti\u015fime ge\u00e7in!<\/h3>\n","protected":false},"excerpt":{"rendered":"<p>Safir FUE sa\u00e7 ekimi ar\u0131yorsan\u0131z MedClinics ile do\u011fru ellerdesiniz! Bu, t\u00fcm ihtiya\u00e7lar\u0131n\u0131z i\u00e7in kapsaml\u0131 bir rehberdir. Sapphire FUE sa\u00e7 ekimi [&hellip;]<\/p>\n","protected":false},"author":4,"featured_media":91855,"parent":0,"menu_order":0,"comment_status":"closed","ping_status":"closed","template":"","meta":{"site-sidebar-layout":"default","site-content-layout":"","ast-site-content-layout":"default","site-content-style":"default","site-sidebar-style":"default","ast-global-header-display":"","ast-banner-title-visibility":"","ast-main-header-display":"","ast-hfb-above-header-display":"","ast-hfb-below-header-display":"","ast-hfb-mobile-header-display":"","site-post-title":"","ast-breadcrumbs-content":"","ast-featured-img":"","footer-sml-layout":"","ast-disable-related-posts":"","theme-transparent-header-meta":"","adv-header-id-meta":"","stick-header-meta":"","header-above-stick-meta":"","header-main-stick-meta":"","header-below-stick-meta":"","astra-migrate-meta-layouts":"default","ast-page-background-enabled":"default","ast-page-background-meta":{"desktop":{"background-color":"var(--ast-global-color-4)","background-image":"","background-repeat":"repeat","background-position":"center center","background-size":"auto","background-attachment":"scroll","background-type":"","background-media":"","overlay-type":"","overlay-color":"","overlay-opacity":"","overlay-gradient":""},"tablet":{"background-color":"","background-image":"","background-repeat":"repeat","background-position":"center center","background-size":"auto","background-attachment":"scroll","background-type":"","background-media":"","overlay-type":"","overlay-color":"","overlay-opacity":"","overlay-gradient":""},"mobile":{"background-color":"","background-image":"","background-repeat":"repeat","background-position":"center center","background-size":"auto","background-attachment":"scroll","background-type":"","background-media":"","overlay-type":"","overlay-color":"","overlay-opacity":"","overlay-gradient":""}},"ast-content-background-meta":{"desktop":{"background-color":"var(--ast-global-color-5)","background-image":"","background-repeat":"repeat","background-position":"center center","background-size":"auto","background-attachment":"scroll","background-type":"","background-media":"","overlay-type":"","overlay-color":"","overlay-opacity":"","overlay-gradient":""},"tablet":{"background-color":"var(--ast-global-color-5)","background-image":"","background-repeat":"repeat","background-position":"center center","background-size":"auto","background-attachment":"scroll","background-type":"","background-media":"","overlay-type":"","overlay-color":"","overlay-opacity":"","overlay-gradient":""},"mobile":{"background-color":"var(--ast-global-color-5)","background-image":"","background-repeat":"repeat","background-position":"center center","background-size":"auto","background-attachment":"scroll","background-type":"","background-media":"","overlay-type":"","overlay-color":"","overlay-opacity":"","overlay-gradient":""}},"footnotes":""},"class_list":["post-145095","page","type-page","status-publish","has-post-thumbnail","hentry"],"_links":{"self":[{"href":"https:\/\/medclinics.com\/tr\/wp-json\/wp\/v2\/pages\/145095","targetHints":{"allow":["GET"]}}],"collection":[{"href":"https:\/\/medclinics.com\/tr\/wp-json\/wp\/v2\/pages"}],"about":[{"href":"https:\/\/medclinics.com\/tr\/wp-json\/wp\/v2\/types\/page"}],"author":[{"embeddable":true,"href":"https:\/\/medclinics.com\/tr\/wp-json\/wp\/v2\/users\/4"}],"replies":[{"embeddable":true,"href":"https:\/\/medclinics.com\/tr\/wp-json\/wp\/v2\/comments?post=145095"}],"version-history":[{"count":0,"href":"https:\/\/medclinics.com\/tr\/wp-json\/wp\/v2\/pages\/145095\/revisions"}],"wp:featuredmedia":[{"embeddable":true,"href":"https:\/\/medclinics.com\/tr\/wp-json\/wp\/v2\/media\/91855"}],"wp:attachment":[{"href":"https:\/\/medclinics.com\/tr\/wp-json\/wp\/v2\/media?parent=145095"}],"curies":[{"name":"wp","href":"https:\/\/api.w.org\/{rel}","templated":true}]}}