{"id":145039,"date":"2023-05-25T18:52:31","date_gmt":"2023-05-25T18:52:31","guid":{"rendered":"https:\/\/medclinics.com\/tam-kapsamli-check-up\/"},"modified":"2024-04-01T14:59:52","modified_gmt":"2024-04-01T11:59:52","slug":"tam-kapsamli-check-up","status":"publish","type":"page","link":"https:\/\/medclinics.com\/tr\/tam-kapsamli-check-up\/","title":{"rendered":"Tam Kapsaml\u0131 Check Up"},"content":{"rendered":"\n<h2 class=\"wp-block-heading\" id=\"medical-check-up\">Medikal Check Up<\/h2>\n\n<p>v\u00fccudunuzda her \u015feyin yolunda olup olmad\u0131\u011f\u0131n\u0131 kontrol etmenizi sa\u011flayacak \u00e7ok \u00e7e\u015fitli test ve muayeneleri i\u00e7eren bir v\u00fccut kontrolleri ve hastal\u0131klar\u0131n erken te\u015fhisi program\u0131d\u0131r.<\/p>\n\n<div class=\"wp-block-rank-math-toc-block\" id=\"rank-math-toc\"><h2>\u0130\u00e7indekiler Tablosu<\/h2><nav><ul><li><a href=\"#medical-check-up\">Medikal Check Up<\/a><\/li><li><a href=\"#so-what-is\">Peki Nedir<\/a><\/li><li><a href=\"#treatment-plan\">Tedavi Plan\u0131<\/a><\/li><li><a href=\"#types-and-methods\">T\u00fcrler ve Y\u00f6ntemler<\/a><\/li><li><a href=\"#medical-check-up-costs-by-country\">\u00dclkelere g\u00f6re T\u0131bbi Kontrol Maliyetleri<\/a><\/li><li><a href=\"#faq\">SSS<\/a><\/li><li><a href=\"#history\">Tarih<\/a><\/li><\/ul><\/nav><\/div>\n\n<h2 class=\"wp-block-heading\" id=\"so-what-is\">Peki Nedir<\/h2>\n\n<ul class=\"wp-block-list\">\n<li>T\u0131bbi Check-up, 1-2 g\u00fcn i\u00e7inde (karma\u015f\u0131kl\u0131\u011fa ba\u011fl\u0131 olarak) v\u00fccudunuzda her \u015feyin yolunda olup olmad\u0131\u011f\u0131n\u0131 kontrol etmenizi sa\u011flayacak \u00e7ok \u00e7e\u015fitli test ve muayeneleri i\u00e7eren v\u00fccut kontrolleri ve hastal\u0131klar\u0131n erken te\u015fhisi program\u0131d\u0131r.  <\/li>\n\n\n\n<li>D\u00fcnya Sa\u011fl\u0131k \u00d6rg\u00fct\u00fc, 40 ya\u015f\u0131ndan \u00f6nce her 2-3 y\u0131lda bir, 40 ya\u015f\u0131ndan sonra ise her y\u0131l t\u0131bbi kontrollerin yap\u0131lmas\u0131n\u0131 \u00f6nermektedir.<\/li>\n\n\n\n<li>T\u0131bbi kontrol program\u0131, t\u0131bbi durumlar\u0131na, \u015fikayetlerine ve ya\u015flar\u0131na g\u00f6re her hasta i\u00e7in ayr\u0131 ayr\u0131 se\u00e7ilir.<\/li>\n\n\n\n<li>T\u0131bbi Check-up bir\u00e7ok hastal\u0131\u011f\u0131 \u00f6nlemenizi sa\u011flarken, hastal\u0131\u011f\u0131n erken evrelerinde gerekli tedaviye ba\u015flama f\u0131rsat\u0131 da verir. <\/li>\n<\/ul>\n\n<h2 class=\"wp-block-heading\" id=\"treatment-plan\">Tedavi Plan\u0131<\/h2>\n<div id=\"rank-math-faq\" class=\"rank-math-block\">\n<div class=\"rank-math-list \">\n<div id=\"faq-question-1686304666791\" class=\"rank-math-list-item\">\n<h3 class=\"rank-math-question \">1. G\u00fcn<\/h3>\n<div class=\"rank-math-answer \">\n\n<p>Tedavinizi y\u00fcr\u00fcten onkolog ile kons\u00fcltasyon<br \/>L\u00fctfen klini\u011fe a\u00e7 karn\u0131na gelin<br \/>Tan\u0131mlanacak 4 t\u00fcm\u00f6r belirteci hakk\u0131nda belirleme<br \/>PET CT&#8217;nin Performans\u0131<br \/>Size \u0130ngilizce konu\u015fan bir asistan e\u015flik edecek<\/p>\n\n<\/div>\n<\/div>\n<div id=\"faq-question-1686304680037\" class=\"rank-math-list-item\">\n<h3 class=\"rank-math-question \">2. G\u00fcn<\/h3>\n<div class=\"rank-math-answer \">\n\n<p>Sonu\u00e7lar\u0131n\u0131z \u015fimdi haz\u0131r<br \/>Tedavinizi y\u00fcr\u00fcten onkolog ile ikinci kons\u00fcltasyon<br \/>Detayl\u0131 kons\u00fcltasyon ve gerekirse ileri tedavi i\u00e7in \u00f6neri<br \/>T\u00fcm sonu\u00e7lar\u0131 yaz\u0131l\u0131 ve \u0130ngilizce olarak alacaks\u0131n\u0131z<\/p>\n\n<\/div>\n<\/div>\n<\/div>\n<\/div>\n<figure class=\"wp-block-image size-full\"><img fetchpriority=\"high\" decoding=\"async\" width=\"960\" height=\"550\" src=\"https:\/\/medclinics.com\/wp-content\/uploads\/2023\/05\/medical-check-up-in-istanbul-1.jpg\" alt=\"istanbul'da-t&#x131;bbi-check-up\" class=\"wp-image-86681\" srcset=\"https:\/\/medclinics.com\/wp-content\/uploads\/2023\/05\/medical-check-up-in-istanbul-1.jpg 960w, https:\/\/medclinics.com\/wp-content\/uploads\/2023\/05\/medical-check-up-in-istanbul-1-500x286.jpg 500w, https:\/\/medclinics.com\/wp-content\/uploads\/2023\/05\/medical-check-up-in-istanbul-1-768x440.jpg 768w, https:\/\/medclinics.com\/wp-content\/uploads\/2023\/05\/medical-check-up-in-istanbul-1-24x14.jpg 24w, https:\/\/medclinics.com\/wp-content\/uploads\/2023\/05\/medical-check-up-in-istanbul-1-36x21.jpg 36w, https:\/\/medclinics.com\/wp-content\/uploads\/2023\/05\/medical-check-up-in-istanbul-1-48x28.jpg 48w\" sizes=\"(max-width: 960px) 100vw, 960px\" \/><\/figure>\n\n<h2 class=\"wp-block-heading\" id=\"types-and-methods\">T\u00fcrler ve Y\u00f6ntemler<\/h2>\n\n<h3 class=\"wp-block-heading\" id=\"medical-check-up-types\">T\u0131bbi Check-up T\u00fcrleri:<\/h3>\n\n<p><strong>\u00d6nleyici t\u0131bbi check-up programlar\u0131<\/strong> , m\u00fc\u015fterinin ya\u015f\u0131na ve cinsiyetine, mevcut sa\u011fl\u0131k durumuna, t\u0131bbi ge\u00e7mi\u015fine, risk fakt\u00f6rlerine, te\u015fhis hedeflerine ve daha fazlas\u0131na g\u00f6re uyarlan\u0131r. Doktor, \u00f6n g\u00f6r\u00fc\u015fmenin sonu\u00e7lar\u0131na dayanarak hastaya hangi testlerin re\u00e7ete edilece\u011fine karar verir. Genel \u00f6nleyici kontrol programlar\u0131 cinsiyet ve ya\u015f\u0131 dikkate al\u0131r. \u00d6rne\u011fin, 25-40, 40-50 ve 50 ya\u015f \u00fcst\u00fc kad\u0131nlar i\u00e7in kontroller vard\u0131r. Benzer programlar ilgili ya\u015f gruplar\u0131ndaki erkekler i\u00e7in de mevcuttur.<\/p>\n\n<p>Genel te\u015fhisin yan\u0131 s\u0131ra, \u00e7e\u015fitli klinikler belirli hastal\u0131klar\u0131n tespiti ve belirli organ ve sistemlerin muayenesi i\u00e7in <strong>\u00f6zel t\u0131bbi kontroller<\/strong> sunmaktad\u0131r. Baz\u0131 programlar, hamilelik planlamas\u0131 gibi \u00f6zel ama\u00e7lar i\u00e7in haz\u0131rlanm\u0131\u015ft\u0131r. \u00d6zel check-up programlar\u0131 a\u015fa\u011f\u0131daki gibi olabilir:<\/p>\n\n<ul class=\"wp-block-list\">\n<li>Kardiyak<\/li>\n\n\n\n<li>Genito\u00fcriner<\/li>\n\n\n\n<li>Onkolojik<\/li>\n\n\n\n<li>N\u00f6rolojik<\/li>\n\n\n\n<li>Dermatolojik<\/li>\n\n\n\n<li>Endokrinolojik<\/li>\n\n\n\n<li>Jinekolojik<\/li>\n\n\n\n<li>Ortopedik<\/li>\n<\/ul>\n\n<h3 class=\"wp-block-heading\" id=\"what-is-included-in-the-standard-medical-check-up-program\">Standart t\u0131bbi kontrol program\u0131na neler dahildir?<\/h3>\n\n<ul class=\"wp-block-list\">\n<li>Bir pratisyen hekimle randevu,<\/li>\n\n\n\n<li>Kan ve idrar testleri,<\/li>\n\n\n\n<li>\u0130\u00e7 organlar\u0131n ultrasonu,<\/li>\n\n\n\n<li>Uzmanlarla kons\u00fcltasyonlar (jinekolog, mammolog, gastroenterolog, n\u00f6rolog vb.),<\/li>\n\n\n\n<li>EKG ve ekokardiyografi.<\/li>\n<\/ul>\n\n<h3 class=\"wp-block-heading\" id=\"medical-check-up-for\">T\u0131bbi Kontrol i\u00e7in:<\/h3>\n\n<ul class=\"wp-block-list\">\n<li>25-30 ya\u015f aras\u0131 t\u00fcm erkek ve kad\u0131nlar\u0131n her iki ila \u00fc\u00e7 y\u0131lda bir tam bir v\u00fccut check-up&#8217;\u0131 yapt\u0131rmalar\u0131 \u00f6nerilir.<\/li>\n\n\n\n<li>Kronik hastal\u0131klar\u0131 olan veya belirli hastal\u0131klara yatk\u0131nl\u0131\u011f\u0131 olan ki\u015filer her y\u0131l muayene olmal\u0131d\u0131r.<\/li>\n\n\n\n<li>Hastal\u0131k riskinin artt\u0131\u011f\u0131 <a href=\"https:\/\/medclinics.com\/tr\/40in-uzerindeki-erkekler-icin-kapsamli-check-up\/\" target=\"_blank\" rel=\"noreferrer noopener\">40 ya\u015f\u0131ndan sonra y\u0131ll\u0131k check-up<\/a> yapt\u0131r\u0131lmas\u0131 tavsiye edilir.<\/li>\n\n\n\n<li>Belirsiz sa\u011fl\u0131k \u015fikayetleri olan ki\u015filer.<\/li>\n\n\n\n<li>Olumsuz kal\u0131t\u0131ma sahip ki\u015filer. Yak\u0131n akrabalar\u0131n\u0131zda kanser veya ba\u015fka hastal\u0131klar varsa, d\u00fczenli kontroller olas\u0131 hastal\u0131klar\u0131n erken a\u015famada tespit edilmesine yard\u0131mc\u0131 olabilir.<\/li>\n<\/ul>\n\n<p>Her biri kendi alan\u0131nda uzman olan y\u00fcksek nitelikli doktorlardan olu\u015fan bir ekip, hastalara her zaman hizmet vermekte ve en \u00fcst d\u00fczeyde hizmet sunmaktad\u0131r. Tedaviniz bu uzmanlardan biri taraf\u0131ndan ger\u00e7ekle\u015ftirilecek ve ba\u015f\u0131ndan sonuna kadar izlenecektir. \u0130\u015fte en iyi ellerdesiniz!<\/p>\n\n<p>T\u00fcm sonu\u00e7lar\u0131 yaz\u0131l\u0131 ve \u0130ngilizce olarak alacaks\u0131n\u0131z.<br\/>Daha ileri bir tedavinin gerekli olmas\u0131 veya \u00f6nerilmesi halinde, uzmanlar\u0131m\u0131z size tavsiyelerde bulunmak ve yard\u0131mc\u0131 olmak i\u00e7in haz\u0131r bulunacak ve \u00fclkenizde takip edebilece\u011finiz m\u00fcmk\u00fcn olan en iyi tedavi plan\u0131n\u0131 sizinle birlikte haz\u0131rlayacakt\u0131r.<\/p>\n\n<figure class=\"wp-block-image size-full\"><img decoding=\"async\" width=\"960\" height=\"550\" src=\"https:\/\/medclinics.com\/wp-content\/uploads\/2023\/05\/medical-check-up-istanbul-turkey-1.jpg\" alt=\"T&#xFC;rkiye'de &#x130;stanbul'da Check-up\" class=\"wp-image-89108\" srcset=\"https:\/\/medclinics.com\/wp-content\/uploads\/2023\/05\/medical-check-up-istanbul-turkey-1.jpg 960w, https:\/\/medclinics.com\/wp-content\/uploads\/2023\/05\/medical-check-up-istanbul-turkey-1-500x286.jpg 500w, https:\/\/medclinics.com\/wp-content\/uploads\/2023\/05\/medical-check-up-istanbul-turkey-1-768x440.jpg 768w, https:\/\/medclinics.com\/wp-content\/uploads\/2023\/05\/medical-check-up-istanbul-turkey-1-24x14.jpg 24w, https:\/\/medclinics.com\/wp-content\/uploads\/2023\/05\/medical-check-up-istanbul-turkey-1-36x21.jpg 36w, https:\/\/medclinics.com\/wp-content\/uploads\/2023\/05\/medical-check-up-istanbul-turkey-1-48x28.jpg 48w\" sizes=\"(max-width: 960px) 100vw, 960px\" \/><\/figure>\n\n<h2 class=\"wp-block-heading\" id=\"medical-check-up-costs-by-country\">\u00dclkelere g\u00f6re T\u0131bbi Kontrol Maliyetleri<\/h2>\n\n<p>Sa\u011fl\u0131k kontrol\u00fcn\u00fcn maliyeti, se\u00e7ti\u011finiz pakete ve tercih etti\u011finiz klinik veya hastaneye ba\u011fl\u0131d\u0131r.<br\/>A\u015fa\u011f\u0131da listelenen fiyatlar size yakla\u015f\u0131k bir fikir vermeyi ama\u00e7lamaktad\u0131r ve nihai bir fiyat teklifi de\u011fildir. MedClincs dan\u0131\u015fman\u0131n\u0131z size ayr\u0131nt\u0131lar\u0131 vermekten mutluluk duyacakt\u0131r.<\/p>\n\n<figure class=\"wp-block-table\"><table><thead><tr><th>\u00dclke<\/th><th>Fiyat (Temel Paket)<\/th><th>De\u011ferlendirme<\/th><\/tr><\/thead><tbody><tr><td>T\u00fcrkiye<\/td><td>~ 450\u20ac<\/td><td>\u2605\u2605\u2605\u2605\u2605<\/td><\/tr><tr><td>Tayland<\/td><td>~ 750\u20ac<\/td><td>\u2605\u2605\u2605<\/td><\/tr><tr><td>Meksika<\/td><td>~ 1000\u20ac<\/td><td>\u2605\u2605\u2605<\/td><\/tr><tr><td>\u0130spanya<\/td><td>~ 1800\u20ac<\/td><td>\u2605\u2605\u2605<\/td><\/tr><tr><td>Almanya<\/td><td>~ 2200\u20ac<\/td><td>\u2605\u2605\u2605<\/td><\/tr><tr><td>Birle\u015fik Krall\u0131k<\/td><td>~ 3100\u20ac<\/td><td>\u2605\u2605\u2605<\/td><\/tr><\/tbody><\/table><\/figure>\n\n<h2 class=\"wp-block-heading\" id=\"faq\">SSS<\/h2>\n<div id=\"rank-math-faq\" class=\"rank-math-block\">\n<div class=\"rank-math-list \">\n<div id=\"faq-question-1682793841034\" class=\"rank-math-list-item\">\n<h3 class=\"rank-math-question \">Bir t\u0131bbi kontrol, ayn\u0131 testleri kendiniz yapmaktan nas\u0131l daha avantajl\u0131d\u0131r?<\/h3>\n<div class=\"rank-math-answer \">\n\n<p>Check-up program\u0131, D\u00fcnya Sa\u011fl\u0131k \u00d6rg\u00fct\u00fc&#8217;n\u00fcn (WHO) zorunlu listesinde yer alan testleri ve enstr\u00fcmantal muayeneleri i\u00e7eren kapsaml\u0131 bir v\u00fccut kontrol\u00fcd\u00fcr. Paketler, ya\u015f\u0131n\u0131z, kal\u0131t\u0131m\u0131n\u0131z, sa\u011fl\u0131k sorunlar\u0131n\u0131z dikkate al\u0131narak hedeflerinize g\u00f6re olu\u015fturulur. Bu program sayesinde muayeneyi kendiniz araman\u0131za, hangi doktora gidece\u011finize ve nerede yapt\u0131raca\u011f\u0131n\u0131za gerek kalm\u0131yor. Ayr\u0131ca, t\u00fcm doktor muayenelerinizi ve testlerinizi kendiniz yapt\u0131rmaktan daha ucuzdur ve sadece \u00e7ok k\u0131sa bir s\u00fcre (1-3 g\u00fcn) s\u00fcrer.<\/p>\n\n<\/div>\n<\/div>\n<div id=\"faq-question-1682793850782\" class=\"rank-math-list-item\">\n<h3 class=\"rank-math-question \">Kimin check-up&#8217;a ihtiyac\u0131 var?<\/h3>\n<div class=\"rank-math-answer \">\n\n<p>Sa\u011fl\u0131k bilincine sahip her ki\u015fi her y\u0131l check-up yapt\u0131rmal\u0131d\u0131r, \u00e7\u00fcnk\u00fc bir\u00e7ok hastal\u0131k erken evrede kendini g\u00f6stermez ve ancak te\u015fhis yoluyla tespit edilebilir. \u0130yi huylu t\u00fcm\u00f6rleri olan ki\u015filer, kal\u0131tsal fakt\u00f6rleri olan ki\u015filer, k\u00f6t\u00fc al\u0131\u015fkanl\u0131klar\u0131 olan ki\u015filer, zararl\u0131 end\u00fcstrilerde \u00e7al\u0131\u015fan ki\u015filer ve k\u0131rk ya\u015f\u0131n \u00fczerindeki ki\u015filer gibi risk alt\u0131ndaki ki\u015filer i\u00e7in de v\u00fccut muayenesi yapt\u0131rmak \u00f6nemlidir.<\/p>\n\n<\/div>\n<\/div>\n<div id=\"faq-question-1682793869814\" class=\"rank-math-list-item\">\n<h3 class=\"rank-math-question \">Hastalar\u0131 hangi kliniklere y\u00f6nlendiriyorsunuz?<\/h3>\n<div class=\"rank-math-answer \">\n\n<p>Hastalar\u0131 uluslararas\u0131 departmanlar\u0131 ve \u0130ngilizce, Almanca, \u0130spanyolca, Rus\u00e7a, Arap\u00e7a, Portekizce, T\u00fcrk\u00e7e gibi farkl\u0131 dilleri konu\u015fan koordinat\u00f6rleri olan sertifikal\u0131 kliniklere y\u00f6nlendiriyoruz.<\/p>\n\n<\/div>\n<\/div>\n<div id=\"faq-question-1682793890409\" class=\"rank-math-list-item\">\n<h3 class=\"rank-math-question \">Test ve s\u0131nav sonu\u00e7lar\u0131n\u0131 ana dilimde alabilir miyim?<\/h3>\n<div class=\"rank-math-answer \">\n\n<p>T\u00fcm sonu\u00e7lar\u0131 ve s\u0131navlar\u0131 yaz\u0131l\u0131 ve \u0130ngilizce olarak alacaks\u0131n\u0131z.<\/p>\n\n<\/div>\n<\/div>\n<div id=\"faq-question-1682793908042\" class=\"rank-math-list-item\">\n<h3 class=\"rank-math-question \">\u00d6zel \u015fikayetlerim varsa ne yapmal\u0131y\u0131m?<\/h3>\n<div class=\"rank-math-answer \">\n\n<p>Bizimle ileti\u015fime ge\u00e7ti\u011finizde t\u00fcm \u015fikayetlerinizi listeleyin ve varsa tetkiklerinizin sonu\u00e7lar\u0131n\u0131 g\u00f6sterin. Sorununuz konusunda uzmanla\u015fm\u0131\u015f bir klinik bulaca\u011f\u0131z.<\/p>\n\n<\/div>\n<\/div>\n<div id=\"faq-question-1682793923540\" class=\"rank-math-list-item\">\n<h3 class=\"rank-math-question \">Nas\u0131l muayene olaca\u011f\u0131m?<\/h3>\n<div class=\"rank-math-answer \">\n\n<p>\u0130steklerinize ba\u011fl\u0131 olarak \u00e7e\u015fitli paketler sunuyoruz: Temel, Premium, Platin veya organa \u00f6zel muayeneler. Ayr\u0131ca size \u00f6zel, ki\u015fiselle\u015ftirilmi\u015f bir muayene plan\u0131 haz\u0131rlamak da m\u00fcmk\u00fcnd\u00fcr. Genellikle t\u00fcm muayeneler bir g\u00fcnde yap\u0131l\u0131r, ancak daha ayr\u0131nt\u0131l\u0131 muayeneler 2 ila 3 g\u00fcn s\u00fcrebilir.<\/p>\n\n<\/div>\n<\/div>\n<div id=\"faq-question-1682793940377\" class=\"rank-math-list-item\">\n<h3 class=\"rank-math-question \">Ac\u0131 veriyor mu?<\/h3>\n<div class=\"rank-math-answer \">\n\n<p>\u00c7o\u011fu test a\u011fr\u0131s\u0131zd\u0131r. Kolonoskopi, fibrogastroskopi rahats\u0131z edicidir, bu nedenle sedasyon alt\u0131nda yap\u0131l\u0131r &#8211; k\u0131sa bir ila\u00e7la ind\u00fcklenen uyku. Sedasyon s\u0131ras\u0131nda hasta hi\u00e7bir \u015fey hissetmez.<\/p>\n\n<\/div>\n<\/div>\n<div id=\"faq-question-1682793958640\" class=\"rank-math-list-item\">\n<h3 class=\"rank-math-question \">Diyelim ki bir hastal\u0131\u011f\u0131m oldu\u011fu tespit edildi. Sonra ne olacak?<\/h3>\n<div class=\"rank-math-answer \">\n\n<p>Te\u015fhis sonucunda daha ileri testlerin yap\u0131lmas\u0131 gerekti\u011fi ortaya \u00e7\u0131karsa, birka\u00e7 g\u00fcn T\u00fcrkiye&#8217;de kalman\u0131z gerekebilir. Daha sonra ko\u015fullara g\u00f6re de\u011fi\u015fir. Bir uzmandan nihai rapor ve kons\u00fcltasyon alabilir, evinize gidip orada tedavi olabilir veya T\u00fcrkiye&#8217;de kalabilirsiniz.<\/p>\n\n<\/div>\n<\/div>\n<div id=\"faq-question-1682793976303\" class=\"rank-math-list-item\">\n<h3 class=\"rank-math-question \">Doktorun dilini bilmiyorsam onu nas\u0131l anlayaca\u011f\u0131m?<\/h3>\n<div class=\"rank-math-answer \">\n\n<p>Size her zaman bir koordinat\u00f6r veya terc\u00fcman e\u015flik edecektir. T\u00fcm doktorlarla kons\u00fcltasyon s\u0131ras\u0131nda haz\u0131r bulunur, bu nedenle dili anlamakta sorun ya\u015famazs\u0131n\u0131z.<\/p>\n\n<\/div>\n<\/div>\n<\/div>\n<\/div>\n<h2 class=\"wp-block-heading\" id=\"history\">Tarih<\/h2>\n\n<h3 class=\"wp-block-heading\" id=\"check-up-diagnostics-was-first-used-in-the-us-in-the-late-1970-s\">Check-up te\u015fhisi ilk olarak 1970&#8217;lerin sonunda ABD&#8217;de kullan\u0131ld\u0131<\/h3>\n\n<p>35-55 ya\u015flar\u0131 aras\u0131ndaki \u00fc\u00e7 bin orta ve \u00fcst d\u00fczey end\u00fcstri y\u00f6neticisine \u00f6nleyici tarama sa\u011flamak.<\/p>\n\n<p>Muayene plan\u0131 olduk\u00e7a basitti, ancak o zaman i\u00e7in olduk\u00e7a devrimciydi &#8211; kan testleri, t\u00fcm v\u00fccut <a href=\"https:\/\/de.wikipedia.org\/wiki\/X-Ray\" target=\"_blank\" rel=\"noreferrer noopener\">r\u00f6ntgeni<\/a> ve dinlenme ve y\u00fck alt\u0131nda EKG. \u00c7al\u0131\u015fma, ilk bak\u0131\u015fta sa\u011fl\u0131kl\u0131 g\u00f6r\u00fcnen erkek ve kad\u0131nlar\u0131n \u00e7o\u011funda hem \u00f6nleyici tedbirler hem de tedavi gerektiren baz\u0131 anormallikler oldu\u011funu ortaya koydu. Deney tamamland\u0131ktan sonra doktorlar\u0131n hastalar\u0131n\u0131 d\u00fczenli olarak (her iki y\u0131lda bir) muayene etmeye devam ettikleri ve ayn\u0131 zamanda tedavi ve \u00f6nleme talimatlar\u0131n\u0131 ayarlad\u0131klar\u0131 unutulmamal\u0131d\u0131r.<\/p>\n\n<p>\u00c7al\u0131\u015fmalar\u0131n\u0131n sonu\u00e7lar\u0131 2000 y\u0131l\u0131nda yay\u0131mlanm\u0131\u015ft\u0131r. \u00c7al\u0131\u015f\u0131lan grupta yap\u0131lan check-up sonucunda, bran\u015flar i\u00e7in ortalama de\u011ferlere k\u0131yasla morbiditenin onlarca kat, mortalitenin ise neredeyse yar\u0131 yar\u0131ya azalt\u0131lmas\u0131n\u0131n m\u00fcmk\u00fcn oldu\u011fu ortaya \u00e7\u0131km\u0131\u015ft\u0131r.<\/p>\n","protected":false},"excerpt":{"rendered":"<p>Medikal Check Up v\u00fccudunuzda her \u015feyin yolunda olup olmad\u0131\u011f\u0131n\u0131 kontrol etmenizi sa\u011flayacak \u00e7ok \u00e7e\u015fitli test ve muayeneleri i\u00e7eren bir v\u00fccut [&hellip;]<\/p>\n","protected":false},"author":4,"featured_media":33390,"parent":0,"menu_order":0,"comment_status":"closed","ping_status":"closed","template":"","meta":{"site-sidebar-layout":"default","site-content-layout":"","ast-site-content-layout":"default","site-content-style":"default","site-sidebar-style":"default","ast-global-header-display":"","ast-banner-title-visibility":"","ast-main-header-display":"","ast-hfb-above-header-display":"","ast-hfb-below-header-display":"","ast-hfb-mobile-header-display":"","site-post-title":"","ast-breadcrumbs-content":"","ast-featured-img":"","footer-sml-layout":"","ast-disable-related-posts":"","theme-transparent-header-meta":"","adv-header-id-meta":"","stick-header-meta":"","header-above-stick-meta":"","header-main-stick-meta":"","header-below-stick-meta":"","astra-migrate-meta-layouts":"default","ast-page-background-enabled":"default","ast-page-background-meta":{"desktop":{"background-color":"var(--ast-global-color-4)","background-image":"","background-repeat":"repeat","background-position":"center center","background-size":"auto","background-attachment":"scroll","background-type":"","background-media":"","overlay-type":"","overlay-color":"","overlay-opacity":"","overlay-gradient":""},"tablet":{"background-color":"","background-image":"","background-repeat":"repeat","background-position":"center center","background-size":"auto","background-attachment":"scroll","background-type":"","background-media":"","overlay-type":"","overlay-color":"","overlay-opacity":"","overlay-gradient":""},"mobile":{"background-color":"","background-image":"","background-repeat":"repeat","background-position":"center center","background-size":"auto","background-attachment":"scroll","background-type":"","background-media":"","overlay-type":"","overlay-color":"","overlay-opacity":"","overlay-gradient":""}},"ast-content-background-meta":{"desktop":{"background-color":"var(--ast-global-color-5)","background-image":"","background-repeat":"repeat","background-position":"center center","background-size":"auto","background-attachment":"scroll","background-type":"","background-media":"","overlay-type":"","overlay-color":"","overlay-opacity":"","overlay-gradient":""},"tablet":{"background-color":"var(--ast-global-color-5)","background-image":"","background-repeat":"repeat","background-position":"center center","background-size":"auto","background-attachment":"scroll","background-type":"","background-media":"","overlay-type":"","overlay-color":"","overlay-opacity":"","overlay-gradient":""},"mobile":{"background-color":"var(--ast-global-color-5)","background-image":"","background-repeat":"repeat","background-position":"center center","background-size":"auto","background-attachment":"scroll","background-type":"","background-media":"","overlay-type":"","overlay-color":"","overlay-opacity":"","overlay-gradient":""}},"footnotes":""},"class_list":["post-145039","page","type-page","status-publish","has-post-thumbnail","hentry"],"_links":{"self":[{"href":"https:\/\/medclinics.com\/tr\/wp-json\/wp\/v2\/pages\/145039","targetHints":{"allow":["GET"]}}],"collection":[{"href":"https:\/\/medclinics.com\/tr\/wp-json\/wp\/v2\/pages"}],"about":[{"href":"https:\/\/medclinics.com\/tr\/wp-json\/wp\/v2\/types\/page"}],"author":[{"embeddable":true,"href":"https:\/\/medclinics.com\/tr\/wp-json\/wp\/v2\/users\/4"}],"replies":[{"embeddable":true,"href":"https:\/\/medclinics.com\/tr\/wp-json\/wp\/v2\/comments?post=145039"}],"version-history":[{"count":0,"href":"https:\/\/medclinics.com\/tr\/wp-json\/wp\/v2\/pages\/145039\/revisions"}],"wp:featuredmedia":[{"embeddable":true,"href":"https:\/\/medclinics.com\/tr\/wp-json\/wp\/v2\/media\/33390"}],"wp:attachment":[{"href":"https:\/\/medclinics.com\/tr\/wp-json\/wp\/v2\/media?parent=145039"}],"curies":[{"name":"wp","href":"https:\/\/api.w.org\/{rel}","templated":true}]}}