{"id":145015,"date":"2023-04-29T18:25:04","date_gmt":"2023-04-29T15:25:04","guid":{"rendered":"https:\/\/medclinics.com\/pcr-testi-hizli-guvenli-ve-guvenilir\/"},"modified":"2025-01-02T17:27:25","modified_gmt":"2025-01-02T14:27:25","slug":"pcr-testi-hizli-guvenli-ve-guvenilir","status":"publish","type":"page","link":"https:\/\/medclinics.com\/tr\/pcr-testi-hizli-guvenli-ve-guvenilir\/","title":{"rendered":"PCR Testi &#8211; H\u0131zl\u0131, G\u00fcvenli ve G\u00fcvenilir"},"content":{"rendered":"\n<h2 class=\"wp-block-heading\" id=\"pcr-test\">PCR Testi<\/h2>\n\n<p>Covid-19 PCR Testinizi yapt\u0131r\u0131n ve sonucunuzu ayn\u0131 g\u00fcn al\u0131n!<\/p>\n\n<figure class=\"wp-block-image size-full\"><img fetchpriority=\"high\" decoding=\"async\" width=\"960\" height=\"540\" src=\"https:\/\/medclinics.com\/wp-content\/uploads\/2023\/07\/pcr-test-in-turkey.jpg\" alt=\"T&#xFC;rkiye'de PCR Testi\" class=\"wp-image-97529\" srcset=\"https:\/\/medclinics.com\/wp-content\/uploads\/2023\/07\/pcr-test-in-turkey.jpg 960w, https:\/\/medclinics.com\/wp-content\/uploads\/2023\/07\/pcr-test-in-turkey-500x281.jpg 500w, https:\/\/medclinics.com\/wp-content\/uploads\/2023\/07\/pcr-test-in-turkey-768x432.jpg 768w, https:\/\/medclinics.com\/wp-content\/uploads\/2023\/07\/pcr-test-in-turkey-24x14.jpg 24w, https:\/\/medclinics.com\/wp-content\/uploads\/2023\/07\/pcr-test-in-turkey-36x20.jpg 36w, https:\/\/medclinics.com\/wp-content\/uploads\/2023\/07\/pcr-test-in-turkey-48x27.jpg 48w\" sizes=\"(max-width: 960px) 100vw, 960px\" \/><\/figure>\n\n<div class=\"wp-block-rank-math-toc-block\" id=\"rank-math-toc\"><h2>\u0130\u00e7indekiler Tablosu<\/h2><nav><ul><li><a href=\"#pcr-test\">PCR Testi<\/a><\/li><li><a href=\"#treatment-plan\">Tedavi Plan\u0131<\/a><\/li><li><a href=\"#so-what-is\">Peki Nedir<\/a><\/li><li><a href=\"#types-and-methods\">T\u00fcrler ve Y\u00f6ntemler<\/a><\/li><li><a href=\"#faq\">SSS<\/a><\/li><\/ul><\/nav><\/div>\n\n<h2 class=\"wp-block-heading\" id=\"treatment-plan\">Tedavi Plan\u0131<\/h2>\n\n<h3 class=\"wp-block-heading\">Ad\u0131m Ad\u0131m PCR-Testi!<\/h3>\n\n<h4 class=\"wp-block-heading\">Online rezervasyon yap\u0131n ve an\u0131nda onay\u0131n\u0131z\u0131 al\u0131n.<br\/>Onay\u0131n\u0131z\u0131 laboratuvar\u0131n resepsiyonunda g\u00f6sterin!<\/h4>\n\n<h2 class=\"wp-block-heading\" id=\"so-what-is\">Peki Nedir<\/h2>\n\n<p><strong>Laboratuvar detaylar\u0131nda PCR testi:<\/strong><\/p>\n\n<ul class=\"wp-block-list\">\n<li><a href=\"https:\/\/medclinics.com\/check-up\/\">Test<\/a> edilecek ki\u015fi say\u0131s\u0131n\u0131 se\u00e7in, test tarihinizi se\u00e7in ve \u015eimdi Rezervasyon Yap&#8217;a t\u0131klay\u0131n<\/li>\n\n\n\n<li>Sizi yak\u0131ndaki laboratuvara y\u00f6nlendirebilmemiz i\u00e7in l\u00fctfen \u00f6deme s\u00fcrecinde bize adresinizi verin<\/li>\n\n\n\n<li>Test edilecek ki\u015fi say\u0131s\u0131 birden fazlaysa, l\u00fctfen di\u011fer misafirlerin isimlerini de belirtiniz<\/li>\n\n\n\n<li>Onay postan\u0131z\u0131 Laboratuvar Personeline g\u00f6sterin, <a href=\"https:\/\/istanbul-tourist-information.com\/en\/medical-treatment\/\" target=\"_blank\" rel=\"noreferrer noopener\">PCR-Testinizi<\/a> yap\u0131n ve a\u011f\u0131z veya burun se\u00e7iminizi yap\u0131n<\/li>\n\n\n\n<li>Sonucunuzu 3-4 Saat sonra ayn\u0131 g\u00fcn al\u0131n, sonucunuzu \u00e7evrimi\u00e7i kontrol edin<\/li>\n\n\n\n<li>Sonucu ak\u0131ll\u0131 telefonunuza kaydedin, test sonucunuzu havaalan\u0131nda g\u00f6sterin<\/li>\n<\/ul>\n\n<p><strong>Laboratuvarlar\u0131n a\u00e7\u0131l\u0131\u015f saatleri de\u011fi\u015febilir, l\u00fctfen gelmeden \u00f6nce a\u00e7\u0131l\u0131\u015f saatleri hakk\u0131nda bilgi ald\u0131\u011f\u0131n\u0131zdan emin olun!<\/strong><\/p>\n\n<p><strong>Zaten pozitif bir test sonucu ald\u0131ysan\u0131z, 10 g\u00fcn sonras\u0131na kadar yeniden test edilemezsiniz!<\/strong>  Laboratuvar personelinin son 10 g\u00fcn i\u00e7inde test sonucunuzun pozitif \u00e7\u0131kt\u0131\u011f\u0131n\u0131 \u00f6\u011frenmesi halinde, taraf\u0131m\u0131zdan yap\u0131lacak bir geri \u00f6demenin dikkate al\u0131nmayaca\u011f\u0131n\u0131 anlayacaks\u0131n\u0131z.<\/p>\n\n<p>Test s\u00fcrecinde olu\u015fabilecek herhangi bir sorundan platformumuzun sorumlu olmad\u0131\u011f\u0131n\u0131 l\u00fctfen unutmay\u0131n.<\/p>\n\n<figure class=\"wp-block-image size-full\"><img decoding=\"async\" width=\"960\" height=\"540\" src=\"https:\/\/medclinics.com\/wp-content\/uploads\/2023\/07\/pcr-test-in-istanbul-turkey.jpg\" alt=\"T&#xFC;rkiye'deki Laboratuvarda PCR Testi\" class=\"wp-image-97536\" srcset=\"https:\/\/medclinics.com\/wp-content\/uploads\/2023\/07\/pcr-test-in-istanbul-turkey.jpg 960w, https:\/\/medclinics.com\/wp-content\/uploads\/2023\/07\/pcr-test-in-istanbul-turkey-500x281.jpg 500w, https:\/\/medclinics.com\/wp-content\/uploads\/2023\/07\/pcr-test-in-istanbul-turkey-768x432.jpg 768w, https:\/\/medclinics.com\/wp-content\/uploads\/2023\/07\/pcr-test-in-istanbul-turkey-24x14.jpg 24w, https:\/\/medclinics.com\/wp-content\/uploads\/2023\/07\/pcr-test-in-istanbul-turkey-36x20.jpg 36w, https:\/\/medclinics.com\/wp-content\/uploads\/2023\/07\/pcr-test-in-istanbul-turkey-48x27.jpg 48w\" sizes=\"(max-width: 960px) 100vw, 960px\" \/><\/figure>\n\n<h2 class=\"wp-block-heading\" id=\"types-and-methods\">T\u00fcrler ve Y\u00f6ntemler<\/h2>\n\n<h3 class=\"wp-block-heading\">PCR testinde ne i\u00e7in test edilir?<\/h3>\n\n<p>PCR testi olarak da adland\u0131r\u0131lan polimeraz zincir reaksiyonu testleri, temelde n\u00fckleik asit testlerinden ba\u015fka bir \u015fey de\u011fildir.<\/p>\n\n<p>Burundan veya a\u011f\u0131zdan bir \u00f6rnek al\u0131n\u0131r. Laboratuvarda bu \u00f6rnek, SARS-CoV-2 vir\u00fcs\u00fcn\u00fcn genetik materyalini i\u00e7erip i\u00e7ermedi\u011fini tespit etmek i\u00e7in kullan\u0131labilir. COVID-19&#8217;a bu vir\u00fcs neden olmaktad\u0131r.<\/p>\n\n<p>Basit bir test, vir\u00fcs\u00fc \u00e7ok erken bir a\u015famada, genellikle hasta herhangi bir semptom g\u00f6stermeden \u00f6nce tespit edebilir.<\/p>\n\n<figure class=\"wp-block-image size-full is-resized\"><img decoding=\"async\" width=\"960\" height=\"540\" src=\"https:\/\/medclinics.com\/wp-content\/uploads\/2023\/02\/pcr-test-at-laboratory-in-marmaris-1.png\" alt=\"T&#xFC;rkiye'deki laboratuvarda PCR testi\" class=\"wp-image-17171\" style=\"width:960px;height:540px\" srcset=\"https:\/\/medclinics.com\/wp-content\/uploads\/2023\/02\/pcr-test-at-laboratory-in-marmaris-1.png 960w, https:\/\/medclinics.com\/wp-content\/uploads\/2023\/02\/pcr-test-at-laboratory-in-marmaris-1-300x169.png 300w, https:\/\/medclinics.com\/wp-content\/uploads\/2023\/02\/pcr-test-at-laboratory-in-marmaris-1-768x432.png 768w, https:\/\/medclinics.com\/wp-content\/uploads\/2023\/02\/pcr-test-at-laboratory-in-marmaris-1-600x338.png 600w\" sizes=\"(max-width: 960px) 100vw, 960px\" \/><\/figure>\n\n<h2 class=\"wp-block-heading\" id=\"faq\">SSS<\/h2>\n<div id=\"rank-math-faq\" class=\"rank-math-block\">\n<div class=\"rank-math-list \">\n<div id=\"faq-question-1682792545763\" class=\"rank-math-list-item\">\n<h3 class=\"rank-math-question \">Hafta sonlar\u0131 da test yapt\u0131rabilir miyim?<\/h3>\n<div class=\"rank-math-answer \">\n\n<p>Evet, belirli laboratuvarlarda hafta sonu da test yapt\u0131rabilirsiniz.<\/p>\n\n<\/div>\n<\/div>\n<div id=\"faq-question-1682792561203\" class=\"rank-math-list-item\">\n<h3 class=\"rank-math-question \">Otelime yak\u0131n bir laboratuvarda test yapt\u0131rabilir miyim?<\/h3>\n<div class=\"rank-math-answer \">\n\n<p>L\u00fctfen \u00f6deme s\u00fcrecinde bize adresinizi verin, b\u00f6ylece sizi yak\u0131ndaki laboratuvara y\u00f6nlendirebiliriz!<\/p>\n\n<\/div>\n<\/div>\n<div id=\"faq-question-1682792581196\" class=\"rank-math-list-item\">\n<h3 class=\"rank-math-question \">Sonu\u00e7 hangi dilde?<\/h3>\n<div class=\"rank-math-answer \">\n\n<p>Sonucunuzu \u0130ngilizce olarak alacaks\u0131n\u0131z.<\/p>\n\n<\/div>\n<\/div>\n<div id=\"faq-question-1682792601618\" class=\"rank-math-list-item\">\n<h3 class=\"rank-math-question \">Sonucu almak i\u00e7in tekrar laboratuvara gitmem gerekir mi?<\/h3>\n<div class=\"rank-math-answer \">\n\n<p>Hay\u0131r, sonucu PDF olarak Ak\u0131ll\u0131 Telefonunuza indirebilirsiniz.<\/p>\n\n<\/div>\n<\/div>\n<div id=\"faq-question-1682792617770\" class=\"rank-math-list-item\">\n<h3 class=\"rank-math-question \">Bu testin sonucu havaalan\u0131nda kabul ediliyor mu?<\/h3>\n<div class=\"rank-math-answer \">\n\n<p>Evet, test sonucu havaliman\u0131nda ve Katar ve \u00dcrd\u00fcn hari\u00e7 190 \u00fclkede ge\u00e7erlidir.<\/p>\n\n<\/div>\n<\/div>\n<div id=\"faq-question-1682792638230\" class=\"rank-math-list-item\">\n<h3 class=\"rank-math-question \"><strong>Test sonucunu ne kadar h\u0131zl\u0131 alabilirim?<\/strong><\/h3>\n<div class=\"rank-math-answer \">\n\n<p>Test sonucunu ayn\u0131 g\u00fcn g\u00f6rebilir ve yazd\u0131rabilirsiniz.<\/p>\n\n<\/div>\n<\/div>\n<div id=\"faq-question-1682792655872\" class=\"rank-math-list-item\">\n<h3 class=\"rank-math-question \"><strong>Daha \u00f6nce pozitif bir test sonucum varsa ne olur, tekrar test yapabilir miyim?<\/strong><\/h3>\n<div class=\"rank-math-answer \">\n\n<p>Daha \u00f6nce pozitif bir test yapt\u0131rd\u0131ysan\u0131z, \u00f6n\u00fcm\u00fczdeki 10 g\u00fcn i\u00e7inde ikinci bir test yapamazs\u0131n\u0131z.<br \/>Laboratuvar personeli daha \u00f6nce pozitif test yapt\u0131rd\u0131\u011f\u0131n\u0131z\u0131 \u00f6\u011frenirse para iadesi yapamay\u0131z.<br \/>Daha \u00f6nce pozitif test yapt\u0131rd\u0131ysan\u0131z l\u00fctfen rezervasyon yapt\u0131rmay\u0131n.<\/p>\n\n<\/div>\n<\/div>\n<div id=\"faq-question-1682792680591\" class=\"rank-math-list-item\">\n<h3 class=\"rank-math-question \">PCR Covid Testi i\u00e7in nas\u0131l rezervasyon yapt\u0131rabilirim?<\/h3>\n<div class=\"rank-math-answer \">\n\n<p>Personelimiz PCR testinizin rezervasyonu konusunda size yard\u0131mc\u0131 olmaktan mutluluk duyacakt\u0131r.<\/p>\n\n<\/div>\n<\/div>\n<\/div>\n<\/div>\n<p>\u00a0<\/p>\n","protected":false},"excerpt":{"rendered":"<p>PCR Testi Covid-19 PCR Testinizi yapt\u0131r\u0131n ve sonucunuzu ayn\u0131 g\u00fcn al\u0131n! Tedavi Plan\u0131 Ad\u0131m Ad\u0131m PCR-Testi! Online rezervasyon yap\u0131n ve [&hellip;]<\/p>\n","protected":false},"author":4,"featured_media":45027,"parent":0,"menu_order":0,"comment_status":"closed","ping_status":"closed","template":"","meta":{"site-sidebar-layout":"default","site-content-layout":"","ast-site-content-layout":"default","site-content-style":"default","site-sidebar-style":"default","ast-global-header-display":"","ast-banner-title-visibility":"","ast-main-header-display":"","ast-hfb-above-header-display":"","ast-hfb-below-header-display":"","ast-hfb-mobile-header-display":"","site-post-title":"","ast-breadcrumbs-content":"","ast-featured-img":"","footer-sml-layout":"","ast-disable-related-posts":"","theme-transparent-header-meta":"","adv-header-id-meta":"","stick-header-meta":"","header-above-stick-meta":"","header-main-stick-meta":"","header-below-stick-meta":"","astra-migrate-meta-layouts":"default","ast-page-background-enabled":"default","ast-page-background-meta":{"desktop":{"background-color":"var(--ast-global-color-4)","background-image":"","background-repeat":"repeat","background-position":"center center","background-size":"auto","background-attachment":"scroll","background-type":"","background-media":"","overlay-type":"","overlay-color":"","overlay-opacity":"","overlay-gradient":""},"tablet":{"background-color":"","background-image":"","background-repeat":"repeat","background-position":"center center","background-size":"auto","background-attachment":"scroll","background-type":"","background-media":"","overlay-type":"","overlay-color":"","overlay-opacity":"","overlay-gradient":""},"mobile":{"background-color":"","background-image":"","background-repeat":"repeat","background-position":"center center","background-size":"auto","background-attachment":"scroll","background-type":"","background-media":"","overlay-type":"","overlay-color":"","overlay-opacity":"","overlay-gradient":""}},"ast-content-background-meta":{"desktop":{"background-color":"var(--ast-global-color-5)","background-image":"","background-repeat":"repeat","background-position":"center center","background-size":"auto","background-attachment":"scroll","background-type":"","background-media":"","overlay-type":"","overlay-color":"","overlay-opacity":"","overlay-gradient":""},"tablet":{"background-color":"var(--ast-global-color-5)","background-image":"","background-repeat":"repeat","background-position":"center center","background-size":"auto","background-attachment":"scroll","background-type":"","background-media":"","overlay-type":"","overlay-color":"","overlay-opacity":"","overlay-gradient":""},"mobile":{"background-color":"var(--ast-global-color-5)","background-image":"","background-repeat":"repeat","background-position":"center center","background-size":"auto","background-attachment":"scroll","background-type":"","background-media":"","overlay-type":"","overlay-color":"","overlay-opacity":"","overlay-gradient":""}},"footnotes":""},"class_list":["post-145015","page","type-page","status-publish","has-post-thumbnail","hentry"],"_links":{"self":[{"href":"https:\/\/medclinics.com\/tr\/wp-json\/wp\/v2\/pages\/145015","targetHints":{"allow":["GET"]}}],"collection":[{"href":"https:\/\/medclinics.com\/tr\/wp-json\/wp\/v2\/pages"}],"about":[{"href":"https:\/\/medclinics.com\/tr\/wp-json\/wp\/v2\/types\/page"}],"author":[{"embeddable":true,"href":"https:\/\/medclinics.com\/tr\/wp-json\/wp\/v2\/users\/4"}],"replies":[{"embeddable":true,"href":"https:\/\/medclinics.com\/tr\/wp-json\/wp\/v2\/comments?post=145015"}],"version-history":[{"count":0,"href":"https:\/\/medclinics.com\/tr\/wp-json\/wp\/v2\/pages\/145015\/revisions"}],"wp:featuredmedia":[{"embeddable":true,"href":"https:\/\/medclinics.com\/tr\/wp-json\/wp\/v2\/media\/45027"}],"wp:attachment":[{"href":"https:\/\/medclinics.com\/tr\/wp-json\/wp\/v2\/media?parent=145015"}],"curies":[{"name":"wp","href":"https:\/\/api.w.org\/{rel}","templated":true}]}}