{"id":144885,"date":"2023-05-21T08:31:34","date_gmt":"2023-05-21T05:31:34","guid":{"rendered":"https:\/\/medclinics.com\/gogus-diklestirme\/"},"modified":"2024-12-30T19:19:40","modified_gmt":"2024-12-30T16:19:40","slug":"gogus-diklestirme","status":"publish","type":"page","link":"https:\/\/medclinics.com\/tr\/gogus-diklestirme\/","title":{"rendered":"G\u00f6\u011f\u00fcs Dikle\u015ftirme"},"content":{"rendered":"\n<h2 class=\"wp-block-heading\">G\u00f6\u011f\u00fcs Dikle\u015ftirme ile ilk kez g\u00fczel ve diri g\u00f6\u011f\u00fcs \u015feklinizin tad\u0131n\u0131 \u00e7\u0131kar\u0131n!  <\/h2>\n\n<p>G\u00f6\u011f\u00fcs dikle\u015ftirme (mastopeksi) sark\u0131k g\u00f6\u011f\u00fcslere daha s\u0131k\u0131, daha canl\u0131 ve daha estetik bir \u015fekil verir. Baz\u0131 nedenlerden dolay\u0131 bu ameliyat\u0131 olabilirsiniz. \u00d6rne\u011fin, hamilelik emzirmesinden sonra, meme dikle\u015ftirme daha iyi bir meme \u015feklini geri kazand\u0131r\u0131r. Kilo verdikten sonra meme konturunu iyile\u015ftirmeye yard\u0131mc\u0131 olur. Ayr\u0131ca, diri g\u00f6\u011f\u00fcs ar\u0131yorsan\u0131z do\u011fru bir se\u00e7enek olabilir.<\/p>\n\n<p>Meme dikle\u015ftirme tiplerine gelince, Crescent Lift minimal sarkma i\u00e7indir ve k\u00fc\u00e7\u00fck kesi ile yap\u0131l\u0131r. Peri-Areolar veya Donut Lift hafif sarkmalar i\u00e7indir ve areola boyutunun k\u00fc\u00e7\u00fclt\u00fclmesine de yard\u0131mc\u0131 olabilir. Yara izi areolan\u0131n kenar\u0131n\u0131 takip eder.  <\/p>\n\n<p>Dikey veya Lolipop dikle\u015ftirmede cerrah fazla deriyi al\u0131r ve t\u00fcm memeyi yeniden \u015fekillendirir. Yara izleri (2 yara izi) kolayca gizlenir. Yani, bu yayg\u0131n bir y\u00f6ntem. Ters T veya \u00c7apa dikle\u015ftirme \u00c7ok sark\u0131k g\u00f6\u011f\u00fcsleriniz varsa, bu sizin en iyi se\u00e7ene\u011finiz olabilir. 3 kesik i\u00e7erir.<\/p>\n\n<p>\u00d6te yandan, vampir meme dikle\u015ftirme cerrahi olmayan bir i\u015flemdir. Trombosit a\u00e7\u0131s\u0131ndan zengin plazma (PRP) enjeksiyonlar\u0131 kullan\u0131r. Bu teknik daha d\u00fc\u015f\u00fck risklere sahiptir. Ancak, ciddi g\u00f6\u011f\u00fcs sarkmas\u0131 olan bir kad\u0131n i\u00e7in uygun de\u011fildir.  <\/p>\n\n<p>Meme dikle\u015ftirme genellikle meme <a href=\"https:\/\/www.breastaugmentation.gen.tr\/\" target=\"_blank\" rel=\"noreferrer noopener nofollow\">b\u00fcy\u00fctme<\/a> ile birlikte yap\u0131l\u0131r. Doktorunuza dan\u0131\u015fmal\u0131 ve do\u011fru y\u00f6ntemi birlikte se\u00e7melisiniz.  <\/p>\n\n<h3 class=\"wp-block-heading\"><a href=\"https:\/\/medclinics.com\/breast-aesthetic-surgery\/\" target=\"_blank\" rel=\"noreferrer noopener\">Meme esteti\u011fi ameliyatlar\u0131<\/a> hakk\u0131nda fiyat, ameliyat sonras\u0131 bak\u0131m ve iyile\u015fme s\u00fcreci de dahil olmak \u00fczere bilmeniz gereken her \u015fey veya <a href=\"#requestform\">bize ula\u015f\u0131n<\/a>!<\/h3>\n\n<figure class=\"wp-block-image size-large\"><img fetchpriority=\"high\" decoding=\"async\" width=\"1440\" height=\"470\" src=\"https:\/\/medclinics.com\/wp-content\/uploads\/2023\/03\/breast-lift-istanbul.jpg\" alt=\"t&#xFC;rkiye'de &#x130;stanbul'da meme dikle&#x15F;tirme\" class=\"wp-image-53004\" srcset=\"https:\/\/medclinics.com\/wp-content\/uploads\/2023\/03\/breast-lift-istanbul.jpg 1440w, https:\/\/medclinics.com\/wp-content\/uploads\/2023\/03\/breast-lift-istanbul-500x163.jpg 500w, https:\/\/medclinics.com\/wp-content\/uploads\/2023\/03\/breast-lift-istanbul-1024x334.jpg 1024w, https:\/\/medclinics.com\/wp-content\/uploads\/2023\/03\/breast-lift-istanbul-768x251.jpg 768w\" sizes=\"(max-width: 1440px) 100vw, 1440px\" \/><\/figure>\n\n<h2 class=\"wp-block-heading\">SSS!<\/h2>\n<div id=\"rank-math-faq\" class=\"rank-math-block\">\n<div class=\"rank-math-list \">\n<div id=\"faq-question-1682602684334\" class=\"rank-math-list-item\">\n<h3 class=\"rank-math-question \">Meme dikle\u015ftirme yara izi b\u0131rak\u0131r m\u0131?<\/h3>\n<div class=\"rank-math-answer \">\n\n<p>Meme dikle\u015ftirme cerrahi bir i\u015flemdir. Geride yara izleri kalacakt\u0131r, ancak bunlar zamanla solacak ve neredeyse hi\u00e7 g\u00f6r\u00fcnmeyecektir. Doktor, kesiyi m\u00fcmk\u00fcn oldu\u011funca g\u00f6r\u00fcnmez olacak \u015fekilde yapmaya \u00e7al\u0131\u015facakt\u0131r.<\/p>\n\n<\/div>\n<\/div>\n<div id=\"faq-question-1682602700934\" class=\"rank-math-list-item\">\n<h3 class=\"rank-math-question \">G\u00f6\u011f\u00fcslerim ne kadar dikle\u015ftirilebilir?<\/h3>\n<div class=\"rank-math-answer \">\n\n<p>\u00d6n muayene s\u0131ras\u0131nda, ilgili doktor size g\u00f6\u011fs\u00fcn\u00fcz\u00fcn tam olarak ne kadar kald\u0131r\u0131labilece\u011fini a\u00e7\u0131klayacakt\u0131r. Ya\u015f ve cildin esnekli\u011fi gibi \u00e7e\u015fitli bireysel fakt\u00f6rler belirleyici bir rol oynar.<br \/>Bazen meme ucunun memenin daha y\u00fcksek bir k\u0131sm\u0131na ta\u015f\u0131nmas\u0131 da gerekebilir.<\/p>\n\n<\/div>\n<\/div>\n<div id=\"faq-question-1682602721732\" class=\"rank-math-list-item\">\n<h3 class=\"rank-math-question \">Meme dikle\u015ftirme ba\u015far\u0131l\u0131 m\u0131d\u0131r?<\/h3>\n<div class=\"rank-math-answer \">\n\n<p>Meme dikle\u015ftirme ameliyat\u0131n\u0131n istenen sonu\u00e7lara ula\u015fabilmesi i\u00e7in yaln\u0131zca deneyimli bir cerrah taraf\u0131ndan ger\u00e7ekle\u015ftirilmesi gerekir. Memede daha estetik ve gen\u00e7 bir g\u00f6r\u00fcn\u00fcm elde etmek m\u00fcmk\u00fcnd\u00fcr.<\/p>\n\n<\/div>\n<\/div>\n<div id=\"faq-question-1682602747270\" class=\"rank-math-list-item\">\n<h3 class=\"rank-math-question \">Meme k\u00fc\u00e7\u00fcltme i\u00e7in cerrahi teknikler nelerdir?<\/h3>\n<div class=\"rank-math-answer \">\n\n<p>Cerrah\u0131n meme dikle\u015ftirme i\u00e7in kullanabilece\u011fi birka\u00e7 teknik vard\u0131r. Bunlar aras\u0131nda \u00e7apa veya ters T tekni\u011fi, dikey veya lolipop tekni\u011fi ve hilal tekni\u011fi yer al\u0131r. Doktorunuz sizinle tam olarak hangi tekni\u011fin sizin i\u00e7in en iyisi oldu\u011funu ve nedenini tart\u0131\u015facakt\u0131r.<\/p>\n\n<\/div>\n<\/div>\n<\/div>\n<\/div>\n<h2 class=\"wp-block-heading\">Herhangi bir sorunuz olmas\u0131 durumunda hemen bizimle ileti\u015fime ge\u00e7in!<\/h2>\n","protected":false},"excerpt":{"rendered":"<p>G\u00f6\u011f\u00fcs Dikle\u015ftirme ile ilk kez g\u00fczel ve diri g\u00f6\u011f\u00fcs \u015feklinizin tad\u0131n\u0131 \u00e7\u0131kar\u0131n! G\u00f6\u011f\u00fcs dikle\u015ftirme (mastopeksi) sark\u0131k g\u00f6\u011f\u00fcslere daha s\u0131k\u0131, daha [&hellip;]<\/p>\n","protected":false},"author":4,"featured_media":98744,"parent":0,"menu_order":0,"comment_status":"closed","ping_status":"closed","template":"","meta":{"site-sidebar-layout":"default","site-content-layout":"","ast-site-content-layout":"default","site-content-style":"default","site-sidebar-style":"default","ast-global-header-display":"","ast-banner-title-visibility":"","ast-main-header-display":"","ast-hfb-above-header-display":"","ast-hfb-below-header-display":"","ast-hfb-mobile-header-display":"","site-post-title":"","ast-breadcrumbs-content":"","ast-featured-img":"","footer-sml-layout":"","ast-disable-related-posts":"","theme-transparent-header-meta":"","adv-header-id-meta":"","stick-header-meta":"","header-above-stick-meta":"","header-main-stick-meta":"","header-below-stick-meta":"","astra-migrate-meta-layouts":"default","ast-page-background-enabled":"default","ast-page-background-meta":{"desktop":{"background-color":"var(--ast-global-color-4)","background-image":"","background-repeat":"repeat","background-position":"center center","background-size":"auto","background-attachment":"scroll","background-type":"","background-media":"","overlay-type":"","overlay-color":"","overlay-opacity":"","overlay-gradient":""},"tablet":{"background-color":"","background-image":"","background-repeat":"repeat","background-position":"center center","background-size":"auto","background-attachment":"scroll","background-type":"","background-media":"","overlay-type":"","overlay-color":"","overlay-opacity":"","overlay-gradient":""},"mobile":{"background-color":"","background-image":"","background-repeat":"repeat","background-position":"center center","background-size":"auto","background-attachment":"scroll","background-type":"","background-media":"","overlay-type":"","overlay-color":"","overlay-opacity":"","overlay-gradient":""}},"ast-content-background-meta":{"desktop":{"background-color":"var(--ast-global-color-5)","background-image":"","background-repeat":"repeat","background-position":"center center","background-size":"auto","background-attachment":"scroll","background-type":"","background-media":"","overlay-type":"","overlay-color":"","overlay-opacity":"","overlay-gradient":""},"tablet":{"background-color":"var(--ast-global-color-5)","background-image":"","background-repeat":"repeat","background-position":"center center","background-size":"auto","background-attachment":"scroll","background-type":"","background-media":"","overlay-type":"","overlay-color":"","overlay-opacity":"","overlay-gradient":""},"mobile":{"background-color":"var(--ast-global-color-5)","background-image":"","background-repeat":"repeat","background-position":"center center","background-size":"auto","background-attachment":"scroll","background-type":"","background-media":"","overlay-type":"","overlay-color":"","overlay-opacity":"","overlay-gradient":""}},"footnotes":""},"class_list":["post-144885","page","type-page","status-publish","has-post-thumbnail","hentry"],"_links":{"self":[{"href":"https:\/\/medclinics.com\/tr\/wp-json\/wp\/v2\/pages\/144885","targetHints":{"allow":["GET"]}}],"collection":[{"href":"https:\/\/medclinics.com\/tr\/wp-json\/wp\/v2\/pages"}],"about":[{"href":"https:\/\/medclinics.com\/tr\/wp-json\/wp\/v2\/types\/page"}],"author":[{"embeddable":true,"href":"https:\/\/medclinics.com\/tr\/wp-json\/wp\/v2\/users\/4"}],"replies":[{"embeddable":true,"href":"https:\/\/medclinics.com\/tr\/wp-json\/wp\/v2\/comments?post=144885"}],"version-history":[{"count":0,"href":"https:\/\/medclinics.com\/tr\/wp-json\/wp\/v2\/pages\/144885\/revisions"}],"wp:featuredmedia":[{"embeddable":true,"href":"https:\/\/medclinics.com\/tr\/wp-json\/wp\/v2\/media\/98744"}],"wp:attachment":[{"href":"https:\/\/medclinics.com\/tr\/wp-json\/wp\/v2\/media?parent=144885"}],"curies":[{"name":"wp","href":"https:\/\/api.w.org\/{rel}","templated":true}]}}