{"id":144863,"date":"2023-05-22T13:50:50","date_gmt":"2023-05-22T10:50:50","guid":{"rendered":"https:\/\/medclinics.com\/yag-transferi-ile-meme-buyutme\/"},"modified":"2025-01-02T14:43:02","modified_gmt":"2025-01-02T11:43:02","slug":"yag-transferi-ile-meme-buyutme","status":"publish","type":"page","link":"https:\/\/medclinics.com\/tr\/yag-transferi-ile-meme-buyutme\/","title":{"rendered":"Ya\u011f Transferi ile Meme B\u00fcy\u00fctme"},"content":{"rendered":"\n<h2 class=\"wp-block-heading\">G\u00f6\u011f\u00fcslerinizi b\u00fcy\u00fctmek ve daha do\u011fal bir g\u00f6r\u00fcn\u00fcm elde etmek istiyorsan\u0131z Ya\u011f Transferi Meme B\u00fcy\u00fctme m\u00fckemmel bir \u00e7\u00f6z\u00fcm olabilir.<\/h2>\n\n<p>Prosed\u00fcr, v\u00fccudun belirli b\u00f6lgelerinden (kar\u0131n, uyluk veya kal\u00e7a gibi) ya\u011f almak i\u00e7in liposuction kullan\u0131r. Al\u0131nan ya\u011f daha sonra temizlenir ve hacimlerini art\u0131rmak i\u00e7in g\u00f6\u011f\u00fcslere aktar\u0131l\u0131r.<\/p>\n\n<p>Ya\u011f transferi ile meme b\u00fcy\u00fctme, meme \u015feklini ve boyutunu iyile\u015ftirmenin do\u011fal bir yoludur. Cerrahlar karn\u0131n\u0131zdan, kal\u00e7alar\u0131n\u0131zdan, s\u0131rt\u0131n\u0131zdan, bacaklar\u0131n\u0131zdan veya kollar\u0131n\u0131zdan ya\u011f al\u0131rlar. Bu nedenle v\u00fccudunuzun bu b\u00f6lgeleri k\u00fc\u00e7\u00fcl\u00fcr. Doktorunuz g\u00f6\u011f\u00fcslerinize ya\u011f h\u00fccreleri enjekte eder ve onlar\u0131 b\u00fcy\u00fct\u00fcr. G\u00f6\u011f\u00fcslerde \u00e7ok fazla ya\u011f dokusu vard\u0131r. Dolay\u0131s\u0131yla daha fazla ya\u011f eklemek daha do\u011fal bir g\u00f6r\u00fcn\u00fcm ve his verir.<\/p>\n\n<p>Bu y\u00f6ntemle ilgili baz\u0131 s\u0131n\u0131rlamalar vard\u0131r. \u00d6nemli bir art\u0131\u015f g\u00f6rmek i\u00e7in birden fazla seansa ihtiyac\u0131n\u0131z olabilir. Ayr\u0131ca, baz\u0131 ya\u011flar v\u00fccut taraf\u0131ndan geri emilebilir. Bu, sonu\u00e7lar\u0131 de\u011fi\u015ftirebilir. Ya\u011f transferi ile <a href=\"https:\/\/www.breastaugmentation.gen.tr\/\" target=\"_blank\" rel=\"noreferrer noopener nofollow\">g\u00f6\u011f\u00fcs<\/a> b\u00fcy\u00fctme, maliyetler, yorumlar ve daha fazlas\u0131 i\u00e7in g\u00f6\u011f\u00fcs b\u00fcy\u00fctme blogumuzu okuyarak faydal\u0131 bilgiler edinebilirsiniz. <\/p>\n\n<h3 class=\"wp-block-heading\">Fiyat, bak\u0131m sonras\u0131 ve iyile\u015fme s\u00fcreci de dahil olmak \u00fczere <a href=\"https:\/\/medclinics.com\/breast-aesthetic-surgery\/\" target=\"_blank\" rel=\"noreferrer noopener\">meme ameliyat\u0131<\/a> hakk\u0131nda bilmeniz gereken her \u015fey veya <a href=\"#requestform\">bizimle ileti\u015fime<\/a> ge\u00e7in!<\/h3>\n\n<figure class=\"wp-block-image size-full\"><img fetchpriority=\"high\" decoding=\"async\" width=\"960\" height=\"550\" src=\"https:\/\/medclinics.com\/wp-content\/uploads\/2023\/03\/breast-augmentation-in-istanbul-near-me.jpg\" alt=\"istanbul-yakinlarimda-g&#xF6;&#x11F;&#xFC;s-olgunlastirma\" class=\"wp-image-21590\" srcset=\"https:\/\/medclinics.com\/wp-content\/uploads\/2023\/03\/breast-augmentation-in-istanbul-near-me.jpg 960w, https:\/\/medclinics.com\/wp-content\/uploads\/2023\/03\/breast-augmentation-in-istanbul-near-me-300x172.jpg 300w, https:\/\/medclinics.com\/wp-content\/uploads\/2023\/03\/breast-augmentation-in-istanbul-near-me-280x160.jpg 280w, https:\/\/medclinics.com\/wp-content\/uploads\/2023\/03\/breast-augmentation-in-istanbul-near-me-768x440.jpg 768w, https:\/\/medclinics.com\/wp-content\/uploads\/2023\/03\/breast-augmentation-in-istanbul-near-me-600x344.jpg 600w\" sizes=\"(max-width: 960px) 100vw, 960px\" \/><\/figure>\n\n<h2 class=\"wp-block-heading\">SSS  <\/h2>\n<div id=\"rank-math-faq\" class=\"rank-math-block\">\n<div class=\"rank-math-list \">\n<div id=\"faq-question-1682603361561\" class=\"rank-math-list-item\">\n<h3 class=\"rank-math-question \">Birden fazla lipofilling seans\u0131na ihtiyac\u0131m var m\u0131?<\/h3>\n<div class=\"rank-math-answer \">\n\n<p>Genellikle 1 ila 3 seans ya\u011f transferi, istedi\u011finiz g\u00f6\u011f\u00fcs boyutunu art\u0131rmak i\u00e7in yeterlidir.<\/p>\n\n<\/div>\n<\/div>\n<div id=\"faq-question-1682665852961\" class=\"rank-math-list-item\">\n<h3 class=\"rank-math-question \">Ya\u011f transferi ile meme b\u00fcy\u00fctme kal\u0131c\u0131 m\u0131d\u0131r?<\/h3>\n<div class=\"rank-math-answer \">\n\n<p>Otolog ya\u011f ile meme b\u00fcy\u00fctme uzun \u00f6m\u00fcrl\u00fcd\u00fcr, ancak sonsuza kadar s\u00fcrmeyebilir. Zaman i\u00e7inde v\u00fccut baz\u0131 ya\u011f h\u00fccrelerini emebilir. Baz\u0131 ya\u011f h\u00fccreleri nakilden sonra hayatta kalamaz veya uygun \u015fekilde b\u00fcy\u00fcmez<\/p>\n\n<\/div>\n<\/div>\n<div id=\"faq-question-1682666623404\" class=\"rank-math-list-item\">\n<h3 class=\"rank-math-question \">Ya\u011f transferli g\u00f6\u011f\u00fcsler do\u011fal hissettirir mi?<\/h3>\n<div class=\"rank-math-answer \">\n\n<p>Evet, ya\u011f transferi ile b\u00fcy\u00fct\u00fclen meme, transfer edilen ya\u011f v\u00fccutla birle\u015ftik\u00e7e do\u011fal bir his verir<\/p>\n\n<\/div>\n<\/div>\n<div id=\"faq-question-1682666956133\" class=\"rank-math-list-item\">\n<h3 class=\"rank-math-question \">Ya\u011f transferi ile meme b\u00fcy\u00fctme ameliyat\u0131ndan sonra emzirebilir miyim?<\/h3>\n<div class=\"rank-math-answer \">\n\n<p>Otolog ya\u011f ile meme b\u00fcy\u00fctme i\u015fleminden sonra bile emzirmek m\u00fcmk\u00fcnd\u00fcr. S\u00fct kanallar\u0131 genellikle etkilenmez. ya\u011f transferi ile.<\/p>\n\n<\/div>\n<\/div>\n<\/div>\n<\/div>\n<p><\/p>\n\n<h3 class=\"wp-block-heading\">Herhangi bir sorunuz olmas\u0131 durumunda hemen bizimle ileti\u015fime ge\u00e7in!<\/h3>\n","protected":false},"excerpt":{"rendered":"<p>G\u00f6\u011f\u00fcslerinizi b\u00fcy\u00fctmek ve daha do\u011fal bir g\u00f6r\u00fcn\u00fcm elde etmek istiyorsan\u0131z Ya\u011f Transferi Meme B\u00fcy\u00fctme m\u00fckemmel bir \u00e7\u00f6z\u00fcm olabilir. Prosed\u00fcr, v\u00fccudun [&hellip;]<\/p>\n","protected":false},"author":4,"featured_media":53227,"parent":0,"menu_order":0,"comment_status":"closed","ping_status":"closed","template":"","meta":{"site-sidebar-layout":"default","site-content-layout":"","ast-site-content-layout":"default","site-content-style":"default","site-sidebar-style":"default","ast-global-header-display":"","ast-banner-title-visibility":"","ast-main-header-display":"","ast-hfb-above-header-display":"","ast-hfb-below-header-display":"","ast-hfb-mobile-header-display":"","site-post-title":"","ast-breadcrumbs-content":"","ast-featured-img":"","footer-sml-layout":"","ast-disable-related-posts":"","theme-transparent-header-meta":"","adv-header-id-meta":"","stick-header-meta":"","header-above-stick-meta":"","header-main-stick-meta":"","header-below-stick-meta":"","astra-migrate-meta-layouts":"default","ast-page-background-enabled":"default","ast-page-background-meta":{"desktop":{"background-color":"var(--ast-global-color-4)","background-image":"","background-repeat":"repeat","background-position":"center center","background-size":"auto","background-attachment":"scroll","background-type":"","background-media":"","overlay-type":"","overlay-color":"","overlay-opacity":"","overlay-gradient":""},"tablet":{"background-color":"","background-image":"","background-repeat":"repeat","background-position":"center center","background-size":"auto","background-attachment":"scroll","background-type":"","background-media":"","overlay-type":"","overlay-color":"","overlay-opacity":"","overlay-gradient":""},"mobile":{"background-color":"","background-image":"","background-repeat":"repeat","background-position":"center center","background-size":"auto","background-attachment":"scroll","background-type":"","background-media":"","overlay-type":"","overlay-color":"","overlay-opacity":"","overlay-gradient":""}},"ast-content-background-meta":{"desktop":{"background-color":"var(--ast-global-color-5)","background-image":"","background-repeat":"repeat","background-position":"center center","background-size":"auto","background-attachment":"scroll","background-type":"","background-media":"","overlay-type":"","overlay-color":"","overlay-opacity":"","overlay-gradient":""},"tablet":{"background-color":"var(--ast-global-color-5)","background-image":"","background-repeat":"repeat","background-position":"center center","background-size":"auto","background-attachment":"scroll","background-type":"","background-media":"","overlay-type":"","overlay-color":"","overlay-opacity":"","overlay-gradient":""},"mobile":{"background-color":"var(--ast-global-color-5)","background-image":"","background-repeat":"repeat","background-position":"center center","background-size":"auto","background-attachment":"scroll","background-type":"","background-media":"","overlay-type":"","overlay-color":"","overlay-opacity":"","overlay-gradient":""}},"footnotes":""},"class_list":["post-144863","page","type-page","status-publish","has-post-thumbnail","hentry"],"_links":{"self":[{"href":"https:\/\/medclinics.com\/tr\/wp-json\/wp\/v2\/pages\/144863","targetHints":{"allow":["GET"]}}],"collection":[{"href":"https:\/\/medclinics.com\/tr\/wp-json\/wp\/v2\/pages"}],"about":[{"href":"https:\/\/medclinics.com\/tr\/wp-json\/wp\/v2\/types\/page"}],"author":[{"embeddable":true,"href":"https:\/\/medclinics.com\/tr\/wp-json\/wp\/v2\/users\/4"}],"replies":[{"embeddable":true,"href":"https:\/\/medclinics.com\/tr\/wp-json\/wp\/v2\/comments?post=144863"}],"version-history":[{"count":0,"href":"https:\/\/medclinics.com\/tr\/wp-json\/wp\/v2\/pages\/144863\/revisions"}],"wp:featuredmedia":[{"embeddable":true,"href":"https:\/\/medclinics.com\/tr\/wp-json\/wp\/v2\/media\/53227"}],"wp:attachment":[{"href":"https:\/\/medclinics.com\/tr\/wp-json\/wp\/v2\/media?parent=144863"}],"curies":[{"name":"wp","href":"https:\/\/api.w.org\/{rel}","templated":true}]}}