{"id":144851,"date":"2023-05-20T13:41:48","date_gmt":"2023-05-20T10:41:48","guid":{"rendered":"https:\/\/medclinics.com\/meme-kucultme\/"},"modified":"2024-12-30T19:19:34","modified_gmt":"2024-12-30T16:19:34","slug":"meme-kucultme","status":"publish","type":"page","link":"https:\/\/medclinics.com\/tr\/meme-kucultme\/","title":{"rendered":"Meme K\u00fc\u00e7\u00fcltme"},"content":{"rendered":"\n<h2 class=\"wp-block-heading\">Meme k\u00fc\u00e7\u00fcltme, memenin boyutunu k\u00fc\u00e7\u00fcltmek ve \u015feklini d\u00fczeltmek i\u00e7in tasarlanm\u0131\u015ft\u0131r. <\/h2>\n\n<p>Bu ameliyatta, fazla meme dokusunu ve deriyi \u00e7\u0131karmak i\u00e7in kesiler yap\u0131l\u0131r. Bu operasyon meme ba\u015f\u0131 (areola) \u00e7evresindeki koyu renkli deriyi de azaltabilir. B\u00fcy\u00fck g\u00f6\u011f\u00fcslere sahip olmak baz\u0131 sorunlara neden olur. Bunlar kronik boyun, s\u0131rt ve omuz a\u011fr\u0131s\u0131, g\u00f6\u011f\u00fcslerin alt\u0131nda kronik k\u0131zar\u0131kl\u0131k veya cilt tahri\u015fi olabilir.<\/p>\n\n<p>Ayr\u0131ca, s\u00fctyenlere ve elbiselere s\u0131\u011fmakta zorlanabilirsiniz. Jinekomasti vb. varsa erkekler i\u00e7in meme k\u00fc\u00e7\u00fcltme de mevcuttur. Bunlardan herhangi biriyle ilgili sorun ya\u015fad\u0131\u011f\u0131n\u0131zda bu ameliyat\u0131 tercih edebilirsiniz. Prosed\u00fcr i\u00e7in cerrah genellikle her memenin alt\u0131nda, meme ucunun i\u00e7inde ve \u00e7evresinde bir kesi yapar. Daha sonra fazla meme dokusu, ya\u011f ve deri al\u0131n\u0131r. Bu, g\u00f6\u011fs\u00fc yeniden \u015fekillendirir.  <\/p>\n\n<p>Bu <a href=\"https:\/\/istanbul-tourist-information.com\/en\/category\/plastic-and-aesthetic-surgery\/\" target=\"_blank\" rel=\"noreferrer noopener\">estetik ameliyat<\/a> i\u00e7in \u00e7e\u015fitli teknikler vard\u0131r. Geleneksel k\u00fc\u00e7\u00fcltme, sadece liposuction ile k\u00fc\u00e7\u00fcltme ve dikey kesili meme k\u00fc\u00e7\u00fcltme (Lolipop Reduction) en pop\u00fcler olanlar\u0131d\u0131r. <strong>Geleneksel k\u00fc\u00e7<\/strong>\u00fcltmede fazla meme dokusu, ya\u011f ve deri \u00e7\u0131kar\u0131larak yap\u0131l\u0131r. Optimum estetik i\u00e7in kalan dokuyu yeniden \u015fekillendirmek m\u00fcmk\u00fcnd\u00fcr.  <\/p>\n\n<p><strong>Sadece liposuction ile k\u00fc\u00e7\u00fcltme<\/strong> daha az invaziv bir y\u00f6ntemdir. Sadece ya\u011f dokusunu emer. Ayr\u0131ca, kapsaml\u0131 doku veya konturlama i\u00e7ermez. Dikey insizyonlu meme k\u00fc\u00e7\u00fcltme (lolipop k\u00fc\u00e7\u00fcltme), orta derecede k\u00fc\u00e7\u00fcltme i\u00e7in daha az yara izi b\u0131rakan bir tekniktir. Areoladan meme k\u0131vr\u0131m\u0131na kadar dikey bir kesi i\u00e7erir.<\/p>\n\n<p>Ayr\u0131ca meme k\u00fc\u00e7\u00fcltme ameliyat\u0131n\u0131 meme dikle\u015ftirme ameliyat\u0131 ile birle\u015ftirebilirsiniz. MedClinics olarak, meme ameliyat\u0131n\u0131z i\u00e7in en iyi klinikleri ve plastik cerrahlar\u0131 bulmak i\u00e7in buraday\u0131z!<\/p>\n\n<h3 class=\"wp-block-heading\"><a href=\"https:\/\/medclinics.com\/breast-aesthetic-surgery\/\" target=\"_blank\" rel=\"noreferrer noopener\">Meme esteti\u011fi ameliyatlar\u0131<\/a> hakk\u0131nda fiyat, ameliyat sonras\u0131 bak\u0131m ve iyile\u015fme s\u00fcreci de dahil olmak \u00fczere bilmeniz gereken her \u015fey veya <a href=\"#requestform\" target=\"_blank\" rel=\"noreferrer noopener\">bize ula\u015f\u0131n<\/a>!<\/h3>\n\n<figure class=\"wp-block-image size-large\"><img fetchpriority=\"high\" decoding=\"async\" width=\"1440\" height=\"470\" src=\"https:\/\/medclinics.com\/wp-content\/uploads\/2023\/02\/breast-eduction-istanbul.jpg\" alt=\"T&#xFC;rkiye'de &#x130;stanbul'da Meme K&#xFC;&#xE7;&#xFC;ltme\" class=\"wp-image-53074\" srcset=\"https:\/\/medclinics.com\/wp-content\/uploads\/2023\/02\/breast-eduction-istanbul.jpg 1440w, https:\/\/medclinics.com\/wp-content\/uploads\/2023\/02\/breast-eduction-istanbul-500x163.jpg 500w, https:\/\/medclinics.com\/wp-content\/uploads\/2023\/02\/breast-eduction-istanbul-1024x334.jpg 1024w, https:\/\/medclinics.com\/wp-content\/uploads\/2023\/02\/breast-eduction-istanbul-768x251.jpg 768w\" sizes=\"(max-width: 1440px) 100vw, 1440px\" \/><\/figure>\n\n<h2 class=\"wp-block-heading\">SSS!<\/h2>\n<div id=\"rank-math-faq\" class=\"rank-math-block\">\n<div class=\"rank-math-list \">\n<div id=\"faq-question-1682602684334\" class=\"rank-math-list-item\">\n<h3 class=\"rank-math-question \">Meme k\u00fc\u00e7\u00fcltme i\u00e7in kimler uygundur?<\/h3>\n<div class=\"rank-math-answer \">\n\n<p>G\u00f6\u011f\u00fcslerinin b\u00fcy\u00fckl\u00fc\u011f\u00fcnden \u015fikayet\u00e7i olan her kad\u0131n meme k\u00fc\u00e7\u00fcltme i\u00e7in uygundur. \u00c7ok b\u00fcy\u00fck g\u00f6\u011f\u00fcsler hem psikolojik hem de fiziksel rahats\u0131zl\u0131\u011fa neden olabilir. Kad\u0131nlar genellikle s\u0131rt ve boyun a\u011fr\u0131s\u0131 veya duru\u015f problemleri ya\u015farlar.<\/p>\n\n<\/div>\n<\/div>\n<div id=\"faq-question-1682602700934\" class=\"rank-math-list-item\">\n<h3 class=\"rank-math-question \">G\u00f6\u011fs\u00fcm ne kadar k\u00fc\u00e7\u00fclt\u00fclebilir?<\/h3>\n<div class=\"rank-math-answer \">\n\n<p>Meme k\u00fc\u00e7\u00fcltme i\u015fleminin kapsam\u0131 sizinle birlikte doktorunuz taraf\u0131ndan belirlenecektir. V\u00fccut tipinize ve ba\u015flang\u0131\u00e7 kilonuza ba\u011fl\u0131 olarak, her bir taraf i\u00e7in 200 ila 1500 gram aras\u0131nda \u00e7\u0131kar\u0131labilir.<\/p>\n\n<\/div>\n<\/div>\n<div id=\"faq-question-1682602721732\" class=\"rank-math-list-item\">\n<h3 class=\"rank-math-question \">Erkekler meme k\u00fc\u00e7\u00fcltme yapt\u0131rabilir mi?<\/h3>\n<div class=\"rank-math-answer \">\n\n<p>Evet, erkekler de meme k\u00fc\u00e7\u00fcltme ameliyat\u0131 olabilir. Bunun i\u00e7in kullan\u0131lan t\u0131bbi terim jinekomastidir. Do\u011fumdan hemen sonra, ergenlik d\u00f6neminde veya daha ileri ya\u015flarda ortaya \u00e7\u0131kar. Tehlikeli bir durum de\u011fildir, ancak bir\u00e7ok erkek a\u015f\u0131r\u0131 b\u00fcy\u00fck memeyi rahats\u0131z edici bulur ve bundan psikolojik olarak ac\u0131 \u00e7eker<\/p>\n\n<\/div>\n<\/div>\n<div id=\"faq-question-1682602747270\" class=\"rank-math-list-item\">\n<h3 class=\"rank-math-question \">Meme k\u00fc\u00e7\u00fcltme i\u00e7in cerrahi teknikler nelerdir?<\/h3>\n<div class=\"rank-math-answer \">\n\n<p>Kesi\u011fin areola etraf\u0131ndan ve ek olarak meme ucundan meme k\u0131vr\u0131m\u0131na do\u011fru dikey olarak a\u015fa\u011f\u0131ya indi\u011fi dikey teknik aras\u0131nda bir ayr\u0131m yap\u0131l\u0131r. Bu tekni\u011fe lolipop veya anahtar deli\u011fi insizyonu da denir. Ters T ile kesi memenin k\u0131vr\u0131m\u0131ndan ge\u00e7er ve dikey olarak yukar\u0131 do\u011fru areolaya uzan\u0131r. Bu teknikler daha \u00e7ok meme k\u00fc\u00e7\u00fcltme i\u015flemlerinde kullan\u0131lmaktad\u0131r.<\/p>\n\n<\/div>\n<\/div>\n<\/div>\n<\/div>\n<h2 class=\"wp-block-heading\">Herhangi bir sorunuz olmas\u0131 durumunda hemen bizimle ileti\u015fime ge\u00e7in!<\/h2>\n","protected":false},"excerpt":{"rendered":"<p>Meme k\u00fc\u00e7\u00fcltme, memenin boyutunu k\u00fc\u00e7\u00fcltmek ve \u015feklini d\u00fczeltmek i\u00e7in tasarlanm\u0131\u015ft\u0131r. Bu ameliyatta, fazla meme dokusunu ve deriyi \u00e7\u0131karmak i\u00e7in kesiler [&hellip;]<\/p>\n","protected":false},"author":4,"featured_media":98752,"parent":0,"menu_order":0,"comment_status":"closed","ping_status":"closed","template":"","meta":{"site-sidebar-layout":"default","site-content-layout":"","ast-site-content-layout":"default","site-content-style":"default","site-sidebar-style":"default","ast-global-header-display":"","ast-banner-title-visibility":"","ast-main-header-display":"","ast-hfb-above-header-display":"","ast-hfb-below-header-display":"","ast-hfb-mobile-header-display":"","site-post-title":"","ast-breadcrumbs-content":"","ast-featured-img":"","footer-sml-layout":"","ast-disable-related-posts":"","theme-transparent-header-meta":"","adv-header-id-meta":"","stick-header-meta":"","header-above-stick-meta":"","header-main-stick-meta":"","header-below-stick-meta":"","astra-migrate-meta-layouts":"default","ast-page-background-enabled":"default","ast-page-background-meta":{"desktop":{"background-color":"var(--ast-global-color-4)","background-image":"","background-repeat":"repeat","background-position":"center center","background-size":"auto","background-attachment":"scroll","background-type":"","background-media":"","overlay-type":"","overlay-color":"","overlay-opacity":"","overlay-gradient":""},"tablet":{"background-color":"","background-image":"","background-repeat":"repeat","background-position":"center center","background-size":"auto","background-attachment":"scroll","background-type":"","background-media":"","overlay-type":"","overlay-color":"","overlay-opacity":"","overlay-gradient":""},"mobile":{"background-color":"","background-image":"","background-repeat":"repeat","background-position":"center center","background-size":"auto","background-attachment":"scroll","background-type":"","background-media":"","overlay-type":"","overlay-color":"","overlay-opacity":"","overlay-gradient":""}},"ast-content-background-meta":{"desktop":{"background-color":"var(--ast-global-color-5)","background-image":"","background-repeat":"repeat","background-position":"center center","background-size":"auto","background-attachment":"scroll","background-type":"","background-media":"","overlay-type":"","overlay-color":"","overlay-opacity":"","overlay-gradient":""},"tablet":{"background-color":"var(--ast-global-color-5)","background-image":"","background-repeat":"repeat","background-position":"center center","background-size":"auto","background-attachment":"scroll","background-type":"","background-media":"","overlay-type":"","overlay-color":"","overlay-opacity":"","overlay-gradient":""},"mobile":{"background-color":"var(--ast-global-color-5)","background-image":"","background-repeat":"repeat","background-position":"center center","background-size":"auto","background-attachment":"scroll","background-type":"","background-media":"","overlay-type":"","overlay-color":"","overlay-opacity":"","overlay-gradient":""}},"footnotes":""},"class_list":["post-144851","page","type-page","status-publish","has-post-thumbnail","hentry"],"_links":{"self":[{"href":"https:\/\/medclinics.com\/tr\/wp-json\/wp\/v2\/pages\/144851","targetHints":{"allow":["GET"]}}],"collection":[{"href":"https:\/\/medclinics.com\/tr\/wp-json\/wp\/v2\/pages"}],"about":[{"href":"https:\/\/medclinics.com\/tr\/wp-json\/wp\/v2\/types\/page"}],"author":[{"embeddable":true,"href":"https:\/\/medclinics.com\/tr\/wp-json\/wp\/v2\/users\/4"}],"replies":[{"embeddable":true,"href":"https:\/\/medclinics.com\/tr\/wp-json\/wp\/v2\/comments?post=144851"}],"version-history":[{"count":0,"href":"https:\/\/medclinics.com\/tr\/wp-json\/wp\/v2\/pages\/144851\/revisions"}],"wp:featuredmedia":[{"embeddable":true,"href":"https:\/\/medclinics.com\/tr\/wp-json\/wp\/v2\/media\/98752"}],"wp:attachment":[{"href":"https:\/\/medclinics.com\/tr\/wp-json\/wp\/v2\/media?parent=144851"}],"curies":[{"name":"wp","href":"https:\/\/api.w.org\/{rel}","templated":true}]}}