{"id":144841,"date":"2023-06-09T13:57:00","date_gmt":"2023-06-09T10:57:00","guid":{"rendered":"https:\/\/medclinics.com\/meme-estetigi-ameliyati\/"},"modified":"2024-12-30T19:20:38","modified_gmt":"2024-12-30T16:20:38","slug":"meme-estetigi-ameliyati","status":"publish","type":"page","link":"https:\/\/medclinics.com\/tr\/meme-estetigi-ameliyati\/","title":{"rendered":"Meme Cerrahisi"},"content":{"rendered":"\n<h2 class=\"wp-block-heading\" id=\"breast-surgery-or-mammoplasty\">Meme Cerrahisi veya Mamoplasti<\/h2>\n\n<p><strong>g\u00f6\u011f\u00fcslerin \u015feklini ve boyutunu de\u011fi\u015ftirmek i\u00e7in tasarlanm\u0131\u015ft\u0131r. \u00d6zg\u00fcveninizi yeniden kazanman\u0131z\u0131 ve normal ya\u015fam\u0131 engelleyen bir\u00e7ok kompleksi ortadan kald\u0131rman\u0131z\u0131 sa\u011flar.<\/strong><\/p>\n\n<div class=\"wp-block-rank-math-toc-block\" id=\"rank-math-toc\"><h2>\u0130\u00e7indekiler Tablosu<\/h2><nav><ul><li><a href=\"#breast-surgery-or-mammoplasty\">Meme Cerrahisi veya Mamoplasti<\/a><\/li><li><a href=\"#so-what-is\">Peki Nedir<\/a><\/li><li><a href=\"#treatment-plan\">Tedavi Plan\u0131<\/a><\/li><li><a href=\"#aftercare-healing-process\">Bak\u0131m Sonras\u0131 &amp; \u0130yile\u015fme S\u00fcreci<\/a><\/li><li><a href=\"#top-breast-surgery-costs-by-country\">\u00dclkelere g\u00f6re en y\u00fcksek Meme Cerrahisi maliyetleri<\/a><\/li><li><a href=\"#types-of-breast-aesthetic-surgery\">Meme Esteti\u011fi Ameliyat\u0131 T\u00fcrleri<\/a><\/li><li><a href=\"#faq\">SSS<\/a><\/li><li><a href=\"#history\">Tarih<\/a><\/li><li><a href=\"#cities-and-countries-for-breast-surgery\">Meme Cerrahisi i\u00e7in \u015eehirler ve \u00dclkeler<\/a><\/li><\/ul><\/nav><\/div>\n\n<h2 class=\"wp-block-heading\" id=\"so-what-is\">Peki Nedir<\/h2>\n\n<ul class=\"wp-block-list\">\n<li>Meme Cerrahisi veya Mamoplasti, meme bezlerinin \u015feklini ve boyutunu de\u011fi\u015ftirmeyi, areola ve meme u\u00e7lar\u0131n\u0131 d\u00fczeltmeyi ama\u00e7layan bir grup cerrahi operasyondur.<\/li>\n\n\n\n<li>\u00d6zg\u00fcveninizi yeniden kazanman\u0131z\u0131 ve normal hayata m\u00fcdahale eden bir dizi kompleksten kurtulman\u0131z\u0131 sa\u011flar.<\/li>\n<\/ul>\n\n<figure class=\"wp-block-image size-full\"><img fetchpriority=\"high\" decoding=\"async\" width=\"960\" height=\"540\" src=\"https:\/\/medclinics.com\/wp-content\/uploads\/2023\/07\/breast-aesthetic-surgery-in-turkey.jpg\" alt=\"T&#xFC;rkiye'de &#x130;stanbul'da Meme Esteti&#x11F;i Ameliyat&#x131;\" class=\"wp-image-96694\" srcset=\"https:\/\/medclinics.com\/wp-content\/uploads\/2023\/07\/breast-aesthetic-surgery-in-turkey.jpg 960w, https:\/\/medclinics.com\/wp-content\/uploads\/2023\/07\/breast-aesthetic-surgery-in-turkey-500x281.jpg 500w, https:\/\/medclinics.com\/wp-content\/uploads\/2023\/07\/breast-aesthetic-surgery-in-turkey-768x432.jpg 768w, https:\/\/medclinics.com\/wp-content\/uploads\/2023\/07\/breast-aesthetic-surgery-in-turkey-24x14.jpg 24w, https:\/\/medclinics.com\/wp-content\/uploads\/2023\/07\/breast-aesthetic-surgery-in-turkey-36x20.jpg 36w, https:\/\/medclinics.com\/wp-content\/uploads\/2023\/07\/breast-aesthetic-surgery-in-turkey-48x27.jpg 48w\" sizes=\"(max-width: 960px) 100vw, 960px\" \/><\/figure>\n\n<h2 class=\"wp-block-heading\" id=\"treatment-plan\">Tedavi Plan\u0131<\/h2>\n<div id=\"rank-math-faq\" class=\"rank-math-block\">\n<div class=\"rank-math-list \">\n<div id=\"faq-question-1686920579822\" class=\"rank-math-list-item\">\n<h3 class=\"rank-math-question \">1. G\u00fcn<\/h3>\n<div class=\"rank-math-answer \">\n\n<p>T\u0131bbi dan\u0131\u015fman\u0131n\u0131zla tan\u0131\u015f\u0131n<br \/>Memenizin ayr\u0131nt\u0131l\u0131 muayenesi<br \/>Ameliyat y\u00f6nteminin yan\u0131 s\u0131ra implantlar\u0131n \u015fekli ve hacmi hakk\u0131nda nihai karar <\/p>\n\n<\/div>\n<\/div>\n<div id=\"faq-question-1686920626460\" class=\"rank-math-list-item\">\n<h3 class=\"rank-math-question \">2. G\u00fcn<\/h3>\n<div class=\"rank-math-answer \">\n\n<p>Klini\u011fe a\u00e7 karn\u0131na gelin ve kan kontrol\u00fcn\u00fc yap\u0131n<br \/>Kan testi sonu\u00e7lar\u0131 haz\u0131r olduktan sonra sizi tedavi eden doktorla ikinci kons\u00fcltasyon.<br \/>Haz\u0131rl\u0131k ve ameliyat\u0131n ba\u015flamas\u0131: Genel anestezi alt\u0131nda yap\u0131l\u0131r, bu nedenle herhangi bir a\u011fr\u0131 hissetmezsiniz.<br \/>Meme b\u00fcy\u00fctme operasyonlar\u0131 genellikle 2 ila 3 saat aras\u0131nda s\u00fcrer.<br \/>Meme b\u00fcy\u00fctme ile birlikte meme dikle\u015ftirme veya meme u\u00e7lar\u0131n\u0131n d\u00fczeltilmesi yap\u0131l\u0131rsa, ameliyat s\u00fcresi yakla\u015f\u0131k 1 ila 2 saat uzar.<br \/>Uyand\u0131ktan sonra hastanedeki \u00f6zel odan\u0131za transfer edileceksiniz.<br \/>Genel anestezi nedeniyle bir geceyi hastanede t\u0131bbi g\u00f6zetim alt\u0131nda ge\u00e7ireceksiniz.<br \/>Yakla\u015f\u0131k 1 ay boyunca klini\u011fimizden \u00fccretsiz olarak alaca\u011f\u0131n\u0131z \u00f6zel bir destek s\u00fctyeni giymeniz gerekti\u011fini l\u00fctfen unutmay\u0131n.<\/p>\n\n<\/div>\n<\/div>\n<div id=\"faq-question-1686920640309\" class=\"rank-math-list-item\">\n<h3 class=\"rank-math-question \">3. G\u00fcn<\/h3>\n<div class=\"rank-math-answer \">\n\n<p>Tedavi eden doktorunuzla kons\u00fcltasyon<br \/>Ameliyat b\u00f6lgesinin kontrol\u00fc<br \/>Drenajlar\u0131n al\u0131nmas\u0131<br \/>\u00d6n\u00fcm\u00fczdeki birka\u00e7 g\u00fcn i\u00e7inde dikkat etmeniz gerekenler hakk\u0131nda bilgi<br \/>Daha sonra hastaneden ayr\u0131lacak, otelinize gidecek ve dinleneceksiniz<br \/>Olas\u0131 a\u011fr\u0131lar\u0131 \u00f6nlemek ve ameliyat b\u00f6lgesindeki \u015fi\u015fli\u011fi azaltmak i\u00e7in klini\u011fimizden alaca\u011f\u0131n\u0131z ila\u00e7lar\u0131 \u00f6zenle kullanman\u0131z\u0131 \u015fiddetle tavsiye ederiz.<\/p>\n\n<\/div>\n<\/div>\n<div id=\"faq-question-1686920659005\" class=\"rank-math-list-item\">\n<h3 class=\"rank-math-question \">4. G\u00fcn<\/h3>\n<div class=\"rank-math-answer \">\n\n<p>Kendinizi iyi hissediyorsan\u0131z, art\u0131k \u015fehri ke\u015ffedebilir veya al\u0131\u015fveri\u015fe \u00e7\u0131kabilirsiniz! \u0130sterseniz otelde de dinlenebilirsiniz!<\/p>\n\n<\/div>\n<\/div>\n<div id=\"faq-question-1686920742708\" class=\"rank-math-list-item\">\n<h3 class=\"rank-math-question \">5. G\u00fcn<\/h3>\n<div class=\"rank-math-answer \">\n\n<p>Hastanemizde tedavi eden doktorunuz taraf\u0131ndan son kontrol<br \/>Ameliyat b\u00f6lgesinin ayr\u0131nt\u0131l\u0131 muayenesi<br \/>Yaran\u0131n temizlenmesi ve bandajlar\u0131n de\u011fi\u015ftirilmesi<br \/>Daha sonra rahatlam\u0131\u015f olarak evinize d\u00f6nebilirsiniz<\/p>\n\n<\/div>\n<\/div>\n<\/div>\n<\/div>\n<h3 class=\"wp-block-heading\" id=\"mammoplasty-for\">Meme Esteti\u011fi i\u00e7in:<\/h3>\n\n<ul class=\"wp-block-list\">\n<li>Sa\u011fl\u0131k durumu iyi olan kad\u0131nlar.<\/li>\n\n\n\n<li>G\u00f6\u011f\u00fcslerinin boyutunu ve\/veya \u015feklini de\u011fi\u015ftirmek isteyen kad\u0131nlar.<\/li>\n\n\n\n<li>Bir ameliyat veya kaza sonras\u0131 meme rekonstr\u00fcksiyonu isteyen kad\u0131nlar.<\/li>\n<\/ul>\n\n<h3 class=\"wp-block-heading\" id=\"mammoplasty-duration\">Meme Esteti\u011fi Ameliyat S\u00fcresi:<\/h3>\n\n<ul class=\"wp-block-list\">\n<li>Meme ameliyat\u0131, ameliyat t\u00fcr\u00fcne ve zorlu\u011funa ba\u011fl\u0131 olarak 1 ila 8 saat aras\u0131nda s\u00fcrebilir.<\/li>\n<\/ul>\n\n<h3 class=\"wp-block-heading\" id=\"mammoplasty-recovery-timeline\">Meme Esteti\u011fi \u0130yile\u015fme Zaman \u00c7izelgesi:<\/h3>\n\n<ul class=\"wp-block-list\">\n<li><a href=\"https:\/\/istanbul-tourist-information.com\/en\/medical-treatment\/\" target=\"_blank\" rel=\"noopener\">Ameliyattan<\/a> sonra iyile\u015fmek genellikle 1-2 hafta s\u00fcrer.<\/li>\n\n\n\n<li>Fiziksel aktivitelere bir ay sonra yeniden ba\u015flanabilir.<\/li>\n\n\n\n<li>Tedavinin tam sonu\u00e7lar\u0131n\u0131n fark edilebilir hale gelmesi genellikle en az \u00fc\u00e7 ay s\u00fcrer.<\/li>\n\n\n\n<li>Meme ameliyat\u0131 sonucunda olu\u015fan \u015fi\u015flik ve yara izinin tamamen kaybolmas\u0131 12 aya kadar s\u00fcrebilir.<\/li>\n<\/ul>\n\n<h3 class=\"wp-block-heading\" id=\"possible-risks-for-mammoplasty\">Meme Esteti\u011fi i\u00e7in Olas\u0131 Riskler:<\/h3>\n\n<ul class=\"wp-block-list\">\n<li>Hematom<\/li>\n\n\n\n<li>Ya\u011f embolisi<\/li>\n\n\n\n<li>Ya\u011f h\u00fccrelerinin nekrozu<\/li>\n\n\n\n<li>Hassasiyet kayb\u0131<\/li>\n\n\n\n<li>Emzirmede zorluk veya yetersizlik<\/li>\n\n\n\n<li>Meme ucu hassasiyetinin kaybolmas\u0131 veya azalmas\u0131<\/li>\n\n\n\n<li>Uyu\u015fukluk<\/li>\n<\/ul>\n\n<h2 class=\"wp-block-heading\" id=\"aftercare-healing-process\">Bak\u0131m Sonras\u0131 &amp; \u0130yile\u015fme S\u00fcreci<\/h2>\n<div id=\"rank-math-faq\" class=\"rank-math-block\">\n<div class=\"rank-math-list \">\n<div id=\"faq-question-1686920840200\" class=\"rank-math-list-item\">\n<h3 class=\"rank-math-question \">Bak\u0131m Sonras\u0131<\/h3>\n<div class=\"rank-math-answer \">\n\n<p>Elbette, tedavinizden sonra da sizinle ilgilenece\u011fiz!<br \/>T\u0131bbi dan\u0131\u015fmanlar\u0131m\u0131z ameliyattan sonraki 1 y\u0131l boyunca sizinle ilgilenecektir.<br \/>Herhangi bir yard\u0131ma ihtiyac\u0131n\u0131z olursa, sorular\u0131n\u0131z varsa, personelimizle ileti\u015fime ge\u00e7ebilirsiniz<br \/>Ameliyattan 2 hafta, 2 ay, 6 ay ve 1 y\u0131l sonra ilerlemeyi g\u00f6rmek i\u00e7in sizden resim g\u00f6ndermenizi isteyece\u011fiz.<\/p>\n\n<\/div>\n<\/div>\n<div id=\"faq-question-1686920853244\" class=\"rank-math-list-item\">\n<h3 class=\"rank-math-question \">\u0130yile\u015fme S\u00fcreci<\/h3>\n<div class=\"rank-math-answer \">\n\n<p>\u0130yile\u015fme s\u00fcreci bir b\u00fct\u00fcn olarak 6 ila 12 ay aras\u0131nda s\u00fcrer.<br \/>Meme esteti\u011fi ameliyat\u0131ndan sonraki ilk iki hafta i\u00e7inde hafif bir s\u0131cakl\u0131k art\u0131\u015f\u0131 beklemelisiniz. G\u00f6\u011f\u00fcs yakla\u015f\u0131k 3 ay i\u00e7inde a\u011fr\u0131yacak, sertle\u015fecek ve yumu\u015famaya ba\u015flayacakt\u0131r.<br \/>Ameliyattan sonraki ilk haftalarda doktor taraf\u0131ndan re\u00e7ete edilen ila\u00e7lar\u0131 almal\u0131s\u0131n\u0131z.  Bunlar anti-enflamatuar ila\u00e7lar, antibiyotikler. A\u011fr\u0131y\u0131 hafifletmek, iltihab\u0131 gidermek ve enfeksiyon geli\u015fimini \u00f6nlemek i\u00e7in re\u00e7ete edilirler.<br \/>Meme esteti\u011fi ameliyat\u0131ndan sonra iyile\u015fme her zaman meme \u015fi\u015fli\u011fi, morarma geli\u015fimi ile ili\u015fkilidir. Bu olduk\u00e7a normaldir. \u015ei\u015flik ve morarma zamanla kaybolacakt\u0131r.<\/p>\n<p>Meme esteti\u011fi ameliyat\u0131ndan sonraki ilk bir ay i\u00e7inde meme ba\u015f\u0131 hassasiyeti bozulabilir ve memenin kendisinin hassasiyeti de\u011fi\u015febilir. Yava\u015f yava\u015f normale d\u00f6necektir.<br \/>T\u00fcm iyile\u015fme d\u00f6nemi boyunca diki\u015flere dikkat etmeniz gerekir. Bunun nas\u0131l yap\u0131laca\u011f\u0131n\u0131, hangi d\u00fczenlilikle yap\u0131laca\u011f\u0131n\u0131 doktor s\u00f6ylemelidir.<br \/>\u0130yile\u015fme s\u00fcrecini h\u0131zland\u0131rmak i\u00e7in ilk haftalardan itibaren \u00f6zel bir masaj re\u00e7ete edilir. <\/p>\n\n<\/div>\n<\/div>\n<\/div>\n<\/div>\n<figure class=\"wp-block-image size-full\"><img decoding=\"async\" width=\"960\" height=\"540\" src=\"https:\/\/medclinics.com\/wp-content\/uploads\/2023\/07\/breast-aesthetic-surgery-in-turkey-2.jpg\" alt=\"T&#xFC;rkiye'de Meme Esteti&#x11F;i Ameliyatlar&#x131; 2\" class=\"wp-image-96701\" srcset=\"https:\/\/medclinics.com\/wp-content\/uploads\/2023\/07\/breast-aesthetic-surgery-in-turkey-2.jpg 960w, https:\/\/medclinics.com\/wp-content\/uploads\/2023\/07\/breast-aesthetic-surgery-in-turkey-2-500x281.jpg 500w, https:\/\/medclinics.com\/wp-content\/uploads\/2023\/07\/breast-aesthetic-surgery-in-turkey-2-768x432.jpg 768w, https:\/\/medclinics.com\/wp-content\/uploads\/2023\/07\/breast-aesthetic-surgery-in-turkey-2-24x14.jpg 24w, https:\/\/medclinics.com\/wp-content\/uploads\/2023\/07\/breast-aesthetic-surgery-in-turkey-2-36x20.jpg 36w, https:\/\/medclinics.com\/wp-content\/uploads\/2023\/07\/breast-aesthetic-surgery-in-turkey-2-48x27.jpg 48w\" sizes=\"(max-width: 960px) 100vw, 960px\" \/><\/figure>\n\n<h2 class=\"wp-block-heading\" id=\"top-breast-surgery-costs-by-country\">\u00dclkelere g\u00f6re en y\u00fcksek Meme Cerrahisi maliyetleri<\/h2>\n\n<p>Meme esteti\u011fi ameliyat\u0131 maliyetleri cerrah\u0131n deneyimine, kullan\u0131lan tekni\u011fe, klini\u011fe veya hastaneye ve bireysel sa\u011fl\u0131k durumunuza ba\u011fl\u0131d\u0131r.<br\/>A\u015fa\u011f\u0131da listelenen fiyatlar meme b\u00fcy\u00fctme i\u00e7indir ve de\u011fi\u015febilir. Bunlar hakk\u0131nda detayl\u0131 bilgi edinmek i\u00e7in bizimle ileti\u015fime ge\u00e7ebilirsiniz.<\/p>\n\n<figure class=\"wp-block-table\"><table><thead><tr><th>\u00dclke  <\/th><th>Fiyat  <\/th><th>De\u011ferlendirme<\/th><\/tr><\/thead><tbody><tr><td>T\u00fcrkiye (Turkey)<\/td><td>~ 3500\u20ac<\/td><td>\u2605\u2605\u2605\u2605\u2605<\/td><\/tr><tr><td>Almanya<\/td><td>~ 5000\u20ac<\/td><td>\u2605\u2605\u2605\u2605<\/td><\/tr><tr><td>Polonya<\/td><td>~ 6200\u20ac<\/td><td>\u2605\u2605\u2605<\/td><\/tr><tr><td>Hindistan<\/td><td>~ 7000\u20ac<\/td><td>\u2605\u2605\u2605<\/td><\/tr><\/tbody><\/table><\/figure>\n\n<h2 class=\"wp-block-heading\" id=\"types-of-breast-aesthetic-surgery\">Meme Esteti\u011fi Ameliyat\u0131 T\u00fcrleri<\/h2>\n<div class=\"jet-listing-grid--blocks   jet-sm-gb-wrapper jet-sm-gb-8ee14fe5-2e42-4d3b-9612-13db20e24f92\"data-element-id=\"8ee14fe5-2e42-4d3b-9612-13db20e24f92\"data-listing-type=\"blocks\"data-is-block=\"jet-engine\/listing-grid\"><div class=\"jet-listing-notice\">Please select listing to show.<\/div><\/div>\n<h2 class=\"wp-block-heading\" id=\"faq\">SSS<\/h2>\n<div id=\"rank-math-faq\" class=\"rank-math-block\">\n<div class=\"rank-math-list \">\n<div id=\"faq-question-1682598236692\" class=\"rank-math-list-item\">\n<h3 class=\"rank-math-question \">Mamoplasti &#8211; Meme Esteti\u011fi Ameliyat\u0131 Nedir?<\/h3>\n<div class=\"rank-math-answer \">\n\n<p>Meme plastik cerrahisi, meme bezlerinin \u015feklini, konumunu, hacmini d\u00fczeltmeyi ama\u00e7layan bir operasyondur. Cerrahi m\u00fcdahale hem t\u0131bbi nedenlerle hem de estetik ama\u00e7l\u0131 olarak hastan\u0131n talebi \u00fczerine ger\u00e7ekle\u015ftirilmektedir. Kad\u0131n\u0131n tercihlerine ba\u011fl\u0131 olarak, mamoplasti memenin boyutunu art\u0131rman\u0131za veya azaltman\u0131za, asimetriyi, ya\u015fa ba\u011fl\u0131 pitozu, travma veya ameliyat\u0131n sonu\u00e7lar\u0131n\u0131 ortadan kald\u0131rman\u0131za olanak tan\u0131r.<\/p>\n\n<\/div>\n<\/div>\n<div id=\"faq-question-1682599778411\" class=\"rank-math-list-item\">\n<h3 class=\"rank-math-question \">Meme esteti\u011fi ameliyatlar\u0131 T\u00fcrkiye&#8217;de neden daha ucuz?<\/h3>\n<div class=\"rank-math-answer \">\n\n<p>T\u00fcrkiye&#8217;de maa\u015flar ve hayat pahal\u0131l\u0131\u011f\u0131 Avrupa&#8217;ya g\u00f6re daha d\u00fc\u015f\u00fck, ayr\u0131ca h\u00fck\u00fcmet sa\u011fl\u0131k sekt\u00f6r\u00fcn\u00fc destekliyor. Bu nedenle, T\u00fcrkiye&#8217;de meme ameliyat\u0131 kalite ve standarttan \u00f6d\u00fcn vermeden, \u00e7ok daha ucuz fiyatlarla daha d\u00fc\u015f\u00fck maliyetlerle yap\u0131labilir.<\/p>\n\n<\/div>\n<\/div>\n<div id=\"faq-question-1682599810915\" class=\"rank-math-list-item\">\n<h3 class=\"rank-math-question \">T\u00fcrkiye&#8217;de meme esteti\u011fi ameliyat\u0131 olmak g\u00fcvenli midir?<\/h3>\n<div class=\"rank-math-answer \">\n\n<p>Y\u0131lda 2 milyonu a\u015fk\u0131n sa\u011fl\u0131k turisti ile T\u00fcrkiye, sa\u011fl\u0131k turizminde d\u00fcnyan\u0131n \u00fc\u00e7 liderinden biridir. Deneyimli doktorlar, profesyonel bir ekiple birlikte hastalarla uzman ve yetkin bir \u015fekilde ilgilenir. Yakla\u015f\u0131k 86 milyon n\u00fcfusu ile T\u00fcrkiye, n\u00fcfus bak\u0131m\u0131ndan d\u00fcnyada 17. s\u0131rada yer almaktad\u0131r. Doktorlar di\u011fer \u00fclkelere k\u0131yasla \u00e7ok fazla pratik deneyime sahiptir ve bu da onlar\u0131 yetkin profesyoneller haline getirmektedir. T\u00fcrkiye&#8217;de meme ameliyat\u0131 olmak g\u00fcvenlidir.<\/p>\n\n<\/div>\n<\/div>\n<div id=\"faq-question-1682599837003\" class=\"rank-math-list-item\">\n<h3 class=\"rank-math-question \">T\u00fcrkiye&#8217;de meme esteti\u011fi ameliyat\u0131n\u0131n avantajlar\u0131 nelerdir?<\/h3>\n<div class=\"rank-math-answer \">\n\n<p>Para ve maliyetten tasarruf eder, uluslararas\u0131 kaliteden yararlan\u0131r ve uzun bekleme s\u00fcrelerinden ka\u00e7\u0131n\u0131rs\u0131n\u0131z. T\u00fcrkiye&#8217;de meme ameliyat\u0131n\u0131z i\u00e7in k\u0131sa s\u00fcrede randevu alabiliyorsunuz, Almanya&#8217;da ise haftalarca beklemeniz gerekiyor. Avrupa&#8217;dan u\u00e7u\u015f s\u00fcresinin k\u0131sa olmas\u0131 da bir ba\u015fka avantaj.<\/p>\n\n<\/div>\n<\/div>\n<div id=\"faq-question-1682599872711\" class=\"rank-math-list-item\">\n<h3 class=\"rank-math-question \">Meme esteti\u011fi ameliyat\u0131 a\u011fr\u0131l\u0131 m\u0131d\u0131r?<\/h3>\n<div class=\"rank-math-answer \">\n\n<p>\u0130\u015flem genel anestezi alt\u0131nda yap\u0131ld\u0131\u011f\u0131 i\u00e7in hasta operasyon s\u0131ras\u0131nda herhangi bir a\u011fr\u0131 hissetmez. Ameliyattan sonraki ilk birka\u00e7 g\u00fcn hafif a\u011fr\u0131 olabilir, ancak bu geleneksel a\u011fr\u0131 kesicilerle iyi bir \u015fekilde tedavi edilebilir.<\/p>\n\n<\/div>\n<\/div>\n<div id=\"faq-question-1682599930139\" class=\"rank-math-list-item\">\n<h3 class=\"rank-math-question \">Meme ameliyat\u0131ndan sonra ipler ne zaman \u00e7\u0131kar\u0131l\u0131r?<\/h3>\n<div class=\"rank-math-answer \">\n\n<p>Genellikle kendili\u011finden eriyen iplikler kullan\u0131ld\u0131\u011f\u0131ndan, operasyondan sonra \u00e7\u0131kar\u0131lmalar\u0131 gerekmez.<\/p>\n\n<\/div>\n<\/div>\n<div id=\"faq-question-1682599987623\" class=\"rank-math-list-item\">\n<h3 class=\"rank-math-question \">Meme ameliyat\u0131 i\u00e7in en uygun ya\u015f ka\u00e7t\u0131r?<\/h3>\n<div class=\"rank-math-answer \">\n\n<p>Meme ameliyat\u0131 18 ya\u015f\u0131n \u00fczerindeki her hastaya yap\u0131labilse de, doktorlar fiziksel geli\u015fimin tamamland\u0131\u011f\u0131 20 ya\u015f\u0131na kadar ameliyat\u0131n tavsiye edilmedi\u011fi konusunda hemfikirdir.<\/p>\n\n<\/div>\n<\/div>\n<div id=\"faq-question-1682600021150\" class=\"rank-math-list-item\">\n<h3 class=\"rank-math-question \">Meme ameliyat\u0131 i\u00e7in endikasyonlar nelerdir?<\/h3>\n<div class=\"rank-math-answer \">\n\n<p>\u00d6znel-estetik memnuniyetsizlik. \u00c7ok k\u00fc\u00e7\u00fck boyut, asimetri, fig\u00fcr\u00fcn geri kalan\u0131yla kar\u015f\u0131la\u015ft\u0131r\u0131ld\u0131\u011f\u0131nda orant\u0131s\u0131zl\u0131k. Kolajen ve elastin \u00fcretiminin azalmas\u0131na ba\u011fl\u0131 olarak gland\u00fcler dokuda pitoz (sarkma). Ya\u015fl\u0131l\u0131k de\u011fi\u015fikliklerinin bir sonucu olarak veya hamilelik d\u00f6neminden sonra b\u00fcst\u00fcn \u00f6nceki elastikiyetinin kayb\u0131, cerrahi s\u0131k\u0131la\u015ft\u0131rma ve implantasyon yard\u0131m\u0131 ile yenilenir. Bir t\u00fcm\u00f6r nedeniyle meme bezlerinin k\u0131smen veya tamamen \u00e7\u0131kar\u0131lmas\u0131ndan sonra yeniden yap\u0131land\u0131rma. Boyutu \u00e7ok b\u00fcy\u00fck. Bir\u00e7ok kad\u0131n a\u015f\u0131r\u0131 gland\u00fcler ve adipoz doku olu\u015fumundan kaynaklanan fiziksel rahats\u0131zl\u0131k ya\u015far. Erkek jinekomastisi de bir endikasyondur.<\/p>\n\n<\/div>\n<\/div>\n<div id=\"faq-question-1682600050418\" class=\"rank-math-list-item\">\n<h3 class=\"rank-math-question \">Meme ameliyat\u0131 i\u00e7in kontrendikasyonlar nelerdir?<\/h3>\n<div class=\"rank-math-answer \">\n\n<p>Akut enfeksiyonlar veya alevlenmi\u015f kronik hastal\u0131klar, onkoloji, kardiyovask\u00fcler ve hematolojik hastal\u0131klar, dekompansasyon a\u015famas\u0131nda diyabet, laktasyonun bitiminden alt\u0131 aydan k\u0131sa s\u00fcre sonra, ruhsal bozukluklar. Ayr\u0131ca, 18 ya\u015f\u0131n alt\u0131ndaki ki\u015filer i\u00e7in herhangi bir mamoplasti kontrendikedir.<\/p>\n\n<\/div>\n<\/div>\n<div id=\"faq-question-1682600076408\" class=\"rank-math-list-item\">\n<h3 class=\"rank-math-question \">Herhangi bir meme ameliyat\u0131ndan sonra emzirebilecek miyim?<\/h3>\n<div class=\"rank-math-answer \">\n\n<p>San\u0131lan\u0131n aksine, <a href=\"\/\/istanbul-tourist-information.com\/en\/medical-treatment\/u0022\">meme esteti\u011fi ameliyat\u0131ndan<\/a> sonra emzirme yetene\u011fi devam eder. Bunun tek istisnas\u0131, fazla gland\u00fcler dokunun rezeksiyonunun ka\u00e7\u0131n\u0131lmaz oldu\u011fu red\u00fcksiyon mamoplastisidir (meme k\u00fc\u00e7\u00fcltme).<\/p>\n\n<\/div>\n<\/div>\n<\/div>\n<\/div>\n<h2 class=\"wp-block-heading\" id=\"history\">Tarih<\/h2>\n\n<h3 class=\"wp-block-heading\" id=\"the-first-mentions-of-breast-surgeries-date-back-to-ancient-times\">Meme ameliyatlar\u0131, \u00e7o\u011funlukla erkekler \u00fczerinde olsa da, y\u00fczy\u0131llard\u0131r belgelenmi\u015ftir.<\/h3>\n\n<p>Meme b\u00fcy\u00fctmeye y\u00f6nelik ilk giri\u015fimler 19. y\u00fczy\u0131lda yap\u0131lm\u0131\u015f, ancak parafin enjeksiyonlar\u0131n\u0131n kullan\u0131lmas\u0131 nedeniyle talihsiz sonu\u00e7lar elde edilmi\u015ftir. Silikon implantlar\u0131n yarat\u0131lmas\u0131, test edilmesi ve seri \u00fcretime ge\u00e7ilmesi ancak 1962 y\u0131l\u0131nda ger\u00e7ekle\u015fmi\u015f ve bu da b\u00fcy\u00fctme mamoplastisinde \u00f6nemli bir d\u00f6n\u00fcm noktas\u0131 olmu\u015ftur. Meme implant\u0131 olarak zaman i\u00e7inde metalden plasti\u011fe ve fildi\u015fine kadar \u00e7e\u015fitli malzemeler kullan\u0131l\u0131rken, k\u00fc\u00e7\u00fcltme mamoplasti kurallar\u0131 20. y\u00fczy\u0131l\u0131n ba\u015flar\u0131nda belirlenmi\u015f ve o zamandan beri aktif olarak geli\u015ftirilmi\u015f ve iyile\u015ftirilmi\u015ftir.<\/p>\n\n<h2 class=\"wp-block-heading\" id=\"cities-and-countries-for-breast-surgery\">Meme Cerrahisi i\u00e7in \u015eehirler ve \u00dclkeler<\/h2>\n\n<p><em>\u00e7ok yak\u0131nda &#8230;.  <\/em><\/p>\n","protected":false},"excerpt":{"rendered":"<p>Meme Cerrahisi veya Mamoplasti g\u00f6\u011f\u00fcslerin \u015feklini ve boyutunu de\u011fi\u015ftirmek i\u00e7in tasarlanm\u0131\u015ft\u0131r. \u00d6zg\u00fcveninizi yeniden kazanman\u0131z\u0131 ve normal ya\u015fam\u0131 engelleyen bir\u00e7ok kompleksi [&hellip;]<\/p>\n","protected":false},"author":4,"featured_media":96522,"parent":0,"menu_order":0,"comment_status":"closed","ping_status":"closed","template":"","meta":{"site-sidebar-layout":"default","site-content-layout":"","ast-site-content-layout":"default","site-content-style":"default","site-sidebar-style":"default","ast-global-header-display":"","ast-banner-title-visibility":"","ast-main-header-display":"","ast-hfb-above-header-display":"","ast-hfb-below-header-display":"","ast-hfb-mobile-header-display":"","site-post-title":"","ast-breadcrumbs-content":"","ast-featured-img":"","footer-sml-layout":"","ast-disable-related-posts":"","theme-transparent-header-meta":"","adv-header-id-meta":"","stick-header-meta":"","header-above-stick-meta":"","header-main-stick-meta":"","header-below-stick-meta":"","astra-migrate-meta-layouts":"default","ast-page-background-enabled":"default","ast-page-background-meta":{"desktop":{"background-color":"var(--ast-global-color-4)","background-image":"","background-repeat":"repeat","background-position":"center center","background-size":"auto","background-attachment":"scroll","background-type":"","background-media":"","overlay-type":"","overlay-color":"","overlay-opacity":"","overlay-gradient":""},"tablet":{"background-color":"","background-image":"","background-repeat":"repeat","background-position":"center center","background-size":"auto","background-attachment":"scroll","background-type":"","background-media":"","overlay-type":"","overlay-color":"","overlay-opacity":"","overlay-gradient":""},"mobile":{"background-color":"","background-image":"","background-repeat":"repeat","background-position":"center center","background-size":"auto","background-attachment":"scroll","background-type":"","background-media":"","overlay-type":"","overlay-color":"","overlay-opacity":"","overlay-gradient":""}},"ast-content-background-meta":{"desktop":{"background-color":"var(--ast-global-color-5)","background-image":"","background-repeat":"repeat","background-position":"center center","background-size":"auto","background-attachment":"scroll","background-type":"","background-media":"","overlay-type":"","overlay-color":"","overlay-opacity":"","overlay-gradient":""},"tablet":{"background-color":"var(--ast-global-color-5)","background-image":"","background-repeat":"repeat","background-position":"center center","background-size":"auto","background-attachment":"scroll","background-type":"","background-media":"","overlay-type":"","overlay-color":"","overlay-opacity":"","overlay-gradient":""},"mobile":{"background-color":"var(--ast-global-color-5)","background-image":"","background-repeat":"repeat","background-position":"center center","background-size":"auto","background-attachment":"scroll","background-type":"","background-media":"","overlay-type":"","overlay-color":"","overlay-opacity":"","overlay-gradient":""}},"footnotes":""},"class_list":["post-144841","page","type-page","status-publish","has-post-thumbnail","hentry"],"_links":{"self":[{"href":"https:\/\/medclinics.com\/tr\/wp-json\/wp\/v2\/pages\/144841","targetHints":{"allow":["GET"]}}],"collection":[{"href":"https:\/\/medclinics.com\/tr\/wp-json\/wp\/v2\/pages"}],"about":[{"href":"https:\/\/medclinics.com\/tr\/wp-json\/wp\/v2\/types\/page"}],"author":[{"embeddable":true,"href":"https:\/\/medclinics.com\/tr\/wp-json\/wp\/v2\/users\/4"}],"replies":[{"embeddable":true,"href":"https:\/\/medclinics.com\/tr\/wp-json\/wp\/v2\/comments?post=144841"}],"version-history":[{"count":0,"href":"https:\/\/medclinics.com\/tr\/wp-json\/wp\/v2\/pages\/144841\/revisions"}],"wp:featuredmedia":[{"embeddable":true,"href":"https:\/\/medclinics.com\/tr\/wp-json\/wp\/v2\/media\/96522"}],"wp:attachment":[{"href":"https:\/\/medclinics.com\/tr\/wp-json\/wp\/v2\/media?parent=144841"}],"curies":[{"name":"wp","href":"https:\/\/api.w.org\/{rel}","templated":true}]}}