{"id":144833,"date":"2023-05-23T13:56:39","date_gmt":"2023-05-23T10:56:39","guid":{"rendered":"https:\/\/medclinics.com\/implant-ile-meme-buyutme\/"},"modified":"2024-12-30T19:19:33","modified_gmt":"2024-12-30T16:19:33","slug":"implant-ile-meme-buyutme","status":"publish","type":"page","link":"https:\/\/medclinics.com\/tr\/implant-ile-meme-buyutme\/","title":{"rendered":"\u0130mplant ile Meme B\u00fcy\u00fctme"},"content":{"rendered":"\n<h2 class=\"wp-block-heading\">Doktorunuz implantlarla meme b\u00fcy\u00fctme i\u015fleminiz i\u00e7in uygun boyutu ve \u015fekli se\u00e7ecektir.<\/h2>\n\n<p><a href=\"http:\/\/breastaugmentation.gen.tr\" data-type=\"link\" data-id=\"breastaugmentation.gen.tr\" rel=\"nofollow noopener\" target=\"_blank\">Meme b\u00fcy\u00fctme<\/a> (boob job) ameliyat\u0131, memenin boyutunu, \u015feklini veya dolgunlu\u011funu art\u0131r\u0131r.<\/p>\n\n<p>G\u00f6\u011f\u00fcs b\u00fcy\u00fctmede farkl\u0131 implant tipleri kullanabilirsiniz. Kesi boyutuna, do\u011fal g\u00f6r\u00fcn\u00fcml\u00fc sonu\u00e7lara ve i\u00e7erdi\u011fi maddeye ba\u011fl\u0131d\u0131r. Bunlar Silikon Jel implantlar, Gummy Bear implantlar, Salin implantlar ve Yap\u0131land\u0131r\u0131lm\u0131\u015f implantlar olabilir.  <\/p>\n\n<p>\u0130mplantlar\u0131 yerle\u015ftirmenin de \u00fc\u00e7 yolu vard\u0131r. Meme b\u00fcy\u00fctme i\u00e7in kas alt\u0131, kas \u00fcst\u00fc veya \u00e7ift d\u00fczlem yerle\u015ftirme kullan\u0131l\u0131r. Kas alt\u0131 yerle\u015ftirme daha do\u011fal g\u00f6r\u00fcn\u00fcml\u00fc sonu\u00e7lar ve daha az implant benzeri g\u00f6r\u00fcn\u00fcm riski sa\u011flayabilir. A\u015f\u0131r\u0131 kas replasman\u0131 i\u00e7in daha h\u0131zl\u0131 iyile\u015fme vard\u0131r ancak daha g\u00f6r\u00fcn\u00fcr olabilir. Son olarak, \u00e7ift d\u00fczlem tekni\u011fi her ikisi i\u00e7in de avantaj sa\u011flamaktad\u0131r.<\/p>\n\n<p>G\u00f6\u011f\u00fcs esteti\u011finiz i\u00e7in en iyi se\u00e7enek, v\u00fccudun fizyolojik y\u00f6nlerinin kapsaml\u0131 bir \u015fekilde te\u015fhis edilmesi ve analiz edilmesidir. Riskler veya di\u011fer fakt\u00f6rler hakk\u0131nda daha ayr\u0131nt\u0131l\u0131 bilgi i\u00e7in doktorunuzla g\u00f6r\u00fc\u015fmeli ve ard\u0131ndan karar vermelisiniz.  <\/p>\n\n<h3 class=\"wp-block-heading\"><a href=\"https:\/\/medclinics.com\/breast-aesthetic-surgery\/\" target=\"_blank\" rel=\"noreferrer noopener\">Meme esteti\u011fi ameliyatlar\u0131<\/a> hakk\u0131nda fiyat, ameliyat sonras\u0131 bak\u0131m ve iyile\u015fme s\u00fcreci de dahil olmak \u00fczere bilmeniz gereken her \u015fey veya <a href=\"#requestform\">bize ula\u015f\u0131n<\/a>!<\/h3>\n\n<figure class=\"wp-block-image size-large\"><img fetchpriority=\"high\" decoding=\"async\" width=\"1440\" height=\"470\" src=\"https:\/\/medclinics.com\/wp-content\/uploads\/2023\/03\/breast-augmentation-in-istanbul-7.jpg\" alt=\"t&#xFC;rkiye'de &#x130;stanbul'da meme b&#xFC;y&#xFC;tme\" class=\"wp-image-52953\" srcset=\"https:\/\/medclinics.com\/wp-content\/uploads\/2023\/03\/breast-augmentation-in-istanbul-7.jpg 1440w, https:\/\/medclinics.com\/wp-content\/uploads\/2023\/03\/breast-augmentation-in-istanbul-7-500x163.jpg 500w, https:\/\/medclinics.com\/wp-content\/uploads\/2023\/03\/breast-augmentation-in-istanbul-7-1024x334.jpg 1024w, https:\/\/medclinics.com\/wp-content\/uploads\/2023\/03\/breast-augmentation-in-istanbul-7-768x251.jpg 768w\" sizes=\"(max-width: 1440px) 100vw, 1440px\" \/><\/figure>\n\n<h2 class=\"wp-block-heading\">\u0130mplant ile Meme B\u00fcy\u00fctme<\/h2>\n\n<figure class=\"wp-block-embed is-type-video is-provider-youtube wp-block-embed-youtube wp-embed-aspect-16-9 wp-has-aspect-ratio\"><div class=\"wp-block-embed__wrapper\">\n<iframe title=\"How breast enlargement surgery is carried out\" width=\"500\" height=\"281\" src=\"https:\/\/www.youtube.com\/embed\/z666AqMG2Ao?feature=oembed\" frameborder=\"0\" allow=\"accelerometer; autoplay; clipboard-write; encrypted-media; gyroscope; picture-in-picture; web-share\" referrerpolicy=\"strict-origin-when-cross-origin\" allowfullscreen><\/iframe>\n<\/div><figcaption class=\"wp-element-caption\">\u0130mplant ile Meme B\u00fcy\u00fctme | Meme B\u00fcy\u00fctme Ameliyat\u0131<\/figcaption><\/figure>\n\n<h3 class=\"wp-block-heading\">SSS<\/h3>\n<div id=\"rank-math-faq\" class=\"rank-math-block\">\n<div class=\"rank-math-list \">\n<div id=\"faq-question-1682600986649\" class=\"rank-math-list-item\">\n<h3 class=\"rank-math-question \">\u0130mplantlarla g\u00f6\u011fs\u00fcm ne kadar b\u00fcy\u00fct\u00fclebilir?<\/h3>\n<div class=\"rank-math-answer \">\n\n<p>\u0130mplant\u0131n boyutu sizinle birlikte doktorunuz taraf\u0131ndan belirlenecektir. Hacmi 80 ila 750 ml olan implantlar vard\u0131r. Genel bir kural olarak, yakla\u015f\u0131k 200 ml bir s\u00fctyen bedenine kar\u015f\u0131l\u0131k gelir. Hacmi 250 ila 350 ml olan meme b\u00fcy\u00fctme operasyonlar\u0131 en do\u011fal etkiye sahiptir.<\/p>\n\n<\/div>\n<\/div>\n<div id=\"faq-question-1682601014853\" class=\"rank-math-list-item\">\n<h3 class=\"rank-math-question \">\u0130mplantlar ne ile dolduruluyor?<\/h3>\n<div class=\"rank-math-answer \">\n\n<p>Genellikle silikon jel i\u00e7eren meme implantlar\u0131 kullan\u0131l\u0131r. Yeni nesil implantlar kohezif silikon jel ile doldurulmu\u015ftur. Bu, ge\u00e7mi\u015fteki silikon jelden daha viskozdur, bu da implantlar\u0131n boyutsal olarak stabil olmas\u0131 ve k\u00fc\u00e7\u00fck \u00e7atlaklar durumunda bile silikon s\u0131z\u0131nt\u0131s\u0131 olmamas\u0131 avantaj\u0131na sahiptir. Buna ek olarak, sadece memedeki pozisyona sabitlendikten sonra salinle doldurulan salinli implantlar da vard\u0131r. Bu nedenle operasyon nispeten k\u00fc\u00e7\u00fck kesilerle ger\u00e7ekle\u015ftirilebilir. Bununla birlikte, bu implantlar tak\u0131ld\u0131\u011f\u0131nda do\u011fal olmayan bir his verir ve zamanla boyutunu kaybeder, bu da memenin \u015feklini de\u011fi\u015ftirir.<\/p>\n\n<\/div>\n<\/div>\n<div id=\"faq-question-1682601039488\" class=\"rank-math-list-item\">\n<h3 class=\"rank-math-question \">\u0130mplantlarla b\u00fcy\u00fctme i\u00e7in cerrahi teknikler nelerdir?<\/h3>\n<div class=\"rank-math-answer \">\n\n<p>\u0130nsizyonun meme k\u0131vr\u0131m\u0131nda yap\u0131ld\u0131\u011f\u0131 ve implant\u0131n meme kas\u0131n\u0131n alt\u0131na rahat\u00e7a yerle\u015ftirilebildi\u011fi meme alt\u0131 tekni\u011fi aras\u0131nda bir ayr\u0131m yap\u0131l\u0131r. Ancak aksiller teknik, kesi koltuk alt\u0131ndan yap\u0131ld\u0131\u011f\u0131 i\u00e7in memenin tamamen izsiz kalmas\u0131 avantaj\u0131na sahiptir. Olduk\u00e7a zahmetli olan bu teknikte implant meme kas\u0131n\u0131n \u00fczerine yerle\u015ftirilir.<\/p>\n\n<\/div>\n<\/div>\n<div id=\"faq-question-1682601070178\" class=\"rank-math-list-item\">\n<h3 class=\"rank-math-question \">Anatomik implantlar nedir?<\/h3>\n<div class=\"rank-math-answer \">\n\n<p>\u0130mplantlar\u0131n farkl\u0131 \u015fekilleri vard\u0131r. Yuvarlak ve g\u00f6zya\u015f\u0131 damlas\u0131 \u015feklindeki implantlar aras\u0131nda bir ayr\u0131m yap\u0131l\u0131r. G\u00f6zya\u015f\u0131 damlas\u0131 olanlar, g\u00f6\u011f\u00fcs \u015fekline en \u00e7ok benzeyenler oldu\u011fu i\u00e7in daha do\u011fal g\u00f6r\u00fcn\u00fcrler. Bu nedenle bu implantlar anatomik implantlar olarak da adland\u0131r\u0131l\u0131r. Yuvarlak implantlar ise \u00e7o\u011funlukla dekolte vurgulanmak istendi\u011finde kullan\u0131l\u0131r.<\/p>\n\n<\/div>\n<\/div>\n<div id=\"faq-question-1682601091231\" class=\"rank-math-list-item\">\n<h3 class=\"rank-math-question \">P\u00fcr\u00fczs\u00fcz implantlar nedir?<\/h3>\n<div class=\"rank-math-answer \">\n\n<p>\u0130mplantlar y\u00fczey yap\u0131lar\u0131 bak\u0131m\u0131ndan farkl\u0131l\u0131k g\u00f6sterir. P\u00fcr\u00fczs\u00fcz y\u00fczeye sahip implantlar daha do\u011fal bir his veriyorsa, bu tipte kaps\u00fcler fibrozis geli\u015fme olas\u0131l\u0131\u011f\u0131 daha y\u00fcksektir. Bu nedenle g\u00fcn\u00fcm\u00fczde y\u00fczeyi p\u00fcr\u00fczlendirilmi\u015f implantlar tercih edilmektedir.<\/p>\n\n<\/div>\n<\/div>\n<div id=\"faq-question-1682601112343\" class=\"rank-math-list-item\">\n<h3 class=\"rank-math-question \">Kaps\u00fcler fibrozis nedir?<\/h3>\n<div class=\"rank-math-answer \">\n\n<p>Kaps\u00fcler fibrozis, korkuldu\u011fu kadar nadir g\u00f6r\u00fclen bir meme b\u00fcy\u00fctme komplikasyonudur. V\u00fccut, implant\u0131n etraf\u0131nda ince bir yara dokusu tabakas\u0131 olu\u015fturur. Bu normal bir ba\u011f\u0131\u015f\u0131kl\u0131k reaksiyonudur, \u00e7\u00fcnk\u00fc implant yabanc\u0131 bir cisim olarak tan\u0131n\u0131r ve organizma onu reddetmeye \u00e7al\u0131\u015f\u0131r. Nadir durumlarda ba\u011f\u0131\u015f\u0131kl\u0131k sistemi a\u015f\u0131r\u0131 tepki verir ve yara izi tabakas\u0131 \u00e7ok kal\u0131nla\u015f\u0131r. Buna kaps\u00fcler fibrozis denir. B\u00f6yle bir durumda, doktorunuz sizinle daha sonraki tedaviyi g\u00f6r\u00fc\u015fecektir<\/p>\n\n<\/div>\n<\/div>\n<div id=\"faq-question-1682601130982\" class=\"rank-math-list-item\">\n<h3 class=\"rank-math-question \">Meme implantlar\u0131 ne kadar dayan\u0131r?<\/h3>\n<div class=\"rank-math-answer \">\n\n<p>\u00dcreticiler 10 y\u0131l garanti vermektedir. Bununla birlikte, ortalama olarak, yeni nesil meme implantlar\u0131 genellikle 20 y\u0131la kadar dayan\u0131r. Bir meme implant\u0131n\u0131n de\u011fi\u015ftirilmesi gerekip gerekmedi\u011fine ve ne zaman de\u011fi\u015ftirilece\u011fine doktorunuz karar verecektir. Prensip olarak, implantlar hasar g\u00f6rmedikleri ve herhangi bir \u015fikayetiniz olmad\u0131\u011f\u0131 s\u00fcrece v\u00fccutta kalabilirler.<\/p>\n\n<\/div>\n<\/div>\n<div id=\"faq-question-1682601167548\" class=\"rank-math-list-item\">\n<h3 class=\"rank-math-question \">\u0130mplant s\u00fct\u00fcn kalitesini de\u011fi\u015ftirebilir mi?<\/h3>\n<div class=\"rank-math-answer \">\n\n<p>Modern protezler g\u00fcvenli bir dolguya sahiptir, ancak 1-3 katmandaki bariyer kabu\u011fu sayesinde bu bile s\u0131z\u0131nt\u0131 yapamayacakt\u0131r.<\/p>\n\n<\/div>\n<\/div>\n<\/div>\n<\/div>\n<p>\u00a0<\/p>\n\n<h3 class=\"wp-block-heading\">Herhangi bir sorunuz olmas\u0131 durumunda hemen bizimle ileti\u015fime ge\u00e7in!<\/h3>\n","protected":false},"excerpt":{"rendered":"<p>Doktorunuz implantlarla meme b\u00fcy\u00fctme i\u015fleminiz i\u00e7in uygun boyutu ve \u015fekli se\u00e7ecektir. Meme b\u00fcy\u00fctme (boob job) ameliyat\u0131, memenin boyutunu, \u015feklini veya [&hellip;]<\/p>\n","protected":false},"author":4,"featured_media":52953,"parent":0,"menu_order":0,"comment_status":"closed","ping_status":"closed","template":"","meta":{"site-sidebar-layout":"default","site-content-layout":"","ast-site-content-layout":"default","site-content-style":"default","site-sidebar-style":"default","ast-global-header-display":"","ast-banner-title-visibility":"","ast-main-header-display":"","ast-hfb-above-header-display":"","ast-hfb-below-header-display":"","ast-hfb-mobile-header-display":"","site-post-title":"","ast-breadcrumbs-content":"","ast-featured-img":"","footer-sml-layout":"","ast-disable-related-posts":"","theme-transparent-header-meta":"","adv-header-id-meta":"","stick-header-meta":"","header-above-stick-meta":"","header-main-stick-meta":"","header-below-stick-meta":"","astra-migrate-meta-layouts":"default","ast-page-background-enabled":"default","ast-page-background-meta":{"desktop":{"background-color":"var(--ast-global-color-4)","background-image":"","background-repeat":"repeat","background-position":"center center","background-size":"auto","background-attachment":"scroll","background-type":"","background-media":"","overlay-type":"","overlay-color":"","overlay-opacity":"","overlay-gradient":""},"tablet":{"background-color":"","background-image":"","background-repeat":"repeat","background-position":"center center","background-size":"auto","background-attachment":"scroll","background-type":"","background-media":"","overlay-type":"","overlay-color":"","overlay-opacity":"","overlay-gradient":""},"mobile":{"background-color":"","background-image":"","background-repeat":"repeat","background-position":"center center","background-size":"auto","background-attachment":"scroll","background-type":"","background-media":"","overlay-type":"","overlay-color":"","overlay-opacity":"","overlay-gradient":""}},"ast-content-background-meta":{"desktop":{"background-color":"var(--ast-global-color-5)","background-image":"","background-repeat":"repeat","background-position":"center center","background-size":"auto","background-attachment":"scroll","background-type":"","background-media":"","overlay-type":"","overlay-color":"","overlay-opacity":"","overlay-gradient":""},"tablet":{"background-color":"var(--ast-global-color-5)","background-image":"","background-repeat":"repeat","background-position":"center center","background-size":"auto","background-attachment":"scroll","background-type":"","background-media":"","overlay-type":"","overlay-color":"","overlay-opacity":"","overlay-gradient":""},"mobile":{"background-color":"var(--ast-global-color-5)","background-image":"","background-repeat":"repeat","background-position":"center center","background-size":"auto","background-attachment":"scroll","background-type":"","background-media":"","overlay-type":"","overlay-color":"","overlay-opacity":"","overlay-gradient":""}},"footnotes":""},"class_list":["post-144833","page","type-page","status-publish","has-post-thumbnail","hentry"],"_links":{"self":[{"href":"https:\/\/medclinics.com\/tr\/wp-json\/wp\/v2\/pages\/144833","targetHints":{"allow":["GET"]}}],"collection":[{"href":"https:\/\/medclinics.com\/tr\/wp-json\/wp\/v2\/pages"}],"about":[{"href":"https:\/\/medclinics.com\/tr\/wp-json\/wp\/v2\/types\/page"}],"author":[{"embeddable":true,"href":"https:\/\/medclinics.com\/tr\/wp-json\/wp\/v2\/users\/4"}],"replies":[{"embeddable":true,"href":"https:\/\/medclinics.com\/tr\/wp-json\/wp\/v2\/comments?post=144833"}],"version-history":[{"count":0,"href":"https:\/\/medclinics.com\/tr\/wp-json\/wp\/v2\/pages\/144833\/revisions"}],"wp:featuredmedia":[{"embeddable":true,"href":"https:\/\/medclinics.com\/tr\/wp-json\/wp\/v2\/media\/52953"}],"wp:attachment":[{"href":"https:\/\/medclinics.com\/tr\/wp-json\/wp\/v2\/media?parent=144833"}],"curies":[{"name":"wp","href":"https:\/\/api.w.org\/{rel}","templated":true}]}}