{"id":144645,"date":"2023-04-25T17:44:00","date_gmt":"2023-04-25T14:44:00","guid":{"rendered":"https:\/\/medclinics.com\/ortopedik-tedaviler\/"},"modified":"2025-01-02T17:28:09","modified_gmt":"2025-01-02T14:28:09","slug":"ortopedik-tedaviler","status":"publish","type":"page","link":"https:\/\/medclinics.com\/tr\/ortopedik-tedaviler\/","title":{"rendered":"Ortopedik Tedaviler"},"content":{"rendered":"\n<h2 class=\"wp-block-heading\">Ortopedik tedaviler giderek geli\u015fmekte ve \u00e7o\u011fu zaman hareketsizli\u011fin \u00fcstesinden gelebilmektedir.<\/h2>\n\n<div class=\"wp-block-columns is-layout-flex wp-container-core-columns-is-layout-28f84493 wp-block-columns-is-layout-flex\">\n<div class=\"wp-block-column is-layout-flow wp-block-column-is-layout-flow\">\n<figure class=\"wp-block-image size-full\"><img fetchpriority=\"high\" decoding=\"async\" width=\"960\" height=\"540\" src=\"https:\/\/medclinics.com\/wp-content\/uploads\/2023\/07\/orthopedics-in-turkey.jpg\" alt=\"T&#xFC;rkiye'de Ortopedik Tedaviler\" class=\"wp-image-96633\" srcset=\"https:\/\/medclinics.com\/wp-content\/uploads\/2023\/07\/orthopedics-in-turkey.jpg 960w, https:\/\/medclinics.com\/wp-content\/uploads\/2023\/07\/orthopedics-in-turkey-500x281.jpg 500w, https:\/\/medclinics.com\/wp-content\/uploads\/2023\/07\/orthopedics-in-turkey-768x432.jpg 768w, https:\/\/medclinics.com\/wp-content\/uploads\/2023\/07\/orthopedics-in-turkey-24x14.jpg 24w, https:\/\/medclinics.com\/wp-content\/uploads\/2023\/07\/orthopedics-in-turkey-36x20.jpg 36w, https:\/\/medclinics.com\/wp-content\/uploads\/2023\/07\/orthopedics-in-turkey-48x27.jpg 48w\" sizes=\"(max-width: 960px) 100vw, 960px\" \/><\/figure>\n<\/div>\n\n\n\n<div class=\"wp-block-column is-layout-flow wp-block-column-is-layout-flow\">\n<p><\/p>\n\n\n\n<p class=\"has-text-align-left\">Eklem a\u011fr\u0131s\u0131, hareketsizlik veya kesinlikle g\u00fcnl\u00fck aktivitelerinizden zevk alamaman\u0131n hayal k\u0131r\u0131kl\u0131\u011f\u0131 &#8211; e\u011fer bu tan\u0131d\u0131k geliyorsa, yaln\u0131z de\u011filsiniz. \u0130ster d\u00fczg\u00fcn \u00e7al\u0131\u015fmayan bir diz, ister kal\u00e7a a\u011fr\u0131s\u0131 ya da s\u0131rt problemleri ile u\u011fra\u015f\u0131yor olun, do\u011fru ortopedik tedavi d\u00fcnya \u00e7ap\u0131nda bir fark yaratabilir. Art\u0131k giderek daha fazla insan \u00e7\u00f6z\u00fcm i\u00e7in <strong>T\u00fcrkiye&#8217;ye<\/strong> bak\u0131yor. Profesyonel doktorlar\u0131, en iyi merkezleri ve d\u00fc\u015f\u00fck maliyetleri ile T\u00fcrkiye art\u0131k ortopedik tedaviler ve <strong>medikal turizm<\/strong> i\u00e7in en iyi destinasyonlardan biri.   <\/p>\n<\/div>\n<\/div>\n\n<h3 class=\"wp-block-heading\">Ortopedik Tedaviler \u0130\u00e7in Eksiksiz Bir K\u0131lavuz<\/h3>\n\n<p><\/p>\n\n<p>A\u011fr\u0131l\u0131 eklemler ve s\u0131n\u0131rl\u0131 hareket kabiliyeti hayat\u0131n\u0131z\u0131 k\u0131s\u0131tlamamal\u0131. Belki <strong>diz ameliyat\u0131<\/strong>, <strong><a href=\"https:\/\/pubmed.ncbi.nlm.nih.gov\/?term=hip+replacement\" target=\"_blank\" rel=\"noreferrer noopener\">kal\u00e7a protezi<\/a><\/strong> ya da <strong>k\u00f6k h\u00fccre tedavisi<\/strong> gibi ameliyats\u0131z bir tedaviye ihtiyac\u0131n\u0131z var. T\u00fcrkiye pek \u00e7ok alternatif sunuyor. \u00c7\u00f6z\u00fcm i\u00e7in y\u0131llarca beklemenize ya da b\u00fcy\u00fck \u00f6demeler yapman\u0131za gerek yok.  <\/p>\n\n<p><strong>MedClinics<\/strong> olarak, insanlar\u0131 T\u00fcrkiye&#8217;deki en tatmin edici ortopedi uzmanlar\u0131yla bulu\u015fturuyoruz. Doktorlar\u0131m\u0131z son derece deneyimlidir. Hem geleneksel ameliyatlar hem de <strong><a href=\"https:\/\/medclinics.com\/tr\/kok-hucreler\/\" target=\"_blank\" rel=\"noreferrer noopener\">k\u00f6k h\u00fccre tedavisi<\/a><\/strong>gibi daha modern tedaviler sunmaktad\u0131rlar. Bu, \u00f6rne\u011fin ameliyat sonras\u0131 iyile\u015fme gibi pek \u00e7ok konuda size yard\u0131mc\u0131 olan tamamlay\u0131c\u0131 bir tedavidir.  <\/p>\n\n<h3 class=\"wp-block-heading\">T\u00fcrkiye&#8217;de Yayg\u0131n Ortopedik Tedaviler<\/h3>\n\n<p><br\/>T\u00fcrkiye, m\u00fckemmel klinik merkezleri ve ba\u015far\u0131l\u0131 ortopedik cerrahi prosed\u00fcrleri ile tan\u0131nmaktad\u0131r. \u0130\u015fte insanlar\u0131n T\u00fcrkiye&#8217;ye seyahat ettikleri en \u00fcnl\u00fc tedavilerden baz\u0131lar\u0131: <\/p>\n\n<p>Diz Protezi <strong><a href=\"https:\/\/medclinics.com\/tr\/diz-protezi\/\" target=\"_blank\" rel=\"noreferrer noopener\">Ameliyat\u0131:<\/a><\/strong> Diz a\u011fr\u0131s\u0131 ciddi \u015fekilde s\u0131n\u0131rlay\u0131c\u0131 olabilir. \u0130ster artritten ister hasardan kaynaklans\u0131n. Y\u00fcr\u00fcmek gibi basit sporlar\u0131 art\u0131k yapam\u0131yorsan\u0131z diz protezi \u00e7\u00f6z\u00fcm olabilir. K\u0131r\u0131k eklem bir protez ile de\u011fi\u015ftirilir. Bu, daha iyi hareketlilik ve daha az a\u011fr\u0131 sa\u011flar. Baz\u0131 ki\u015filer, yard\u0131mc\u0131 olmas\u0131 i\u00e7in ameliyattan \u00f6nce veya sonra tedavilerine k\u00f6k h\u00fccre tedavisini de ekler.     <\/p>\n\n<p>Kal\u00e7a Protezi <strong><a href=\"https:\/\/medclinics.com\/tr\/kalca-eklemi-protezi\/\" target=\"_blank\" rel=\"noreferrer noopener\">Ameliyat\u0131<\/a>:<\/strong>Kronik kal\u00e7a a\u011fr\u0131s\u0131 sizi ciddi \u015fekilde k\u0131s\u0131tlayabilir. \u00d6zellikle de artritten kaynaklan\u0131yorsa. Ameliyat s\u0131ras\u0131nda hasarl\u0131 eklemi yapay bir eklemle de\u011fi\u015ftirirler. Bu, i\u015flevin geri kazan\u0131lmas\u0131na ve a\u011fr\u0131n\u0131n hafifletilmesine yard\u0131mc\u0131 olur. K\u00f6k h\u00fccre tedavisi de iyile\u015fmeyi h\u0131zland\u0131rmak i\u00e7in ekstra bir se\u00e7enektir.    <\/p>\n\n<p>Omuz <strong><a href=\"https:\/\/medclinics.com\/tr\/omuz-eklem-protezi\/\" target=\"_blank\" rel=\"noreferrer noopener\">Cerrahisi:<\/a><\/strong> Omuzdaki yaralanmalar \u00e7o\u011funlukla b\u00fcy\u00fck a\u011fr\u0131lara neden olur ve hareketi k\u0131s\u0131tlar. \u0130ster omuz ameliyat\u0131 ister y\u0131rt\u0131lm\u0131\u015f bir tendonun onar\u0131m\u0131 olsun, cerrahi tedavi \u00e7\u00f6z\u00fcm sa\u011flayabilir. <\/p>\n\n<p><strong><a href=\"https:\/\/medclinics.com\/tr\/omurga-cerrahisi\/\" target=\"_blank\" rel=\"noreferrer noopener\">Skolyoz Ameliyat\u0131: <\/a><\/strong>Skolyoz veya ba\u015fka bir omurga hastal\u0131\u011f\u0131n\u0131z varsa cerrahi tedavi gerekli olabilir. Ameliyat, omurgan\u0131n d\u00fczeltilmesine ve a\u011fr\u0131lar\u0131n giderilmesine yard\u0131mc\u0131 olabilir.  <\/p>\n\n<p>Uzuv Uzatma<strong>:<\/strong> Bilimsel nedenlerle veya kozmetik nedenlerle uzuv uzatma ameliyatlar\u0131 yard\u0131mc\u0131 olabilir. <\/p>\n\n<p><strong>Eklem Rejenerasyonu i\u00e7in<a href=\"https:\/\/medclinics.com\/tr\/kok-hucreler\/\" target=\"_blank\" rel=\"noreferrer noopener\">K\u00f6k H\u00fccre Tedavisi<\/a>:<\/strong>Bu konu ortopedik tedavilerde en pop\u00fcler konulardan biridir. Hasarl\u0131 eklemlerdeki k\u0131k\u0131rdak ve dokular\u0131n yenilenmesi m\u00fcmk\u00fcnd\u00fcr. Garantisi yoktur ve herkes farkl\u0131d\u0131r. Ancak destek olabilecek bir se\u00e7ene\u011fe sahip olmak iyi bir \u015feydir.   <\/p>\n\n<h3 class=\"wp-block-heading\"><strong>Ortopedik Bak\u0131m\u0131n\u0131z \u0130\u00e7in Neden T\u00fcrkiye&#8217;yi Se\u00e7melisiniz?<\/strong><\/h3>\n\n<p><br\/>T\u00fcrkiye, birinci s\u0131n\u0131f sa\u011fl\u0131k hizmetleri ve ucuz maliyetler aras\u0131nda harika bir denge sa\u011flad\u0131\u011f\u0131 i\u00e7in ortopedik tedaviler i\u00e7in ana destinasyon haline geliyor. \u0130ster diz ameliyat\u0131, ister kal\u00e7a protezi ya da k\u00f6k h\u00fccre tedavisi olsun, T\u00fcrkiye d\u00fcnya standartlar\u0131nda bak\u0131m ve uygun maliyetli yan\u0131tlar\u0131n bir kombinasyonunu sunmaktad\u0131r. <\/p>\n\n<h3 class=\"wp-block-heading\"><strong>MedClinics Size Nas\u0131l Yard\u0131mc\u0131 Olabilir?<\/strong><\/h3>\n\n<p><\/p>\n\n<p>Ortopedik rahats\u0131zl\u0131\u011f\u0131n\u0131zda birinci s\u0131n\u0131f tedaviye karar vermek \u00e7ok zor olabilir. MedClinics olarak size her konuda yard\u0131mc\u0131 olmak i\u00e7in buraday\u0131z. Size mevcut alternatifler hakk\u0131nda t\u00fcm ayr\u0131nt\u0131lar\u0131 sunaca\u011f\u0131z. Diz protezi gibi geleneksel ameliyatlar\u0131n yan\u0131 s\u0131ra k\u00f6k h\u00fccre tedavisi gibi daha modern ve tamamlay\u0131c\u0131 \u00e7\u00f6z\u00fcmleri de duyacaks\u0131n\u0131z. Amac\u0131m\u0131z iyi bilgilendirildi\u011finizden emin olmakt\u0131r.    <\/p>\n\n<p>Alternatiflerinizi ke\u015ffetmeye haz\u0131rsan\u0131z, bizimle ileti\u015fime ge\u00e7in. T\u00fcrkiye&#8217;nin \u00f6nde gelen ortopedi uzmanlar\u0131 ile g\u00f6r\u00fc\u015ferek sizin i\u00e7in en do\u011fru tedaviyi bulman\u0131za yard\u0131mc\u0131 olaca\u011f\u0131z. <\/p>\n\n<h2 class=\"wp-block-heading\">Ortopedik Tedavi T\u00fcrleri<\/h2>\n<div class=\"jet-listing-grid--blocks   jet-sm-gb-wrapper jet-sm-gb-3c90ddee-abbd-4e1d-9bc7-33c2832e55ea\"data-element-id=\"3c90ddee-abbd-4e1d-9bc7-33c2832e55ea\"data-listing-type=\"blocks\"data-is-block=\"jet-engine\/listing-grid\"><div class=\"jet-listing-grid jet-listing\"><div class=\"jet-listing-grid__items grid-col-desk-1 grid-col-tablet-1 grid-col-mobile-1 jet-listing-grid--154774 jet-equal-columns__wrapper\" data-queried-id=\"144645|WP_Post\" data-nav=\"{&quot;enabled&quot;:false,&quot;type&quot;:null,&quot;more_el&quot;:null,&quot;query&quot;:[],&quot;widget_settings&quot;:{&quot;lisitng_id&quot;:154774,&quot;posts_num&quot;:1,&quot;columns&quot;:1,&quot;columns_tablet&quot;:1,&quot;columns_mobile&quot;:1,&quot;column_min_width&quot;:240,&quot;column_min_width_tablet&quot;:240,&quot;column_min_width_mobile&quot;:240,&quot;inline_columns_css&quot;:true,&quot;is_archive_template&quot;:&quot;&quot;,&quot;post_status&quot;:[&quot;publish&quot;],&quot;use_random_posts_num&quot;:&quot;&quot;,&quot;max_posts_num&quot;:6,&quot;not_found_message&quot;:&quot;No data was found&quot;,&quot;is_masonry&quot;:false,&quot;equal_columns_height&quot;:true,&quot;use_load_more&quot;:&quot;&quot;,&quot;load_more_id&quot;:&quot;&quot;,&quot;load_more_type&quot;:&quot;click&quot;,&quot;load_more_offset&quot;:null,&quot;use_custom_post_types&quot;:&quot;&quot;,&quot;custom_post_types&quot;:[],&quot;hide_widget_if&quot;:&quot;&quot;,&quot;carousel_enabled&quot;:&quot;&quot;,&quot;slides_to_scroll&quot;:1,&quot;arrows&quot;:true,&quot;arrow_icon&quot;:&quot;fa fa-angle-left&quot;,&quot;dots&quot;:&quot;&quot;,&quot;autoplay&quot;:true,&quot;pause_on_hover&quot;:true,&quot;autoplay_speed&quot;:5000,&quot;infinite&quot;:true,&quot;center_mode&quot;:&quot;&quot;,&quot;effect&quot;:&quot;slide&quot;,&quot;speed&quot;:500,&quot;inject_alternative_items&quot;:&quot;&quot;,&quot;injection_items&quot;:[],&quot;scroll_slider_enabled&quot;:&quot;&quot;,&quot;scroll_slider_on&quot;:[&quot;desktop&quot;,&quot;tablet&quot;,&quot;mobile&quot;],&quot;custom_query&quot;:false,&quot;custom_query_id&quot;:&quot;216&quot;,&quot;_element_id&quot;:&quot;&quot;,&quot;collapse_first_last_gap&quot;:false,&quot;list_tag_selection&quot;:&quot;&quot;,&quot;list_items_wrapper_tag&quot;:&quot;div&quot;,&quot;list_item_tag&quot;:&quot;div&quot;,&quot;empty_items_wrapper_tag&quot;:&quot;div&quot;}}\" data-page=\"1\" data-pages=\"1\" data-listing-source=\"posts\" data-listing-id=\"154774\" data-query-id=\"\"><style>.elementor-154779 .elementor-element.elementor-element-658edc4{--display:flex;--min-height:200px;--flex-direction:row;--container-widget-width:calc( ( 1 - var( --container-widget-flex-grow ) ) * 100% );--container-widget-height:100%;--container-widget-flex-grow:1;--container-widget-align-self:stretch;--flex-wrap-mobile:wrap;--align-items:stretch;--gap:10px 10px;--row-gap:10px;--column-gap:10px;--border-radius:10px 10px 10px 10px;box-shadow:0px 4px 6px 0px rgba(177, 182, 190, 0.25);}.elementor-154779 .elementor-element.elementor-element-658edc4:not(.elementor-motion-effects-element-type-background), .elementor-154779 .elementor-element.elementor-element-658edc4 > .elementor-motion-effects-container > .elementor-motion-effects-layer{background-color:#E1ECF3;}.elementor-154779 .elementor-element.elementor-element-dbaaf29{--display:flex;--justify-content:center;--gap:0px 0px;--row-gap:0px;--column-gap:0px;--border-radius:10px 0px 0px 10px;--margin-top:-10px;--margin-bottom:-10px;--margin-left:-10px;--margin-right:0px;--padding-top:0px;--padding-bottom:0px;--padding-left:10px;--padding-right:10px;}.elementor-154779 .elementor-element.elementor-element-dbaaf29:not(.elementor-motion-effects-element-type-background), .elementor-154779 .elementor-element.elementor-element-dbaaf29 > .elementor-motion-effects-container > .elementor-motion-effects-layer{background-color:#FFFFFF;background-position:center center;background-repeat:no-repeat;background-size:cover;}.elementor-154779 .elementor-element.elementor-element-dbaaf29.e-con{--order:-99999 \/* order start hack *\/;--flex-grow:0;--flex-shrink:0;}.elementor-154779 .elementor-element.elementor-element-fa35788{--display:flex;--gap:0px 0px;--row-gap:0px;--column-gap:0px;}.elementor-154779 .elementor-element.elementor-element-425556c .jet-listing-dynamic-link__link{align-self:flex-start;font-size:18px;font-weight:600;line-height:20px;color:#303437;flex-direction:row;}.elementor-154779 .elementor-element.elementor-element-425556c .jet-listing-dynamic-link__link:hover{color:#225B75;}.elementor-154779 .elementor-element.elementor-element-425556c .jet-listing-dynamic-link__icon{order:-1;}.elementor-widget-jet-button .jet-button__plane-normal{background-color:var( --e-global-color-primary );}.elementor-widget-jet-button .jet-button__plane-hover{background-color:var( --e-global-color-secondary );}.elementor-widget-jet-button  .jet-button__state-normal .jet-button__label{font-family:var( --e-global-typography-primary-font-family ), Sans-serif;font-weight:var( --e-global-typography-primary-font-weight );}.elementor-widget-jet-button  .jet-button__state-hover .jet-button__label{font-family:var( --e-global-typography-primary-font-family ), Sans-serif;font-weight:var( --e-global-typography-primary-font-weight );}.elementor-154779 .elementor-element.elementor-element-c1f6025 .jet-button__container{justify-content:center;}.elementor-154779 .elementor-element.elementor-element-c1f6025 .jet-button__instance{background-color:#63AACE;border-radius:10px 10px 10px 10px;}.elementor-154779 .elementor-element.elementor-element-c1f6025 .jet-button__instance:hover{background-color:var( --e-global-color-primary );}.elementor-154779 .elementor-element.elementor-element-c1f6025 .jet-button__plane-normal{background-color:#225B75;}.elementor-154779 .elementor-element.elementor-element-c1f6025 .jet-button__plane-hover{background-color:var( --e-global-color-primary );}.elementor-154779 .elementor-element.elementor-element-c1f6025 .jet-button__state-normal .jet-button__label{text-align:left;}.elementor-154779 .elementor-element.elementor-element-c1f6025 .jet-button__state-hover .jet-button__label{text-align:left;}.elementor-154779 .elementor-element.elementor-element-c1f6025  .jet-button__state-normal .jet-button__label{font-size:14px;}.elementor-154779 .elementor-element.elementor-element-c1f6025  .jet-button__state-hover .jet-button__label{font-size:14px;}.elementor-154779 .elementor-element.elementor-element-c1f6025 > .elementor-widget-container{margin:20px 0px 0px 0px;}.elementor-154779 .elementor-element.elementor-element-c1f6025.elementor-element{--align-self:flex-start;}@media(min-width:768px){.elementor-154779 .elementor-element.elementor-element-dbaaf29{--width:40%;}.elementor-154779 .elementor-element.elementor-element-fa35788{--width:60%;}}@media(max-width:767px){.elementor-154779 .elementor-element.elementor-element-658edc4{--padding-top:-5px;--padding-bottom:-5px;--padding-left:-5px;--padding-right:-5px;}.elementor-154779 .elementor-element.elementor-element-dbaaf29{--min-height:210px;--border-radius:10px 10px 0px 0px;--margin-top:0px;--margin-bottom:0px;--margin-left:0px;--margin-right:0px;--padding-top:0px;--padding-bottom:0px;--padding-left:0px;--padding-right:0px;}.elementor-154779 .elementor-element.elementor-element-c1f6025 .jet-button__instance{width:1000px;margin:10px 0px 0px 0px;border-radius:10px 10px 10px 10px;}.elementor-154779 .elementor-element.elementor-element-c1f6025 .jet-button__state-normal{justify-content:center;}.elementor-154779 .elementor-element.elementor-element-c1f6025 .jet-button__state-hover{justify-content:center;}.elementor-154779 .elementor-element.elementor-element-c1f6025 .jet-button__instance--icon-top .jet-button__state-normal{align-items:center;justify-content:center;}.elementor-154779 .elementor-element.elementor-element-c1f6025 .jet-button__instance--icon-top .jet-button__state-hover{align-items:center;justify-content:center;}.elementor-154779 .elementor-element.elementor-element-c1f6025 .jet-button__instance--icon-bottom .jet-button__state-normal{align-items:center;justify-content:center;}.elementor-154779 .elementor-element.elementor-element-c1f6025 .jet-button__instance--icon-bottom .jet-button__state-hover{align-items:center;justify-content:center;}.elementor-154779 .elementor-element.elementor-element-c1f6025 > .elementor-widget-container{margin:0px 0px 0px 0px;}.elementor-154779 .elementor-element.elementor-element-c1f6025.elementor-element{--align-self:stretch;}}<\/style><div class=\"jet-listing-grid__item jet-listing-dynamic-post-147486 jet-equal-columns\" data-post-id=\"147486\"  ><style type=\"text\/css\">.jet-listing-dynamic-post-147486 .elementor-element.elementor-element-dbaaf29:not(.elementor-motion-effects-element-type-background), .jet-listing-dynamic-post-147486 .elementor-element.elementor-element-dbaaf29 > .elementor-motion-effects-container > .elementor-motion-effects-layer{background-image:url(\"https:\/\/medclinics.com\/wp-content\/uploads\/2024\/02\/Orthopedic-Treatments.jpg\");}<\/style>\t\t<div data-elementor-type=\"jet-listing-items\" data-elementor-id=\"154779\" class=\"elementor elementor-154779 elementor-154744\" data-elementor-post-type=\"jet-engine\">\n\t\t\t\t<div class=\"elementor-element elementor-element-658edc4 e-con-full e-flex e-con e-parent\" data-id=\"658edc4\" data-element_type=\"container\" data-e-type=\"container\" data-settings=\"{&quot;background_background&quot;:&quot;classic&quot;,&quot;jet_parallax_layout_list&quot;:[]}\">\n\t\t<div class=\"elementor-element elementor-element-dbaaf29 e-con-full e-flex e-con e-child\" data-id=\"dbaaf29\" data-element_type=\"container\" data-e-type=\"container\" data-settings=\"{&quot;background_background&quot;:&quot;classic&quot;,&quot;jet_parallax_layout_list&quot;:[]}\">\n\t\t\t\t<\/div>\n\t\t<div class=\"elementor-element elementor-element-fa35788 e-con-full e-flex e-con e-child\" data-id=\"fa35788\" data-element_type=\"container\" data-e-type=\"container\" data-settings=\"{&quot;jet_parallax_layout_list&quot;:[]}\">\n\t\t\t\t<div class=\"elementor-element elementor-element-425556c elementor-widget elementor-widget-jet-listing-dynamic-link\" data-id=\"425556c\" data-element_type=\"widget\" data-e-type=\"widget\" data-widget_type=\"jet-listing-dynamic-link.default\">\n\t\t\t\t<div class=\"elementor-widget-container\">\n\t\t\t\t\t<a href=\"https:\/\/medclinics.com\/tr\/istanbul-turkiyede-ortopedik-tedaviler-en-iyi-klinikler-fiyatlar-cerrahlar\/\" class=\"jet-listing-dynamic-link__link\">\u0130stanbul, T\u00fcrkiye&#8217;de Ortopedik Tedaviler | En \u0130yi Klinikler, Fiyatlar &amp; Cerrahlar<\/a>\t\t\t\t<\/div>\n\t\t\t\t<\/div>\n\t\t\t\t<div class=\"elementor-element elementor-element-c1f6025 elementor-widget elementor-widget-jet-button\" data-id=\"c1f6025\" data-element_type=\"widget\" data-e-type=\"widget\" data-widget_type=\"jet-button.default\">\n\t\t\t\t<div class=\"elementor-widget-container\">\n\t\t\t\t\t<div class=\"elementor-jet-button jet-elements\"><div class=\"jet-button__container\">\n\t<a class=\"jet-button__instance jet-button__instance--icon-left hover-effect-0\" href=\"https:\/\/medclinics.com\/tr\/istanbul-turkiyede-ortopedik-tedaviler-en-iyi-klinikler-fiyatlar-cerrahlar\/\">\n\t\t<div class=\"jet-button__plane jet-button__plane-normal\"><\/div>\n\t\t<div class=\"jet-button__plane jet-button__plane-hover\"><\/div>\n\t\t<div class=\"jet-button__state jet-button__state-normal\">\n\t\t\t<span class=\"jet-button__label\">G\u00f6nderiyi G\u00f6r<\/span>\t\t<\/div>\n\t\t<div class=\"jet-button__state jet-button__state-hover\">\n\t\t\t<span class=\"jet-button__label\">G\u00f6nderiyi G\u00f6r<\/span>\t\t<\/div>\n\t<\/a>\n<\/div>\n<\/div>\t\t\t\t<\/div>\n\t\t\t\t<\/div>\n\t\t\t\t<\/div>\n\t\t\t\t<\/div>\n\t\t\t\t<\/div>\n\t\t<\/div><\/div><\/div><\/div>\n<h2 class=\"wp-block-heading\">Bizimle ileti\u015fime ge\u00e7in, hasta dan\u0131\u015fman\u0131m\u0131z s\u00fcre\u00e7 boyunca size rehberlik edecek ve tavsiyelerde bulunacakt\u0131r!<\/h2>\n\n<p>MedClinics ile birlikte sizin i\u00e7in en iyi tedaviyi veya ameliyat\u0131 bulacaks\u0131n\u0131z. T\u00fcm ayr\u0131nt\u0131lar\u0131 a\u00e7\u0131klayacak ve \u00f6zel ihtiya\u00e7lar\u0131n\u0131z i\u00e7in en uygun klini\u011fi bulman\u0131za yard\u0131mc\u0131 olaca\u011f\u0131z.<\/p>\n\n<p>Tercih etti\u011finiz <a href=\"https:\/\/medclinics.com\/tr\/ortopedik-tedaviler\/orthopedic-treatments-2\/\" target=\"_blank\" rel=\"noreferrer noopener\">ortopedik tedavi veya ameliyat<\/a> hakk\u0131nda g\u00f6r\u00fc\u015fmek i\u00e7in l\u00fctfen bizimle ileti\u015fime ge\u00e7in.<\/p>\n\n<div class=\"wp-block-buttons is-layout-flex wp-block-buttons-is-layout-flex\">\n<div class=\"wp-block-button has-custom-width wp-block-button__width-100 is-style-fill\"><a class=\"wp-block-button__link has-background wp-element-button\" href=\"#requestform\" style=\"border-radius:8px;background-color:#225b75\">\u00dccretsiz Dan\u0131\u015fmanl\u0131k<\/a><\/div>\n<\/div>\n","protected":false},"excerpt":{"rendered":"<p>Ortopedik tedaviler giderek geli\u015fmekte ve \u00e7o\u011fu zaman hareketsizli\u011fin \u00fcstesinden gelebilmektedir. Eklem a\u011fr\u0131s\u0131, hareketsizlik veya kesinlikle g\u00fcnl\u00fck aktivitelerinizden zevk alamaman\u0131n hayal [&hellip;]<\/p>\n","protected":false},"author":4,"featured_media":91709,"parent":0,"menu_order":0,"comment_status":"closed","ping_status":"closed","template":"","meta":{"site-sidebar-layout":"default","site-content-layout":"","ast-site-content-layout":"default","site-content-style":"default","site-sidebar-style":"default","ast-global-header-display":"","ast-banner-title-visibility":"","ast-main-header-display":"","ast-hfb-above-header-display":"","ast-hfb-below-header-display":"","ast-hfb-mobile-header-display":"","site-post-title":"","ast-breadcrumbs-content":"","ast-featured-img":"","footer-sml-layout":"","ast-disable-related-posts":"","theme-transparent-header-meta":"","adv-header-id-meta":"","stick-header-meta":"","header-above-stick-meta":"","header-main-stick-meta":"","header-below-stick-meta":"","astra-migrate-meta-layouts":"default","ast-page-background-enabled":"default","ast-page-background-meta":{"desktop":{"background-color":"var(--ast-global-color-4)","background-image":"","background-repeat":"repeat","background-position":"center center","background-size":"auto","background-attachment":"scroll","background-type":"","background-media":"","overlay-type":"","overlay-color":"","overlay-opacity":"","overlay-gradient":""},"tablet":{"background-color":"","background-image":"","background-repeat":"repeat","background-position":"center center","background-size":"auto","background-attachment":"scroll","background-type":"","background-media":"","overlay-type":"","overlay-color":"","overlay-opacity":"","overlay-gradient":""},"mobile":{"background-color":"","background-image":"","background-repeat":"repeat","background-position":"center center","background-size":"auto","background-attachment":"scroll","background-type":"","background-media":"","overlay-type":"","overlay-color":"","overlay-opacity":"","overlay-gradient":""}},"ast-content-background-meta":{"desktop":{"background-color":"var(--ast-global-color-5)","background-image":"","background-repeat":"repeat","background-position":"center center","background-size":"auto","background-attachment":"scroll","background-type":"","background-media":"","overlay-type":"","overlay-color":"","overlay-opacity":"","overlay-gradient":""},"tablet":{"background-color":"var(--ast-global-color-5)","background-image":"","background-repeat":"repeat","background-position":"center center","background-size":"auto","background-attachment":"scroll","background-type":"","background-media":"","overlay-type":"","overlay-color":"","overlay-opacity":"","overlay-gradient":""},"mobile":{"background-color":"var(--ast-global-color-5)","background-image":"","background-repeat":"repeat","background-position":"center center","background-size":"auto","background-attachment":"scroll","background-type":"","background-media":"","overlay-type":"","overlay-color":"","overlay-opacity":"","overlay-gradient":""}},"footnotes":""},"class_list":["post-144645","page","type-page","status-publish","has-post-thumbnail","hentry"],"_links":{"self":[{"href":"https:\/\/medclinics.com\/tr\/wp-json\/wp\/v2\/pages\/144645","targetHints":{"allow":["GET"]}}],"collection":[{"href":"https:\/\/medclinics.com\/tr\/wp-json\/wp\/v2\/pages"}],"about":[{"href":"https:\/\/medclinics.com\/tr\/wp-json\/wp\/v2\/types\/page"}],"author":[{"embeddable":true,"href":"https:\/\/medclinics.com\/tr\/wp-json\/wp\/v2\/users\/4"}],"replies":[{"embeddable":true,"href":"https:\/\/medclinics.com\/tr\/wp-json\/wp\/v2\/comments?post=144645"}],"version-history":[{"count":0,"href":"https:\/\/medclinics.com\/tr\/wp-json\/wp\/v2\/pages\/144645\/revisions"}],"wp:featuredmedia":[{"embeddable":true,"href":"https:\/\/medclinics.com\/tr\/wp-json\/wp\/v2\/media\/91709"}],"wp:attachment":[{"href":"https:\/\/medclinics.com\/tr\/wp-json\/wp\/v2\/media?parent=144645"}],"curies":[{"name":"wp","href":"https:\/\/api.w.org\/{rel}","templated":true}]}}