{"id":144613,"date":"2021-11-30T14:47:50","date_gmt":"2021-11-30T14:47:50","guid":{"rendered":"https:\/\/medclinics.com\/para-iadesi-ve-iade-politikasi\/"},"modified":"2024-03-15T22:42:10","modified_gmt":"2024-03-15T22:42:10","slug":"para-iadesi-ve-iade-politikasi","status":"publish","type":"page","link":"https:\/\/medclinics.com\/tr\/para-iadesi-ve-iade-politikasi\/","title":{"rendered":"Para \u0130adesi ve \u0130ade Politikas\u0131"},"content":{"rendered":"&#13;\n<p><b>Bu \u00f6rnek bir sayfad\u0131r.<\/b><\/p>&#13;\n&#13;\n<h3>Overview<\/h3>&#13;\n&#13;\n<p>\u0130ade ve geri \u00f6deme politikam\u0131z 30 g\u00fcn s\u00fcrmektedir. Sat\u0131n alma i\u015fleminizin \u00fczerinden 30 g\u00fcn ge\u00e7tiyse, size tam bir geri \u00f6deme veya de\u011fi\u015fim sunamay\u0131z.<\/p>&#13;\n&#13;\n<p>\u0130ade i\u00e7in uygun olmas\u0131 i\u00e7in, \u00fcr\u00fcn\u00fcn\u00fcz\u00fcn kullan\u0131lmam\u0131\u015f ve ald\u0131\u011f\u0131n\u0131z ayn\u0131 durumda olmas\u0131 gerekir. Ayr\u0131ca orijinal ambalaj\u0131nda olmal\u0131d\u0131r.<\/p>&#13;\n&#13;\n<p>Baz\u0131 mal t\u00fcrleri iade edilmekten muaft\u0131r. Yiyecek, \u00e7i\u00e7ek, gazete veya dergi gibi \u00e7abuk bozulan \u00fcr\u00fcnler iade edilemez. Ayr\u0131ca mahrem veya s\u0131hhi \u00fcr\u00fcnler, tehlikeli maddeler veya yan\u0131c\u0131 s\u0131v\u0131lar veya gazlar i\u00e7eren \u00fcr\u00fcnleri kabul etmiyoruz.<\/p>&#13;\n&#13;\n<p>\u0130ade edilemeyen ek \u00fcr\u00fcnler:<\/p>&#13;\n&#13;\n<ul class=\"wp-block-list\">&#13;\n<li>Hediye kartlar\u0131<\/li>&#13;\n<li>\u0130ndirilebilir yaz\u0131l\u0131m \u00fcr\u00fcnleri<\/li>&#13;\n<li>Baz\u0131 sa\u011fl\u0131k ve ki\u015fisel bak\u0131m \u00fcr\u00fcnleri<\/li>&#13;\n<\/ul>&#13;\n&#13;\n<p>\u0130adenizi tamamlamak i\u00e7in bir makbuz veya sat\u0131n alma belgesine ihtiyac\u0131m\u0131z vard\u0131r.<\/p>&#13;\n&#13;\n<p>L\u00fctfen sat\u0131n ald\u0131\u011f\u0131n\u0131z \u00fcr\u00fcn\u00fc \u00fcreticiye geri g\u00f6ndermeyin.<\/p>&#13;\n&#13;\n<p>Yaln\u0131zca k\u0131smi geri \u00f6demelerin yap\u0131ld\u0131\u011f\u0131 belirli durumlar vard\u0131r:<\/p>&#13;\n&#13;\n<ul class=\"wp-block-list\">&#13;\n<li>Belirgin kullan\u0131m izleri olan kitap<\/li>&#13;\n<li>A\u00e7\u0131lm\u0131\u015f CD, DVD, VHS kaset, yaz\u0131l\u0131m, video oyunu, kaset veya vinil plak.<\/li>&#13;\n<li>Orijinal durumunda olmayan, bizim hatam\u0131zdan kaynaklanmayan nedenlerle hasar g\u00f6rm\u00fc\u015f veya eksik par\u00e7alar\u0131 olan herhangi bir \u00fcr\u00fcn.<\/li>&#13;\n<li>Teslimattan sonra 30 g\u00fcnden fazla iade edilen herhangi bir \u00fcr\u00fcn<\/li>&#13;\n<\/ul>&#13;\n&#13;\n<h2>Refunds<\/h2>&#13;\n&#13;\n<p>\u0130adeniz al\u0131n\u0131p incelendikten sonra, iade \u00fcr\u00fcn\u00fcn\u00fcz\u00fc ald\u0131\u011f\u0131m\u0131z\u0131 bildirmek i\u00e7in size bir e-posta g\u00f6nderece\u011fiz. Ayr\u0131ca geri \u00f6demenizin onayland\u0131\u011f\u0131n\u0131 veya reddedildi\u011fini size bildirece\u011fiz.<\/p>&#13;\n&#13;\n<p>Onaylanman\u0131z halinde iadeniz i\u015fleme al\u0131nacak ve belirli bir g\u00fcn i\u00e7inde kredi kart\u0131n\u0131za veya orijinal \u00f6deme y\u00f6nteminize otomatik olarak bir kredi uygulanacakt\u0131r.<\/p>&#13;\n&#13;\n<b>Late or missing refunds<\/b>&#13;\n&#13;\n<p>Hen\u00fcz bir geri \u00f6deme almad\u0131ysan\u0131z, \u00f6nce banka hesab\u0131n\u0131z\u0131 tekrar kontrol edin.<\/p>&#13;\n&#13;\n<p>Ard\u0131ndan kredi kart\u0131 \u015firketinizle ileti\u015fime ge\u00e7in, iadenizin resmi olarak g\u00f6nderilmesi biraz zaman alabilir.<\/p>&#13;\n&#13;\n<p>Ard\u0131ndan bankan\u0131zla ileti\u015fime ge\u00e7in. Para iadesi g\u00f6nderilmeden \u00f6nce genellikle bir miktar i\u015flem s\u00fcresi vard\u0131r.<\/p>&#13;\n&#13;\n<p>T\u00fcm bunlar\u0131 yapt\u0131ysan\u0131z ve hala para iadenizi almad\u0131ysan\u0131z, l\u00fctfen {e-posta adresi} adresinden bizimle ileti\u015fime ge\u00e7in.<\/p>&#13;\n&#13;\n<b>Sale items<\/b>&#13;\n&#13;\n<p>Yaln\u0131zca normal fiyatl\u0131 \u00fcr\u00fcnler iade edilebilir. Sat\u0131l\u0131k \u00fcr\u00fcnlerin iadesi yap\u0131lamaz.<\/p>&#13;\n&#13;\n<h2>Exchanges<\/h2>&#13;\n&#13;\n<p>\u00dcr\u00fcnleri yaln\u0131zca kusurlu veya hasarl\u0131 olmalar\u0131 durumunda de\u011fi\u015ftiriyoruz. Ayn\u0131 \u00fcr\u00fcnle de\u011fi\u015ftirmeniz gerekiyorsa, bize {e-posta adresi} adresinden bir e-posta g\u00f6nderin ve \u00fcr\u00fcn\u00fcn\u00fcz\u00fc \u015fu adrese g\u00f6nderin: {fiziksel adres} adresine g\u00f6nderin.<\/p>&#13;\n&#13;\n<h2>Gifts<\/h2>&#13;\n&#13;\n<p>\u00dcr\u00fcn sat\u0131n al\u0131nd\u0131\u011f\u0131nda ve do\u011frudan size g\u00f6nderildi\u011finde hediye olarak i\u015faretlenmi\u015fse, iadenizin de\u011feri kadar hediye kredisi al\u0131rs\u0131n\u0131z. \u0130ade edilen \u00fcr\u00fcn al\u0131nd\u0131ktan sonra size bir hediye \u00e7eki postalanacakt\u0131r.<\/p>&#13;\n&#13;\n<p>\u00dcr\u00fcn sat\u0131n al\u0131nd\u0131\u011f\u0131nda hediye olarak i\u015faretlenmemi\u015fse veya hediye veren ki\u015fi sipari\u015fi daha sonra size vermek \u00fczere kendisine g\u00f6ndermi\u015fse, hediye verene para iadesi g\u00f6nderece\u011fiz ve iadenizden haberdar olacaklard\u0131r.<\/p>&#13;\n&#13;\n<h2>Shipping returns<\/h2>&#13;\n&#13;\n<p>\u00dcr\u00fcn\u00fcn\u00fcz\u00fc iade etmek i\u00e7in \u00fcr\u00fcn\u00fcn\u00fcz\u00fc \u015fu adrese postalaman\u0131z gerekir: {fiziksel adres}.<\/p>&#13;\n&#13;\n<p>\u00dcr\u00fcn\u00fcn\u00fcz\u00fc iade etmek i\u00e7in kendi nakliye masraflar\u0131n\u0131z\u0131 \u00f6demekten sorumlu olacaks\u0131n\u0131z. Nakliye masraflar\u0131 iade edilmez. Para iadesi al\u0131rsan\u0131z, iade kargo \u00fccreti para iadenizden d\u00fc\u015f\u00fclecektir.<\/p>&#13;\n&#13;\n<p>Ya\u015fad\u0131\u011f\u0131n\u0131z yere ba\u011fl\u0131 olarak, de\u011fi\u015ftirilen \u00fcr\u00fcn\u00fcn\u00fcz\u00fcn size ula\u015fma s\u00fcresi de\u011fi\u015febilir.<\/p>&#13;\n&#13;\n<p>Daha pahal\u0131 \u00fcr\u00fcnleri iade ediyorsan\u0131z, izlenebilir bir nakliye hizmeti kullanmay\u0131 veya nakliye sigortas\u0131 sat\u0131n almay\u0131 d\u00fc\u015f\u00fcnebilirsiniz. \u0130ade etti\u011finiz \u00fcr\u00fcn\u00fc alaca\u011f\u0131m\u0131z\u0131 garanti etmiyoruz.<\/p>&#13;\n&#13;\n<h2>Need help?<\/h2>&#13;\n&#13;\n<p>\u0130ade ve geri \u00f6demelerle ilgili sorular\u0131n\u0131z i\u00e7in {email} adresinden bize ula\u015f\u0131n.<\/p>&#13;\n","protected":false},"excerpt":{"rendered":"<p>&#13; Bu \u00f6rnek bir sayfad\u0131r. &#13; &#13; Overview &#13; &#13; \u0130ade ve geri \u00f6deme politikam\u0131z 30 g\u00fcn s\u00fcrmektedir. Sat\u0131n alma [&hellip;]<\/p>\n","protected":false},"author":4,"featured_media":0,"parent":0,"menu_order":0,"comment_status":"closed","ping_status":"closed","template":"","meta":{"site-sidebar-layout":"default","site-content-layout":"","ast-site-content-layout":"default","site-content-style":"default","site-sidebar-style":"default","ast-global-header-display":"","ast-banner-title-visibility":"","ast-main-header-display":"","ast-hfb-above-header-display":"","ast-hfb-below-header-display":"","ast-hfb-mobile-header-display":"","site-post-title":"","ast-breadcrumbs-content":"","ast-featured-img":"","footer-sml-layout":"","ast-disable-related-posts":"","theme-transparent-header-meta":"","adv-header-id-meta":"","stick-header-meta":"","header-above-stick-meta":"","header-main-stick-meta":"","header-below-stick-meta":"","astra-migrate-meta-layouts":"default","ast-page-background-enabled":"default","ast-page-background-meta":{"desktop":{"background-color":"var(--ast-global-color-4)","background-image":"","background-repeat":"repeat","background-position":"center center","background-size":"auto","background-attachment":"scroll","background-type":"","background-media":"","overlay-type":"","overlay-color":"","overlay-opacity":"","overlay-gradient":""},"tablet":{"background-color":"","background-image":"","background-repeat":"repeat","background-position":"center center","background-size":"auto","background-attachment":"scroll","background-type":"","background-media":"","overlay-type":"","overlay-color":"","overlay-opacity":"","overlay-gradient":""},"mobile":{"background-color":"","background-image":"","background-repeat":"repeat","background-position":"center center","background-size":"auto","background-attachment":"scroll","background-type":"","background-media":"","overlay-type":"","overlay-color":"","overlay-opacity":"","overlay-gradient":""}},"ast-content-background-meta":{"desktop":{"background-color":"var(--ast-global-color-5)","background-image":"","background-repeat":"repeat","background-position":"center center","background-size":"auto","background-attachment":"scroll","background-type":"","background-media":"","overlay-type":"","overlay-color":"","overlay-opacity":"","overlay-gradient":""},"tablet":{"background-color":"var(--ast-global-color-5)","background-image":"","background-repeat":"repeat","background-position":"center center","background-size":"auto","background-attachment":"scroll","background-type":"","background-media":"","overlay-type":"","overlay-color":"","overlay-opacity":"","overlay-gradient":""},"mobile":{"background-color":"var(--ast-global-color-5)","background-image":"","background-repeat":"repeat","background-position":"center center","background-size":"auto","background-attachment":"scroll","background-type":"","background-media":"","overlay-type":"","overlay-color":"","overlay-opacity":"","overlay-gradient":""}},"footnotes":""},"class_list":["post-144613","page","type-page","status-publish","hentry"],"_links":{"self":[{"href":"https:\/\/medclinics.com\/tr\/wp-json\/wp\/v2\/pages\/144613","targetHints":{"allow":["GET"]}}],"collection":[{"href":"https:\/\/medclinics.com\/tr\/wp-json\/wp\/v2\/pages"}],"about":[{"href":"https:\/\/medclinics.com\/tr\/wp-json\/wp\/v2\/types\/page"}],"author":[{"embeddable":true,"href":"https:\/\/medclinics.com\/tr\/wp-json\/wp\/v2\/users\/4"}],"replies":[{"embeddable":true,"href":"https:\/\/medclinics.com\/tr\/wp-json\/wp\/v2\/comments?post=144613"}],"version-history":[{"count":0,"href":"https:\/\/medclinics.com\/tr\/wp-json\/wp\/v2\/pages\/144613\/revisions"}],"wp:attachment":[{"href":"https:\/\/medclinics.com\/tr\/wp-json\/wp\/v2\/media?parent=144613"}],"curies":[{"name":"wp","href":"https:\/\/api.w.org\/{rel}","templated":true}]}}