{"id":144585,"date":"2023-04-18T14:17:26","date_gmt":"2023-04-18T14:17:26","guid":{"rendered":"https:\/\/medclinics.com\/tibbi-kontroller\/"},"modified":"2024-04-01T15:38:50","modified_gmt":"2024-04-01T12:38:50","slug":"tibbi-kontroller","status":"publish","type":"page","link":"https:\/\/medclinics.com\/tr\/tibbi-kontroller\/","title":{"rendered":"T\u0131bbi kontroller"},"content":{"rendered":"\n<h2 class=\"wp-block-heading\">T\u0131bbi check-up trendi giderek pop\u00fclerlik kazan\u0131yor ve d\u00fcnya \u00e7ap\u0131nda en \u00e7ok ra\u011fbet g\u00f6ren prosed\u00fcrlerden biri haline geldi.<\/h2>\n\n<figure class=\"wp-block-image size-full\"><img fetchpriority=\"high\" decoding=\"async\" width=\"960\" height=\"550\" src=\"https:\/\/medclinics.com\/wp-content\/uploads\/2023\/05\/medical-check-up-in-istanbul-1.jpg\" alt=\"i&#x307;stanbul'da sa&#x11F;lik kontrol&#xFC;\" class=\"wp-image-86681\" srcset=\"https:\/\/medclinics.com\/wp-content\/uploads\/2023\/05\/medical-check-up-in-istanbul-1.jpg 960w, https:\/\/medclinics.com\/wp-content\/uploads\/2023\/05\/medical-check-up-in-istanbul-1-500x286.jpg 500w, https:\/\/medclinics.com\/wp-content\/uploads\/2023\/05\/medical-check-up-in-istanbul-1-768x440.jpg 768w, https:\/\/medclinics.com\/wp-content\/uploads\/2023\/05\/medical-check-up-in-istanbul-1-24x14.jpg 24w, https:\/\/medclinics.com\/wp-content\/uploads\/2023\/05\/medical-check-up-in-istanbul-1-36x21.jpg 36w, https:\/\/medclinics.com\/wp-content\/uploads\/2023\/05\/medical-check-up-in-istanbul-1-48x28.jpg 48w\" sizes=\"(max-width: 960px) 100vw, 960px\" \/><\/figure>\n\n<h3 class=\"wp-block-heading\">Kapsaml\u0131 sa\u011fl\u0131k kontrol\u00fcn\u00fcz i\u00e7in ola\u011fan\u00fcst\u00fc hizmetler sunan en y\u00fcksek puanl\u0131 klinikleri ve hastaneleri ke\u015ffedin.<\/h3>\n\n<p><strong>\u00d6nleme hayat kurtar\u0131r<\/strong><\/p>\n\n<p>Ge\u00e7mi\u015fte \u00f6nleyici sa\u011fl\u0131k hizmetleri b\u00fcy\u00fck \u00f6l\u00e7\u00fcde aile hekimine b\u0131rak\u0131l\u0131rken, t\u0131bbi geli\u015fmeler kapsaml\u0131 tarama se\u00e7eneklerinin geli\u015ftirilmesine yol a\u00e7m\u0131\u015ft\u0131r.<\/p>\n\n<p>\u015eeker, karaci\u011fer de\u011ferleri ve kolesterol gibi standart kan de\u011ferlerinin kontrol edilmesinin yan\u0131 s\u0131ra ki\u015fiye \u00f6zel paketler de sunulmaktad\u0131r. Erkekler ve kad\u0131nlar i\u00e7in \u00f6nleyici muayeneler aras\u0131nda bir ayr\u0131m yap\u0131l\u0131r, ya\u015fa g\u00f6re koordinasyon yap\u0131l\u0131r ve hatta \u00e7ocuklar i\u00e7in \u00f6nleyici muayeneler vard\u0131r.<\/p>\n\n<p>\u00d6zellikle kanser belirte\u00e7lerini tarayan \u00f6zel kanser taramalar\u0131, kad\u0131nlar i\u00e7in mamografi veya <a href=\"https:\/\/en.wikipedia.org\/wiki\/Pap_test\" target=\"_blank\" rel=\"noreferrer noopener\">Pap smear<\/a>, erkekler i\u00e7in prostat muayenesi ve kolon kanserini tespit etmek i\u00e7in kolonoskopi veya ba\u015fka bir tarama testi g\u00fcn\u00fcm\u00fczde yayg\u0131nd\u0131r.<\/p>\n\n<p>Buna ek olarak, doktor hastan\u0131n bireysel risk fakt\u00f6rlerine ve t\u0131bbi ge\u00e7mi\u015fine ba\u011fl\u0131 olarak ba\u015fka testler de \u00f6nerebilir.<\/p>\n\n<p><strong>ile<\/strong> <strong>MedClinics&#8217;te ihtiya\u00e7lar\u0131n\u0131za en uygun tarama paketlerini uygun fiyata bulabilirsiniz!<\/strong> <strong>Hemen bize<a href=\"https:\/\/medclinics.com\/eye\/#requestform\">ula\u015f\u0131n<\/a> ve sizin i\u00e7in en uygun check-up&#8217;lar\u0131 bulun!<\/strong><\/p>\n\n<h2 class=\"wp-block-heading\">T\u0131bbi Kontrol T\u00fcrleri:<\/h2>\n<div class=\"jet-listing-grid--blocks   jet-sm-gb-wrapper jet-sm-gb-0cf7b254-192e-43d9-a62c-da60482c3509\"data-element-id=\"0cf7b254-192e-43d9-a62c-da60482c3509\"data-listing-type=\"blocks\"data-is-block=\"jet-engine\/listing-grid\"><div class=\"jet-listing-notice\">Please select listing to show.<\/div><\/div>\n<h2 class=\"wp-block-heading\">Bizimle ileti\u015fime ge\u00e7in, hasta dan\u0131\u015fman\u0131m\u0131z s\u00fcre\u00e7 boyunca size rehberlik edecek ve tavsiyelerde bulunacakt\u0131r!<\/h2>\n\n<p>MedClinics ile birlikte sizin i\u00e7in en iyi plastik ve kozmetik cerrahi \u00e7\u00f6z\u00fcm\u00fcn\u00fc ve tedavisini bulacaks\u0131n\u0131z. T\u00fcm detaylar\u0131 a\u00e7\u0131klayacak ve \u00f6zel ihtiya\u00e7lar\u0131n\u0131z i\u00e7in en uygun klini\u011fi bulman\u0131za yard\u0131mc\u0131 olaca\u011f\u0131z. <\/p>\n\n<p> <\/p>\n","protected":false},"excerpt":{"rendered":"<p>T\u0131bbi check-up trendi giderek pop\u00fclerlik kazan\u0131yor ve d\u00fcnya \u00e7ap\u0131nda en \u00e7ok ra\u011fbet g\u00f6ren prosed\u00fcrlerden biri haline geldi. Kapsaml\u0131 sa\u011fl\u0131k kontrol\u00fcn\u00fcz [&hellip;]<\/p>\n","protected":false},"author":4,"featured_media":86681,"parent":0,"menu_order":0,"comment_status":"closed","ping_status":"closed","template":"","meta":{"site-sidebar-layout":"default","site-content-layout":"","ast-site-content-layout":"default","site-content-style":"default","site-sidebar-style":"default","ast-global-header-display":"","ast-banner-title-visibility":"","ast-main-header-display":"","ast-hfb-above-header-display":"","ast-hfb-below-header-display":"","ast-hfb-mobile-header-display":"","site-post-title":"","ast-breadcrumbs-content":"","ast-featured-img":"","footer-sml-layout":"","ast-disable-related-posts":"","theme-transparent-header-meta":"","adv-header-id-meta":"","stick-header-meta":"","header-above-stick-meta":"","header-main-stick-meta":"","header-below-stick-meta":"","astra-migrate-meta-layouts":"default","ast-page-background-enabled":"default","ast-page-background-meta":{"desktop":{"background-color":"var(--ast-global-color-4)","background-image":"","background-repeat":"repeat","background-position":"center center","background-size":"auto","background-attachment":"scroll","background-type":"","background-media":"","overlay-type":"","overlay-color":"","overlay-opacity":"","overlay-gradient":""},"tablet":{"background-color":"","background-image":"","background-repeat":"repeat","background-position":"center center","background-size":"auto","background-attachment":"scroll","background-type":"","background-media":"","overlay-type":"","overlay-color":"","overlay-opacity":"","overlay-gradient":""},"mobile":{"background-color":"","background-image":"","background-repeat":"repeat","background-position":"center center","background-size":"auto","background-attachment":"scroll","background-type":"","background-media":"","overlay-type":"","overlay-color":"","overlay-opacity":"","overlay-gradient":""}},"ast-content-background-meta":{"desktop":{"background-color":"var(--ast-global-color-5)","background-image":"","background-repeat":"repeat","background-position":"center center","background-size":"auto","background-attachment":"scroll","background-type":"","background-media":"","overlay-type":"","overlay-color":"","overlay-opacity":"","overlay-gradient":""},"tablet":{"background-color":"var(--ast-global-color-5)","background-image":"","background-repeat":"repeat","background-position":"center center","background-size":"auto","background-attachment":"scroll","background-type":"","background-media":"","overlay-type":"","overlay-color":"","overlay-opacity":"","overlay-gradient":""},"mobile":{"background-color":"var(--ast-global-color-5)","background-image":"","background-repeat":"repeat","background-position":"center center","background-size":"auto","background-attachment":"scroll","background-type":"","background-media":"","overlay-type":"","overlay-color":"","overlay-opacity":"","overlay-gradient":""}},"footnotes":""},"class_list":["post-144585","page","type-page","status-publish","has-post-thumbnail","hentry"],"_links":{"self":[{"href":"https:\/\/medclinics.com\/tr\/wp-json\/wp\/v2\/pages\/144585","targetHints":{"allow":["GET"]}}],"collection":[{"href":"https:\/\/medclinics.com\/tr\/wp-json\/wp\/v2\/pages"}],"about":[{"href":"https:\/\/medclinics.com\/tr\/wp-json\/wp\/v2\/types\/page"}],"author":[{"embeddable":true,"href":"https:\/\/medclinics.com\/tr\/wp-json\/wp\/v2\/users\/4"}],"replies":[{"embeddable":true,"href":"https:\/\/medclinics.com\/tr\/wp-json\/wp\/v2\/comments?post=144585"}],"version-history":[{"count":0,"href":"https:\/\/medclinics.com\/tr\/wp-json\/wp\/v2\/pages\/144585\/revisions"}],"wp:featuredmedia":[{"embeddable":true,"href":"https:\/\/medclinics.com\/tr\/wp-json\/wp\/v2\/media\/86681"}],"wp:attachment":[{"href":"https:\/\/medclinics.com\/tr\/wp-json\/wp\/v2\/media?parent=144585"}],"curies":[{"name":"wp","href":"https:\/\/api.w.org\/{rel}","templated":true}]}}