{"id":144539,"date":"2023-05-24T14:35:25","date_gmt":"2023-05-24T11:35:25","guid":{"rendered":"https:\/\/medclinics.com\/tup-bebek\/"},"modified":"2025-01-02T16:37:01","modified_gmt":"2025-01-02T13:37:01","slug":"tup-bebek","status":"publish","type":"page","link":"https:\/\/medclinics.com\/tr\/tup-bebek\/","title":{"rendered":"IVF &#8211; \u0130n Vitro Fertilizasyon"},"content":{"rendered":"\n<h2 class=\"wp-block-heading\">Uzun zamand\u0131r bebek istiyorsunuz ama istedi\u011finiz sonuca ula\u015famad\u0131n\u0131z m\u0131? T\u00fcp bebek yapmay\u0131 d\u00fc\u015f\u00fcn\u00fcyor musunuz?<\/h2>\n\n<figure class=\"wp-block-image size-full\"><img fetchpriority=\"high\" decoding=\"async\" width=\"960\" height=\"540\" src=\"https:\/\/medclinics.com\/wp-content\/uploads\/2023\/07\/ivf-in-vitro-fertilisation-in-turkey.jpg\" alt=\"IVF T&#xFC;p bebek &#x130;stanbul T&#xFC;rkiye\" class=\"wp-image-96649\" srcset=\"https:\/\/medclinics.com\/wp-content\/uploads\/2023\/07\/ivf-in-vitro-fertilisation-in-turkey.jpg 960w, https:\/\/medclinics.com\/wp-content\/uploads\/2023\/07\/ivf-in-vitro-fertilisation-in-turkey-500x281.jpg 500w, https:\/\/medclinics.com\/wp-content\/uploads\/2023\/07\/ivf-in-vitro-fertilisation-in-turkey-768x432.jpg 768w, https:\/\/medclinics.com\/wp-content\/uploads\/2023\/07\/ivf-in-vitro-fertilisation-in-turkey-24x14.jpg 24w, https:\/\/medclinics.com\/wp-content\/uploads\/2023\/07\/ivf-in-vitro-fertilisation-in-turkey-36x20.jpg 36w, https:\/\/medclinics.com\/wp-content\/uploads\/2023\/07\/ivf-in-vitro-fertilisation-in-turkey-48x27.jpg 48w\" sizes=\"(max-width: 960px) 100vw, 960px\" \/><\/figure>\n\n<h2 class=\"wp-block-heading\">Suni Tohumlamaya Giri\u015f<\/h2>\n\n<p><a href=\"https:\/\/medclinics.com\/tr\/suni-dollenme-ivf-istanbul-turkiye-en-iyi-klinikler-fiyatlar-cerrahlar-ve-basari-oranlari\/\" target=\"_blank\" rel=\"noreferrer noopener\">Suni tohumlama<\/a> karma\u015f\u0131k bir tedavi y\u00f6ntemidir ve zaman al\u0131r. MedClinics size her ad\u0131mda yard\u0131mc\u0131 olur. Her \u015fey analiz ile ba\u015flar. Burada her \u015feyi g\u00f6receksiniz: taktikler, ba\u015far\u0131 oranlar\u0131 ve suni tohumlama y\u00f6ntemleri hakk\u0131nda. <a href=\"https:\/\/medclinics.com\/tr\/tup-bebek\/\" target=\"_blank\" rel=\"noreferrer noopener\">IVF<\/a>, <a href=\"https:\/\/medclinics.com\/tr\/suni-dollenme-ivf-istanbul-turkiye-en-iyi-klinikler-fiyatlar-cerrahlar-ve-basari-oranlari\/\" target=\"_blank\" rel=\"noreferrer noopener\">inseminasyon<\/a> ve di\u011ferleri aras\u0131nda bir fark vard\u0131r. \u00dcreme tedavisinde \u00f6nemli bir ilerleme olan sentetik inseminasyon, do\u011furganl\u0131k gerektiren durumlarla u\u011fra\u015fan bireylere ve \u00e7iftlere umut vermektedir. Bu makale, IVF ve intrauterin inseminasyon (IUI) ile birlikte, ilgili tekniklerin, ba\u015far\u0131 maliyetlerini etkileyen unsurlar\u0131n ve sahip olunabilecek \u00e7e\u015fitli tekniklerin ayr\u0131nt\u0131l\u0131 bir incelemesini sunmaktad\u0131r.      <\/p>\n\n<p>Suni tohumlama, bitkisel d\u00f6llenmenin zor oldu\u011fu veya altta yatan sa\u011fl\u0131k durumlar\u0131 nedeniyle m\u00fcmk\u00fcn olmad\u0131\u011f\u0131 durumlarda teorik olarak yard\u0131mc\u0131 olmak \u00fczere tasarlanm\u0131\u015ft\u0131r. Bu y\u00f6ntem y\u0131llar i\u00e7inde kapsaml\u0131 bir \u015fekilde ilerlemi\u015f, daha y\u00fcksek ba\u015far\u0131 oranlar\u0131 ve bireysel istekleri yerine getirmek i\u00e7in daha ki\u015fiye \u00f6zel s\u00fcre\u00e7ler sunmu\u015ftur. \u015eimdi bu y\u00f6ntemi umutlu anne ve babalar i\u00e7in umut verici bir alternatif haline getiren unsurlar\u0131 inceleyelim.  <\/p>\n\n<h2 class=\"wp-block-heading\">Te\u015fhis: Ba\u015flang\u0131\u00e7 Noktas\u0131<\/h2>\n\n<p>Teknik ba\u015flamadan \u00f6nce, uygun analiz \u00f6nemlidir. Te\u015fhis, infertilitenin alt\u0131nda yatan nedene karar vermek i\u00e7in her iki e\u015fin de de\u011ferlendirilmesini i\u00e7erir. Yayg\u0131n tan\u0131 testleri hormon derece testleri, meni de\u011ferlendirmesi ve \u00fcreme organlar\u0131n\u0131 de\u011ferlendirmek i\u00e7in ultrasonlardan olu\u015fur. Bu ilk ad\u0131m, bilim grubunun en uygun tedavi y\u00f6ntemini se\u00e7mesine yard\u0131mc\u0131 oldu\u011fu i\u00e7in \u00f6nemlidir.   <\/p>\n\n<p>MedClinics, en ba\u015f\u0131ndan itibaren do\u011fru yolun izlendi\u011finden emin olmak i\u00e7in kapsaml\u0131 te\u015fhis hizmetleri sunar. Karakter durumlar\u0131n\u0131 de\u011ferlendirerek, ho\u015f uygulanabilir nihai sonu\u00e7lar i\u00e7in tasarlanm\u0131\u015f bir \u00e7are plan\u0131n\u0131n uyarlanmas\u0131na yard\u0131mc\u0131 olurlar. <\/p>\n\n<h2 class=\"wp-block-heading\">MedClinics: S\u00fcre\u00e7 Boyunca Destek<\/h2>\n\n<p>MedClinics, hastalara do\u011furganl\u0131k yolculuklar\u0131 s\u0131ras\u0131nda yard\u0131mc\u0131 olmaya kendini adam\u0131\u015ft\u0131r. \u00d6zelle\u015ftirilmi\u015f y\u00f6ntem, her ad\u0131m\u0131n \u00f6zen ve anlay\u0131\u015fla kontrol edilmesini garanti eder. MedClinics, ilk analizden y\u00f6ntem sonras\u0131 takiplere kadar hastan\u0131n refah\u0131na \u00f6ncelik vererek rehberlik, duygusal k\u0131lavuzluk ve bilimsel bilgi sunar. Bu \u00f6zen d\u00fczeyi, suni d\u00f6llenme gibi hassas ve \u00f6nemli bir tedavide hayati \u00f6nem ta\u015f\u0131maktad\u0131r.   <\/p>\n\n<h2 class=\"wp-block-heading\">Suni Tohumlama Prosed\u00fcrleri<\/h2>\n\n<p>\u00c7e\u015fitli suni tohumlama yakla\u015f\u0131mlar\u0131 mevcuttur ve her tekni\u011fin teoriyi ger\u00e7ekle\u015ftirmek i\u00e7in kendine \u00f6zg\u00fc bir y\u00f6ntemi vard\u0131r. En yayg\u0131n kullan\u0131lan teknikler \u0130n Vitro Fertilizasyon (IVF) ve \u0130ntrauterin \u0130nseminasyondan (IUI) olu\u015fur. Prosed\u00fcr genellikle spermin haz\u0131rlanmas\u0131n\u0131 ve hemen rahim i\u00e7ine yerle\u015ftirilmesini veya implantasyondan \u00f6nce \u00e7er\u00e7evenin d\u0131\u015f\u0131ndaki bir yumurtan\u0131n d\u00f6llenmesini i\u00e7erir.  <\/p>\n\n<h3 class=\"wp-block-heading\">Farkl\u0131 Suni Tohumlama Y\u00f6ntemleri<\/h3>\n\n<ol class=\"wp-block-list\">\n<li><strong><a href=\"https:\/\/medclinics.com\/tr\/suni-dollenme-ivf-istanbul-turkiye-en-iyi-klinikler-fiyatlar-cerrahlar-ve-basari-oranlari\/\" data-type=\"post\" data-id=\"146937\">IVF (In Vitro Fertilizasyon)<\/a>:<\/strong> Yumurtalar yumurtal\u0131klardan al\u0131n\u0131r ve rahim i\u00e7ine yerle\u015ftirilmeden \u00f6nce bir laboratuvar ortam\u0131nda d\u00f6llenir.<\/li>\n\n\n\n<li><strong><a href=\"https:\/\/medclinics.com\/tr\/suni-tohumlama\/\" data-type=\"page\" data-id=\"146375\">IUI (\u0130ntrauterin \u0130nseminasyon)<\/a>:<\/strong> D\u00f6llenmeyi kolayla\u015ft\u0131rmak i\u00e7in sperm do\u011frudan rahim i\u00e7ine yerle\u015ftirilir.<\/li>\n\n\n\n<li><strong><a href=\"https:\/\/pubmed.ncbi.nlm.nih.gov\/8059813\/\" target=\"_blank\" data-type=\"link\" data-id=\"https:\/\/pubmed.ncbi.nlm.nih.gov\/8059813\/\" rel=\"noreferrer noopener\">ZIFT (Zygote Intrafallopian Transfer)<\/a>:<\/strong> D\u00f6llenmi\u015f yumurtalar (zigotlar) fallop t\u00fcplerine yerle\u015ftirilir.<\/li>\n<\/ol>\n\n<p>Her y\u00f6ntemin kendine \u00f6zg\u00fc faydalar\u0131 vard\u0131r ve uygun y\u00f6nteme karar vermek ki\u015finin durumuna, ya\u015f\u0131na ve t\u0131bbi ge\u00e7mi\u015fine ba\u011fl\u0131d\u0131r.<\/p>\n\n<h2 class=\"wp-block-heading\">Suni Tohumlama Ba\u015far\u0131 Oranlar\u0131<\/h2>\n\n<p>Ba\u015far\u0131 oranlar\u0131 ya\u015f, ortalama sa\u011fl\u0131k durumu ve kullan\u0131lan \u00f6zel y\u00f6ntem gibi \u00e7e\u015fitli unsurlara ba\u011fl\u0131 olarak de\u011fi\u015fir. \u00d6rne\u011fin, daha gen\u00e7 hastalar genellikle IVF ile daha y\u00fcksek ba\u015far\u0131 oranlar\u0131na sahipken, IUI gibi farkl\u0131 stratejiler belirli do\u011furganl\u0131k durumlar\u0131na sahip ki\u015filer i\u00e7in uygun olabilir.  <\/p>\n\n<h2 class=\"wp-block-heading\">IVF: T\u00fcp Bebek A\u00e7\u0131klamas\u0131<\/h2>\n\n<p>IVF, en \u00fcnl\u00fc ve yayg\u0131n olarak kullan\u0131lan sentetik d\u00f6llenme y\u00f6ntemlerinden biridir. Sistem, birden fazla yumurta sa\u011flamak i\u00e7in yumurtal\u0131klar\u0131n uyar\u0131lmas\u0131n\u0131, bunlar\u0131n al\u0131nmas\u0131n\u0131, bir laboratuvarda d\u00f6llenmesini ve ard\u0131ndan embriyolar\u0131n rahim i\u00e7ine yerle\u015ftirilmesini i\u00e7erir. IVF s\u0131kl\u0131kla fallop t\u00fcpleri t\u0131kal\u0131, a\u015f\u0131r\u0131 erkek k\u0131s\u0131rl\u0131\u011f\u0131 veya a\u00e7\u0131klanamayan do\u011furganl\u0131k sorunlar\u0131 olan bireyler i\u00e7in te\u015fvik edilir. Sistem, ba\u015far\u0131 \u015fans\u0131n\u0131 en \u00fcst d\u00fczeye \u00e7\u0131karmak i\u00e7in dikkatli bir izleme ve bilimsel uzmanl\u0131k gerektirir    <\/p>\n\n<h2 class=\"wp-block-heading\">T\u00fcp Bebek ve Yapay D\u00f6llenme i\u00e7in \u015eehirler ve \u00dclkeler<\/h2>\n<div class=\"jet-listing-grid--blocks   jet-sm-gb-wrapper jet-sm-gb-f82a0a43-a005-49d6-b977-9db479f4a59d\"data-element-id=\"f82a0a43-a005-49d6-b977-9db479f4a59d\"data-listing-type=\"blocks\"data-is-block=\"jet-engine\/listing-grid\"><div class=\"jet-listing-grid jet-listing\"><div class=\"jet-listing-grid__items grid-col-desk-1 grid-col-tablet-1 grid-col-mobile-1 jet-listing-grid--154774 jet-equal-columns__wrapper\" data-queried-id=\"144539|WP_Post\" data-nav=\"{&quot;enabled&quot;:false,&quot;type&quot;:null,&quot;more_el&quot;:null,&quot;query&quot;:[],&quot;widget_settings&quot;:{&quot;lisitng_id&quot;:154774,&quot;posts_num&quot;:20,&quot;columns&quot;:1,&quot;columns_tablet&quot;:1,&quot;columns_mobile&quot;:1,&quot;column_min_width&quot;:240,&quot;column_min_width_tablet&quot;:240,&quot;column_min_width_mobile&quot;:240,&quot;inline_columns_css&quot;:true,&quot;is_archive_template&quot;:&quot;&quot;,&quot;post_status&quot;:[&quot;publish&quot;],&quot;use_random_posts_num&quot;:&quot;&quot;,&quot;max_posts_num&quot;:6,&quot;not_found_message&quot;:&quot;No data was found&quot;,&quot;is_masonry&quot;:false,&quot;equal_columns_height&quot;:true,&quot;use_load_more&quot;:&quot;&quot;,&quot;load_more_id&quot;:&quot;&quot;,&quot;load_more_type&quot;:&quot;click&quot;,&quot;load_more_offset&quot;:null,&quot;use_custom_post_types&quot;:&quot;&quot;,&quot;custom_post_types&quot;:[],&quot;hide_widget_if&quot;:&quot;&quot;,&quot;carousel_enabled&quot;:&quot;&quot;,&quot;slides_to_scroll&quot;:1,&quot;arrows&quot;:true,&quot;arrow_icon&quot;:&quot;fa fa-angle-left&quot;,&quot;dots&quot;:&quot;&quot;,&quot;autoplay&quot;:true,&quot;pause_on_hover&quot;:true,&quot;autoplay_speed&quot;:5000,&quot;infinite&quot;:true,&quot;center_mode&quot;:&quot;&quot;,&quot;effect&quot;:&quot;slide&quot;,&quot;speed&quot;:500,&quot;inject_alternative_items&quot;:&quot;&quot;,&quot;injection_items&quot;:[],&quot;scroll_slider_enabled&quot;:&quot;&quot;,&quot;scroll_slider_on&quot;:[&quot;desktop&quot;,&quot;tablet&quot;,&quot;mobile&quot;],&quot;custom_query&quot;:false,&quot;custom_query_id&quot;:&quot;214&quot;,&quot;_element_id&quot;:&quot;&quot;,&quot;collapse_first_last_gap&quot;:false,&quot;list_tag_selection&quot;:&quot;&quot;,&quot;list_items_wrapper_tag&quot;:&quot;div&quot;,&quot;list_item_tag&quot;:&quot;div&quot;,&quot;empty_items_wrapper_tag&quot;:&quot;div&quot;}}\" data-page=\"1\" data-pages=\"1\" data-listing-source=\"posts\" data-listing-id=\"154774\" data-query-id=\"\"><style>.elementor-154779 .elementor-element.elementor-element-658edc4{--display:flex;--min-height:200px;--flex-direction:row;--container-widget-width:calc( ( 1 - var( --container-widget-flex-grow ) ) * 100% );--container-widget-height:100%;--container-widget-flex-grow:1;--container-widget-align-self:stretch;--flex-wrap-mobile:wrap;--align-items:stretch;--gap:10px 10px;--row-gap:10px;--column-gap:10px;--border-radius:10px 10px 10px 10px;box-shadow:0px 4px 6px 0px rgba(177, 182, 190, 0.25);}.elementor-154779 .elementor-element.elementor-element-658edc4:not(.elementor-motion-effects-element-type-background), .elementor-154779 .elementor-element.elementor-element-658edc4 > .elementor-motion-effects-container > .elementor-motion-effects-layer{background-color:#E1ECF3;}.elementor-154779 .elementor-element.elementor-element-dbaaf29{--display:flex;--justify-content:center;--gap:0px 0px;--row-gap:0px;--column-gap:0px;--border-radius:10px 0px 0px 10px;--margin-top:-10px;--margin-bottom:-10px;--margin-left:-10px;--margin-right:0px;--padding-top:0px;--padding-bottom:0px;--padding-left:10px;--padding-right:10px;}.elementor-154779 .elementor-element.elementor-element-dbaaf29:not(.elementor-motion-effects-element-type-background), .elementor-154779 .elementor-element.elementor-element-dbaaf29 > .elementor-motion-effects-container > .elementor-motion-effects-layer{background-color:#FFFFFF;background-position:center center;background-repeat:no-repeat;background-size:cover;}.elementor-154779 .elementor-element.elementor-element-dbaaf29.e-con{--order:-99999 \/* order start hack *\/;--flex-grow:0;--flex-shrink:0;}.elementor-154779 .elementor-element.elementor-element-fa35788{--display:flex;--gap:0px 0px;--row-gap:0px;--column-gap:0px;}.elementor-154779 .elementor-element.elementor-element-425556c .jet-listing-dynamic-link__link{align-self:flex-start;font-size:18px;font-weight:600;line-height:20px;color:#303437;flex-direction:row;}.elementor-154779 .elementor-element.elementor-element-425556c .jet-listing-dynamic-link__link:hover{color:#225B75;}.elementor-154779 .elementor-element.elementor-element-425556c .jet-listing-dynamic-link__icon{order:-1;}.elementor-widget-jet-button .jet-button__plane-normal{background-color:var( --e-global-color-primary );}.elementor-widget-jet-button .jet-button__plane-hover{background-color:var( --e-global-color-secondary );}.elementor-widget-jet-button  .jet-button__state-normal .jet-button__label{font-family:var( --e-global-typography-primary-font-family ), Sans-serif;font-weight:var( --e-global-typography-primary-font-weight );}.elementor-widget-jet-button  .jet-button__state-hover .jet-button__label{font-family:var( --e-global-typography-primary-font-family ), Sans-serif;font-weight:var( --e-global-typography-primary-font-weight );}.elementor-154779 .elementor-element.elementor-element-c1f6025 .jet-button__container{justify-content:center;}.elementor-154779 .elementor-element.elementor-element-c1f6025 .jet-button__instance{background-color:#63AACE;border-radius:10px 10px 10px 10px;}.elementor-154779 .elementor-element.elementor-element-c1f6025 .jet-button__instance:hover{background-color:var( --e-global-color-primary );}.elementor-154779 .elementor-element.elementor-element-c1f6025 .jet-button__plane-normal{background-color:#225B75;}.elementor-154779 .elementor-element.elementor-element-c1f6025 .jet-button__plane-hover{background-color:var( --e-global-color-primary );}.elementor-154779 .elementor-element.elementor-element-c1f6025 .jet-button__state-normal .jet-button__label{text-align:left;}.elementor-154779 .elementor-element.elementor-element-c1f6025 .jet-button__state-hover .jet-button__label{text-align:left;}.elementor-154779 .elementor-element.elementor-element-c1f6025  .jet-button__state-normal .jet-button__label{font-size:14px;}.elementor-154779 .elementor-element.elementor-element-c1f6025  .jet-button__state-hover .jet-button__label{font-size:14px;}.elementor-154779 .elementor-element.elementor-element-c1f6025 > .elementor-widget-container{margin:20px 0px 0px 0px;}.elementor-154779 .elementor-element.elementor-element-c1f6025.elementor-element{--align-self:flex-start;}@media(min-width:768px){.elementor-154779 .elementor-element.elementor-element-dbaaf29{--width:40%;}.elementor-154779 .elementor-element.elementor-element-fa35788{--width:60%;}}@media(max-width:767px){.elementor-154779 .elementor-element.elementor-element-658edc4{--padding-top:-5px;--padding-bottom:-5px;--padding-left:-5px;--padding-right:-5px;}.elementor-154779 .elementor-element.elementor-element-dbaaf29{--min-height:210px;--border-radius:10px 10px 0px 0px;--margin-top:0px;--margin-bottom:0px;--margin-left:0px;--margin-right:0px;--padding-top:0px;--padding-bottom:0px;--padding-left:0px;--padding-right:0px;}.elementor-154779 .elementor-element.elementor-element-c1f6025 .jet-button__instance{width:1000px;margin:10px 0px 0px 0px;border-radius:10px 10px 10px 10px;}.elementor-154779 .elementor-element.elementor-element-c1f6025 .jet-button__state-normal{justify-content:center;}.elementor-154779 .elementor-element.elementor-element-c1f6025 .jet-button__state-hover{justify-content:center;}.elementor-154779 .elementor-element.elementor-element-c1f6025 .jet-button__instance--icon-top .jet-button__state-normal{align-items:center;justify-content:center;}.elementor-154779 .elementor-element.elementor-element-c1f6025 .jet-button__instance--icon-top .jet-button__state-hover{align-items:center;justify-content:center;}.elementor-154779 .elementor-element.elementor-element-c1f6025 .jet-button__instance--icon-bottom .jet-button__state-normal{align-items:center;justify-content:center;}.elementor-154779 .elementor-element.elementor-element-c1f6025 .jet-button__instance--icon-bottom .jet-button__state-hover{align-items:center;justify-content:center;}.elementor-154779 .elementor-element.elementor-element-c1f6025 > .elementor-widget-container{margin:0px 0px 0px 0px;}.elementor-154779 .elementor-element.elementor-element-c1f6025.elementor-element{--align-self:stretch;}}<\/style><div class=\"jet-listing-grid__item jet-listing-dynamic-post-147355 jet-equal-columns\" data-post-id=\"147355\"  ><style type=\"text\/css\">.jet-listing-dynamic-post-147355 .elementor-element.elementor-element-dbaaf29:not(.elementor-motion-effects-element-type-background), .jet-listing-dynamic-post-147355 .elementor-element.elementor-element-dbaaf29 > .elementor-motion-effects-container > .elementor-motion-effects-layer{background-image:url(\"https:\/\/medclinics.com\/wp-content\/uploads\/2024\/03\/istanbul-city.jpg\");}<\/style>\t\t<div data-elementor-type=\"jet-listing-items\" data-elementor-id=\"154779\" class=\"elementor elementor-154779 elementor-154744\" data-elementor-post-type=\"jet-engine\">\n\t\t\t\t<div class=\"elementor-element elementor-element-658edc4 e-con-full e-flex e-con e-parent\" data-id=\"658edc4\" data-element_type=\"container\" data-e-type=\"container\" data-settings=\"{&quot;background_background&quot;:&quot;classic&quot;,&quot;jet_parallax_layout_list&quot;:[]}\">\n\t\t<div class=\"elementor-element elementor-element-dbaaf29 e-con-full e-flex e-con e-child\" data-id=\"dbaaf29\" data-element_type=\"container\" data-e-type=\"container\" data-settings=\"{&quot;background_background&quot;:&quot;classic&quot;,&quot;jet_parallax_layout_list&quot;:[]}\">\n\t\t\t\t<\/div>\n\t\t<div class=\"elementor-element elementor-element-fa35788 e-con-full e-flex e-con e-child\" data-id=\"fa35788\" data-element_type=\"container\" data-e-type=\"container\" data-settings=\"{&quot;jet_parallax_layout_list&quot;:[]}\">\n\t\t\t\t<div class=\"elementor-element elementor-element-425556c elementor-widget elementor-widget-jet-listing-dynamic-link\" data-id=\"425556c\" data-element_type=\"widget\" data-e-type=\"widget\" data-widget_type=\"jet-listing-dynamic-link.default\">\n\t\t\t\t<div class=\"elementor-widget-container\">\n\t\t\t\t\t<a href=\"https:\/\/medclinics.com\/tr\/suni-dollenme-ivf-istanbul-turkiye-en-iyi-klinikler-fiyatlar-cerrahlar-ve-basari-oranlari\/\" class=\"jet-listing-dynamic-link__link\">Suni d\u00f6llenme &#8211; IVF \u0130stanbul, T\u00fcrkiye | En \u0130yi Klinikler, Fiyatlar, Cerrahlar ve Ba\u015far\u0131 Oranlar\u0131<\/a>\t\t\t\t<\/div>\n\t\t\t\t<\/div>\n\t\t\t\t<div class=\"elementor-element elementor-element-c1f6025 elementor-widget elementor-widget-jet-button\" data-id=\"c1f6025\" data-element_type=\"widget\" data-e-type=\"widget\" data-widget_type=\"jet-button.default\">\n\t\t\t\t<div class=\"elementor-widget-container\">\n\t\t\t\t\t<div class=\"elementor-jet-button jet-elements\"><div class=\"jet-button__container\">\n\t<a class=\"jet-button__instance jet-button__instance--icon-left hover-effect-0\" href=\"https:\/\/medclinics.com\/tr\/suni-dollenme-ivf-istanbul-turkiye-en-iyi-klinikler-fiyatlar-cerrahlar-ve-basari-oranlari\/\">\n\t\t<div class=\"jet-button__plane jet-button__plane-normal\"><\/div>\n\t\t<div class=\"jet-button__plane jet-button__plane-hover\"><\/div>\n\t\t<div class=\"jet-button__state jet-button__state-normal\">\n\t\t\t<span class=\"jet-button__label\">G\u00f6nderiyi G\u00f6r<\/span>\t\t<\/div>\n\t\t<div class=\"jet-button__state jet-button__state-hover\">\n\t\t\t<span class=\"jet-button__label\">G\u00f6nderiyi G\u00f6r<\/span>\t\t<\/div>\n\t<\/a>\n<\/div>\n<\/div>\t\t\t\t<\/div>\n\t\t\t\t<\/div>\n\t\t\t\t<\/div>\n\t\t\t\t<\/div>\n\t\t\t\t<\/div>\n\t\t<\/div><\/div><\/div><\/div>\n<h2 class=\"wp-block-heading\">Bizimle ileti\u015fime ge\u00e7in, hasta dan\u0131\u015fman\u0131m\u0131z s\u00fcre\u00e7 boyunca size rehberlik edecek ve tavsiyelerde bulunacakt\u0131r!<\/h2>\n\n<p>Birlikte sizin i\u00e7in en iyi \u00e7\u00f6z\u00fcm\u00fc ve <a href=\"https:\/\/medclinics.com\/tr\/tedaviler\/\" target=\"_blank\" rel=\"noreferrer noopener\">tedaviyi<\/a> bulaca\u011f\u0131z. T\u00fcm ayr\u0131nt\u0131lar\u0131 a\u00e7\u0131klayacak ve \u00f6zel ihtiya\u00e7lar\u0131n\u0131z i\u00e7in en uygun klini\u011fi bulman\u0131za yard\u0131mc\u0131 olaca\u011f\u0131z.<\/p>\n\n<p>Tercih etti\u011finiz t\u00fcp bebek tedavisini g\u00f6r\u00fc\u015fmek i\u00e7in l\u00fctfen bizimle ileti\u015fime ge\u00e7in.<\/p>\n\n<div class=\"wp-block-buttons is-layout-flex wp-block-buttons-is-layout-flex\">\n<div class=\"wp-block-button has-custom-width wp-block-button__width-100 is-style-fill\"><a class=\"wp-block-button__link has-background wp-element-button\" href=\"#requestform\" style=\"border-radius:8px;background-color:#225b75\">\u00dccretsiz Dan\u0131\u015fmanl\u0131k<\/a><\/div>\n<\/div>\n\n<p><\/p>\n","protected":false},"excerpt":{"rendered":"<p>Uzun zamand\u0131r bebek istiyorsunuz ama istedi\u011finiz sonuca ula\u015famad\u0131n\u0131z m\u0131? T\u00fcp bebek yapmay\u0131 d\u00fc\u015f\u00fcn\u00fcyor musunuz? Suni Tohumlamaya Giri\u015f Suni tohumlama karma\u015f\u0131k [&hellip;]<\/p>\n","protected":false},"author":4,"featured_media":54943,"parent":0,"menu_order":0,"comment_status":"closed","ping_status":"closed","template":"","meta":{"site-sidebar-layout":"default","site-content-layout":"","ast-site-content-layout":"default","site-content-style":"default","site-sidebar-style":"default","ast-global-header-display":"","ast-banner-title-visibility":"","ast-main-header-display":"","ast-hfb-above-header-display":"","ast-hfb-below-header-display":"","ast-hfb-mobile-header-display":"","site-post-title":"","ast-breadcrumbs-content":"","ast-featured-img":"","footer-sml-layout":"","ast-disable-related-posts":"","theme-transparent-header-meta":"","adv-header-id-meta":"","stick-header-meta":"","header-above-stick-meta":"","header-main-stick-meta":"","header-below-stick-meta":"","astra-migrate-meta-layouts":"default","ast-page-background-enabled":"default","ast-page-background-meta":{"desktop":{"background-color":"var(--ast-global-color-4)","background-image":"","background-repeat":"repeat","background-position":"center center","background-size":"auto","background-attachment":"scroll","background-type":"","background-media":"","overlay-type":"","overlay-color":"","overlay-opacity":"","overlay-gradient":""},"tablet":{"background-color":"","background-image":"","background-repeat":"repeat","background-position":"center center","background-size":"auto","background-attachment":"scroll","background-type":"","background-media":"","overlay-type":"","overlay-color":"","overlay-opacity":"","overlay-gradient":""},"mobile":{"background-color":"","background-image":"","background-repeat":"repeat","background-position":"center center","background-size":"auto","background-attachment":"scroll","background-type":"","background-media":"","overlay-type":"","overlay-color":"","overlay-opacity":"","overlay-gradient":""}},"ast-content-background-meta":{"desktop":{"background-color":"var(--ast-global-color-5)","background-image":"","background-repeat":"repeat","background-position":"center center","background-size":"auto","background-attachment":"scroll","background-type":"","background-media":"","overlay-type":"","overlay-color":"","overlay-opacity":"","overlay-gradient":""},"tablet":{"background-color":"var(--ast-global-color-5)","background-image":"","background-repeat":"repeat","background-position":"center center","background-size":"auto","background-attachment":"scroll","background-type":"","background-media":"","overlay-type":"","overlay-color":"","overlay-opacity":"","overlay-gradient":""},"mobile":{"background-color":"var(--ast-global-color-5)","background-image":"","background-repeat":"repeat","background-position":"center center","background-size":"auto","background-attachment":"scroll","background-type":"","background-media":"","overlay-type":"","overlay-color":"","overlay-opacity":"","overlay-gradient":""}},"footnotes":""},"class_list":["post-144539","page","type-page","status-publish","has-post-thumbnail","hentry"],"_links":{"self":[{"href":"https:\/\/medclinics.com\/tr\/wp-json\/wp\/v2\/pages\/144539","targetHints":{"allow":["GET"]}}],"collection":[{"href":"https:\/\/medclinics.com\/tr\/wp-json\/wp\/v2\/pages"}],"about":[{"href":"https:\/\/medclinics.com\/tr\/wp-json\/wp\/v2\/types\/page"}],"author":[{"embeddable":true,"href":"https:\/\/medclinics.com\/tr\/wp-json\/wp\/v2\/users\/4"}],"replies":[{"embeddable":true,"href":"https:\/\/medclinics.com\/tr\/wp-json\/wp\/v2\/comments?post=144539"}],"version-history":[{"count":0,"href":"https:\/\/medclinics.com\/tr\/wp-json\/wp\/v2\/pages\/144539\/revisions"}],"wp:featuredmedia":[{"embeddable":true,"href":"https:\/\/medclinics.com\/tr\/wp-json\/wp\/v2\/media\/54943"}],"wp:attachment":[{"href":"https:\/\/medclinics.com\/tr\/wp-json\/wp\/v2\/media?parent=144539"}],"curies":[{"name":"wp","href":"https:\/\/api.w.org\/{rel}","templated":true}]}}