{"id":144443,"date":"2023-04-18T14:56:31","date_gmt":"2023-04-18T14:56:31","guid":{"rendered":"https:\/\/medclinics.com\/dermal-dolgular\/"},"modified":"2024-04-06T11:47:39","modified_gmt":"2024-04-06T08:47:39","slug":"dermal-dolgular","status":"publish","type":"page","link":"https:\/\/medclinics.com\/tr\/dermal-dolgular\/","title":{"rendered":"Dermal Dolgular"},"content":{"rendered":"\n<h2 class=\"wp-block-heading\">Hacim kazand\u0131rmak ve k\u0131r\u0131\u015f\u0131kl\u0131klar\u0131 azaltmak m\u0131 istiyorsunuz? Gen\u00e7 ve yenilenmi\u015f bir g\u00f6r\u00fcn\u00fcm i\u00e7in ba\u015fvurulacak \u00e7\u00f6z\u00fcm olan dermal dolgular\u0131 d\u00fc\u015f\u00fcn\u00fcn. <\/h2>\n\n<p><strong>Bu, enjekte edilebilir dermal dolgu maddelerine ili\u015fkin eksiksiz k\u0131lavuzumuzdur.<\/strong><\/p>\n\n<p>Bu ola\u011fan\u00fcst\u00fc enjekte edilebilir tedaviler \u00e7ukur alanlar\u0131 dolgunla\u015ft\u0131rabilir, \u00e7izgileri yumu\u015fatabilir ve do\u011fal g\u00fczelli\u011finizi art\u0131rabilir. Sarkm\u0131\u015f cilde elveda deyin ve tazelenmi\u015f, daha \u0131\u015f\u0131lt\u0131l\u0131 bir size merhaba deyin. Dolgular\u0131n d\u00f6n\u00fc\u015ft\u00fcr\u00fcc\u00fc g\u00fcc\u00fcn\u00fc ke\u015ffedin ve kendinizin daha canl\u0131 bir versiyonunu kucaklay\u0131n.<\/p>\n\n<p><a href=\"https:\/\/en.wikipedia.org\/wiki\/Injectable_filler\" target=\"_blank\" rel=\"noreferrer noopener\">Dolgu maddeleri<\/a> estetik t\u0131pta uzun zamand\u0131r bilinmektedir ve plastik cerrahiye bir alternatif olarak kendilerini kan\u0131tlam\u0131\u015flard\u0131r.<br\/>Hyaluronik asit dolgular\u0131 genellikle iki sorunu ayn\u0131 anda \u00e7\u00f6zer: cerrahi m\u00fcdahale olmadan kusurlar\u0131 d\u00fczeltir ve hastan\u0131n kendi hyaluronik asit \u00fcretimini uyar\u0131r. Hyaluronik asit bazl\u0131 dermal dolgular\u0131n yo\u011funlu\u011fu de\u011fi\u015fir ve 6 aydan 1 y\u0131la kadar dayan\u0131r.<\/p>\n\n<p>MedClinics de\u011fi\u015fim yolculu\u011funda size e\u015flik edecek! Karma\u015f\u0131k olmayan hizmetten ve geni\u015f a\u011fdan yararlan\u0131n.<\/p>\n\n<p>G\u00fcl\u00fc\u015f\u00fcn\u00fcz\u00fc dudaklar\u0131n\u0131zdan asla eksik etmeyecek <a href=\"https:\/\/medclinics.com\/tr\/dudak-dolgulari\/\" target=\"_blank\" data-type=\"page\" data-id=\"89657\" rel=\"noreferrer noopener\">dudak dolgular\u0131<\/a>, \u0131\u015f\u0131lt\u0131l\u0131 bir g\u00f6r\u00fcn\u00fcm elde etmenize yard\u0131mc\u0131 olacak g\u00f6z alt\u0131 dolgular\u0131 ve sarkm\u0131\u015f yanaklar\u0131 yok edecek nazolabial dolgular hakk\u0131nda her \u015feyi okuyun. Burnunuz bile dolgu maddeleri ile yeni bir \u015fekil alabilir.<\/p>\n\n<p><strong>\u0130stanbul&#8217;da tan\u0131nm\u0131\u015f kliniklerde ve g\u00fczellik salonlar\u0131nda sertifikal\u0131 dermatologlar taraf\u0131ndan tedavi olun. \u015eimdi bize <a href=\"#request\" target=\"_blank\" rel=\"noreferrer noopener\">ula\u015f\u0131n<\/a>!<\/strong><\/p>\n\n<h2 class=\"wp-block-heading\">Bizimle ileti\u015fime ge\u00e7in, hasta dan\u0131\u015fman\u0131m\u0131z s\u00fcre\u00e7 boyunca size rehberlik edecek ve tavsiyelerde bulunacakt\u0131r!<\/h2>\n\n<p>MedClinics ile birlikte size uygun tedaviyi bulacaks\u0131n\u0131z. T\u00fcm ayr\u0131nt\u0131lar\u0131 a\u00e7\u0131klayacak ve \u00f6zel ihtiya\u00e7lar\u0131n\u0131z i\u00e7in en uygun klini\u011fi bulman\u0131za yard\u0131mc\u0131 olaca\u011f\u0131z.<\/p>\n","protected":false},"excerpt":{"rendered":"<p>Hacim kazand\u0131rmak ve k\u0131r\u0131\u015f\u0131kl\u0131klar\u0131 azaltmak m\u0131 istiyorsunuz? Gen\u00e7 ve yenilenmi\u015f bir g\u00f6r\u00fcn\u00fcm i\u00e7in ba\u015fvurulacak \u00e7\u00f6z\u00fcm olan dermal dolgular\u0131 d\u00fc\u015f\u00fcn\u00fcn. Bu, [&hellip;]<\/p>\n","protected":false},"author":4,"featured_media":161292,"parent":0,"menu_order":0,"comment_status":"closed","ping_status":"closed","template":"","meta":{"site-sidebar-layout":"default","site-content-layout":"","ast-site-content-layout":"default","site-content-style":"default","site-sidebar-style":"default","ast-global-header-display":"","ast-banner-title-visibility":"","ast-main-header-display":"","ast-hfb-above-header-display":"","ast-hfb-below-header-display":"","ast-hfb-mobile-header-display":"","site-post-title":"","ast-breadcrumbs-content":"","ast-featured-img":"","footer-sml-layout":"","ast-disable-related-posts":"","theme-transparent-header-meta":"","adv-header-id-meta":"","stick-header-meta":"","header-above-stick-meta":"","header-main-stick-meta":"","header-below-stick-meta":"","astra-migrate-meta-layouts":"default","ast-page-background-enabled":"default","ast-page-background-meta":{"desktop":{"background-color":"var(--ast-global-color-4)","background-image":"","background-repeat":"repeat","background-position":"center center","background-size":"auto","background-attachment":"scroll","background-type":"","background-media":"","overlay-type":"","overlay-color":"","overlay-opacity":"","overlay-gradient":""},"tablet":{"background-color":"","background-image":"","background-repeat":"repeat","background-position":"center center","background-size":"auto","background-attachment":"scroll","background-type":"","background-media":"","overlay-type":"","overlay-color":"","overlay-opacity":"","overlay-gradient":""},"mobile":{"background-color":"","background-image":"","background-repeat":"repeat","background-position":"center center","background-size":"auto","background-attachment":"scroll","background-type":"","background-media":"","overlay-type":"","overlay-color":"","overlay-opacity":"","overlay-gradient":""}},"ast-content-background-meta":{"desktop":{"background-color":"var(--ast-global-color-5)","background-image":"","background-repeat":"repeat","background-position":"center center","background-size":"auto","background-attachment":"scroll","background-type":"","background-media":"","overlay-type":"","overlay-color":"","overlay-opacity":"","overlay-gradient":""},"tablet":{"background-color":"var(--ast-global-color-5)","background-image":"","background-repeat":"repeat","background-position":"center center","background-size":"auto","background-attachment":"scroll","background-type":"","background-media":"","overlay-type":"","overlay-color":"","overlay-opacity":"","overlay-gradient":""},"mobile":{"background-color":"var(--ast-global-color-5)","background-image":"","background-repeat":"repeat","background-position":"center center","background-size":"auto","background-attachment":"scroll","background-type":"","background-media":"","overlay-type":"","overlay-color":"","overlay-opacity":"","overlay-gradient":""}},"footnotes":""},"class_list":["post-144443","page","type-page","status-publish","has-post-thumbnail","hentry"],"_links":{"self":[{"href":"https:\/\/medclinics.com\/tr\/wp-json\/wp\/v2\/pages\/144443","targetHints":{"allow":["GET"]}}],"collection":[{"href":"https:\/\/medclinics.com\/tr\/wp-json\/wp\/v2\/pages"}],"about":[{"href":"https:\/\/medclinics.com\/tr\/wp-json\/wp\/v2\/types\/page"}],"author":[{"embeddable":true,"href":"https:\/\/medclinics.com\/tr\/wp-json\/wp\/v2\/users\/4"}],"replies":[{"embeddable":true,"href":"https:\/\/medclinics.com\/tr\/wp-json\/wp\/v2\/comments?post=144443"}],"version-history":[{"count":0,"href":"https:\/\/medclinics.com\/tr\/wp-json\/wp\/v2\/pages\/144443\/revisions"}],"wp:featuredmedia":[{"embeddable":true,"href":"https:\/\/medclinics.com\/tr\/wp-json\/wp\/v2\/media\/161292"}],"wp:attachment":[{"href":"https:\/\/medclinics.com\/tr\/wp-json\/wp\/v2\/media?parent=144443"}],"curies":[{"name":"wp","href":"https:\/\/api.w.org\/{rel}","templated":true}]}}