{"id":144437,"date":"2023-04-18T15:31:17","date_gmt":"2023-04-18T12:31:17","guid":{"rendered":"https:\/\/medclinics.com\/cilt-yenileme-tedavisi\/"},"modified":"2025-01-29T13:15:27","modified_gmt":"2025-01-29T10:15:27","slug":"cilt-yenileme-tedavisi","status":"publish","type":"page","link":"https:\/\/medclinics.com\/tr\/cilt-yenileme-tedavisi\/","title":{"rendered":"Cilt yenileme tedavisi"},"content":{"rendered":"\n<h2 class=\"wp-block-heading\">Modern cilt yenileme tekniklerini kullanarak kusursuz cildin s\u0131rlar\u0131n\u0131 ke\u015ffedin!<\/h2>\n\n<figure class=\"wp-block-image size-full\"><img fetchpriority=\"high\" decoding=\"async\" width=\"1000\" height=\"700\" src=\"https:\/\/medclinics.com\/wp-content\/uploads\/2023\/04\/skin-care-2.jpg\" alt=\"T&#xFC;rkiye'de &#x130;stanbul'da Cilt Yenileme\" class=\"wp-image-47821\" srcset=\"https:\/\/medclinics.com\/wp-content\/uploads\/2023\/04\/skin-care-2.jpg 1000w, https:\/\/medclinics.com\/wp-content\/uploads\/2023\/04\/skin-care-2-500x350.jpg 500w, https:\/\/medclinics.com\/wp-content\/uploads\/2023\/04\/skin-care-2-768x538.jpg 768w\" sizes=\"(max-width: 1000px) 100vw, 1000px\" \/><\/figure>\n\n<p>Cildin yenilenmesi, cilt bak\u0131m\u0131 alan\u0131nda her zaman kilit bir konu olmu\u015ftur. Teknolojik ilerlemelerle birlikte, cildi canland\u0131rmak ve gen\u00e7 bir cilt g\u00f6r\u00fcn\u00fcm\u00fcn\u00fc art\u0131rmak i\u00e7in yeni teknikler geli\u015ftirilmektedir.<\/p>\n\n<p>G\u00fcn\u00fcm\u00fczde cilt yenileme i\u00e7in kullan\u0131lan \u00e7e\u015fitli teknikler vard\u0131r. \u00d6rne\u011fin <a href=\"https:\/\/medclinics.com\/tr\/kimyasal-peeling\/\" data-type=\"page\" data-id=\"93269\">kimyasal peeling<\/a>, cildin d\u0131\u015f tabakas\u0131n\u0131 \u00e7\u0131karmak i\u00e7in kimyasallar kullan\u0131r. Bu, alttaki daha p\u00fcr\u00fczs\u00fcz cildi ortaya \u00e7\u0131kar\u0131r.<\/p>\n\n<p>Mikrodermabrazyonun <a href=\"https:\/\/pubmed.ncbi.nlm.nih.gov\/?term=collagen\" target=\"_blank\" rel=\"noreferrer noopener\">kolajen<\/a> \u00fcretimini uyard\u0131\u011f\u0131 s\u00f6ylenmektedir. Ayn\u0131 zamanda \u00f6l\u00fc h\u00fccreler de uzakla\u015ft\u0131r\u0131l\u0131r. Bu, ince \u00e7izgilerin, k\u0131r\u0131\u015f\u0131kl\u0131klar\u0131n veya g\u00fcne\u015f hasar\u0131n\u0131n azalmas\u0131yla sonu\u00e7lanabilir.<\/p>\n\n<figure class=\"wp-block-image size-large\"><img decoding=\"async\" width=\"1024\" height=\"683\" src=\"https:\/\/medclinics.com\/wp-content\/uploads\/2025\/01\/Adsiz-tasarim-4-1024x683.jpg\" alt=\"&#x130;stanbul'da Cilt Yenileme Tedavisi 2025\" class=\"wp-image-173521\" srcset=\"https:\/\/medclinics.com\/wp-content\/uploads\/2025\/01\/Adsiz-tasarim-4-1024x683.jpg 1024w, https:\/\/medclinics.com\/wp-content\/uploads\/2025\/01\/Adsiz-tasarim-4-300x200.jpg 300w, https:\/\/medclinics.com\/wp-content\/uploads\/2025\/01\/Adsiz-tasarim-4-768x512.jpg 768w, https:\/\/medclinics.com\/wp-content\/uploads\/2025\/01\/Adsiz-tasarim-4.jpg 1200w\" sizes=\"(max-width: 1024px) 100vw, 1024px\" \/><\/figure>\n\n<p>Akne izleri veya d\u00fczensiz cilt tonu lazer yenileme ile tedavi edilir. Bu ayn\u0131 zamanda hasarl\u0131 cilt katmanlar\u0131n\u0131 ortadan kald\u0131r\u0131r ve yeni h\u00fccrelerin b\u00fcy\u00fcmesini destekler.<\/p>\n\n<p><a href=\"https:\/\/medclinics.com\/tr\/morpheus8-2\/\" target=\"_blank\" data-type=\"page\" data-id=\"89799\" rel=\"noreferrer noopener\">Morpheus8<\/a> gibi Microneedling, ciltte k\u00fc\u00e7\u00fck delikler a\u00e7mak ve elastin ve kolajeni uyarmak i\u00e7in k\u00fc\u00e7\u00fck i\u011fneler kullan\u0131r. Bu, yara izini azalt\u0131r ve ince \u00e7izgiler ve k\u0131r\u0131\u015f\u0131kl\u0131klar geriler.<\/p>\n\n<p>Radyofrekans tedavileri daha gen\u00e7 bir g\u00f6r\u00fcn\u00fcm i\u00e7in cildin daha derin katmanlar\u0131n\u0131 \u0131s\u0131t\u0131r ve s\u0131k\u0131la\u015ft\u0131r\u0131r.<\/p>\n\n<h2 class=\"wp-block-heading\">Bizimle ileti\u015fime ge\u00e7in, hasta dan\u0131\u015fman\u0131m\u0131z s\u00fcre\u00e7 boyunca size rehberlik edecek ve tavsiyelerde bulunacakt\u0131r!<\/h2>\n\n<p>MedClinics ile birlikte size uygun tedaviyi bulacaks\u0131n\u0131z. T\u00fcm ayr\u0131nt\u0131lar\u0131 a\u00e7\u0131klayacak ve \u00f6zel ihtiya\u00e7lar\u0131n\u0131z i\u00e7in en uygun klini\u011fi bulman\u0131za yard\u0131mc\u0131 olaca\u011f\u0131z.<\/p>\n","protected":false},"excerpt":{"rendered":"<p>Modern cilt yenileme tekniklerini kullanarak kusursuz cildin s\u0131rlar\u0131n\u0131 ke\u015ffedin! Cildin yenilenmesi, cilt bak\u0131m\u0131 alan\u0131nda her zaman kilit bir konu olmu\u015ftur. [&hellip;]<\/p>\n","protected":false},"author":4,"featured_media":53446,"parent":0,"menu_order":0,"comment_status":"closed","ping_status":"closed","template":"","meta":{"site-sidebar-layout":"default","site-content-layout":"","ast-site-content-layout":"default","site-content-style":"default","site-sidebar-style":"default","ast-global-header-display":"","ast-banner-title-visibility":"","ast-main-header-display":"","ast-hfb-above-header-display":"","ast-hfb-below-header-display":"","ast-hfb-mobile-header-display":"","site-post-title":"","ast-breadcrumbs-content":"","ast-featured-img":"","footer-sml-layout":"","ast-disable-related-posts":"","theme-transparent-header-meta":"","adv-header-id-meta":"","stick-header-meta":"","header-above-stick-meta":"","header-main-stick-meta":"","header-below-stick-meta":"","astra-migrate-meta-layouts":"default","ast-page-background-enabled":"default","ast-page-background-meta":{"desktop":{"background-color":"var(--ast-global-color-4)","background-image":"","background-repeat":"repeat","background-position":"center center","background-size":"auto","background-attachment":"scroll","background-type":"","background-media":"","overlay-type":"","overlay-color":"","overlay-opacity":"","overlay-gradient":""},"tablet":{"background-color":"","background-image":"","background-repeat":"repeat","background-position":"center center","background-size":"auto","background-attachment":"scroll","background-type":"","background-media":"","overlay-type":"","overlay-color":"","overlay-opacity":"","overlay-gradient":""},"mobile":{"background-color":"","background-image":"","background-repeat":"repeat","background-position":"center center","background-size":"auto","background-attachment":"scroll","background-type":"","background-media":"","overlay-type":"","overlay-color":"","overlay-opacity":"","overlay-gradient":""}},"ast-content-background-meta":{"desktop":{"background-color":"var(--ast-global-color-5)","background-image":"","background-repeat":"repeat","background-position":"center center","background-size":"auto","background-attachment":"scroll","background-type":"","background-media":"","overlay-type":"","overlay-color":"","overlay-opacity":"","overlay-gradient":""},"tablet":{"background-color":"var(--ast-global-color-5)","background-image":"","background-repeat":"repeat","background-position":"center center","background-size":"auto","background-attachment":"scroll","background-type":"","background-media":"","overlay-type":"","overlay-color":"","overlay-opacity":"","overlay-gradient":""},"mobile":{"background-color":"var(--ast-global-color-5)","background-image":"","background-repeat":"repeat","background-position":"center center","background-size":"auto","background-attachment":"scroll","background-type":"","background-media":"","overlay-type":"","overlay-color":"","overlay-opacity":"","overlay-gradient":""}},"footnotes":""},"class_list":["post-144437","page","type-page","status-publish","has-post-thumbnail","hentry"],"_links":{"self":[{"href":"https:\/\/medclinics.com\/tr\/wp-json\/wp\/v2\/pages\/144437","targetHints":{"allow":["GET"]}}],"collection":[{"href":"https:\/\/medclinics.com\/tr\/wp-json\/wp\/v2\/pages"}],"about":[{"href":"https:\/\/medclinics.com\/tr\/wp-json\/wp\/v2\/types\/page"}],"author":[{"embeddable":true,"href":"https:\/\/medclinics.com\/tr\/wp-json\/wp\/v2\/users\/4"}],"replies":[{"embeddable":true,"href":"https:\/\/medclinics.com\/tr\/wp-json\/wp\/v2\/comments?post=144437"}],"version-history":[{"count":0,"href":"https:\/\/medclinics.com\/tr\/wp-json\/wp\/v2\/pages\/144437\/revisions"}],"wp:featuredmedia":[{"embeddable":true,"href":"https:\/\/medclinics.com\/tr\/wp-json\/wp\/v2\/media\/53446"}],"wp:attachment":[{"href":"https:\/\/medclinics.com\/tr\/wp-json\/wp\/v2\/media?parent=144437"}],"curies":[{"name":"wp","href":"https:\/\/api.w.org\/{rel}","templated":true}]}}